{"id":1097,"date":"2024-05-07T04:52:19","date_gmt":"2024-05-07T03:52:19","guid":{"rendered":"https:\/\/sxpowercase.com\/?post_type=product&#038;p=1097"},"modified":"2025-02-19T22:45:15","modified_gmt":"2025-02-20T06:45:15","slug":"mixer-flight-case","status":"publish","type":"product","link":"https:\/\/sxflightcase.com\/it\/prodotto\/custodia-per-mixer\/","title":{"rendered":"Custodia di volo per mixer SX: Protezione definitiva per il vostro mixer DJ | Personalizzabile e resistente"},"content":{"rendered":"<h3><strong>Proteggi il tuo mixer con la custodia da volo SX Mixer<\/strong><\/h3>\n<p>Quando \u00e8 necessario spostare l'attrezzatura per DJ, <strong>Sx<\/strong> \u00e8 qui per aiutarvi. Il nostro <a href=\"https:\/\/sxpowercase.com\/product\/19-rackmount-mixer-flight-cases\/\"><strong>Custodia da viaggio per mixer <\/strong><\/a>sono fatti per tenere al sicuro il vostro mixer. Sono perfetti per i viaggi o per l'allestimento di uno spettacolo.<\/p>\n<h3><strong>Perch\u00e9 scegliere il Flight Case del mixer SX?<\/strong><\/h3>\n<ol>\n<li><strong>Protezione superiore per il tuo mixer<\/strong><br \/>\nI nostri casi hanno <strong>telai in alluminio<\/strong>, <strong>compensato ignifugo da 9 mm<\/strong>, E <strong>hardware di standard industriale<\/strong>. Sono resistenti alla strada. Gli angoli sono rinforzati e le chiusure sono sicure, cos\u00ec il vostro mixer rimane al sicuro.<\/li>\n<li><strong>Soluzioni personalizzate per il tuo mixer<\/strong><br \/>\nOgni mixer \u00e8 diverso, cos\u00ec come i nostri casi. Possiamo realizzare un <strong>custodia perfetta e personalizzata<\/strong> per le vostre apparecchiature, sia che si tratti di un mixer che di diversi.<\/li>\n<li><strong>Aumenta l&#039;efficienza della tua attivit\u00e0<\/strong><br \/>\nLe nostre custodie mantengono il mixer al sicuro e organizzato. In questo modo potrete concentrarvi sulle vostre performance e non sulla riparazione di apparecchiature rotte. Sarete pi\u00f9 produttivi, farete pi\u00f9 concerti e guadagnerete di pi\u00f9.<\/li>\n<li><strong>Massimizza i tuoi profitti<\/strong><br \/>\nL'acquisto di custodie per mixer SX \u00e8 una scelta intelligente per la vostra azienda. Permettono di risparmiare denaro evitando riparazioni e sostituzioni. Inoltre, potrete accettare pi\u00f9 concerti, il che significa pi\u00f9 soldi per voi.<\/li>\n<li><strong>Qualit\u00e0 e servizio eccezionali<\/strong><br \/>\nNoi di SX ci occupiamo di <strong>qualit\u00e0 eccezionale<\/strong> E <strong>servizio clienti<\/strong>. Lavoriamo con voi dall'inizio alla fine per assicurarci che siate soddisfatti.<\/li>\n<\/ol>\n<h3><strong>Caratteristiche principali:<\/strong><\/h3>\n<ul>\n<li><strong>Materiale:<\/strong> Telaio in alluminio + compensato ignifugo da 9 mm<\/li>\n<li><strong>Interni:<\/strong> Piano di scorrimento per un facile accesso<\/li>\n<li><strong>Hardware:<\/strong> Ferramenta di standard industriale, tra cui angoli a sfera impilabili, chiusure incassate con lucchetti e maniglie robuste<\/li>\n<li><strong>Personalizzazione:<\/strong> Scegliete lo stile, il colore, le dimensioni e i materiali della custodia in base alle vostre esigenze.<\/li>\n<li><strong>Imballaggio:<\/strong> Sacchetto a bolle d'aria + cartone esterno per una consegna sicura<\/li>\n<\/ul>\n<h3><strong>Potenziate la vostra configurazione da DJ con la custodia per mixer SX<\/strong><\/h3>\n<p>Non lasciate che il vostro mixer si danneggi durante il viaggio. Con il mixer SX <a href=\"https:\/\/sxpowercase.com\/product\/rack-case-12u-flight-cases\/\">Custodie da volo<\/a>, \u00e8 possibile:<\/p>\n<ul>\n<li><strong>Proteggete il vostro prezioso mixer<\/strong> da danni durante il trasporto.<\/li>\n<li><strong>Rimanere organizzati<\/strong> e pronto per ogni concerto.<\/li>\n<li><strong>Aumentare i profitti<\/strong> affrontando con fiducia un maggior numero di progetti.<\/li>\n<\/ul>\n<h3><strong>Domande frequenti<\/strong><\/h3>\n<p><strong>D: SX pu\u00f2 personalizzare le custodie dei mixer per modelli specifici?<\/strong><br \/>\nR: S\u00ec, offriamo soluzioni personalizzate su misura per adattarsi perfettamente al tuo mixer.<\/p>\n<p><strong>D: Le custodie per mixer SX sono adatte sia ai DJ professionisti che a quelli amatoriali?<\/strong><br \/>\nR: Assolutamente! I nostri mixer case sono progettati per soddisfare le esigenze dei DJ di tutti i livelli di abilit\u00e0.<\/p>\n<p><strong>D: Quanto tempo ci vuole per ricevere una custodia per mixer personalizzata da SX?<\/strong><br \/>\nR: I tempi di consegna variano in base alla complessit\u00e0 del caso e al nostro carico di lavoro attuale. Contattateci per conoscere le tempistiche di consegna specifiche.<\/p>\n<p><strong>D: Le custodie dei mixer SX sono coperte da garanzia?<\/strong><br \/>\nR: S\u00ec, le nostre custodie sono coperte da garanzia per una maggiore tranquillit\u00e0.<\/p>\n<p><strong>D: Posso ordinare all&#039;ingrosso casse per mixer da SX?<\/strong><br \/>\nR: S\u00ec, possiamo accettare ordini all'ingrosso. Contattateci per conoscere i prezzi e la disponibilit\u00e0.<\/p>\n<h3><strong>Ordinate oggi stesso il vostro Flight Case per mixer personalizzato!<\/strong><\/h3>\n<p>Siete pronti a proteggere il vostro mixer con i flight case premium di SX? Contattateci ora per progettare la vostra soluzione personalizzata.<\/p>\n<p><strong>Ottieni l&#039;accesso ora:<\/strong> <a href=\"https:\/\/sxpowercase.com\/contact-us\/\" target=\"_blank\" rel=\"noopener noreferrer\">https:\/\/sxpowercase.com\/contact-us\/<\/a><\/p>\n<h3><strong>Tag caldi:<\/strong><\/h3>\n<p>Prezzo basso, in stock, campione gratuito, cavo di alimentazione e di segnale, filo a 4 conduttori di calibro 16, custodia per supporto microfonico, armadietto per display a LED per esterni, montaggio a rack, scatola di distribuzione elettrica, Cina, fornitori, fabbrica, personalizzati, all'ingrosso, scatole di alimentazione, cavi di alimentazione, controllori di sollevamento, flight case.<\/p>","protected":false},"excerpt":{"rendered":"<h2 id=\"ali-title-AliPostDhMb-smk2m\"><span data-spm-anchor-id=\"a2700.details.0.i67.3f0523687cJVAX\">Descrizione del prodotto<\/span><\/h2>\n<div>\n<p>Custodia per lettore CD mixer DJ professionale, con 2 vani per giradischi e un vano per mixer, parte superiore inclinata scorrevole, angoli sferici impilabili e fori per cavi di alimentazione, dotata anche di luce LED all&#039;interno, fornisce una protezione affidabile e pratica per le apparecchiature ed \u00e8 comoda da usare.<\/p>\n<h2>Caratteristiche principali:<\/h2>\n<ul>\n<li>\u00a0 \u00a0Estrusioni di compensato e alluminio da 9 mm resistenti<\/li>\n<li>\u00a0 \u00a0Hardware standard industriale<\/li>\n<li>\u00a0 \u00a0Rivestimento in schiuma (selezionabile)<\/li>\n<li>\u00a0 \u00a0Maniglie di trasporto incassate<\/li>\n<li>\u00a0 \u00a0Ruote di trasporto integrate<\/li>\n<\/ul>\n<\/div>","protected":false},"featured_media":1101,"comment_status":"open","ping_status":"closed","template":"","meta":[],"product_brand":[],"product_cat":[41],"product_tag":[],"class_list":{"0":"post-1097","1":"product","2":"type-product","3":"status-publish","4":"has-post-thumbnail","6":"product_cat-equipment-cases","8":"first","9":"instock","10":"shipping-taxable","11":"product-type-simple"},"yoast_head":"<!-- This site is optimized with the Yoast SEO Premium plugin v27.1 (Yoast SEO v27.2) - https:\/\/yoast.com\/product\/yoast-seo-premium-wordpress\/ -->\n<title>SX Mixer Flight Case: Ultimate Protection for Your DJ Mixer | Customizable &amp; Durable - https:\/\/sxflightcase.com \ud83d\udc97<\/title>\n<meta name=\"description\" content=\"mixer flight case: Explore factory-direct sales and professional customization for the ultimate protection of your equipment.\" \/>\n<meta name=\"robots\" content=\"index, follow, max-snippet:-1, max-image-preview:large, max-video-preview:-1\" \/>\n<link rel=\"canonical\" href=\"https:\/\/sxflightcase.com\/it\/\u88fd\u54c1\/\u30df\u30ad\u30b5\u30fc\u30d5\u30e9\u30a4\u30c8\u30b1\u30fc\u30b9\/\" \/>\n<meta property=\"og:locale\" content=\"it_IT\" \/>\n<meta property=\"og:type\" content=\"article\" \/>\n<meta property=\"og:title\" content=\"SX Mixer Flight Case: Ultimate Protection for Your DJ Mixer | Customizable &amp; Durable\" \/>\n<meta property=\"og:description\" content=\"mixer flight case: Explore factory-direct sales and professional customization for the ultimate protection of your equipment.\" \/>\n<meta property=\"og:url\" content=\"https:\/\/sxflightcase.com\/it\/\u88fd\u54c1\/\u30df\u30ad\u30b5\u30fc\u30d5\u30e9\u30a4\u30c8\u30b1\u30fc\u30b9\/\" \/>\n<meta property=\"og:site_name\" content=\"https:\/\/sxflightcase.com\" \/>\n<meta property=\"article:publisher\" content=\"https:\/\/www.facebook.com\/profile.php?id=61560407257971\" \/>\n<meta property=\"article:modified_time\" content=\"2025-02-20T06:45:15+00:00\" \/>\n<meta property=\"og:image\" content=\"https:\/\/sxflightcase.com\/wp-content\/uploads\/2024\/05\/1714984324343.jpg\" \/>\n\t<meta property=\"og:image:width\" content=\"750\" \/>\n\t<meta property=\"og:image:height\" content=\"750\" \/>\n\t<meta property=\"og:image:type\" content=\"image\/jpeg\" \/>\n<meta name=\"twitter:card\" content=\"summary_large_image\" \/>\n<meta name=\"twitter:label1\" content=\"Tempo di lettura stimato\" \/>\n\t<meta name=\"twitter:data1\" content=\"4 minuti\" \/>\n<script type=\"application\/ld+json\" class=\"yoast-schema-graph\">{\"@context\":\"https:\/\/schema.org\",\"@graph\":[{\"@type\":\"WebPage\",\"@id\":\"https:\/\/sxflightcase.com\/ja\/\u88fd\u54c1\/\u30df\u30ad\u30b5\u30fc\u30d5\u30e9\u30a4\u30c8\u30b1\u30fc\u30b9\/\",\"url\":\"https:\/\/sxflightcase.com\/ja\/\u88fd\u54c1\/\u30df\u30ad\u30b5\u30fc\u30d5\u30e9\u30a4\u30c8\u30b1\u30fc\u30b9\/\",\"name\":\"SX Mixer Flight Case: Ultimate Protection for Your DJ Mixer | Customizable & Durable - https:\/\/sxflightcase.com \ud83d\udc97\",\"isPartOf\":{\"@id\":\"https:\/\/sxflightcase.com\/th\/#website\"},\"primaryImageOfPage\":{\"@id\":\"https:\/\/sxflightcase.com\/ja\/\u88fd\u54c1\/\u30df\u30ad\u30b5\u30fc\u30d5\u30e9\u30a4\u30c8\u30b1\u30fc\u30b9\/#primaryimage\"},\"image\":{\"@id\":\"https:\/\/sxflightcase.com\/ja\/\u88fd\u54c1\/\u30df\u30ad\u30b5\u30fc\u30d5\u30e9\u30a4\u30c8\u30b1\u30fc\u30b9\/#primaryimage\"},\"thumbnailUrl\":\"https:\/\/sxflightcase.com\/wp-content\/uploads\/2024\/05\/1714984324343.jpg\",\"datePublished\":\"2024-05-07T03:52:19+00:00\",\"dateModified\":\"2025-02-20T06:45:15+00:00\",\"description\":\"mixer flight case: Explore factory-direct sales and professional customization for the ultimate protection of your equipment.\",\"breadcrumb\":{\"@id\":\"https:\/\/sxflightcase.com\/ja\/\u88fd\u54c1\/\u30df\u30ad\u30b5\u30fc\u30d5\u30e9\u30a4\u30c8\u30b1\u30fc\u30b9\/#breadcrumb\"},\"inLanguage\":\"it-IT\",\"potentialAction\":[{\"@type\":\"ReadAction\",\"target\":[\"https:\/\/sxflightcase.com\/ja\/\u88fd\u54c1\/\u30df\u30ad\u30b5\u30fc\u30d5\u30e9\u30a4\u30c8\u30b1\u30fc\u30b9\/\"]}]},{\"@type\":\"ImageObject\",\"inLanguage\":\"it-IT\",\"@id\":\"https:\/\/sxflightcase.com\/ja\/\u88fd\u54c1\/\u30df\u30ad\u30b5\u30fc\u30d5\u30e9\u30a4\u30c8\u30b1\u30fc\u30b9\/#primaryimage\",\"url\":\"https:\/\/sxflightcase.com\/wp-content\/uploads\/2024\/05\/1714984324343.jpg\",\"contentUrl\":\"https:\/\/sxflightcase.com\/wp-content\/uploads\/2024\/05\/1714984324343.jpg\",\"width\":750,\"height\":750,\"caption\":\"mixer flight case\"},{\"@type\":\"BreadcrumbList\",\"@id\":\"https:\/\/sxflightcase.com\/ja\/\u88fd\u54c1\/\u30df\u30ad\u30b5\u30fc\u30d5\u30e9\u30a4\u30c8\u30b1\u30fc\u30b9\/#breadcrumb\",\"itemListElement\":[{\"@type\":\"ListItem\",\"position\":1,\"name\":\"Home\",\"item\":\"https:\/\/sxflightcase.com\/\"},{\"@type\":\"ListItem\",\"position\":2,\"name\":\"\u0e2a\u0e34\u0e19\u0e04\u0e49\u0e32\",\"item\":\"https:\/\/sxflightcase.com\/th\/shop\/\"},{\"@type\":\"ListItem\",\"position\":3,\"name\":\"SX Mixer Flight Case: Ultimate Protection for Your DJ Mixer | Customizable &#038; Durable\"}]},{\"@type\":\"WebSite\",\"@id\":\"https:\/\/sxflightcase.com\/th\/#website\",\"url\":\"https:\/\/sxflightcase.com\/th\/\",\"name\":\"sxpowercase.com\",\"description\":\"Flight Case Factory\",\"publisher\":{\"@id\":\"https:\/\/sxflightcase.com\/th\/#organization\"},\"potentialAction\":[{\"@type\":\"SearchAction\",\"target\":{\"@type\":\"EntryPoint\",\"urlTemplate\":\"https:\/\/sxflightcase.com\/th\/?s={search_term_string}\"},\"query-input\":{\"@type\":\"PropertyValueSpecification\",\"valueRequired\":true,\"valueName\":\"search_term_string\"}}],\"inLanguage\":\"it-IT\"},{\"@type\":\"Organization\",\"@id\":\"https:\/\/sxflightcase.com\/th\/#organization\",\"name\":\"sxpowercase.com\",\"url\":\"https:\/\/sxflightcase.com\/th\/\",\"logo\":{\"@type\":\"ImageObject\",\"inLanguage\":\"it-IT\",\"@id\":\"https:\/\/sxflightcase.com\/th\/#\/schema\/logo\/image\/\",\"url\":\"https:\/\/sxflightcase.com\/wp-content\/uploads\/2024\/04\/1713919036007.jpg\",\"contentUrl\":\"https:\/\/sxflightcase.com\/wp-content\/uploads\/2024\/04\/1713919036007.jpg\",\"width\":382,\"height\":388,\"caption\":\"sxpowercase.com\"},\"image\":{\"@id\":\"https:\/\/sxflightcase.com\/th\/#\/schema\/logo\/image\/\"},\"sameAs\":[\"https:\/\/www.facebook.com\/profile.php?id=61560407257971\"],\"numberOfEmployees\":{\"@type\":\"QuantitativeValue\",\"minValue\":\"11\",\"maxValue\":\"50\"}}]}<\/script>\n<!-- \/ Yoast SEO Premium plugin. -->","yoast_head_json":{"title":"SX Mixer Flight Case: Ultimate Protection for Your DJ Mixer | Customizable & Durable - https:\/\/sxflightcase.com \ud83d\udc97","description":"Flight case per mixer: scopri la vendita diretta in fabbrica e la personalizzazione professionale per la massima protezione della tua attrezzatura.","robots":{"index":"index","follow":"follow","max-snippet":"max-snippet:-1","max-image-preview":"max-image-preview:large","max-video-preview":"max-video-preview:-1"},"canonical":"https:\/\/sxflightcase.com\/it\/\u88fd\u54c1\/\u30df\u30ad\u30b5\u30fc\u30d5\u30e9\u30a4\u30c8\u30b1\u30fc\u30b9\/","og_locale":"it_IT","og_type":"article","og_title":"SX Mixer Flight Case: Ultimate Protection for Your DJ Mixer | Customizable & Durable","og_description":"mixer flight case: Explore factory-direct sales and professional customization for the ultimate protection of your equipment.","og_url":"https:\/\/sxflightcase.com\/it\/\u88fd\u54c1\/\u30df\u30ad\u30b5\u30fc\u30d5\u30e9\u30a4\u30c8\u30b1\u30fc\u30b9\/","og_site_name":"https:\/\/sxflightcase.com","article_publisher":"https:\/\/www.facebook.com\/profile.php?id=61560407257971","article_modified_time":"2025-02-20T06:45:15+00:00","og_image":[{"width":750,"height":750,"url":"https:\/\/sxflightcase.com\/wp-content\/uploads\/2024\/05\/1714984324343.jpg","type":"image\/jpeg"}],"twitter_card":"summary_large_image","twitter_misc":{"Tempo di lettura stimato":"4 minuti"},"schema":{"@context":"https:\/\/schema.org","@graph":[{"@type":"WebPage","@id":"https:\/\/sxflightcase.com\/ja\/\u88fd\u54c1\/\u30df\u30ad\u30b5\u30fc\u30d5\u30e9\u30a4\u30c8\u30b1\u30fc\u30b9\/","url":"https:\/\/sxflightcase.com\/ja\/\u88fd\u54c1\/\u30df\u30ad\u30b5\u30fc\u30d5\u30e9\u30a4\u30c8\u30b1\u30fc\u30b9\/","name":"SX Mixer Flight Case: Ultimate Protection for Your DJ Mixer | Customizable & Durable - https:\/\/sxflightcase.com \ud83d\udc97","isPartOf":{"@id":"https:\/\/sxflightcase.com\/th\/#website"},"primaryImageOfPage":{"@id":"https:\/\/sxflightcase.com\/ja\/\u88fd\u54c1\/\u30df\u30ad\u30b5\u30fc\u30d5\u30e9\u30a4\u30c8\u30b1\u30fc\u30b9\/#primaryimage"},"image":{"@id":"https:\/\/sxflightcase.com\/ja\/\u88fd\u54c1\/\u30df\u30ad\u30b5\u30fc\u30d5\u30e9\u30a4\u30c8\u30b1\u30fc\u30b9\/#primaryimage"},"thumbnailUrl":"https:\/\/sxflightcase.com\/wp-content\/uploads\/2024\/05\/1714984324343.jpg","datePublished":"2024-05-07T03:52:19+00:00","dateModified":"2025-02-20T06:45:15+00:00","description":"Flight case per mixer: scopri la vendita diretta in fabbrica e la personalizzazione professionale per la massima protezione della tua attrezzatura.","breadcrumb":{"@id":"https:\/\/sxflightcase.com\/ja\/\u88fd\u54c1\/\u30df\u30ad\u30b5\u30fc\u30d5\u30e9\u30a4\u30c8\u30b1\u30fc\u30b9\/#breadcrumb"},"inLanguage":"it-IT","potentialAction":[{"@type":"ReadAction","target":["https:\/\/sxflightcase.com\/ja\/\u88fd\u54c1\/\u30df\u30ad\u30b5\u30fc\u30d5\u30e9\u30a4\u30c8\u30b1\u30fc\u30b9\/"]}]},{"@type":"ImageObject","inLanguage":"it-IT","@id":"https:\/\/sxflightcase.com\/ja\/\u88fd\u54c1\/\u30df\u30ad\u30b5\u30fc\u30d5\u30e9\u30a4\u30c8\u30b1\u30fc\u30b9\/#primaryimage","url":"https:\/\/sxflightcase.com\/wp-content\/uploads\/2024\/05\/1714984324343.jpg","contentUrl":"https:\/\/sxflightcase.com\/wp-content\/uploads\/2024\/05\/1714984324343.jpg","width":750,"height":750,"caption":"mixer flight case"},{"@type":"BreadcrumbList","@id":"https:\/\/sxflightcase.com\/ja\/\u88fd\u54c1\/\u30df\u30ad\u30b5\u30fc\u30d5\u30e9\u30a4\u30c8\u30b1\u30fc\u30b9\/#breadcrumb","itemListElement":[{"@type":"ListItem","position":1,"name":"Home","item":"https:\/\/sxflightcase.com\/"},{"@type":"ListItem","position":2,"name":"\u0e2a\u0e34\u0e19\u0e04\u0e49\u0e32","item":"https:\/\/sxflightcase.com\/th\/shop\/"},{"@type":"ListItem","position":3,"name":"SX Mixer Flight Case: Ultimate Protection for Your DJ Mixer | Customizable &#038; Durable"}]},{"@type":"WebSite","@id":"https:\/\/sxflightcase.com\/th\/#website","url":"https:\/\/sxflightcase.com\/th\/","name":"sxpowercase.com","description":"Fabbrica di Flight Case","publisher":{"@id":"https:\/\/sxflightcase.com\/th\/#organization"},"potentialAction":[{"@type":"SearchAction","target":{"@type":"EntryPoint","urlTemplate":"https:\/\/sxflightcase.com\/th\/?s={search_term_string}"},"query-input":{"@type":"PropertyValueSpecification","valueRequired":true,"valueName":"search_term_string"}}],"inLanguage":"it-IT"},{"@type":"Organization","@id":"https:\/\/sxflightcase.com\/th\/#organization","name":"sxpowercase.com","url":"https:\/\/sxflightcase.com\/th\/","logo":{"@type":"ImageObject","inLanguage":"it-IT","@id":"https:\/\/sxflightcase.com\/th\/#\/schema\/logo\/image\/","url":"https:\/\/sxflightcase.com\/wp-content\/uploads\/2024\/04\/1713919036007.jpg","contentUrl":"https:\/\/sxflightcase.com\/wp-content\/uploads\/2024\/04\/1713919036007.jpg","width":382,"height":388,"caption":"sxpowercase.com"},"image":{"@id":"https:\/\/sxflightcase.com\/th\/#\/schema\/logo\/image\/"},"sameAs":["https:\/\/www.facebook.com\/profile.php?id=61560407257971"],"numberOfEmployees":{"@type":"QuantitativeValue","minValue":"11","maxValue":"50"}}]}},"_links":{"self":[{"href":"https:\/\/sxflightcase.com\/it\/wp-json\/wp\/v2\/product\/1097","targetHints":{"allow":["GET"]}}],"collection":[{"href":"https:\/\/sxflightcase.com\/it\/wp-json\/wp\/v2\/product"}],"about":[{"href":"https:\/\/sxflightcase.com\/it\/wp-json\/wp\/v2\/types\/product"}],"replies":[{"embeddable":true,"href":"https:\/\/sxflightcase.com\/it\/wp-json\/wp\/v2\/comments?post=1097"}],"version-history":[{"count":0,"href":"https:\/\/sxflightcase.com\/it\/wp-json\/wp\/v2\/product\/1097\/revisions"}],"wp:featuredmedia":[{"embeddable":true,"href":"https:\/\/sxflightcase.com\/it\/wp-json\/wp\/v2\/media\/1101"}],"wp:attachment":[{"href":"https:\/\/sxflightcase.com\/it\/wp-json\/wp\/v2\/media?parent=1097"}],"wp:term":[{"taxonomy":"product_brand","embeddable":true,"href":"https:\/\/sxflightcase.com\/it\/wp-json\/wp\/v2\/product_brand?post=1097"},{"taxonomy":"product_cat","embeddable":true,"href":"https:\/\/sxflightcase.com\/it\/wp-json\/wp\/v2\/product_cat?post=1097"},{"taxonomy":"product_tag","embeddable":true,"href":"https:\/\/sxflightcase.com\/it\/wp-json\/wp\/v2\/product_tag?post=1097"}],"curies":[{"name":"wp","href":"https:\/\/api.w.org\/{rel}","templated":true}]}}