{"id":1107,"date":"2024-05-07T06:46:14","date_gmt":"2024-05-07T05:46:14","guid":{"rendered":"https:\/\/sxpowercase.com\/?post_type=product&#038;p=1107"},"modified":"2025-02-20T00:04:50","modified_gmt":"2025-02-20T08:04:50","slug":"mixer-hard-case","status":"publish","type":"product","link":"https:\/\/sxflightcase.com\/it\/prodotto\/custodia-rigida-per-mixer-2\/","title":{"rendered":"Custodia rigida per mixer"},"content":{"rendered":"<h3><strong>Panoramica del prodotto: Custodia rigida per mixer<\/strong><\/h3>\n<p>IL\u00a0<strong>Custodia rigida per mixer SX<\/strong>\u00a0\u00e8 progettata per fornire la massima protezione alle vostre apparecchiature audio. Che siate DJ, tecnici del suono o musicisti, le nostre custodie assicurano che il vostro mixer sia al sicuro da urti, cadute e altri pericoli durante il trasporto.<\/p>\n<hr \/>\n<h3><strong>Caratteristiche principali:<\/strong><\/h3>\n<ul>\n<li><strong>Materiale:<\/strong>\u00a0Compensato da 9 mm con\u00a0<strong>ferramenta cromata\/zinco-placcata<\/strong>\u00a0E\u00a0<strong>estrusione di alluminio<\/strong>\u00a0per la massima durata<\/li>\n<li><strong>Fodera in schiuma:<\/strong>\u00a0Le opzioni includono\u00a0<strong>schiuma di perle<\/strong>,\u00a0<strong>Schiuma EVA<\/strong>, o\u00a0<strong>schiuma d'uovo<\/strong>\u00a0per un'ammortizzazione superiore<\/li>\n<li><strong>Opzioni di colore:<\/strong>\u00a0Disponibile in\u00a0<strong>Nero (predefinito)<\/strong>Rosso, blu, arancione, giallo, verde e altro ancora.<\/li>\n<li><strong>Tempi di consegna:<\/strong>\u00a0Esempio di ordine in\u00a0<strong>3 giorni<\/strong>, ordine normale in\u00a0<strong>7-15 giorni<\/strong><\/li>\n<li><strong>Dimensioni:<\/strong>\u00a0Personalizzabile per adattarsi alla vostra attrezzatura specifica<\/li>\n<\/ul>\n<hr \/>\n<h3><strong>Perch\u00e9 scegliere le custodie rigide per mixer SX?<\/strong><\/h3>\n<ol start=\"1\">\n<li><strong>Vendite dirette in fabbrica per un valore imbattibile<\/strong><br \/>\nEliminando l'intermediario, offriamo\u00a0<strong>custodie di alta qualit\u00e0 a prezzi competitivi<\/strong>. Il nostro modello factory direct vi assicura il miglior valore senza compromettere la qualit\u00e0.<\/li>\n<li><strong>Personalizzabile per soddisfare le vostre esigenze<\/strong><br \/>\nOgni professionista ha esigenze uniche. Noi offriamo\u00a0<strong>ampie possibilit\u00e0 di personalizzazione<\/strong>per creare una custodia che si adatti perfettamente alle vostre apparecchiature, comprese le dimensioni specifiche, i tipi di schiuma e gli scomparti aggiuntivi.<\/li>\n<li><strong>Durevole e affidabile<\/strong><br \/>\nCostruite per resistere alle condizioni pi\u00f9 difficili, le nostre custodie rigide per mixer sono state progettate per\u00a0<strong>protezione di lunga durata<\/strong>. Che siate in viaggio o in studio, la vostra attrezzatura rimane al sicuro e protetta.<\/li>\n<li><strong>Mobilit\u00e0 migliorata<\/strong><br \/>\nCon maniglie robuste e ruote opzionali, le nostre valigie consentono di trasportare facilmente il mixer da una sede all'altra, risparmiando tempo e fatica.<\/li>\n<\/ol>\n<hr \/>\n<h3><strong>Applicazioni:<\/strong><\/h3>\n<p>La custodia rigida per mixer SX \u00e8 ideale per:<\/p>\n<ul>\n<li><strong>DJ<\/strong><\/li>\n<li><strong>Ingegneri del suono<\/strong><\/li>\n<li><strong>Musicisti<\/strong><\/li>\n<li><strong>Organizzatori di eventi<\/strong><\/li>\n<li><strong>Studio Professionale<\/strong><\/li>\n<\/ul>\n<hr \/>\n<h3><strong>Imballaggio e spedizione:<\/strong><\/h3>\n<ul>\n<li><strong>Tempo di spedizione:<\/strong>\n<ul>\n<li>Via mare: 15-60 giorni<\/li>\n<li>Per via aerea: 4-9 giorni<\/li>\n<li>Per espresso: 4-9 giorni<\/li>\n<\/ul>\n<\/li>\n<li><strong>Tempi di consegna:<\/strong>\u00a07-15 giorni lavorativi o secondo le vostre esigenze<\/li>\n<li><strong>Confezione:<\/strong>\u00a0Cartone o imballaggio personalizzato disponibile<\/li>\n<\/ul>\n<hr \/>\n<h3><strong>Il nostro servizio:<\/strong><\/h3>\n<ul>\n<li><strong>Servizio professionale:<\/strong>\u00a0Esperienza nella produzione e nell'esportazione di valigie di alta qualit\u00e0<\/li>\n<li><strong>Eccellenza produttiva:<\/strong>\u00a0Attenzione ai dettagli e artigianato di qualit\u00e0 superiore<\/li>\n<li><strong>Opzioni di pagamento flessibili:<\/strong>\u00a0T\/T, Western Union e altro ancora<\/li>\n<\/ul>\n<hr \/>\n<h3><strong>Chi siamo:<\/strong><\/h3>\n<p>Con anni di esperienza, SX si \u00e8 costruita una reputazione per\u00a0<strong>integrit\u00e0, professionalit\u00e0 e prezzi eccellenti<\/strong>. I nostri prodotti godono della fiducia dei clienti di tutto il mondo e noi continuiamo a impegnarci a fornire\u00a0<strong>qualit\u00e0, valore e soddisfazione del cliente<\/strong>.<\/p>\n<hr \/>\n<h3><strong>Domande frequenti:<\/strong><\/h3>\n<p><strong>D: Siete una societ\u00e0 commerciale o un produttore?<\/strong><br \/>\nR: Siamo una\u00a0<strong>produttore professionale<\/strong>\u00a0specializzata in custodie di alta qualit\u00e0 per apparecchiature audio.<\/p>\n<p><strong>D: La custodia \u00e8 dotata di schiuma aggiuntiva per controller di dimensioni diverse?<\/strong><br \/>\nR: La valigia include una schiuma rimovibile sotto la piattaforma di scorrimento per fissare il mixer durante il trasporto. Su richiesta, \u00e8 possibile personalizzare la schiuma aggiuntiva.<\/p>\n<p><strong>D: \u00c8 facile rimuovere la schiuma per i diversi utilizzi?<\/strong><br \/>\nR: La schiuma pu\u00f2 essere facilmente rimossa o tagliata per adattarsi alle diverse dimensioni delle apparecchiature, offrendo flessibilit\u00e0 per vari usi.<\/p>\n<p><strong>D: Posso ordinare in blocco?<\/strong><br \/>\nR: S\u00ec, possiamo accettare ordini all'ingrosso. Contattateci per conoscere i prezzi e la disponibilit\u00e0.<\/p>\n<hr \/>\n<h3><strong>Ordinate oggi stesso la vostra custodia rigida per mixer!<\/strong><\/h3>\n<p>Siete pronti a proteggere il vostro mixer con le pregiate custodie rigide di SX? Contattateci ora per progettare la vostra soluzione personalizzata.<\/p>\n<p><strong>Ottieni l&#039;accesso ora:<\/strong>\u00a0<a href=\"https:\/\/sxpowercase.com\/contact-us\/\" target=\"_blank\" rel=\"noopener noreferrer\">https:\/\/sxpowercase.com\/contact-us\/<\/a><\/p>\n<p>Tag caldi: Prezzo basso, cavo di alimentazione e di segnale, filo a 4 conduttori di 16 gauge, custodia del supporto del microfono, armadietto di visualizzazione a LED all'aperto, montaggio a rack, scatola di distribuzione elettrica, Cina, fornitori, fabbrica, personalizzati, all'ingrosso, <span style=\"color: #993366;\"><a style=\"color: #993366;\" href=\"https:\/\/sxflightcase.com\/it\/product-category\/all-product\/power-distribution-boxes\/\">scatole di alimentazione<\/a>,\u00a0<a style=\"color: #993366;\" href=\"https:\/\/sxflightcase.com\/it\/product-category\/all-product\/hoist-controllers\/\">cavi di alimentazione<\/a>,\u00a0<a style=\"color: #993366;\" href=\"https:\/\/sxflightcase.com\/it\/product-category\/all-product\/hoist-controllers\/\">controllori di sollevamento<\/a>,\u00a0<a style=\"color: #993366;\" href=\"https:\/\/sxflightcase.com\/it\/product-category\/all-product\/flight-case\/\">custodie da viaggio.<\/a><\/span><\/p>","protected":false},"excerpt":{"rendered":"<h2 class=\"prodetails-name\">Custodia rigida per mixer<\/h2>\n<p>La nostra esperienza interna ci permette di comprendere le aspettative dei nostri clienti nei confronti della valigia e di offrire varie opzioni di personalizzazione per facilitare il vostro lavoro quando spostate le vostre apparecchiature. La custodia rigida per mixer \u00e8 uno dei flight case pi\u00f9 popolari sul mercato grazie alla sua versatilit\u00e0.<\/p>\n<h2><strong>Introduzione alla produzione<\/strong><\/h2>\n<p>Custodia rigida per mixer<\/p>\n<p>Realizzato con compensato laminato in vinile da 9 mm, robusti profili in alluminio e chiusure a farfalla per impieghi gravosi, offre un trasporto sicuro e una postazione di lavoro in uno. Grazie alla piattaforma scorrevole per laptop integrata e alla comoda porta di accesso ai cavi, la configurazione \u00e8 pronta per l'uso in pochissimo tempo.<\/p>","protected":false},"featured_media":1108,"comment_status":"open","ping_status":"closed","template":"","meta":[],"product_brand":[],"product_cat":[41],"product_tag":[],"class_list":{"0":"post-1107","1":"product","2":"type-product","3":"status-publish","4":"has-post-thumbnail","6":"product_cat-equipment-cases","8":"first","9":"instock","10":"shipping-taxable","11":"product-type-simple"},"yoast_head":"<!-- This site is optimized with the Yoast SEO Premium plugin v27.1 (Yoast SEO v27.2) - https:\/\/yoast.com\/product\/yoast-seo-premium-wordpress\/ -->\n<title>Mixer Hard Case - https:\/\/sxflightcase.com \ud83d\udc97<\/title>\n<meta name=\"description\" content=\"Mixer Hard Case Factory: Specializing in direct sales and professional customization for premium equipment protection solutions.\" \/>\n<meta name=\"robots\" content=\"index, follow, max-snippet:-1, max-image-preview:large, max-video-preview:-1\" \/>\n<link rel=\"canonical\" href=\"https:\/\/sxflightcase.com\/it\/san-pham\/mixer-hard-case\/\" \/>\n<meta property=\"og:locale\" content=\"it_IT\" \/>\n<meta property=\"og:type\" content=\"article\" \/>\n<meta property=\"og:title\" content=\"Mixer Hard Case\" \/>\n<meta property=\"og:description\" content=\"Mixer Hard Case Factory: Specializing in direct sales and professional customization for premium equipment protection solutions.\" \/>\n<meta property=\"og:url\" content=\"https:\/\/sxflightcase.com\/it\/san-pham\/mixer-hard-case\/\" \/>\n<meta property=\"og:site_name\" content=\"https:\/\/sxflightcase.com\" \/>\n<meta property=\"article:publisher\" content=\"https:\/\/www.facebook.com\/profile.php?id=61560407257971\" \/>\n<meta property=\"article:modified_time\" content=\"2025-02-20T08:04:50+00:00\" \/>\n<meta property=\"og:image\" content=\"https:\/\/sxflightcase.com\/wp-content\/uploads\/2024\/05\/mixer-hard-case55546902954.webp\" \/>\n\t<meta property=\"og:image:width\" content=\"700\" \/>\n\t<meta property=\"og:image:height\" content=\"700\" \/>\n\t<meta property=\"og:image:type\" content=\"image\/webp\" \/>\n<meta name=\"twitter:card\" content=\"summary_large_image\" \/>\n<meta name=\"twitter:label1\" content=\"Tempo di lettura stimato\" \/>\n\t<meta name=\"twitter:data1\" content=\"4 minuti\" \/>\n<script type=\"application\/ld+json\" class=\"yoast-schema-graph\">{\"@context\":\"https:\/\/schema.org\",\"@graph\":[{\"@type\":\"WebPage\",\"@id\":\"https:\/\/sxflightcase.com\/vi\/san-pham\/mixer-hard-case\/\",\"url\":\"https:\/\/sxflightcase.com\/vi\/san-pham\/mixer-hard-case\/\",\"name\":\"Mixer Hard Case - https:\/\/sxflightcase.com \ud83d\udc97\",\"isPartOf\":{\"@id\":\"https:\/\/sxflightcase.com\/th\/#website\"},\"primaryImageOfPage\":{\"@id\":\"https:\/\/sxflightcase.com\/vi\/san-pham\/mixer-hard-case\/#primaryimage\"},\"image\":{\"@id\":\"https:\/\/sxflightcase.com\/vi\/san-pham\/mixer-hard-case\/#primaryimage\"},\"thumbnailUrl\":\"https:\/\/sxflightcase.com\/wp-content\/uploads\/2024\/05\/mixer-hard-case55546902954.webp\",\"datePublished\":\"2024-05-07T05:46:14+00:00\",\"dateModified\":\"2025-02-20T08:04:50+00:00\",\"description\":\"Mixer Hard Case Factory: Specializing in direct sales and professional customization for premium equipment protection solutions.\",\"breadcrumb\":{\"@id\":\"https:\/\/sxflightcase.com\/vi\/san-pham\/mixer-hard-case\/#breadcrumb\"},\"inLanguage\":\"it-IT\",\"potentialAction\":[{\"@type\":\"ReadAction\",\"target\":[\"https:\/\/sxflightcase.com\/vi\/san-pham\/mixer-hard-case\/\"]}]},{\"@type\":\"ImageObject\",\"inLanguage\":\"it-IT\",\"@id\":\"https:\/\/sxflightcase.com\/vi\/san-pham\/mixer-hard-case\/#primaryimage\",\"url\":\"https:\/\/sxflightcase.com\/wp-content\/uploads\/2024\/05\/mixer-hard-case55546902954.webp\",\"contentUrl\":\"https:\/\/sxflightcase.com\/wp-content\/uploads\/2024\/05\/mixer-hard-case55546902954.webp\",\"width\":700,\"height\":700,\"caption\":\"Mixer Hard Case\"},{\"@type\":\"BreadcrumbList\",\"@id\":\"https:\/\/sxflightcase.com\/vi\/san-pham\/mixer-hard-case\/#breadcrumb\",\"itemListElement\":[{\"@type\":\"ListItem\",\"position\":1,\"name\":\"Home\",\"item\":\"https:\/\/sxflightcase.com\/\"},{\"@type\":\"ListItem\",\"position\":2,\"name\":\"\u0e2a\u0e34\u0e19\u0e04\u0e49\u0e32\",\"item\":\"https:\/\/sxflightcase.com\/th\/shop\/\"},{\"@type\":\"ListItem\",\"position\":3,\"name\":\"Mixer Hard Case\"}]},{\"@type\":\"WebSite\",\"@id\":\"https:\/\/sxflightcase.com\/th\/#website\",\"url\":\"https:\/\/sxflightcase.com\/th\/\",\"name\":\"sxpowercase.com\",\"description\":\"Flight Case Factory\",\"publisher\":{\"@id\":\"https:\/\/sxflightcase.com\/th\/#organization\"},\"potentialAction\":[{\"@type\":\"SearchAction\",\"target\":{\"@type\":\"EntryPoint\",\"urlTemplate\":\"https:\/\/sxflightcase.com\/th\/?s={search_term_string}\"},\"query-input\":{\"@type\":\"PropertyValueSpecification\",\"valueRequired\":true,\"valueName\":\"search_term_string\"}}],\"inLanguage\":\"it-IT\"},{\"@type\":\"Organization\",\"@id\":\"https:\/\/sxflightcase.com\/th\/#organization\",\"name\":\"sxpowercase.com\",\"url\":\"https:\/\/sxflightcase.com\/th\/\",\"logo\":{\"@type\":\"ImageObject\",\"inLanguage\":\"it-IT\",\"@id\":\"https:\/\/sxflightcase.com\/th\/#\/schema\/logo\/image\/\",\"url\":\"https:\/\/sxflightcase.com\/wp-content\/uploads\/2024\/04\/1713919036007.jpg\",\"contentUrl\":\"https:\/\/sxflightcase.com\/wp-content\/uploads\/2024\/04\/1713919036007.jpg\",\"width\":382,\"height\":388,\"caption\":\"sxpowercase.com\"},\"image\":{\"@id\":\"https:\/\/sxflightcase.com\/th\/#\/schema\/logo\/image\/\"},\"sameAs\":[\"https:\/\/www.facebook.com\/profile.php?id=61560407257971\"],\"numberOfEmployees\":{\"@type\":\"QuantitativeValue\",\"minValue\":\"11\",\"maxValue\":\"50\"}}]}<\/script>\n<!-- \/ Yoast SEO Premium plugin. -->","yoast_head_json":{"title":"Mixer Hard Case - https:\/\/sxflightcase.com \ud83d\udc97","description":"Fabbrica di custodie rigide per mixer: Specializzata nella vendita diretta e nella personalizzazione professionale di soluzioni di protezione per apparecchiature di alta qualit\u00e0.","robots":{"index":"index","follow":"follow","max-snippet":"max-snippet:-1","max-image-preview":"max-image-preview:large","max-video-preview":"max-video-preview:-1"},"canonical":"https:\/\/sxflightcase.com\/it\/san-pham\/mixer-hard-case\/","og_locale":"it_IT","og_type":"article","og_title":"Mixer Hard Case","og_description":"Mixer Hard Case Factory: Specializing in direct sales and professional customization for premium equipment protection solutions.","og_url":"https:\/\/sxflightcase.com\/it\/san-pham\/mixer-hard-case\/","og_site_name":"https:\/\/sxflightcase.com","article_publisher":"https:\/\/www.facebook.com\/profile.php?id=61560407257971","article_modified_time":"2025-02-20T08:04:50+00:00","og_image":[{"width":700,"height":700,"url":"https:\/\/sxflightcase.com\/wp-content\/uploads\/2024\/05\/mixer-hard-case55546902954.webp","type":"image\/webp"}],"twitter_card":"summary_large_image","twitter_misc":{"Tempo di lettura stimato":"4 minuti"},"schema":{"@context":"https:\/\/schema.org","@graph":[{"@type":"WebPage","@id":"https:\/\/sxflightcase.com\/vi\/san-pham\/mixer-hard-case\/","url":"https:\/\/sxflightcase.com\/vi\/san-pham\/mixer-hard-case\/","name":"Mixer Hard Case - https:\/\/sxflightcase.com \ud83d\udc97","isPartOf":{"@id":"https:\/\/sxflightcase.com\/th\/#website"},"primaryImageOfPage":{"@id":"https:\/\/sxflightcase.com\/vi\/san-pham\/mixer-hard-case\/#primaryimage"},"image":{"@id":"https:\/\/sxflightcase.com\/vi\/san-pham\/mixer-hard-case\/#primaryimage"},"thumbnailUrl":"https:\/\/sxflightcase.com\/wp-content\/uploads\/2024\/05\/mixer-hard-case55546902954.webp","datePublished":"2024-05-07T05:46:14+00:00","dateModified":"2025-02-20T08:04:50+00:00","description":"Fabbrica di custodie rigide per mixer: Specializzata nella vendita diretta e nella personalizzazione professionale di soluzioni di protezione per apparecchiature di alta qualit\u00e0.","breadcrumb":{"@id":"https:\/\/sxflightcase.com\/vi\/san-pham\/mixer-hard-case\/#breadcrumb"},"inLanguage":"it-IT","potentialAction":[{"@type":"ReadAction","target":["https:\/\/sxflightcase.com\/vi\/san-pham\/mixer-hard-case\/"]}]},{"@type":"ImageObject","inLanguage":"it-IT","@id":"https:\/\/sxflightcase.com\/vi\/san-pham\/mixer-hard-case\/#primaryimage","url":"https:\/\/sxflightcase.com\/wp-content\/uploads\/2024\/05\/mixer-hard-case55546902954.webp","contentUrl":"https:\/\/sxflightcase.com\/wp-content\/uploads\/2024\/05\/mixer-hard-case55546902954.webp","width":700,"height":700,"caption":"Mixer Hard Case"},{"@type":"BreadcrumbList","@id":"https:\/\/sxflightcase.com\/vi\/san-pham\/mixer-hard-case\/#breadcrumb","itemListElement":[{"@type":"ListItem","position":1,"name":"Home","item":"https:\/\/sxflightcase.com\/"},{"@type":"ListItem","position":2,"name":"\u0e2a\u0e34\u0e19\u0e04\u0e49\u0e32","item":"https:\/\/sxflightcase.com\/th\/shop\/"},{"@type":"ListItem","position":3,"name":"Mixer Hard Case"}]},{"@type":"WebSite","@id":"https:\/\/sxflightcase.com\/th\/#website","url":"https:\/\/sxflightcase.com\/th\/","name":"sxpowercase.com","description":"Fabbrica di Flight Case","publisher":{"@id":"https:\/\/sxflightcase.com\/th\/#organization"},"potentialAction":[{"@type":"SearchAction","target":{"@type":"EntryPoint","urlTemplate":"https:\/\/sxflightcase.com\/th\/?s={search_term_string}"},"query-input":{"@type":"PropertyValueSpecification","valueRequired":true,"valueName":"search_term_string"}}],"inLanguage":"it-IT"},{"@type":"Organization","@id":"https:\/\/sxflightcase.com\/th\/#organization","name":"sxpowercase.com","url":"https:\/\/sxflightcase.com\/th\/","logo":{"@type":"ImageObject","inLanguage":"it-IT","@id":"https:\/\/sxflightcase.com\/th\/#\/schema\/logo\/image\/","url":"https:\/\/sxflightcase.com\/wp-content\/uploads\/2024\/04\/1713919036007.jpg","contentUrl":"https:\/\/sxflightcase.com\/wp-content\/uploads\/2024\/04\/1713919036007.jpg","width":382,"height":388,"caption":"sxpowercase.com"},"image":{"@id":"https:\/\/sxflightcase.com\/th\/#\/schema\/logo\/image\/"},"sameAs":["https:\/\/www.facebook.com\/profile.php?id=61560407257971"],"numberOfEmployees":{"@type":"QuantitativeValue","minValue":"11","maxValue":"50"}}]}},"_links":{"self":[{"href":"https:\/\/sxflightcase.com\/it\/wp-json\/wp\/v2\/product\/1107","targetHints":{"allow":["GET"]}}],"collection":[{"href":"https:\/\/sxflightcase.com\/it\/wp-json\/wp\/v2\/product"}],"about":[{"href":"https:\/\/sxflightcase.com\/it\/wp-json\/wp\/v2\/types\/product"}],"replies":[{"embeddable":true,"href":"https:\/\/sxflightcase.com\/it\/wp-json\/wp\/v2\/comments?post=1107"}],"version-history":[{"count":0,"href":"https:\/\/sxflightcase.com\/it\/wp-json\/wp\/v2\/product\/1107\/revisions"}],"wp:featuredmedia":[{"embeddable":true,"href":"https:\/\/sxflightcase.com\/it\/wp-json\/wp\/v2\/media\/1108"}],"wp:attachment":[{"href":"https:\/\/sxflightcase.com\/it\/wp-json\/wp\/v2\/media?parent=1107"}],"wp:term":[{"taxonomy":"product_brand","embeddable":true,"href":"https:\/\/sxflightcase.com\/it\/wp-json\/wp\/v2\/product_brand?post=1107"},{"taxonomy":"product_cat","embeddable":true,"href":"https:\/\/sxflightcase.com\/it\/wp-json\/wp\/v2\/product_cat?post=1107"},{"taxonomy":"product_tag","embeddable":true,"href":"https:\/\/sxflightcase.com\/it\/wp-json\/wp\/v2\/product_tag?post=1107"}],"curies":[{"name":"wp","href":"https:\/\/api.w.org\/{rel}","templated":true}]}}