{"id":1602,"date":"2024-05-10T02:17:12","date_gmt":"2024-05-10T01:17:12","guid":{"rendered":"https:\/\/sxpowercase.com\/?post_type=product&#038;p=1602"},"modified":"2024-06-27T08:15:23","modified_gmt":"2024-06-27T07:15:23","slug":"19-inch-rack-2","status":"publish","type":"product","link":"https:\/\/sxflightcase.com\/it\/prodotto\/rack-da-19-pollici-2-2\/","title":{"rendered":"Rack MP da 19 pollici"},"content":{"rendered":"<h3><strong>Introduzione alla produzione<\/strong><\/h3>\n<p>La larghezza interna del rack \u00e8 standard di 19 pollici. La profondit\u00e0 del rack (fino al coperchio posteriore) \u00e8 di 20,25\". Profondit\u00e0 del coperchio: 3,75\", 4 maniglie a molla, 8 chiusure a rotazione incassate con inserti per lucchetti. Le custodie per rack della serie Shengxiang sono disponibili anche nelle versioni 2U, 4U, 6U, 8U, 10U, 12U, 14U e 16U.<\/p>\n<h3><strong>Parametro del prodotto (specifica)<\/strong><\/h3>\n<section class=\"table-wrap\">\n<table class=\"table\" width=\"100%\" cellspacing=\"0\" cellpadding=\"0\">\n<tbody>\n<tr class=\"firstRow\">\n<td width=\"134\">Nome del prodotto<\/td>\n<td width=\"504\">Rack da 19 pollici<\/td>\n<\/tr>\n<tr>\n<td width=\"134\">I materiali<\/td>\n<td width=\"504\">Struttura in compensato laminato da 9 mm, con ferramenta placcata di tipo commerciale, maniglie e chiusure per impieghi gravosi e angoli sferici<br \/>\nManiglia di traino incassata a molla incorporata<br \/>\nImbottitura interna in schiuma EVA per rendere la custodia di tipo antiurto<\/td>\n<\/tr>\n<tr>\n<td width=\"134\">Colore<\/td>\n<td width=\"504\">Nero, blu, rosso o personalizzato<\/td>\n<\/tr>\n<tr>\n<td width=\"134\">Utilizzo<\/td>\n<td width=\"504\">Proteggere l'archiviazione dei trasporti<\/td>\n<\/tr>\n<\/tbody>\n<\/table>\n<\/section>\n<h3>Organizzate la vostra attrezzatura con le soluzioni rack da 19 pollici di SX<\/h3>\n<h4>Rack SX da 19 pollici: Organizzare lo spazio di lavoro in modo efficiente<\/h4>\n<p>IL <a href=\"https:\/\/sxpowercase.com\/\" target=\"_blank\"  rel=\"noopener\" title=\"Sx\"  data-wpil-monitor-id=\"502\">Sx<\/a> Il rack da 19 pollici \u00e8 progettato per ottimizzare lo spazio di lavoro, fornendo una soluzione versatile e affidabile per il montaggio e l'organizzazione delle apparecchiature. Che si tratti di gestire server, apparecchiature audio o di rete, i nostri rack garantiscono un accesso facile e un uso efficiente dello spazio.<\/p>\n<h4>Qualit\u00e0 diretta in fabbrica<\/h4>\n<p>Noi di SX diamo priorit\u00e0 alla qualit\u00e0 e alla convenienza offrendo il nostro rack da 19 pollici direttamente dalla nostra fabbrica. Eliminando gli intermediari, manteniamo il controllo sugli standard di produzione e sui costi, assicurandovi un prodotto di alta qualit\u00e0 a un prezzo competitivo.<\/p>\n<h4>Su misura per le tue esigenze<\/h4>\n<p>Sappiamo che ogni configurazione \u00e8 unica. Ecco perch\u00e9 il nostro rack da 19 pollici pu\u00f2 essere personalizzato per soddisfare le vostre esigenze specifiche. Se avete bisogno di ripiani aggiuntivi, di soluzioni per la gestione dei cavi o di dimensioni diverse, i nostri rack possono essere personalizzati per adattarsi perfettamente al vostro ambiente.<\/p>\n<hr \/>\n<h4>Perch\u00e9 scegliere il rack SX da 19 pollici?<\/h4>\n<p>Scegliere SX significa scegliere la durata, l'affidabilit\u00e0 e l'economicit\u00e0. I nostri scaffali sono costruiti per durare e progettati per ottimizzare lo spazio e l'organizzazione in qualsiasi ambiente. Grazie alla semplicit\u00e0 di installazione e alla struttura robusta, sono una risorsa essenziale per qualsiasi ambiente professionale.<\/p>\n<hr \/>\n<h4>Migliorate il vostro spazio di lavoro con SX<\/h4>\n<p>Investite oggi stesso in un rack SX da 19 pollici e provate la differenza in termini di organizzazione ed efficienza. Sia per l'uso domestico che per le installazioni in studio o professionali, i rack SX offrono qualit\u00e0 e funzionalit\u00e0 ineguagliabili. Contattateci subito per esplorare la nostra gamma di opzioni di rack da 19 pollici e trovare la soluzione perfetta per le vostre esigenze.<\/p>\n<p><strong>Domande frequenti<\/strong><\/p>\n<p>D: Qual \u00e8 il termine di consegna?<\/p>\n<p>R: Il nostro termine di consegna ordinario \u00e8 EXW Guangzhou. Accettiamo anche FOB, CFR, CIF, DDP, DDU ecc. Vi offriremo le spese di spedizione e potrete scegliere quella pi\u00f9 conveniente ed efficace per voi.<\/p>\n<p>D: Quali forme di pagamento accettate?<\/p>\n<p>A: T\/T, Western Union, ecc. Accettiamo qualsiasi termine di pagamento rapido e conveniente.<\/p>\n<p>D: Quando potr\u00f2 conoscere il prezzo?<\/p>\n<p>R: Di solito citiamo entro 8 ore dal ricevimento della vostra richiesta.<\/p>\n<p>D: Potete realizzare il nostro imballaggio?<\/p>\n<p>R: S\u00ec, basta fornire il design della confezione e noi produrremo ci\u00f2 che desiderate. Abbiamo anche un designer professionista che pu\u00f2 aiutarvi a progettare l'imballaggio.<\/p>\n<p><strong>Controllo qualit\u00e0<\/strong><\/p>\n<p>Abbiamo la persona QC rimanere sulle linee di produzione fare per l'ispezione. Tutti i prodotti devono essere stati ispezionati prima della consegna. Facciamo l'ispezione in linea e l'ispezione finale.<\/p>\n<p>1.All materia prima controllata una volta che arriva la nostra fabbrica.<\/p>\n<p>2. Tutti i pezzi e il logo e tutti i dettagli sono controllati durante la produzione.<\/p>\n<p>3. Tutti i dettagli dell'imballaggio controllati durante la produzione.<\/p>\n<p>4. Tutta la qualit\u00e0 di produzione e l'imballaggio controllato sull'ispezione finale dopo finito.<\/p>\n<p>Tag popolari: prezzo basso, in magazzino, campione gratuito, cavo di alimentazione e segnale, filo conduttore calibro 16 a 4 conduttori, custodia per supporto microfono, mobiletto espositivo a LED per esterni, montaggio su rack, flight case per mixer da 19&quot; per montaggio su rack, scatola di distribuzione elettrica, Cina, fornitori, fabbrica, personalizzato, all&#039;ingrosso, <span style=\"color: #993366;\"><a style=\"color: #993366;\" href=\"https:\/\/sxflightcase.com\/it\/product-category\/all-product\/power-distribution-boxes\/\">scatole di alimentazione<\/a>,\u00a0<a style=\"color: #993366;\" href=\"https:\/\/sxflightcase.com\/it\/product-category\/all-product\/hoist-controllers\/\">cavi di alimentazione<\/a>,\u00a0<a style=\"color: #993366;\" href=\"https:\/\/sxflightcase.com\/it\/product-category\/all-product\/hoist-controllers\/\">controllori di sollevamento<\/a>,\u00a0<a style=\"color: #993366;\" href=\"https:\/\/sxflightcase.com\/it\/product-category\/all-product\/flight-case\/\">custodie da viaggio.<\/a><\/span><\/p>","protected":false},"excerpt":{"rendered":"<h2 class=\"prodetails-name\">Rack da 19 pollici<\/h2>\n<p>Offriamo una gamma di rack da 19 pollici adatti alla maggior parte delle apparecchiature da palco, come amplificatori e processori, con varie opzioni disponibili. Il contenitore \u00e8 costruito su misura <a class=\"wpil_keyword_link\" title=\"custodia da volo\" href=\"https:\/\/sxpowercase.com\/product-category\/all-product\/flight-case\/\" target=\"_blank\" rel=\"noopener\" data-wpil-keyword-link=\"linked\" data-wpil-monitor-id=\"389\">custodia da volo<\/a> utilizzando raccordi per impieghi gravosi e compensato nero con finitura standard.<\/p>\n<h2><strong>Introduzione alla produzione<\/strong><\/h2>\n<p>La larghezza interna del rack \u00e8 standard di 19 pollici. La profondit\u00e0 del rack (fino al coperchio posteriore) \u00e8 di 20,25\". Profondit\u00e0 del coperchio: 3,75\", 4 maniglie a molla, 8 chiusure a rotazione incassate con inserti per lucchetti. Le custodie per rack della serie Shengxiang sono disponibili anche nelle versioni 2U, 4U, 6U, 8U, 10U, 12U, 14U e 16U.<\/p>","protected":false},"featured_media":1603,"comment_status":"open","ping_status":"closed","template":"","meta":[],"product_brand":[],"product_cat":[35],"product_tag":[50],"class_list":{"0":"post-1602","1":"product","2":"type-product","3":"status-publish","4":"has-post-thumbnail","6":"product_cat-standard-rack-cases","7":"product_tag-mp","9":"first","10":"instock","11":"shipping-taxable","12":"product-type-simple"},"yoast_head":"<!-- This site is optimized with the Yoast SEO Premium plugin v27.1 (Yoast SEO v27.2) - https:\/\/yoast.com\/product\/yoast-seo-premium-wordpress\/ -->\n<title>MP 19-Inch Rack - https:\/\/sxflightcase.com \ud83d\udc97<\/title>\n<meta name=\"description\" content=\"19-Inch Rack: Discover our factory-direct options, offering professional customization for efficient organization and storage of your equipment.\" \/>\n<meta name=\"robots\" content=\"index, follow, max-snippet:-1, max-image-preview:large, max-video-preview:-1\" \/>\n<link rel=\"canonical\" href=\"https:\/\/sxflightcase.com\/it\/produkt\/19-tommer-rack-2\/\" \/>\n<meta property=\"og:locale\" content=\"it_IT\" \/>\n<meta property=\"og:type\" content=\"article\" \/>\n<meta property=\"og:title\" content=\"MP 19-Inch Rack\" \/>\n<meta property=\"og:description\" content=\"19-Inch Rack: Discover our factory-direct options, offering professional customization for efficient organization and storage of your equipment.\" \/>\n<meta property=\"og:url\" content=\"https:\/\/sxflightcase.com\/it\/produkt\/19-tommer-rack-2\/\" \/>\n<meta property=\"og:site_name\" content=\"https:\/\/sxflightcase.com\" \/>\n<meta property=\"article:publisher\" content=\"https:\/\/www.facebook.com\/profile.php?id=61560407257971\" \/>\n<meta property=\"article:modified_time\" content=\"2024-06-27T07:15:23+00:00\" \/>\n<meta property=\"og:image\" content=\"https:\/\/sxflightcase.com\/wp-content\/uploads\/2024\/05\/19-inch-rack03459619372.webp\" \/>\n\t<meta property=\"og:image:width\" content=\"750\" \/>\n\t<meta property=\"og:image:height\" content=\"750\" \/>\n\t<meta property=\"og:image:type\" content=\"image\/webp\" \/>\n<meta name=\"twitter:card\" content=\"summary_large_image\" \/>\n<meta name=\"twitter:label1\" content=\"Tempo di lettura stimato\" \/>\n\t<meta name=\"twitter:data1\" content=\"4 minuti\" \/>\n<script type=\"application\/ld+json\" class=\"yoast-schema-graph\">{\"@context\":\"https:\/\/schema.org\",\"@graph\":[{\"@type\":\"WebPage\",\"@id\":\"https:\/\/sxflightcase.com\/da\/produkt\/19-tommer-rack-2\/\",\"url\":\"https:\/\/sxflightcase.com\/da\/produkt\/19-tommer-rack-2\/\",\"name\":\"MP 19-Inch Rack - https:\/\/sxflightcase.com \ud83d\udc97\",\"isPartOf\":{\"@id\":\"https:\/\/sxflightcase.com\/th\/#website\"},\"primaryImageOfPage\":{\"@id\":\"https:\/\/sxflightcase.com\/da\/produkt\/19-tommer-rack-2\/#primaryimage\"},\"image\":{\"@id\":\"https:\/\/sxflightcase.com\/da\/produkt\/19-tommer-rack-2\/#primaryimage\"},\"thumbnailUrl\":\"https:\/\/sxflightcase.com\/wp-content\/uploads\/2024\/05\/19-inch-rack03459619372.webp\",\"datePublished\":\"2024-05-10T01:17:12+00:00\",\"dateModified\":\"2024-06-27T07:15:23+00:00\",\"description\":\"19-Inch Rack: Discover our factory-direct options, offering professional customization for efficient organization and storage of your equipment.\",\"breadcrumb\":{\"@id\":\"https:\/\/sxflightcase.com\/da\/produkt\/19-tommer-rack-2\/#breadcrumb\"},\"inLanguage\":\"it-IT\",\"potentialAction\":[{\"@type\":\"ReadAction\",\"target\":[\"https:\/\/sxflightcase.com\/da\/produkt\/19-tommer-rack-2\/\"]}]},{\"@type\":\"ImageObject\",\"inLanguage\":\"it-IT\",\"@id\":\"https:\/\/sxflightcase.com\/da\/produkt\/19-tommer-rack-2\/#primaryimage\",\"url\":\"https:\/\/sxflightcase.com\/wp-content\/uploads\/2024\/05\/19-inch-rack03459619372.webp\",\"contentUrl\":\"https:\/\/sxflightcase.com\/wp-content\/uploads\/2024\/05\/19-inch-rack03459619372.webp\",\"width\":750,\"height\":750,\"caption\":\"19-Inch Rack\"},{\"@type\":\"BreadcrumbList\",\"@id\":\"https:\/\/sxflightcase.com\/da\/produkt\/19-tommer-rack-2\/#breadcrumb\",\"itemListElement\":[{\"@type\":\"ListItem\",\"position\":1,\"name\":\"Home\",\"item\":\"https:\/\/sxflightcase.com\/\"},{\"@type\":\"ListItem\",\"position\":2,\"name\":\"\u0e2a\u0e34\u0e19\u0e04\u0e49\u0e32\",\"item\":\"https:\/\/sxflightcase.com\/th\/shop\/\"},{\"@type\":\"ListItem\",\"position\":3,\"name\":\"MP 19-Inch Rack\"}]},{\"@type\":\"WebSite\",\"@id\":\"https:\/\/sxflightcase.com\/th\/#website\",\"url\":\"https:\/\/sxflightcase.com\/th\/\",\"name\":\"sxpowercase.com\",\"description\":\"Flight Case Factory\",\"publisher\":{\"@id\":\"https:\/\/sxflightcase.com\/th\/#organization\"},\"potentialAction\":[{\"@type\":\"SearchAction\",\"target\":{\"@type\":\"EntryPoint\",\"urlTemplate\":\"https:\/\/sxflightcase.com\/th\/?s={search_term_string}\"},\"query-input\":{\"@type\":\"PropertyValueSpecification\",\"valueRequired\":true,\"valueName\":\"search_term_string\"}}],\"inLanguage\":\"it-IT\"},{\"@type\":\"Organization\",\"@id\":\"https:\/\/sxflightcase.com\/th\/#organization\",\"name\":\"sxpowercase.com\",\"url\":\"https:\/\/sxflightcase.com\/th\/\",\"logo\":{\"@type\":\"ImageObject\",\"inLanguage\":\"it-IT\",\"@id\":\"https:\/\/sxflightcase.com\/th\/#\/schema\/logo\/image\/\",\"url\":\"https:\/\/sxflightcase.com\/wp-content\/uploads\/2024\/04\/1713919036007.jpg\",\"contentUrl\":\"https:\/\/sxflightcase.com\/wp-content\/uploads\/2024\/04\/1713919036007.jpg\",\"width\":382,\"height\":388,\"caption\":\"sxpowercase.com\"},\"image\":{\"@id\":\"https:\/\/sxflightcase.com\/th\/#\/schema\/logo\/image\/\"},\"sameAs\":[\"https:\/\/www.facebook.com\/profile.php?id=61560407257971\"],\"numberOfEmployees\":{\"@type\":\"QuantitativeValue\",\"minValue\":\"11\",\"maxValue\":\"50\"}}]}<\/script>\n<!-- \/ Yoast SEO Premium plugin. -->","yoast_head_json":{"title":"MP 19-Inch Rack - https:\/\/sxflightcase.com \ud83d\udc97","description":"Rack da 19 pollici: scoprite le nostre opzioni, disponibili direttamente in fabbrica, che offrono una personalizzazione professionale per un'organizzazione e una conservazione efficienti delle vostre apparecchiature.","robots":{"index":"index","follow":"follow","max-snippet":"max-snippet:-1","max-image-preview":"max-image-preview:large","max-video-preview":"max-video-preview:-1"},"canonical":"https:\/\/sxflightcase.com\/it\/produkt\/19-tommer-rack-2\/","og_locale":"it_IT","og_type":"article","og_title":"MP 19-Inch Rack","og_description":"19-Inch Rack: Discover our factory-direct options, offering professional customization for efficient organization and storage of your equipment.","og_url":"https:\/\/sxflightcase.com\/it\/produkt\/19-tommer-rack-2\/","og_site_name":"https:\/\/sxflightcase.com","article_publisher":"https:\/\/www.facebook.com\/profile.php?id=61560407257971","article_modified_time":"2024-06-27T07:15:23+00:00","og_image":[{"width":750,"height":750,"url":"https:\/\/sxflightcase.com\/wp-content\/uploads\/2024\/05\/19-inch-rack03459619372.webp","type":"image\/webp"}],"twitter_card":"summary_large_image","twitter_misc":{"Tempo di lettura stimato":"4 minuti"},"schema":{"@context":"https:\/\/schema.org","@graph":[{"@type":"WebPage","@id":"https:\/\/sxflightcase.com\/da\/produkt\/19-tommer-rack-2\/","url":"https:\/\/sxflightcase.com\/da\/produkt\/19-tommer-rack-2\/","name":"MP 19-Inch Rack - https:\/\/sxflightcase.com \ud83d\udc97","isPartOf":{"@id":"https:\/\/sxflightcase.com\/th\/#website"},"primaryImageOfPage":{"@id":"https:\/\/sxflightcase.com\/da\/produkt\/19-tommer-rack-2\/#primaryimage"},"image":{"@id":"https:\/\/sxflightcase.com\/da\/produkt\/19-tommer-rack-2\/#primaryimage"},"thumbnailUrl":"https:\/\/sxflightcase.com\/wp-content\/uploads\/2024\/05\/19-inch-rack03459619372.webp","datePublished":"2024-05-10T01:17:12+00:00","dateModified":"2024-06-27T07:15:23+00:00","description":"Rack da 19 pollici: scoprite le nostre opzioni, disponibili direttamente in fabbrica, che offrono una personalizzazione professionale per un'organizzazione e una conservazione efficienti delle vostre apparecchiature.","breadcrumb":{"@id":"https:\/\/sxflightcase.com\/da\/produkt\/19-tommer-rack-2\/#breadcrumb"},"inLanguage":"it-IT","potentialAction":[{"@type":"ReadAction","target":["https:\/\/sxflightcase.com\/da\/produkt\/19-tommer-rack-2\/"]}]},{"@type":"ImageObject","inLanguage":"it-IT","@id":"https:\/\/sxflightcase.com\/da\/produkt\/19-tommer-rack-2\/#primaryimage","url":"https:\/\/sxflightcase.com\/wp-content\/uploads\/2024\/05\/19-inch-rack03459619372.webp","contentUrl":"https:\/\/sxflightcase.com\/wp-content\/uploads\/2024\/05\/19-inch-rack03459619372.webp","width":750,"height":750,"caption":"19-Inch Rack"},{"@type":"BreadcrumbList","@id":"https:\/\/sxflightcase.com\/da\/produkt\/19-tommer-rack-2\/#breadcrumb","itemListElement":[{"@type":"ListItem","position":1,"name":"Home","item":"https:\/\/sxflightcase.com\/"},{"@type":"ListItem","position":2,"name":"\u0e2a\u0e34\u0e19\u0e04\u0e49\u0e32","item":"https:\/\/sxflightcase.com\/th\/shop\/"},{"@type":"ListItem","position":3,"name":"MP 19-Inch Rack"}]},{"@type":"WebSite","@id":"https:\/\/sxflightcase.com\/th\/#website","url":"https:\/\/sxflightcase.com\/th\/","name":"sxpowercase.com","description":"Fabbrica di Flight Case","publisher":{"@id":"https:\/\/sxflightcase.com\/th\/#organization"},"potentialAction":[{"@type":"SearchAction","target":{"@type":"EntryPoint","urlTemplate":"https:\/\/sxflightcase.com\/th\/?s={search_term_string}"},"query-input":{"@type":"PropertyValueSpecification","valueRequired":true,"valueName":"search_term_string"}}],"inLanguage":"it-IT"},{"@type":"Organization","@id":"https:\/\/sxflightcase.com\/th\/#organization","name":"sxpowercase.com","url":"https:\/\/sxflightcase.com\/th\/","logo":{"@type":"ImageObject","inLanguage":"it-IT","@id":"https:\/\/sxflightcase.com\/th\/#\/schema\/logo\/image\/","url":"https:\/\/sxflightcase.com\/wp-content\/uploads\/2024\/04\/1713919036007.jpg","contentUrl":"https:\/\/sxflightcase.com\/wp-content\/uploads\/2024\/04\/1713919036007.jpg","width":382,"height":388,"caption":"sxpowercase.com"},"image":{"@id":"https:\/\/sxflightcase.com\/th\/#\/schema\/logo\/image\/"},"sameAs":["https:\/\/www.facebook.com\/profile.php?id=61560407257971"],"numberOfEmployees":{"@type":"QuantitativeValue","minValue":"11","maxValue":"50"}}]}},"_links":{"self":[{"href":"https:\/\/sxflightcase.com\/it\/wp-json\/wp\/v2\/product\/1602","targetHints":{"allow":["GET"]}}],"collection":[{"href":"https:\/\/sxflightcase.com\/it\/wp-json\/wp\/v2\/product"}],"about":[{"href":"https:\/\/sxflightcase.com\/it\/wp-json\/wp\/v2\/types\/product"}],"replies":[{"embeddable":true,"href":"https:\/\/sxflightcase.com\/it\/wp-json\/wp\/v2\/comments?post=1602"}],"version-history":[{"count":0,"href":"https:\/\/sxflightcase.com\/it\/wp-json\/wp\/v2\/product\/1602\/revisions"}],"wp:featuredmedia":[{"embeddable":true,"href":"https:\/\/sxflightcase.com\/it\/wp-json\/wp\/v2\/media\/1603"}],"wp:attachment":[{"href":"https:\/\/sxflightcase.com\/it\/wp-json\/wp\/v2\/media?parent=1602"}],"wp:term":[{"taxonomy":"product_brand","embeddable":true,"href":"https:\/\/sxflightcase.com\/it\/wp-json\/wp\/v2\/product_brand?post=1602"},{"taxonomy":"product_cat","embeddable":true,"href":"https:\/\/sxflightcase.com\/it\/wp-json\/wp\/v2\/product_cat?post=1602"},{"taxonomy":"product_tag","embeddable":true,"href":"https:\/\/sxflightcase.com\/it\/wp-json\/wp\/v2\/product_tag?post=1602"}],"curies":[{"name":"wp","href":"https:\/\/api.w.org\/{rel}","templated":true}]}}