{"id":1612,"date":"2024-05-10T02:37:34","date_gmt":"2024-05-10T01:37:34","guid":{"rendered":"https:\/\/sxpowercase.com\/?post_type=product&#038;p=1612"},"modified":"2024-06-27T08:16:57","modified_gmt":"2024-06-27T07:16:57","slug":"19-rack-flight-case","status":"publish","type":"product","link":"https:\/\/sxflightcase.com\/it\/prodotto\/flight-case-a-19-rack-2\/","title":{"rendered":"Valigia da viaggio MP 19 Rack"},"content":{"rendered":"<p><strong>Parametro del prodotto (specifica)<\/strong><\/p>\n<section class=\"table-wrap\">\n<table class=\"table\" width=\"100%\" cellspacing=\"0\" cellpadding=\"0\">\n<tbody>\n<tr class=\"firstRow\">\n<td width=\"134\">Nome del prodotto:<\/td>\n<td width=\"503\">Flight case a 19 rack<\/td>\n<\/tr>\n<tr>\n<td width=\"134\">Materiale e accessori:<\/td>\n<td width=\"503\">Compensato da 9 mm + ferramenta cromata\/zincata + estrusione di alluminio<br \/>\nCoperchi anteriori e posteriori rimovibili<\/td>\n<\/tr>\n<tr>\n<td width=\"134\">Rivestimento in schiuma:<\/td>\n<td width=\"503\">Schiuma di perle \/ Schiuma di EVA \/ Schiuma di uova ecc... regolare o su richiesta<\/td>\n<\/tr>\n<tr>\n<td width=\"134\">Colore:<\/td>\n<td width=\"503\">Nero (colore predefinito), rosso, blu, arancione, giallo, verde, ecc.<\/td>\n<\/tr>\n<tr>\n<td width=\"134\">Tempi di consegna:<\/td>\n<td width=\"503\">Ordine campione 3 giorni, ordine normale 7-15 giorni<\/td>\n<\/tr>\n<tr>\n<td width=\"134\">Dimensione:<\/td>\n<td width=\"503\">Dipende dalle dimensioni dell&#039;attrezzatura<\/td>\n<\/tr>\n<\/tbody>\n<\/table>\n<\/section>\n<h3>Proteggete le vostre apparecchiature con le custodie SX 19\u2033 Rack Flight Cases<\/h3>\n<h4>Custodie Rack Flight SX da 19\u2033: Sicuri, affidabili e versatili<\/h4>\n<p>Garantite la sicurezza e la portabilit\u00e0 delle vostre apparecchiature con le custodie SX 19\u2033 Rack Flight Cases. Progettate per uso professionale, queste custodie offrono una solida protezione contro urti, colpi e fattori ambientali, pur mantenendo la facilit\u00e0 di trasporto e di installazione.<\/p>\n<h4>Costruito per durare<\/h4>\n<p>SX d\u00e0 priorit\u00e0 alla durata e alle prestazioni. Le nostre custodie Rack Flight da 19\u2033 sono realizzate con materiali di alta qualit\u00e0, per garantire una protezione duratura alle vostre preziose apparecchiature. Sia che stiate viaggiando tra un concerto e l'altro, sia che vi stiate sistemando in un luogo fisso, le nostre custodie mantengono la vostra attrezzatura sana e salva.<\/p>\n<h4>Opzioni personalizzabili<\/h4>\n<p>Sappiamo che ogni configurazione \u00e8 unica. Ecco perch\u00e9 i nostri Rack Flight Cases da 19\u2033 sono personalizzabili per soddisfare le vostre esigenze specifiche. Dall'imbottitura interna all'assorbimento degli urti, fino ai colori esterni e alle opzioni di branding, personalizziamo le nostre custodie per soddisfare perfettamente le vostre esigenze.<\/p>\n<hr \/>\n<h4>Perch\u00e9 scegliere le custodie SX 19\u2033 Rack Flight Cases?<\/h4>\n<p>Scegliere SX significa scegliere l'affidabilit\u00e0 e la tranquillit\u00e0. Le nostre custodie sono apprezzate dai professionisti di vari settori, tra cui quello audiovisivo, informatico e delle telecomunicazioni. Grazie alla loro struttura robusta e al design accurato, garantiscono la protezione delle vostre apparecchiature ovunque andiate.<\/p>\n<hr \/>\n<h4>Elevate la protezione dell'attrezzatura con<\/h4>\n<p>Investite oggi stesso nelle custodie SX 19\u2033 Rack Flight Cases e sperimentate una maggiore sicurezza e convenienza per le vostre apparecchiature. Che si tratti di performance dal vivo, installazioni in studio o implementazioni IT, le custodie SX offrono l'affidabilit\u00e0 e la durata necessarie. Contattateci subito per esplorare la nostra gamma e trovare la soluzione perfetta per la vostra configurazione.<\/p>\n<h3><strong>Domande frequenti<\/strong><\/h3>\n<ul>\n<li><strong>Come funziona una scatola di distribuzione?<\/strong><br \/>\nLe scatole di distribuzione regolano il flusso di elettricit\u00e0 ai diversi circuiti all'interno di un edificio, garantendo una distribuzione sicura ed efficiente dell'energia.<\/li>\n<li><strong>Quali sono i vantaggi della distribuzione di energia elettrica?<\/strong><br \/>\nUna distribuzione efficace dell'energia migliora l'affidabilit\u00e0, la sicurezza e l'efficienza energetica, contribuendo alla produttivit\u00e0 aziendale e alla crescita dei ricavi.<\/li>\n<li><strong>Come possono gli eventi scenici ottimizzare le loro strategie di distribuzione dell'energia?<\/strong><br \/>\nL'evento scenico pu\u00f2 ottimizzare la distribuzione di energia investendo in attrezzature moderne, effettuando una manutenzione regolare e implementando misure di risparmio energetico.<\/li>\n<li><strong>Che ruolo ha <a title=\"Sx\" href=\"https:\/\/sxpowercase.com\/\" target=\"_blank\" rel=\"noopener\" data-wpil-monitor-id=\"111\">Sx<\/a> nella distribuzione dell'energia?<\/strong><br \/>\nSX fornisce soluzioni per ottimizzare la distribuzione di energia, aiutando le aziende a migliorare l'efficienza, l'affidabilit\u00e0 e la redditivit\u00e0.<\/li>\n<li><strong>L'ottimizzazione della distribuzione dell'energia pu\u00f2 portare a risparmi sui costi?<\/strong><br \/>\nS\u00ec, riducendo gli sprechi di energia e minimizzando i tempi di inattivit\u00e0, l'ottimizzazione della distribuzione dell'energia pu\u00f2 portare a significativi risparmi per le aziende.<\/li>\n<li><strong>In che modo la distribuzione di energia contribuisce alla crescita del business?<\/strong><br \/>\nUna distribuzione affidabile dell'energia elettrica garantisce operazioni ininterrotte, con conseguente aumento della produttivit\u00e0, della soddisfazione dei clienti e, in ultima analisi, della crescita aziendale.<\/li>\n<\/ul>\n<p>Tag caldi: Prezzo basso, in stock, campione gratuito, Cavo di alimentazione e di segnale, filo a 4 conduttori di calibro 16, custodia del supporto del microfono, espositore a LED per esterni, montaggio a rack, scatola di distribuzione elettrica, Cina, fornitori, fabbrica, personalizzati, all'ingrosso, <span style=\"color: #993366;\"><a style=\"color: #993366;\" href=\"https:\/\/sxflightcase.com\/it\/product-category\/all-product\/power-distribution-boxes\/\">scatole di alimentazione<\/a>,\u00a0<a style=\"color: #993366;\" href=\"https:\/\/sxflightcase.com\/it\/product-category\/all-product\/hoist-controllers\/\">cavi di alimentazione<\/a>,\u00a0<a style=\"color: #993366;\" href=\"https:\/\/sxflightcase.com\/it\/product-category\/all-product\/hoist-controllers\/\">controllori di sollevamento<\/a>,\u00a0<a style=\"color: #993366;\" href=\"https:\/\/sxflightcase.com\/it\/product-category\/all-product\/flight-case\/\">custodie da viaggio.<\/a><\/span><\/p>","protected":false},"excerpt":{"rendered":"<h2 class=\"prodetails-name\">Valigia da 19 rack<\/h2>\n<p>Fondata nel 2001, siamo specializzati nella produzione di tutti i tipi di flight case a rack con un'area di officina di oltre 20.00 metri quadrati. Abbiamo 19 flight case a rack, da 2u a 20u, a seconda delle vostre esigenze.<\/p>\n<p>&lt;p&gt;&lt;h2&gt;<strong>Introduzione alla produzione<\/strong><\/p>\n<p>Valigia a 19 ripiani con linguetta e scanalatura in alluminio di facile bloccaggio. Foro di accesso ai cavi con copertura a emblema rimovibile e chiusure industriali a farfalla incassate con chiusura a torsione - predisposizione per lucchetto.<\/p>","protected":false},"featured_media":1613,"comment_status":"open","ping_status":"closed","template":"","meta":[],"product_brand":[],"product_cat":[35],"product_tag":[50],"class_list":{"0":"post-1612","1":"product","2":"type-product","3":"status-publish","4":"has-post-thumbnail","6":"product_cat-standard-rack-cases","7":"product_tag-mp","9":"first","10":"instock","11":"shipping-taxable","12":"product-type-simple"},"yoast_head":"<!-- This site is optimized with the Yoast SEO Premium plugin v27.1 (Yoast SEO v27.2) - https:\/\/yoast.com\/product\/yoast-seo-premium-wordpress\/ -->\n<title>MP 19 Rack Flight Case - https:\/\/sxflightcase.com \ud83d\udc97<\/title>\n<meta name=\"description\" content=\"19 Rack Flight Case: Explore our factory-direct options for professional customization, ensuring optimal organization and protection of your equipment.\" \/>\n<meta name=\"robots\" content=\"index, follow, max-snippet:-1, max-image-preview:large, max-video-preview:-1\" \/>\n<link rel=\"canonical\" href=\"https:\/\/sxflightcase.com\/it\/prodotto\/flight-case-a-19-rack-2\/\" \/>\n<meta property=\"og:locale\" content=\"it_IT\" \/>\n<meta property=\"og:type\" content=\"article\" \/>\n<meta property=\"og:title\" content=\"MP 19 Rack Flight Case\" \/>\n<meta property=\"og:description\" content=\"19 Rack Flight Case: Explore our factory-direct options for professional customization, ensuring optimal organization and protection of your equipment.\" \/>\n<meta property=\"og:url\" content=\"https:\/\/sxflightcase.com\/it\/prodotto\/flight-case-a-19-rack-2\/\" \/>\n<meta property=\"og:site_name\" content=\"https:\/\/sxflightcase.com\" \/>\n<meta property=\"article:publisher\" content=\"https:\/\/www.facebook.com\/profile.php?id=61560407257971\" \/>\n<meta property=\"article:modified_time\" content=\"2024-06-27T07:16:57+00:00\" \/>\n<meta property=\"og:image\" content=\"https:\/\/sxflightcase.com\/wp-content\/uploads\/2024\/05\/19-rack-flight-case42121776330.webp\" \/>\n\t<meta property=\"og:image:width\" content=\"750\" \/>\n\t<meta property=\"og:image:height\" content=\"750\" \/>\n\t<meta property=\"og:image:type\" content=\"image\/webp\" \/>\n<meta name=\"twitter:card\" content=\"summary_large_image\" \/>\n<meta name=\"twitter:label1\" content=\"Tempo di lettura stimato\" \/>\n\t<meta name=\"twitter:data1\" content=\"3 minuti\" \/>\n<script type=\"application\/ld+json\" class=\"yoast-schema-graph\">{\"@context\":\"https:\/\/schema.org\",\"@graph\":[{\"@type\":\"WebPage\",\"@id\":\"https:\/\/sxflightcase.com\/product\/19-rack-flight-case\/\",\"url\":\"https:\/\/sxflightcase.com\/product\/19-rack-flight-case\/\",\"name\":\"MP 19 Rack Flight Case - https:\/\/sxflightcase.com \ud83d\udc97\",\"isPartOf\":{\"@id\":\"https:\/\/sxflightcase.com\/th\/#website\"},\"primaryImageOfPage\":{\"@id\":\"https:\/\/sxflightcase.com\/product\/19-rack-flight-case\/#primaryimage\"},\"image\":{\"@id\":\"https:\/\/sxflightcase.com\/product\/19-rack-flight-case\/#primaryimage\"},\"thumbnailUrl\":\"https:\/\/sxflightcase.com\/wp-content\/uploads\/2024\/05\/19-rack-flight-case42121776330.webp\",\"datePublished\":\"2024-05-10T01:37:34+00:00\",\"dateModified\":\"2024-06-27T07:16:57+00:00\",\"description\":\"19 Rack Flight Case: Explore our factory-direct options for professional customization, ensuring optimal organization and protection of your equipment.\",\"breadcrumb\":{\"@id\":\"https:\/\/sxflightcase.com\/product\/19-rack-flight-case\/#breadcrumb\"},\"inLanguage\":\"it-IT\",\"potentialAction\":[{\"@type\":\"ReadAction\",\"target\":[\"https:\/\/sxflightcase.com\/product\/19-rack-flight-case\/\"]}]},{\"@type\":\"ImageObject\",\"inLanguage\":\"it-IT\",\"@id\":\"https:\/\/sxflightcase.com\/product\/19-rack-flight-case\/#primaryimage\",\"url\":\"https:\/\/sxflightcase.com\/wp-content\/uploads\/2024\/05\/19-rack-flight-case42121776330.webp\",\"contentUrl\":\"https:\/\/sxflightcase.com\/wp-content\/uploads\/2024\/05\/19-rack-flight-case42121776330.webp\",\"width\":750,\"height\":750,\"caption\":\"19 Rack Flight Case\"},{\"@type\":\"BreadcrumbList\",\"@id\":\"https:\/\/sxflightcase.com\/product\/19-rack-flight-case\/#breadcrumb\",\"itemListElement\":[{\"@type\":\"ListItem\",\"position\":1,\"name\":\"Home\",\"item\":\"https:\/\/sxflightcase.com\/\"},{\"@type\":\"ListItem\",\"position\":2,\"name\":\"\u0e2a\u0e34\u0e19\u0e04\u0e49\u0e32\",\"item\":\"https:\/\/sxflightcase.com\/th\/shop\/\"},{\"@type\":\"ListItem\",\"position\":3,\"name\":\"MP 19 Rack Flight Case\"}]},{\"@type\":\"WebSite\",\"@id\":\"https:\/\/sxflightcase.com\/th\/#website\",\"url\":\"https:\/\/sxflightcase.com\/th\/\",\"name\":\"sxpowercase.com\",\"description\":\"Flight Case Factory\",\"publisher\":{\"@id\":\"https:\/\/sxflightcase.com\/th\/#organization\"},\"potentialAction\":[{\"@type\":\"SearchAction\",\"target\":{\"@type\":\"EntryPoint\",\"urlTemplate\":\"https:\/\/sxflightcase.com\/th\/?s={search_term_string}\"},\"query-input\":{\"@type\":\"PropertyValueSpecification\",\"valueRequired\":true,\"valueName\":\"search_term_string\"}}],\"inLanguage\":\"it-IT\"},{\"@type\":\"Organization\",\"@id\":\"https:\/\/sxflightcase.com\/th\/#organization\",\"name\":\"sxpowercase.com\",\"url\":\"https:\/\/sxflightcase.com\/th\/\",\"logo\":{\"@type\":\"ImageObject\",\"inLanguage\":\"it-IT\",\"@id\":\"https:\/\/sxflightcase.com\/th\/#\/schema\/logo\/image\/\",\"url\":\"https:\/\/sxflightcase.com\/wp-content\/uploads\/2024\/04\/1713919036007.jpg\",\"contentUrl\":\"https:\/\/sxflightcase.com\/wp-content\/uploads\/2024\/04\/1713919036007.jpg\",\"width\":382,\"height\":388,\"caption\":\"sxpowercase.com\"},\"image\":{\"@id\":\"https:\/\/sxflightcase.com\/th\/#\/schema\/logo\/image\/\"},\"sameAs\":[\"https:\/\/www.facebook.com\/profile.php?id=61560407257971\"],\"numberOfEmployees\":{\"@type\":\"QuantitativeValue\",\"minValue\":\"11\",\"maxValue\":\"50\"}}]}<\/script>\n<!-- \/ Yoast SEO Premium plugin. -->","yoast_head_json":{"title":"MP 19 Rack Flight Case - https:\/\/sxflightcase.com \ud83d\udc97","description":"19 Rack Flight Case: esplorate le nostre opzioni di personalizzazione professionale, che garantiscono un'organizzazione e una protezione ottimali delle vostre apparecchiature.","robots":{"index":"index","follow":"follow","max-snippet":"max-snippet:-1","max-image-preview":"max-image-preview:large","max-video-preview":"max-video-preview:-1"},"canonical":"https:\/\/sxflightcase.com\/it\/prodotto\/flight-case-a-19-rack-2\/","og_locale":"it_IT","og_type":"article","og_title":"MP 19 Rack Flight Case","og_description":"19 Rack Flight Case: Explore our factory-direct options for professional customization, ensuring optimal organization and protection of your equipment.","og_url":"https:\/\/sxflightcase.com\/it\/prodotto\/flight-case-a-19-rack-2\/","og_site_name":"https:\/\/sxflightcase.com","article_publisher":"https:\/\/www.facebook.com\/profile.php?id=61560407257971","article_modified_time":"2024-06-27T07:16:57+00:00","og_image":[{"width":750,"height":750,"url":"https:\/\/sxflightcase.com\/wp-content\/uploads\/2024\/05\/19-rack-flight-case42121776330.webp","type":"image\/webp"}],"twitter_card":"summary_large_image","twitter_misc":{"Tempo di lettura stimato":"3 minuti"},"schema":{"@context":"https:\/\/schema.org","@graph":[{"@type":"WebPage","@id":"https:\/\/sxflightcase.com\/product\/19-rack-flight-case\/","url":"https:\/\/sxflightcase.com\/product\/19-rack-flight-case\/","name":"MP 19 Rack Flight Case - https:\/\/sxflightcase.com \ud83d\udc97","isPartOf":{"@id":"https:\/\/sxflightcase.com\/th\/#website"},"primaryImageOfPage":{"@id":"https:\/\/sxflightcase.com\/product\/19-rack-flight-case\/#primaryimage"},"image":{"@id":"https:\/\/sxflightcase.com\/product\/19-rack-flight-case\/#primaryimage"},"thumbnailUrl":"https:\/\/sxflightcase.com\/wp-content\/uploads\/2024\/05\/19-rack-flight-case42121776330.webp","datePublished":"2024-05-10T01:37:34+00:00","dateModified":"2024-06-27T07:16:57+00:00","description":"19 Rack Flight Case: esplorate le nostre opzioni di personalizzazione professionale, che garantiscono un'organizzazione e una protezione ottimali delle vostre apparecchiature.","breadcrumb":{"@id":"https:\/\/sxflightcase.com\/product\/19-rack-flight-case\/#breadcrumb"},"inLanguage":"it-IT","potentialAction":[{"@type":"ReadAction","target":["https:\/\/sxflightcase.com\/product\/19-rack-flight-case\/"]}]},{"@type":"ImageObject","inLanguage":"it-IT","@id":"https:\/\/sxflightcase.com\/product\/19-rack-flight-case\/#primaryimage","url":"https:\/\/sxflightcase.com\/wp-content\/uploads\/2024\/05\/19-rack-flight-case42121776330.webp","contentUrl":"https:\/\/sxflightcase.com\/wp-content\/uploads\/2024\/05\/19-rack-flight-case42121776330.webp","width":750,"height":750,"caption":"19 Rack Flight Case"},{"@type":"BreadcrumbList","@id":"https:\/\/sxflightcase.com\/product\/19-rack-flight-case\/#breadcrumb","itemListElement":[{"@type":"ListItem","position":1,"name":"Home","item":"https:\/\/sxflightcase.com\/"},{"@type":"ListItem","position":2,"name":"\u0e2a\u0e34\u0e19\u0e04\u0e49\u0e32","item":"https:\/\/sxflightcase.com\/th\/shop\/"},{"@type":"ListItem","position":3,"name":"MP 19 Rack Flight Case"}]},{"@type":"WebSite","@id":"https:\/\/sxflightcase.com\/th\/#website","url":"https:\/\/sxflightcase.com\/th\/","name":"sxpowercase.com","description":"Fabbrica di Flight Case","publisher":{"@id":"https:\/\/sxflightcase.com\/th\/#organization"},"potentialAction":[{"@type":"SearchAction","target":{"@type":"EntryPoint","urlTemplate":"https:\/\/sxflightcase.com\/th\/?s={search_term_string}"},"query-input":{"@type":"PropertyValueSpecification","valueRequired":true,"valueName":"search_term_string"}}],"inLanguage":"it-IT"},{"@type":"Organization","@id":"https:\/\/sxflightcase.com\/th\/#organization","name":"sxpowercase.com","url":"https:\/\/sxflightcase.com\/th\/","logo":{"@type":"ImageObject","inLanguage":"it-IT","@id":"https:\/\/sxflightcase.com\/th\/#\/schema\/logo\/image\/","url":"https:\/\/sxflightcase.com\/wp-content\/uploads\/2024\/04\/1713919036007.jpg","contentUrl":"https:\/\/sxflightcase.com\/wp-content\/uploads\/2024\/04\/1713919036007.jpg","width":382,"height":388,"caption":"sxpowercase.com"},"image":{"@id":"https:\/\/sxflightcase.com\/th\/#\/schema\/logo\/image\/"},"sameAs":["https:\/\/www.facebook.com\/profile.php?id=61560407257971"],"numberOfEmployees":{"@type":"QuantitativeValue","minValue":"11","maxValue":"50"}}]}},"_links":{"self":[{"href":"https:\/\/sxflightcase.com\/it\/wp-json\/wp\/v2\/product\/1612","targetHints":{"allow":["GET"]}}],"collection":[{"href":"https:\/\/sxflightcase.com\/it\/wp-json\/wp\/v2\/product"}],"about":[{"href":"https:\/\/sxflightcase.com\/it\/wp-json\/wp\/v2\/types\/product"}],"replies":[{"embeddable":true,"href":"https:\/\/sxflightcase.com\/it\/wp-json\/wp\/v2\/comments?post=1612"}],"version-history":[{"count":0,"href":"https:\/\/sxflightcase.com\/it\/wp-json\/wp\/v2\/product\/1612\/revisions"}],"wp:featuredmedia":[{"embeddable":true,"href":"https:\/\/sxflightcase.com\/it\/wp-json\/wp\/v2\/media\/1613"}],"wp:attachment":[{"href":"https:\/\/sxflightcase.com\/it\/wp-json\/wp\/v2\/media?parent=1612"}],"wp:term":[{"taxonomy":"product_brand","embeddable":true,"href":"https:\/\/sxflightcase.com\/it\/wp-json\/wp\/v2\/product_brand?post=1612"},{"taxonomy":"product_cat","embeddable":true,"href":"https:\/\/sxflightcase.com\/it\/wp-json\/wp\/v2\/product_cat?post=1612"},{"taxonomy":"product_tag","embeddable":true,"href":"https:\/\/sxflightcase.com\/it\/wp-json\/wp\/v2\/product_tag?post=1612"}],"curies":[{"name":"wp","href":"https:\/\/api.w.org\/{rel}","templated":true}]}}