{"id":1628,"date":"2024-05-10T03:03:27","date_gmt":"2024-05-10T02:03:27","guid":{"rendered":"https:\/\/sxpowercase.com\/?post_type=product&#038;p=1628"},"modified":"2024-07-16T03:18:29","modified_gmt":"2024-07-16T02:18:29","slug":"flight-case-19-rack","status":"publish","type":"product","link":"https:\/\/sxflightcase.com\/it\/prodotto\/flight-case-19-rack-2\/","title":{"rendered":"personalizza il rack per Flight Case da 19"},"content":{"rendered":"<p><strong>Parametro del prodotto (specifica)<\/strong><\/p>\n<section class=\"table-wrap\">\n<table class=\"table\" width=\"100%\" cellspacing=\"0\" cellpadding=\"0\">\n<tbody>\n<tr class=\"firstRow\">\n<td width=\"134\">Nome del prodotto<\/td>\n<td width=\"504\">Flight Case 19\" Rack<\/td>\n<\/tr>\n<tr>\n<td width=\"134\">Materiale<\/td>\n<td width=\"504\">Spessore del compensato 9 mm + pannello impermeabile\/antincendio 2 mm<\/td>\n<\/tr>\n<tr>\n<td width=\"134\">Coperchi<\/td>\n<td width=\"504\">2 coperchi (anteriore e posteriore rimovibili)<\/td>\n<\/tr>\n<tr>\n<td width=\"134\">Colore<\/td>\n<td width=\"504\">Colore diverso disponibile<\/td>\n<\/tr>\n<tr>\n<td width=\"134\">Maniglie<\/td>\n<td width=\"504\">4 o pi\u00f9<\/td>\n<\/tr>\n<tr>\n<td width=\"134\">Ruota<\/td>\n<td width=\"504\">Con o senza<\/td>\n<\/tr>\n<\/tbody>\n<\/table>\n<\/section>\n<h2>Elevate la protezione delle vostre attrezzature con il rack per valigie SX Flight Case<\/h2>\n<h3>Durevole e affidabile<\/h3>\n<p>Presentazione del <a href=\"https:\/\/sxpowercase.com\/\" target=\"_blank\" rel=\"noopener\" title=\"Sx\" data-wpil-monitor-id=\"484\">Sx<\/a> Flight Case Rack, la soluzione perfetta per proteggere le vostre preziose apparecchiature. Progettato all'insegna della durata e dell'affidabilit\u00e0, il nostro flight case rack offre una protezione impareggiabile per le vostre apparecchiature. Che siate musicisti in tour, organizzatori di eventi o tecnici del suono, potete fidarvi di SX per mantenere la vostra attrezzatura al sicuro.<\/p>\n<h3>Vendite dirette in fabbrica per un valore imbattibile<\/h3>\n<p>SX d\u00e0 priorit\u00e0 alla fornitura di un valore eccezionale ai propri clienti. Il nostro Flight Case Rack \u00e8 disponibile attraverso la vendita diretta in fabbrica, assicurandovi il miglior prezzo senza compromettere la qualit\u00e0. Eliminando gli intermediari, possiamo offrire prezzi competitivi e mantenere un controllo di qualit\u00e0 rigoroso, migliorando l'efficienza della vostra attivit\u00e0.<\/p>\n<h3>Personalizzazione per soddisfare le vostre esigenze<\/h3>\n<p>Ogni professionista ha esigenze uniche e SX comprende l'importanza della personalizzazione. Il nostro Flight Case Rack pu\u00f2 essere adattato alle vostre esigenze specifiche, dalle dimensioni personalizzate agli scomparti aggiuntivi e al marchio personalizzato. Con i nostri servizi personalizzati, otterrete un flight case che non solo protegge la vostra attrezzatura, ma \u00e8 anche in linea con la vostra immagine professionale.<\/p>\n<hr \/>\n<h3>Perch\u00e9 scegliere SX?<\/h3>\n<p>Scegliere SX significa investire in una protezione superiore per le vostre attrezzature. Il nostro modello di vendita diretta in fabbrica vi garantisce prodotti di alta qualit\u00e0 ai prezzi migliori. Grazie al nostro impegno nella personalizzazione, il Flight Case sar\u00e0 perfettamente adatto alle vostre esigenze, fornendo la migliore protezione possibile per le vostre apparecchiature. Contattate SX oggi stesso per scoprire come il nostro flight case pu\u00f2 migliorare la vostra attivit\u00e0 e salvaguardare le vostre apparecchiature.<\/p>\n<p><strong>Domande frequenti<\/strong><\/p>\n<p>D: Come possiamo ottenere un preventivo?<\/p>\n<p>A: Contattateci con le specifiche: come materiale, design, dimensioni, forma, colore, quantit\u00e0, finitura superficiale, ecc.<\/p>\n<p>D: Quali sono i termini di pagamento?<\/p>\n<p>A: T.T with 30% down payment, 70%before shipment or West Union also accept.<\/p>\n<p>D: Potete aiutarci con il design?<\/p>\n<p>A: S\u00ec, il design \u00e8 semplicemente gratuito, il design speciale deve essere pagato.<\/p>\n<p><strong>Il nostro servizio<\/strong><\/p>\n<p>La qualit\u00e0 \u00e8 sempre al primo posto<\/p>\n<p>* Prezzi ragionevoli<\/p>\n<p>* Servizio OEM fornito<\/p>\n<p>* Servizio post-vendita responsabile<\/p>\n<p>* Puntare a ottenere ordini di ripetizione da 90%customer dopo gli ordini di prova<\/p>\n<p>* Progredire insieme ai clienti<\/p>\n<p>Tag popolari: prezzo basso, in magazzino, campione gratuito, cavo di alimentazione e segnale, filo conduttore calibro 16 a 4 conduttori, custodia per supporto microfono, mobiletto espositivo a LED per esterni, montaggio su rack, flight case per mixer da 19&quot; per montaggio su rack, scatola di distribuzione elettrica, Cina, fornitori, fabbrica, personalizzato, all&#039;ingrosso, <span style=\"color: #993366;\"><a style=\"color: #993366;\" href=\"https:\/\/sxflightcase.com\/it\/product-category\/all-product\/power-distribution-boxes\/\">scatole di alimentazione<\/a>,\u00a0<a style=\"color: #993366;\" href=\"https:\/\/sxflightcase.com\/it\/product-category\/all-product\/hoist-controllers\/\">cavi di alimentazione<\/a>,\u00a0<a style=\"color: #993366;\" href=\"https:\/\/sxflightcase.com\/it\/product-category\/all-product\/hoist-controllers\/\">controllori di sollevamento<\/a>,\u00a0<a style=\"color: #993366;\" href=\"https:\/\/sxflightcase.com\/it\/product-category\/all-product\/flight-case\/\">custodie da viaggio.<\/a><\/span><\/p>","protected":false},"excerpt":{"rendered":"<h2 class=\"prodetails-name\">Flight Case 19\" Rack<\/h2>\n<p>Forniamo flight case 19\u2033 rack per offrire una protezione affidabile a ingranaggi e attrezzature costose durante l'uso, l'imballaggio, lo stoccaggio e il trasporto. Ci siamo dedicati al flight case per molti anni, coprendo la maggior parte del mercato americano e asiatico. Ci aspettiamo di diventare il vostro partner di lunga data in Cina.<\/p>\n<h2><strong>Introduzione alla produzione<\/strong><\/h2>\n<p>Shengxiang produce flight case dal 2001 ed \u00e8 progettato per proteggere il vostro investimento. Flight case rack da 19\u2033 con ripiano scorrevole rimovibile per laptop. Quattro piedini in gomma di livello industriale<\/p>","protected":false},"featured_media":1629,"comment_status":"open","ping_status":"closed","template":"","meta":[],"product_brand":[],"product_cat":[35],"product_tag":[54],"class_list":{"0":"post-1628","1":"product","2":"type-product","3":"status-publish","4":"has-post-thumbnail","6":"product_cat-standard-rack-cases","7":"product_tag-customize","9":"first","10":"instock","11":"shipping-taxable","12":"product-type-simple"},"yoast_head":"<!-- This site is optimized with the Yoast SEO Premium plugin v27.1 (Yoast SEO v27.2) - https:\/\/yoast.com\/product\/yoast-seo-premium-wordpress\/ -->\n<title>customize 19&#039;&#039; Flight Case Rack - https:\/\/sxflightcase.com \ud83d\udc97<\/title>\n<meta name=\"description\" content=\"Flight Case 19&#039;&#039; Rack: Explore our factory-direct options for professional customization, ensuring optimal organization and protection of your equipment.\" \/>\n<meta name=\"robots\" content=\"index, follow, max-snippet:-1, max-image-preview:large, max-video-preview:-1\" \/>\n<link rel=\"canonical\" href=\"https:\/\/sxflightcase.com\/it\/\u7522\u54c1\/\u98db\u884c\u7bb1-19-\u6a5f\u67b6\/\" \/>\n<meta property=\"og:locale\" content=\"it_IT\" \/>\n<meta property=\"og:type\" content=\"article\" \/>\n<meta property=\"og:title\" content=\"customize 19&#039;&#039; Flight Case Rack\" \/>\n<meta property=\"og:description\" content=\"Flight Case 19&#039;&#039; Rack: Explore our factory-direct options for professional customization, ensuring optimal organization and protection of your equipment.\" \/>\n<meta property=\"og:url\" content=\"https:\/\/sxflightcase.com\/it\/\u7522\u54c1\/\u98db\u884c\u7bb1-19-\u6a5f\u67b6\/\" \/>\n<meta property=\"og:site_name\" content=\"https:\/\/sxflightcase.com\" \/>\n<meta property=\"article:publisher\" content=\"https:\/\/www.facebook.com\/profile.php?id=61560407257971\" \/>\n<meta property=\"article:modified_time\" content=\"2024-07-16T02:18:29+00:00\" \/>\n<meta property=\"og:image\" content=\"https:\/\/sxflightcase.com\/wp-content\/uploads\/2024\/05\/flight-case-19-rack28315807855.webp\" \/>\n\t<meta property=\"og:image:width\" content=\"750\" \/>\n\t<meta property=\"og:image:height\" content=\"750\" \/>\n\t<meta property=\"og:image:type\" content=\"image\/webp\" \/>\n<meta name=\"twitter:card\" content=\"summary_large_image\" \/>\n<meta name=\"twitter:label1\" content=\"Tempo di lettura stimato\" \/>\n\t<meta name=\"twitter:data1\" content=\"3 minuti\" \/>\n<script type=\"application\/ld+json\" class=\"yoast-schema-graph\">{\"@context\":\"https:\/\/schema.org\",\"@graph\":[{\"@type\":\"WebPage\",\"@id\":\"https:\/\/sxflightcase.com\/zh_hk\/\u7522\u54c1\/\u98db\u884c\u7bb1-19-\u6a5f\u67b6\/\",\"url\":\"https:\/\/sxflightcase.com\/zh_hk\/\u7522\u54c1\/\u98db\u884c\u7bb1-19-\u6a5f\u67b6\/\",\"name\":\"customize 19'' Flight Case Rack - https:\/\/sxflightcase.com \ud83d\udc97\",\"isPartOf\":{\"@id\":\"https:\/\/sxflightcase.com\/th\/#website\"},\"primaryImageOfPage\":{\"@id\":\"https:\/\/sxflightcase.com\/zh_hk\/\u7522\u54c1\/\u98db\u884c\u7bb1-19-\u6a5f\u67b6\/#primaryimage\"},\"image\":{\"@id\":\"https:\/\/sxflightcase.com\/zh_hk\/\u7522\u54c1\/\u98db\u884c\u7bb1-19-\u6a5f\u67b6\/#primaryimage\"},\"thumbnailUrl\":\"https:\/\/sxflightcase.com\/wp-content\/uploads\/2024\/05\/flight-case-19-rack28315807855.webp\",\"datePublished\":\"2024-05-10T02:03:27+00:00\",\"dateModified\":\"2024-07-16T02:18:29+00:00\",\"description\":\"Flight Case 19'' Rack: Explore our factory-direct options for professional customization, ensuring optimal organization and protection of your equipment.\",\"breadcrumb\":{\"@id\":\"https:\/\/sxflightcase.com\/zh_hk\/\u7522\u54c1\/\u98db\u884c\u7bb1-19-\u6a5f\u67b6\/#breadcrumb\"},\"inLanguage\":\"it-IT\",\"potentialAction\":[{\"@type\":\"ReadAction\",\"target\":[\"https:\/\/sxflightcase.com\/zh_hk\/\u7522\u54c1\/\u98db\u884c\u7bb1-19-\u6a5f\u67b6\/\"]}]},{\"@type\":\"ImageObject\",\"inLanguage\":\"it-IT\",\"@id\":\"https:\/\/sxflightcase.com\/zh_hk\/\u7522\u54c1\/\u98db\u884c\u7bb1-19-\u6a5f\u67b6\/#primaryimage\",\"url\":\"https:\/\/sxflightcase.com\/wp-content\/uploads\/2024\/05\/flight-case-19-rack28315807855.webp\",\"contentUrl\":\"https:\/\/sxflightcase.com\/wp-content\/uploads\/2024\/05\/flight-case-19-rack28315807855.webp\",\"width\":750,\"height\":750,\"caption\":\"Flight Case 19'' Rack\"},{\"@type\":\"BreadcrumbList\",\"@id\":\"https:\/\/sxflightcase.com\/zh_hk\/\u7522\u54c1\/\u98db\u884c\u7bb1-19-\u6a5f\u67b6\/#breadcrumb\",\"itemListElement\":[{\"@type\":\"ListItem\",\"position\":1,\"name\":\"Home\",\"item\":\"https:\/\/sxflightcase.com\/\"},{\"@type\":\"ListItem\",\"position\":2,\"name\":\"\u0e2a\u0e34\u0e19\u0e04\u0e49\u0e32\",\"item\":\"https:\/\/sxflightcase.com\/th\/shop\/\"},{\"@type\":\"ListItem\",\"position\":3,\"name\":\"customize 19&#8221; Flight Case Rack\"}]},{\"@type\":\"WebSite\",\"@id\":\"https:\/\/sxflightcase.com\/th\/#website\",\"url\":\"https:\/\/sxflightcase.com\/th\/\",\"name\":\"sxpowercase.com\",\"description\":\"Flight Case Factory\",\"publisher\":{\"@id\":\"https:\/\/sxflightcase.com\/th\/#organization\"},\"potentialAction\":[{\"@type\":\"SearchAction\",\"target\":{\"@type\":\"EntryPoint\",\"urlTemplate\":\"https:\/\/sxflightcase.com\/th\/?s={search_term_string}\"},\"query-input\":{\"@type\":\"PropertyValueSpecification\",\"valueRequired\":true,\"valueName\":\"search_term_string\"}}],\"inLanguage\":\"it-IT\"},{\"@type\":\"Organization\",\"@id\":\"https:\/\/sxflightcase.com\/th\/#organization\",\"name\":\"sxpowercase.com\",\"url\":\"https:\/\/sxflightcase.com\/th\/\",\"logo\":{\"@type\":\"ImageObject\",\"inLanguage\":\"it-IT\",\"@id\":\"https:\/\/sxflightcase.com\/th\/#\/schema\/logo\/image\/\",\"url\":\"https:\/\/sxflightcase.com\/wp-content\/uploads\/2024\/04\/1713919036007.jpg\",\"contentUrl\":\"https:\/\/sxflightcase.com\/wp-content\/uploads\/2024\/04\/1713919036007.jpg\",\"width\":382,\"height\":388,\"caption\":\"sxpowercase.com\"},\"image\":{\"@id\":\"https:\/\/sxflightcase.com\/th\/#\/schema\/logo\/image\/\"},\"sameAs\":[\"https:\/\/www.facebook.com\/profile.php?id=61560407257971\"],\"numberOfEmployees\":{\"@type\":\"QuantitativeValue\",\"minValue\":\"11\",\"maxValue\":\"50\"}}]}<\/script>\n<!-- \/ Yoast SEO Premium plugin. -->","yoast_head_json":{"title":"customize 19'' Flight Case Rack - https:\/\/sxflightcase.com \ud83d\udc97","description":"Flight Case 19'' Rack: esplorate le nostre opzioni di personalizzazione professionale, che garantiscono un'organizzazione e una protezione ottimali delle vostre apparecchiature.","robots":{"index":"index","follow":"follow","max-snippet":"max-snippet:-1","max-image-preview":"max-image-preview:large","max-video-preview":"max-video-preview:-1"},"canonical":"https:\/\/sxflightcase.com\/it\/\u7522\u54c1\/\u98db\u884c\u7bb1-19-\u6a5f\u67b6\/","og_locale":"it_IT","og_type":"article","og_title":"customize 19'' Flight Case Rack","og_description":"Flight Case 19'' Rack: Explore our factory-direct options for professional customization, ensuring optimal organization and protection of your equipment.","og_url":"https:\/\/sxflightcase.com\/it\/\u7522\u54c1\/\u98db\u884c\u7bb1-19-\u6a5f\u67b6\/","og_site_name":"https:\/\/sxflightcase.com","article_publisher":"https:\/\/www.facebook.com\/profile.php?id=61560407257971","article_modified_time":"2024-07-16T02:18:29+00:00","og_image":[{"width":750,"height":750,"url":"https:\/\/sxflightcase.com\/wp-content\/uploads\/2024\/05\/flight-case-19-rack28315807855.webp","type":"image\/webp"}],"twitter_card":"summary_large_image","twitter_misc":{"Tempo di lettura stimato":"3 minuti"},"schema":{"@context":"https:\/\/schema.org","@graph":[{"@type":"WebPage","@id":"https:\/\/sxflightcase.com\/zh_hk\/\u7522\u54c1\/\u98db\u884c\u7bb1-19-\u6a5f\u67b6\/","url":"https:\/\/sxflightcase.com\/zh_hk\/\u7522\u54c1\/\u98db\u884c\u7bb1-19-\u6a5f\u67b6\/","name":"customize 19'' Flight Case Rack - https:\/\/sxflightcase.com \ud83d\udc97","isPartOf":{"@id":"https:\/\/sxflightcase.com\/th\/#website"},"primaryImageOfPage":{"@id":"https:\/\/sxflightcase.com\/zh_hk\/\u7522\u54c1\/\u98db\u884c\u7bb1-19-\u6a5f\u67b6\/#primaryimage"},"image":{"@id":"https:\/\/sxflightcase.com\/zh_hk\/\u7522\u54c1\/\u98db\u884c\u7bb1-19-\u6a5f\u67b6\/#primaryimage"},"thumbnailUrl":"https:\/\/sxflightcase.com\/wp-content\/uploads\/2024\/05\/flight-case-19-rack28315807855.webp","datePublished":"2024-05-10T02:03:27+00:00","dateModified":"2024-07-16T02:18:29+00:00","description":"Flight Case 19'' Rack: esplorate le nostre opzioni di personalizzazione professionale, che garantiscono un'organizzazione e una protezione ottimali delle vostre apparecchiature.","breadcrumb":{"@id":"https:\/\/sxflightcase.com\/zh_hk\/\u7522\u54c1\/\u98db\u884c\u7bb1-19-\u6a5f\u67b6\/#breadcrumb"},"inLanguage":"it-IT","potentialAction":[{"@type":"ReadAction","target":["https:\/\/sxflightcase.com\/zh_hk\/\u7522\u54c1\/\u98db\u884c\u7bb1-19-\u6a5f\u67b6\/"]}]},{"@type":"ImageObject","inLanguage":"it-IT","@id":"https:\/\/sxflightcase.com\/zh_hk\/\u7522\u54c1\/\u98db\u884c\u7bb1-19-\u6a5f\u67b6\/#primaryimage","url":"https:\/\/sxflightcase.com\/wp-content\/uploads\/2024\/05\/flight-case-19-rack28315807855.webp","contentUrl":"https:\/\/sxflightcase.com\/wp-content\/uploads\/2024\/05\/flight-case-19-rack28315807855.webp","width":750,"height":750,"caption":"Flight Case 19'' Rack"},{"@type":"BreadcrumbList","@id":"https:\/\/sxflightcase.com\/zh_hk\/\u7522\u54c1\/\u98db\u884c\u7bb1-19-\u6a5f\u67b6\/#breadcrumb","itemListElement":[{"@type":"ListItem","position":1,"name":"Home","item":"https:\/\/sxflightcase.com\/"},{"@type":"ListItem","position":2,"name":"\u0e2a\u0e34\u0e19\u0e04\u0e49\u0e32","item":"https:\/\/sxflightcase.com\/th\/shop\/"},{"@type":"ListItem","position":3,"name":"customize 19&#8221; Flight Case Rack"}]},{"@type":"WebSite","@id":"https:\/\/sxflightcase.com\/th\/#website","url":"https:\/\/sxflightcase.com\/th\/","name":"sxpowercase.com","description":"Fabbrica di Flight Case","publisher":{"@id":"https:\/\/sxflightcase.com\/th\/#organization"},"potentialAction":[{"@type":"SearchAction","target":{"@type":"EntryPoint","urlTemplate":"https:\/\/sxflightcase.com\/th\/?s={search_term_string}"},"query-input":{"@type":"PropertyValueSpecification","valueRequired":true,"valueName":"search_term_string"}}],"inLanguage":"it-IT"},{"@type":"Organization","@id":"https:\/\/sxflightcase.com\/th\/#organization","name":"sxpowercase.com","url":"https:\/\/sxflightcase.com\/th\/","logo":{"@type":"ImageObject","inLanguage":"it-IT","@id":"https:\/\/sxflightcase.com\/th\/#\/schema\/logo\/image\/","url":"https:\/\/sxflightcase.com\/wp-content\/uploads\/2024\/04\/1713919036007.jpg","contentUrl":"https:\/\/sxflightcase.com\/wp-content\/uploads\/2024\/04\/1713919036007.jpg","width":382,"height":388,"caption":"sxpowercase.com"},"image":{"@id":"https:\/\/sxflightcase.com\/th\/#\/schema\/logo\/image\/"},"sameAs":["https:\/\/www.facebook.com\/profile.php?id=61560407257971"],"numberOfEmployees":{"@type":"QuantitativeValue","minValue":"11","maxValue":"50"}}]}},"_links":{"self":[{"href":"https:\/\/sxflightcase.com\/it\/wp-json\/wp\/v2\/product\/1628","targetHints":{"allow":["GET"]}}],"collection":[{"href":"https:\/\/sxflightcase.com\/it\/wp-json\/wp\/v2\/product"}],"about":[{"href":"https:\/\/sxflightcase.com\/it\/wp-json\/wp\/v2\/types\/product"}],"replies":[{"embeddable":true,"href":"https:\/\/sxflightcase.com\/it\/wp-json\/wp\/v2\/comments?post=1628"}],"version-history":[{"count":0,"href":"https:\/\/sxflightcase.com\/it\/wp-json\/wp\/v2\/product\/1628\/revisions"}],"wp:featuredmedia":[{"embeddable":true,"href":"https:\/\/sxflightcase.com\/it\/wp-json\/wp\/v2\/media\/1629"}],"wp:attachment":[{"href":"https:\/\/sxflightcase.com\/it\/wp-json\/wp\/v2\/media?parent=1628"}],"wp:term":[{"taxonomy":"product_brand","embeddable":true,"href":"https:\/\/sxflightcase.com\/it\/wp-json\/wp\/v2\/product_brand?post=1628"},{"taxonomy":"product_cat","embeddable":true,"href":"https:\/\/sxflightcase.com\/it\/wp-json\/wp\/v2\/product_cat?post=1628"},{"taxonomy":"product_tag","embeddable":true,"href":"https:\/\/sxflightcase.com\/it\/wp-json\/wp\/v2\/product_tag?post=1628"}],"curies":[{"name":"wp","href":"https:\/\/api.w.org\/{rel}","templated":true}]}}