{"id":1655,"date":"2024-05-10T03:33:38","date_gmt":"2024-05-10T02:33:38","guid":{"rendered":"https:\/\/sxpowercase.com\/?post_type=product&#038;p=1655"},"modified":"2024-06-26T10:23:10","modified_gmt":"2024-06-26T09:23:10","slug":"12u-rack-flight-case","status":"publish","type":"product","link":"https:\/\/sxflightcase.com\/it\/prodotto\/flight-case-rack-12u\/","title":{"rendered":"Custodia MP 12u Rack Flight Case"},"content":{"rendered":"<h3><strong>Parametro del prodotto (specifica)<\/strong><\/h3>\n<section class=\"table-wrap\">\n<table class=\"table\" width=\"100%\" cellspacing=\"0\" cellpadding=\"0\">\n<tbody>\n<tr class=\"firstRow\">\n<td width=\"134\">Nome del prodotto:<\/td>\n<td width=\"503\">Flight case rack 12u<\/td>\n<\/tr>\n<tr>\n<td width=\"134\">Materiale e accessori:<\/td>\n<td width=\"503\">Compensato da 9 mm + ferramenta cromata\/zincata + estrusione di alluminio<br \/>\nCoperchi anteriori e posteriori rimovibili<\/td>\n<\/tr>\n<tr>\n<td width=\"134\">Rivestimento in schiuma:<\/td>\n<td width=\"503\">Schiuma di perle \/ Schiuma di EVA \/ Schiuma di uova ecc... regolare o su richiesta<\/td>\n<\/tr>\n<tr>\n<td width=\"134\">Colore:<\/td>\n<td width=\"503\">Nero (colore predefinito), rosso, blu, arancione, giallo, verde, ecc.<\/td>\n<\/tr>\n<tr>\n<td width=\"134\">Tempi di consegna:<\/td>\n<td width=\"503\">Ordine campione 3 giorni, ordine normale 7-15 giorni<\/td>\n<\/tr>\n<tr>\n<td width=\"134\">Dimensione:<\/td>\n<td width=\"503\">Dipende dalle dimensioni dell&#039;attrezzatura<\/td>\n<\/tr>\n<\/tbody>\n<\/table>\n<\/section>\n<h3>Valigia SX 12u Rack Flight Case: proteggete le vostre apparecchiature in tutta sicurezza<\/h3>\n<h4>Protezione affidabile per l'attrezzatura<\/h4>\n<p>Quando si tratta di trasportare apparecchiature delicate, la sicurezza non \u00e8 negoziabile. Il <a href=\"https:\/\/sxpowercase.com\/\" target=\"_blank\"  rel=\"noopener\" title=\"Sx\"  data-wpil-monitor-id=\"490\">Sx<\/a> 12u Rack Flight Case offre una solida protezione per le vostre preziose apparecchiature. Realizzato con materiali durevoli e progettato per resistere alle esigenze di viaggio, questo flight case garantisce che le vostre apparecchiature siano al sicuro da urti, vibrazioni e agenti atmosferici. Che siate musicisti in tour, professionisti del settore AV o tecnici industriali, affidatevi a SX per salvaguardare le vostre apparecchiature ovunque vi porti il viaggio.<\/p>\n<h4>Direttamente dalla fabbrica: Qualit\u00e0 e valore combinati<\/h4>\n<p>Noi di SX crediamo nella possibilit\u00e0 di fornire valore direttamente dalla nostra fabbrica alle vostre mani. Eliminando gli intermediari, offriamo il Flight Case 12u Rack a prezzi competitivi senza compromettere la qualit\u00e0. Il nostro approccio di vendita diretta non solo vi fa risparmiare denaro, ma garantisce anche un prodotto che soddisfa i nostri rigorosi standard di durata e affidabilit\u00e0. Elevate le vostre operazioni commerciali con i nostri flight case progettati per proteggere e migliorare le vostre apparecchiature.<\/p>\n<h4>Soluzioni su misura per le vostre esigenze<\/h4>\n<p>Siamo consapevoli che ogni cliente ha esigenze uniche. Ecco perch\u00e9 SX offre ampie possibilit\u00e0 di personalizzazione per il Flight Case 12u Rack. Se avete bisogno di dimensioni specifiche, di funzioni aggiuntive come la gestione dei cavi o di un marchio che rifletta la vostra identit\u00e0, i nostri servizi di personalizzazione assicurano che il flight case sia fatto su misura per voi. Migliorate l'efficienza e la professionalit\u00e0 con un flight case che non solo protegge ma rappresenta anche il vostro marchio con distinzione.<\/p>\n<hr \/>\n<h4>Partner di SX per una qualit\u00e0 e un servizio eccezionali<\/h4>\n<p>Scegliere il Flight Case SX 12u Rack significa investire in tranquillit\u00e0 e affidabilit\u00e0. Il nostro impegno nella vendita diretta in fabbrica e nelle soluzioni personalizzabili vi garantisce un prodotto che supera le aspettative. Proteggete le vostre preziose apparecchiature con fiducia, sapendo che i flight case SX sono progettati per resistere alle sfide dell'uso professionale. Affidatevi a SX per ottenere la qualit\u00e0 e il servizio che meritate, consentendovi di concentrarvi su ci\u00f2 che conta: il successo della vostra attivit\u00e0.<\/p>\n<p><strong>Domande frequenti<\/strong><\/p>\n<p>D: Quanto tempo impiegate per la consegna?<\/p>\n<p>R: Il tempo di consegna generale \u00e8 di 25-30 giorni dopo aver ricevuto la conferma d'ordine. Inoltre, se la merce \u00e8 disponibile in magazzino, ci vorranno solo 1-2 giorni.<\/p>\n<p>D: Possiamo usare il nostro logo?<\/p>\n<p>R: S\u00ec, possiamo stampare il tuo logo privato in base alla tua richiesta.<\/p>\n<p>D: Quante confezioni avete?<\/p>\n<p>R: Attualmente disponiamo di tre confezioni: scatola di cartone, sacchetto a bolle d'aria e carta kraft.<\/p>\n<p><strong>Controllo qualit\u00e0<\/strong><\/p>\n<p>Abbiamo la persona QC rimanere sulle linee di produzione fare per l'ispezione. Tutti i prodotti devono essere stati ispezionati prima della consegna. Facciamo l'ispezione in linea e l'ispezione finale.<\/p>\n<p>1.All materia prima controllata una volta che arriva la nostra fabbrica.<\/p>\n<p>2. Tutti i pezzi e il logo e tutti i dettagli sono controllati durante la produzione.<\/p>\n<p>3. Tutti i dettagli dell'imballaggio controllati durante la produzione.<\/p>\n<p>4. Tutta la qualit\u00e0 di produzione e l'imballaggio controllato sull'ispezione finale dopo finito.<\/p>\n<p>Tag popolari: prezzo basso, in magazzino, campione gratuito, cavo di alimentazione e segnale, filo conduttore calibro 16 a 4 conduttori, custodia per supporto microfono, mobiletto espositivo a LED per esterni, montaggio su rack, flight case per mixer da 19&quot; per montaggio su rack, scatola di distribuzione elettrica, Cina, fornitori, fabbrica, personalizzato, all&#039;ingrosso, <span style=\"color: #993366;\"><a style=\"color: #993366;\" href=\"https:\/\/sxflightcase.com\/it\/product-category\/all-product\/power-distribution-boxes\/\">scatole di alimentazione<\/a>,\u00a0<a style=\"color: #993366;\" href=\"https:\/\/sxflightcase.com\/it\/product-category\/all-product\/hoist-controllers\/\">cavi di alimentazione<\/a>,\u00a0<a style=\"color: #993366;\" href=\"https:\/\/sxflightcase.com\/it\/product-category\/all-product\/hoist-controllers\/\">controllori di sollevamento<\/a>,\u00a0<a style=\"color: #993366;\" href=\"https:\/\/sxflightcase.com\/it\/product-category\/all-product\/flight-case\/\">custodie da viaggio.<\/a><\/span><\/p>","protected":false},"excerpt":{"rendered":"<h2 class=\"prodetails-name\">Valigia rack 12u<\/h2>\n<p>Fondata nel 2001, siamo specializzati nella produzione di tutti i tipi di flight case a rack con un'area di officina di oltre 20.00 metri quadrati. Normalmente facciamo 12u rack flight case anche 16u, ma facciamo anche diverse dimensioni dipende dal vostro bisogno.<\/p>\n<h2><strong>Introduzione alla produzione<\/strong><\/h2>\n<p>Custodia per rack da 12u con linguetta e scanalatura in alluminio di facile bloccaggio. Foro di accesso ai cavi con copertura a emblema rimovibile e chiusure industriali a farfalla incassate con chiusura a torsione - predisposizione per lucchetto.<\/p>","protected":false},"featured_media":1656,"comment_status":"open","ping_status":"closed","template":"","meta":[],"product_brand":[],"product_cat":[35],"product_tag":[50],"class_list":{"0":"post-1655","1":"product","2":"type-product","3":"status-publish","4":"has-post-thumbnail","6":"product_cat-standard-rack-cases","7":"product_tag-mp","9":"first","10":"instock","11":"shipping-taxable","12":"product-type-simple"},"yoast_head":"<!-- This site is optimized with the Yoast SEO Premium plugin v27.1 (Yoast SEO v27.2) - https:\/\/yoast.com\/product\/yoast-seo-premium-wordpress\/ -->\n<title>MP 12u Rack Flight Case - https:\/\/sxflightcase.com \ud83d\udc97<\/title>\n<meta name=\"description\" content=\"12u Rack Flight Case: Discover our factory-direct options, offering professional customization for efficient organization and storage of your equipment.\" \/>\n<meta name=\"robots\" content=\"index, follow, max-snippet:-1, max-image-preview:large, max-video-preview:-1\" \/>\n<link rel=\"canonical\" href=\"https:\/\/sxflightcase.com\/it\/\u0645\u0646\u062a\u062c\/\u062d\u0642\u064a\u0628\u0629-\u0637\u064a\u0631\u0627\u0646-12-\u0648\u062d\u062f\u0629\/\" \/>\n<meta property=\"og:locale\" content=\"it_IT\" \/>\n<meta property=\"og:type\" content=\"article\" \/>\n<meta property=\"og:title\" content=\"MP 12u Rack Flight Case\" \/>\n<meta property=\"og:description\" content=\"12u Rack Flight Case: Discover our factory-direct options, offering professional customization for efficient organization and storage of your equipment.\" \/>\n<meta property=\"og:url\" content=\"https:\/\/sxflightcase.com\/it\/\u0645\u0646\u062a\u062c\/\u062d\u0642\u064a\u0628\u0629-\u0637\u064a\u0631\u0627\u0646-12-\u0648\u062d\u062f\u0629\/\" \/>\n<meta property=\"og:site_name\" content=\"https:\/\/sxflightcase.com\" \/>\n<meta property=\"article:publisher\" content=\"https:\/\/www.facebook.com\/profile.php?id=61560407257971\" \/>\n<meta property=\"article:modified_time\" content=\"2024-06-26T09:23:10+00:00\" \/>\n<meta property=\"og:image\" content=\"https:\/\/sxflightcase.com\/wp-content\/uploads\/2024\/05\/12u-rack-flight-case44398687814.webp\" \/>\n\t<meta property=\"og:image:width\" content=\"750\" \/>\n\t<meta property=\"og:image:height\" content=\"750\" \/>\n\t<meta property=\"og:image:type\" content=\"image\/webp\" \/>\n<meta name=\"twitter:card\" content=\"summary_large_image\" \/>\n<meta name=\"twitter:label1\" content=\"Tempo di lettura stimato\" \/>\n\t<meta name=\"twitter:data1\" content=\"4 minuti\" \/>\n<script type=\"application\/ld+json\" class=\"yoast-schema-graph\">{\"@context\":\"https:\/\/schema.org\",\"@graph\":[{\"@type\":\"WebPage\",\"@id\":\"https:\/\/sxflightcase.com\/ary\/\u0645\u0646\u062a\u062c\/\u062d\u0642\u064a\u0628\u0629-\u0637\u064a\u0631\u0627\u0646-12-\u0648\u062d\u062f\u0629\/\",\"url\":\"https:\/\/sxflightcase.com\/ary\/\u0645\u0646\u062a\u062c\/\u062d\u0642\u064a\u0628\u0629-\u0637\u064a\u0631\u0627\u0646-12-\u0648\u062d\u062f\u0629\/\",\"name\":\"MP 12u Rack Flight Case - https:\/\/sxflightcase.com \ud83d\udc97\",\"isPartOf\":{\"@id\":\"https:\/\/sxflightcase.com\/th\/#website\"},\"primaryImageOfPage\":{\"@id\":\"https:\/\/sxflightcase.com\/ary\/\u0645\u0646\u062a\u062c\/\u062d\u0642\u064a\u0628\u0629-\u0637\u064a\u0631\u0627\u0646-12-\u0648\u062d\u062f\u0629\/#primaryimage\"},\"image\":{\"@id\":\"https:\/\/sxflightcase.com\/ary\/\u0645\u0646\u062a\u062c\/\u062d\u0642\u064a\u0628\u0629-\u0637\u064a\u0631\u0627\u0646-12-\u0648\u062d\u062f\u0629\/#primaryimage\"},\"thumbnailUrl\":\"https:\/\/sxflightcase.com\/wp-content\/uploads\/2024\/05\/12u-rack-flight-case44398687814.webp\",\"datePublished\":\"2024-05-10T02:33:38+00:00\",\"dateModified\":\"2024-06-26T09:23:10+00:00\",\"description\":\"12u Rack Flight Case: Discover our factory-direct options, offering professional customization for efficient organization and storage of your equipment.\",\"breadcrumb\":{\"@id\":\"https:\/\/sxflightcase.com\/ary\/\u0645\u0646\u062a\u062c\/\u062d\u0642\u064a\u0628\u0629-\u0637\u064a\u0631\u0627\u0646-12-\u0648\u062d\u062f\u0629\/#breadcrumb\"},\"inLanguage\":\"it-IT\",\"potentialAction\":[{\"@type\":\"ReadAction\",\"target\":[\"https:\/\/sxflightcase.com\/ary\/\u0645\u0646\u062a\u062c\/\u062d\u0642\u064a\u0628\u0629-\u0637\u064a\u0631\u0627\u0646-12-\u0648\u062d\u062f\u0629\/\"]}]},{\"@type\":\"ImageObject\",\"inLanguage\":\"it-IT\",\"@id\":\"https:\/\/sxflightcase.com\/ary\/\u0645\u0646\u062a\u062c\/\u062d\u0642\u064a\u0628\u0629-\u0637\u064a\u0631\u0627\u0646-12-\u0648\u062d\u062f\u0629\/#primaryimage\",\"url\":\"https:\/\/sxflightcase.com\/wp-content\/uploads\/2024\/05\/12u-rack-flight-case44398687814.webp\",\"contentUrl\":\"https:\/\/sxflightcase.com\/wp-content\/uploads\/2024\/05\/12u-rack-flight-case44398687814.webp\",\"width\":750,\"height\":750,\"caption\":\"12u Rack Flight Case\"},{\"@type\":\"BreadcrumbList\",\"@id\":\"https:\/\/sxflightcase.com\/ary\/\u0645\u0646\u062a\u062c\/\u062d\u0642\u064a\u0628\u0629-\u0637\u064a\u0631\u0627\u0646-12-\u0648\u062d\u062f\u0629\/#breadcrumb\",\"itemListElement\":[{\"@type\":\"ListItem\",\"position\":1,\"name\":\"Home\",\"item\":\"https:\/\/sxflightcase.com\/\"},{\"@type\":\"ListItem\",\"position\":2,\"name\":\"\u0e2a\u0e34\u0e19\u0e04\u0e49\u0e32\",\"item\":\"https:\/\/sxflightcase.com\/th\/shop\/\"},{\"@type\":\"ListItem\",\"position\":3,\"name\":\"MP 12u Rack Flight Case\"}]},{\"@type\":\"WebSite\",\"@id\":\"https:\/\/sxflightcase.com\/th\/#website\",\"url\":\"https:\/\/sxflightcase.com\/th\/\",\"name\":\"sxpowercase.com\",\"description\":\"Flight Case Factory\",\"publisher\":{\"@id\":\"https:\/\/sxflightcase.com\/th\/#organization\"},\"potentialAction\":[{\"@type\":\"SearchAction\",\"target\":{\"@type\":\"EntryPoint\",\"urlTemplate\":\"https:\/\/sxflightcase.com\/th\/?s={search_term_string}\"},\"query-input\":{\"@type\":\"PropertyValueSpecification\",\"valueRequired\":true,\"valueName\":\"search_term_string\"}}],\"inLanguage\":\"it-IT\"},{\"@type\":\"Organization\",\"@id\":\"https:\/\/sxflightcase.com\/th\/#organization\",\"name\":\"sxpowercase.com\",\"url\":\"https:\/\/sxflightcase.com\/th\/\",\"logo\":{\"@type\":\"ImageObject\",\"inLanguage\":\"it-IT\",\"@id\":\"https:\/\/sxflightcase.com\/th\/#\/schema\/logo\/image\/\",\"url\":\"https:\/\/sxflightcase.com\/wp-content\/uploads\/2024\/04\/1713919036007.jpg\",\"contentUrl\":\"https:\/\/sxflightcase.com\/wp-content\/uploads\/2024\/04\/1713919036007.jpg\",\"width\":382,\"height\":388,\"caption\":\"sxpowercase.com\"},\"image\":{\"@id\":\"https:\/\/sxflightcase.com\/th\/#\/schema\/logo\/image\/\"},\"sameAs\":[\"https:\/\/www.facebook.com\/profile.php?id=61560407257971\"],\"numberOfEmployees\":{\"@type\":\"QuantitativeValue\",\"minValue\":\"11\",\"maxValue\":\"50\"}}]}<\/script>\n<!-- \/ Yoast SEO Premium plugin. -->","yoast_head_json":{"title":"MP 12u Rack Flight Case - https:\/\/sxflightcase.com \ud83d\udc97","description":"Valigia rack Flight da 12u: Scoprite le nostre opzioni dirette alla fabbrica, che offrono una personalizzazione professionale per l'organizzazione e l'archiviazione efficiente delle vostre apparecchiature.","robots":{"index":"index","follow":"follow","max-snippet":"max-snippet:-1","max-image-preview":"max-image-preview:large","max-video-preview":"max-video-preview:-1"},"canonical":"https:\/\/sxflightcase.com\/it\/\u0645\u0646\u062a\u062c\/\u062d\u0642\u064a\u0628\u0629-\u0637\u064a\u0631\u0627\u0646-12-\u0648\u062d\u062f\u0629\/","og_locale":"it_IT","og_type":"article","og_title":"MP 12u Rack Flight Case","og_description":"12u Rack Flight Case: Discover our factory-direct options, offering professional customization for efficient organization and storage of your equipment.","og_url":"https:\/\/sxflightcase.com\/it\/\u0645\u0646\u062a\u062c\/\u062d\u0642\u064a\u0628\u0629-\u0637\u064a\u0631\u0627\u0646-12-\u0648\u062d\u062f\u0629\/","og_site_name":"https:\/\/sxflightcase.com","article_publisher":"https:\/\/www.facebook.com\/profile.php?id=61560407257971","article_modified_time":"2024-06-26T09:23:10+00:00","og_image":[{"width":750,"height":750,"url":"https:\/\/sxflightcase.com\/wp-content\/uploads\/2024\/05\/12u-rack-flight-case44398687814.webp","type":"image\/webp"}],"twitter_card":"summary_large_image","twitter_misc":{"Tempo di lettura stimato":"4 minuti"},"schema":{"@context":"https:\/\/schema.org","@graph":[{"@type":"WebPage","@id":"https:\/\/sxflightcase.com\/ary\/\u0645\u0646\u062a\u062c\/\u062d\u0642\u064a\u0628\u0629-\u0637\u064a\u0631\u0627\u0646-12-\u0648\u062d\u062f\u0629\/","url":"https:\/\/sxflightcase.com\/ary\/\u0645\u0646\u062a\u062c\/\u062d\u0642\u064a\u0628\u0629-\u0637\u064a\u0631\u0627\u0646-12-\u0648\u062d\u062f\u0629\/","name":"MP 12u Rack Flight Case - https:\/\/sxflightcase.com \ud83d\udc97","isPartOf":{"@id":"https:\/\/sxflightcase.com\/th\/#website"},"primaryImageOfPage":{"@id":"https:\/\/sxflightcase.com\/ary\/\u0645\u0646\u062a\u062c\/\u062d\u0642\u064a\u0628\u0629-\u0637\u064a\u0631\u0627\u0646-12-\u0648\u062d\u062f\u0629\/#primaryimage"},"image":{"@id":"https:\/\/sxflightcase.com\/ary\/\u0645\u0646\u062a\u062c\/\u062d\u0642\u064a\u0628\u0629-\u0637\u064a\u0631\u0627\u0646-12-\u0648\u062d\u062f\u0629\/#primaryimage"},"thumbnailUrl":"https:\/\/sxflightcase.com\/wp-content\/uploads\/2024\/05\/12u-rack-flight-case44398687814.webp","datePublished":"2024-05-10T02:33:38+00:00","dateModified":"2024-06-26T09:23:10+00:00","description":"Valigia rack Flight da 12u: Scoprite le nostre opzioni dirette alla fabbrica, che offrono una personalizzazione professionale per l'organizzazione e l'archiviazione efficiente delle vostre apparecchiature.","breadcrumb":{"@id":"https:\/\/sxflightcase.com\/ary\/\u0645\u0646\u062a\u062c\/\u062d\u0642\u064a\u0628\u0629-\u0637\u064a\u0631\u0627\u0646-12-\u0648\u062d\u062f\u0629\/#breadcrumb"},"inLanguage":"it-IT","potentialAction":[{"@type":"ReadAction","target":["https:\/\/sxflightcase.com\/ary\/\u0645\u0646\u062a\u062c\/\u062d\u0642\u064a\u0628\u0629-\u0637\u064a\u0631\u0627\u0646-12-\u0648\u062d\u062f\u0629\/"]}]},{"@type":"ImageObject","inLanguage":"it-IT","@id":"https:\/\/sxflightcase.com\/ary\/\u0645\u0646\u062a\u062c\/\u062d\u0642\u064a\u0628\u0629-\u0637\u064a\u0631\u0627\u0646-12-\u0648\u062d\u062f\u0629\/#primaryimage","url":"https:\/\/sxflightcase.com\/wp-content\/uploads\/2024\/05\/12u-rack-flight-case44398687814.webp","contentUrl":"https:\/\/sxflightcase.com\/wp-content\/uploads\/2024\/05\/12u-rack-flight-case44398687814.webp","width":750,"height":750,"caption":"12u Rack Flight Case"},{"@type":"BreadcrumbList","@id":"https:\/\/sxflightcase.com\/ary\/\u0645\u0646\u062a\u062c\/\u062d\u0642\u064a\u0628\u0629-\u0637\u064a\u0631\u0627\u0646-12-\u0648\u062d\u062f\u0629\/#breadcrumb","itemListElement":[{"@type":"ListItem","position":1,"name":"Home","item":"https:\/\/sxflightcase.com\/"},{"@type":"ListItem","position":2,"name":"\u0e2a\u0e34\u0e19\u0e04\u0e49\u0e32","item":"https:\/\/sxflightcase.com\/th\/shop\/"},{"@type":"ListItem","position":3,"name":"MP 12u Rack Flight Case"}]},{"@type":"WebSite","@id":"https:\/\/sxflightcase.com\/th\/#website","url":"https:\/\/sxflightcase.com\/th\/","name":"sxpowercase.com","description":"Fabbrica di Flight Case","publisher":{"@id":"https:\/\/sxflightcase.com\/th\/#organization"},"potentialAction":[{"@type":"SearchAction","target":{"@type":"EntryPoint","urlTemplate":"https:\/\/sxflightcase.com\/th\/?s={search_term_string}"},"query-input":{"@type":"PropertyValueSpecification","valueRequired":true,"valueName":"search_term_string"}}],"inLanguage":"it-IT"},{"@type":"Organization","@id":"https:\/\/sxflightcase.com\/th\/#organization","name":"sxpowercase.com","url":"https:\/\/sxflightcase.com\/th\/","logo":{"@type":"ImageObject","inLanguage":"it-IT","@id":"https:\/\/sxflightcase.com\/th\/#\/schema\/logo\/image\/","url":"https:\/\/sxflightcase.com\/wp-content\/uploads\/2024\/04\/1713919036007.jpg","contentUrl":"https:\/\/sxflightcase.com\/wp-content\/uploads\/2024\/04\/1713919036007.jpg","width":382,"height":388,"caption":"sxpowercase.com"},"image":{"@id":"https:\/\/sxflightcase.com\/th\/#\/schema\/logo\/image\/"},"sameAs":["https:\/\/www.facebook.com\/profile.php?id=61560407257971"],"numberOfEmployees":{"@type":"QuantitativeValue","minValue":"11","maxValue":"50"}}]}},"_links":{"self":[{"href":"https:\/\/sxflightcase.com\/it\/wp-json\/wp\/v2\/product\/1655","targetHints":{"allow":["GET"]}}],"collection":[{"href":"https:\/\/sxflightcase.com\/it\/wp-json\/wp\/v2\/product"}],"about":[{"href":"https:\/\/sxflightcase.com\/it\/wp-json\/wp\/v2\/types\/product"}],"replies":[{"embeddable":true,"href":"https:\/\/sxflightcase.com\/it\/wp-json\/wp\/v2\/comments?post=1655"}],"version-history":[{"count":0,"href":"https:\/\/sxflightcase.com\/it\/wp-json\/wp\/v2\/product\/1655\/revisions"}],"wp:featuredmedia":[{"embeddable":true,"href":"https:\/\/sxflightcase.com\/it\/wp-json\/wp\/v2\/media\/1656"}],"wp:attachment":[{"href":"https:\/\/sxflightcase.com\/it\/wp-json\/wp\/v2\/media?parent=1655"}],"wp:term":[{"taxonomy":"product_brand","embeddable":true,"href":"https:\/\/sxflightcase.com\/it\/wp-json\/wp\/v2\/product_brand?post=1655"},{"taxonomy":"product_cat","embeddable":true,"href":"https:\/\/sxflightcase.com\/it\/wp-json\/wp\/v2\/product_cat?post=1655"},{"taxonomy":"product_tag","embeddable":true,"href":"https:\/\/sxflightcase.com\/it\/wp-json\/wp\/v2\/product_tag?post=1655"}],"curies":[{"name":"wp","href":"https:\/\/api.w.org\/{rel}","templated":true}]}}