{"id":1678,"date":"2024-05-10T03:52:10","date_gmt":"2024-05-10T02:52:10","guid":{"rendered":"https:\/\/sxpowercase.com\/?post_type=product&#038;p=1678"},"modified":"2024-07-16T02:59:52","modified_gmt":"2024-07-16T01:59:52","slug":"2u-flight-case","status":"publish","type":"product","link":"https:\/\/sxflightcase.com\/it\/prodotto\/flight-case-2u-2\/","title":{"rendered":"Custodia da volo FP 2u"},"content":{"rendered":"<p><strong>Parametro del prodotto (specifica)<\/strong><\/p>\n<section class=\"table-wrap\">\n<table class=\"table\" width=\"100%\" cellspacing=\"0\" cellpadding=\"0\">\n<tbody>\n<tr class=\"firstRow\">\n<td width=\"134\">Nome del prodotto:<\/td>\n<td width=\"503\">Flight case 2u<\/td>\n<\/tr>\n<tr>\n<td width=\"134\">Materiale:<\/td>\n<td width=\"503\">Compensato da 9 mm + ferramenta cromata\/zincata + estrusione di alluminio<\/td>\n<\/tr>\n<tr>\n<td width=\"134\">Rivestimento in schiuma:<\/td>\n<td width=\"503\">Schiuma di perle \/ Schiuma di EVA \/ Schiuma di uova ecc... regolare o su richiesta<\/td>\n<\/tr>\n<tr>\n<td width=\"134\">Colore:<\/td>\n<td width=\"503\">Nero (colore predefinito), rosso, blu, arancione, giallo, verde, ecc.<\/td>\n<\/tr>\n<tr>\n<td width=\"134\">Tempi di consegna:<\/td>\n<td width=\"503\">Ordine campione 3 giorni, ordine normale 7-15 giorni<\/td>\n<\/tr>\n<tr>\n<td width=\"134\">Dimensione:<\/td>\n<td width=\"503\">Dipende dalle dimensioni dell&#039;attrezzatura<\/td>\n<\/tr>\n<\/tbody>\n<\/table>\n<\/section>\n<h1>Valigia SX 2U: Protezione compatta per l'attrezzatura<\/h1>\n<h2>Affidabile e compatto<\/h2>\n<p>Quando si trasportano apparecchiature di valore, le dimensioni e la resistenza della valigia sono importanti. Il <a href=\"https:\/\/sxpowercase.com\/\" target=\"_blank\" rel=\"noopener\" title=\"Sx\" data-wpil-monitor-id=\"472\">Sx<\/a> 2U Flight Case offre un perfetto equilibrio tra design compatto e protezione robusta. Ideale per musicisti, DJ e tecnici audio, questa valigia garantisce la sicurezza delle vostre apparecchiature, indipendentemente da dove vi porti il vostro lavoro.<\/p>\n<h2>Vendite dirette in fabbrica per il massimo risparmio<\/h2>\n<h3>Valore ineguagliabile<\/h3>\n<p>SX crede nella fornitura di prodotti di altissimo livello a prezzi imbattibili. Sfruttando le vendite dirette in fabbrica, eliminiamo l'intermediario, offrendo il Flight Case 2U a un prezzo conveniente senza compromettere la qualit\u00e0. Questo approccio garantisce il miglior valore per il vostro investimento, aiutandovi a rispettare il budget e a proteggere la vostra attrezzatura.<\/p>\n<h2>Personalizzazione per le vostre esigenze specifiche<\/h2>\n<h3>Su misura per la perfezione<\/h3>\n<p>Ogni configurazione professionale \u00e8 unica, per questo SX offre ampie possibilit\u00e0 di personalizzazione per il Flight Case 2U. Che abbiate bisogno di un'imbottitura aggiuntiva, di scomparti specializzati o di dimensioni specifiche, i nostri servizi di personalizzazione assicurano che il flight case soddisfi esattamente le vostre esigenze. Proteggete le vostre apparecchiature con una custodia progettata appositamente per voi.<\/p>\n<h2>Migliorate la vostra immagine professionale<\/h2>\n<h3>Design resistente ed elegante<\/h3>\n<p>Il Flight Case SX 2U non solo offre una protezione eccellente, ma rafforza anche la vostra immagine professionale. Il suo design elegante e resistente riflette il vostro impegno per la qualit\u00e0 e l'affidabilit\u00e0. Impressionate clienti e colleghi con un flight case che ha lo stesso aspetto delle sue prestazioni, assicurando che le vostre apparecchiature siano sempre presentate nella migliore luce possibile.<\/p>\n<hr \/>\n<h2>Perch\u00e9 scegliere SX?<\/h2>\n<p>Scegliere il Flight Case SX 2U significa investire in un prodotto che combina protezione, personalizzazione e valore superiori. Il nostro modello di vendita diretta in fabbrica e la dedizione a materiali di alta qualit\u00e0 garantiscono un flight case che soddisfa le vostre esigenze. Elevate la vostra attivit\u00e0 con un flight case che resiste ai rigori del viaggio e mette in mostra la vostra professionalit\u00e0.<\/p>\n<p>Contattateci oggi stesso per saperne di pi\u00f9 sul nostro flight case 2U e per scoprire come le nostre opzioni di personalizzazione possono esservi utili. Affidatevi a SX per tutte le vostre esigenze di flight case e provate la differenza che fanno la qualit\u00e0 e il valore.<\/p>\n<p><strong>Domande frequenti<\/strong><\/p>\n<p>D: Siete una societ\u00e0 commerciale o un produttore?<\/p>\n<p>R: Siamo produttori professionali specializzati in prodotti ortopedici e sportivi. E commerciamo i nostri prodotti direttamente con i nostri clienti.<\/p>\n<p>D: Quante confezioni avete?<\/p>\n<p>R: Abbiamo tre pacchetti che comprendono scatola di cartone, sacchetto a bolle d'aria, cartone per l'esportazione con carta termoretraibile.<\/p>\n<p>D: Potete realizzare il nostro imballaggio?<\/p>\n<p>R: S\u00ec, basta fornire il design della confezione e noi produrremo ci\u00f2 che desiderate. Abbiamo anche un designer professionista che pu\u00f2 aiutarvi a progettare l'imballaggio.<\/p>\n<p>Tag popolari: prezzo basso, in magazzino, campione gratuito, cavo di alimentazione e segnale, filo conduttore calibro 16 a 4 conduttori, custodia per supporto microfono, mobiletto espositivo a LED per esterni, montaggio su rack, flight case per mixer da 19&quot; per montaggio su rack, scatola di distribuzione elettrica, Cina, fornitori, fabbrica, personalizzato, all&#039;ingrosso, <span style=\"color: #993366;\"><a style=\"color: #993366;\" href=\"https:\/\/sxflightcase.com\/it\/product-category\/all-product\/power-distribution-boxes\/\">scatole di alimentazione<\/a>,\u00a0<a style=\"color: #993366;\" href=\"https:\/\/sxflightcase.com\/it\/product-category\/all-product\/hoist-controllers\/\">cavi di alimentazione<\/a>,\u00a0<a style=\"color: #993366;\" href=\"https:\/\/sxflightcase.com\/it\/product-category\/all-product\/hoist-controllers\/\">controllori di sollevamento<\/a>,\u00a0<a style=\"color: #993366;\" href=\"https:\/\/sxflightcase.com\/it\/product-category\/all-product\/flight-case\/\">custodie da viaggio.<\/a><\/span><\/p>","protected":false},"excerpt":{"rendered":"<h1 class=\"prodetails-name\">Valigia da volo 2u<\/h1>\n<p>Forniamo flight case 2u dal design semplice, dall'aspetto elegante, comodo e facile da usare.<\/p>\n<h2><strong>Introduzione alla produzione<\/strong><\/h2>\n<p>Questo flight case da 2u \u00e8 la soluzione perfetta per il check-in delle apparecchiature su un volo o per portarle in viaggio. Questo contenitore \u00e8 ideale anche per apparecchiature audio, fiere, attrezzature di produzione e molto altro ancora. Il formato standard da 19 pollici offre il volume assoluto necessario per sistemare le apparecchiature.<\/p>","protected":false},"featured_media":1679,"comment_status":"open","ping_status":"closed","template":"","meta":[],"product_brand":[],"product_cat":[35],"product_tag":[53],"class_list":{"0":"post-1678","1":"product","2":"type-product","3":"status-publish","4":"has-post-thumbnail","6":"product_cat-standard-rack-cases","7":"product_tag-fp","9":"first","10":"instock","11":"shipping-taxable","12":"product-type-simple"},"yoast_head":"<!-- This site is optimized with the Yoast SEO Premium plugin v27.1 (Yoast SEO v27.2) - https:\/\/yoast.com\/product\/yoast-seo-premium-wordpress\/ -->\n<title>FP 2u Flight Case - https:\/\/sxflightcase.com \ud83d\udc97<\/title>\n<meta name=\"description\" content=\"2u Flight Case: Explore our factory-direct options for professional customization, ensuring optimal organization and protection of your equipment.\" \/>\n<meta name=\"robots\" content=\"index, follow, max-snippet:-1, max-image-preview:large, max-video-preview:-1\" \/>\n<link rel=\"canonical\" href=\"https:\/\/sxflightcase.com\/it\/produk\/2u-flight-case\/\" \/>\n<meta property=\"og:locale\" content=\"it_IT\" \/>\n<meta property=\"og:type\" content=\"article\" \/>\n<meta property=\"og:title\" content=\"FP 2u Flight Case\" \/>\n<meta property=\"og:description\" content=\"2u Flight Case: Explore our factory-direct options for professional customization, ensuring optimal organization and protection of your equipment.\" \/>\n<meta property=\"og:url\" content=\"https:\/\/sxflightcase.com\/it\/produk\/2u-flight-case\/\" \/>\n<meta property=\"og:site_name\" content=\"https:\/\/sxflightcase.com\" \/>\n<meta property=\"article:publisher\" content=\"https:\/\/www.facebook.com\/profile.php?id=61560407257971\" \/>\n<meta property=\"article:modified_time\" content=\"2024-07-16T01:59:52+00:00\" \/>\n<meta property=\"og:image\" content=\"https:\/\/sxflightcase.com\/wp-content\/uploads\/2024\/05\/2u-flight-case40424278055.webp\" \/>\n\t<meta property=\"og:image:width\" content=\"750\" \/>\n\t<meta property=\"og:image:height\" content=\"750\" \/>\n\t<meta property=\"og:image:type\" content=\"image\/webp\" \/>\n<meta name=\"twitter:card\" content=\"summary_large_image\" \/>\n<meta name=\"twitter:label1\" content=\"Tempo di lettura stimato\" \/>\n\t<meta name=\"twitter:data1\" content=\"4 minuti\" \/>\n<script type=\"application\/ld+json\" class=\"yoast-schema-graph\">{\"@context\":\"https:\/\/schema.org\",\"@graph\":[{\"@type\":\"WebPage\",\"@id\":\"https:\/\/sxflightcase.com\/af\/produk\/2u-flight-case\/\",\"url\":\"https:\/\/sxflightcase.com\/af\/produk\/2u-flight-case\/\",\"name\":\"FP 2u Flight Case - https:\/\/sxflightcase.com \ud83d\udc97\",\"isPartOf\":{\"@id\":\"https:\/\/sxflightcase.com\/th\/#website\"},\"primaryImageOfPage\":{\"@id\":\"https:\/\/sxflightcase.com\/af\/produk\/2u-flight-case\/#primaryimage\"},\"image\":{\"@id\":\"https:\/\/sxflightcase.com\/af\/produk\/2u-flight-case\/#primaryimage\"},\"thumbnailUrl\":\"https:\/\/sxflightcase.com\/wp-content\/uploads\/2024\/05\/2u-flight-case40424278055.webp\",\"datePublished\":\"2024-05-10T02:52:10+00:00\",\"dateModified\":\"2024-07-16T01:59:52+00:00\",\"description\":\"2u Flight Case: Explore our factory-direct options for professional customization, ensuring optimal organization and protection of your equipment.\",\"breadcrumb\":{\"@id\":\"https:\/\/sxflightcase.com\/af\/produk\/2u-flight-case\/#breadcrumb\"},\"inLanguage\":\"it-IT\",\"potentialAction\":[{\"@type\":\"ReadAction\",\"target\":[\"https:\/\/sxflightcase.com\/af\/produk\/2u-flight-case\/\"]}]},{\"@type\":\"ImageObject\",\"inLanguage\":\"it-IT\",\"@id\":\"https:\/\/sxflightcase.com\/af\/produk\/2u-flight-case\/#primaryimage\",\"url\":\"https:\/\/sxflightcase.com\/wp-content\/uploads\/2024\/05\/2u-flight-case40424278055.webp\",\"contentUrl\":\"https:\/\/sxflightcase.com\/wp-content\/uploads\/2024\/05\/2u-flight-case40424278055.webp\",\"width\":750,\"height\":750,\"caption\":\"2u Flight Case\"},{\"@type\":\"BreadcrumbList\",\"@id\":\"https:\/\/sxflightcase.com\/af\/produk\/2u-flight-case\/#breadcrumb\",\"itemListElement\":[{\"@type\":\"ListItem\",\"position\":1,\"name\":\"Home\",\"item\":\"https:\/\/sxflightcase.com\/\"},{\"@type\":\"ListItem\",\"position\":2,\"name\":\"\u0e2a\u0e34\u0e19\u0e04\u0e49\u0e32\",\"item\":\"https:\/\/sxflightcase.com\/th\/shop\/\"},{\"@type\":\"ListItem\",\"position\":3,\"name\":\"FP 2u Flight Case\"}]},{\"@type\":\"WebSite\",\"@id\":\"https:\/\/sxflightcase.com\/th\/#website\",\"url\":\"https:\/\/sxflightcase.com\/th\/\",\"name\":\"sxpowercase.com\",\"description\":\"Flight Case Factory\",\"publisher\":{\"@id\":\"https:\/\/sxflightcase.com\/th\/#organization\"},\"potentialAction\":[{\"@type\":\"SearchAction\",\"target\":{\"@type\":\"EntryPoint\",\"urlTemplate\":\"https:\/\/sxflightcase.com\/th\/?s={search_term_string}\"},\"query-input\":{\"@type\":\"PropertyValueSpecification\",\"valueRequired\":true,\"valueName\":\"search_term_string\"}}],\"inLanguage\":\"it-IT\"},{\"@type\":\"Organization\",\"@id\":\"https:\/\/sxflightcase.com\/th\/#organization\",\"name\":\"sxpowercase.com\",\"url\":\"https:\/\/sxflightcase.com\/th\/\",\"logo\":{\"@type\":\"ImageObject\",\"inLanguage\":\"it-IT\",\"@id\":\"https:\/\/sxflightcase.com\/th\/#\/schema\/logo\/image\/\",\"url\":\"https:\/\/sxflightcase.com\/wp-content\/uploads\/2024\/04\/1713919036007.jpg\",\"contentUrl\":\"https:\/\/sxflightcase.com\/wp-content\/uploads\/2024\/04\/1713919036007.jpg\",\"width\":382,\"height\":388,\"caption\":\"sxpowercase.com\"},\"image\":{\"@id\":\"https:\/\/sxflightcase.com\/th\/#\/schema\/logo\/image\/\"},\"sameAs\":[\"https:\/\/www.facebook.com\/profile.php?id=61560407257971\"],\"numberOfEmployees\":{\"@type\":\"QuantitativeValue\",\"minValue\":\"11\",\"maxValue\":\"50\"}}]}<\/script>\n<!-- \/ Yoast SEO Premium plugin. -->","yoast_head_json":{"title":"FP 2u Flight Case - https:\/\/sxflightcase.com \ud83d\udc97","description":"Flight Case 2u: esplorate le nostre opzioni di personalizzazione professionale, che garantiscono un'organizzazione e una protezione ottimali delle vostre apparecchiature.","robots":{"index":"index","follow":"follow","max-snippet":"max-snippet:-1","max-image-preview":"max-image-preview:large","max-video-preview":"max-video-preview:-1"},"canonical":"https:\/\/sxflightcase.com\/it\/produk\/2u-flight-case\/","og_locale":"it_IT","og_type":"article","og_title":"FP 2u Flight Case","og_description":"2u Flight Case: Explore our factory-direct options for professional customization, ensuring optimal organization and protection of your equipment.","og_url":"https:\/\/sxflightcase.com\/it\/produk\/2u-flight-case\/","og_site_name":"https:\/\/sxflightcase.com","article_publisher":"https:\/\/www.facebook.com\/profile.php?id=61560407257971","article_modified_time":"2024-07-16T01:59:52+00:00","og_image":[{"width":750,"height":750,"url":"https:\/\/sxflightcase.com\/wp-content\/uploads\/2024\/05\/2u-flight-case40424278055.webp","type":"image\/webp"}],"twitter_card":"summary_large_image","twitter_misc":{"Tempo di lettura stimato":"4 minuti"},"schema":{"@context":"https:\/\/schema.org","@graph":[{"@type":"WebPage","@id":"https:\/\/sxflightcase.com\/af\/produk\/2u-flight-case\/","url":"https:\/\/sxflightcase.com\/af\/produk\/2u-flight-case\/","name":"FP 2u Flight Case - https:\/\/sxflightcase.com \ud83d\udc97","isPartOf":{"@id":"https:\/\/sxflightcase.com\/th\/#website"},"primaryImageOfPage":{"@id":"https:\/\/sxflightcase.com\/af\/produk\/2u-flight-case\/#primaryimage"},"image":{"@id":"https:\/\/sxflightcase.com\/af\/produk\/2u-flight-case\/#primaryimage"},"thumbnailUrl":"https:\/\/sxflightcase.com\/wp-content\/uploads\/2024\/05\/2u-flight-case40424278055.webp","datePublished":"2024-05-10T02:52:10+00:00","dateModified":"2024-07-16T01:59:52+00:00","description":"Flight Case 2u: esplorate le nostre opzioni di personalizzazione professionale, che garantiscono un'organizzazione e una protezione ottimali delle vostre apparecchiature.","breadcrumb":{"@id":"https:\/\/sxflightcase.com\/af\/produk\/2u-flight-case\/#breadcrumb"},"inLanguage":"it-IT","potentialAction":[{"@type":"ReadAction","target":["https:\/\/sxflightcase.com\/af\/produk\/2u-flight-case\/"]}]},{"@type":"ImageObject","inLanguage":"it-IT","@id":"https:\/\/sxflightcase.com\/af\/produk\/2u-flight-case\/#primaryimage","url":"https:\/\/sxflightcase.com\/wp-content\/uploads\/2024\/05\/2u-flight-case40424278055.webp","contentUrl":"https:\/\/sxflightcase.com\/wp-content\/uploads\/2024\/05\/2u-flight-case40424278055.webp","width":750,"height":750,"caption":"2u Flight Case"},{"@type":"BreadcrumbList","@id":"https:\/\/sxflightcase.com\/af\/produk\/2u-flight-case\/#breadcrumb","itemListElement":[{"@type":"ListItem","position":1,"name":"Home","item":"https:\/\/sxflightcase.com\/"},{"@type":"ListItem","position":2,"name":"\u0e2a\u0e34\u0e19\u0e04\u0e49\u0e32","item":"https:\/\/sxflightcase.com\/th\/shop\/"},{"@type":"ListItem","position":3,"name":"FP 2u Flight Case"}]},{"@type":"WebSite","@id":"https:\/\/sxflightcase.com\/th\/#website","url":"https:\/\/sxflightcase.com\/th\/","name":"sxpowercase.com","description":"Fabbrica di Flight Case","publisher":{"@id":"https:\/\/sxflightcase.com\/th\/#organization"},"potentialAction":[{"@type":"SearchAction","target":{"@type":"EntryPoint","urlTemplate":"https:\/\/sxflightcase.com\/th\/?s={search_term_string}"},"query-input":{"@type":"PropertyValueSpecification","valueRequired":true,"valueName":"search_term_string"}}],"inLanguage":"it-IT"},{"@type":"Organization","@id":"https:\/\/sxflightcase.com\/th\/#organization","name":"sxpowercase.com","url":"https:\/\/sxflightcase.com\/th\/","logo":{"@type":"ImageObject","inLanguage":"it-IT","@id":"https:\/\/sxflightcase.com\/th\/#\/schema\/logo\/image\/","url":"https:\/\/sxflightcase.com\/wp-content\/uploads\/2024\/04\/1713919036007.jpg","contentUrl":"https:\/\/sxflightcase.com\/wp-content\/uploads\/2024\/04\/1713919036007.jpg","width":382,"height":388,"caption":"sxpowercase.com"},"image":{"@id":"https:\/\/sxflightcase.com\/th\/#\/schema\/logo\/image\/"},"sameAs":["https:\/\/www.facebook.com\/profile.php?id=61560407257971"],"numberOfEmployees":{"@type":"QuantitativeValue","minValue":"11","maxValue":"50"}}]}},"_links":{"self":[{"href":"https:\/\/sxflightcase.com\/it\/wp-json\/wp\/v2\/product\/1678","targetHints":{"allow":["GET"]}}],"collection":[{"href":"https:\/\/sxflightcase.com\/it\/wp-json\/wp\/v2\/product"}],"about":[{"href":"https:\/\/sxflightcase.com\/it\/wp-json\/wp\/v2\/types\/product"}],"replies":[{"embeddable":true,"href":"https:\/\/sxflightcase.com\/it\/wp-json\/wp\/v2\/comments?post=1678"}],"version-history":[{"count":0,"href":"https:\/\/sxflightcase.com\/it\/wp-json\/wp\/v2\/product\/1678\/revisions"}],"wp:featuredmedia":[{"embeddable":true,"href":"https:\/\/sxflightcase.com\/it\/wp-json\/wp\/v2\/media\/1679"}],"wp:attachment":[{"href":"https:\/\/sxflightcase.com\/it\/wp-json\/wp\/v2\/media?parent=1678"}],"wp:term":[{"taxonomy":"product_brand","embeddable":true,"href":"https:\/\/sxflightcase.com\/it\/wp-json\/wp\/v2\/product_brand?post=1678"},{"taxonomy":"product_cat","embeddable":true,"href":"https:\/\/sxflightcase.com\/it\/wp-json\/wp\/v2\/product_cat?post=1678"},{"taxonomy":"product_tag","embeddable":true,"href":"https:\/\/sxflightcase.com\/it\/wp-json\/wp\/v2\/product_tag?post=1678"}],"curies":[{"name":"wp","href":"https:\/\/api.w.org\/{rel}","templated":true}]}}