{"id":1683,"date":"2024-05-10T03:55:38","date_gmt":"2024-05-10T02:55:38","guid":{"rendered":"https:\/\/sxpowercase.com\/?post_type=product&#038;p=1683"},"modified":"2024-07-16T02:59:51","modified_gmt":"2024-07-16T01:59:51","slug":"4u-flight-case","status":"publish","type":"product","link":"https:\/\/sxflightcase.com\/it\/prodotto\/valigia-4u\/","title":{"rendered":"Custodia da volo FP 4u"},"content":{"rendered":"<p><strong>Parametro del prodotto (specifica)<\/strong><\/p>\n<section class=\"table-wrap\">\n<table class=\"table\" width=\"100%\" cellspacing=\"0\" cellpadding=\"0\">\n<tbody>\n<tr class=\"firstRow\">\n<td width=\"134\">Nome del prodotto:<\/td>\n<td width=\"503\">Valigia 4u<\/td>\n<\/tr>\n<tr>\n<td width=\"134\">Materiale:<\/td>\n<td width=\"503\">Compensato da 9 mm + ferramenta cromata\/zincata + estrusione di alluminio<\/td>\n<\/tr>\n<tr>\n<td width=\"134\">Rivestimento in schiuma:<\/td>\n<td width=\"503\">Schiuma di perle \/ Schiuma di EVA \/ Schiuma di uova ecc... regolare o su richiesta<\/td>\n<\/tr>\n<tr>\n<td width=\"134\">Colore:<\/td>\n<td width=\"503\">Nero (colore predefinito), rosso, blu, arancione, giallo, verde, ecc.<\/td>\n<\/tr>\n<tr>\n<td width=\"134\">Tempi di consegna:<\/td>\n<td width=\"503\">Ordine campione 3 giorni, ordine normale 7-15 giorni<\/td>\n<\/tr>\n<tr>\n<td width=\"134\">Dimensione:<\/td>\n<td width=\"503\">Dipende dalle dimensioni dell&#039;attrezzatura<\/td>\n<\/tr>\n<\/tbody>\n<\/table>\n<\/section>\n<h1>Valigia di volo SX 4U: la massima protezione per l'attrezzatura<\/h1>\n<h2>Protezione affidabile per le vostre apparecchiature<\/h2>\n<p>Quando si tratta di trasportare la vostra preziosa attrezzatura, l'affidabilit\u00e0 \u00e8 fondamentale. Il <a title=\"Sx\" href=\"https:\/\/sxpowercase.com\/\" target=\"_blank\" rel=\"noopener\" data-wpil-monitor-id=\"471\">Sx<\/a> Il Flight Case 4U offre una protezione senza pari, garantendo la sicurezza delle apparecchiature durante il trasporto. Realizzato con materiali durevoli, questo flight case \u00e8 progettato per resistere alle condizioni pi\u00f9 difficili, garantendo la massima tranquillit\u00e0 a musicisti, tecnici audio e professionisti degli eventi.<\/p>\n<h2>Vendite dirette in fabbrica per un valore imbattibile<\/h2>\n<h3>Qualit\u00e0 a prezzi competitivi<\/h3>\n<p>SX \u00e8 orgogliosa di offrire prodotti di alta qualit\u00e0 a prezzi competitivi. Utilizzando le vendite dirette in fabbrica, abbiamo eliminato l'intermediario, permettendoci di offrire il Flight Case 4U a un valore eccezionale. Questo approccio non solo consente di risparmiare denaro, ma garantisce anche di ricevere un prodotto che soddisfa i nostri rigorosi standard di qualit\u00e0.<\/p>\n<h2>Personalizzazione per soddisfare le vostre esigenze<\/h2>\n<h3>Soluzioni su misura per ogni professionista<\/h3>\n<p>Ogni configurazione professionale \u00e8 unica, ed \u00e8 per questo che SX offre ampi servizi di personalizzazione per i nostri flight case 4U. Che abbiate bisogno di dimensioni specifiche, di un'imbottitura aggiuntiva o di scomparti personalizzati, possiamo adattare i nostri flight case alle vostre esigenze. Il nostro obiettivo \u00e8 fornire una soluzione che si adatti perfettamente alle vostre apparecchiature, garantendo protezione e organizzazione ottimali.<\/p>\n<h2>Migliorate la vostra immagine professionale<\/h2>\n<h3>Design resistente ed elegante<\/h3>\n<p>L'utilizzo del Flight Case SX 4U non solo protegge le vostre apparecchiature, ma migliora anche la vostra immagine professionale. Il design elegante e robusto dei nostri flight case mette in evidenza il vostro impegno per la qualit\u00e0 e l'affidabilit\u00e0. Impressionate clienti e colleghi con un flight case che ha lo stesso aspetto e le stesse prestazioni, assicurando che la vostra attrezzatura arrivi in modo sicuro e con stile.<\/p>\n<hr \/>\n<h2>Perch\u00e9 scegliere SX?<\/h2>\n<p>Scegliere il Flight Case SX 4U significa investire in un prodotto che offre protezione, personalizzazione e valore superiori. Il nostro impegno a vendere direttamente in fabbrica e a utilizzare materiali di alta qualit\u00e0 vi garantisce il prodotto migliore per le vostre esigenze. Elevate la vostra attivit\u00e0 con un flight case che resiste ai rigori del viaggio e mette in mostra la vostra professionalit\u00e0.<\/p>\n<p>Contattateci oggi stesso per saperne di pi\u00f9 sul nostro flight case 4U e su come le nostre opzioni di personalizzazione possono esservi utili. Affidatevi a SX per tutte le vostre esigenze di flight case e provate la differenza che la qualit\u00e0 e il valore possono fare.<\/p>\n<p><strong>Domande frequenti<\/strong><\/p>\n<p>D: Siete una societ\u00e0 commerciale o un produttore?<\/p>\n<p>R: Siamo un produttore professionale specializzato in flight case e prodotti di distribuzione di energia per eventi. E commercializziamo i nostri prodotti direttamente con i nostri clienti.<\/p>\n<p>D: Potete realizzare OEM e ODM?<\/p>\n<p>A: S\u00ec, OEM e ODM sono entrambi accettabili. Il materiale, il colore, lo stile possono essere personalizzati, la quantit\u00e0 di base la consiglieremo dopo averne discusso.<\/p>\n<p>D: Possiamo usare il nostro logo?<\/p>\n<p>R: S\u00ec, possiamo stampare il tuo logo privato in base alla tua richiesta.<\/p>\n<p>Tag popolari: prezzo basso, in magazzino, campione gratuito, cavo di alimentazione e segnale, filo conduttore calibro 16 a 4 conduttori, custodia per supporto microfono, mobiletto espositivo a LED per esterni, montaggio su rack, flight case per mixer da 19&quot; per montaggio su rack, scatola di distribuzione elettrica, Cina, fornitori, fabbrica, personalizzato, all&#039;ingrosso, <span style=\"color: #993366;\"><a style=\"color: #993366;\" href=\"https:\/\/sxflightcase.com\/it\/product-category\/all-product\/power-distribution-boxes\/\">scatole di alimentazione<\/a>,\u00a0<a style=\"color: #993366;\" href=\"https:\/\/sxflightcase.com\/it\/product-category\/all-product\/hoist-controllers\/\">cavi di alimentazione<\/a>,\u00a0<a style=\"color: #993366;\" href=\"https:\/\/sxflightcase.com\/it\/product-category\/all-product\/hoist-controllers\/\">controllori di sollevamento<\/a>,\u00a0<a style=\"color: #993366;\" href=\"https:\/\/sxflightcase.com\/it\/product-category\/all-product\/flight-case\/\">custodie da viaggio.<\/a><\/span><\/p>","protected":false},"excerpt":{"rendered":"<h2 class=\"prodetails-name\">Valigia di volo 4u<\/h2>\n<p>Forniamo flight case 4u per offrire una protezione affidabile a ingranaggi e apparecchiature costose durante l'uso, l'imballaggio, lo stoccaggio e il trasporto.<\/p>\n<h2><strong>Introduzione alla produzione<\/strong><\/h2>\n<p>Questo flight case da 4u \u00e8 stato progettato utilizzando materiali di alta qualit\u00e0, una robusta struttura in acciaio per rack e funzioni opzionali come rotelle, pattini, portaetichette e profondit\u00e0 del coperchio, perfetto per il caricamento di apparecchiature a rack come amplificatori PA, processori, cassetti rack e macchine per effetti.<\/p>","protected":false},"featured_media":1684,"comment_status":"open","ping_status":"closed","template":"","meta":[],"product_brand":[],"product_cat":[35],"product_tag":[53],"class_list":{"0":"post-1683","1":"product","2":"type-product","3":"status-publish","4":"has-post-thumbnail","6":"product_cat-standard-rack-cases","7":"product_tag-fp","9":"first","10":"instock","11":"shipping-taxable","12":"product-type-simple"},"yoast_head":"<!-- This site is optimized with the Yoast SEO Premium plugin v27.1 (Yoast SEO v27.2) - https:\/\/yoast.com\/product\/yoast-seo-premium-wordpress\/ -->\n<title>FP 4u Flight Case Manufacture - https:\/\/sxflightcase.com<\/title>\n<meta name=\"description\" content=\"4u Flight Case Manufacture: Discover our factory-direct options for professional-grade equipment protection and organization.\" \/>\n<meta name=\"robots\" content=\"index, follow, max-snippet:-1, max-image-preview:large, max-video-preview:-1\" \/>\n<link rel=\"canonical\" href=\"https:\/\/sxflightcase.com\/it\/produkt\/4u-flight-case\/\" \/>\n<meta property=\"og:locale\" content=\"it_IT\" \/>\n<meta property=\"og:type\" content=\"article\" \/>\n<meta property=\"og:title\" content=\"FP 4u Flight Case\" \/>\n<meta property=\"og:description\" content=\"4u Flight Case Manufacture: Discover our factory-direct options for professional-grade equipment protection and organization.\" \/>\n<meta property=\"og:url\" content=\"https:\/\/sxflightcase.com\/it\/produkt\/4u-flight-case\/\" \/>\n<meta property=\"og:site_name\" content=\"https:\/\/sxflightcase.com\" \/>\n<meta property=\"article:publisher\" content=\"https:\/\/www.facebook.com\/profile.php?id=61560407257971\" \/>\n<meta property=\"article:modified_time\" content=\"2024-07-16T01:59:51+00:00\" \/>\n<meta property=\"og:image\" content=\"https:\/\/sxflightcase.com\/wp-content\/uploads\/2024\/05\/4u-flight-case14545683226.webp\" \/>\n\t<meta property=\"og:image:width\" content=\"750\" \/>\n\t<meta property=\"og:image:height\" content=\"750\" \/>\n\t<meta property=\"og:image:type\" content=\"image\/webp\" \/>\n<meta name=\"twitter:card\" content=\"summary_large_image\" \/>\n<meta name=\"twitter:label1\" content=\"Tempo di lettura stimato\" \/>\n\t<meta name=\"twitter:data1\" content=\"4 minuti\" \/>\n<script type=\"application\/ld+json\" class=\"yoast-schema-graph\">{\"@context\":\"https:\/\/schema.org\",\"@graph\":[{\"@type\":\"WebPage\",\"@id\":\"https:\/\/sxflightcase.com\/da\/produkt\/4u-flight-case\/\",\"url\":\"https:\/\/sxflightcase.com\/da\/produkt\/4u-flight-case\/\",\"name\":\"FP 4u Flight Case Manufacture - https:\/\/sxflightcase.com\",\"isPartOf\":{\"@id\":\"https:\/\/sxflightcase.com\/th\/#website\"},\"primaryImageOfPage\":{\"@id\":\"https:\/\/sxflightcase.com\/da\/produkt\/4u-flight-case\/#primaryimage\"},\"image\":{\"@id\":\"https:\/\/sxflightcase.com\/da\/produkt\/4u-flight-case\/#primaryimage\"},\"thumbnailUrl\":\"https:\/\/sxflightcase.com\/wp-content\/uploads\/2024\/05\/4u-flight-case14545683226.webp\",\"datePublished\":\"2024-05-10T02:55:38+00:00\",\"dateModified\":\"2024-07-16T01:59:51+00:00\",\"description\":\"4u Flight Case Manufacture: Discover our factory-direct options for professional-grade equipment protection and organization.\",\"breadcrumb\":{\"@id\":\"https:\/\/sxflightcase.com\/da\/produkt\/4u-flight-case\/#breadcrumb\"},\"inLanguage\":\"it-IT\",\"potentialAction\":[{\"@type\":\"ReadAction\",\"target\":[\"https:\/\/sxflightcase.com\/da\/produkt\/4u-flight-case\/\"]}]},{\"@type\":\"ImageObject\",\"inLanguage\":\"it-IT\",\"@id\":\"https:\/\/sxflightcase.com\/da\/produkt\/4u-flight-case\/#primaryimage\",\"url\":\"https:\/\/sxflightcase.com\/wp-content\/uploads\/2024\/05\/4u-flight-case14545683226.webp\",\"contentUrl\":\"https:\/\/sxflightcase.com\/wp-content\/uploads\/2024\/05\/4u-flight-case14545683226.webp\",\"width\":750,\"height\":750,\"caption\":\"4u Flight Case\"},{\"@type\":\"BreadcrumbList\",\"@id\":\"https:\/\/sxflightcase.com\/da\/produkt\/4u-flight-case\/#breadcrumb\",\"itemListElement\":[{\"@type\":\"ListItem\",\"position\":1,\"name\":\"Home\",\"item\":\"https:\/\/sxflightcase.com\/\"},{\"@type\":\"ListItem\",\"position\":2,\"name\":\"\u0e2a\u0e34\u0e19\u0e04\u0e49\u0e32\",\"item\":\"https:\/\/sxflightcase.com\/th\/shop\/\"},{\"@type\":\"ListItem\",\"position\":3,\"name\":\"FP 4u Flight Case\"}]},{\"@type\":\"WebSite\",\"@id\":\"https:\/\/sxflightcase.com\/th\/#website\",\"url\":\"https:\/\/sxflightcase.com\/th\/\",\"name\":\"sxpowercase.com\",\"description\":\"Flight Case Factory\",\"publisher\":{\"@id\":\"https:\/\/sxflightcase.com\/th\/#organization\"},\"potentialAction\":[{\"@type\":\"SearchAction\",\"target\":{\"@type\":\"EntryPoint\",\"urlTemplate\":\"https:\/\/sxflightcase.com\/th\/?s={search_term_string}\"},\"query-input\":{\"@type\":\"PropertyValueSpecification\",\"valueRequired\":true,\"valueName\":\"search_term_string\"}}],\"inLanguage\":\"it-IT\"},{\"@type\":\"Organization\",\"@id\":\"https:\/\/sxflightcase.com\/th\/#organization\",\"name\":\"sxpowercase.com\",\"url\":\"https:\/\/sxflightcase.com\/th\/\",\"logo\":{\"@type\":\"ImageObject\",\"inLanguage\":\"it-IT\",\"@id\":\"https:\/\/sxflightcase.com\/th\/#\/schema\/logo\/image\/\",\"url\":\"https:\/\/sxflightcase.com\/wp-content\/uploads\/2024\/04\/1713919036007.jpg\",\"contentUrl\":\"https:\/\/sxflightcase.com\/wp-content\/uploads\/2024\/04\/1713919036007.jpg\",\"width\":382,\"height\":388,\"caption\":\"sxpowercase.com\"},\"image\":{\"@id\":\"https:\/\/sxflightcase.com\/th\/#\/schema\/logo\/image\/\"},\"sameAs\":[\"https:\/\/www.facebook.com\/profile.php?id=61560407257971\"],\"numberOfEmployees\":{\"@type\":\"QuantitativeValue\",\"minValue\":\"11\",\"maxValue\":\"50\"}}]}<\/script>\n<!-- \/ Yoast SEO Premium plugin. -->","yoast_head_json":{"title":"FP 4u Flight Case Manufacture - https:\/\/sxflightcase.com","description":"Fabbricazione di Flight Case 4u: Scoprite le nostre opzioni dirette alla fabbrica per la protezione e l'organizzazione delle apparecchiature di livello professionale.","robots":{"index":"index","follow":"follow","max-snippet":"max-snippet:-1","max-image-preview":"max-image-preview:large","max-video-preview":"max-video-preview:-1"},"canonical":"https:\/\/sxflightcase.com\/it\/produkt\/4u-flight-case\/","og_locale":"it_IT","og_type":"article","og_title":"FP 4u Flight Case","og_description":"4u Flight Case Manufacture: Discover our factory-direct options for professional-grade equipment protection and organization.","og_url":"https:\/\/sxflightcase.com\/it\/produkt\/4u-flight-case\/","og_site_name":"https:\/\/sxflightcase.com","article_publisher":"https:\/\/www.facebook.com\/profile.php?id=61560407257971","article_modified_time":"2024-07-16T01:59:51+00:00","og_image":[{"width":750,"height":750,"url":"https:\/\/sxflightcase.com\/wp-content\/uploads\/2024\/05\/4u-flight-case14545683226.webp","type":"image\/webp"}],"twitter_card":"summary_large_image","twitter_misc":{"Tempo di lettura stimato":"4 minuti"},"schema":{"@context":"https:\/\/schema.org","@graph":[{"@type":"WebPage","@id":"https:\/\/sxflightcase.com\/da\/produkt\/4u-flight-case\/","url":"https:\/\/sxflightcase.com\/da\/produkt\/4u-flight-case\/","name":"FP 4u Flight Case Manufacture - https:\/\/sxflightcase.com","isPartOf":{"@id":"https:\/\/sxflightcase.com\/th\/#website"},"primaryImageOfPage":{"@id":"https:\/\/sxflightcase.com\/da\/produkt\/4u-flight-case\/#primaryimage"},"image":{"@id":"https:\/\/sxflightcase.com\/da\/produkt\/4u-flight-case\/#primaryimage"},"thumbnailUrl":"https:\/\/sxflightcase.com\/wp-content\/uploads\/2024\/05\/4u-flight-case14545683226.webp","datePublished":"2024-05-10T02:55:38+00:00","dateModified":"2024-07-16T01:59:51+00:00","description":"Fabbricazione di Flight Case 4u: Scoprite le nostre opzioni dirette alla fabbrica per la protezione e l'organizzazione delle apparecchiature di livello professionale.","breadcrumb":{"@id":"https:\/\/sxflightcase.com\/da\/produkt\/4u-flight-case\/#breadcrumb"},"inLanguage":"it-IT","potentialAction":[{"@type":"ReadAction","target":["https:\/\/sxflightcase.com\/da\/produkt\/4u-flight-case\/"]}]},{"@type":"ImageObject","inLanguage":"it-IT","@id":"https:\/\/sxflightcase.com\/da\/produkt\/4u-flight-case\/#primaryimage","url":"https:\/\/sxflightcase.com\/wp-content\/uploads\/2024\/05\/4u-flight-case14545683226.webp","contentUrl":"https:\/\/sxflightcase.com\/wp-content\/uploads\/2024\/05\/4u-flight-case14545683226.webp","width":750,"height":750,"caption":"4u Flight Case"},{"@type":"BreadcrumbList","@id":"https:\/\/sxflightcase.com\/da\/produkt\/4u-flight-case\/#breadcrumb","itemListElement":[{"@type":"ListItem","position":1,"name":"Home","item":"https:\/\/sxflightcase.com\/"},{"@type":"ListItem","position":2,"name":"\u0e2a\u0e34\u0e19\u0e04\u0e49\u0e32","item":"https:\/\/sxflightcase.com\/th\/shop\/"},{"@type":"ListItem","position":3,"name":"FP 4u Flight Case"}]},{"@type":"WebSite","@id":"https:\/\/sxflightcase.com\/th\/#website","url":"https:\/\/sxflightcase.com\/th\/","name":"sxpowercase.com","description":"Fabbrica di Flight Case","publisher":{"@id":"https:\/\/sxflightcase.com\/th\/#organization"},"potentialAction":[{"@type":"SearchAction","target":{"@type":"EntryPoint","urlTemplate":"https:\/\/sxflightcase.com\/th\/?s={search_term_string}"},"query-input":{"@type":"PropertyValueSpecification","valueRequired":true,"valueName":"search_term_string"}}],"inLanguage":"it-IT"},{"@type":"Organization","@id":"https:\/\/sxflightcase.com\/th\/#organization","name":"sxpowercase.com","url":"https:\/\/sxflightcase.com\/th\/","logo":{"@type":"ImageObject","inLanguage":"it-IT","@id":"https:\/\/sxflightcase.com\/th\/#\/schema\/logo\/image\/","url":"https:\/\/sxflightcase.com\/wp-content\/uploads\/2024\/04\/1713919036007.jpg","contentUrl":"https:\/\/sxflightcase.com\/wp-content\/uploads\/2024\/04\/1713919036007.jpg","width":382,"height":388,"caption":"sxpowercase.com"},"image":{"@id":"https:\/\/sxflightcase.com\/th\/#\/schema\/logo\/image\/"},"sameAs":["https:\/\/www.facebook.com\/profile.php?id=61560407257971"],"numberOfEmployees":{"@type":"QuantitativeValue","minValue":"11","maxValue":"50"}}]}},"_links":{"self":[{"href":"https:\/\/sxflightcase.com\/it\/wp-json\/wp\/v2\/product\/1683","targetHints":{"allow":["GET"]}}],"collection":[{"href":"https:\/\/sxflightcase.com\/it\/wp-json\/wp\/v2\/product"}],"about":[{"href":"https:\/\/sxflightcase.com\/it\/wp-json\/wp\/v2\/types\/product"}],"replies":[{"embeddable":true,"href":"https:\/\/sxflightcase.com\/it\/wp-json\/wp\/v2\/comments?post=1683"}],"version-history":[{"count":0,"href":"https:\/\/sxflightcase.com\/it\/wp-json\/wp\/v2\/product\/1683\/revisions"}],"wp:featuredmedia":[{"embeddable":true,"href":"https:\/\/sxflightcase.com\/it\/wp-json\/wp\/v2\/media\/1684"}],"wp:attachment":[{"href":"https:\/\/sxflightcase.com\/it\/wp-json\/wp\/v2\/media?parent=1683"}],"wp:term":[{"taxonomy":"product_brand","embeddable":true,"href":"https:\/\/sxflightcase.com\/it\/wp-json\/wp\/v2\/product_brand?post=1683"},{"taxonomy":"product_cat","embeddable":true,"href":"https:\/\/sxflightcase.com\/it\/wp-json\/wp\/v2\/product_cat?post=1683"},{"taxonomy":"product_tag","embeddable":true,"href":"https:\/\/sxflightcase.com\/it\/wp-json\/wp\/v2\/product_tag?post=1683"}],"curies":[{"name":"wp","href":"https:\/\/api.w.org\/{rel}","templated":true}]}}