{"id":1689,"date":"2024-05-10T04:02:58","date_gmt":"2024-05-10T03:02:58","guid":{"rendered":"https:\/\/sxpowercase.com\/?post_type=product&#038;p=1689"},"modified":"2024-06-25T09:47:31","modified_gmt":"2024-06-25T08:47:31","slug":"19-inch-rack-abs-flight-case","status":"publish","type":"product","link":"https:\/\/sxflightcase.com\/it\/prodotto\/flight-case-in-abs-per-rack-da-19-pollici\/","title":{"rendered":"Valigia da viaggio in ABS da 19 pollici"},"content":{"rendered":"<p><strong>Parametro del prodotto (specifica)<\/strong><\/p>\n<section class=\"table-wrap\">\n<table class=\"table\" width=\"100%\" cellspacing=\"0\" cellpadding=\"0\">\n<tbody>\n<tr class=\"firstRow\">\n<td width=\"134\">Nome del prodotto:<\/td>\n<td width=\"503\">Flight case in ABS da 19 pollici<\/td>\n<\/tr>\n<tr>\n<td width=\"134\">Materiale:<\/td>\n<td width=\"503\">Pannello ABS + ferramenta cromata\/zincata + estrusione in alluminio<\/td>\n<\/tr>\n<tr>\n<td width=\"134\">Rivestimento in schiuma:<\/td>\n<td width=\"503\">NO<\/td>\n<\/tr>\n<tr>\n<td width=\"134\">Colore:<\/td>\n<td width=\"503\">Nero (colore predefinito)<\/td>\n<\/tr>\n<tr>\n<td width=\"134\">Tempi di consegna:<\/td>\n<td width=\"503\">Ordine campione 3 giorni, ordine normale 7-15 giorni<\/td>\n<\/tr>\n<tr>\n<td width=\"134\">Dimensione:<\/td>\n<td width=\"503\">Dipende dalle dimensioni dell&#039;attrezzatura<\/td>\n<\/tr>\n<\/tbody>\n<\/table>\n<\/section>\n<p>Tempi di consegna:<\/p>\n<section class=\"table-wrap\">\n<table class=\"table\" width=\"100%\" cellspacing=\"0\" cellpadding=\"0\">\n<tbody>\n<tr class=\"firstRow\">\n<td>Quantit\u00e0 (unit\u00e0)<\/td>\n<td>1 &#8211; 50<\/td>\n<td>&gt;50<\/td>\n<\/tr>\n<tr>\n<td>Tempo stimato (giorni)<\/td>\n<td>5<\/td>\n<td>Da negoziare<\/td>\n<\/tr>\n<\/tbody>\n<\/table>\n<\/section>\n<h1>Protezione definitiva con il flight case ABS da 19 pollici di SX<\/h1>\n<h2>Robusto e affidabile<\/h2>\n<p>Il flight case ABS da 19 pollici per rack di SX \u00e8 progettato per fornire la massima protezione per la tua preziosa attrezzatura. La resistente struttura in plastica ABS assicura che la tua attrezzatura rimanga al sicuro da urti, graffi e altri danni durante il trasporto. Questo flight case \u00e8 perfetto per musicisti, ingegneri del suono e chiunque abbia bisogno di trasportare in modo sicuro l&#039;attrezzatura montata su rack.<\/p>\n<h2>Vendite dirette in fabbrica per il massimo valore<\/h2>\n<h3>Eccellenza accessibile<\/h3>\n<p>Offrendo il nostro Flight Case Rack da 19 pollici in ABS tramite vendita diretta in fabbrica, <a href=\"https:\/\/sxpowercase.com\/\" target=\"_blank\"  rel=\"noopener\" title=\"Sx\"  data-wpil-monitor-id=\"469\">Sx<\/a> garantisce di ottenere il miglior valore per il tuo investimento. Saltare l&#039;intermediario significa risparmiare denaro ricevendo comunque una protezione di alta qualit\u00e0 per la tua attrezzatura. Il nostro impegno per le vendite dirette in fabbrica ti garantisce di godere di una qualit\u00e0 premium a prezzi competitivi.<\/p>\n<h2>Personalizzabile per le tue esigenze<\/h2>\n<h3>Soluzioni su misura<\/h3>\n<p>SX sa che ogni configurazione professionale \u00e8 unica. Ecco perch\u00e9 offriamo servizi di personalizzazione per il nostro Flight Case ABS 19 Inch Rack. Che tu abbia bisogno di dimensioni specifiche, scomparti aggiuntivi o caratteristiche speciali, possiamo personalizzare il case per soddisfare le tue esigenze specifiche. Prova la praticit\u00e0 e la sicurezza di un flight case progettato apposta per te.<\/p>\n<h2>Migliora la tua immagine professionale<\/h2>\n<h3>Professionale e affidabile<\/h3>\n<p>L&#039;utilizzo del Rack Flight Case di SX non solo protegge la tua attrezzatura, ma migliora anche la tua immagine professionale. Il design elegante e robusto riflette il tuo impegno per la qualit\u00e0 e l&#039;affidabilit\u00e0. Stupisci i tuoi clienti e colleghi con un flight case che offre sia funzionalit\u00e0 che aspetto, assicurandoti che la tua attrezzatura arrivi in perfette condizioni ogni volta.<\/p>\n<hr \/>\n<p>Scegli il Flight Case ABS di SX per una protezione, una durata e un valore imbattibili. Contattaci oggi stesso per scoprire le nostre vendite dirette in fabbrica e le opzioni di personalizzazione. Con SX, la tua attrezzatura \u00e8 sempre in ottime mani. Investi nel meglio per far crescere la tua attivit\u00e0 e proteggere la tua attrezzatura con i nostri eccezionali flight case.<\/p>\n<p><strong>Domande frequenti<\/strong><\/p>\n<p>1. Come possiamo garantire la qualit\u00e0?<\/p>\n<p>Sempre un campione di pre-produzione prima della produzione di massa;<\/p>\n<p>Eseguire sempre un&#039;ispezione finale prima della spedizione;<\/p>\n<p>2. Cosa puoi acquistare da noi?<\/p>\n<p>Custodia protettiva di sicurezza, custodia impermeabile in plastica, custodia in compensato<\/p>\n<p>3.Quali servizi possiamo fornire?<\/p>\n<p>Termini di consegna accettati: FOB, CFR, CIF, EXW, FCA, DDP, DDU, consegna espressa;<\/p>\n<p>Valuta di pagamento accettata: USD, EUR, CNY;<\/p>\n<p>Metodi di pagamento accettati: T\/T, L\/C, Western Union;<\/p>\n<p>Lingue parlate: inglese, cinese<\/p>\n<p><strong>Il nostro servizio<\/strong><\/p>\n<p>1. Un servizio pi\u00f9 professionale nel campo dell&#039;esportazione di prodotti di imballaggio e stampa<\/p>\n<p>2.Migliore capacit\u00e0 di produzione<\/p>\n<p>3. Diversi termini di pagamento tra cui scegliere: T\/T, Western Union<\/p>\n<p>Tag popolari: prezzo basso, in magazzino, campione gratuito, cavo di alimentazione e segnale, filo conduttore calibro 16 a 4 conduttori, custodia per supporto microfono, mobiletto espositivo a LED per esterni, montaggio su rack, flight case per mixer da 19&quot; per montaggio su rack, scatola di distribuzione elettrica, Cina, fornitori, fabbrica, personalizzato, all&#039;ingrosso, <span style=\"color: #993366;\"><a style=\"color: #993366;\" href=\"https:\/\/sxflightcase.com\/it\/product-category\/all-product\/power-distribution-boxes\/\">scatole di alimentazione<\/a>,\u00a0<a style=\"color: #993366;\" href=\"https:\/\/sxflightcase.com\/it\/product-category\/all-product\/hoist-controllers\/\">cavi di alimentazione<\/a>,\u00a0<a style=\"color: #993366;\" href=\"https:\/\/sxflightcase.com\/it\/product-category\/all-product\/hoist-controllers\/\">controllori di sollevamento<\/a>,\u00a0<a style=\"color: #993366;\" href=\"https:\/\/sxflightcase.com\/it\/product-category\/all-product\/flight-case\/\">custodie da viaggio.<\/a><\/span><\/p>","protected":false},"excerpt":{"rendered":"<h2 class=\"prodetails-name\">Flight case in ABS per rack da 19 pollici<\/h2>\n<p>Il flight case ABS da 19 pollici \u00e8 realizzato tramite stampaggio a iniezione di materie plastiche tecniche con elevata resistenza agli urti, leggero, resistente e durevole. Il fermo del case \u00e8 una parte stampata a iniezione ad alta resistenza e sar\u00e0 indistruttibile anche se riceve un impatto relativamente forte.<\/p>\n<h2><strong>Introduzione alla produzione<\/strong><\/h2>\n<p>Questo flight case in ABS da 19 pollici \u00e8 progettato utilizzando materiali di alta qualit\u00e0, realizzati in laminato di plastica ABS\/compensato, rivestimento in schiuma, estrusioni di alluminio e ferramenta di qualit\u00e0.<\/p>","protected":false},"featured_media":1691,"comment_status":"open","ping_status":"closed","template":"","meta":[],"product_brand":[],"product_cat":[35],"product_tag":[47],"class_list":{"0":"post-1689","1":"product","2":"type-product","3":"status-publish","4":"has-post-thumbnail","6":"product_cat-standard-rack-cases","7":"product_tag-abs","9":"first","10":"instock","11":"shipping-taxable","12":"product-type-simple"},"yoast_head":"<!-- This site is optimized with the Yoast SEO Premium plugin v27.1 (Yoast SEO v27.2) - https:\/\/yoast.com\/product\/yoast-seo-premium-wordpress\/ -->\n<title>ABS 19 Inch Rack Flight Case - https:\/\/sxflightcase.com \ud83d\udc97<\/title>\n<meta name=\"description\" content=\"19 Inch Rack ABS Flight Case: Discover our factory-direct options for professional-grade equipment protection and organization.\" \/>\n<meta name=\"robots\" content=\"index, follow, max-snippet:-1, max-image-preview:large, max-video-preview:-1\" \/>\n<link rel=\"canonical\" href=\"https:\/\/sxflightcase.com\/it\/produkt\/19-tommer-rack-abs-flightcase\/\" \/>\n<meta property=\"og:locale\" content=\"it_IT\" \/>\n<meta property=\"og:type\" content=\"article\" \/>\n<meta property=\"og:title\" content=\"ABS 19 Inch Rack Flight Case\" \/>\n<meta property=\"og:description\" content=\"19 Inch Rack ABS Flight Case: Discover our factory-direct options for professional-grade equipment protection and organization.\" \/>\n<meta property=\"og:url\" content=\"https:\/\/sxflightcase.com\/it\/produkt\/19-tommer-rack-abs-flightcase\/\" \/>\n<meta property=\"og:site_name\" content=\"https:\/\/sxflightcase.com\" \/>\n<meta property=\"article:publisher\" content=\"https:\/\/www.facebook.com\/profile.php?id=61560407257971\" \/>\n<meta property=\"article:modified_time\" content=\"2024-06-25T08:47:31+00:00\" \/>\n<meta property=\"og:image\" content=\"https:\/\/sxflightcase.com\/wp-content\/uploads\/2024\/05\/19-inch-rack-abs-flight-case20596276911.webp\" \/>\n\t<meta property=\"og:image:width\" content=\"730\" \/>\n\t<meta property=\"og:image:height\" content=\"730\" \/>\n\t<meta property=\"og:image:type\" content=\"image\/webp\" \/>\n<meta name=\"twitter:card\" content=\"summary_large_image\" \/>\n<meta name=\"twitter:label1\" content=\"Tempo di lettura stimato\" \/>\n\t<meta name=\"twitter:data1\" content=\"3 minuti\" \/>\n<script type=\"application\/ld+json\" class=\"yoast-schema-graph\">{\"@context\":\"https:\/\/schema.org\",\"@graph\":[{\"@type\":\"WebPage\",\"@id\":\"https:\/\/sxflightcase.com\/da\/produkt\/19-tommer-rack-abs-flightcase\/\",\"url\":\"https:\/\/sxflightcase.com\/da\/produkt\/19-tommer-rack-abs-flightcase\/\",\"name\":\"ABS 19 Inch Rack Flight Case - https:\/\/sxflightcase.com \ud83d\udc97\",\"isPartOf\":{\"@id\":\"https:\/\/sxflightcase.com\/th\/#website\"},\"primaryImageOfPage\":{\"@id\":\"https:\/\/sxflightcase.com\/da\/produkt\/19-tommer-rack-abs-flightcase\/#primaryimage\"},\"image\":{\"@id\":\"https:\/\/sxflightcase.com\/da\/produkt\/19-tommer-rack-abs-flightcase\/#primaryimage\"},\"thumbnailUrl\":\"https:\/\/sxflightcase.com\/wp-content\/uploads\/2024\/05\/19-inch-rack-abs-flight-case20596276911.webp\",\"datePublished\":\"2024-05-10T03:02:58+00:00\",\"dateModified\":\"2024-06-25T08:47:31+00:00\",\"description\":\"19 Inch Rack ABS Flight Case: Discover our factory-direct options for professional-grade equipment protection and organization.\",\"breadcrumb\":{\"@id\":\"https:\/\/sxflightcase.com\/da\/produkt\/19-tommer-rack-abs-flightcase\/#breadcrumb\"},\"inLanguage\":\"it-IT\",\"potentialAction\":[{\"@type\":\"ReadAction\",\"target\":[\"https:\/\/sxflightcase.com\/da\/produkt\/19-tommer-rack-abs-flightcase\/\"]}]},{\"@type\":\"ImageObject\",\"inLanguage\":\"it-IT\",\"@id\":\"https:\/\/sxflightcase.com\/da\/produkt\/19-tommer-rack-abs-flightcase\/#primaryimage\",\"url\":\"https:\/\/sxflightcase.com\/wp-content\/uploads\/2024\/05\/19-inch-rack-abs-flight-case20596276911.webp\",\"contentUrl\":\"https:\/\/sxflightcase.com\/wp-content\/uploads\/2024\/05\/19-inch-rack-abs-flight-case20596276911.webp\",\"width\":730,\"height\":730,\"caption\":\"19 Inch Rack ABS Flight Case\"},{\"@type\":\"BreadcrumbList\",\"@id\":\"https:\/\/sxflightcase.com\/da\/produkt\/19-tommer-rack-abs-flightcase\/#breadcrumb\",\"itemListElement\":[{\"@type\":\"ListItem\",\"position\":1,\"name\":\"Home\",\"item\":\"https:\/\/sxflightcase.com\/\"},{\"@type\":\"ListItem\",\"position\":2,\"name\":\"\u0e2a\u0e34\u0e19\u0e04\u0e49\u0e32\",\"item\":\"https:\/\/sxflightcase.com\/th\/shop\/\"},{\"@type\":\"ListItem\",\"position\":3,\"name\":\"ABS 19 Inch Rack Flight Case\"}]},{\"@type\":\"WebSite\",\"@id\":\"https:\/\/sxflightcase.com\/th\/#website\",\"url\":\"https:\/\/sxflightcase.com\/th\/\",\"name\":\"sxpowercase.com\",\"description\":\"Flight Case Factory\",\"publisher\":{\"@id\":\"https:\/\/sxflightcase.com\/th\/#organization\"},\"potentialAction\":[{\"@type\":\"SearchAction\",\"target\":{\"@type\":\"EntryPoint\",\"urlTemplate\":\"https:\/\/sxflightcase.com\/th\/?s={search_term_string}\"},\"query-input\":{\"@type\":\"PropertyValueSpecification\",\"valueRequired\":true,\"valueName\":\"search_term_string\"}}],\"inLanguage\":\"it-IT\"},{\"@type\":\"Organization\",\"@id\":\"https:\/\/sxflightcase.com\/th\/#organization\",\"name\":\"sxpowercase.com\",\"url\":\"https:\/\/sxflightcase.com\/th\/\",\"logo\":{\"@type\":\"ImageObject\",\"inLanguage\":\"it-IT\",\"@id\":\"https:\/\/sxflightcase.com\/th\/#\/schema\/logo\/image\/\",\"url\":\"https:\/\/sxflightcase.com\/wp-content\/uploads\/2024\/04\/1713919036007.jpg\",\"contentUrl\":\"https:\/\/sxflightcase.com\/wp-content\/uploads\/2024\/04\/1713919036007.jpg\",\"width\":382,\"height\":388,\"caption\":\"sxpowercase.com\"},\"image\":{\"@id\":\"https:\/\/sxflightcase.com\/th\/#\/schema\/logo\/image\/\"},\"sameAs\":[\"https:\/\/www.facebook.com\/profile.php?id=61560407257971\"],\"numberOfEmployees\":{\"@type\":\"QuantitativeValue\",\"minValue\":\"11\",\"maxValue\":\"50\"}}]}<\/script>\n<!-- \/ Yoast SEO Premium plugin. -->","yoast_head_json":{"title":"ABS 19 Inch Rack Flight Case - https:\/\/sxflightcase.com \ud83d\udc97","description":"Flight case in ABS per rack da 19 pollici: scopri le nostre opzioni dirette dalla fabbrica per la protezione e l&#039;organizzazione delle apparecchiature di livello professionale.","robots":{"index":"index","follow":"follow","max-snippet":"max-snippet:-1","max-image-preview":"max-image-preview:large","max-video-preview":"max-video-preview:-1"},"canonical":"https:\/\/sxflightcase.com\/it\/produkt\/19-tommer-rack-abs-flightcase\/","og_locale":"it_IT","og_type":"article","og_title":"ABS 19 Inch Rack Flight Case","og_description":"19 Inch Rack ABS Flight Case: Discover our factory-direct options for professional-grade equipment protection and organization.","og_url":"https:\/\/sxflightcase.com\/it\/produkt\/19-tommer-rack-abs-flightcase\/","og_site_name":"https:\/\/sxflightcase.com","article_publisher":"https:\/\/www.facebook.com\/profile.php?id=61560407257971","article_modified_time":"2024-06-25T08:47:31+00:00","og_image":[{"width":730,"height":730,"url":"https:\/\/sxflightcase.com\/wp-content\/uploads\/2024\/05\/19-inch-rack-abs-flight-case20596276911.webp","type":"image\/webp"}],"twitter_card":"summary_large_image","twitter_misc":{"Tempo di lettura stimato":"3 minuti"},"schema":{"@context":"https:\/\/schema.org","@graph":[{"@type":"WebPage","@id":"https:\/\/sxflightcase.com\/da\/produkt\/19-tommer-rack-abs-flightcase\/","url":"https:\/\/sxflightcase.com\/da\/produkt\/19-tommer-rack-abs-flightcase\/","name":"ABS 19 Inch Rack Flight Case - https:\/\/sxflightcase.com \ud83d\udc97","isPartOf":{"@id":"https:\/\/sxflightcase.com\/th\/#website"},"primaryImageOfPage":{"@id":"https:\/\/sxflightcase.com\/da\/produkt\/19-tommer-rack-abs-flightcase\/#primaryimage"},"image":{"@id":"https:\/\/sxflightcase.com\/da\/produkt\/19-tommer-rack-abs-flightcase\/#primaryimage"},"thumbnailUrl":"https:\/\/sxflightcase.com\/wp-content\/uploads\/2024\/05\/19-inch-rack-abs-flight-case20596276911.webp","datePublished":"2024-05-10T03:02:58+00:00","dateModified":"2024-06-25T08:47:31+00:00","description":"Flight case in ABS per rack da 19 pollici: scopri le nostre opzioni dirette dalla fabbrica per la protezione e l&#039;organizzazione delle apparecchiature di livello professionale.","breadcrumb":{"@id":"https:\/\/sxflightcase.com\/da\/produkt\/19-tommer-rack-abs-flightcase\/#breadcrumb"},"inLanguage":"it-IT","potentialAction":[{"@type":"ReadAction","target":["https:\/\/sxflightcase.com\/da\/produkt\/19-tommer-rack-abs-flightcase\/"]}]},{"@type":"ImageObject","inLanguage":"it-IT","@id":"https:\/\/sxflightcase.com\/da\/produkt\/19-tommer-rack-abs-flightcase\/#primaryimage","url":"https:\/\/sxflightcase.com\/wp-content\/uploads\/2024\/05\/19-inch-rack-abs-flight-case20596276911.webp","contentUrl":"https:\/\/sxflightcase.com\/wp-content\/uploads\/2024\/05\/19-inch-rack-abs-flight-case20596276911.webp","width":730,"height":730,"caption":"19 Inch Rack ABS Flight Case"},{"@type":"BreadcrumbList","@id":"https:\/\/sxflightcase.com\/da\/produkt\/19-tommer-rack-abs-flightcase\/#breadcrumb","itemListElement":[{"@type":"ListItem","position":1,"name":"Home","item":"https:\/\/sxflightcase.com\/"},{"@type":"ListItem","position":2,"name":"\u0e2a\u0e34\u0e19\u0e04\u0e49\u0e32","item":"https:\/\/sxflightcase.com\/th\/shop\/"},{"@type":"ListItem","position":3,"name":"ABS 19 Inch Rack Flight Case"}]},{"@type":"WebSite","@id":"https:\/\/sxflightcase.com\/th\/#website","url":"https:\/\/sxflightcase.com\/th\/","name":"sxpowercase.com","description":"Fabbrica di Flight Case","publisher":{"@id":"https:\/\/sxflightcase.com\/th\/#organization"},"potentialAction":[{"@type":"SearchAction","target":{"@type":"EntryPoint","urlTemplate":"https:\/\/sxflightcase.com\/th\/?s={search_term_string}"},"query-input":{"@type":"PropertyValueSpecification","valueRequired":true,"valueName":"search_term_string"}}],"inLanguage":"it-IT"},{"@type":"Organization","@id":"https:\/\/sxflightcase.com\/th\/#organization","name":"sxpowercase.com","url":"https:\/\/sxflightcase.com\/th\/","logo":{"@type":"ImageObject","inLanguage":"it-IT","@id":"https:\/\/sxflightcase.com\/th\/#\/schema\/logo\/image\/","url":"https:\/\/sxflightcase.com\/wp-content\/uploads\/2024\/04\/1713919036007.jpg","contentUrl":"https:\/\/sxflightcase.com\/wp-content\/uploads\/2024\/04\/1713919036007.jpg","width":382,"height":388,"caption":"sxpowercase.com"},"image":{"@id":"https:\/\/sxflightcase.com\/th\/#\/schema\/logo\/image\/"},"sameAs":["https:\/\/www.facebook.com\/profile.php?id=61560407257971"],"numberOfEmployees":{"@type":"QuantitativeValue","minValue":"11","maxValue":"50"}}]}},"_links":{"self":[{"href":"https:\/\/sxflightcase.com\/it\/wp-json\/wp\/v2\/product\/1689","targetHints":{"allow":["GET"]}}],"collection":[{"href":"https:\/\/sxflightcase.com\/it\/wp-json\/wp\/v2\/product"}],"about":[{"href":"https:\/\/sxflightcase.com\/it\/wp-json\/wp\/v2\/types\/product"}],"replies":[{"embeddable":true,"href":"https:\/\/sxflightcase.com\/it\/wp-json\/wp\/v2\/comments?post=1689"}],"version-history":[{"count":0,"href":"https:\/\/sxflightcase.com\/it\/wp-json\/wp\/v2\/product\/1689\/revisions"}],"wp:featuredmedia":[{"embeddable":true,"href":"https:\/\/sxflightcase.com\/it\/wp-json\/wp\/v2\/media\/1691"}],"wp:attachment":[{"href":"https:\/\/sxflightcase.com\/it\/wp-json\/wp\/v2\/media?parent=1689"}],"wp:term":[{"taxonomy":"product_brand","embeddable":true,"href":"https:\/\/sxflightcase.com\/it\/wp-json\/wp\/v2\/product_brand?post=1689"},{"taxonomy":"product_cat","embeddable":true,"href":"https:\/\/sxflightcase.com\/it\/wp-json\/wp\/v2\/product_cat?post=1689"},{"taxonomy":"product_tag","embeddable":true,"href":"https:\/\/sxflightcase.com\/it\/wp-json\/wp\/v2\/product_tag?post=1689"}],"curies":[{"name":"wp","href":"https:\/\/api.w.org\/{rel}","templated":true}]}}