{"id":1706,"date":"2024-05-10T04:32:41","date_gmt":"2024-05-10T03:32:41","guid":{"rendered":"https:\/\/sxpowercase.com\/?post_type=product&#038;p=1706"},"modified":"2024-06-27T07:27:47","modified_gmt":"2024-06-27T06:27:47","slug":"moving-head-flight-case","status":"publish","type":"product","link":"https:\/\/sxflightcase.com\/it\/prodotto\/flight-case-a-testa-mobile-2\/","title":{"rendered":"Valigia di volo a testa mobile"},"content":{"rendered":"<p><strong>Parametro del prodotto (specifica)<\/strong><\/p>\n<section class=\"table-wrap\">\n<table class=\"table\" width=\"100%\" cellspacing=\"0\" cellpadding=\"0\">\n<tbody>\n<tr class=\"firstRow\">\n<td>Nome del prodotto<\/td>\n<td>Testa mobile <a class=\"wpil_keyword_link\" title=\"custodia da volo\" href=\"https:\/\/sxpowercase.com\/product-category\/all-product\/flight-case\/\" target=\"_blank\" rel=\"noopener\" data-wpil-keyword-link=\"linked\" data-wpil-monitor-id=\"409\">custodia da volo<\/a><\/td>\n<\/tr>\n<tr>\n<td>Materiale<\/td>\n<td>Telaio in alluminio + ignifugo + compensato da 12 mm<\/td>\n<\/tr>\n<tr>\n<td>Dentro<\/td>\n<td>Schiuma antiurto ad alta densit\u00e0<\/td>\n<\/tr>\n<tr>\n<td>Misurare<\/td>\n<td>Pu\u00f2 essere personalizzato<\/td>\n<\/tr>\n<tr>\n<td>Accessori<\/td>\n<td>Quattro chiusure a farfalla, quattro ruote per facilitare il trasporto, quattro robuste maniglie<\/td>\n<\/tr>\n<tr>\n<td>Costume<\/td>\n<td>Tutti i tipi di personalizzazione sono accolti con favore, come il materiale della cassa in alluminio, la dimensione, i riempimenti interni, le maniglie, le serrature e cos\u00ec via.<\/td>\n<\/tr>\n<tr>\n<td>Tempo di campionamento<\/td>\n<td>Circa 3-5 giorni lavorativi<\/td>\n<\/tr>\n<tr>\n<td>Tempo di ordinazione formale<\/td>\n<td>circa 15-20 giorni<\/td>\n<\/tr>\n<tr>\n<td>Imballaggio<\/td>\n<td>Sacchetto a bolle + cartone<\/td>\n<\/tr>\n<\/tbody>\n<\/table>\n<\/section>\n<p><strong>Imballaggio e spedizione<\/strong><\/p>\n<section class=\"table-wrap\">\n<table class=\"table\" width=\"100%\" cellspacing=\"0\" cellpadding=\"0\">\n<tbody>\n<tr class=\"firstRow\">\n<td colspan=\"3\" width=\"100%\">Imballaggio e spedizione<\/td>\n<\/tr>\n<tr>\n<td rowspan=\"3\" width=\"33%\">Tempo di spedizione<\/td>\n<td width=\"33%\">Via mare<\/td>\n<td width=\"33%\">15-60 giorni<\/td>\n<\/tr>\n<tr>\n<td width=\"33%\">In aereo<\/td>\n<td width=\"33%\">4-9 giorni<\/td>\n<\/tr>\n<tr>\n<td width=\"33%\">Per espresso<\/td>\n<td width=\"33%\">4-9 giorni<\/td>\n<\/tr>\n<tr>\n<td width=\"33%\">Tempi di consegna<\/td>\n<td colspan=\"2\" width=\"66%\">7-15 ore lavorative o secondo le tue esigenze<\/td>\n<\/tr>\n<tr>\n<td width=\"33%\">Confezione<\/td>\n<td colspan=\"2\" width=\"66%\">In cartone o secondo le vostre esigenze<\/td>\n<\/tr>\n<\/tbody>\n<\/table>\n<\/section>\n<h1>Proteggete la vostra attrezzatura per l'illuminazione con la valigetta per teste mobili di SX<\/h1>\n<h2>Protezione superiore per i fari mobili<\/h2>\n<p>IL <a href=\"https:\/\/sxpowercase.com\/\" target=\"_blank\" rel=\"noopener\" title=\"Sx\" data-wpil-monitor-id=\"468\">Sx<\/a> Il Moving Head Flight Case offre una protezione impareggiabile per le vostre preziose luci a testa mobile. Realizzato con materiali di alta qualit\u00e0, questo <a href=\"https:\/\/sxpowercase.com\/flight-case\/\" target=\"_blank\" rel=\"noopener\" data-wpil-monitor-id=\"493\">La custodia di volo garantisce la sicurezza dell'apparecchiatura<\/a> e sicuro durante il trasporto. Che siate DJ professionisti, musicisti in tour o tecnici di palcoscenico, la custodia SX Moving Head Flight Case \u00e8 la soluzione perfetta per salvaguardare i vostri apparecchi di illuminazione.<\/p>\n<h2>Durevole e affidabile<\/h2>\n<h3>Costruito per resistere alle sollecitazioni<\/h3>\n<p>Il Moving Head Flight Case di SX \u00e8 costruito per durare. La costruzione robusta comprende angoli rinforzati e chiusure per impieghi gravosi, per garantire la massima durata. L'esterno robusto protegge l'attrezzatura dagli urti, mentre l'interno in schiuma personalizzata mantiene le luci al sicuro e ammortizzate. Questo flight case \u00e8 progettato per resistere ai rigori dei viaggi frequenti, assicurando che la vostra attrezzatura sia sempre protetta.<\/p>\n<h2>Vendite dirette in fabbrica per un valore eccezionale<\/h2>\n<h3>Qualit\u00e0 conveniente<\/h3>\n<p>Noi di SX offriamo il nostro Moving Head Flight Case attraverso la vendita diretta in fabbrica, assicurandovi un valore eccezionale. Eliminando l'intermediario, il risparmio viene trasferito direttamente a voi. Questo vi permette di investire in una protezione premium per le vostre apparecchiature di illuminazione a un prezzo competitivo, ottimizzando il vostro budget senza compromettere la qualit\u00e0.<\/p>\n<h2>Servizi di personalizzazione per soddisfare le vostre esigenze<\/h2>\n<h3>Soluzioni su misura<\/h3>\n<p>Ogni palco \u00e8 unico, cos\u00ec come le vostre esigenze. SX offre servizi di personalizzazione per il nostro Moving Head Flight Case, consentendovi di adattare la custodia alle vostre specifiche esigenze. Dalle dimensioni personalizzate agli scomparti specializzati, garantiamo che il flight case si adatti perfettamente alla vostra attrezzatura. Provate la convenienza e la sicurezza di una valigia su misura progettata per voi.<\/p>\n<h2>Migliorate la vostra immagine professionale<\/h2>\n<h3>Professionalit\u00e0 e affidabilit\u00e0<\/h3>\n<p>L'utilizzo del Moving Head Flight Case di SX non solo protegge la vostra attrezzatura, ma migliora anche la vostra immagine professionale. Affidabile ed elegante, il nostro flight case assicura che la vostra attrezzatura arrivi in condizioni perfette, impressionando clienti e pubblico. Elevate le vostre operazioni commerciali con una custodia che rifletta la qualit\u00e0 del vostro lavoro e la professionalit\u00e0 del vostro marchio.<\/p>\n<hr \/>\n<p>Scegliete il Flight Case di SX per una protezione, una durata e un valore superiori. Contattateci oggi stesso per saperne di pi\u00f9 sulle nostre vendite dirette in fabbrica e sulle opzioni di personalizzazione. Con SX, potete essere certi che i vostri fari mobili sono nelle migliori mani possibili. Investite in una protezione superiore e migliorate la vostra attivit\u00e0 con i nostri flight case di alta qualit\u00e0.<\/p>\n<p><strong>Domande frequenti<\/strong><\/p>\n<p>D: Quanti tipi diversi di prodotti produce la vostra azienda?<\/p>\n<p>R: Ora abbiamo pi\u00f9 di 1.000 prodotti. Abbiamo un forte vantaggio dell'OEM, basta darci i prodotti reali o la vostra idea che volete, produrremo per voi.<\/p>\n<p>D: Potete realizzare il nostro imballaggio?<\/p>\n<p>R: S\u00ec, basta fornire il design della confezione e noi produrremo ci\u00f2 che desiderate. Abbiamo anche un designer professionista che pu\u00f2 aiutarvi a progettare l'imballaggio.<\/p>\n<p>D: Quali forme di pagamento accettate?<\/p>\n<p>A: T\/T, Western Union, ecc. Accettiamo qualsiasi termine di pagamento rapido e conveniente.<\/p>\n<p>Tag caldi: Prezzo basso, in stock, campione gratuito, Cavo di alimentazione e di segnale, Cavo a 4 conduttori di 16 Gauge, Custodia per stand microfonico, Vetrina a led per esterni, Montaggio a rack, Casse di volo per mixer a rack da 19\", Scatola di distribuzione elettrica, Cina, fornitori, fabbrica, personalizzati, all'ingrosso, Custodia di volo per testa mobile,<span style=\"color: #993366;\"><a style=\"color: #993366;\" href=\"https:\/\/sxflightcase.com\/it\/product-category\/all-product\/power-distribution-boxes\/\">energia<\/a><\/span> scatole,\u00a0<a style=\"color: #993366;\" href=\"https:\/\/sxflightcase.com\/it\/product-category\/all-product\/hoist-controllers\/\">cavi di alimentazione<\/a>,\u00a0<a style=\"color: #993366;\" href=\"https:\/\/sxflightcase.com\/it\/product-category\/all-product\/hoist-controllers\/\">controllori di sollevamento<\/a>,<\/p>","protected":false},"excerpt":{"rendered":"<h2 class=\"prodetails-name\">Valigia di volo a testa mobile<\/h2>\n<p>Siamo lieti di offrire ai professionisti del settore una gamma di robuste soluzioni da viaggio per trasportare e conservare in sicurezza le loro teste mobili o simili. Nel corso degli anni abbiamo trascorso molte ore a progettare la soluzione perfetta per trasportare le vostre amate luci senza temere di danneggiarle.<\/p>\n<h2><strong>Introduzione alla produzione<\/strong><\/h2>\n<p>Testa mobile <a class=\"wpil_keyword_link\" title=\"custodia da volo\" href=\"https:\/\/sxpowercase.com\/product-category\/all-product\/flight-case\/\" target=\"_blank\" rel=\"noopener\" data-wpil-keyword-link=\"linked\" data-wpil-monitor-id=\"410\">custodia da volo<\/a><\/p>\n<p>- Tipo: Coperchio incernierato<\/p>\n<p>- Materiale: Pannello laminato ignifugo nero da 9 mm. Altri colori disponibili (aggiungere al carrello per visualizzare)<\/p>\n<p>- Dimensioni Int: Costruito su misura per adattarsi alla vostra testa mobile<\/p>\n<p>- Dimensioni esterne: Costruito su misura per adattarsi alla vostra testa mobile<\/p>\n<p>- Schiuma: Schiuma rivestita con schiuma ad alta densit\u00e0 da 20 mm<\/p>\n<p>- Penn Elcom per impieghi gravosi o raccordi propri<\/p>\n<p>- Divisorio centrale dotato di un vano di 100 mm<\/p>\n<p>- Ruote: Ruote da 100 mm montate (x2 freni)<\/p>","protected":false},"featured_media":1707,"comment_status":"open","ping_status":"closed","template":"","meta":[],"product_brand":[],"product_cat":[41],"product_tag":[],"class_list":{"0":"post-1706","1":"product","2":"type-product","3":"status-publish","4":"has-post-thumbnail","6":"product_cat-equipment-cases","8":"first","9":"instock","10":"shipping-taxable","11":"product-type-simple"},"yoast_head":"<!-- This site is optimized with the Yoast SEO Premium plugin v27.1 (Yoast SEO v27.2) - https:\/\/yoast.com\/product\/yoast-seo-premium-wordpress\/ -->\n<title>Moving Head Flight Case - https:\/\/sxflightcase.com \ud83d\udc97<\/title>\n<meta name=\"description\" content=\"Moving Head Flight Case: Explore factory-direct sales and professional customization options for organizing and protecting your lighting equipment efficiently.\" \/>\n<meta name=\"robots\" content=\"index, follow, max-snippet:-1, max-image-preview:large, max-video-preview:-1\" \/>\n<link rel=\"canonical\" href=\"https:\/\/sxflightcase.com\/it\/\u88fd\u54c1\/\u30e0\u30fc\u30d3\u30f3\u30b0\u30d8\u30c3\u30c9\u30fb\u30d5\u30e9\u30a4\u30c8\u30b1\u30fc\u30b9\/\" \/>\n<meta property=\"og:locale\" content=\"it_IT\" \/>\n<meta property=\"og:type\" content=\"article\" \/>\n<meta property=\"og:title\" content=\"Moving Head Flight Case\" \/>\n<meta property=\"og:description\" content=\"Moving Head Flight Case: Explore factory-direct sales and professional customization options for organizing and protecting your lighting equipment efficiently.\" \/>\n<meta property=\"og:url\" content=\"https:\/\/sxflightcase.com\/it\/\u88fd\u54c1\/\u30e0\u30fc\u30d3\u30f3\u30b0\u30d8\u30c3\u30c9\u30fb\u30d5\u30e9\u30a4\u30c8\u30b1\u30fc\u30b9\/\" \/>\n<meta property=\"og:site_name\" content=\"https:\/\/sxflightcase.com\" \/>\n<meta property=\"article:publisher\" content=\"https:\/\/www.facebook.com\/profile.php?id=61560407257971\" \/>\n<meta property=\"article:modified_time\" content=\"2024-06-27T06:27:47+00:00\" \/>\n<meta property=\"og:image\" content=\"https:\/\/sxflightcase.com\/wp-content\/uploads\/2024\/05\/moving-head-flight-case21176673442.jpg\" \/>\n\t<meta property=\"og:image:width\" content=\"700\" \/>\n\t<meta property=\"og:image:height\" content=\"700\" \/>\n\t<meta property=\"og:image:type\" content=\"image\/jpeg\" \/>\n<meta name=\"twitter:card\" content=\"summary_large_image\" \/>\n<meta name=\"twitter:label1\" content=\"Tempo di lettura stimato\" \/>\n\t<meta name=\"twitter:data1\" content=\"4 minuti\" \/>\n<script type=\"application\/ld+json\" class=\"yoast-schema-graph\">{\"@context\":\"https:\/\/schema.org\",\"@graph\":[{\"@type\":\"WebPage\",\"@id\":\"https:\/\/sxflightcase.com\/ja\/\u88fd\u54c1\/\u30e0\u30fc\u30d3\u30f3\u30b0\u30d8\u30c3\u30c9\u30fb\u30d5\u30e9\u30a4\u30c8\u30b1\u30fc\u30b9\/\",\"url\":\"https:\/\/sxflightcase.com\/ja\/\u88fd\u54c1\/\u30e0\u30fc\u30d3\u30f3\u30b0\u30d8\u30c3\u30c9\u30fb\u30d5\u30e9\u30a4\u30c8\u30b1\u30fc\u30b9\/\",\"name\":\"Moving Head Flight Case - https:\/\/sxflightcase.com \ud83d\udc97\",\"isPartOf\":{\"@id\":\"https:\/\/sxflightcase.com\/th\/#website\"},\"primaryImageOfPage\":{\"@id\":\"https:\/\/sxflightcase.com\/ja\/\u88fd\u54c1\/\u30e0\u30fc\u30d3\u30f3\u30b0\u30d8\u30c3\u30c9\u30fb\u30d5\u30e9\u30a4\u30c8\u30b1\u30fc\u30b9\/#primaryimage\"},\"image\":{\"@id\":\"https:\/\/sxflightcase.com\/ja\/\u88fd\u54c1\/\u30e0\u30fc\u30d3\u30f3\u30b0\u30d8\u30c3\u30c9\u30fb\u30d5\u30e9\u30a4\u30c8\u30b1\u30fc\u30b9\/#primaryimage\"},\"thumbnailUrl\":\"https:\/\/sxflightcase.com\/wp-content\/uploads\/2024\/05\/moving-head-flight-case21176673442.jpg\",\"datePublished\":\"2024-05-10T03:32:41+00:00\",\"dateModified\":\"2024-06-27T06:27:47+00:00\",\"description\":\"Moving Head Flight Case: Explore factory-direct sales and professional customization options for organizing and protecting your lighting equipment efficiently.\",\"breadcrumb\":{\"@id\":\"https:\/\/sxflightcase.com\/ja\/\u88fd\u54c1\/\u30e0\u30fc\u30d3\u30f3\u30b0\u30d8\u30c3\u30c9\u30fb\u30d5\u30e9\u30a4\u30c8\u30b1\u30fc\u30b9\/#breadcrumb\"},\"inLanguage\":\"it-IT\",\"potentialAction\":[{\"@type\":\"ReadAction\",\"target\":[\"https:\/\/sxflightcase.com\/ja\/\u88fd\u54c1\/\u30e0\u30fc\u30d3\u30f3\u30b0\u30d8\u30c3\u30c9\u30fb\u30d5\u30e9\u30a4\u30c8\u30b1\u30fc\u30b9\/\"]}]},{\"@type\":\"ImageObject\",\"inLanguage\":\"it-IT\",\"@id\":\"https:\/\/sxflightcase.com\/ja\/\u88fd\u54c1\/\u30e0\u30fc\u30d3\u30f3\u30b0\u30d8\u30c3\u30c9\u30fb\u30d5\u30e9\u30a4\u30c8\u30b1\u30fc\u30b9\/#primaryimage\",\"url\":\"https:\/\/sxflightcase.com\/wp-content\/uploads\/2024\/05\/moving-head-flight-case21176673442.jpg\",\"contentUrl\":\"https:\/\/sxflightcase.com\/wp-content\/uploads\/2024\/05\/moving-head-flight-case21176673442.jpg\",\"width\":700,\"height\":700,\"caption\":\"Moving Head Flight Case\"},{\"@type\":\"BreadcrumbList\",\"@id\":\"https:\/\/sxflightcase.com\/ja\/\u88fd\u54c1\/\u30e0\u30fc\u30d3\u30f3\u30b0\u30d8\u30c3\u30c9\u30fb\u30d5\u30e9\u30a4\u30c8\u30b1\u30fc\u30b9\/#breadcrumb\",\"itemListElement\":[{\"@type\":\"ListItem\",\"position\":1,\"name\":\"Home\",\"item\":\"https:\/\/sxflightcase.com\/\"},{\"@type\":\"ListItem\",\"position\":2,\"name\":\"\u0e2a\u0e34\u0e19\u0e04\u0e49\u0e32\",\"item\":\"https:\/\/sxflightcase.com\/th\/shop\/\"},{\"@type\":\"ListItem\",\"position\":3,\"name\":\"Moving Head Flight Case\"}]},{\"@type\":\"WebSite\",\"@id\":\"https:\/\/sxflightcase.com\/th\/#website\",\"url\":\"https:\/\/sxflightcase.com\/th\/\",\"name\":\"sxpowercase.com\",\"description\":\"Flight Case Factory\",\"publisher\":{\"@id\":\"https:\/\/sxflightcase.com\/th\/#organization\"},\"potentialAction\":[{\"@type\":\"SearchAction\",\"target\":{\"@type\":\"EntryPoint\",\"urlTemplate\":\"https:\/\/sxflightcase.com\/th\/?s={search_term_string}\"},\"query-input\":{\"@type\":\"PropertyValueSpecification\",\"valueRequired\":true,\"valueName\":\"search_term_string\"}}],\"inLanguage\":\"it-IT\"},{\"@type\":\"Organization\",\"@id\":\"https:\/\/sxflightcase.com\/th\/#organization\",\"name\":\"sxpowercase.com\",\"url\":\"https:\/\/sxflightcase.com\/th\/\",\"logo\":{\"@type\":\"ImageObject\",\"inLanguage\":\"it-IT\",\"@id\":\"https:\/\/sxflightcase.com\/th\/#\/schema\/logo\/image\/\",\"url\":\"https:\/\/sxflightcase.com\/wp-content\/uploads\/2024\/04\/1713919036007.jpg\",\"contentUrl\":\"https:\/\/sxflightcase.com\/wp-content\/uploads\/2024\/04\/1713919036007.jpg\",\"width\":382,\"height\":388,\"caption\":\"sxpowercase.com\"},\"image\":{\"@id\":\"https:\/\/sxflightcase.com\/th\/#\/schema\/logo\/image\/\"},\"sameAs\":[\"https:\/\/www.facebook.com\/profile.php?id=61560407257971\"],\"numberOfEmployees\":{\"@type\":\"QuantitativeValue\",\"minValue\":\"11\",\"maxValue\":\"50\"}}]}<\/script>\n<!-- \/ Yoast SEO Premium plugin. -->","yoast_head_json":{"title":"Moving Head Flight Case - https:\/\/sxflightcase.com \ud83d\udc97","description":"Flight Case per teste mobili: esplorate le vendite dirette in fabbrica e le opzioni di personalizzazione professionale per organizzare e proteggere in modo efficiente le vostre apparecchiature di illuminazione.","robots":{"index":"index","follow":"follow","max-snippet":"max-snippet:-1","max-image-preview":"max-image-preview:large","max-video-preview":"max-video-preview:-1"},"canonical":"https:\/\/sxflightcase.com\/it\/\u88fd\u54c1\/\u30e0\u30fc\u30d3\u30f3\u30b0\u30d8\u30c3\u30c9\u30fb\u30d5\u30e9\u30a4\u30c8\u30b1\u30fc\u30b9\/","og_locale":"it_IT","og_type":"article","og_title":"Moving Head Flight Case","og_description":"Moving Head Flight Case: Explore factory-direct sales and professional customization options for organizing and protecting your lighting equipment efficiently.","og_url":"https:\/\/sxflightcase.com\/it\/\u88fd\u54c1\/\u30e0\u30fc\u30d3\u30f3\u30b0\u30d8\u30c3\u30c9\u30fb\u30d5\u30e9\u30a4\u30c8\u30b1\u30fc\u30b9\/","og_site_name":"https:\/\/sxflightcase.com","article_publisher":"https:\/\/www.facebook.com\/profile.php?id=61560407257971","article_modified_time":"2024-06-27T06:27:47+00:00","og_image":[{"width":700,"height":700,"url":"https:\/\/sxflightcase.com\/wp-content\/uploads\/2024\/05\/moving-head-flight-case21176673442.jpg","type":"image\/jpeg"}],"twitter_card":"summary_large_image","twitter_misc":{"Tempo di lettura stimato":"4 minuti"},"schema":{"@context":"https:\/\/schema.org","@graph":[{"@type":"WebPage","@id":"https:\/\/sxflightcase.com\/ja\/\u88fd\u54c1\/\u30e0\u30fc\u30d3\u30f3\u30b0\u30d8\u30c3\u30c9\u30fb\u30d5\u30e9\u30a4\u30c8\u30b1\u30fc\u30b9\/","url":"https:\/\/sxflightcase.com\/ja\/\u88fd\u54c1\/\u30e0\u30fc\u30d3\u30f3\u30b0\u30d8\u30c3\u30c9\u30fb\u30d5\u30e9\u30a4\u30c8\u30b1\u30fc\u30b9\/","name":"Moving Head Flight Case - https:\/\/sxflightcase.com \ud83d\udc97","isPartOf":{"@id":"https:\/\/sxflightcase.com\/th\/#website"},"primaryImageOfPage":{"@id":"https:\/\/sxflightcase.com\/ja\/\u88fd\u54c1\/\u30e0\u30fc\u30d3\u30f3\u30b0\u30d8\u30c3\u30c9\u30fb\u30d5\u30e9\u30a4\u30c8\u30b1\u30fc\u30b9\/#primaryimage"},"image":{"@id":"https:\/\/sxflightcase.com\/ja\/\u88fd\u54c1\/\u30e0\u30fc\u30d3\u30f3\u30b0\u30d8\u30c3\u30c9\u30fb\u30d5\u30e9\u30a4\u30c8\u30b1\u30fc\u30b9\/#primaryimage"},"thumbnailUrl":"https:\/\/sxflightcase.com\/wp-content\/uploads\/2024\/05\/moving-head-flight-case21176673442.jpg","datePublished":"2024-05-10T03:32:41+00:00","dateModified":"2024-06-27T06:27:47+00:00","description":"Flight Case per teste mobili: esplorate le vendite dirette in fabbrica e le opzioni di personalizzazione professionale per organizzare e proteggere in modo efficiente le vostre apparecchiature di illuminazione.","breadcrumb":{"@id":"https:\/\/sxflightcase.com\/ja\/\u88fd\u54c1\/\u30e0\u30fc\u30d3\u30f3\u30b0\u30d8\u30c3\u30c9\u30fb\u30d5\u30e9\u30a4\u30c8\u30b1\u30fc\u30b9\/#breadcrumb"},"inLanguage":"it-IT","potentialAction":[{"@type":"ReadAction","target":["https:\/\/sxflightcase.com\/ja\/\u88fd\u54c1\/\u30e0\u30fc\u30d3\u30f3\u30b0\u30d8\u30c3\u30c9\u30fb\u30d5\u30e9\u30a4\u30c8\u30b1\u30fc\u30b9\/"]}]},{"@type":"ImageObject","inLanguage":"it-IT","@id":"https:\/\/sxflightcase.com\/ja\/\u88fd\u54c1\/\u30e0\u30fc\u30d3\u30f3\u30b0\u30d8\u30c3\u30c9\u30fb\u30d5\u30e9\u30a4\u30c8\u30b1\u30fc\u30b9\/#primaryimage","url":"https:\/\/sxflightcase.com\/wp-content\/uploads\/2024\/05\/moving-head-flight-case21176673442.jpg","contentUrl":"https:\/\/sxflightcase.com\/wp-content\/uploads\/2024\/05\/moving-head-flight-case21176673442.jpg","width":700,"height":700,"caption":"Moving Head Flight Case"},{"@type":"BreadcrumbList","@id":"https:\/\/sxflightcase.com\/ja\/\u88fd\u54c1\/\u30e0\u30fc\u30d3\u30f3\u30b0\u30d8\u30c3\u30c9\u30fb\u30d5\u30e9\u30a4\u30c8\u30b1\u30fc\u30b9\/#breadcrumb","itemListElement":[{"@type":"ListItem","position":1,"name":"Home","item":"https:\/\/sxflightcase.com\/"},{"@type":"ListItem","position":2,"name":"\u0e2a\u0e34\u0e19\u0e04\u0e49\u0e32","item":"https:\/\/sxflightcase.com\/th\/shop\/"},{"@type":"ListItem","position":3,"name":"Moving Head Flight Case"}]},{"@type":"WebSite","@id":"https:\/\/sxflightcase.com\/th\/#website","url":"https:\/\/sxflightcase.com\/th\/","name":"sxpowercase.com","description":"Fabbrica di Flight Case","publisher":{"@id":"https:\/\/sxflightcase.com\/th\/#organization"},"potentialAction":[{"@type":"SearchAction","target":{"@type":"EntryPoint","urlTemplate":"https:\/\/sxflightcase.com\/th\/?s={search_term_string}"},"query-input":{"@type":"PropertyValueSpecification","valueRequired":true,"valueName":"search_term_string"}}],"inLanguage":"it-IT"},{"@type":"Organization","@id":"https:\/\/sxflightcase.com\/th\/#organization","name":"sxpowercase.com","url":"https:\/\/sxflightcase.com\/th\/","logo":{"@type":"ImageObject","inLanguage":"it-IT","@id":"https:\/\/sxflightcase.com\/th\/#\/schema\/logo\/image\/","url":"https:\/\/sxflightcase.com\/wp-content\/uploads\/2024\/04\/1713919036007.jpg","contentUrl":"https:\/\/sxflightcase.com\/wp-content\/uploads\/2024\/04\/1713919036007.jpg","width":382,"height":388,"caption":"sxpowercase.com"},"image":{"@id":"https:\/\/sxflightcase.com\/th\/#\/schema\/logo\/image\/"},"sameAs":["https:\/\/www.facebook.com\/profile.php?id=61560407257971"],"numberOfEmployees":{"@type":"QuantitativeValue","minValue":"11","maxValue":"50"}}]}},"_links":{"self":[{"href":"https:\/\/sxflightcase.com\/it\/wp-json\/wp\/v2\/product\/1706","targetHints":{"allow":["GET"]}}],"collection":[{"href":"https:\/\/sxflightcase.com\/it\/wp-json\/wp\/v2\/product"}],"about":[{"href":"https:\/\/sxflightcase.com\/it\/wp-json\/wp\/v2\/types\/product"}],"replies":[{"embeddable":true,"href":"https:\/\/sxflightcase.com\/it\/wp-json\/wp\/v2\/comments?post=1706"}],"version-history":[{"count":0,"href":"https:\/\/sxflightcase.com\/it\/wp-json\/wp\/v2\/product\/1706\/revisions"}],"wp:featuredmedia":[{"embeddable":true,"href":"https:\/\/sxflightcase.com\/it\/wp-json\/wp\/v2\/media\/1707"}],"wp:attachment":[{"href":"https:\/\/sxflightcase.com\/it\/wp-json\/wp\/v2\/media?parent=1706"}],"wp:term":[{"taxonomy":"product_brand","embeddable":true,"href":"https:\/\/sxflightcase.com\/it\/wp-json\/wp\/v2\/product_brand?post=1706"},{"taxonomy":"product_cat","embeddable":true,"href":"https:\/\/sxflightcase.com\/it\/wp-json\/wp\/v2\/product_cat?post=1706"},{"taxonomy":"product_tag","embeddable":true,"href":"https:\/\/sxflightcase.com\/it\/wp-json\/wp\/v2\/product_tag?post=1706"}],"curies":[{"name":"wp","href":"https:\/\/api.w.org\/{rel}","templated":true}]}}