{"id":1718,"date":"2024-05-10T04:53:18","date_gmt":"2024-05-10T03:53:18","guid":{"rendered":"https:\/\/sxpowercase.com\/?post_type=product&#038;p=1718"},"modified":"2024-06-25T09:32:02","modified_gmt":"2024-06-25T08:32:02","slug":"18-inch-subwoofer-box","status":"publish","type":"product","link":"https:\/\/sxflightcase.com\/it\/prodotto\/box-subwoofer-da-18-pollici-2\/","title":{"rendered":"Subwoofer da 18 pollici"},"content":{"rendered":"<p><strong>Parametro del prodotto (specifica)<\/strong><\/p>\n<section class=\"table-wrap\">\n<table class=\"table\" width=\"100%\" cellspacing=\"0\" cellpadding=\"0\">\n<tbody>\n<tr class=\"firstRow\">\n<td width=\"134\">Nome del prodotto<\/td>\n<td width=\"504\">Box subwoofer da 18 pollici<\/td>\n<\/tr>\n<tr>\n<td width=\"134\">I materiali<\/td>\n<td width=\"504\">Telaio in alluminio + compensato da 9 mm<br \/>\n4 x Fermaglio a farfalla con occhielli per l'inserimento del lucchetto (lucchetto non fornito)<br \/>\nCompletamente rivestito in schiuma di plastazote<br \/>\n4 ruote in gomma da 100 mm imbullonate alla cassa tramite una tavola per ruote in Birchply da 15 mm (2 sono dotate di freni di blocco completi) opzione di costo<\/td>\n<\/tr>\n<tr>\n<td width=\"134\">Colore<\/td>\n<td width=\"504\">Nero, blu, rosso o personalizzato<\/td>\n<\/tr>\n<tr>\n<td width=\"134\">Utilizzo<\/td>\n<td width=\"504\">Proteggere l'archiviazione dei trasporti<\/td>\n<\/tr>\n<\/tbody>\n<\/table>\n<\/section>\n<h1>Sperimentate un suono ineguagliabile con il box per subwoofer da 18 pollici di SX<\/h1>\n<h2>Suono potente, design perfetto<\/h2>\n<p>IL <a href=\"https:\/\/sxpowercase.com\/\" target=\"_blank\"  rel=\"noopener\" title=\"Sx\"  data-wpil-monitor-id=\"463\">Sx<\/a> Il box subwoofer da 18 pollici offre un'esperienza audio impareggiabile. Progettato per migliorare il vostro sistema audio, fornisce bassi profondi e potenti che trasformano qualsiasi spazio. Il suo design elegante si integra perfettamente nell'impianto, offrendo un'estetica accattivante e prestazioni superiori.<\/p>\n<h2>Artigianato di qualit\u00e0 superiore<\/h2>\n<h3>Costruito per durare<\/h3>\n<p>Noi di SX crediamo nella qualit\u00e0. Il nostro box per subwoofer da 18 pollici \u00e8 realizzato con materiali di alta qualit\u00e0, per garantire prestazioni e durata nel tempo. La struttura robusta resiste ai rigori del trasporto e dell'uso, rendendolo un'aggiunta affidabile alla vostra attrezzatura audio.<\/p>\n<h2>Vendita diretta in fabbrica<\/h2>\n<h3>Miglior valore garantito<\/h3>\n<p>Il modello di vendita diretta in fabbrica di SX vi garantisce il miglior valore per il vostro investimento. Eliminando gli intermediari, offriamo prodotti di alta qualit\u00e0 a prezzi competitivi. Il box per subwoofer da 18 pollici \u00e8 una soluzione economica per gli audiofili che cercano un suono di qualit\u00e0 superiore senza spendere troppo.<\/p>\n<h2>Servizi di personalizzazione<\/h2>\n<h3>Su misura per le tue esigenze<\/h3>\n<p>SX sa che ogni sistema audio \u00e8 unico. Ecco perch\u00e9 offriamo opzioni di personalizzazione per il nostro box per subwoofer da 18 pollici. Se avete bisogno di dimensioni specifiche, finiture o caratteristiche aggiuntive, possiamo personalizzare il box per subwoofer in base alle vostre esigenze. Godetevi un prodotto su misura per voi.<\/p>\n<h2>Elevare l'esperienza audio<\/h2>\n<h3>Bassi profondi, suono chiaro<\/h3>\n<p>Il subwoofer box da 18 pollici di SX migliora la vostra configurazione audio con bassi profondi e ricchi e una qualit\u00e0 del suono chiara. Perfetto per gli appassionati di musica, gli home theater e le configurazioni professionali, eleva la vostra esperienza di ascolto. Godetevi un suono coinvolgente che d\u00e0 vita ai vostri brani e film preferiti.<\/p>\n<hr \/>\n<p>Aggiornate il vostro sistema audio con il box per subwoofer SX da 18 pollici. Contattateci oggi stesso per saperne di pi\u00f9 sui nostri servizi di vendita diretta e di personalizzazione. Provate la miscela perfetta di potenza, durata e valore con SX e portate il vostro sistema audio a un livello superiore.<\/p>\n<p><strong>Domande frequenti<\/strong><\/p>\n<p>D: Potete realizzare il nostro imballaggio?<\/p>\n<p>R: S\u00ec, basta fornire il design della confezione e noi produrremo ci\u00f2 che desiderate. Abbiamo anche un designer professionista che pu\u00f2 aiutarvi a progettare l'imballaggio.<\/p>\n<p>Q. Fornite campioni?<\/p>\n<p>A. S\u00ec, forniamo un campione e il costo del campione vi sar\u00e0 restituito quando confermerete un grande ordine.<\/p>\n<p>Q. Quali sono i vostri prodotti?<\/p>\n<p>UN. <a class=\"wpil_keyword_link\" title=\"Custodia da volo\" href=\"https:\/\/sxpowercase.com\/product-category\/all-product\/flight-case\/\" target=\"_blank\" rel=\"noopener\" data-wpil-keyword-link=\"linked\" data-wpil-monitor-id=\"412\">Custodia da volo<\/a> come la custodia per il rack, la custodia per il bagagliaio, la custodia per il mixer, la custodia per la TV, ecc...<\/p>\n<p>Tag caldi: Prezzo basso, in stock, campione gratuito, Cavo di alimentazione e di segnale, filo a 4 conduttori di 16 Gauge, custodia per microfono, espositore a led per esterni, montaggio a rack, 19\" Rackmount Mixer Flight Cases\uff0celectrical distro box, Cina, fornitori, fabbrica, personalizzato, all'ingrosso, 18 Inch Subwoofer Box,<span style=\"color: #993366;\"><a style=\"color: #993366;\" href=\"https:\/\/sxflightcase.com\/it\/product-category\/all-product\/power-distribution-boxes\/\">scatole di alimentazione<\/a>,\u00a0<a style=\"color: #993366;\" href=\"https:\/\/sxflightcase.com\/it\/product-category\/all-product\/hoist-controllers\/\">cavi di alimentazione<\/a>,\u00a0<a style=\"color: #993366;\" href=\"https:\/\/sxflightcase.com\/it\/product-category\/all-product\/hoist-controllers\/\">controllori di sollevamento<\/a>,\u00a0<a style=\"color: #993366;\" href=\"https:\/\/sxflightcase.com\/it\/product-category\/all-product\/flight-case\/\">custodie da viaggio.<\/a><\/span><\/p>","protected":false},"excerpt":{"rendered":"<h2 class=\"prodetails-name\">Subwoofer da 18 pollici<\/h2>\n<p>L'esperienza maturata all'interno dell'azienda ci permette di comprendere le aspettative dei clienti nei confronti della custodia e di offrire varie opzioni di personalizzazione per facilitare il lavoro dei clienti durante lo spostamento delle apparecchiature. Il box per subwoofer da 18 pollici \u00e8 uno dei flight case pi\u00f9 popolari sul mercato grazie alla sua versatilit\u00e0.<\/p>\n<h2><strong>Introduzione alla produzione<\/strong><\/h2>\n<p>Box subwoofer da 18 pollici<\/p>\n<p>* Angoli per palline impilabili e robuste<\/p>\n<p>* Rivetti industriali a doppia ancora<\/p>\n<p>* Chiusure incassate di livello industriale<\/p>\n<p>* Maniglia da incasso di livello industriale<\/p>\n<p>* Piedini in gomma di grado industriale<\/p>\n<p>* Compensato laminato in vinile da 3\/8 di pollice di qualit\u00e0 superiore<\/p>\n<p>* Montaggio con linguetta e scanalatura<\/p>\n<p>* Include strisce regolabili per la larghezza del mixer\/lettore CD.<\/p>\n<p>* Garanzia limitata a vita del rack<\/p>\n<p>* Valutazione ATA 300<\/p>","protected":false},"featured_media":1719,"comment_status":"open","ping_status":"closed","template":"","meta":[],"product_brand":[],"product_cat":[41],"product_tag":[],"class_list":{"0":"post-1718","1":"product","2":"type-product","3":"status-publish","4":"has-post-thumbnail","6":"product_cat-equipment-cases","8":"first","9":"instock","10":"shipping-taxable","11":"product-type-simple"},"yoast_head":"<!-- This site is optimized with the Yoast SEO Premium plugin v27.1 (Yoast SEO v27.2) - https:\/\/yoast.com\/product\/yoast-seo-premium-wordpress\/ -->\n<title>18 Inch Subwoofer Box - https:\/\/sxflightcase.com \ud83d\udc97<\/title>\n<meta name=\"description\" content=\"18 Inch Subwoofer Box: Get factory-direct sales and professional customization for optimal protection and organization of your lighting equipment\" \/>\n<meta name=\"robots\" content=\"index, follow, max-snippet:-1, max-image-preview:large, max-video-preview:-1\" \/>\n<link rel=\"canonical\" href=\"https:\/\/sxflightcase.com\/it\/\u88fd\u54c1\/18\u30a4\u30f3\u30c1\u30fb\u30b5\u30d6\u30a6\u30fc\u30d5\u30a1\u30fc\u30dc\u30c3\u30af\u30b9\/\" \/>\n<meta property=\"og:locale\" content=\"it_IT\" \/>\n<meta property=\"og:type\" content=\"article\" \/>\n<meta property=\"og:title\" content=\"18 Inch Subwoofer Box\" \/>\n<meta property=\"og:description\" content=\"18 Inch Subwoofer Box: Get factory-direct sales and professional customization for optimal protection and organization of your lighting equipment\" \/>\n<meta property=\"og:url\" content=\"https:\/\/sxflightcase.com\/it\/\u88fd\u54c1\/18\u30a4\u30f3\u30c1\u30fb\u30b5\u30d6\u30a6\u30fc\u30d5\u30a1\u30fc\u30dc\u30c3\u30af\u30b9\/\" \/>\n<meta property=\"og:site_name\" content=\"https:\/\/sxflightcase.com\" \/>\n<meta property=\"article:publisher\" content=\"https:\/\/www.facebook.com\/profile.php?id=61560407257971\" \/>\n<meta property=\"article:modified_time\" content=\"2024-06-25T08:32:02+00:00\" \/>\n<meta property=\"og:image\" content=\"https:\/\/sxflightcase.com\/wp-content\/uploads\/2024\/05\/18-inch-subwoofer-box05049421198.jpg\" \/>\n\t<meta property=\"og:image:width\" content=\"350\" \/>\n\t<meta property=\"og:image:height\" content=\"350\" \/>\n\t<meta property=\"og:image:type\" content=\"image\/jpeg\" \/>\n<meta name=\"twitter:card\" content=\"summary_large_image\" \/>\n<meta name=\"twitter:label1\" content=\"Tempo di lettura stimato\" \/>\n\t<meta name=\"twitter:data1\" content=\"3 minuti\" \/>\n<script type=\"application\/ld+json\" class=\"yoast-schema-graph\">{\"@context\":\"https:\/\/schema.org\",\"@graph\":[{\"@type\":\"WebPage\",\"@id\":\"https:\/\/sxflightcase.com\/ja\/\u88fd\u54c1\/18\u30a4\u30f3\u30c1\u30fb\u30b5\u30d6\u30a6\u30fc\u30d5\u30a1\u30fc\u30dc\u30c3\u30af\u30b9\/\",\"url\":\"https:\/\/sxflightcase.com\/ja\/\u88fd\u54c1\/18\u30a4\u30f3\u30c1\u30fb\u30b5\u30d6\u30a6\u30fc\u30d5\u30a1\u30fc\u30dc\u30c3\u30af\u30b9\/\",\"name\":\"18 Inch Subwoofer Box - https:\/\/sxflightcase.com \ud83d\udc97\",\"isPartOf\":{\"@id\":\"https:\/\/sxflightcase.com\/th\/#website\"},\"primaryImageOfPage\":{\"@id\":\"https:\/\/sxflightcase.com\/ja\/\u88fd\u54c1\/18\u30a4\u30f3\u30c1\u30fb\u30b5\u30d6\u30a6\u30fc\u30d5\u30a1\u30fc\u30dc\u30c3\u30af\u30b9\/#primaryimage\"},\"image\":{\"@id\":\"https:\/\/sxflightcase.com\/ja\/\u88fd\u54c1\/18\u30a4\u30f3\u30c1\u30fb\u30b5\u30d6\u30a6\u30fc\u30d5\u30a1\u30fc\u30dc\u30c3\u30af\u30b9\/#primaryimage\"},\"thumbnailUrl\":\"https:\/\/sxflightcase.com\/wp-content\/uploads\/2024\/05\/18-inch-subwoofer-box05049421198.jpg\",\"datePublished\":\"2024-05-10T03:53:18+00:00\",\"dateModified\":\"2024-06-25T08:32:02+00:00\",\"description\":\"18 Inch Subwoofer Box: Get factory-direct sales and professional customization for optimal protection and organization of your lighting equipment\",\"breadcrumb\":{\"@id\":\"https:\/\/sxflightcase.com\/ja\/\u88fd\u54c1\/18\u30a4\u30f3\u30c1\u30fb\u30b5\u30d6\u30a6\u30fc\u30d5\u30a1\u30fc\u30dc\u30c3\u30af\u30b9\/#breadcrumb\"},\"inLanguage\":\"it-IT\",\"potentialAction\":[{\"@type\":\"ReadAction\",\"target\":[\"https:\/\/sxflightcase.com\/ja\/\u88fd\u54c1\/18\u30a4\u30f3\u30c1\u30fb\u30b5\u30d6\u30a6\u30fc\u30d5\u30a1\u30fc\u30dc\u30c3\u30af\u30b9\/\"]}]},{\"@type\":\"ImageObject\",\"inLanguage\":\"it-IT\",\"@id\":\"https:\/\/sxflightcase.com\/ja\/\u88fd\u54c1\/18\u30a4\u30f3\u30c1\u30fb\u30b5\u30d6\u30a6\u30fc\u30d5\u30a1\u30fc\u30dc\u30c3\u30af\u30b9\/#primaryimage\",\"url\":\"https:\/\/sxflightcase.com\/wp-content\/uploads\/2024\/05\/18-inch-subwoofer-box05049421198.jpg\",\"contentUrl\":\"https:\/\/sxflightcase.com\/wp-content\/uploads\/2024\/05\/18-inch-subwoofer-box05049421198.jpg\",\"width\":350,\"height\":350,\"caption\":\"18 Inch Subwoofer Box\"},{\"@type\":\"BreadcrumbList\",\"@id\":\"https:\/\/sxflightcase.com\/ja\/\u88fd\u54c1\/18\u30a4\u30f3\u30c1\u30fb\u30b5\u30d6\u30a6\u30fc\u30d5\u30a1\u30fc\u30dc\u30c3\u30af\u30b9\/#breadcrumb\",\"itemListElement\":[{\"@type\":\"ListItem\",\"position\":1,\"name\":\"Home\",\"item\":\"https:\/\/sxflightcase.com\/\"},{\"@type\":\"ListItem\",\"position\":2,\"name\":\"\u0e2a\u0e34\u0e19\u0e04\u0e49\u0e32\",\"item\":\"https:\/\/sxflightcase.com\/th\/shop\/\"},{\"@type\":\"ListItem\",\"position\":3,\"name\":\"18 Inch Subwoofer Box\"}]},{\"@type\":\"WebSite\",\"@id\":\"https:\/\/sxflightcase.com\/th\/#website\",\"url\":\"https:\/\/sxflightcase.com\/th\/\",\"name\":\"sxpowercase.com\",\"description\":\"Flight Case Factory\",\"publisher\":{\"@id\":\"https:\/\/sxflightcase.com\/th\/#organization\"},\"potentialAction\":[{\"@type\":\"SearchAction\",\"target\":{\"@type\":\"EntryPoint\",\"urlTemplate\":\"https:\/\/sxflightcase.com\/th\/?s={search_term_string}\"},\"query-input\":{\"@type\":\"PropertyValueSpecification\",\"valueRequired\":true,\"valueName\":\"search_term_string\"}}],\"inLanguage\":\"it-IT\"},{\"@type\":\"Organization\",\"@id\":\"https:\/\/sxflightcase.com\/th\/#organization\",\"name\":\"sxpowercase.com\",\"url\":\"https:\/\/sxflightcase.com\/th\/\",\"logo\":{\"@type\":\"ImageObject\",\"inLanguage\":\"it-IT\",\"@id\":\"https:\/\/sxflightcase.com\/th\/#\/schema\/logo\/image\/\",\"url\":\"https:\/\/sxflightcase.com\/wp-content\/uploads\/2024\/04\/1713919036007.jpg\",\"contentUrl\":\"https:\/\/sxflightcase.com\/wp-content\/uploads\/2024\/04\/1713919036007.jpg\",\"width\":382,\"height\":388,\"caption\":\"sxpowercase.com\"},\"image\":{\"@id\":\"https:\/\/sxflightcase.com\/th\/#\/schema\/logo\/image\/\"},\"sameAs\":[\"https:\/\/www.facebook.com\/profile.php?id=61560407257971\"],\"numberOfEmployees\":{\"@type\":\"QuantitativeValue\",\"minValue\":\"11\",\"maxValue\":\"50\"}}]}<\/script>\n<!-- \/ Yoast SEO Premium plugin. -->","yoast_head_json":{"title":"18 Inch Subwoofer Box - https:\/\/sxflightcase.com \ud83d\udc97","description":"Box per subwoofer da 18 pollici: Vendite dirette in fabbrica e personalizzazione professionale per una protezione e un'organizzazione ottimali delle apparecchiature di illuminazione.","robots":{"index":"index","follow":"follow","max-snippet":"max-snippet:-1","max-image-preview":"max-image-preview:large","max-video-preview":"max-video-preview:-1"},"canonical":"https:\/\/sxflightcase.com\/it\/\u88fd\u54c1\/18\u30a4\u30f3\u30c1\u30fb\u30b5\u30d6\u30a6\u30fc\u30d5\u30a1\u30fc\u30dc\u30c3\u30af\u30b9\/","og_locale":"it_IT","og_type":"article","og_title":"18 Inch Subwoofer Box","og_description":"18 Inch Subwoofer Box: Get factory-direct sales and professional customization for optimal protection and organization of your lighting equipment","og_url":"https:\/\/sxflightcase.com\/it\/\u88fd\u54c1\/18\u30a4\u30f3\u30c1\u30fb\u30b5\u30d6\u30a6\u30fc\u30d5\u30a1\u30fc\u30dc\u30c3\u30af\u30b9\/","og_site_name":"https:\/\/sxflightcase.com","article_publisher":"https:\/\/www.facebook.com\/profile.php?id=61560407257971","article_modified_time":"2024-06-25T08:32:02+00:00","og_image":[{"width":350,"height":350,"url":"https:\/\/sxflightcase.com\/wp-content\/uploads\/2024\/05\/18-inch-subwoofer-box05049421198.jpg","type":"image\/jpeg"}],"twitter_card":"summary_large_image","twitter_misc":{"Tempo di lettura stimato":"3 minuti"},"schema":{"@context":"https:\/\/schema.org","@graph":[{"@type":"WebPage","@id":"https:\/\/sxflightcase.com\/ja\/\u88fd\u54c1\/18\u30a4\u30f3\u30c1\u30fb\u30b5\u30d6\u30a6\u30fc\u30d5\u30a1\u30fc\u30dc\u30c3\u30af\u30b9\/","url":"https:\/\/sxflightcase.com\/ja\/\u88fd\u54c1\/18\u30a4\u30f3\u30c1\u30fb\u30b5\u30d6\u30a6\u30fc\u30d5\u30a1\u30fc\u30dc\u30c3\u30af\u30b9\/","name":"18 Inch Subwoofer Box - https:\/\/sxflightcase.com \ud83d\udc97","isPartOf":{"@id":"https:\/\/sxflightcase.com\/th\/#website"},"primaryImageOfPage":{"@id":"https:\/\/sxflightcase.com\/ja\/\u88fd\u54c1\/18\u30a4\u30f3\u30c1\u30fb\u30b5\u30d6\u30a6\u30fc\u30d5\u30a1\u30fc\u30dc\u30c3\u30af\u30b9\/#primaryimage"},"image":{"@id":"https:\/\/sxflightcase.com\/ja\/\u88fd\u54c1\/18\u30a4\u30f3\u30c1\u30fb\u30b5\u30d6\u30a6\u30fc\u30d5\u30a1\u30fc\u30dc\u30c3\u30af\u30b9\/#primaryimage"},"thumbnailUrl":"https:\/\/sxflightcase.com\/wp-content\/uploads\/2024\/05\/18-inch-subwoofer-box05049421198.jpg","datePublished":"2024-05-10T03:53:18+00:00","dateModified":"2024-06-25T08:32:02+00:00","description":"Box per subwoofer da 18 pollici: Vendite dirette in fabbrica e personalizzazione professionale per una protezione e un'organizzazione ottimali delle apparecchiature di illuminazione.","breadcrumb":{"@id":"https:\/\/sxflightcase.com\/ja\/\u88fd\u54c1\/18\u30a4\u30f3\u30c1\u30fb\u30b5\u30d6\u30a6\u30fc\u30d5\u30a1\u30fc\u30dc\u30c3\u30af\u30b9\/#breadcrumb"},"inLanguage":"it-IT","potentialAction":[{"@type":"ReadAction","target":["https:\/\/sxflightcase.com\/ja\/\u88fd\u54c1\/18\u30a4\u30f3\u30c1\u30fb\u30b5\u30d6\u30a6\u30fc\u30d5\u30a1\u30fc\u30dc\u30c3\u30af\u30b9\/"]}]},{"@type":"ImageObject","inLanguage":"it-IT","@id":"https:\/\/sxflightcase.com\/ja\/\u88fd\u54c1\/18\u30a4\u30f3\u30c1\u30fb\u30b5\u30d6\u30a6\u30fc\u30d5\u30a1\u30fc\u30dc\u30c3\u30af\u30b9\/#primaryimage","url":"https:\/\/sxflightcase.com\/wp-content\/uploads\/2024\/05\/18-inch-subwoofer-box05049421198.jpg","contentUrl":"https:\/\/sxflightcase.com\/wp-content\/uploads\/2024\/05\/18-inch-subwoofer-box05049421198.jpg","width":350,"height":350,"caption":"18 Inch Subwoofer Box"},{"@type":"BreadcrumbList","@id":"https:\/\/sxflightcase.com\/ja\/\u88fd\u54c1\/18\u30a4\u30f3\u30c1\u30fb\u30b5\u30d6\u30a6\u30fc\u30d5\u30a1\u30fc\u30dc\u30c3\u30af\u30b9\/#breadcrumb","itemListElement":[{"@type":"ListItem","position":1,"name":"Home","item":"https:\/\/sxflightcase.com\/"},{"@type":"ListItem","position":2,"name":"\u0e2a\u0e34\u0e19\u0e04\u0e49\u0e32","item":"https:\/\/sxflightcase.com\/th\/shop\/"},{"@type":"ListItem","position":3,"name":"18 Inch Subwoofer Box"}]},{"@type":"WebSite","@id":"https:\/\/sxflightcase.com\/th\/#website","url":"https:\/\/sxflightcase.com\/th\/","name":"sxpowercase.com","description":"Fabbrica di Flight Case","publisher":{"@id":"https:\/\/sxflightcase.com\/th\/#organization"},"potentialAction":[{"@type":"SearchAction","target":{"@type":"EntryPoint","urlTemplate":"https:\/\/sxflightcase.com\/th\/?s={search_term_string}"},"query-input":{"@type":"PropertyValueSpecification","valueRequired":true,"valueName":"search_term_string"}}],"inLanguage":"it-IT"},{"@type":"Organization","@id":"https:\/\/sxflightcase.com\/th\/#organization","name":"sxpowercase.com","url":"https:\/\/sxflightcase.com\/th\/","logo":{"@type":"ImageObject","inLanguage":"it-IT","@id":"https:\/\/sxflightcase.com\/th\/#\/schema\/logo\/image\/","url":"https:\/\/sxflightcase.com\/wp-content\/uploads\/2024\/04\/1713919036007.jpg","contentUrl":"https:\/\/sxflightcase.com\/wp-content\/uploads\/2024\/04\/1713919036007.jpg","width":382,"height":388,"caption":"sxpowercase.com"},"image":{"@id":"https:\/\/sxflightcase.com\/th\/#\/schema\/logo\/image\/"},"sameAs":["https:\/\/www.facebook.com\/profile.php?id=61560407257971"],"numberOfEmployees":{"@type":"QuantitativeValue","minValue":"11","maxValue":"50"}}]}},"_links":{"self":[{"href":"https:\/\/sxflightcase.com\/it\/wp-json\/wp\/v2\/product\/1718","targetHints":{"allow":["GET"]}}],"collection":[{"href":"https:\/\/sxflightcase.com\/it\/wp-json\/wp\/v2\/product"}],"about":[{"href":"https:\/\/sxflightcase.com\/it\/wp-json\/wp\/v2\/types\/product"}],"replies":[{"embeddable":true,"href":"https:\/\/sxflightcase.com\/it\/wp-json\/wp\/v2\/comments?post=1718"}],"version-history":[{"count":0,"href":"https:\/\/sxflightcase.com\/it\/wp-json\/wp\/v2\/product\/1718\/revisions"}],"wp:featuredmedia":[{"embeddable":true,"href":"https:\/\/sxflightcase.com\/it\/wp-json\/wp\/v2\/media\/1719"}],"wp:attachment":[{"href":"https:\/\/sxflightcase.com\/it\/wp-json\/wp\/v2\/media?parent=1718"}],"wp:term":[{"taxonomy":"product_brand","embeddable":true,"href":"https:\/\/sxflightcase.com\/it\/wp-json\/wp\/v2\/product_brand?post=1718"},{"taxonomy":"product_cat","embeddable":true,"href":"https:\/\/sxflightcase.com\/it\/wp-json\/wp\/v2\/product_cat?post=1718"},{"taxonomy":"product_tag","embeddable":true,"href":"https:\/\/sxflightcase.com\/it\/wp-json\/wp\/v2\/product_tag?post=1718"}],"curies":[{"name":"wp","href":"https:\/\/api.w.org\/{rel}","templated":true}]}}