{"id":1731,"date":"2024-05-10T06:44:25","date_gmt":"2024-05-10T05:44:25","guid":{"rendered":"https:\/\/sxpowercase.com\/?post_type=product&#038;p=1731"},"modified":"2024-06-21T02:56:05","modified_gmt":"2024-06-21T01:56:05","slug":"15-inch-subwoofer-box","status":"publish","type":"product","link":"https:\/\/sxflightcase.com\/it\/prodotto\/box-subwoofer-da-15-pollici-2\/","title":{"rendered":"Subwoofer da 15 pollici"},"content":{"rendered":"<p><strong>Parametro del prodotto (specifica)<\/strong><\/p>\n<section class=\"table-wrap\">\n<table class=\"table\" width=\"100%\" cellspacing=\"0\" cellpadding=\"0\">\n<tbody>\n<tr class=\"firstRow\">\n<td width=\"134\">Nome del prodotto:<\/td>\n<td width=\"503\">Box subwoofer da 15 pollici<\/td>\n<\/tr>\n<tr>\n<td width=\"134\">Materiale e accessori:<\/td>\n<td width=\"503\">Compensato da 9 mm + ferramenta cromata\/zincata + estrusione di alluminio<br \/>\nCoperchi anteriori e posteriori rimovibili<\/td>\n<\/tr>\n<tr>\n<td width=\"134\">Rivestimento in schiuma:<\/td>\n<td width=\"503\">Schiuma di perle \/ Schiuma di EVA \/ Schiuma di uova ecc... regolare o su richiesta<\/td>\n<\/tr>\n<tr>\n<td width=\"134\">Colore:<\/td>\n<td width=\"503\">Nero (colore predefinito), rosso, blu, arancione, giallo, verde, ecc.<\/td>\n<\/tr>\n<tr>\n<td width=\"134\">Tempi di consegna:<\/td>\n<td width=\"503\">Ordine campione 3 giorni, ordine normale 7-15 giorni<\/td>\n<\/tr>\n<tr>\n<td width=\"134\">Dimensione:<\/td>\n<td width=\"503\">Dipende dalle dimensioni dell&#039;attrezzatura<\/td>\n<\/tr>\n<\/tbody>\n<\/table>\n<\/section>\n<h1>Elevate il vostro suono con il box per subwoofer da 15 pollici SX<\/h1>\n<h2>Scatenate la potenza dei bassi profondi<\/h2>\n<p>Scoprite la differenza di qualit\u00e0 del suono con il <strong>Subwoofer da 15 pollici<\/strong> da <a href=\"https:\/\/sxpowercase.com\/\" target=\"_blank\" rel=\"noopener\" title=\"Sx\" data-wpil-monitor-id=\"114\">Sx<\/a>. Progettato per offrire bassi potenti e profondi, questo subwoofer \u00e8 perfetto per chi desidera un'esperienza audio coinvolgente. Sia che siate appassionati di musica o professionisti dell'audio, l'SX <strong>Subwoofer da 15 pollici<\/strong> superer\u00e0 le vostre aspettative.<\/p>\n<h2>Design e funzionalit\u00e0 superiori<\/h2>\n<h3>Perfetto per qualsiasi configurazione audio<\/h3>\n<p>L'SX <strong>Subwoofer da 15 pollici<\/strong> vanta un design elegante e compatto che si integra perfettamente in qualsiasi impianto audio. La sua struttura robusta garantisce durata e prestazioni durature, rendendolo la scelta ideale per gli impianti audio di casa e dell'auto. Aggiornate il vostro sistema audio con facilit\u00e0 e godetevi una qualit\u00e0 sonora superiore.<\/p>\n<h2>Direttamente dalla fabbrica<\/h2>\n<h3>Alta qualit\u00e0, prezzi convenienti<\/h3>\n<p>Noi di SX crediamo nel fornire prodotti di alta qualit\u00e0 a prezzi accessibili. Il nostro <strong>Scatole per subwoofer da 15 pollici<\/strong> \u00e8 disponibile attraverso la vendita diretta in fabbrica, per garantirvi il miglior rapporto qualit\u00e0-prezzo. Godetevi i vantaggi di un'apparecchiatura audio di qualit\u00e0 superiore senza dover pagare un prezzo elevato.<\/p>\n<h2>Personalizzati in base alle vostre esigenze<\/h2>\n<h3>Soluzioni audio su misura<\/h3>\n<p>Sappiamo che ogni configurazione audio \u00e8 unica. Ecco perch\u00e9 SX offre opzioni di personalizzazione per i nostri prodotti. <strong>Scatole per subwoofer da 15 pollici<\/strong>. Se avete bisogno di una finitura specifica, di dimensioni o di caratteristiche aggiuntive, il nostro team si dedica alla creazione di un prodotto che soddisfi le vostre esatte specifiche. Migliorate la vostra esperienza audio con un subwoofer fatto apposta per voi.<\/p>\n<h2>Sperimentate una qualit\u00e0 del suono ineguagliabile<\/h2>\n<h3>Bassi potenti e cristallini<\/h3>\n<p>Trasformate la vostra esperienza audio con l'SX <strong>Subwoofer da 15 pollici<\/strong>. Progettato per produrre bassi potenti e cristallini, questo subwoofer fa emergere il meglio della musica e dei film. Percepite ogni battuta e nota con una chiarezza e una profondit\u00e0 senza pari, rendendo la vostra esperienza di ascolto davvero indimenticabile.<\/p>\n<hr \/>\n<p>Aggiornamento a SX <strong>Subwoofer da 15 pollici<\/strong> e portare il vostro sistema audio a un livello superiore. Contattateci oggi stesso per saperne di pi\u00f9 sulle nostre vendite dirette in fabbrica e sulle opzioni di personalizzazione. Provate la differenza di qualit\u00e0 del suono con SX e migliorate la vostra esperienza di ascolto come mai prima d'ora.<\/p>\n<p><strong>Domande frequenti<\/strong><\/p>\n<p>D: Quali sono le vostre condizioni di pagamento?<\/p>\n<p>A: Acconto di 30% prima della produzione e saldo di 70% prima della spedizione.<\/p>\n<p>D: Quali forme di pagamento accettate?<\/p>\n<p>A: T\/T, Western Union, ecc. Accettiamo qualsiasi termine di pagamento rapido e conveniente.<\/p>\n<p>D: Come spedite la merce e quanto tempo ci vuole per arrivare?<\/p>\n<p>A: Normalmente nave via mare, possiamo aiutare a fare prezzo CIF o prezzo franco fabbrica....<\/p>\n<p>Tag popolari: prezzo basso, in magazzino, campione gratuito, cavo di alimentazione e segnale, filo conduttore calibro 16 a 4 conduttori, custodia per supporto microfono, mobiletto espositivo a LED per esterni, montaggio su rack, flight case per mixer da 19&quot; per montaggio su rack, scatola di distribuzione elettrica, Cina, fornitori, fabbrica, personalizzato, all&#039;ingrosso, <span style=\"color: #993366;\"><a style=\"color: #993366;\" href=\"https:\/\/sxflightcase.com\/it\/product-category\/all-product\/power-distribution-boxes\/\">scatole di alimentazione<\/a>,\u00a0<a style=\"color: #993366;\" href=\"https:\/\/sxflightcase.com\/it\/product-category\/all-product\/hoist-controllers\/\">cavi di alimentazione<\/a>,\u00a0<a style=\"color: #993366;\" href=\"https:\/\/sxflightcase.com\/it\/product-category\/all-product\/hoist-controllers\/\">controllori di sollevamento<\/a>,\u00a0<a style=\"color: #993366;\" href=\"https:\/\/sxflightcase.com\/it\/product-category\/all-product\/flight-case\/\">custodie da viaggio.<\/a><\/span><\/p>","protected":false},"excerpt":{"rendered":"<h2 class=\"prodetails-name\">Subwoofer da 15 pollici<\/h2>\n<p>Offriamo un'ampia selezione di casse acustiche come il box per subwoofer da 12 pollici per assicurarci che possiate trasportare l'attrezzatura senza problemi ovunque siate in viaggio. Sia che abbiate bisogno di riporre l'attrezzatura nella stiva, sia che siate alla ricerca di modalit\u00e0 di trasporto semplici, i nostri bauli da viaggio sono l'acquisto perfetto.<\/p>\n<h2><strong>Introduzione alla produzione<\/strong><\/h2>\n<p>Box subwoofer da 15 pollici<\/p>\n<p>Realizzato in Hexagrip da 9,5 mm (compensato di betulla nero legato a resina fenolica con un motivo esagonale nero all'esterno e una finitura nera liscia all'interno)<\/p>\n<p>Angoli a sfera per impieghi gravosi<\/p>\n<p>2x Catture a farfalla grandi<\/p>\n<p>4x Maniglie per piatti per impieghi gravosi con piastre di supporto, 2 montate su ciascuna estremit\u00e0 (2 aggiuntive su ciascuno dei lati lunghi a scelta)<\/p>\n<p>2x Grandi supporti per il coperchio e cerniera per pianoforte per mantenere il coperchio appena oltre i 90 gradi.<\/p>\n<p>4x ruote in gomma da 100 mm (2 con freno) imbullonate alla base con rinforzo in multistrato di betulla<\/p>","protected":false},"featured_media":1732,"comment_status":"open","ping_status":"closed","template":"","meta":[],"product_brand":[],"product_cat":[41],"product_tag":[],"class_list":{"0":"post-1731","1":"product","2":"type-product","3":"status-publish","4":"has-post-thumbnail","6":"product_cat-equipment-cases","8":"first","9":"instock","10":"shipping-taxable","11":"product-type-simple"},"yoast_head":"<!-- This site is optimized with the Yoast SEO Premium plugin v27.1 (Yoast SEO v27.2) - https:\/\/yoast.com\/product\/yoast-seo-premium-wordpress\/ -->\n<title>15 Inch Subwoofer Box - https:\/\/sxflightcase.com \ud83d\udc97<\/title>\n<meta name=\"description\" content=\"15 Inch Subwoofer Box: Discover factory-direct sales and professional customization for the perfect fit and performance of your subwoofer system.\" \/>\n<meta name=\"robots\" content=\"index, follow, max-snippet:-1, max-image-preview:large, max-video-preview:-1\" \/>\n<link rel=\"canonical\" href=\"https:\/\/sxflightcase.com\/it\/produk\/kotak-subwoofer-15-inci-2\/\" \/>\n<meta property=\"og:locale\" content=\"it_IT\" \/>\n<meta property=\"og:type\" content=\"article\" \/>\n<meta property=\"og:title\" content=\"15 Inch Subwoofer Box\" \/>\n<meta property=\"og:description\" content=\"15 Inch Subwoofer Box: Discover factory-direct sales and professional customization for the perfect fit and performance of your subwoofer system.\" \/>\n<meta property=\"og:url\" content=\"https:\/\/sxflightcase.com\/it\/produk\/kotak-subwoofer-15-inci-2\/\" \/>\n<meta property=\"og:site_name\" content=\"https:\/\/sxflightcase.com\" \/>\n<meta property=\"article:publisher\" content=\"https:\/\/www.facebook.com\/profile.php?id=61560407257971\" \/>\n<meta property=\"article:modified_time\" content=\"2024-06-21T01:56:05+00:00\" \/>\n<meta property=\"og:image\" content=\"https:\/\/sxflightcase.com\/wp-content\/uploads\/2024\/05\/15-inch-subwoofer-box55497615320.webp\" \/>\n\t<meta property=\"og:image:width\" content=\"750\" \/>\n\t<meta property=\"og:image:height\" content=\"750\" \/>\n\t<meta property=\"og:image:type\" content=\"image\/webp\" \/>\n<meta name=\"twitter:card\" content=\"summary_large_image\" \/>\n<meta name=\"twitter:label1\" content=\"Tempo di lettura stimato\" \/>\n\t<meta name=\"twitter:data1\" content=\"3 minuti\" \/>\n<script type=\"application\/ld+json\" class=\"yoast-schema-graph\">{\"@context\":\"https:\/\/schema.org\",\"@graph\":[{\"@type\":\"WebPage\",\"@id\":\"https:\/\/sxflightcase.com\/id\/produk\/kotak-subwoofer-15-inci-2\/\",\"url\":\"https:\/\/sxflightcase.com\/id\/produk\/kotak-subwoofer-15-inci-2\/\",\"name\":\"15 Inch Subwoofer Box - https:\/\/sxflightcase.com \ud83d\udc97\",\"isPartOf\":{\"@id\":\"https:\/\/sxflightcase.com\/th\/#website\"},\"primaryImageOfPage\":{\"@id\":\"https:\/\/sxflightcase.com\/id\/produk\/kotak-subwoofer-15-inci-2\/#primaryimage\"},\"image\":{\"@id\":\"https:\/\/sxflightcase.com\/id\/produk\/kotak-subwoofer-15-inci-2\/#primaryimage\"},\"thumbnailUrl\":\"https:\/\/sxflightcase.com\/wp-content\/uploads\/2024\/05\/15-inch-subwoofer-box55497615320.webp\",\"datePublished\":\"2024-05-10T05:44:25+00:00\",\"dateModified\":\"2024-06-21T01:56:05+00:00\",\"description\":\"15 Inch Subwoofer Box: Discover factory-direct sales and professional customization for the perfect fit and performance of your subwoofer system.\",\"breadcrumb\":{\"@id\":\"https:\/\/sxflightcase.com\/id\/produk\/kotak-subwoofer-15-inci-2\/#breadcrumb\"},\"inLanguage\":\"it-IT\",\"potentialAction\":[{\"@type\":\"ReadAction\",\"target\":[\"https:\/\/sxflightcase.com\/id\/produk\/kotak-subwoofer-15-inci-2\/\"]}]},{\"@type\":\"ImageObject\",\"inLanguage\":\"it-IT\",\"@id\":\"https:\/\/sxflightcase.com\/id\/produk\/kotak-subwoofer-15-inci-2\/#primaryimage\",\"url\":\"https:\/\/sxflightcase.com\/wp-content\/uploads\/2024\/05\/15-inch-subwoofer-box55497615320.webp\",\"contentUrl\":\"https:\/\/sxflightcase.com\/wp-content\/uploads\/2024\/05\/15-inch-subwoofer-box55497615320.webp\",\"width\":750,\"height\":750,\"caption\":\"15 Inch Subwoofer Box\"},{\"@type\":\"BreadcrumbList\",\"@id\":\"https:\/\/sxflightcase.com\/id\/produk\/kotak-subwoofer-15-inci-2\/#breadcrumb\",\"itemListElement\":[{\"@type\":\"ListItem\",\"position\":1,\"name\":\"Home\",\"item\":\"https:\/\/sxflightcase.com\/\"},{\"@type\":\"ListItem\",\"position\":2,\"name\":\"\u0e2a\u0e34\u0e19\u0e04\u0e49\u0e32\",\"item\":\"https:\/\/sxflightcase.com\/th\/shop\/\"},{\"@type\":\"ListItem\",\"position\":3,\"name\":\"15 Inch Subwoofer Box\"}]},{\"@type\":\"WebSite\",\"@id\":\"https:\/\/sxflightcase.com\/th\/#website\",\"url\":\"https:\/\/sxflightcase.com\/th\/\",\"name\":\"sxpowercase.com\",\"description\":\"Flight Case Factory\",\"publisher\":{\"@id\":\"https:\/\/sxflightcase.com\/th\/#organization\"},\"potentialAction\":[{\"@type\":\"SearchAction\",\"target\":{\"@type\":\"EntryPoint\",\"urlTemplate\":\"https:\/\/sxflightcase.com\/th\/?s={search_term_string}\"},\"query-input\":{\"@type\":\"PropertyValueSpecification\",\"valueRequired\":true,\"valueName\":\"search_term_string\"}}],\"inLanguage\":\"it-IT\"},{\"@type\":\"Organization\",\"@id\":\"https:\/\/sxflightcase.com\/th\/#organization\",\"name\":\"sxpowercase.com\",\"url\":\"https:\/\/sxflightcase.com\/th\/\",\"logo\":{\"@type\":\"ImageObject\",\"inLanguage\":\"it-IT\",\"@id\":\"https:\/\/sxflightcase.com\/th\/#\/schema\/logo\/image\/\",\"url\":\"https:\/\/sxflightcase.com\/wp-content\/uploads\/2024\/04\/1713919036007.jpg\",\"contentUrl\":\"https:\/\/sxflightcase.com\/wp-content\/uploads\/2024\/04\/1713919036007.jpg\",\"width\":382,\"height\":388,\"caption\":\"sxpowercase.com\"},\"image\":{\"@id\":\"https:\/\/sxflightcase.com\/th\/#\/schema\/logo\/image\/\"},\"sameAs\":[\"https:\/\/www.facebook.com\/profile.php?id=61560407257971\"],\"numberOfEmployees\":{\"@type\":\"QuantitativeValue\",\"minValue\":\"11\",\"maxValue\":\"50\"}}]}<\/script>\n<!-- \/ Yoast SEO Premium plugin. -->","yoast_head_json":{"title":"15 Inch Subwoofer Box - https:\/\/sxflightcase.com \ud83d\udc97","description":"Box per subwoofer da 15 pollici: Scoprite le vendite dirette in fabbrica e la personalizzazione professionale per l'adattamento perfetto e le prestazioni del vostro sistema subwoofer.","robots":{"index":"index","follow":"follow","max-snippet":"max-snippet:-1","max-image-preview":"max-image-preview:large","max-video-preview":"max-video-preview:-1"},"canonical":"https:\/\/sxflightcase.com\/it\/produk\/kotak-subwoofer-15-inci-2\/","og_locale":"it_IT","og_type":"article","og_title":"15 Inch Subwoofer Box","og_description":"15 Inch Subwoofer Box: Discover factory-direct sales and professional customization for the perfect fit and performance of your subwoofer system.","og_url":"https:\/\/sxflightcase.com\/it\/produk\/kotak-subwoofer-15-inci-2\/","og_site_name":"https:\/\/sxflightcase.com","article_publisher":"https:\/\/www.facebook.com\/profile.php?id=61560407257971","article_modified_time":"2024-06-21T01:56:05+00:00","og_image":[{"width":750,"height":750,"url":"https:\/\/sxflightcase.com\/wp-content\/uploads\/2024\/05\/15-inch-subwoofer-box55497615320.webp","type":"image\/webp"}],"twitter_card":"summary_large_image","twitter_misc":{"Tempo di lettura stimato":"3 minuti"},"schema":{"@context":"https:\/\/schema.org","@graph":[{"@type":"WebPage","@id":"https:\/\/sxflightcase.com\/id\/produk\/kotak-subwoofer-15-inci-2\/","url":"https:\/\/sxflightcase.com\/id\/produk\/kotak-subwoofer-15-inci-2\/","name":"15 Inch Subwoofer Box - https:\/\/sxflightcase.com \ud83d\udc97","isPartOf":{"@id":"https:\/\/sxflightcase.com\/th\/#website"},"primaryImageOfPage":{"@id":"https:\/\/sxflightcase.com\/id\/produk\/kotak-subwoofer-15-inci-2\/#primaryimage"},"image":{"@id":"https:\/\/sxflightcase.com\/id\/produk\/kotak-subwoofer-15-inci-2\/#primaryimage"},"thumbnailUrl":"https:\/\/sxflightcase.com\/wp-content\/uploads\/2024\/05\/15-inch-subwoofer-box55497615320.webp","datePublished":"2024-05-10T05:44:25+00:00","dateModified":"2024-06-21T01:56:05+00:00","description":"Box per subwoofer da 15 pollici: Scoprite le vendite dirette in fabbrica e la personalizzazione professionale per l'adattamento perfetto e le prestazioni del vostro sistema subwoofer.","breadcrumb":{"@id":"https:\/\/sxflightcase.com\/id\/produk\/kotak-subwoofer-15-inci-2\/#breadcrumb"},"inLanguage":"it-IT","potentialAction":[{"@type":"ReadAction","target":["https:\/\/sxflightcase.com\/id\/produk\/kotak-subwoofer-15-inci-2\/"]}]},{"@type":"ImageObject","inLanguage":"it-IT","@id":"https:\/\/sxflightcase.com\/id\/produk\/kotak-subwoofer-15-inci-2\/#primaryimage","url":"https:\/\/sxflightcase.com\/wp-content\/uploads\/2024\/05\/15-inch-subwoofer-box55497615320.webp","contentUrl":"https:\/\/sxflightcase.com\/wp-content\/uploads\/2024\/05\/15-inch-subwoofer-box55497615320.webp","width":750,"height":750,"caption":"15 Inch Subwoofer Box"},{"@type":"BreadcrumbList","@id":"https:\/\/sxflightcase.com\/id\/produk\/kotak-subwoofer-15-inci-2\/#breadcrumb","itemListElement":[{"@type":"ListItem","position":1,"name":"Home","item":"https:\/\/sxflightcase.com\/"},{"@type":"ListItem","position":2,"name":"\u0e2a\u0e34\u0e19\u0e04\u0e49\u0e32","item":"https:\/\/sxflightcase.com\/th\/shop\/"},{"@type":"ListItem","position":3,"name":"15 Inch Subwoofer Box"}]},{"@type":"WebSite","@id":"https:\/\/sxflightcase.com\/th\/#website","url":"https:\/\/sxflightcase.com\/th\/","name":"sxpowercase.com","description":"Fabbrica di Flight Case","publisher":{"@id":"https:\/\/sxflightcase.com\/th\/#organization"},"potentialAction":[{"@type":"SearchAction","target":{"@type":"EntryPoint","urlTemplate":"https:\/\/sxflightcase.com\/th\/?s={search_term_string}"},"query-input":{"@type":"PropertyValueSpecification","valueRequired":true,"valueName":"search_term_string"}}],"inLanguage":"it-IT"},{"@type":"Organization","@id":"https:\/\/sxflightcase.com\/th\/#organization","name":"sxpowercase.com","url":"https:\/\/sxflightcase.com\/th\/","logo":{"@type":"ImageObject","inLanguage":"it-IT","@id":"https:\/\/sxflightcase.com\/th\/#\/schema\/logo\/image\/","url":"https:\/\/sxflightcase.com\/wp-content\/uploads\/2024\/04\/1713919036007.jpg","contentUrl":"https:\/\/sxflightcase.com\/wp-content\/uploads\/2024\/04\/1713919036007.jpg","width":382,"height":388,"caption":"sxpowercase.com"},"image":{"@id":"https:\/\/sxflightcase.com\/th\/#\/schema\/logo\/image\/"},"sameAs":["https:\/\/www.facebook.com\/profile.php?id=61560407257971"],"numberOfEmployees":{"@type":"QuantitativeValue","minValue":"11","maxValue":"50"}}]}},"_links":{"self":[{"href":"https:\/\/sxflightcase.com\/it\/wp-json\/wp\/v2\/product\/1731","targetHints":{"allow":["GET"]}}],"collection":[{"href":"https:\/\/sxflightcase.com\/it\/wp-json\/wp\/v2\/product"}],"about":[{"href":"https:\/\/sxflightcase.com\/it\/wp-json\/wp\/v2\/types\/product"}],"replies":[{"embeddable":true,"href":"https:\/\/sxflightcase.com\/it\/wp-json\/wp\/v2\/comments?post=1731"}],"version-history":[{"count":0,"href":"https:\/\/sxflightcase.com\/it\/wp-json\/wp\/v2\/product\/1731\/revisions"}],"wp:featuredmedia":[{"embeddable":true,"href":"https:\/\/sxflightcase.com\/it\/wp-json\/wp\/v2\/media\/1732"}],"wp:attachment":[{"href":"https:\/\/sxflightcase.com\/it\/wp-json\/wp\/v2\/media?parent=1731"}],"wp:term":[{"taxonomy":"product_brand","embeddable":true,"href":"https:\/\/sxflightcase.com\/it\/wp-json\/wp\/v2\/product_brand?post=1731"},{"taxonomy":"product_cat","embeddable":true,"href":"https:\/\/sxflightcase.com\/it\/wp-json\/wp\/v2\/product_cat?post=1731"},{"taxonomy":"product_tag","embeddable":true,"href":"https:\/\/sxflightcase.com\/it\/wp-json\/wp\/v2\/product_tag?post=1731"}],"curies":[{"name":"wp","href":"https:\/\/api.w.org\/{rel}","templated":true}]}}