{"id":1756,"date":"2024-05-10T07:10:35","date_gmt":"2024-05-10T06:10:35","guid":{"rendered":"https:\/\/sxpowercase.com\/?post_type=product&#038;p=1756"},"modified":"2024-06-21T03:14:52","modified_gmt":"2024-06-21T02:14:52","slug":"led-screen-cabinet","status":"publish","type":"product","link":"https:\/\/sxflightcase.com\/it\/prodotto\/armadio-con-schermo-a-led-2\/","title":{"rendered":"Mobile con schermo LED"},"content":{"rendered":"<h3><strong>Parametro del prodotto (specifica)<\/strong><\/h3>\n<section class=\"table-wrap\">\n<table class=\"table\" width=\"100%\" cellspacing=\"0\" cellpadding=\"0\">\n<tbody>\n<tr class=\"firstRow\">\n<td width=\"134\">Coperchio<\/td>\n<td width=\"504\">Rimovibile<\/td>\n<\/tr>\n<tr>\n<td width=\"134\">Ruote<\/td>\n<td width=\"504\">Ruote a doppio freno: comode per muoversi e fermarsi<\/td>\n<\/tr>\n<tr>\n<td width=\"134\">Colore<\/td>\n<td width=\"504\">Nero, bianco, blu, rosso, arancione, verde, giallo, viola<\/td>\n<\/tr>\n<tr>\n<td width=\"134\">Tempo di lavoro<\/td>\n<td width=\"504\">5~7 giorni<\/td>\n<\/tr>\n<\/tbody>\n<\/table>\n<\/section>\n<p><strong>Imballaggio e spedizione<\/strong><\/p>\n<section class=\"table-wrap\">\n<table class=\"table\" width=\"100%\" cellspacing=\"0\" cellpadding=\"0\">\n<tbody>\n<tr class=\"firstRow\">\n<td colspan=\"3\" width=\"100%\">Imballaggio e spedizione<\/td>\n<\/tr>\n<tr>\n<td rowspan=\"3\" width=\"31%\">Tempo di spedizione<\/td>\n<td width=\"34%\">Via mare<\/td>\n<td width=\"33%\">15-60 giorni<\/td>\n<\/tr>\n<tr>\n<td width=\"34%\">In aereo<\/td>\n<td width=\"33%\">5-7 giorni<\/td>\n<\/tr>\n<tr>\n<td width=\"34%\">Per espresso<\/td>\n<td width=\"33%\">5-7 giorni<\/td>\n<\/tr>\n<tr>\n<td width=\"31%\">Tempi di consegna<\/td>\n<td colspan=\"2\" width=\"68%\">7-10 lavoro o secondo le vostre esigenze<\/td>\n<\/tr>\n<tr>\n<td width=\"31%\">Confezione<\/td>\n<td colspan=\"2\" width=\"68%\">In cartone o come si desidera<\/td>\n<\/tr>\n<\/tbody>\n<\/table>\n<\/section>\n<h1>Migliorate il vostro display con il mobile per schermi a LED di SX<\/h1>\n<h2>Protezione e visualizzazione di ultima generazione<\/h2>\n<p>Trasformate la vostra configurazione di display digitali con il mobile per schermi LED di <a href=\"https:\/\/sxpowercase.com\/\" target=\"_blank\" rel=\"noopener\" title=\"Sx\" data-wpil-monitor-id=\"119\">Sx<\/a>. Progettato per offrire la massima protezione e una migliore esperienza di visualizzazione, questo armadietto assicura che i vostri schermi LED siano alloggiati in modo sicuro mantenendo una visibilit\u00e0 ottimale. Sia per uso commerciale che personale, questo mobile aggiunge un tocco professionale a qualsiasi installazione.<\/p>\n<h2>Artigianato di alta qualit\u00e0<\/h2>\n<h3>Costruito per durare<\/h3>\n<p>SX \u00e8 orgogliosa di fornire prodotti di altissima qualit\u00e0. I nostri armadi per schermi LED sono costruiti con materiali di prima qualit\u00e0, in modo da resistere alla prova del tempo. Il design robusto protegge i vostri schermi LED dai danni esterni, fornendo una soluzione affidabile e duratura per tutte le vostre esigenze di visualizzazione.<\/p>\n<h2>Vendita diretta in fabbrica<\/h2>\n<h3>Valore ineguagliabile<\/h3>\n<p>Offrendo vendite dirette in fabbrica, SX vi garantisce il miglior valore per il vostro investimento. L'eliminazione dell'intermediario ci permette di fornire prodotti di alto livello a prezzi competitivi. Il cabinet per schermi LED combina una durata eccezionale con un prezzo accessibile, rendendolo una scelta intelligente sia per le aziende che per i privati.<\/p>\n<h2>Opzioni di personalizzazione<\/h2>\n<h3>Soluzioni su misura<\/h3>\n<p>Ogni configurazione di display \u00e8 unica e SX comprende l'importanza della personalizzazione. Il nostro cabinet per schermi LED \u00e8 dotato di varie opzioni di personalizzazione per soddisfare le vostre esigenze specifiche. Che si tratti di dimensioni specifiche, finiture o funzioni aggiuntive, siamo in grado di personalizzare il cabinet per soddisfare i vostri requisiti esatti. Godetevi una soluzione che si adatta perfettamente al vostro ambiente di visualizzazione.<\/p>\n<h2>Design elegante e moderno<\/h2>\n<h3>Migliorate il vostro appeal visivo<\/h3>\n<p>Il mobile per schermi LED di SX non solo protegge i vostri schermi, ma migliora anche l'estetica complessiva della vostra installazione. Con un design elegante e moderno, questo mobile si integra perfettamente in qualsiasi ambiente, aggiungendo un tocco di raffinatezza. Il suo design accurato garantisce un facile accesso e manutenzione degli schermi LED.<\/p>\n<hr \/>\n<p>Elevate la vostra esperienza di visualizzazione con il cabinet per schermi LED SX. Contattateci oggi stesso per saperne di pi\u00f9 sulle nostre vendite dirette in fabbrica e sulle opzioni di personalizzazione. Scoprite la miscela perfetta di protezione, funzionalit\u00e0 e stile con SX e godetevi una configurazione di schermi ben protetta e visivamente accattivante.<\/p>\n<p><strong>Domande frequenti<\/strong><\/p>\n<p>Pagamento: possiamo accettare il pagamento tramite T\/T, Western union.etc. Come il trasferimento bancario (T\/T) \u00e8 adatto per i grandi ordini, per il piccolo ordine, \u00e8 meglio pagare tramite Western Union, che \u00e8 facile, veloce e sicuro.<\/p>\n<p>Spedizione: offriamo molte opzioni di spedizione per i nostri clienti, abbiamo un buon rapporto con la compagnia di navigazione direttamente, come APL, Cosco, CMA e cos\u00ec via, potremmo aiutarvi a risparmiare il costo di spedizione<\/p>\n<p>Tasse di importazione: possiamo aiutarvi a ridurre ed evitare le tasse di importazione dichiarando il prezzo pi\u00f9 basso, dovrebbe avere qualsiasi domanda, vi preghiamo di contattarci in qualsiasi momento, non vediamo l'ora di una lunga cooperazione con voi.<\/p>\n<p>Imballaggio: offriamo ai nostri clienti numerose opzioni di imballaggio, come ad esempio <a class=\"wpil_keyword_link\" href=\"https:\/\/sxpowercase.com\/product-category\/all-product\/flight-case\/\" target=\"_blank\" rel=\"noopener\" title=\"custodia da volo\" data-wpil-keyword-link=\"linked\" data-wpil-monitor-id=\"415\">custodia da volo<\/a> &amp; carrello &amp; scatola di cartone &amp; trasportato bag&amp; Bubble Bag etc.Also altre opzioni d'imballaggio su misura sono disponibili<\/p>\n<p>Tag caldi: Prezzo basso, in magazzino, campione gratuito, Cavo di alimentazione e di segnale, filo a 4 conduttori di 16 Gauge, custodia per microfono, armadietto di visualizzazione a LED per esterni, montaggio a rack, 19\" Rackmount Mixer Flight Cases\uff0celectrical distro box, Cina, fornitori, fabbrica, personalizzati, all'ingrosso, Armadio per schermo a LED,<span style=\"color: #993366;\"><a style=\"color: #993366;\" href=\"https:\/\/sxflightcase.com\/it\/product-category\/all-product\/power-distribution-boxes\/\">scatole di alimentazione<\/a>,\u00a0<a style=\"color: #993366;\" href=\"https:\/\/sxflightcase.com\/it\/product-category\/all-product\/hoist-controllers\/\">cavi di alimentazione<\/a>,\u00a0<a style=\"color: #993366;\" href=\"https:\/\/sxflightcase.com\/it\/product-category\/all-product\/hoist-controllers\/\">controllori di sollevamento<\/a>,\u00a0<a style=\"color: #993366;\" href=\"https:\/\/sxflightcase.com\/it\/product-category\/all-product\/flight-case\/\">custodie da viaggio.<\/a><\/span><\/p>","protected":false},"excerpt":{"rendered":"<h2 class=\"prodetails-name\">Mobile con schermo LED<\/h2>\n<p>Il nostro configuratore di flight case pu\u00f2 aiutarvi a progettare la vostra valigia personalizzata. Qualsiasi modifica apportata durante il processo di progettazione viene eseguita in tempo reale davanti a voi nell'anteprima 3D. Anche i prezzi sono immediatamente disponibili, senza dover chiedere un preventivo o attendere una risposta. Oltre alle caratteristiche di base, come le dimensioni, i materiali e i colori della valigia, \u00e8 possibile scegliere liberamente anche le maniglie, il rivestimento, le dotazioni aggiuntive e aggiungere numerosi extra come le ruote, gli incavi per le ruote, i piatti per le etichette turistiche, ecc.<\/p>\n<h2><strong>Introduzione alla produzione<\/strong><\/h2>\n<p>Armadio con schermo a LED<\/p>\n<p>1. Utilizzare compensato massiccio ad alta intensit\u00e0 da 9 mm\/12 mm.<\/p>\n<p>2. La schiuma ad alta densit\u00e0 da 50 mm garantisce un sistema antiurto.<\/p>\n<p>3. Protezione interna in EVA Ultra-DUR<\/p>\n<p>4. Interno facilmente regolabile<\/p>\n<p>5. Estrusione di alluminio a doppio angolo, linguette e scanalature in alluminio<\/p>\n<p>6. Rotelle per impieghi gravosi da 3,5 o 4 pollici (2 con blocco e 2 senza blocco).<\/p>\n<p>7. Coperchi rimovibili che si attaccano a 50 mm con fogli di schiuma perlata da 8 mm.<\/p>\n<p>8. Guide per portapacchi anteriori e posteriori standard<\/p>","protected":false},"featured_media":1757,"comment_status":"open","ping_status":"closed","template":"","meta":[],"product_brand":[],"product_cat":[41],"product_tag":[],"class_list":{"0":"post-1756","1":"product","2":"type-product","3":"status-publish","4":"has-post-thumbnail","6":"product_cat-equipment-cases","8":"first","9":"instock","10":"shipping-taxable","11":"product-type-simple"},"yoast_head":"<!-- This site is optimized with the Yoast SEO Premium plugin v27.1 (Yoast SEO v27.2) - https:\/\/yoast.com\/product\/yoast-seo-premium-wordpress\/ -->\n<title>LED Screen Cabinet - https:\/\/sxflightcase.com \ud83d\udc97<\/title>\n<meta name=\"description\" content=\"LED Screen Cabinet: Explore our factory-direct options for professional customization, perfect for organizing and displaying your television and media equipment.\" \/>\n<meta name=\"robots\" content=\"index, follow, max-snippet:-1, max-image-preview:large, max-video-preview:-1\" \/>\n<link rel=\"canonical\" href=\"https:\/\/sxflightcase.com\/it\/produk\/led-screen-cabinet\/\" \/>\n<meta property=\"og:locale\" content=\"it_IT\" \/>\n<meta property=\"og:type\" content=\"article\" \/>\n<meta property=\"og:title\" content=\"LED Screen Cabinet\" \/>\n<meta property=\"og:description\" content=\"LED Screen Cabinet: Explore our factory-direct options for professional customization, perfect for organizing and displaying your television and media equipment.\" \/>\n<meta property=\"og:url\" content=\"https:\/\/sxflightcase.com\/it\/produk\/led-screen-cabinet\/\" \/>\n<meta property=\"og:site_name\" content=\"https:\/\/sxflightcase.com\" \/>\n<meta property=\"article:publisher\" content=\"https:\/\/www.facebook.com\/profile.php?id=61560407257971\" \/>\n<meta property=\"article:modified_time\" content=\"2024-06-21T02:14:52+00:00\" \/>\n<meta property=\"og:image\" content=\"https:\/\/sxflightcase.com\/wp-content\/uploads\/2024\/05\/led-screen-cabinet25295279606.webp\" \/>\n\t<meta property=\"og:image:width\" content=\"700\" \/>\n\t<meta property=\"og:image:height\" content=\"700\" \/>\n\t<meta property=\"og:image:type\" content=\"image\/webp\" \/>\n<meta name=\"twitter:card\" content=\"summary_large_image\" \/>\n<meta name=\"twitter:label1\" content=\"Tempo di lettura stimato\" \/>\n\t<meta name=\"twitter:data1\" content=\"4 minuti\" \/>\n<script type=\"application\/ld+json\" class=\"yoast-schema-graph\">{\"@context\":\"https:\/\/schema.org\",\"@graph\":[{\"@type\":\"WebPage\",\"@id\":\"https:\/\/sxflightcase.com\/af\/produk\/led-screen-cabinet\/\",\"url\":\"https:\/\/sxflightcase.com\/af\/produk\/led-screen-cabinet\/\",\"name\":\"LED Screen Cabinet - https:\/\/sxflightcase.com \ud83d\udc97\",\"isPartOf\":{\"@id\":\"https:\/\/sxflightcase.com\/th\/#website\"},\"primaryImageOfPage\":{\"@id\":\"https:\/\/sxflightcase.com\/af\/produk\/led-screen-cabinet\/#primaryimage\"},\"image\":{\"@id\":\"https:\/\/sxflightcase.com\/af\/produk\/led-screen-cabinet\/#primaryimage\"},\"thumbnailUrl\":\"https:\/\/sxflightcase.com\/wp-content\/uploads\/2024\/05\/led-screen-cabinet25295279606.webp\",\"datePublished\":\"2024-05-10T06:10:35+00:00\",\"dateModified\":\"2024-06-21T02:14:52+00:00\",\"description\":\"LED Screen Cabinet: Explore our factory-direct options for professional customization, perfect for organizing and displaying your television and media equipment.\",\"breadcrumb\":{\"@id\":\"https:\/\/sxflightcase.com\/af\/produk\/led-screen-cabinet\/#breadcrumb\"},\"inLanguage\":\"it-IT\",\"potentialAction\":[{\"@type\":\"ReadAction\",\"target\":[\"https:\/\/sxflightcase.com\/af\/produk\/led-screen-cabinet\/\"]}]},{\"@type\":\"ImageObject\",\"inLanguage\":\"it-IT\",\"@id\":\"https:\/\/sxflightcase.com\/af\/produk\/led-screen-cabinet\/#primaryimage\",\"url\":\"https:\/\/sxflightcase.com\/wp-content\/uploads\/2024\/05\/led-screen-cabinet25295279606.webp\",\"contentUrl\":\"https:\/\/sxflightcase.com\/wp-content\/uploads\/2024\/05\/led-screen-cabinet25295279606.webp\",\"width\":700,\"height\":700,\"caption\":\"LED Screen Cabinet\"},{\"@type\":\"BreadcrumbList\",\"@id\":\"https:\/\/sxflightcase.com\/af\/produk\/led-screen-cabinet\/#breadcrumb\",\"itemListElement\":[{\"@type\":\"ListItem\",\"position\":1,\"name\":\"Home\",\"item\":\"https:\/\/sxflightcase.com\/\"},{\"@type\":\"ListItem\",\"position\":2,\"name\":\"\u0e2a\u0e34\u0e19\u0e04\u0e49\u0e32\",\"item\":\"https:\/\/sxflightcase.com\/th\/shop\/\"},{\"@type\":\"ListItem\",\"position\":3,\"name\":\"LED Screen Cabinet\"}]},{\"@type\":\"WebSite\",\"@id\":\"https:\/\/sxflightcase.com\/th\/#website\",\"url\":\"https:\/\/sxflightcase.com\/th\/\",\"name\":\"sxpowercase.com\",\"description\":\"Flight Case Factory\",\"publisher\":{\"@id\":\"https:\/\/sxflightcase.com\/th\/#organization\"},\"potentialAction\":[{\"@type\":\"SearchAction\",\"target\":{\"@type\":\"EntryPoint\",\"urlTemplate\":\"https:\/\/sxflightcase.com\/th\/?s={search_term_string}\"},\"query-input\":{\"@type\":\"PropertyValueSpecification\",\"valueRequired\":true,\"valueName\":\"search_term_string\"}}],\"inLanguage\":\"it-IT\"},{\"@type\":\"Organization\",\"@id\":\"https:\/\/sxflightcase.com\/th\/#organization\",\"name\":\"sxpowercase.com\",\"url\":\"https:\/\/sxflightcase.com\/th\/\",\"logo\":{\"@type\":\"ImageObject\",\"inLanguage\":\"it-IT\",\"@id\":\"https:\/\/sxflightcase.com\/th\/#\/schema\/logo\/image\/\",\"url\":\"https:\/\/sxflightcase.com\/wp-content\/uploads\/2024\/04\/1713919036007.jpg\",\"contentUrl\":\"https:\/\/sxflightcase.com\/wp-content\/uploads\/2024\/04\/1713919036007.jpg\",\"width\":382,\"height\":388,\"caption\":\"sxpowercase.com\"},\"image\":{\"@id\":\"https:\/\/sxflightcase.com\/th\/#\/schema\/logo\/image\/\"},\"sameAs\":[\"https:\/\/www.facebook.com\/profile.php?id=61560407257971\"],\"numberOfEmployees\":{\"@type\":\"QuantitativeValue\",\"minValue\":\"11\",\"maxValue\":\"50\"}}]}<\/script>\n<!-- \/ Yoast SEO Premium plugin. -->","yoast_head_json":{"title":"LED Screen Cabinet - https:\/\/sxflightcase.com \ud83d\udc97","description":"Armadio per schermi LED: Esplorate le nostre opzioni di personalizzazione professionale, perfette per organizzare ed esporre le vostre apparecchiature televisive e multimediali.","robots":{"index":"index","follow":"follow","max-snippet":"max-snippet:-1","max-image-preview":"max-image-preview:large","max-video-preview":"max-video-preview:-1"},"canonical":"https:\/\/sxflightcase.com\/it\/produk\/led-screen-cabinet\/","og_locale":"it_IT","og_type":"article","og_title":"LED Screen Cabinet","og_description":"LED Screen Cabinet: Explore our factory-direct options for professional customization, perfect for organizing and displaying your television and media equipment.","og_url":"https:\/\/sxflightcase.com\/it\/produk\/led-screen-cabinet\/","og_site_name":"https:\/\/sxflightcase.com","article_publisher":"https:\/\/www.facebook.com\/profile.php?id=61560407257971","article_modified_time":"2024-06-21T02:14:52+00:00","og_image":[{"width":700,"height":700,"url":"https:\/\/sxflightcase.com\/wp-content\/uploads\/2024\/05\/led-screen-cabinet25295279606.webp","type":"image\/webp"}],"twitter_card":"summary_large_image","twitter_misc":{"Tempo di lettura stimato":"4 minuti"},"schema":{"@context":"https:\/\/schema.org","@graph":[{"@type":"WebPage","@id":"https:\/\/sxflightcase.com\/af\/produk\/led-screen-cabinet\/","url":"https:\/\/sxflightcase.com\/af\/produk\/led-screen-cabinet\/","name":"LED Screen Cabinet - https:\/\/sxflightcase.com \ud83d\udc97","isPartOf":{"@id":"https:\/\/sxflightcase.com\/th\/#website"},"primaryImageOfPage":{"@id":"https:\/\/sxflightcase.com\/af\/produk\/led-screen-cabinet\/#primaryimage"},"image":{"@id":"https:\/\/sxflightcase.com\/af\/produk\/led-screen-cabinet\/#primaryimage"},"thumbnailUrl":"https:\/\/sxflightcase.com\/wp-content\/uploads\/2024\/05\/led-screen-cabinet25295279606.webp","datePublished":"2024-05-10T06:10:35+00:00","dateModified":"2024-06-21T02:14:52+00:00","description":"Armadio per schermi LED: Esplorate le nostre opzioni di personalizzazione professionale, perfette per organizzare ed esporre le vostre apparecchiature televisive e multimediali.","breadcrumb":{"@id":"https:\/\/sxflightcase.com\/af\/produk\/led-screen-cabinet\/#breadcrumb"},"inLanguage":"it-IT","potentialAction":[{"@type":"ReadAction","target":["https:\/\/sxflightcase.com\/af\/produk\/led-screen-cabinet\/"]}]},{"@type":"ImageObject","inLanguage":"it-IT","@id":"https:\/\/sxflightcase.com\/af\/produk\/led-screen-cabinet\/#primaryimage","url":"https:\/\/sxflightcase.com\/wp-content\/uploads\/2024\/05\/led-screen-cabinet25295279606.webp","contentUrl":"https:\/\/sxflightcase.com\/wp-content\/uploads\/2024\/05\/led-screen-cabinet25295279606.webp","width":700,"height":700,"caption":"LED Screen Cabinet"},{"@type":"BreadcrumbList","@id":"https:\/\/sxflightcase.com\/af\/produk\/led-screen-cabinet\/#breadcrumb","itemListElement":[{"@type":"ListItem","position":1,"name":"Home","item":"https:\/\/sxflightcase.com\/"},{"@type":"ListItem","position":2,"name":"\u0e2a\u0e34\u0e19\u0e04\u0e49\u0e32","item":"https:\/\/sxflightcase.com\/th\/shop\/"},{"@type":"ListItem","position":3,"name":"LED Screen Cabinet"}]},{"@type":"WebSite","@id":"https:\/\/sxflightcase.com\/th\/#website","url":"https:\/\/sxflightcase.com\/th\/","name":"sxpowercase.com","description":"Fabbrica di Flight Case","publisher":{"@id":"https:\/\/sxflightcase.com\/th\/#organization"},"potentialAction":[{"@type":"SearchAction","target":{"@type":"EntryPoint","urlTemplate":"https:\/\/sxflightcase.com\/th\/?s={search_term_string}"},"query-input":{"@type":"PropertyValueSpecification","valueRequired":true,"valueName":"search_term_string"}}],"inLanguage":"it-IT"},{"@type":"Organization","@id":"https:\/\/sxflightcase.com\/th\/#organization","name":"sxpowercase.com","url":"https:\/\/sxflightcase.com\/th\/","logo":{"@type":"ImageObject","inLanguage":"it-IT","@id":"https:\/\/sxflightcase.com\/th\/#\/schema\/logo\/image\/","url":"https:\/\/sxflightcase.com\/wp-content\/uploads\/2024\/04\/1713919036007.jpg","contentUrl":"https:\/\/sxflightcase.com\/wp-content\/uploads\/2024\/04\/1713919036007.jpg","width":382,"height":388,"caption":"sxpowercase.com"},"image":{"@id":"https:\/\/sxflightcase.com\/th\/#\/schema\/logo\/image\/"},"sameAs":["https:\/\/www.facebook.com\/profile.php?id=61560407257971"],"numberOfEmployees":{"@type":"QuantitativeValue","minValue":"11","maxValue":"50"}}]}},"_links":{"self":[{"href":"https:\/\/sxflightcase.com\/it\/wp-json\/wp\/v2\/product\/1756","targetHints":{"allow":["GET"]}}],"collection":[{"href":"https:\/\/sxflightcase.com\/it\/wp-json\/wp\/v2\/product"}],"about":[{"href":"https:\/\/sxflightcase.com\/it\/wp-json\/wp\/v2\/types\/product"}],"replies":[{"embeddable":true,"href":"https:\/\/sxflightcase.com\/it\/wp-json\/wp\/v2\/comments?post=1756"}],"version-history":[{"count":0,"href":"https:\/\/sxflightcase.com\/it\/wp-json\/wp\/v2\/product\/1756\/revisions"}],"wp:featuredmedia":[{"embeddable":true,"href":"https:\/\/sxflightcase.com\/it\/wp-json\/wp\/v2\/media\/1757"}],"wp:attachment":[{"href":"https:\/\/sxflightcase.com\/it\/wp-json\/wp\/v2\/media?parent=1756"}],"wp:term":[{"taxonomy":"product_brand","embeddable":true,"href":"https:\/\/sxflightcase.com\/it\/wp-json\/wp\/v2\/product_brand?post=1756"},{"taxonomy":"product_cat","embeddable":true,"href":"https:\/\/sxflightcase.com\/it\/wp-json\/wp\/v2\/product_cat?post=1756"},{"taxonomy":"product_tag","embeddable":true,"href":"https:\/\/sxflightcase.com\/it\/wp-json\/wp\/v2\/product_tag?post=1756"}],"curies":[{"name":"wp","href":"https:\/\/api.w.org\/{rel}","templated":true}]}}