{"id":1769,"date":"2024-05-10T07:23:30","date_gmt":"2024-05-10T06:23:30","guid":{"rendered":"https:\/\/sxpowercase.com\/?post_type=product&#038;p=1769"},"modified":"2024-06-20T03:25:20","modified_gmt":"2024-06-20T02:25:20","slug":"cable-storage-case","status":"publish","type":"product","link":"https:\/\/sxflightcase.com\/it\/prodotto\/custodia-per-cavi\/","title":{"rendered":"Custodia per riporre i cavi"},"content":{"rendered":"<p><strong>Parametro del prodotto (specifica)<\/strong><\/p>\n<section class=\"table-wrap\">\n<table class=\"table\" width=\"100%\" cellspacing=\"0\" cellpadding=\"0\">\n<tbody>\n<tr class=\"firstRow\">\n<td width=\"148\">Nome del prodotto:<\/td>\n<td width=\"569\">Custodia per cavi<\/td>\n<\/tr>\n<tr>\n<td width=\"148\">Dimensione:<\/td>\n<td width=\"569\">Realizziamo sempre 1000x500x500mm, 1200x600x600mm o personalizzati<\/td>\n<\/tr>\n<tr>\n<td width=\"148\">Colore:<\/td>\n<td width=\"569\">nero\/rosso\/blu ecc. o qualsiasi colore tu voglia<\/td>\n<\/tr>\n<tr>\n<td width=\"148\">Materiali:<\/td>\n<td width=\"569\">Alluminio + COMPENSATO + pannello ABS + ferramenta + schiuma<\/td>\n<\/tr>\n<tr>\n<td width=\"148\">Logo :<\/td>\n<td width=\"569\">Disponibile per logo serigrafico \/ logo in rilievo \/ logo laser<\/td>\n<\/tr>\n<tr>\n<td width=\"148\">MOQ:<\/td>\n<td width=\"569\">10 pezzi<\/td>\n<\/tr>\n<tr>\n<td width=\"148\">Tempo di campionamento :<\/td>\n<td width=\"569\">5-7 giorni<\/td>\n<\/tr>\n<tr>\n<td width=\"148\">Tempo di produzione :<\/td>\n<td width=\"569\">4 settimane dopo la conferma dell'ordine<\/td>\n<\/tr>\n<tr>\n<td width=\"148\">Porto di spedizione:<\/td>\n<td width=\"569\">Shenzhen, Guangzhou, Hongkong<\/td>\n<\/tr>\n<tr>\n<td width=\"148\">Termini commerciali:<\/td>\n<td width=\"569\">Ex-work \/ FOB \/ CIF \/ DDU<\/td>\n<\/tr>\n<tr>\n<td width=\"148\">altro:<\/td>\n<td width=\"569\">Forniamo un servizio completo, progettazione, produzione e confezionamento<br \/>\nOttima qualit\u00e0, prezzo di fabbricazione e buon servizio<br \/>\nOEM e LOGO sono offerti<\/td>\n<\/tr>\n<\/tbody>\n<\/table>\n<\/section>\n<h1>Tenete i cavi in ordine con la custodia per cavi SX<\/h1>\n<h2>Semplificare la configurazione<\/h2>\n<p>La gestione dei cavi pu\u00f2 essere una seccatura, soprattutto se si dispone di pi\u00f9 dispositivi e accessori. Il <a href=\"https:\/\/sxpowercase.com\/\" target=\"_blank\" rel=\"noopener\" title=\"Sx\" data-wpil-monitor-id=\"122\">Sx<\/a> La custodia per cavi \u00e8 stata progettata per semplificare l'installazione mantenendo tutti i cavi ordinati e facilmente accessibili. Dite addio ai cavi aggrovigliati e date il benvenuto a uno spazio di lavoro snello e professionale.<\/p>\n<h2>Design resistente e compatto<\/h2>\n<p>La custodia per cavi SX \u00e8 realizzata con materiali resistenti e di alta qualit\u00e0 che garantiscono un utilizzo duraturo. Il suo design compatto lo rende facile da trasportare e da riporre, sia a casa che in ufficio o in viaggio. Affidatevi a SX per avere una soluzione affidabile per le vostre esigenze di gestione dei cavi.<\/p>\n<h2>Scomparti personalizzabili<\/h2>\n<h3>Perfetto per tutti i cavi<\/h3>\n<p>All'interno della custodia per cavi SX, gli scomparti personalizzabili consentono di disporre i cavi in modo da adattarli perfettamente. Che si tratti di cavi USB, cavi di ricarica o cavi audio, questa custodia pu\u00f2 essere adattata alle vostre esigenze specifiche.<\/p>\n<h3>Proteggete il vostro investimento<\/h3>\n<p>I cavi sono una parte essenziale della vostra configurazione tecnologica. La custodia per cavi SX protegge il vostro investimento prevenendo i danni e garantendo che i cavi rimangano in ottime condizioni. Gli inserti in schiuma personalizzati e i divisori imbottiti forniscono ulteriore protezione e sicurezza.<\/p>\n<h2>Vendite dirette in fabbrica per un valore imbattibile<\/h2>\n<h3>Prezzi convenienti<\/h3>\n<p>Vendendo direttamente dalla nostra fabbrica, SX elimina l'intermediario e ci permette di offrire la nostra custodia per cavi a prezzi imbattibili. Godetevi prodotti di alta qualit\u00e0 senza un prezzo elevato e ottenete il miglior rapporto qualit\u00e0\/prezzo.<\/p>\n<h3>Su misura per le tue esigenze<\/h3>\n<p>SX offre servizi personalizzati per garantire che la custodia per cavi risponda esattamente alle vostre esigenze. Dagli scomparti aggiuntivi al marchio personalizzato, possiamo creare la custodia perfetta per i vostri cavi. Migliorate la vostra attivit\u00e0 con le nostre soluzioni su misura.<\/p>\n<h2>Aumentate il vostro business con SX<\/h2>\n<h3>Aumentare l'efficienza<\/h3>\n<p>Con la custodia per cavi di SX, potrete dedicare meno tempo a districare i cavi e pi\u00f9 tempo a concentrarvi sul vostro lavoro. I cavi sono organizzati e pronti all'uso, aumentando l'efficienza e la produttivit\u00e0.<\/p>\n<h3>Aspetto professionale<\/h3>\n<p>Uno spazio di lavoro libero dal disordine ha un aspetto pi\u00f9 professionale e pu\u00f2 impressionare clienti e colleghi. Il design elegante della custodia per cavi SX aggiunge un tocco di professionalit\u00e0 alla vostra configurazione, aiutandovi a fare un'ottima impressione.<\/p>\n<h2>Ordini facili e consegne rapide<\/h2>\n<p>Ordinare le custodie per cavi SX \u00e8 semplice e conveniente. Contattate il nostro team di vendita per discutere le vostre esigenze e noi ci occuperemo del resto. Il nostro efficiente sistema di consegna garantisce che la custodia arrivi rapidamente, pronta all'uso.<\/p>\n<h2>Perch\u00e9 scegliere SX?<\/h2>\n<h3>Impegno per la qualit\u00e0<\/h3>\n<p>SX si impegna a fornire prodotti che soddisfino i pi\u00f9 elevati standard di qualit\u00e0 e durata. La nostra custodia per l'archiviazione dei cavi \u00e8 una testimonianza di questo impegno e offre una protezione affidabile e un design elegante.<\/p>\n<h3>Clienti soddisfatti<\/h3>\n<p>I nostri clienti adorano i contenitori per cavi SX. \"Un elemento essenziale per qualsiasi configurazione tecnologica\", afferma Mike, un appassionato di tecnologia. \"Mantiene il mio spazio di lavoro pulito e ordinato\", aggiunge Laura, una graphic designer. Unitevi ai clienti soddisfatti che si affidano a SX per la gestione dei cavi.<\/p>\n<h2>Conclusione<\/h2>\n<p>Il contenitore per cavi SX \u00e8 la soluzione definitiva per mantenere i cavi organizzati e protetti. Grazie alla sua struttura resistente, agli scomparti personalizzabili e al design professionale, offre una comodit\u00e0 e uno stile senza pari. Scegliete SX per una custodia per cavi che non vi deluder\u00e0.<\/p>\n<h2>Ordinate oggi stesso le custodie per cavi SX<\/h2>\n<p>Non lasciate che i cavi aggrovigliati vi rallentino. Ordinate oggi stesso la vostra custodia per cavi SX e sperimentate i vantaggi di uno spazio di lavoro ben organizzato. Contattateci subito per effettuare l'ordine e godetevi la tranquillit\u00e0 di sapere che i vostri cavi sono al sicuro. Lasciate che SX vi aiuti a mantenere i vostri cavi in perfetto ordine, pronti per qualsiasi attivit\u00e0.<\/p>\n<p><strong>Domande frequenti<\/strong><\/p>\n<p>D: Come posso ottenere un campione?<\/p>\n<p>R: In genere il nostro campione verr\u00e0 addebitato, ma ti rimborseremo. Quando effettui l&#039;ordine, il campione ti verr\u00e0 consegnato tramite corriere espresso, come DHL, TNT, FEDEX, EMS ecc.<\/p>\n<p>D: Quali sono i tempi di consegna per la produzione di massa?<\/p>\n<p>A: Consegna 25 giorni (per alcuni ordini urgenti pu\u00f2 essere finito entro 20 giorni).<\/p>\n<p>D: Possiamo inserire il nostro logo sulla custodia?<\/p>\n<p>R: S\u00ec, abbiamo la stampa su seta, il ricamo e il logo in metallo a scelta.<\/p>","protected":false},"excerpt":{"rendered":"<h2 class=\"prodetails-name\">Custodia per riporre i cavi<\/h2>\n<p>La custodia per cavi \u00e8 realizzata in compensato laminato nero a nido d'ape, che conferisce un aspetto unico ed \u00e8 realizzata con materiali e lavorazioni di altissima qualit\u00e0, per offrire la massima sicurezza alle vostre apparecchiature.<\/p>\n<h2><strong>Introduzione alla produzione<\/strong><\/h2>\n<p>Ove possibile, utilizziamo ferramenta da incasso, cromata e resistente agli agenti atmosferici. Si utilizza ferramenta Penn Elcom o del nostro marchio per garantire il mantenimento di un'elevata qualit\u00e0.<\/p>\n<p>Le misure interne sono sempre indicate all'interno di qualsiasi rivestimento in schiuma se pubblicizzato come fornito.<\/p>\n<p>Il pannello antincendio, il rivestimento in alluminio e l'imitazione. la scatola \u00e8 pi\u00f9 durevole, resistente alle vibrazioni. Come una forte fortezza.<\/p>\n<p>\u25cf Bordo interamente in alluminio, chiusura ad anello in metallo, tessuto avanzato, paratia composita e spugna gratuita.<\/p>\n<p>\u25cf Maniglia comoda, flessibile e facile da trasportare.<\/p>","protected":false},"featured_media":1770,"comment_status":"open","ping_status":"closed","template":"","meta":[],"product_brand":[],"product_cat":[36],"product_tag":[],"class_list":{"0":"post-1769","1":"product","2":"type-product","3":"status-publish","4":"has-post-thumbnail","6":"product_cat-cables-cases","8":"first","9":"instock","10":"shipping-taxable","11":"product-type-simple"},"yoast_head":"<!-- This site is optimized with the Yoast SEO Premium plugin v27.1 (Yoast SEO v27.2) - https:\/\/yoast.com\/product\/yoast-seo-premium-wordpress\/ -->\n<title>Cable Storage Case Manufacture- https:\/\/sxflightcase.com<\/title>\n<meta name=\"description\" content=\"Cable Storage Case: Discover our factory-direct options for professional customization, perfect for organizing and managing cables efficiently.\" \/>\n<meta name=\"robots\" content=\"index, follow, max-snippet:-1, max-image-preview:large, max-video-preview:-1\" \/>\n<link rel=\"canonical\" href=\"https:\/\/sxflightcase.com\/it\/urun\/kablo-saklama-kutusu-2\/\" \/>\n<meta property=\"og:locale\" content=\"it_IT\" \/>\n<meta property=\"og:type\" content=\"article\" \/>\n<meta property=\"og:title\" content=\"Cable Storage Case\" \/>\n<meta property=\"og:description\" content=\"Cable Storage Case: Discover our factory-direct options for professional customization, perfect for organizing and managing cables efficiently.\" \/>\n<meta property=\"og:url\" content=\"https:\/\/sxflightcase.com\/it\/urun\/kablo-saklama-kutusu-2\/\" \/>\n<meta property=\"og:site_name\" content=\"https:\/\/sxflightcase.com\" \/>\n<meta property=\"article:publisher\" content=\"https:\/\/www.facebook.com\/profile.php?id=61560407257971\" \/>\n<meta property=\"article:modified_time\" content=\"2024-06-20T02:25:20+00:00\" \/>\n<meta property=\"og:image\" content=\"https:\/\/sxflightcase.com\/wp-content\/uploads\/2024\/05\/cable-storage-case51570937455.webp\" \/>\n\t<meta property=\"og:image:width\" content=\"700\" \/>\n\t<meta property=\"og:image:height\" content=\"700\" \/>\n\t<meta property=\"og:image:type\" content=\"image\/webp\" \/>\n<meta name=\"twitter:card\" content=\"summary_large_image\" \/>\n<meta name=\"twitter:label1\" content=\"Tempo di lettura stimato\" \/>\n\t<meta name=\"twitter:data1\" content=\"5 minuti\" \/>\n<script type=\"application\/ld+json\" class=\"yoast-schema-graph\">{\"@context\":\"https:\/\/schema.org\",\"@graph\":[{\"@type\":\"WebPage\",\"@id\":\"https:\/\/sxflightcase.com\/tr\/urun\/kablo-saklama-kutusu-2\/\",\"url\":\"https:\/\/sxflightcase.com\/tr\/urun\/kablo-saklama-kutusu-2\/\",\"name\":\"Cable Storage Case Manufacture- https:\/\/sxflightcase.com\",\"isPartOf\":{\"@id\":\"https:\/\/sxflightcase.com\/th\/#website\"},\"primaryImageOfPage\":{\"@id\":\"https:\/\/sxflightcase.com\/tr\/urun\/kablo-saklama-kutusu-2\/#primaryimage\"},\"image\":{\"@id\":\"https:\/\/sxflightcase.com\/tr\/urun\/kablo-saklama-kutusu-2\/#primaryimage\"},\"thumbnailUrl\":\"https:\/\/sxflightcase.com\/wp-content\/uploads\/2024\/05\/cable-storage-case51570937455.webp\",\"datePublished\":\"2024-05-10T06:23:30+00:00\",\"dateModified\":\"2024-06-20T02:25:20+00:00\",\"description\":\"Cable Storage Case: Discover our factory-direct options for professional customization, perfect for organizing and managing cables efficiently.\",\"breadcrumb\":{\"@id\":\"https:\/\/sxflightcase.com\/tr\/urun\/kablo-saklama-kutusu-2\/#breadcrumb\"},\"inLanguage\":\"it-IT\",\"potentialAction\":[{\"@type\":\"ReadAction\",\"target\":[\"https:\/\/sxflightcase.com\/tr\/urun\/kablo-saklama-kutusu-2\/\"]}]},{\"@type\":\"ImageObject\",\"inLanguage\":\"it-IT\",\"@id\":\"https:\/\/sxflightcase.com\/tr\/urun\/kablo-saklama-kutusu-2\/#primaryimage\",\"url\":\"https:\/\/sxflightcase.com\/wp-content\/uploads\/2024\/05\/cable-storage-case51570937455.webp\",\"contentUrl\":\"https:\/\/sxflightcase.com\/wp-content\/uploads\/2024\/05\/cable-storage-case51570937455.webp\",\"width\":700,\"height\":700,\"caption\":\"Cable Storage Case\"},{\"@type\":\"BreadcrumbList\",\"@id\":\"https:\/\/sxflightcase.com\/tr\/urun\/kablo-saklama-kutusu-2\/#breadcrumb\",\"itemListElement\":[{\"@type\":\"ListItem\",\"position\":1,\"name\":\"Home\",\"item\":\"https:\/\/sxflightcase.com\/\"},{\"@type\":\"ListItem\",\"position\":2,\"name\":\"\u0e2a\u0e34\u0e19\u0e04\u0e49\u0e32\",\"item\":\"https:\/\/sxflightcase.com\/th\/shop\/\"},{\"@type\":\"ListItem\",\"position\":3,\"name\":\"Cable Storage Case\"}]},{\"@type\":\"WebSite\",\"@id\":\"https:\/\/sxflightcase.com\/th\/#website\",\"url\":\"https:\/\/sxflightcase.com\/th\/\",\"name\":\"sxpowercase.com\",\"description\":\"Flight Case Factory\",\"publisher\":{\"@id\":\"https:\/\/sxflightcase.com\/th\/#organization\"},\"potentialAction\":[{\"@type\":\"SearchAction\",\"target\":{\"@type\":\"EntryPoint\",\"urlTemplate\":\"https:\/\/sxflightcase.com\/th\/?s={search_term_string}\"},\"query-input\":{\"@type\":\"PropertyValueSpecification\",\"valueRequired\":true,\"valueName\":\"search_term_string\"}}],\"inLanguage\":\"it-IT\"},{\"@type\":\"Organization\",\"@id\":\"https:\/\/sxflightcase.com\/th\/#organization\",\"name\":\"sxpowercase.com\",\"url\":\"https:\/\/sxflightcase.com\/th\/\",\"logo\":{\"@type\":\"ImageObject\",\"inLanguage\":\"it-IT\",\"@id\":\"https:\/\/sxflightcase.com\/th\/#\/schema\/logo\/image\/\",\"url\":\"https:\/\/sxflightcase.com\/wp-content\/uploads\/2024\/04\/1713919036007.jpg\",\"contentUrl\":\"https:\/\/sxflightcase.com\/wp-content\/uploads\/2024\/04\/1713919036007.jpg\",\"width\":382,\"height\":388,\"caption\":\"sxpowercase.com\"},\"image\":{\"@id\":\"https:\/\/sxflightcase.com\/th\/#\/schema\/logo\/image\/\"},\"sameAs\":[\"https:\/\/www.facebook.com\/profile.php?id=61560407257971\"],\"numberOfEmployees\":{\"@type\":\"QuantitativeValue\",\"minValue\":\"11\",\"maxValue\":\"50\"}}]}<\/script>\n<!-- \/ Yoast SEO Premium plugin. -->","yoast_head_json":{"title":"Cable Storage Case Manufacture- https:\/\/sxflightcase.com","description":"Custodia per cavi: Scoprite le nostre opzioni di personalizzazione professionale, perfette per organizzare e gestire i cavi in modo efficiente.","robots":{"index":"index","follow":"follow","max-snippet":"max-snippet:-1","max-image-preview":"max-image-preview:large","max-video-preview":"max-video-preview:-1"},"canonical":"https:\/\/sxflightcase.com\/it\/urun\/kablo-saklama-kutusu-2\/","og_locale":"it_IT","og_type":"article","og_title":"Cable Storage Case","og_description":"Cable Storage Case: Discover our factory-direct options for professional customization, perfect for organizing and managing cables efficiently.","og_url":"https:\/\/sxflightcase.com\/it\/urun\/kablo-saklama-kutusu-2\/","og_site_name":"https:\/\/sxflightcase.com","article_publisher":"https:\/\/www.facebook.com\/profile.php?id=61560407257971","article_modified_time":"2024-06-20T02:25:20+00:00","og_image":[{"width":700,"height":700,"url":"https:\/\/sxflightcase.com\/wp-content\/uploads\/2024\/05\/cable-storage-case51570937455.webp","type":"image\/webp"}],"twitter_card":"summary_large_image","twitter_misc":{"Tempo di lettura stimato":"5 minuti"},"schema":{"@context":"https:\/\/schema.org","@graph":[{"@type":"WebPage","@id":"https:\/\/sxflightcase.com\/tr\/urun\/kablo-saklama-kutusu-2\/","url":"https:\/\/sxflightcase.com\/tr\/urun\/kablo-saklama-kutusu-2\/","name":"Cable Storage Case Manufacture- https:\/\/sxflightcase.com","isPartOf":{"@id":"https:\/\/sxflightcase.com\/th\/#website"},"primaryImageOfPage":{"@id":"https:\/\/sxflightcase.com\/tr\/urun\/kablo-saklama-kutusu-2\/#primaryimage"},"image":{"@id":"https:\/\/sxflightcase.com\/tr\/urun\/kablo-saklama-kutusu-2\/#primaryimage"},"thumbnailUrl":"https:\/\/sxflightcase.com\/wp-content\/uploads\/2024\/05\/cable-storage-case51570937455.webp","datePublished":"2024-05-10T06:23:30+00:00","dateModified":"2024-06-20T02:25:20+00:00","description":"Custodia per cavi: Scoprite le nostre opzioni di personalizzazione professionale, perfette per organizzare e gestire i cavi in modo efficiente.","breadcrumb":{"@id":"https:\/\/sxflightcase.com\/tr\/urun\/kablo-saklama-kutusu-2\/#breadcrumb"},"inLanguage":"it-IT","potentialAction":[{"@type":"ReadAction","target":["https:\/\/sxflightcase.com\/tr\/urun\/kablo-saklama-kutusu-2\/"]}]},{"@type":"ImageObject","inLanguage":"it-IT","@id":"https:\/\/sxflightcase.com\/tr\/urun\/kablo-saklama-kutusu-2\/#primaryimage","url":"https:\/\/sxflightcase.com\/wp-content\/uploads\/2024\/05\/cable-storage-case51570937455.webp","contentUrl":"https:\/\/sxflightcase.com\/wp-content\/uploads\/2024\/05\/cable-storage-case51570937455.webp","width":700,"height":700,"caption":"Cable Storage Case"},{"@type":"BreadcrumbList","@id":"https:\/\/sxflightcase.com\/tr\/urun\/kablo-saklama-kutusu-2\/#breadcrumb","itemListElement":[{"@type":"ListItem","position":1,"name":"Home","item":"https:\/\/sxflightcase.com\/"},{"@type":"ListItem","position":2,"name":"\u0e2a\u0e34\u0e19\u0e04\u0e49\u0e32","item":"https:\/\/sxflightcase.com\/th\/shop\/"},{"@type":"ListItem","position":3,"name":"Cable Storage Case"}]},{"@type":"WebSite","@id":"https:\/\/sxflightcase.com\/th\/#website","url":"https:\/\/sxflightcase.com\/th\/","name":"sxpowercase.com","description":"Fabbrica di Flight Case","publisher":{"@id":"https:\/\/sxflightcase.com\/th\/#organization"},"potentialAction":[{"@type":"SearchAction","target":{"@type":"EntryPoint","urlTemplate":"https:\/\/sxflightcase.com\/th\/?s={search_term_string}"},"query-input":{"@type":"PropertyValueSpecification","valueRequired":true,"valueName":"search_term_string"}}],"inLanguage":"it-IT"},{"@type":"Organization","@id":"https:\/\/sxflightcase.com\/th\/#organization","name":"sxpowercase.com","url":"https:\/\/sxflightcase.com\/th\/","logo":{"@type":"ImageObject","inLanguage":"it-IT","@id":"https:\/\/sxflightcase.com\/th\/#\/schema\/logo\/image\/","url":"https:\/\/sxflightcase.com\/wp-content\/uploads\/2024\/04\/1713919036007.jpg","contentUrl":"https:\/\/sxflightcase.com\/wp-content\/uploads\/2024\/04\/1713919036007.jpg","width":382,"height":388,"caption":"sxpowercase.com"},"image":{"@id":"https:\/\/sxflightcase.com\/th\/#\/schema\/logo\/image\/"},"sameAs":["https:\/\/www.facebook.com\/profile.php?id=61560407257971"],"numberOfEmployees":{"@type":"QuantitativeValue","minValue":"11","maxValue":"50"}}]}},"_links":{"self":[{"href":"https:\/\/sxflightcase.com\/it\/wp-json\/wp\/v2\/product\/1769","targetHints":{"allow":["GET"]}}],"collection":[{"href":"https:\/\/sxflightcase.com\/it\/wp-json\/wp\/v2\/product"}],"about":[{"href":"https:\/\/sxflightcase.com\/it\/wp-json\/wp\/v2\/types\/product"}],"replies":[{"embeddable":true,"href":"https:\/\/sxflightcase.com\/it\/wp-json\/wp\/v2\/comments?post=1769"}],"version-history":[{"count":0,"href":"https:\/\/sxflightcase.com\/it\/wp-json\/wp\/v2\/product\/1769\/revisions"}],"wp:featuredmedia":[{"embeddable":true,"href":"https:\/\/sxflightcase.com\/it\/wp-json\/wp\/v2\/media\/1770"}],"wp:attachment":[{"href":"https:\/\/sxflightcase.com\/it\/wp-json\/wp\/v2\/media?parent=1769"}],"wp:term":[{"taxonomy":"product_brand","embeddable":true,"href":"https:\/\/sxflightcase.com\/it\/wp-json\/wp\/v2\/product_brand?post=1769"},{"taxonomy":"product_cat","embeddable":true,"href":"https:\/\/sxflightcase.com\/it\/wp-json\/wp\/v2\/product_cat?post=1769"},{"taxonomy":"product_tag","embeddable":true,"href":"https:\/\/sxflightcase.com\/it\/wp-json\/wp\/v2\/product_tag?post=1769"}],"curies":[{"name":"wp","href":"https:\/\/api.w.org\/{rel}","templated":true}]}}