{"id":1774,"date":"2024-05-10T07:28:50","date_gmt":"2024-05-10T06:28:50","guid":{"rendered":"https:\/\/sxpowercase.com\/?post_type=product&#038;p=1774"},"modified":"2024-06-20T03:28:08","modified_gmt":"2024-06-20T02:28:08","slug":"cable-case","status":"publish","type":"product","link":"https:\/\/sxflightcase.com\/it\/prodotto\/custodia-per-cavi-2\/","title":{"rendered":"Fabbricazione di custodie per cavi"},"content":{"rendered":"<h3><strong>Parametro del prodotto (specifica)<\/strong><\/h3>\n<section class=\"table-wrap\">\n<table class=\"table\" width=\"100%\" cellspacing=\"0\" cellpadding=\"0\">\n<tbody>\n<tr class=\"firstRow\">\n<td width=\"147\">Nome del prodotto:<\/td>\n<td width=\"566\">Custodia per cavi<\/td>\n<\/tr>\n<tr>\n<td width=\"147\">Dimensione:<\/td>\n<td width=\"566\">Realizziamo sempre 1000x500x500mm, 1200x600x600mm o personalizzati<\/td>\n<\/tr>\n<tr>\n<td width=\"147\">Colore:<\/td>\n<td width=\"566\">nero\/rosso\/blu ecc. o qualsiasi colore tu voglia<\/td>\n<\/tr>\n<tr>\n<td width=\"147\">Materiali:<\/td>\n<td width=\"566\">Alluminio + COMPENSATO + pannello ABS + ferramenta + schiuma<\/td>\n<\/tr>\n<tr>\n<td width=\"147\">Logo :<\/td>\n<td width=\"566\">Disponibile per logo serigrafico \/ logo in rilievo \/ logo laser<\/td>\n<\/tr>\n<tr>\n<td width=\"147\">MOQ:<\/td>\n<td width=\"566\">10 pezzi<\/td>\n<\/tr>\n<tr>\n<td width=\"147\">Tempo di campionamento :<\/td>\n<td width=\"566\">5-7 giorni<\/td>\n<\/tr>\n<tr>\n<td width=\"147\">Tempo di produzione :<\/td>\n<td width=\"566\">4 settimane dopo la conferma dell'ordine<\/td>\n<\/tr>\n<tr>\n<td width=\"147\">Porto di spedizione:<\/td>\n<td width=\"566\">Shenzhen, Guangzhou, Hongkong<\/td>\n<\/tr>\n<tr>\n<td width=\"147\">Termini commerciali:<\/td>\n<td width=\"566\">Ex-work \/ FOB \/ CIF \/ DDU<\/td>\n<\/tr>\n<tr>\n<td width=\"147\">Termini di pagamento:<\/td>\n<td width=\"566\">Deposito T\/T 30% e 70% prima della spedizione, Western Union ecc.<\/td>\n<\/tr>\n<tr>\n<td width=\"147\">Caratteristica:<\/td>\n<td width=\"566\">1) Design elegante, durevole ed economico<br \/>\n2) Ottima artigianalit\u00e0 e design speciale<br \/>\n3) Qualsiasi disegno o logo pu\u00f2 essere stampato o ricamato<br \/>\n4) Sono accettate dimensioni, loghi e design personalizzati<\/td>\n<\/tr>\n<tr>\n<td width=\"147\">altro:<\/td>\n<td width=\"566\">Forniamo un servizio completo, progettazione, produzione e confezionamento<br \/>\nOttima qualit\u00e0, prezzo di fabbricazione e buon servizio<br \/>\nOEM e LOGO sono offerti<\/td>\n<\/tr>\n<\/tbody>\n<\/table>\n<\/section>\n<h1>Leader nella produzione di custodie per cavi con SX<\/h1>\n<h2>Qualit\u00e0 e design superiori<\/h2>\n<p>A <a href=\"https:\/\/sxpowercase.com\/\" target=\"_blank\" rel=\"noopener\" title=\"Sx\" data-wpil-monitor-id=\"123\">Sx<\/a>Siamo specializzati nella produzione di custodie per cavi e forniamo soluzioni di archiviazione di alto livello per tutte le vostre esigenze di gestione dei cavi. Le nostre custodie sono realizzate con materiali di alta qualit\u00e0, che garantiscono durata e prestazioni durature. SX combina una qualit\u00e0 superiore con un design innovativo, rendendo le nostre custodie per cavi la scelta migliore sia per i professionisti che per gli utenti quotidiani.<\/p>\n<h2>Soluzioni personalizzate per ogni esigenza<\/h2>\n<h3>Su misura per le tue specifiche<\/h3>\n<p>SX \u00e8 consapevole che ogni cliente ha esigenze uniche. Ecco perch\u00e9 offriamo servizi personalizzati nel nostro processo di produzione di custodie per cavi. Che abbiate bisogno di dimensioni specifiche, di scomparti aggiuntivi o di un marchio personalizzato, SX pu\u00f2 personalizzare i nostri prodotti per soddisfare le vostre esigenze. Migliorate la vostra attivit\u00e0 con le nostre soluzioni su misura, progettate per rendere la gestione dei cavi pi\u00f9 efficiente ed efficace.<\/p>\n<h3>Aspetto professionale<\/h3>\n<p>Uno spazio di lavoro libero dal disordine ha un aspetto pi\u00f9 professionale e pu\u00f2 impressionare clienti e colleghi. Il design elegante delle custodie per cavi SX aggiunge un tocco di professionalit\u00e0 alla vostra configurazione, aiutandovi a fare un'ottima impressione. Scegliete SX per una custodia per cavi che unisce funzionalit\u00e0 e stile.<\/p>\n<h2>Vendite dirette in fabbrica per un valore imbattibile<\/h2>\n<h3>Prezzi competitivi<\/h3>\n<p>Vendendo direttamente dalla nostra fabbrica, SX elimina l'intermediario, permettendoci di offrire le nostre custodie per cavi a prezzi imbattibili. Godetevi prodotti di alta qualit\u00e0 senza un prezzo elevato. Il nostro modello di vendita diretta in fabbrica vi garantisce il miglior rapporto qualit\u00e0-prezzo, rendendo SX la scelta intelligente per le vostre esigenze di gestione dei cavi.<\/p>\n<h3>Aumenta il tuo business<\/h3>\n<p>Investire in custodie per cavi di qualit\u00e0 di SX pu\u00f2 migliorare notevolmente le operazioni aziendali. Mantenendo i cavi organizzati e facilmente accessibili, \u00e8 possibile aumentare l'efficienza e la produttivit\u00e0. Le nostre custodie, resistenti e personalizzabili, garantiscono che i cavi siano sempre protetti e pronti all'uso.<\/p>\n<h2>Servizio efficiente e affidabile<\/h2>\n<h3>Consegna veloce<\/h3>\n<p>SX si impegna a fornire un servizio efficiente e affidabile. Dal momento in cui si effettua l'ordine, il nostro team lavora diligentemente per garantire una produzione rapida e una consegna veloce. Potete fidarvi di SX per la consegna tempestiva delle vostre custodie per cavi personalizzate, in modo da poter iniziare subito a beneficiare delle nostre soluzioni di archiviazione di alta qualit\u00e0.<\/p>\n<h3>Clienti soddisfatti<\/h3>\n<p>La nostra dedizione alla qualit\u00e0 e alla soddisfazione del cliente ci ha fatto guadagnare una base di clienti fedeli. \"Le custodie per cavi SX cambiano le carte in tavola\", afferma James, un imprenditore tecnologico. \"Le caratteristiche personalizzate e la durata le rendono perfette per le mie esigenze aziendali\", aggiunge Sarah, professionista IT. Unitevi ai molti clienti soddisfatti che si affidano a SX per la produzione di custodie per cavi.<\/p>\n<h2>Impegno per l'eccellenza<\/h2>\n<h3>Design innovativo<\/h3>\n<p>SX \u00e8 sempre all'avanguardia nell'innovazione. Il design delle nostre custodie per cavi incorpora le ultime tendenze e tecnologie per garantire funzionalit\u00e0 e stile ottimali. Scegliendo SX, si investe in un prodotto che riflette il meglio del design e dell'ingegneria moderna.<\/p>\n<h3>Garanzia di qualit\u00e0<\/h3>\n<p>Ogni custodia per cavi che lascia la nostra fabbrica viene sottoposta a rigorosi controlli di qualit\u00e0 per garantire che soddisfi i nostri elevati standard. Per SX, la garanzia di qualit\u00e0 \u00e8 una priorit\u00e0 assoluta e ci impegniamo a fornire prodotti che superino le vostre aspettative.<\/p>\n<h2>Ordinate oggi la vostra custodia per cavi personalizzata<\/h2>\n<p>Non lasciate che i cavi disordinati interrompano il vostro flusso di lavoro. Ordinate oggi stesso la vostra custodia per cavi personalizzata da SX e sperimentate i vantaggi di una gestione dei cavi superiore. Contattate il nostro team di vendita per discutere le vostre esigenze e al resto penseremo noi. Affidatevi a SX per tutte le vostre esigenze di produzione di custodie per cavi e godetevi la tranquillit\u00e0 che deriva dal sapere che i vostri cavi sono conservati in modo sicuro e pronti all'uso.<\/p>\n<p>Scegliete SX e migliorate le vostre soluzioni di gestione dei cavi con le nostre custodie per cavi premium e personalizzabili.<\/p>\n<p><strong>Imballaggio e spedizione<\/strong><\/p>\n<section class=\"table-wrap\">\n<table class=\"table\" width=\"100%\" cellspacing=\"0\" cellpadding=\"0\">\n<tbody>\n<tr class=\"firstRow\">\n<td colspan=\"3\" width=\"100%\">Imballaggio e spedizione<\/td>\n<\/tr>\n<tr>\n<td rowspan=\"3\" width=\"33%\">Tempo di spedizione<\/td>\n<td width=\"33%\">Via mare<\/td>\n<td width=\"33%\">15-60 giorni<\/td>\n<\/tr>\n<tr>\n<td width=\"33%\">In aereo<\/td>\n<td width=\"33%\">4-9 giorni<\/td>\n<\/tr>\n<tr>\n<td width=\"33%\">Per espresso<\/td>\n<td width=\"33%\">4-9 giorni<\/td>\n<\/tr>\n<tr>\n<td width=\"33%\">Tempi di consegna<\/td>\n<td colspan=\"2\" width=\"66%\">7-15 ore lavorative o secondo le tue esigenze<\/td>\n<\/tr>\n<tr>\n<td width=\"33%\">Confezione<\/td>\n<td colspan=\"2\" width=\"66%\">In cartone o secondo le vostre esigenze<\/td>\n<\/tr>\n<\/tbody>\n<\/table>\n<\/section>\n<p><strong>Domande frequenti<\/strong><\/p>\n<p>D: Quanto peso pu\u00f2 sopportare?<\/p>\n<p>R: Abbiamo testato per 200 kg. potrebbe essere necessario di pi\u00f9<\/p>\n<p>D: Quali sono le dimensioni?<\/p>\n<p>R: Possiamo realizzare dimensioni diverse in base alle esigenze del cliente per contenere l'attrezzatura.<\/p>\n<p>D: Quali forme di pagamento accettate?<\/p>\n<p>A: T\/T, Western Union, ecc. Accettiamo qualsiasi termine di pagamento rapido e conveniente.<\/p>\n<p>Tag popolari: prezzo basso, in magazzino, campione gratuito, cavo di alimentazione e segnale, filo conduttore calibro 16 a 4 conduttori, custodia per supporto microfono, mobiletto espositivo a LED per esterni, montaggio su rack, flight case per mixer da 19&quot; per montaggio su rack, scatola di distribuzione elettrica, Cina, fornitori, fabbrica, personalizzato, all&#039;ingrosso, <span style=\"color: #993366;\"><a style=\"color: #993366;\" href=\"https:\/\/sxflightcase.com\/it\/product-category\/all-product\/power-distribution-boxes\/\">scatole di alimentazione<\/a>,\u00a0<a style=\"color: #993366;\" href=\"https:\/\/sxflightcase.com\/it\/product-category\/all-product\/hoist-controllers\/\">cavi di alimentazione<\/a>,\u00a0<a style=\"color: #993366;\" href=\"https:\/\/sxflightcase.com\/it\/product-category\/all-product\/hoist-controllers\/\">controllori di sollevamento<\/a>,\u00a0<a style=\"color: #993366;\" href=\"https:\/\/sxflightcase.com\/it\/product-category\/all-product\/flight-case\/\">custodie da viaggio.<\/a><\/span><\/p>","protected":false},"excerpt":{"rendered":"<h2 class=\"prodetails-name\">Custodia per cavi<\/h2>\n<p>Questa custodia per cavi \u00e8 perfetta per cavi e apparecchiature importanti che necessitano di una protezione di qualit\u00e0 e di un trasporto agevole. Le rotelle in gomma per impieghi gravosi consentono di spostarsi senza preoccuparsi dell'integrit\u00e0 dell'apparecchiatura grazie a caratteristiche di durata come gli angoli a sfera per impieghi gravosi e le chiusure a farfalla. Questa valigia flessibile pu\u00f2 contenere qualsiasi tipo di apparecchiatura o accessorio, senza dover fare i conti con la banca o con la schiena!<\/p>\n<h2><strong>Introduzione alla produzione<\/strong><\/h2>\n<p>- Tipo: Coperchio incernierato<\/p>\n<p>- Materiale: Compensato laminato nero da 12 mm<\/p>\n<p>- Dimensioni esterne: L1200 mm x P600 mm x H600 mm<\/p>\n<p>- Schiuma: schiuma dura EVA<\/p>\n<p>- Per impieghi gravosi <a class=\"wpil_keyword_link\" href=\"https:\/\/sxpowercase.com\/product-category\/all-product\/flight-case\/\" target=\"_blank\" rel=\"noopener\" title=\"custodia da volo\" data-wpil-keyword-link=\"linked\" data-wpil-monitor-id=\"417\">custodia da volo<\/a> allestimenti<\/p>\n<p>- Ruote: 4\u2033 ruote in gomma da 100 mm montate (x2 freni)<\/p>","protected":false},"featured_media":1778,"comment_status":"open","ping_status":"closed","template":"","meta":[],"product_brand":[],"product_cat":[36],"product_tag":[],"class_list":{"0":"post-1774","1":"product","2":"type-product","3":"status-publish","4":"has-post-thumbnail","6":"product_cat-cables-cases","8":"first","9":"instock","10":"shipping-taxable","11":"product-type-simple"},"yoast_head":"<!-- This site is optimized with the Yoast SEO Premium plugin v27.1 (Yoast SEO v27.2) - https:\/\/yoast.com\/product\/yoast-seo-premium-wordpress\/ -->\n<title>Cable Case Manufacture Manufacture- https:\/\/sxflightcase.com<\/title>\n<meta name=\"description\" content=\"Cable Case Manufacture: Discover our factory-direct options for professional customization, perfect for organizing and managing cables efficiently.\" \/>\n<meta name=\"robots\" content=\"index, follow, max-snippet:-1, max-image-preview:large, max-video-preview:-1\" \/>\n<link rel=\"canonical\" href=\"https:\/\/sxflightcase.com\/it\/\u0645\u0646\u062a\u062c\/\u0639\u0644\u0628\u0629-\u0627\u0644\u0643\u0627\u0628\u0644\/\" \/>\n<meta property=\"og:locale\" content=\"it_IT\" \/>\n<meta property=\"og:type\" content=\"article\" \/>\n<meta property=\"og:title\" content=\"Cable Case Manufacture\" \/>\n<meta property=\"og:description\" content=\"Cable Case Manufacture: Discover our factory-direct options for professional customization, perfect for organizing and managing cables efficiently.\" \/>\n<meta property=\"og:url\" content=\"https:\/\/sxflightcase.com\/it\/\u0645\u0646\u062a\u062c\/\u0639\u0644\u0628\u0629-\u0627\u0644\u0643\u0627\u0628\u0644\/\" \/>\n<meta property=\"og:site_name\" content=\"https:\/\/sxflightcase.com\" \/>\n<meta property=\"article:publisher\" content=\"https:\/\/www.facebook.com\/profile.php?id=61560407257971\" \/>\n<meta property=\"article:modified_time\" content=\"2024-06-20T02:28:08+00:00\" \/>\n<meta property=\"og:image\" content=\"https:\/\/sxflightcase.com\/wp-content\/uploads\/2024\/05\/cable-case46234394331.webp\" \/>\n\t<meta property=\"og:image:width\" content=\"730\" \/>\n\t<meta property=\"og:image:height\" content=\"730\" \/>\n\t<meta property=\"og:image:type\" content=\"image\/webp\" \/>\n<meta name=\"twitter:card\" content=\"summary_large_image\" \/>\n<meta name=\"twitter:label1\" content=\"Tempo di lettura stimato\" \/>\n\t<meta name=\"twitter:data1\" content=\"5 minuti\" \/>\n<script type=\"application\/ld+json\" class=\"yoast-schema-graph\">{\"@context\":\"https:\/\/schema.org\",\"@graph\":[{\"@type\":\"WebPage\",\"@id\":\"https:\/\/sxflightcase.com\/ary\/\u0645\u0646\u062a\u062c\/\u0639\u0644\u0628\u0629-\u0627\u0644\u0643\u0627\u0628\u0644\/\",\"url\":\"https:\/\/sxflightcase.com\/ary\/\u0645\u0646\u062a\u062c\/\u0639\u0644\u0628\u0629-\u0627\u0644\u0643\u0627\u0628\u0644\/\",\"name\":\"Cable Case Manufacture Manufacture- https:\/\/sxflightcase.com\",\"isPartOf\":{\"@id\":\"https:\/\/sxflightcase.com\/th\/#website\"},\"primaryImageOfPage\":{\"@id\":\"https:\/\/sxflightcase.com\/ary\/\u0645\u0646\u062a\u062c\/\u0639\u0644\u0628\u0629-\u0627\u0644\u0643\u0627\u0628\u0644\/#primaryimage\"},\"image\":{\"@id\":\"https:\/\/sxflightcase.com\/ary\/\u0645\u0646\u062a\u062c\/\u0639\u0644\u0628\u0629-\u0627\u0644\u0643\u0627\u0628\u0644\/#primaryimage\"},\"thumbnailUrl\":\"https:\/\/sxflightcase.com\/wp-content\/uploads\/2024\/05\/cable-case46234394331.webp\",\"datePublished\":\"2024-05-10T06:28:50+00:00\",\"dateModified\":\"2024-06-20T02:28:08+00:00\",\"description\":\"Cable Case Manufacture: Discover our factory-direct options for professional customization, perfect for organizing and managing cables efficiently.\",\"breadcrumb\":{\"@id\":\"https:\/\/sxflightcase.com\/ary\/\u0645\u0646\u062a\u062c\/\u0639\u0644\u0628\u0629-\u0627\u0644\u0643\u0627\u0628\u0644\/#breadcrumb\"},\"inLanguage\":\"it-IT\",\"potentialAction\":[{\"@type\":\"ReadAction\",\"target\":[\"https:\/\/sxflightcase.com\/ary\/\u0645\u0646\u062a\u062c\/\u0639\u0644\u0628\u0629-\u0627\u0644\u0643\u0627\u0628\u0644\/\"]}]},{\"@type\":\"ImageObject\",\"inLanguage\":\"it-IT\",\"@id\":\"https:\/\/sxflightcase.com\/ary\/\u0645\u0646\u062a\u062c\/\u0639\u0644\u0628\u0629-\u0627\u0644\u0643\u0627\u0628\u0644\/#primaryimage\",\"url\":\"https:\/\/sxflightcase.com\/wp-content\/uploads\/2024\/05\/cable-case46234394331.webp\",\"contentUrl\":\"https:\/\/sxflightcase.com\/wp-content\/uploads\/2024\/05\/cable-case46234394331.webp\",\"width\":730,\"height\":730,\"caption\":\"Cable Case Manufacture\"},{\"@type\":\"BreadcrumbList\",\"@id\":\"https:\/\/sxflightcase.com\/ary\/\u0645\u0646\u062a\u062c\/\u0639\u0644\u0628\u0629-\u0627\u0644\u0643\u0627\u0628\u0644\/#breadcrumb\",\"itemListElement\":[{\"@type\":\"ListItem\",\"position\":1,\"name\":\"Home\",\"item\":\"https:\/\/sxflightcase.com\/\"},{\"@type\":\"ListItem\",\"position\":2,\"name\":\"\u0e2a\u0e34\u0e19\u0e04\u0e49\u0e32\",\"item\":\"https:\/\/sxflightcase.com\/th\/shop\/\"},{\"@type\":\"ListItem\",\"position\":3,\"name\":\"Cable Case Manufacture\"}]},{\"@type\":\"WebSite\",\"@id\":\"https:\/\/sxflightcase.com\/th\/#website\",\"url\":\"https:\/\/sxflightcase.com\/th\/\",\"name\":\"sxpowercase.com\",\"description\":\"Flight Case Factory\",\"publisher\":{\"@id\":\"https:\/\/sxflightcase.com\/th\/#organization\"},\"potentialAction\":[{\"@type\":\"SearchAction\",\"target\":{\"@type\":\"EntryPoint\",\"urlTemplate\":\"https:\/\/sxflightcase.com\/th\/?s={search_term_string}\"},\"query-input\":{\"@type\":\"PropertyValueSpecification\",\"valueRequired\":true,\"valueName\":\"search_term_string\"}}],\"inLanguage\":\"it-IT\"},{\"@type\":\"Organization\",\"@id\":\"https:\/\/sxflightcase.com\/th\/#organization\",\"name\":\"sxpowercase.com\",\"url\":\"https:\/\/sxflightcase.com\/th\/\",\"logo\":{\"@type\":\"ImageObject\",\"inLanguage\":\"it-IT\",\"@id\":\"https:\/\/sxflightcase.com\/th\/#\/schema\/logo\/image\/\",\"url\":\"https:\/\/sxflightcase.com\/wp-content\/uploads\/2024\/04\/1713919036007.jpg\",\"contentUrl\":\"https:\/\/sxflightcase.com\/wp-content\/uploads\/2024\/04\/1713919036007.jpg\",\"width\":382,\"height\":388,\"caption\":\"sxpowercase.com\"},\"image\":{\"@id\":\"https:\/\/sxflightcase.com\/th\/#\/schema\/logo\/image\/\"},\"sameAs\":[\"https:\/\/www.facebook.com\/profile.php?id=61560407257971\"],\"numberOfEmployees\":{\"@type\":\"QuantitativeValue\",\"minValue\":\"11\",\"maxValue\":\"50\"}}]}<\/script>\n<!-- \/ Yoast SEO Premium plugin. -->","yoast_head_json":{"title":"Cable Case Manufacture Manufacture- https:\/\/sxflightcase.com","description":"Produzione di custodie per cavi: Scoprite le nostre opzioni di personalizzazione professionale, perfette per organizzare e gestire i cavi in modo efficiente.","robots":{"index":"index","follow":"follow","max-snippet":"max-snippet:-1","max-image-preview":"max-image-preview:large","max-video-preview":"max-video-preview:-1"},"canonical":"https:\/\/sxflightcase.com\/it\/\u0645\u0646\u062a\u062c\/\u0639\u0644\u0628\u0629-\u0627\u0644\u0643\u0627\u0628\u0644\/","og_locale":"it_IT","og_type":"article","og_title":"Cable Case Manufacture","og_description":"Cable Case Manufacture: Discover our factory-direct options for professional customization, perfect for organizing and managing cables efficiently.","og_url":"https:\/\/sxflightcase.com\/it\/\u0645\u0646\u062a\u062c\/\u0639\u0644\u0628\u0629-\u0627\u0644\u0643\u0627\u0628\u0644\/","og_site_name":"https:\/\/sxflightcase.com","article_publisher":"https:\/\/www.facebook.com\/profile.php?id=61560407257971","article_modified_time":"2024-06-20T02:28:08+00:00","og_image":[{"width":730,"height":730,"url":"https:\/\/sxflightcase.com\/wp-content\/uploads\/2024\/05\/cable-case46234394331.webp","type":"image\/webp"}],"twitter_card":"summary_large_image","twitter_misc":{"Tempo di lettura stimato":"5 minuti"},"schema":{"@context":"https:\/\/schema.org","@graph":[{"@type":"WebPage","@id":"https:\/\/sxflightcase.com\/ary\/\u0645\u0646\u062a\u062c\/\u0639\u0644\u0628\u0629-\u0627\u0644\u0643\u0627\u0628\u0644\/","url":"https:\/\/sxflightcase.com\/ary\/\u0645\u0646\u062a\u062c\/\u0639\u0644\u0628\u0629-\u0627\u0644\u0643\u0627\u0628\u0644\/","name":"Cable Case Manufacture Manufacture- https:\/\/sxflightcase.com","isPartOf":{"@id":"https:\/\/sxflightcase.com\/th\/#website"},"primaryImageOfPage":{"@id":"https:\/\/sxflightcase.com\/ary\/\u0645\u0646\u062a\u062c\/\u0639\u0644\u0628\u0629-\u0627\u0644\u0643\u0627\u0628\u0644\/#primaryimage"},"image":{"@id":"https:\/\/sxflightcase.com\/ary\/\u0645\u0646\u062a\u062c\/\u0639\u0644\u0628\u0629-\u0627\u0644\u0643\u0627\u0628\u0644\/#primaryimage"},"thumbnailUrl":"https:\/\/sxflightcase.com\/wp-content\/uploads\/2024\/05\/cable-case46234394331.webp","datePublished":"2024-05-10T06:28:50+00:00","dateModified":"2024-06-20T02:28:08+00:00","description":"Produzione di custodie per cavi: Scoprite le nostre opzioni di personalizzazione professionale, perfette per organizzare e gestire i cavi in modo efficiente.","breadcrumb":{"@id":"https:\/\/sxflightcase.com\/ary\/\u0645\u0646\u062a\u062c\/\u0639\u0644\u0628\u0629-\u0627\u0644\u0643\u0627\u0628\u0644\/#breadcrumb"},"inLanguage":"it-IT","potentialAction":[{"@type":"ReadAction","target":["https:\/\/sxflightcase.com\/ary\/\u0645\u0646\u062a\u062c\/\u0639\u0644\u0628\u0629-\u0627\u0644\u0643\u0627\u0628\u0644\/"]}]},{"@type":"ImageObject","inLanguage":"it-IT","@id":"https:\/\/sxflightcase.com\/ary\/\u0645\u0646\u062a\u062c\/\u0639\u0644\u0628\u0629-\u0627\u0644\u0643\u0627\u0628\u0644\/#primaryimage","url":"https:\/\/sxflightcase.com\/wp-content\/uploads\/2024\/05\/cable-case46234394331.webp","contentUrl":"https:\/\/sxflightcase.com\/wp-content\/uploads\/2024\/05\/cable-case46234394331.webp","width":730,"height":730,"caption":"Cable Case Manufacture"},{"@type":"BreadcrumbList","@id":"https:\/\/sxflightcase.com\/ary\/\u0645\u0646\u062a\u062c\/\u0639\u0644\u0628\u0629-\u0627\u0644\u0643\u0627\u0628\u0644\/#breadcrumb","itemListElement":[{"@type":"ListItem","position":1,"name":"Home","item":"https:\/\/sxflightcase.com\/"},{"@type":"ListItem","position":2,"name":"\u0e2a\u0e34\u0e19\u0e04\u0e49\u0e32","item":"https:\/\/sxflightcase.com\/th\/shop\/"},{"@type":"ListItem","position":3,"name":"Cable Case Manufacture"}]},{"@type":"WebSite","@id":"https:\/\/sxflightcase.com\/th\/#website","url":"https:\/\/sxflightcase.com\/th\/","name":"sxpowercase.com","description":"Fabbrica di Flight Case","publisher":{"@id":"https:\/\/sxflightcase.com\/th\/#organization"},"potentialAction":[{"@type":"SearchAction","target":{"@type":"EntryPoint","urlTemplate":"https:\/\/sxflightcase.com\/th\/?s={search_term_string}"},"query-input":{"@type":"PropertyValueSpecification","valueRequired":true,"valueName":"search_term_string"}}],"inLanguage":"it-IT"},{"@type":"Organization","@id":"https:\/\/sxflightcase.com\/th\/#organization","name":"sxpowercase.com","url":"https:\/\/sxflightcase.com\/th\/","logo":{"@type":"ImageObject","inLanguage":"it-IT","@id":"https:\/\/sxflightcase.com\/th\/#\/schema\/logo\/image\/","url":"https:\/\/sxflightcase.com\/wp-content\/uploads\/2024\/04\/1713919036007.jpg","contentUrl":"https:\/\/sxflightcase.com\/wp-content\/uploads\/2024\/04\/1713919036007.jpg","width":382,"height":388,"caption":"sxpowercase.com"},"image":{"@id":"https:\/\/sxflightcase.com\/th\/#\/schema\/logo\/image\/"},"sameAs":["https:\/\/www.facebook.com\/profile.php?id=61560407257971"],"numberOfEmployees":{"@type":"QuantitativeValue","minValue":"11","maxValue":"50"}}]}},"_links":{"self":[{"href":"https:\/\/sxflightcase.com\/it\/wp-json\/wp\/v2\/product\/1774","targetHints":{"allow":["GET"]}}],"collection":[{"href":"https:\/\/sxflightcase.com\/it\/wp-json\/wp\/v2\/product"}],"about":[{"href":"https:\/\/sxflightcase.com\/it\/wp-json\/wp\/v2\/types\/product"}],"replies":[{"embeddable":true,"href":"https:\/\/sxflightcase.com\/it\/wp-json\/wp\/v2\/comments?post=1774"}],"version-history":[{"count":0,"href":"https:\/\/sxflightcase.com\/it\/wp-json\/wp\/v2\/product\/1774\/revisions"}],"wp:featuredmedia":[{"embeddable":true,"href":"https:\/\/sxflightcase.com\/it\/wp-json\/wp\/v2\/media\/1778"}],"wp:attachment":[{"href":"https:\/\/sxflightcase.com\/it\/wp-json\/wp\/v2\/media?parent=1774"}],"wp:term":[{"taxonomy":"product_brand","embeddable":true,"href":"https:\/\/sxflightcase.com\/it\/wp-json\/wp\/v2\/product_brand?post=1774"},{"taxonomy":"product_cat","embeddable":true,"href":"https:\/\/sxflightcase.com\/it\/wp-json\/wp\/v2\/product_cat?post=1774"},{"taxonomy":"product_tag","embeddable":true,"href":"https:\/\/sxflightcase.com\/it\/wp-json\/wp\/v2\/product_tag?post=1774"}],"curies":[{"name":"wp","href":"https:\/\/api.w.org\/{rel}","templated":true}]}}