{"id":3186,"date":"2024-07-01T08:18:49","date_gmt":"2024-07-01T07:18:49","guid":{"rendered":"https:\/\/sxpowercase.com\/?post_type=product&#038;p=3186"},"modified":"2024-07-01T08:19:13","modified_gmt":"2024-07-01T07:19:13","slug":"drawer-workstation-box-customize-flight-case","status":"publish","type":"product","link":"https:\/\/sxflightcase.com\/it\/prodotto\/cassetto-workstation-box-personalizzare-flight-case-2\/","title":{"rendered":"Cassetto Workstation Box Personalizza Flight Case"},"content":{"rendered":"<table class=\"aliDataTable\" style=\"height: 231px;\" border=\"1\" width=\"1304\">\n<tbody>\n<tr>\n<td>Materiale<\/td>\n<td>Telaio in alluminio + ignifugo + compensato da 12 mm<\/td>\n<\/tr>\n<tr>\n<td>Dentro<\/td>\n<td>Schiuma antiurto ad alta densit\u00e0<\/td>\n<\/tr>\n<tr>\n<td>Misurare<\/td>\n<td>Pu\u00f2 essere personalizzato<\/td>\n<\/tr>\n<tr>\n<td>Accessori<\/td>\n<td>Quattro chiusure a farfalla, quattro grandi ruote per facilitare il trasporto, quattro maniglie in acciaio.<\/td>\n<\/tr>\n<tr>\n<td>Costume<\/td>\n<td>Sono ben accette tutte le personalizzazioni, come il materiale della cassa in alluminio, le dimensioni, i rivestimenti interni, le maniglie, le serrature e cos\u00ec via.<\/td>\n<\/tr>\n<tr>\n<td>Tempo di campionamento<\/td>\n<td>Circa 3-5 giorni lavorativi<\/td>\n<\/tr>\n<tr>\n<td>Tempo di ordine formale<\/td>\n<td>circa 15-20 giorni<\/td>\n<\/tr>\n<tr>\n<td>Imballaggio<\/td>\n<td data-spm-anchor-id=\"a2700.details.0.i62.6dc324feldWl6K\">Sacchetto a bolle + cartone<\/td>\n<\/tr>\n<\/tbody>\n<\/table>\n<h2>La postazione di lavoro a cassetti pi\u00f9 efficiente<\/h2>\n<p>Cercate un modo per aumentare la vostra produttivit\u00e0? La postazione di lavoro a cassetti SX \u00e8 la risposta. Questa soluzione innovativa combina comodit\u00e0 e funzionalit\u00e0 per trasformare il vostro spazio di lavoro.<\/p>\n<h2>Perch\u00e9 scegliere la workstation a cassetti SX?<\/h2>\n<h3>Qualit\u00e0 e durata superiori<\/h3>\n<p>La postazione di lavoro a cassetti SX \u00e8 realizzata con materiali di alta qualit\u00e0 che garantiscono una lunga durata. \u00c8 progettata per resistere all'uso quotidiano e rappresenta la scelta ideale per qualsiasi ambiente professionale.<\/p>\n<h3>Personalizzabile per soddisfare le vostre esigenze<\/h3>\n<p>SX offre <a href=\"https:\/\/sxpowercase.com\/product\/rack-mount-case\/\" target=\"_blank\" rel=\"noopener\"  data-wpil-monitor-id=\"517\">casse per postazioni di lavoro personalizzate<\/a> per soddisfare le vostre esigenze specifiche. Che abbiate bisogno di cassetti aggiuntivi o di dimensioni uniche, le nostre soluzioni personalizzate soddisfano ogni vostra esigenza.<\/p>\n<h3>Vendite dirette in fabbrica per risparmiare sui costi<\/h3>\n<p>Acquistando direttamente dalla fabbrica, si elimina l'intermediario. Ci\u00f2 significa un notevole risparmio sui costi senza compromettere la qualit\u00e0. Le vendite dirette in fabbrica di SX offrono un valore imbattibile.<\/p>\n<h2>Aumentate la vostra attivit\u00e0 con una postazione di lavoro di qualit\u00e0<\/h2>\n<h3>Spazio di lavoro organizzato ed efficiente<\/h3>\n<p>Uno spazio di lavoro libero \u00e8 fondamentale per la produttivit\u00e0. La postazione di lavoro a cassetti SX vi aiuta a rimanere organizzati, assicurandovi che tutti gli strumenti e i documenti siano a portata di mano. In questo modo si ottiene un ambiente di lavoro pi\u00f9 efficiente.<\/p>\n<h3>Aspetto professionale<\/h3>\n<p>Presentare un'immagine professionale \u00e8 essenziale. Il design elegante della postazione di lavoro a cassetti SX valorizza l'aspetto del vostro ufficio, dando un'impressione positiva a clienti e colleghi.<\/p>\n<h2>Esplora le valigie per ufficio con postazione di lavoro<\/h2>\n<h3>Soluzioni versatili per qualsiasi ufficio<\/h3>\n<p>SX offre un'ampia gamma di valigette da ufficio per postazioni di lavoro. Dai design compatti per i piccoli spazi alle configurazioni pi\u00f9 grandi per le esigenze pi\u00f9 estese, abbiamo una soluzione per tutti.<\/p>\n<h3>Su misura per la vostra azienda<\/h3>\n<p>I nostri contenitori per postazioni di lavoro personalizzate vi permettono di personalizzare il vostro spazio di lavoro. Scegliete il numero di cassetti, aggiungete serrature per la sicurezza o selezionate materiali specifici. La vostra postazione di lavoro sar\u00e0 unica.<\/p>\n<h3>Garanzia di qualit\u00e0<\/h3>\n<p>Ogni custodia per workstation SX \u00e8 sottoposta a rigorosi controlli di qualit\u00e0. Garantiamo che i nostri prodotti soddisfino gli standard pi\u00f9 elevati, offrendo una postazione di lavoro affidabile e duratura.<\/p>\n<h2>I vantaggi delle vendite dirette in fabbrica<\/h2>\n<h3>Efficienza dei costi<\/h3>\n<p>Le vendite dirette in fabbrica significano prezzi pi\u00f9 bassi. Le postazioni di lavoro con cassetti di qualit\u00e0 superiore sono disponibili a una frazione del costo, consentendovi di destinare il vostro budget ad altre aree importanti della vostra azienda.<\/p>\n<h3>Comunicazione diretta<\/h3>\n<p>Acquistando direttamente dalla fabbrica, la comunicazione \u00e8 semplice. Discutete le vostre esigenze direttamente con noi, assicurandovi di ottenere esattamente ci\u00f2 che desiderate.<\/p>\n<h2>Postazioni di lavoro personalizzate per tutte le esigenze<\/h2>\n<h3>Versatilit\u00e0 e flessibilit\u00e0<\/h3>\n<p>Le nostre valigette per postazioni di lavoro personalizzate sono progettate per essere versatili. Possono ospitare un'ampia gamma di strumenti e apparecchiature per ufficio. Qualunque siano le vostre esigenze, SX ha una soluzione.<\/p>\n<h3>Soluzioni su misura<\/h3>\n<p>Lavoriamo con voi per creare una postazione di lavoro adatta alle vostre esigenze specifiche. Le nostre soluzioni personalizzate non riguardano solo l'archiviazione, ma anche il miglioramento del flusso di lavoro e della produttivit\u00e0.<\/p>\n<h2>Conclusione<\/h2>\n<p>In conclusione, la postazione di lavoro a cassetti SX offre un mix perfetto di funzionalit\u00e0 e stile per il vostro ufficio. Grazie alle vendite dirette in fabbrica, otterrete il miglior valore per il vostro investimento. Migliorate il vostro spazio di lavoro con soluzioni di livello professionale e godetevi i vantaggi di un ambiente ben organizzato. Investite oggi stesso in una workstation a cassetti SX e provate la differenza.<\/p>\n<h2>Domande frequenti<\/h2>\n<p><strong>Cosa rende unica la postazione di lavoro a cassetti SX?<\/strong><\/p>\n<p>La workstation a cassetti SX si distingue per la sua durata, le opzioni di personalizzazione e il prezzo diretto di fabbrica. Offre qualit\u00e0 e valore di prim'ordine.<\/p>\n<p><strong>Posso personalizzare la mia workstation SX?<\/strong><\/p>\n<p>S\u00ec, SX offre ampie possibilit\u00e0 di personalizzazione per soddisfare le vostre esigenze specifiche. Scegliete tra varie dimensioni, caratteristiche e opzioni di personalizzazione.<\/p>\n<p><strong>Quali sono i vantaggi della vendita diretta in fabbrica?<\/strong><\/p>\n<p>Le vendite dirette in fabbrica riducono i costi eliminando gli intermediari. In questo modo si ottengono postazioni di lavoro di alta qualit\u00e0 a prezzi competitivi.<\/p>\n<p><strong>La postazione di lavoro a cassetti SX \u00e8 facile da installare?<\/strong><\/p>\n<p>Assolutamente s\u00ec. La postazione \u00e8 progettata per una facile installazione, con istruzioni chiare e tutta la ferramenta necessaria inclusa.<\/p>\n<p><strong>Dove si possono acquistare le postazioni di lavoro a cassetti SX?<\/strong><\/p>\n<p>\u00c8 possibile acquistare le postazioni di lavoro a cassetti SX direttamente dal nostro sito Web o tramite i distributori autorizzati. Visitate il nostro sito web per maggiori dettagli e per effettuare l'ordine.<\/p>\n<p>Ottieni l&#039;accesso ora:<span style=\"color: #0000ff;\"><a style=\"color: #0000ff;\" href=\"https:\/\/sxpowercase.com\/\">https:\/\/sxpowercase.com\/<\/a><\/span><\/p>\n<p>Tag caldi:  Cina, fornitori, fabbrica, personalizzato, all'ingrosso, acquistare, prezzo basso, spine, cassetto armadio di stoccaggio, 12U Flight Case con ruota, cassa acustica cabinet Flight Case, Mixer Hard Case,<span style=\"color: #0000ff;\"><a style=\"color: #0000ff;\" href=\"https:\/\/sxflightcase.com\/it\/product-category\/all-product\/power-distribution-boxes\/\">scatole di alimentazione<\/a>,\u00a0<a style=\"color: #0000ff;\" href=\"https:\/\/sxflightcase.com\/it\/product-category\/all-product\/hoist-controllers\/\">cavi di alimentazione<\/a>,\u00a0<a style=\"color: #0000ff;\" href=\"https:\/\/sxflightcase.com\/it\/product-category\/all-product\/hoist-controllers\/\">controllori di sollevamento<\/a>,\u00a0<a style=\"color: #0000ff;\" href=\"https:\/\/sxflightcase.com\/it\/product-category\/all-product\/flight-case\/\">custodie da volo<\/a><\/span><\/p>","protected":false},"excerpt":{"rendered":"<h3>Qualit\u00e0 e durata superiori<\/h3>\n<p>Aggiornate il vostro spazio di lavoro con la postazione di lavoro a cassetti SX, costruita con materiali di alta qualit\u00e0 per garantire una lunga durata. Progettata per resistere all'uso quotidiano, \u00e8 perfetta per qualsiasi ambiente professionale.<\/p>\n<h3>Personalizzabile per soddisfare le vostre esigenze<\/h3>\n<p>Adattate la vostra postazione di lavoro SX alle vostre esigenze specifiche. Con opzioni per cassetti aggiuntivi e dimensioni uniche, le nostre soluzioni personalizzate soddisfano ogni esigenza, assicurando un adattamento perfetto al vostro spazio di lavoro.<\/p>\n<h3>Risparmio sui costi con le vendite dirette in fabbrica<\/h3>\n<p>Approfittate di un significativo risparmio sui costi acquistando direttamente da SX. Le nostre vendite dirette in fabbrica eliminano gli intermediari, offrendovi un valore imbattibile senza compromettere la qualit\u00e0.<\/p>","protected":false},"featured_media":3177,"comment_status":"open","ping_status":"closed","template":"","meta":[],"product_brand":[],"product_cat":[48],"product_tag":[],"class_list":{"0":"post-3186","1":"product","2":"type-product","3":"status-publish","4":"has-post-thumbnail","6":"product_cat-custom-flight-case","8":"first","9":"instock","10":"shipping-taxable","11":"product-type-simple"},"yoast_head":"<!-- This site is optimized with the Yoast SEO Premium plugin v27.1 (Yoast SEO v27.2) - https:\/\/yoast.com\/product\/yoast-seo-premium-wordpress\/ -->\n<title>Drawer Workstation Box Customize Flight Case - https:\/\/sxflightcase.com \ud83d\udc97<\/title>\n<meta name=\"description\" content=\"Drawer workstation, factory direct! Customizable, high-quality solutions for organized and efficient workspaces. Perfect for professionals and workshops.\" \/>\n<meta name=\"robots\" content=\"index, follow, max-snippet:-1, max-image-preview:large, max-video-preview:-1\" \/>\n<link rel=\"canonical\" href=\"https:\/\/sxflightcase.com\/it\/\u0e1c\u0e25\u0e34\u0e15\u0e20\u0e31\u0e13\u0e11\u0e4c\/\u0e01\u0e25\u0e48\u0e2d\u0e07\u0e25\u0e34\u0e49\u0e19\u0e0a\u0e31\u0e01\u0e40\u0e27\u0e34\u0e23\u0e4c\u0e01\u0e2a\u0e40\u0e15\u0e0a\/\" \/>\n<meta property=\"og:locale\" content=\"it_IT\" \/>\n<meta property=\"og:type\" content=\"article\" \/>\n<meta property=\"og:title\" content=\"Drawer Workstation Box Customize Flight Case\" \/>\n<meta property=\"og:description\" content=\"Drawer workstation, factory direct! Customizable, high-quality solutions for organized and efficient workspaces. Perfect for professionals and workshops.\" \/>\n<meta property=\"og:url\" content=\"https:\/\/sxflightcase.com\/it\/\u0e1c\u0e25\u0e34\u0e15\u0e20\u0e31\u0e13\u0e11\u0e4c\/\u0e01\u0e25\u0e48\u0e2d\u0e07\u0e25\u0e34\u0e49\u0e19\u0e0a\u0e31\u0e01\u0e40\u0e27\u0e34\u0e23\u0e4c\u0e01\u0e2a\u0e40\u0e15\u0e0a\/\" \/>\n<meta property=\"og:site_name\" content=\"https:\/\/sxflightcase.com\" \/>\n<meta property=\"article:publisher\" content=\"https:\/\/www.facebook.com\/profile.php?id=61560407257971\" \/>\n<meta property=\"article:modified_time\" content=\"2024-07-01T07:19:13+00:00\" \/>\n<meta property=\"og:image\" content=\"https:\/\/sxflightcase.com\/wp-content\/uploads\/2024\/07\/1719799709136.jpg\" \/>\n\t<meta property=\"og:image:width\" content=\"700\" \/>\n\t<meta property=\"og:image:height\" content=\"700\" \/>\n\t<meta property=\"og:image:type\" content=\"image\/jpeg\" \/>\n<meta name=\"twitter:card\" content=\"summary_large_image\" \/>\n<meta name=\"twitter:label1\" content=\"Tempo di lettura stimato\" \/>\n\t<meta name=\"twitter:data1\" content=\"5 minuti\" \/>\n<script type=\"application\/ld+json\" class=\"yoast-schema-graph\">{\"@context\":\"https:\/\/schema.org\",\"@graph\":[{\"@type\":\"WebPage\",\"@id\":\"https:\/\/sxflightcase.com\/th\/\u0e1c\u0e25\u0e34\u0e15\u0e20\u0e31\u0e13\u0e11\u0e4c\/\u0e01\u0e25\u0e48\u0e2d\u0e07\u0e25\u0e34\u0e49\u0e19\u0e0a\u0e31\u0e01\u0e40\u0e27\u0e34\u0e23\u0e4c\u0e01\u0e2a\u0e40\u0e15\u0e0a\/\",\"url\":\"https:\/\/sxflightcase.com\/th\/\u0e1c\u0e25\u0e34\u0e15\u0e20\u0e31\u0e13\u0e11\u0e4c\/\u0e01\u0e25\u0e48\u0e2d\u0e07\u0e25\u0e34\u0e49\u0e19\u0e0a\u0e31\u0e01\u0e40\u0e27\u0e34\u0e23\u0e4c\u0e01\u0e2a\u0e40\u0e15\u0e0a\/\",\"name\":\"Drawer Workstation Box Customize Flight Case - https:\/\/sxflightcase.com \ud83d\udc97\",\"isPartOf\":{\"@id\":\"https:\/\/sxflightcase.com\/th\/#website\"},\"primaryImageOfPage\":{\"@id\":\"https:\/\/sxflightcase.com\/th\/\u0e1c\u0e25\u0e34\u0e15\u0e20\u0e31\u0e13\u0e11\u0e4c\/\u0e01\u0e25\u0e48\u0e2d\u0e07\u0e25\u0e34\u0e49\u0e19\u0e0a\u0e31\u0e01\u0e40\u0e27\u0e34\u0e23\u0e4c\u0e01\u0e2a\u0e40\u0e15\u0e0a\/#primaryimage\"},\"image\":{\"@id\":\"https:\/\/sxflightcase.com\/th\/\u0e1c\u0e25\u0e34\u0e15\u0e20\u0e31\u0e13\u0e11\u0e4c\/\u0e01\u0e25\u0e48\u0e2d\u0e07\u0e25\u0e34\u0e49\u0e19\u0e0a\u0e31\u0e01\u0e40\u0e27\u0e34\u0e23\u0e4c\u0e01\u0e2a\u0e40\u0e15\u0e0a\/#primaryimage\"},\"thumbnailUrl\":\"https:\/\/sxflightcase.com\/wp-content\/uploads\/2024\/07\/1719799709136.jpg\",\"datePublished\":\"2024-07-01T07:18:49+00:00\",\"dateModified\":\"2024-07-01T07:19:13+00:00\",\"description\":\"Drawer workstation, factory direct! Customizable, high-quality solutions for organized and efficient workspaces. Perfect for professionals and workshops.\",\"breadcrumb\":{\"@id\":\"https:\/\/sxflightcase.com\/th\/\u0e1c\u0e25\u0e34\u0e15\u0e20\u0e31\u0e13\u0e11\u0e4c\/\u0e01\u0e25\u0e48\u0e2d\u0e07\u0e25\u0e34\u0e49\u0e19\u0e0a\u0e31\u0e01\u0e40\u0e27\u0e34\u0e23\u0e4c\u0e01\u0e2a\u0e40\u0e15\u0e0a\/#breadcrumb\"},\"inLanguage\":\"it-IT\",\"potentialAction\":[{\"@type\":\"ReadAction\",\"target\":[\"https:\/\/sxflightcase.com\/th\/\u0e1c\u0e25\u0e34\u0e15\u0e20\u0e31\u0e13\u0e11\u0e4c\/\u0e01\u0e25\u0e48\u0e2d\u0e07\u0e25\u0e34\u0e49\u0e19\u0e0a\u0e31\u0e01\u0e40\u0e27\u0e34\u0e23\u0e4c\u0e01\u0e2a\u0e40\u0e15\u0e0a\/\"]}]},{\"@type\":\"ImageObject\",\"inLanguage\":\"it-IT\",\"@id\":\"https:\/\/sxflightcase.com\/th\/\u0e1c\u0e25\u0e34\u0e15\u0e20\u0e31\u0e13\u0e11\u0e4c\/\u0e01\u0e25\u0e48\u0e2d\u0e07\u0e25\u0e34\u0e49\u0e19\u0e0a\u0e31\u0e01\u0e40\u0e27\u0e34\u0e23\u0e4c\u0e01\u0e2a\u0e40\u0e15\u0e0a\/#primaryimage\",\"url\":\"https:\/\/sxflightcase.com\/wp-content\/uploads\/2024\/07\/1719799709136.jpg\",\"contentUrl\":\"https:\/\/sxflightcase.com\/wp-content\/uploads\/2024\/07\/1719799709136.jpg\",\"width\":700,\"height\":700,\"caption\":\"Drawer Workstation\"},{\"@type\":\"BreadcrumbList\",\"@id\":\"https:\/\/sxflightcase.com\/th\/\u0e1c\u0e25\u0e34\u0e15\u0e20\u0e31\u0e13\u0e11\u0e4c\/\u0e01\u0e25\u0e48\u0e2d\u0e07\u0e25\u0e34\u0e49\u0e19\u0e0a\u0e31\u0e01\u0e40\u0e27\u0e34\u0e23\u0e4c\u0e01\u0e2a\u0e40\u0e15\u0e0a\/#breadcrumb\",\"itemListElement\":[{\"@type\":\"ListItem\",\"position\":1,\"name\":\"Home\",\"item\":\"https:\/\/sxflightcase.com\/\"},{\"@type\":\"ListItem\",\"position\":2,\"name\":\"\u0e2a\u0e34\u0e19\u0e04\u0e49\u0e32\",\"item\":\"https:\/\/sxflightcase.com\/th\/shop\/\"},{\"@type\":\"ListItem\",\"position\":3,\"name\":\"Drawer Workstation Box Customize Flight Case\"}]},{\"@type\":\"WebSite\",\"@id\":\"https:\/\/sxflightcase.com\/th\/#website\",\"url\":\"https:\/\/sxflightcase.com\/th\/\",\"name\":\"sxpowercase.com\",\"description\":\"Flight Case Factory\",\"publisher\":{\"@id\":\"https:\/\/sxflightcase.com\/th\/#organization\"},\"potentialAction\":[{\"@type\":\"SearchAction\",\"target\":{\"@type\":\"EntryPoint\",\"urlTemplate\":\"https:\/\/sxflightcase.com\/th\/?s={search_term_string}\"},\"query-input\":{\"@type\":\"PropertyValueSpecification\",\"valueRequired\":true,\"valueName\":\"search_term_string\"}}],\"inLanguage\":\"it-IT\"},{\"@type\":\"Organization\",\"@id\":\"https:\/\/sxflightcase.com\/th\/#organization\",\"name\":\"sxpowercase.com\",\"url\":\"https:\/\/sxflightcase.com\/th\/\",\"logo\":{\"@type\":\"ImageObject\",\"inLanguage\":\"it-IT\",\"@id\":\"https:\/\/sxflightcase.com\/th\/#\/schema\/logo\/image\/\",\"url\":\"https:\/\/sxflightcase.com\/wp-content\/uploads\/2024\/04\/1713919036007.jpg\",\"contentUrl\":\"https:\/\/sxflightcase.com\/wp-content\/uploads\/2024\/04\/1713919036007.jpg\",\"width\":382,\"height\":388,\"caption\":\"sxpowercase.com\"},\"image\":{\"@id\":\"https:\/\/sxflightcase.com\/th\/#\/schema\/logo\/image\/\"},\"sameAs\":[\"https:\/\/www.facebook.com\/profile.php?id=61560407257971\"],\"numberOfEmployees\":{\"@type\":\"QuantitativeValue\",\"minValue\":\"11\",\"maxValue\":\"50\"}}]}<\/script>\n<!-- \/ Yoast SEO Premium plugin. -->","yoast_head_json":{"title":"Drawer Workstation Box Customize Flight Case - https:\/\/sxflightcase.com \ud83d\udc97","description":"Postazione di lavoro a cassetti, direttamente dalla fabbrica! Soluzioni personalizzabili e di alta qualit\u00e0 per spazi di lavoro organizzati ed efficienti. Perfette per professionisti e laboratori.","robots":{"index":"index","follow":"follow","max-snippet":"max-snippet:-1","max-image-preview":"max-image-preview:large","max-video-preview":"max-video-preview:-1"},"canonical":"https:\/\/sxflightcase.com\/it\/\u0e1c\u0e25\u0e34\u0e15\u0e20\u0e31\u0e13\u0e11\u0e4c\/\u0e01\u0e25\u0e48\u0e2d\u0e07\u0e25\u0e34\u0e49\u0e19\u0e0a\u0e31\u0e01\u0e40\u0e27\u0e34\u0e23\u0e4c\u0e01\u0e2a\u0e40\u0e15\u0e0a\/","og_locale":"it_IT","og_type":"article","og_title":"Drawer Workstation Box Customize Flight Case","og_description":"Drawer workstation, factory direct! Customizable, high-quality solutions for organized and efficient workspaces. Perfect for professionals and workshops.","og_url":"https:\/\/sxflightcase.com\/it\/\u0e1c\u0e25\u0e34\u0e15\u0e20\u0e31\u0e13\u0e11\u0e4c\/\u0e01\u0e25\u0e48\u0e2d\u0e07\u0e25\u0e34\u0e49\u0e19\u0e0a\u0e31\u0e01\u0e40\u0e27\u0e34\u0e23\u0e4c\u0e01\u0e2a\u0e40\u0e15\u0e0a\/","og_site_name":"https:\/\/sxflightcase.com","article_publisher":"https:\/\/www.facebook.com\/profile.php?id=61560407257971","article_modified_time":"2024-07-01T07:19:13+00:00","og_image":[{"width":700,"height":700,"url":"https:\/\/sxflightcase.com\/wp-content\/uploads\/2024\/07\/1719799709136.jpg","type":"image\/jpeg"}],"twitter_card":"summary_large_image","twitter_misc":{"Tempo di lettura stimato":"5 minuti"},"schema":{"@context":"https:\/\/schema.org","@graph":[{"@type":"WebPage","@id":"https:\/\/sxflightcase.com\/th\/\u0e1c\u0e25\u0e34\u0e15\u0e20\u0e31\u0e13\u0e11\u0e4c\/\u0e01\u0e25\u0e48\u0e2d\u0e07\u0e25\u0e34\u0e49\u0e19\u0e0a\u0e31\u0e01\u0e40\u0e27\u0e34\u0e23\u0e4c\u0e01\u0e2a\u0e40\u0e15\u0e0a\/","url":"https:\/\/sxflightcase.com\/th\/\u0e1c\u0e25\u0e34\u0e15\u0e20\u0e31\u0e13\u0e11\u0e4c\/\u0e01\u0e25\u0e48\u0e2d\u0e07\u0e25\u0e34\u0e49\u0e19\u0e0a\u0e31\u0e01\u0e40\u0e27\u0e34\u0e23\u0e4c\u0e01\u0e2a\u0e40\u0e15\u0e0a\/","name":"Drawer Workstation Box Customize Flight Case - https:\/\/sxflightcase.com \ud83d\udc97","isPartOf":{"@id":"https:\/\/sxflightcase.com\/th\/#website"},"primaryImageOfPage":{"@id":"https:\/\/sxflightcase.com\/th\/\u0e1c\u0e25\u0e34\u0e15\u0e20\u0e31\u0e13\u0e11\u0e4c\/\u0e01\u0e25\u0e48\u0e2d\u0e07\u0e25\u0e34\u0e49\u0e19\u0e0a\u0e31\u0e01\u0e40\u0e27\u0e34\u0e23\u0e4c\u0e01\u0e2a\u0e40\u0e15\u0e0a\/#primaryimage"},"image":{"@id":"https:\/\/sxflightcase.com\/th\/\u0e1c\u0e25\u0e34\u0e15\u0e20\u0e31\u0e13\u0e11\u0e4c\/\u0e01\u0e25\u0e48\u0e2d\u0e07\u0e25\u0e34\u0e49\u0e19\u0e0a\u0e31\u0e01\u0e40\u0e27\u0e34\u0e23\u0e4c\u0e01\u0e2a\u0e40\u0e15\u0e0a\/#primaryimage"},"thumbnailUrl":"https:\/\/sxflightcase.com\/wp-content\/uploads\/2024\/07\/1719799709136.jpg","datePublished":"2024-07-01T07:18:49+00:00","dateModified":"2024-07-01T07:19:13+00:00","description":"Postazione di lavoro a cassetti, direttamente dalla fabbrica! Soluzioni personalizzabili e di alta qualit\u00e0 per spazi di lavoro organizzati ed efficienti. Perfette per professionisti e laboratori.","breadcrumb":{"@id":"https:\/\/sxflightcase.com\/th\/\u0e1c\u0e25\u0e34\u0e15\u0e20\u0e31\u0e13\u0e11\u0e4c\/\u0e01\u0e25\u0e48\u0e2d\u0e07\u0e25\u0e34\u0e49\u0e19\u0e0a\u0e31\u0e01\u0e40\u0e27\u0e34\u0e23\u0e4c\u0e01\u0e2a\u0e40\u0e15\u0e0a\/#breadcrumb"},"inLanguage":"it-IT","potentialAction":[{"@type":"ReadAction","target":["https:\/\/sxflightcase.com\/th\/\u0e1c\u0e25\u0e34\u0e15\u0e20\u0e31\u0e13\u0e11\u0e4c\/\u0e01\u0e25\u0e48\u0e2d\u0e07\u0e25\u0e34\u0e49\u0e19\u0e0a\u0e31\u0e01\u0e40\u0e27\u0e34\u0e23\u0e4c\u0e01\u0e2a\u0e40\u0e15\u0e0a\/"]}]},{"@type":"ImageObject","inLanguage":"it-IT","@id":"https:\/\/sxflightcase.com\/th\/\u0e1c\u0e25\u0e34\u0e15\u0e20\u0e31\u0e13\u0e11\u0e4c\/\u0e01\u0e25\u0e48\u0e2d\u0e07\u0e25\u0e34\u0e49\u0e19\u0e0a\u0e31\u0e01\u0e40\u0e27\u0e34\u0e23\u0e4c\u0e01\u0e2a\u0e40\u0e15\u0e0a\/#primaryimage","url":"https:\/\/sxflightcase.com\/wp-content\/uploads\/2024\/07\/1719799709136.jpg","contentUrl":"https:\/\/sxflightcase.com\/wp-content\/uploads\/2024\/07\/1719799709136.jpg","width":700,"height":700,"caption":"Drawer Workstation"},{"@type":"BreadcrumbList","@id":"https:\/\/sxflightcase.com\/th\/\u0e1c\u0e25\u0e34\u0e15\u0e20\u0e31\u0e13\u0e11\u0e4c\/\u0e01\u0e25\u0e48\u0e2d\u0e07\u0e25\u0e34\u0e49\u0e19\u0e0a\u0e31\u0e01\u0e40\u0e27\u0e34\u0e23\u0e4c\u0e01\u0e2a\u0e40\u0e15\u0e0a\/#breadcrumb","itemListElement":[{"@type":"ListItem","position":1,"name":"Home","item":"https:\/\/sxflightcase.com\/"},{"@type":"ListItem","position":2,"name":"\u0e2a\u0e34\u0e19\u0e04\u0e49\u0e32","item":"https:\/\/sxflightcase.com\/th\/shop\/"},{"@type":"ListItem","position":3,"name":"Drawer Workstation Box Customize Flight Case"}]},{"@type":"WebSite","@id":"https:\/\/sxflightcase.com\/th\/#website","url":"https:\/\/sxflightcase.com\/th\/","name":"sxpowercase.com","description":"Fabbrica di Flight Case","publisher":{"@id":"https:\/\/sxflightcase.com\/th\/#organization"},"potentialAction":[{"@type":"SearchAction","target":{"@type":"EntryPoint","urlTemplate":"https:\/\/sxflightcase.com\/th\/?s={search_term_string}"},"query-input":{"@type":"PropertyValueSpecification","valueRequired":true,"valueName":"search_term_string"}}],"inLanguage":"it-IT"},{"@type":"Organization","@id":"https:\/\/sxflightcase.com\/th\/#organization","name":"sxpowercase.com","url":"https:\/\/sxflightcase.com\/th\/","logo":{"@type":"ImageObject","inLanguage":"it-IT","@id":"https:\/\/sxflightcase.com\/th\/#\/schema\/logo\/image\/","url":"https:\/\/sxflightcase.com\/wp-content\/uploads\/2024\/04\/1713919036007.jpg","contentUrl":"https:\/\/sxflightcase.com\/wp-content\/uploads\/2024\/04\/1713919036007.jpg","width":382,"height":388,"caption":"sxpowercase.com"},"image":{"@id":"https:\/\/sxflightcase.com\/th\/#\/schema\/logo\/image\/"},"sameAs":["https:\/\/www.facebook.com\/profile.php?id=61560407257971"],"numberOfEmployees":{"@type":"QuantitativeValue","minValue":"11","maxValue":"50"}}]}},"_links":{"self":[{"href":"https:\/\/sxflightcase.com\/it\/wp-json\/wp\/v2\/product\/3186","targetHints":{"allow":["GET"]}}],"collection":[{"href":"https:\/\/sxflightcase.com\/it\/wp-json\/wp\/v2\/product"}],"about":[{"href":"https:\/\/sxflightcase.com\/it\/wp-json\/wp\/v2\/types\/product"}],"replies":[{"embeddable":true,"href":"https:\/\/sxflightcase.com\/it\/wp-json\/wp\/v2\/comments?post=3186"}],"version-history":[{"count":0,"href":"https:\/\/sxflightcase.com\/it\/wp-json\/wp\/v2\/product\/3186\/revisions"}],"wp:featuredmedia":[{"embeddable":true,"href":"https:\/\/sxflightcase.com\/it\/wp-json\/wp\/v2\/media\/3177"}],"wp:attachment":[{"href":"https:\/\/sxflightcase.com\/it\/wp-json\/wp\/v2\/media?parent=3186"}],"wp:term":[{"taxonomy":"product_brand","embeddable":true,"href":"https:\/\/sxflightcase.com\/it\/wp-json\/wp\/v2\/product_brand?post=3186"},{"taxonomy":"product_cat","embeddable":true,"href":"https:\/\/sxflightcase.com\/it\/wp-json\/wp\/v2\/product_cat?post=3186"},{"taxonomy":"product_tag","embeddable":true,"href":"https:\/\/sxflightcase.com\/it\/wp-json\/wp\/v2\/product_tag?post=3186"}],"curies":[{"name":"wp","href":"https:\/\/api.w.org\/{rel}","templated":true}]}}