{"id":3910,"date":"2024-08-01T07:02:11","date_gmt":"2024-08-01T06:02:11","guid":{"rendered":"https:\/\/sxpowercase.com\/?post_type=product&#038;p=3910"},"modified":"2024-08-01T07:02:12","modified_gmt":"2024-08-01T06:02:12","slug":"recessed-latches-loa302","status":"publish","type":"product","link":"https:\/\/sxflightcase.com\/it\/prodotto\/chiusure-da-incasso-loa302-2\/","title":{"rendered":"Chiusure da incasso LOA302"},"content":{"rendered":"<h2>Proteggete le vostre apparecchiature con le chiusure a incasso SX<\/h2>\n<h3>Soluzioni di bloccaggio di alta qualit\u00e0<\/h3>\n<p>Quando si tratta di proteggere le vostre preziose apparecchiature, <strong>Chiusure a incasso<\/strong> di SX sono la scelta migliore. Progettate per garantire la massima sicurezza, queste chiusure sono perfette per un'ampia gamma di applicazioni, tra cui flight case e contenitori di stoccaggio. SX offre soluzioni di chiusura affidabili che garantiscono la sicurezza e la protezione dell'attrezzatura, indipendentemente dall'ambiente.<\/p>\n<h3>Diretto dalla fabbrica e conveniente<\/h3>\n<p>A <a href=\"https:\/\/sxpowercase.com\/\" target=\"_blank\" rel=\"noopener\" title=\"Sx\" data-wpil-monitor-id=\"614\">Sx<\/a>Siamo orgogliosi di fornire prodotti di alta qualit\u00e0 direttamente dalla fabbrica ai nostri clienti. Questo approccio ci permette di offrire ai nostri <strong>Chiusure a incasso<\/strong> a prezzi competitivi, assicurandovi una sicurezza di alto livello senza spendere troppo. Il nostro modello di vendita diretta in fabbrica elimina la necessit\u00e0 di intermediari, trasferendo i risparmi direttamente a voi, pur mantenendo standard di prodotto superiori.<\/p>\n<h3>Durata su cui contare<\/h3>\n<p>Sx <strong>Chiusure a incasso<\/strong> sono realizzati con materiali robusti e durevoli, progettati per resistere all'uso frequente e alle condizioni pi\u00f9 difficili. Ogni chiusura \u00e8 sottoposta a rigorosi controlli di qualit\u00e0 per garantire la conformit\u00e0 ai nostri standard. Questa attenzione alla qualit\u00e0 garantisce che le nostre chiusure non solo durino a lungo, ma forniscano anche prestazioni costanti e affidabili, garantendo la sicurezza delle vostre apparecchiature.<\/p>\n<h3>Personalizzabile per soddisfare le tue esigenze<\/h3>\n<p>Siamo consapevoli che ogni progetto ha requisiti unici, ed \u00e8 per questo che SX offre opzioni di personalizzazione per i nostri prodotti. <strong>Chiusure a incasso<\/strong>. Che abbiate bisogno di dimensioni, finiture o materiali specifici, possiamo personalizzare i nostri prodotti in base alle vostre esigenze. Questa personalizzazione vi garantisce di ottenere esattamente ci\u00f2 che vi serve senza costi inutili, beneficiando al contempo del nostro impegno per la qualit\u00e0 e la convenienza.<\/p>\n<h3>Facile da installare e utilizzare<\/h3>\n<p>Sx <strong>Chiusure a incasso<\/strong> sono caratterizzati da un design facile da usare che rende l'installazione rapida e semplice. La loro struttura incassata non solo migliora l'aspetto estetico delle custodie e degli armadi, ma impedisce anche che si verifichino danni accidentali. Questo design elegante rende le nostre chiusure ideali per diverse applicazioni, dalle configurazioni audiovisive professionali ai magazzini generici.<\/p>\n<h3>Perch\u00e9 scegliere SX?<\/h3>\n<p>Scegliere SX significa scegliere un marchio che d\u00e0 priorit\u00e0 alla qualit\u00e0, alla convenienza e alla soddisfazione del cliente. Il nostro modello \"direct-to-consumer\" assicura che riceviate prodotti di alta qualit\u00e0 ai migliori prezzi possibili. Con il nostro <strong>Chiusure a incasso<\/strong>e si ottiene una soluzione durevole e personalizzabile che soddisfa le vostre esigenze specifiche. Affidatevi a SX per chiusure che combinano un'eccellente sicurezza con un design accattivante, il tutto a un prezzo conveniente.<\/p>\n<h3>Contattateci oggi stesso<\/h3>\n<p>Proteggete le vostre apparecchiature con il meglio del settore. SX <strong>Chiusure a incasso<\/strong> offrono la combinazione perfetta di sicurezza, durata e convenienza. Sia che stiate equipaggiando flight case, unit\u00e0 di stoccaggio o altre attrezzature, le nostre chiusure rappresentano una soluzione affidabile ed elegante. Contattateci oggi stesso per saperne di pi\u00f9 sui nostri prodotti e su come possiamo aiutarvi a soddisfare le vostre esigenze specifiche. Con SX, avrete la garanzia di prodotti di qualit\u00e0 direttamente dalla fabbrica, a prezzi che non vi faranno perdere tempo.<\/p>\n<p>Contatta ora:<span style=\"color: #0000ff;\"><a style=\"color: #0000ff;\" href=\"https:\/\/sxpowercase.com\/contact-us\/\">https:\/\/sxpowercase.com\/<\/a><\/span><\/p>\n<p>Catalogo prodotti hardware:<span style=\"color: #3366ff;\"><a style=\"color: #3366ff;\" href=\"https:\/\/sxpowercase.com\/wp-content\/uploads\/2024\/07\/\u4e94\u91d1.pdf\">Catalogo accessori hardware<\/a><\/span><\/p>","protected":false},"excerpt":{"rendered":"<div class=\"flex-shrink-0 flex flex-col relative items-end\">\n<div>\n<div class=\"pt-0\">\n<div class=\"gizmo-bot-avatar flex h-8 w-8 items-center justify-center overflow-hidden rounded-full\">\n<div class=\"relative p-1 rounded-sm flex items-center justify-center bg-token-main-surface-primary text-token-text-primary h-8 w-8\"><\/div>\n<\/div>\n<\/div>\n<\/div>\n<\/div>\n<div class=\"group\/conversation-turn relative flex w-full min-w-0 flex-col agent-turn\">\n<div class=\"flex-col gap-1 md:gap-3\">\n<div class=\"flex flex-grow flex-col max-w-full\">\n<div class=\"min-h-[20px] text-message flex w-full flex-col items-end gap-2 whitespace-pre-wrap break-words [.text-message+&amp;]:mt-5 overflow-x-auto\" dir=\"auto\" data-message-author-role=\"assistant\" data-message-id=\"1ab61275-2362-43eb-9fce-bafb1f1b29ea\">\n<div class=\"flex w-full flex-col gap-1 empty:hidden first:pt-[3px]\">\n<div class=\"markdown prose w-full break-words dark:prose-invert light\">\n<h3>Secure Your Gear with SX Recessed Latches<\/h3>\n<p>Protect your equipment with SX&#8217;s high-quality Recessed Latches, providing secure and convenient closures for various cases and enclosures.<\/p>\n<h3>Unbeatable Value with Factory Direct Sales<\/h3>\n<p>SX offers Recessed Latches at competitive prices through factory direct sales. Enjoy top-notch quality without the high cost.<\/p>\n<h3>Durable, Customisable, and Easy to Use<\/h3>\n<p>SX Recessed Latches are durable and versatile, with customisation options to fit your specific needs. Their recessed design ensures a smooth profile, perfect for professional equipment.<\/p>\n<\/div>\n<\/div>\n<\/div>\n<\/div>\n<div class=\"mt-1 flex gap-3 empty:hidden -ml-2\">\n<div class=\"items-center justify-start rounded-xl p-1 flex\">\n<div class=\"flex items-center\"><\/div>\n<\/div>\n<\/div>\n<\/div>\n<\/div>\n","protected":false},"featured_media":3786,"comment_status":"open","ping_status":"closed","template":"","meta":[],"product_brand":[],"product_cat":[61],"product_tag":[],"class_list":{"0":"post-3910","1":"product","2":"type-product","3":"status-publish","4":"has-post-thumbnail","6":"product_cat-catchother-locks","8":"first","9":"instock","10":"shipping-taxable","11":"product-type-simple"},"yoast_head":"<!-- This site is optimized with the Yoast SEO Premium plugin v27.1 (Yoast SEO v27.2) - https:\/\/yoast.com\/product\/yoast-seo-premium-wordpress\/ -->\n<title>Recessed Latches LOA302 - https:\/\/sxflightcase.com \ud83d\udc97<\/title>\n<meta name=\"description\" content=\"Recessed latches, factory direct! High-quality, secure latching solutions for flight cases and equipment. Ideal for a flush, protected fit in professional and industrial settings.\" \/>\n<meta name=\"robots\" content=\"index, follow, max-snippet:-1, max-image-preview:large, max-video-preview:-1\" \/>\n<link rel=\"canonical\" href=\"https:\/\/sxflightcase.com\/it\/\u0645\u0646\u062a\u062c\/\u0627\u0644\u0645\u0632\u0627\u0644\u062c-\u0627\u0644\u063a\u0627\u0626\u0631\u0629-loa302\/\" \/>\n<meta property=\"og:locale\" content=\"it_IT\" \/>\n<meta property=\"og:type\" content=\"article\" \/>\n<meta property=\"og:title\" content=\"Recessed Latches LOA302\" \/>\n<meta property=\"og:description\" content=\"Recessed latches, factory direct! High-quality, secure latching solutions for flight cases and equipment. Ideal for a flush, protected fit in professional and industrial settings.\" \/>\n<meta property=\"og:url\" content=\"https:\/\/sxflightcase.com\/it\/\u0645\u0646\u062a\u062c\/\u0627\u0644\u0645\u0632\u0627\u0644\u062c-\u0627\u0644\u063a\u0627\u0626\u0631\u0629-loa302\/\" \/>\n<meta property=\"og:site_name\" content=\"https:\/\/sxflightcase.com\" \/>\n<meta property=\"article:publisher\" content=\"https:\/\/www.facebook.com\/profile.php?id=61560407257971\" \/>\n<meta property=\"article:modified_time\" content=\"2024-08-01T06:02:12+00:00\" \/>\n<meta property=\"og:image\" content=\"https:\/\/sxflightcase.com\/wp-content\/uploads\/2024\/07\/LOA302.jpg\" \/>\n\t<meta property=\"og:image:width\" content=\"520\" \/>\n\t<meta property=\"og:image:height\" content=\"454\" \/>\n\t<meta property=\"og:image:type\" content=\"image\/jpeg\" \/>\n<meta name=\"twitter:card\" content=\"summary_large_image\" \/>\n<meta name=\"twitter:label1\" content=\"Tempo di lettura stimato\" \/>\n\t<meta name=\"twitter:data1\" content=\"3 minuti\" \/>\n<script type=\"application\/ld+json\" class=\"yoast-schema-graph\">{\"@context\":\"https:\/\/schema.org\",\"@graph\":[{\"@type\":\"WebPage\",\"@id\":\"https:\/\/sxflightcase.com\/ary\/\u0645\u0646\u062a\u062c\/\u0627\u0644\u0645\u0632\u0627\u0644\u062c-\u0627\u0644\u063a\u0627\u0626\u0631\u0629-loa302\/\",\"url\":\"https:\/\/sxflightcase.com\/ary\/\u0645\u0646\u062a\u062c\/\u0627\u0644\u0645\u0632\u0627\u0644\u062c-\u0627\u0644\u063a\u0627\u0626\u0631\u0629-loa302\/\",\"name\":\"Recessed Latches LOA302 - https:\/\/sxflightcase.com \ud83d\udc97\",\"isPartOf\":{\"@id\":\"https:\/\/sxflightcase.com\/th\/#website\"},\"primaryImageOfPage\":{\"@id\":\"https:\/\/sxflightcase.com\/ary\/\u0645\u0646\u062a\u062c\/\u0627\u0644\u0645\u0632\u0627\u0644\u062c-\u0627\u0644\u063a\u0627\u0626\u0631\u0629-loa302\/#primaryimage\"},\"image\":{\"@id\":\"https:\/\/sxflightcase.com\/ary\/\u0645\u0646\u062a\u062c\/\u0627\u0644\u0645\u0632\u0627\u0644\u062c-\u0627\u0644\u063a\u0627\u0626\u0631\u0629-loa302\/#primaryimage\"},\"thumbnailUrl\":\"https:\/\/sxflightcase.com\/wp-content\/uploads\/2024\/07\/LOA302.jpg\",\"datePublished\":\"2024-08-01T06:02:11+00:00\",\"dateModified\":\"2024-08-01T06:02:12+00:00\",\"description\":\"Recessed latches, factory direct! High-quality, secure latching solutions for flight cases and equipment. Ideal for a flush, protected fit in professional and industrial settings.\",\"breadcrumb\":{\"@id\":\"https:\/\/sxflightcase.com\/ary\/\u0645\u0646\u062a\u062c\/\u0627\u0644\u0645\u0632\u0627\u0644\u062c-\u0627\u0644\u063a\u0627\u0626\u0631\u0629-loa302\/#breadcrumb\"},\"inLanguage\":\"it-IT\",\"potentialAction\":[{\"@type\":\"ReadAction\",\"target\":[\"https:\/\/sxflightcase.com\/ary\/\u0645\u0646\u062a\u062c\/\u0627\u0644\u0645\u0632\u0627\u0644\u062c-\u0627\u0644\u063a\u0627\u0626\u0631\u0629-loa302\/\"]}]},{\"@type\":\"ImageObject\",\"inLanguage\":\"it-IT\",\"@id\":\"https:\/\/sxflightcase.com\/ary\/\u0645\u0646\u062a\u062c\/\u0627\u0644\u0645\u0632\u0627\u0644\u062c-\u0627\u0644\u063a\u0627\u0626\u0631\u0629-loa302\/#primaryimage\",\"url\":\"https:\/\/sxflightcase.com\/wp-content\/uploads\/2024\/07\/LOA302.jpg\",\"contentUrl\":\"https:\/\/sxflightcase.com\/wp-content\/uploads\/2024\/07\/LOA302.jpg\",\"width\":520,\"height\":454,\"caption\":\"Recessed Latches\"},{\"@type\":\"BreadcrumbList\",\"@id\":\"https:\/\/sxflightcase.com\/ary\/\u0645\u0646\u062a\u062c\/\u0627\u0644\u0645\u0632\u0627\u0644\u062c-\u0627\u0644\u063a\u0627\u0626\u0631\u0629-loa302\/#breadcrumb\",\"itemListElement\":[{\"@type\":\"ListItem\",\"position\":1,\"name\":\"Home\",\"item\":\"https:\/\/sxflightcase.com\/\"},{\"@type\":\"ListItem\",\"position\":2,\"name\":\"\u0e2a\u0e34\u0e19\u0e04\u0e49\u0e32\",\"item\":\"https:\/\/sxflightcase.com\/th\/shop\/\"},{\"@type\":\"ListItem\",\"position\":3,\"name\":\"Recessed Latches LOA302\"}]},{\"@type\":\"WebSite\",\"@id\":\"https:\/\/sxflightcase.com\/th\/#website\",\"url\":\"https:\/\/sxflightcase.com\/th\/\",\"name\":\"sxpowercase.com\",\"description\":\"Flight Case Factory\",\"publisher\":{\"@id\":\"https:\/\/sxflightcase.com\/th\/#organization\"},\"potentialAction\":[{\"@type\":\"SearchAction\",\"target\":{\"@type\":\"EntryPoint\",\"urlTemplate\":\"https:\/\/sxflightcase.com\/th\/?s={search_term_string}\"},\"query-input\":{\"@type\":\"PropertyValueSpecification\",\"valueRequired\":true,\"valueName\":\"search_term_string\"}}],\"inLanguage\":\"it-IT\"},{\"@type\":\"Organization\",\"@id\":\"https:\/\/sxflightcase.com\/th\/#organization\",\"name\":\"sxpowercase.com\",\"url\":\"https:\/\/sxflightcase.com\/th\/\",\"logo\":{\"@type\":\"ImageObject\",\"inLanguage\":\"it-IT\",\"@id\":\"https:\/\/sxflightcase.com\/th\/#\/schema\/logo\/image\/\",\"url\":\"https:\/\/sxflightcase.com\/wp-content\/uploads\/2024\/04\/1713919036007.jpg\",\"contentUrl\":\"https:\/\/sxflightcase.com\/wp-content\/uploads\/2024\/04\/1713919036007.jpg\",\"width\":382,\"height\":388,\"caption\":\"sxpowercase.com\"},\"image\":{\"@id\":\"https:\/\/sxflightcase.com\/th\/#\/schema\/logo\/image\/\"},\"sameAs\":[\"https:\/\/www.facebook.com\/profile.php?id=61560407257971\"],\"numberOfEmployees\":{\"@type\":\"QuantitativeValue\",\"minValue\":\"11\",\"maxValue\":\"50\"}}]}<\/script>\n<!-- \/ Yoast SEO Premium plugin. -->","yoast_head_json":{"title":"Recessed Latches LOA302 - https:\/\/sxflightcase.com \ud83d\udc97","description":"Chiusure a incasso, direttamente dalla fabbrica! Soluzioni di chiusura sicure e di alta qualit\u00e0 per flight case e attrezzature. Ideale per un montaggio a filo e protetto in ambienti professionali e industriali.","robots":{"index":"index","follow":"follow","max-snippet":"max-snippet:-1","max-image-preview":"max-image-preview:large","max-video-preview":"max-video-preview:-1"},"canonical":"https:\/\/sxflightcase.com\/it\/\u0645\u0646\u062a\u062c\/\u0627\u0644\u0645\u0632\u0627\u0644\u062c-\u0627\u0644\u063a\u0627\u0626\u0631\u0629-loa302\/","og_locale":"it_IT","og_type":"article","og_title":"Recessed Latches LOA302","og_description":"Recessed latches, factory direct! High-quality, secure latching solutions for flight cases and equipment. Ideal for a flush, protected fit in professional and industrial settings.","og_url":"https:\/\/sxflightcase.com\/it\/\u0645\u0646\u062a\u062c\/\u0627\u0644\u0645\u0632\u0627\u0644\u062c-\u0627\u0644\u063a\u0627\u0626\u0631\u0629-loa302\/","og_site_name":"https:\/\/sxflightcase.com","article_publisher":"https:\/\/www.facebook.com\/profile.php?id=61560407257971","article_modified_time":"2024-08-01T06:02:12+00:00","og_image":[{"width":520,"height":454,"url":"https:\/\/sxflightcase.com\/wp-content\/uploads\/2024\/07\/LOA302.jpg","type":"image\/jpeg"}],"twitter_card":"summary_large_image","twitter_misc":{"Tempo di lettura stimato":"3 minuti"},"schema":{"@context":"https:\/\/schema.org","@graph":[{"@type":"WebPage","@id":"https:\/\/sxflightcase.com\/ary\/\u0645\u0646\u062a\u062c\/\u0627\u0644\u0645\u0632\u0627\u0644\u062c-\u0627\u0644\u063a\u0627\u0626\u0631\u0629-loa302\/","url":"https:\/\/sxflightcase.com\/ary\/\u0645\u0646\u062a\u062c\/\u0627\u0644\u0645\u0632\u0627\u0644\u062c-\u0627\u0644\u063a\u0627\u0626\u0631\u0629-loa302\/","name":"Recessed Latches LOA302 - https:\/\/sxflightcase.com \ud83d\udc97","isPartOf":{"@id":"https:\/\/sxflightcase.com\/th\/#website"},"primaryImageOfPage":{"@id":"https:\/\/sxflightcase.com\/ary\/\u0645\u0646\u062a\u062c\/\u0627\u0644\u0645\u0632\u0627\u0644\u062c-\u0627\u0644\u063a\u0627\u0626\u0631\u0629-loa302\/#primaryimage"},"image":{"@id":"https:\/\/sxflightcase.com\/ary\/\u0645\u0646\u062a\u062c\/\u0627\u0644\u0645\u0632\u0627\u0644\u062c-\u0627\u0644\u063a\u0627\u0626\u0631\u0629-loa302\/#primaryimage"},"thumbnailUrl":"https:\/\/sxflightcase.com\/wp-content\/uploads\/2024\/07\/LOA302.jpg","datePublished":"2024-08-01T06:02:11+00:00","dateModified":"2024-08-01T06:02:12+00:00","description":"Chiusure a incasso, direttamente dalla fabbrica! Soluzioni di chiusura sicure e di alta qualit\u00e0 per flight case e attrezzature. Ideale per un montaggio a filo e protetto in ambienti professionali e industriali.","breadcrumb":{"@id":"https:\/\/sxflightcase.com\/ary\/\u0645\u0646\u062a\u062c\/\u0627\u0644\u0645\u0632\u0627\u0644\u062c-\u0627\u0644\u063a\u0627\u0626\u0631\u0629-loa302\/#breadcrumb"},"inLanguage":"it-IT","potentialAction":[{"@type":"ReadAction","target":["https:\/\/sxflightcase.com\/ary\/\u0645\u0646\u062a\u062c\/\u0627\u0644\u0645\u0632\u0627\u0644\u062c-\u0627\u0644\u063a\u0627\u0626\u0631\u0629-loa302\/"]}]},{"@type":"ImageObject","inLanguage":"it-IT","@id":"https:\/\/sxflightcase.com\/ary\/\u0645\u0646\u062a\u062c\/\u0627\u0644\u0645\u0632\u0627\u0644\u062c-\u0627\u0644\u063a\u0627\u0626\u0631\u0629-loa302\/#primaryimage","url":"https:\/\/sxflightcase.com\/wp-content\/uploads\/2024\/07\/LOA302.jpg","contentUrl":"https:\/\/sxflightcase.com\/wp-content\/uploads\/2024\/07\/LOA302.jpg","width":520,"height":454,"caption":"Recessed Latches"},{"@type":"BreadcrumbList","@id":"https:\/\/sxflightcase.com\/ary\/\u0645\u0646\u062a\u062c\/\u0627\u0644\u0645\u0632\u0627\u0644\u062c-\u0627\u0644\u063a\u0627\u0626\u0631\u0629-loa302\/#breadcrumb","itemListElement":[{"@type":"ListItem","position":1,"name":"Home","item":"https:\/\/sxflightcase.com\/"},{"@type":"ListItem","position":2,"name":"\u0e2a\u0e34\u0e19\u0e04\u0e49\u0e32","item":"https:\/\/sxflightcase.com\/th\/shop\/"},{"@type":"ListItem","position":3,"name":"Recessed Latches LOA302"}]},{"@type":"WebSite","@id":"https:\/\/sxflightcase.com\/th\/#website","url":"https:\/\/sxflightcase.com\/th\/","name":"sxpowercase.com","description":"Fabbrica di Flight Case","publisher":{"@id":"https:\/\/sxflightcase.com\/th\/#organization"},"potentialAction":[{"@type":"SearchAction","target":{"@type":"EntryPoint","urlTemplate":"https:\/\/sxflightcase.com\/th\/?s={search_term_string}"},"query-input":{"@type":"PropertyValueSpecification","valueRequired":true,"valueName":"search_term_string"}}],"inLanguage":"it-IT"},{"@type":"Organization","@id":"https:\/\/sxflightcase.com\/th\/#organization","name":"sxpowercase.com","url":"https:\/\/sxflightcase.com\/th\/","logo":{"@type":"ImageObject","inLanguage":"it-IT","@id":"https:\/\/sxflightcase.com\/th\/#\/schema\/logo\/image\/","url":"https:\/\/sxflightcase.com\/wp-content\/uploads\/2024\/04\/1713919036007.jpg","contentUrl":"https:\/\/sxflightcase.com\/wp-content\/uploads\/2024\/04\/1713919036007.jpg","width":382,"height":388,"caption":"sxpowercase.com"},"image":{"@id":"https:\/\/sxflightcase.com\/th\/#\/schema\/logo\/image\/"},"sameAs":["https:\/\/www.facebook.com\/profile.php?id=61560407257971"],"numberOfEmployees":{"@type":"QuantitativeValue","minValue":"11","maxValue":"50"}}]}},"_links":{"self":[{"href":"https:\/\/sxflightcase.com\/it\/wp-json\/wp\/v2\/product\/3910","targetHints":{"allow":["GET"]}}],"collection":[{"href":"https:\/\/sxflightcase.com\/it\/wp-json\/wp\/v2\/product"}],"about":[{"href":"https:\/\/sxflightcase.com\/it\/wp-json\/wp\/v2\/types\/product"}],"replies":[{"embeddable":true,"href":"https:\/\/sxflightcase.com\/it\/wp-json\/wp\/v2\/comments?post=3910"}],"version-history":[{"count":0,"href":"https:\/\/sxflightcase.com\/it\/wp-json\/wp\/v2\/product\/3910\/revisions"}],"wp:featuredmedia":[{"embeddable":true,"href":"https:\/\/sxflightcase.com\/it\/wp-json\/wp\/v2\/media\/3786"}],"wp:attachment":[{"href":"https:\/\/sxflightcase.com\/it\/wp-json\/wp\/v2\/media?parent=3910"}],"wp:term":[{"taxonomy":"product_brand","embeddable":true,"href":"https:\/\/sxflightcase.com\/it\/wp-json\/wp\/v2\/product_brand?post=3910"},{"taxonomy":"product_cat","embeddable":true,"href":"https:\/\/sxflightcase.com\/it\/wp-json\/wp\/v2\/product_cat?post=3910"},{"taxonomy":"product_tag","embeddable":true,"href":"https:\/\/sxflightcase.com\/it\/wp-json\/wp\/v2\/product_tag?post=3910"}],"curies":[{"name":"wp","href":"https:\/\/api.w.org\/{rel}","templated":true}]}}