{"id":4120,"date":"2024-08-15T07:54:59","date_gmt":"2024-08-15T06:54:59","guid":{"rendered":"https:\/\/sxpowercase.com\/?post_type=product&#038;p=4120"},"modified":"2024-08-15T07:55:00","modified_gmt":"2024-08-15T06:55:00","slug":"flight-case-corner-coa108","status":"publish","type":"product","link":"https:\/\/sxflightcase.com\/it\/prodotto\/flight-case-angolare-coa108-2\/","title":{"rendered":"Angolo Flight Case COA108"},"content":{"rendered":"<h3>Proteggete la vostra attrezzatura con l'angolo del Flight Case SX<\/h3>\n<h4>La massima protezione per le vostre apparecchiature<\/h4>\n<p>Quando si tratta di salvaguardare la vostra preziosa attrezzatura, il <strong>Angolo del Flight Case<\/strong>\u00a0di SX offrono una protezione imbattibile. Questi angoli sono progettati per affrontare le condizioni pi\u00f9 difficili e garantire la sicurezza delle apparecchiature durante il trasporto. SX si concentra sulla fornitura di prodotti di qualit\u00e0 direttamente dalla fabbrica, consentendoci di offrire prodotti di altissimo livello. <strong>Angolo del Flight Case<\/strong>\u00a0a prezzi bassi senza compromettere la durata.<\/p>\n<h4>Costruito per la durata e l'affidabilit\u00e0<\/h4>\n<p>Costruito con materiali di alta qualit\u00e0, <a href=\"https:\/\/sxpowercase.com\/\" target=\"_blank\" rel=\"noopener\" title=\"Sx\" data-wpil-monitor-id=\"665\">Sx<\/a> <strong>Angoli del Flight Case<\/strong> sono progettati per resistere a un'usura significativa. Sia che siate costantemente in viaggio o che abbiate bisogno di soluzioni di stoccaggio a lungo termine, questi angoli aiutano a prevenire i danni da impatto ai vostri flight case. SX \u00e8 orgogliosa di fornire prodotti affidabili e convenienti che soddisfano gli standard pi\u00f9 elevati del settore.<\/p>\n<h4>Facilit\u00e0 di installazione e versatilit\u00e0<\/h4>\n<p>Nostro <strong>Angoli del Flight Case<\/strong> sono facili da installare e compatibili con un'ampia gamma di design di case. Sia che stiate costruendo nuovi case o aggiornando quelli esistenti, questi angoli si integrano perfettamente, migliorando sia l'aspetto che la funzione dei vostri case. Con SX, il processo di installazione \u00e8 semplice e il montaggio \u00e8 sempre perfetto.<\/p>\n<h4>Soluzioni personalizzate per ogni esigenza<\/h4>\n<p>Noi di SX siamo consapevoli che ogni progetto ha esigenze uniche. Ecco perch\u00e9 i nostri <strong>Angoli del Flight Case<\/strong> sono dotati di opzioni personalizzabili per soddisfare le diverse esigenze. Se avete bisogno di una forma, una dimensione o una finitura specifica, SX offre soluzioni su misura che soddisfano le vostre preferenze. Ottenete esattamente ci\u00f2 che vi serve senza compromettere la qualit\u00e0 o il costo.<\/p>\n<h4>Valore eccezionale<\/h4>\n<p>Il nostro approccio diretto alla fabbrica ci permette di offrire un servizio di qualit\u00e0 superiore. <strong>Angoli del Flight Case<\/strong> a prezzi altamente competitivi. SX si impegna a fornire la qualit\u00e0 di cui ci si pu\u00f2 fidare a un prezzo ragionevole. Ci concentriamo sulla fornitura di prodotti non solo costruiti per durare nel tempo, ma anche economicamente vantaggiosi per progetti sia di piccole che di grandi dimensioni.<\/p>\n<h4>Affidati da professionisti di tutto il mondo<\/h4>\n<p>Sx <strong>Angoli del Flight Case<\/strong> sono apprezzati dai professionisti di tutti i settori che si affidano alla sicurezza delle loro apparecchiature e alla loro prontezza d'azione. Che si tratti di apparecchiature audiovisive, strumenti musicali o altre attrezzature delicate, gli angoli SX sono progettati per proteggere ci\u00f2 che conta di pi\u00f9. Scegliere SX significa scegliere un marchio noto per l'affidabilit\u00e0 e la soddisfazione dei clienti.<\/p>\n<h4>Contattate oggi stesso<\/h4>\n<p>Pronti a migliorare i vostri casi con SX <strong>Angoli del Flight Case<\/strong>? Contattateci oggi stesso per scoprire la soluzione perfetta per le vostre esigenze. Con SX, scegliete un marchio che unisce qualit\u00e0, convenienza e maestria artigianale per offrire il meglio della ferramenta di protezione.<\/p>\n<p>Contatta ora:<span style=\"color: #0000ff;\"><a style=\"color: #0000ff;\" href=\"https:\/\/sxpowercase.com\/contact-us\/\">https:\/\/sxpowercase.com\/<\/a><\/span><\/p>\n<p>Catalogo prodotti hardware:<span style=\"color: #3366ff;\"><a style=\"color: #3366ff;\" href=\"https:\/\/sxpowercase.com\/wp-content\/uploads\/2024\/07\/\u4e94\u91d1.pdf\">Catalogo accessori hardware<\/a><\/span><\/p>","protected":false},"excerpt":{"rendered":"<h3>Angoli del Flight Case SX: Protezione definitiva dell'attrezzatura<\/h3>\n<p>Proteggete le vostre preziose apparecchiature con gli angoli delle valigie SX Flight Case, progettati per le condizioni pi\u00f9 difficili e per mantenere la vostra attrezzatura al sicuro durante il trasporto. Qualit\u00e0 di fabbrica a prezzi accessibili.<\/p>\n<h3>Durevole e facile da installare<\/h3>\n<p>Gli angoli delle custodie SX Flight Case sono costruiti con materiali di alta qualit\u00e0 per una durata affidabile. Sono facili da installare e compatibili con un'ampia gamma di custodie, offrendo una perfetta integrazione e una maggiore protezione.<\/p>\n<h3>Soluzioni personalizzate a prezzi competitivi<\/h3>\n<p>SX offre angoli per Flight Case personalizzabili e adatti alle vostre esigenze. Approfittate della qualit\u00e0 superiore e della maestria artigianale senza spendere troppo, fidandovi dei professionisti di tutto il mondo.<\/p>","protected":false},"featured_media":4081,"comment_status":"open","ping_status":"closed","template":"","meta":[],"product_brand":[],"product_cat":[63],"product_tag":[],"class_list":{"0":"post-4120","1":"product","2":"type-product","3":"status-publish","4":"has-post-thumbnail","6":"product_cat-corners","8":"first","9":"instock","10":"shipping-taxable","11":"product-type-simple"},"yoast_head":"<!-- This site is optimized with the Yoast SEO Premium plugin v27.1 (Yoast SEO v27.2) - https:\/\/yoast.com\/product\/yoast-seo-premium-wordpress\/ -->\n<title>Flight Case Corner COA108 - https:\/\/sxflightcase.com \ud83d\udc97<\/title>\n<meta name=\"description\" content=\"Flight case corner, factory direct! High-quality, durable protection for case edges, ensuring long-lasting reliability during transport. Ideal for safeguarding your equipment.\" \/>\n<meta name=\"robots\" content=\"index, follow, max-snippet:-1, max-image-preview:large, max-video-preview:-1\" \/>\n<link rel=\"canonical\" href=\"https:\/\/sxflightcase.com\/it\/produk\/sudut-kotak-penerbangan-coa108\/\" \/>\n<meta property=\"og:locale\" content=\"it_IT\" \/>\n<meta property=\"og:type\" content=\"article\" \/>\n<meta property=\"og:title\" content=\"Flight Case Corner COA108\" \/>\n<meta property=\"og:description\" content=\"Flight case corner, factory direct! High-quality, durable protection for case edges, ensuring long-lasting reliability during transport. Ideal for safeguarding your equipment.\" \/>\n<meta property=\"og:url\" content=\"https:\/\/sxflightcase.com\/it\/produk\/sudut-kotak-penerbangan-coa108\/\" \/>\n<meta property=\"og:site_name\" content=\"https:\/\/sxflightcase.com\" \/>\n<meta property=\"article:publisher\" content=\"https:\/\/www.facebook.com\/profile.php?id=61560407257971\" \/>\n<meta property=\"article:modified_time\" content=\"2024-08-15T06:55:00+00:00\" \/>\n<meta property=\"og:image\" content=\"https:\/\/sxflightcase.com\/wp-content\/uploads\/2024\/08\/COA109.jpg\" \/>\n\t<meta property=\"og:image:width\" content=\"520\" \/>\n\t<meta property=\"og:image:height\" content=\"520\" \/>\n\t<meta property=\"og:image:type\" content=\"image\/jpeg\" \/>\n<meta name=\"twitter:card\" content=\"summary_large_image\" \/>\n<meta name=\"twitter:label1\" content=\"Tempo di lettura stimato\" \/>\n\t<meta name=\"twitter:data1\" content=\"3 minuti\" \/>\n<script type=\"application\/ld+json\" class=\"yoast-schema-graph\">{\"@context\":\"https:\/\/schema.org\",\"@graph\":[{\"@type\":\"WebPage\",\"@id\":\"https:\/\/sxflightcase.com\/id\/produk\/sudut-kotak-penerbangan-coa108\/\",\"url\":\"https:\/\/sxflightcase.com\/id\/produk\/sudut-kotak-penerbangan-coa108\/\",\"name\":\"Flight Case Corner COA108 - https:\/\/sxflightcase.com \ud83d\udc97\",\"isPartOf\":{\"@id\":\"https:\/\/sxflightcase.com\/th\/#website\"},\"primaryImageOfPage\":{\"@id\":\"https:\/\/sxflightcase.com\/id\/produk\/sudut-kotak-penerbangan-coa108\/#primaryimage\"},\"image\":{\"@id\":\"https:\/\/sxflightcase.com\/id\/produk\/sudut-kotak-penerbangan-coa108\/#primaryimage\"},\"thumbnailUrl\":\"https:\/\/sxflightcase.com\/wp-content\/uploads\/2024\/08\/COA109.jpg\",\"datePublished\":\"2024-08-15T06:54:59+00:00\",\"dateModified\":\"2024-08-15T06:55:00+00:00\",\"description\":\"Flight case corner, factory direct! High-quality, durable protection for case edges, ensuring long-lasting reliability during transport. Ideal for safeguarding your equipment.\",\"breadcrumb\":{\"@id\":\"https:\/\/sxflightcase.com\/id\/produk\/sudut-kotak-penerbangan-coa108\/#breadcrumb\"},\"inLanguage\":\"it-IT\",\"potentialAction\":[{\"@type\":\"ReadAction\",\"target\":[\"https:\/\/sxflightcase.com\/id\/produk\/sudut-kotak-penerbangan-coa108\/\"]}]},{\"@type\":\"ImageObject\",\"inLanguage\":\"it-IT\",\"@id\":\"https:\/\/sxflightcase.com\/id\/produk\/sudut-kotak-penerbangan-coa108\/#primaryimage\",\"url\":\"https:\/\/sxflightcase.com\/wp-content\/uploads\/2024\/08\/COA109.jpg\",\"contentUrl\":\"https:\/\/sxflightcase.com\/wp-content\/uploads\/2024\/08\/COA109.jpg\",\"width\":520,\"height\":520,\"caption\":\"Flight Case Corner\"},{\"@type\":\"BreadcrumbList\",\"@id\":\"https:\/\/sxflightcase.com\/id\/produk\/sudut-kotak-penerbangan-coa108\/#breadcrumb\",\"itemListElement\":[{\"@type\":\"ListItem\",\"position\":1,\"name\":\"Home\",\"item\":\"https:\/\/sxflightcase.com\/\"},{\"@type\":\"ListItem\",\"position\":2,\"name\":\"\u0e2a\u0e34\u0e19\u0e04\u0e49\u0e32\",\"item\":\"https:\/\/sxflightcase.com\/th\/shop\/\"},{\"@type\":\"ListItem\",\"position\":3,\"name\":\"Flight Case Corner COA108\"}]},{\"@type\":\"WebSite\",\"@id\":\"https:\/\/sxflightcase.com\/th\/#website\",\"url\":\"https:\/\/sxflightcase.com\/th\/\",\"name\":\"sxpowercase.com\",\"description\":\"Flight Case Factory\",\"publisher\":{\"@id\":\"https:\/\/sxflightcase.com\/th\/#organization\"},\"potentialAction\":[{\"@type\":\"SearchAction\",\"target\":{\"@type\":\"EntryPoint\",\"urlTemplate\":\"https:\/\/sxflightcase.com\/th\/?s={search_term_string}\"},\"query-input\":{\"@type\":\"PropertyValueSpecification\",\"valueRequired\":true,\"valueName\":\"search_term_string\"}}],\"inLanguage\":\"it-IT\"},{\"@type\":\"Organization\",\"@id\":\"https:\/\/sxflightcase.com\/th\/#organization\",\"name\":\"sxpowercase.com\",\"url\":\"https:\/\/sxflightcase.com\/th\/\",\"logo\":{\"@type\":\"ImageObject\",\"inLanguage\":\"it-IT\",\"@id\":\"https:\/\/sxflightcase.com\/th\/#\/schema\/logo\/image\/\",\"url\":\"https:\/\/sxflightcase.com\/wp-content\/uploads\/2024\/04\/1713919036007.jpg\",\"contentUrl\":\"https:\/\/sxflightcase.com\/wp-content\/uploads\/2024\/04\/1713919036007.jpg\",\"width\":382,\"height\":388,\"caption\":\"sxpowercase.com\"},\"image\":{\"@id\":\"https:\/\/sxflightcase.com\/th\/#\/schema\/logo\/image\/\"},\"sameAs\":[\"https:\/\/www.facebook.com\/profile.php?id=61560407257971\"],\"numberOfEmployees\":{\"@type\":\"QuantitativeValue\",\"minValue\":\"11\",\"maxValue\":\"50\"}}]}<\/script>\n<!-- \/ Yoast SEO Premium plugin. -->","yoast_head_json":{"title":"Flight Case Corner COA108 - https:\/\/sxflightcase.com \ud83d\udc97","description":"Angolo della valigia, direttamente dalla fabbrica! Protezione di alta qualit\u00e0 e durevole per i bordi della valigia, che garantisce un'affidabilit\u00e0 duratura durante il trasporto. Ideale per salvaguardare le vostre apparecchiature.","robots":{"index":"index","follow":"follow","max-snippet":"max-snippet:-1","max-image-preview":"max-image-preview:large","max-video-preview":"max-video-preview:-1"},"canonical":"https:\/\/sxflightcase.com\/it\/produk\/sudut-kotak-penerbangan-coa108\/","og_locale":"it_IT","og_type":"article","og_title":"Flight Case Corner COA108","og_description":"Flight case corner, factory direct! High-quality, durable protection for case edges, ensuring long-lasting reliability during transport. Ideal for safeguarding your equipment.","og_url":"https:\/\/sxflightcase.com\/it\/produk\/sudut-kotak-penerbangan-coa108\/","og_site_name":"https:\/\/sxflightcase.com","article_publisher":"https:\/\/www.facebook.com\/profile.php?id=61560407257971","article_modified_time":"2024-08-15T06:55:00+00:00","og_image":[{"width":520,"height":520,"url":"https:\/\/sxflightcase.com\/wp-content\/uploads\/2024\/08\/COA109.jpg","type":"image\/jpeg"}],"twitter_card":"summary_large_image","twitter_misc":{"Tempo di lettura stimato":"3 minuti"},"schema":{"@context":"https:\/\/schema.org","@graph":[{"@type":"WebPage","@id":"https:\/\/sxflightcase.com\/id\/produk\/sudut-kotak-penerbangan-coa108\/","url":"https:\/\/sxflightcase.com\/id\/produk\/sudut-kotak-penerbangan-coa108\/","name":"Flight Case Corner COA108 - https:\/\/sxflightcase.com \ud83d\udc97","isPartOf":{"@id":"https:\/\/sxflightcase.com\/th\/#website"},"primaryImageOfPage":{"@id":"https:\/\/sxflightcase.com\/id\/produk\/sudut-kotak-penerbangan-coa108\/#primaryimage"},"image":{"@id":"https:\/\/sxflightcase.com\/id\/produk\/sudut-kotak-penerbangan-coa108\/#primaryimage"},"thumbnailUrl":"https:\/\/sxflightcase.com\/wp-content\/uploads\/2024\/08\/COA109.jpg","datePublished":"2024-08-15T06:54:59+00:00","dateModified":"2024-08-15T06:55:00+00:00","description":"Angolo della valigia, direttamente dalla fabbrica! Protezione di alta qualit\u00e0 e durevole per i bordi della valigia, che garantisce un'affidabilit\u00e0 duratura durante il trasporto. Ideale per salvaguardare le vostre apparecchiature.","breadcrumb":{"@id":"https:\/\/sxflightcase.com\/id\/produk\/sudut-kotak-penerbangan-coa108\/#breadcrumb"},"inLanguage":"it-IT","potentialAction":[{"@type":"ReadAction","target":["https:\/\/sxflightcase.com\/id\/produk\/sudut-kotak-penerbangan-coa108\/"]}]},{"@type":"ImageObject","inLanguage":"it-IT","@id":"https:\/\/sxflightcase.com\/id\/produk\/sudut-kotak-penerbangan-coa108\/#primaryimage","url":"https:\/\/sxflightcase.com\/wp-content\/uploads\/2024\/08\/COA109.jpg","contentUrl":"https:\/\/sxflightcase.com\/wp-content\/uploads\/2024\/08\/COA109.jpg","width":520,"height":520,"caption":"Flight Case Corner"},{"@type":"BreadcrumbList","@id":"https:\/\/sxflightcase.com\/id\/produk\/sudut-kotak-penerbangan-coa108\/#breadcrumb","itemListElement":[{"@type":"ListItem","position":1,"name":"Home","item":"https:\/\/sxflightcase.com\/"},{"@type":"ListItem","position":2,"name":"\u0e2a\u0e34\u0e19\u0e04\u0e49\u0e32","item":"https:\/\/sxflightcase.com\/th\/shop\/"},{"@type":"ListItem","position":3,"name":"Flight Case Corner COA108"}]},{"@type":"WebSite","@id":"https:\/\/sxflightcase.com\/th\/#website","url":"https:\/\/sxflightcase.com\/th\/","name":"sxpowercase.com","description":"Fabbrica di Flight Case","publisher":{"@id":"https:\/\/sxflightcase.com\/th\/#organization"},"potentialAction":[{"@type":"SearchAction","target":{"@type":"EntryPoint","urlTemplate":"https:\/\/sxflightcase.com\/th\/?s={search_term_string}"},"query-input":{"@type":"PropertyValueSpecification","valueRequired":true,"valueName":"search_term_string"}}],"inLanguage":"it-IT"},{"@type":"Organization","@id":"https:\/\/sxflightcase.com\/th\/#organization","name":"sxpowercase.com","url":"https:\/\/sxflightcase.com\/th\/","logo":{"@type":"ImageObject","inLanguage":"it-IT","@id":"https:\/\/sxflightcase.com\/th\/#\/schema\/logo\/image\/","url":"https:\/\/sxflightcase.com\/wp-content\/uploads\/2024\/04\/1713919036007.jpg","contentUrl":"https:\/\/sxflightcase.com\/wp-content\/uploads\/2024\/04\/1713919036007.jpg","width":382,"height":388,"caption":"sxpowercase.com"},"image":{"@id":"https:\/\/sxflightcase.com\/th\/#\/schema\/logo\/image\/"},"sameAs":["https:\/\/www.facebook.com\/profile.php?id=61560407257971"],"numberOfEmployees":{"@type":"QuantitativeValue","minValue":"11","maxValue":"50"}}]}},"_links":{"self":[{"href":"https:\/\/sxflightcase.com\/it\/wp-json\/wp\/v2\/product\/4120","targetHints":{"allow":["GET"]}}],"collection":[{"href":"https:\/\/sxflightcase.com\/it\/wp-json\/wp\/v2\/product"}],"about":[{"href":"https:\/\/sxflightcase.com\/it\/wp-json\/wp\/v2\/types\/product"}],"replies":[{"embeddable":true,"href":"https:\/\/sxflightcase.com\/it\/wp-json\/wp\/v2\/comments?post=4120"}],"version-history":[{"count":0,"href":"https:\/\/sxflightcase.com\/it\/wp-json\/wp\/v2\/product\/4120\/revisions"}],"wp:featuredmedia":[{"embeddable":true,"href":"https:\/\/sxflightcase.com\/it\/wp-json\/wp\/v2\/media\/4081"}],"wp:attachment":[{"href":"https:\/\/sxflightcase.com\/it\/wp-json\/wp\/v2\/media?parent=4120"}],"wp:term":[{"taxonomy":"product_brand","embeddable":true,"href":"https:\/\/sxflightcase.com\/it\/wp-json\/wp\/v2\/product_brand?post=4120"},{"taxonomy":"product_cat","embeddable":true,"href":"https:\/\/sxflightcase.com\/it\/wp-json\/wp\/v2\/product_cat?post=4120"},{"taxonomy":"product_tag","embeddable":true,"href":"https:\/\/sxflightcase.com\/it\/wp-json\/wp\/v2\/product_tag?post=4120"}],"curies":[{"name":"wp","href":"https:\/\/api.w.org\/{rel}","templated":true}]}}