{"id":4122,"date":"2024-08-15T08:02:54","date_gmt":"2024-08-15T07:02:54","guid":{"rendered":"https:\/\/sxpowercase.com\/?post_type=product&#038;p=4122"},"modified":"2024-08-15T08:02:55","modified_gmt":"2024-08-15T07:02:55","slug":"flight-case-corner-coa110","status":"publish","type":"product","link":"https:\/\/sxflightcase.com\/it\/prodotto\/flight-case-angolare-coa110-2\/","title":{"rendered":"Angolo Flight Case COA110"},"content":{"rendered":"<h3>Maggiore protezione con l'angolo del Flight Case SX<\/h3>\n<h4>Protezione affidabile per le vostre apparecchiature<\/h4>\n<p>Quando si trasportano apparecchiature sensibili, una protezione affidabile \u00e8 essenziale. I prodotti SX <strong>Angolo del Flight Case<\/strong>\u00a0sono progettati specificamente per proteggere l'attrezzatura da urti e usura durante il trasporto. Costruiti per garantire resistenza e durata, questi angoli forniscono la difesa robusta di cui le vostre valigie hanno bisogno, assicurando al contempo un'affidabilit\u00e0 a lungo termine. Con prezzi di fabbrica, <a href=\"https:\/\/sxpowercase.com\/\" target=\"_blank\" rel=\"noopener\" title=\"Sx\" data-wpil-monitor-id=\"666\">Sx<\/a> offre soluzioni di alta qualit\u00e0 a prezzi accessibili.<\/p>\n<h4>Durevole e costruito per durare nel tempo<\/h4>\n<p>Sx <strong>Angoli del Flight Case<\/strong> sono realizzati con materiali robusti e di alta qualit\u00e0 che resistono agli urti e alle condizioni pi\u00f9 difficili. Sia che siate spesso in viaggio, sia che abbiate bisogno di un deposito affidabile, questi angolari offrono una maggiore protezione dove \u00e8 pi\u00f9 necessario. L'impegno di SX per la qualit\u00e0 garantisce che ogni angolo soddisfi i rigorosi standard del settore, pur mantenendo un prezzo conveniente.<\/p>\n<h4>Versatile e facile da installare<\/h4>\n<p>Progettato per un'installazione facile e veloce, SX <strong>Angoli del Flight Case<\/strong> si adattano perfettamente a vari tipi di valigie. Sia che stiate assemblando nuove valigie o aggiornando quelle vecchie, questi angoli migliorano sia la durata che l'aspetto dei vostri flight case. Con SX, il processo di installazione \u00e8 semplice e garantisce un montaggio sicuro.<\/p>\n<h4>Opzioni personalizzabili per esigenze uniche<\/h4>\n<p>Ogni progetto \u00e8 diverso e SX lo riconosce. Ecco perch\u00e9 i nostri <strong>Angoli del Flight Case<\/strong> sono disponibili in una variet\u00e0 di opzioni personalizzabili, che consentono di scegliere le dimensioni, la forma e la finitura perfette per soddisfare le vostre esigenze specifiche. SX combina la qualit\u00e0 artigianale con la flessibilit\u00e0 delle scelte progettuali, per garantirvi il prodotto ideale senza spendere troppo.<\/p>\n<h4>Qualit\u00e0 conveniente di cui ci si pu\u00f2 fidare<\/h4>\n<p>Con il nostro modello \"factory-direct\", SX offre un servizio di qualit\u00e0 superiore. <strong>Angoli del Flight Case<\/strong> a prezzi competitivi. Sottolineiamo l'economicit\u00e0 senza compromettere la qualit\u00e0, offrendovi il miglior valore per il vostro denaro. Che si tratti di una piccola impresa o di progetti su larga scala, SX offre soluzioni affidabili che si adattano al vostro budget.<\/p>\n<h4>Affidati da professionisti di tutto il mondo<\/h4>\n<p>Sx <strong>Angoli del Flight Case<\/strong> sono affidati a professionisti di diversi settori per la loro resistenza ed efficacia. Dai musicisti ai tecnici AV, i nostri angolari sono la scelta obbligata per chi d\u00e0 priorit\u00e0 alla sicurezza delle apparecchiature. Quando scegliete SX, scegliete un marchio noto per le prestazioni superiori e la soddisfazione dei clienti.<\/p>\n<h4>Contattateci per maggiori informazioni<\/h4>\n<p>Pronti ad aggiornare le vostre custodie con SX di alta qualit\u00e0 <strong>Angoli del Flight Case<\/strong>? Contattateci oggi stesso per esplorare le vostre opzioni e trovare la soluzione perfetta per le vostre esigenze. SX si impegna a fornire qualit\u00e0, convenienza e design innovativi che offrono una protezione imbattibile per le vostre apparecchiature.<\/p>\n<p>Contatta ora:<span style=\"color: #0000ff;\"><a style=\"color: #0000ff;\" href=\"https:\/\/sxpowercase.com\/contact-us\/\">https:\/\/sxpowercase.com\/<\/a><\/span><\/p>\n<p>Catalogo prodotti hardware:<span style=\"color: #3366ff;\"><a style=\"color: #3366ff;\" href=\"https:\/\/sxpowercase.com\/wp-content\/uploads\/2024\/07\/\u4e94\u91d1.pdf\">Catalogo accessori hardware<\/a><\/span><\/p>","protected":false},"excerpt":{"rendered":"<h3>Angoli del Flight Case SX: Protezione definitiva dell'attrezzatura<\/h3>\n<p>Proteggete le vostre preziose apparecchiature con gli angoli delle valigie SX Flight Case, progettati per le condizioni pi\u00f9 difficili e per mantenere la vostra attrezzatura al sicuro durante il trasporto. Qualit\u00e0 di fabbrica a prezzi accessibili.<\/p>\n<h3>Durevole e facile da installare<\/h3>\n<p>Gli angoli delle custodie SX Flight Case sono costruiti con materiali di alta qualit\u00e0 per una durata affidabile. Sono facili da installare e compatibili con un'ampia gamma di custodie, offrendo una perfetta integrazione e una maggiore protezione.<\/p>\n<h3>Soluzioni personalizzate a prezzi competitivi<\/h3>\n<p>SX offre angoli per Flight Case personalizzabili e adatti alle vostre esigenze. Approfittate della qualit\u00e0 superiore e della maestria artigianale senza spendere troppo, fidandovi dei professionisti di tutto il mondo.<\/p>","protected":false},"featured_media":4082,"comment_status":"open","ping_status":"closed","template":"","meta":[],"product_brand":[],"product_cat":[63],"product_tag":[],"class_list":{"0":"post-4122","1":"product","2":"type-product","3":"status-publish","4":"has-post-thumbnail","6":"product_cat-corners","8":"first","9":"instock","10":"shipping-taxable","11":"product-type-simple"},"yoast_head":"<!-- This site is optimized with the Yoast SEO Premium plugin v27.1 (Yoast SEO v27.2) - https:\/\/yoast.com\/product\/yoast-seo-premium-wordpress\/ -->\n<title>Flight Case Corner COA110 - https:\/\/sxflightcase.com \ud83d\udc97<\/title>\n<meta name=\"description\" content=\"Flight case corner, factory direct! High-quality, durable protection for case edges, ensuring long-lasting reliability during transport. Ideal for safeguarding your equipment.\" \/>\n<meta name=\"robots\" content=\"index, follow, max-snippet:-1, max-image-preview:large, max-video-preview:-1\" \/>\n<link rel=\"canonical\" href=\"https:\/\/sxflightcase.com\/it\/\u4ea7\u54c1\/\u98de\u884c\u7bb1\u8f6c\u89d2-coa110\/\" \/>\n<meta property=\"og:locale\" content=\"it_IT\" \/>\n<meta property=\"og:type\" content=\"article\" \/>\n<meta property=\"og:title\" content=\"Flight Case Corner COA110\" \/>\n<meta property=\"og:description\" content=\"Flight case corner, factory direct! High-quality, durable protection for case edges, ensuring long-lasting reliability during transport. Ideal for safeguarding your equipment.\" \/>\n<meta property=\"og:url\" content=\"https:\/\/sxflightcase.com\/it\/\u4ea7\u54c1\/\u98de\u884c\u7bb1\u8f6c\u89d2-coa110\/\" \/>\n<meta property=\"og:site_name\" content=\"https:\/\/sxflightcase.com\" \/>\n<meta property=\"article:publisher\" content=\"https:\/\/www.facebook.com\/profile.php?id=61560407257971\" \/>\n<meta property=\"article:modified_time\" content=\"2024-08-15T07:02:55+00:00\" \/>\n<meta property=\"og:image\" content=\"https:\/\/sxflightcase.com\/wp-content\/uploads\/2024\/08\/COA110.jpg\" \/>\n\t<meta property=\"og:image:width\" content=\"520\" \/>\n\t<meta property=\"og:image:height\" content=\"511\" \/>\n\t<meta property=\"og:image:type\" content=\"image\/jpeg\" \/>\n<meta name=\"twitter:card\" content=\"summary_large_image\" \/>\n<meta name=\"twitter:label1\" content=\"Tempo di lettura stimato\" \/>\n\t<meta name=\"twitter:data1\" content=\"3 minuti\" \/>\n<script type=\"application\/ld+json\" class=\"yoast-schema-graph\">{\"@context\":\"https:\/\/schema.org\",\"@graph\":[{\"@type\":\"WebPage\",\"@id\":\"https:\/\/sxflightcase.com\/zh\/\u4ea7\u54c1\/\u98de\u884c\u7bb1\u8f6c\u89d2-coa110\/\",\"url\":\"https:\/\/sxflightcase.com\/zh\/\u4ea7\u54c1\/\u98de\u884c\u7bb1\u8f6c\u89d2-coa110\/\",\"name\":\"Flight Case Corner COA110 - https:\/\/sxflightcase.com \ud83d\udc97\",\"isPartOf\":{\"@id\":\"https:\/\/sxflightcase.com\/th\/#website\"},\"primaryImageOfPage\":{\"@id\":\"https:\/\/sxflightcase.com\/zh\/\u4ea7\u54c1\/\u98de\u884c\u7bb1\u8f6c\u89d2-coa110\/#primaryimage\"},\"image\":{\"@id\":\"https:\/\/sxflightcase.com\/zh\/\u4ea7\u54c1\/\u98de\u884c\u7bb1\u8f6c\u89d2-coa110\/#primaryimage\"},\"thumbnailUrl\":\"https:\/\/sxflightcase.com\/wp-content\/uploads\/2024\/08\/COA110.jpg\",\"datePublished\":\"2024-08-15T07:02:54+00:00\",\"dateModified\":\"2024-08-15T07:02:55+00:00\",\"description\":\"Flight case corner, factory direct! High-quality, durable protection for case edges, ensuring long-lasting reliability during transport. Ideal for safeguarding your equipment.\",\"breadcrumb\":{\"@id\":\"https:\/\/sxflightcase.com\/zh\/\u4ea7\u54c1\/\u98de\u884c\u7bb1\u8f6c\u89d2-coa110\/#breadcrumb\"},\"inLanguage\":\"it-IT\",\"potentialAction\":[{\"@type\":\"ReadAction\",\"target\":[\"https:\/\/sxflightcase.com\/zh\/\u4ea7\u54c1\/\u98de\u884c\u7bb1\u8f6c\u89d2-coa110\/\"]}]},{\"@type\":\"ImageObject\",\"inLanguage\":\"it-IT\",\"@id\":\"https:\/\/sxflightcase.com\/zh\/\u4ea7\u54c1\/\u98de\u884c\u7bb1\u8f6c\u89d2-coa110\/#primaryimage\",\"url\":\"https:\/\/sxflightcase.com\/wp-content\/uploads\/2024\/08\/COA110.jpg\",\"contentUrl\":\"https:\/\/sxflightcase.com\/wp-content\/uploads\/2024\/08\/COA110.jpg\",\"width\":520,\"height\":511,\"caption\":\"Flight Case Corner\"},{\"@type\":\"BreadcrumbList\",\"@id\":\"https:\/\/sxflightcase.com\/zh\/\u4ea7\u54c1\/\u98de\u884c\u7bb1\u8f6c\u89d2-coa110\/#breadcrumb\",\"itemListElement\":[{\"@type\":\"ListItem\",\"position\":1,\"name\":\"Home\",\"item\":\"https:\/\/sxflightcase.com\/\"},{\"@type\":\"ListItem\",\"position\":2,\"name\":\"\u0e2a\u0e34\u0e19\u0e04\u0e49\u0e32\",\"item\":\"https:\/\/sxflightcase.com\/th\/shop\/\"},{\"@type\":\"ListItem\",\"position\":3,\"name\":\"Flight Case Corner COA110\"}]},{\"@type\":\"WebSite\",\"@id\":\"https:\/\/sxflightcase.com\/th\/#website\",\"url\":\"https:\/\/sxflightcase.com\/th\/\",\"name\":\"sxpowercase.com\",\"description\":\"Flight Case Factory\",\"publisher\":{\"@id\":\"https:\/\/sxflightcase.com\/th\/#organization\"},\"potentialAction\":[{\"@type\":\"SearchAction\",\"target\":{\"@type\":\"EntryPoint\",\"urlTemplate\":\"https:\/\/sxflightcase.com\/th\/?s={search_term_string}\"},\"query-input\":{\"@type\":\"PropertyValueSpecification\",\"valueRequired\":true,\"valueName\":\"search_term_string\"}}],\"inLanguage\":\"it-IT\"},{\"@type\":\"Organization\",\"@id\":\"https:\/\/sxflightcase.com\/th\/#organization\",\"name\":\"sxpowercase.com\",\"url\":\"https:\/\/sxflightcase.com\/th\/\",\"logo\":{\"@type\":\"ImageObject\",\"inLanguage\":\"it-IT\",\"@id\":\"https:\/\/sxflightcase.com\/th\/#\/schema\/logo\/image\/\",\"url\":\"https:\/\/sxflightcase.com\/wp-content\/uploads\/2024\/04\/1713919036007.jpg\",\"contentUrl\":\"https:\/\/sxflightcase.com\/wp-content\/uploads\/2024\/04\/1713919036007.jpg\",\"width\":382,\"height\":388,\"caption\":\"sxpowercase.com\"},\"image\":{\"@id\":\"https:\/\/sxflightcase.com\/th\/#\/schema\/logo\/image\/\"},\"sameAs\":[\"https:\/\/www.facebook.com\/profile.php?id=61560407257971\"],\"numberOfEmployees\":{\"@type\":\"QuantitativeValue\",\"minValue\":\"11\",\"maxValue\":\"50\"}}]}<\/script>\n<!-- \/ Yoast SEO Premium plugin. -->","yoast_head_json":{"title":"Flight Case Corner COA110 - https:\/\/sxflightcase.com \ud83d\udc97","description":"Angolo della valigia, direttamente dalla fabbrica! Protezione di alta qualit\u00e0 e durevole per i bordi della valigia, che garantisce un'affidabilit\u00e0 duratura durante il trasporto. Ideale per salvaguardare le vostre apparecchiature.","robots":{"index":"index","follow":"follow","max-snippet":"max-snippet:-1","max-image-preview":"max-image-preview:large","max-video-preview":"max-video-preview:-1"},"canonical":"https:\/\/sxflightcase.com\/it\/\u4ea7\u54c1\/\u98de\u884c\u7bb1\u8f6c\u89d2-coa110\/","og_locale":"it_IT","og_type":"article","og_title":"Flight Case Corner COA110","og_description":"Flight case corner, factory direct! High-quality, durable protection for case edges, ensuring long-lasting reliability during transport. Ideal for safeguarding your equipment.","og_url":"https:\/\/sxflightcase.com\/it\/\u4ea7\u54c1\/\u98de\u884c\u7bb1\u8f6c\u89d2-coa110\/","og_site_name":"https:\/\/sxflightcase.com","article_publisher":"https:\/\/www.facebook.com\/profile.php?id=61560407257971","article_modified_time":"2024-08-15T07:02:55+00:00","og_image":[{"width":520,"height":511,"url":"https:\/\/sxflightcase.com\/wp-content\/uploads\/2024\/08\/COA110.jpg","type":"image\/jpeg"}],"twitter_card":"summary_large_image","twitter_misc":{"Tempo di lettura stimato":"3 minuti"},"schema":{"@context":"https:\/\/schema.org","@graph":[{"@type":"WebPage","@id":"https:\/\/sxflightcase.com\/zh\/\u4ea7\u54c1\/\u98de\u884c\u7bb1\u8f6c\u89d2-coa110\/","url":"https:\/\/sxflightcase.com\/zh\/\u4ea7\u54c1\/\u98de\u884c\u7bb1\u8f6c\u89d2-coa110\/","name":"Flight Case Corner COA110 - https:\/\/sxflightcase.com \ud83d\udc97","isPartOf":{"@id":"https:\/\/sxflightcase.com\/th\/#website"},"primaryImageOfPage":{"@id":"https:\/\/sxflightcase.com\/zh\/\u4ea7\u54c1\/\u98de\u884c\u7bb1\u8f6c\u89d2-coa110\/#primaryimage"},"image":{"@id":"https:\/\/sxflightcase.com\/zh\/\u4ea7\u54c1\/\u98de\u884c\u7bb1\u8f6c\u89d2-coa110\/#primaryimage"},"thumbnailUrl":"https:\/\/sxflightcase.com\/wp-content\/uploads\/2024\/08\/COA110.jpg","datePublished":"2024-08-15T07:02:54+00:00","dateModified":"2024-08-15T07:02:55+00:00","description":"Angolo della valigia, direttamente dalla fabbrica! Protezione di alta qualit\u00e0 e durevole per i bordi della valigia, che garantisce un'affidabilit\u00e0 duratura durante il trasporto. Ideale per salvaguardare le vostre apparecchiature.","breadcrumb":{"@id":"https:\/\/sxflightcase.com\/zh\/\u4ea7\u54c1\/\u98de\u884c\u7bb1\u8f6c\u89d2-coa110\/#breadcrumb"},"inLanguage":"it-IT","potentialAction":[{"@type":"ReadAction","target":["https:\/\/sxflightcase.com\/zh\/\u4ea7\u54c1\/\u98de\u884c\u7bb1\u8f6c\u89d2-coa110\/"]}]},{"@type":"ImageObject","inLanguage":"it-IT","@id":"https:\/\/sxflightcase.com\/zh\/\u4ea7\u54c1\/\u98de\u884c\u7bb1\u8f6c\u89d2-coa110\/#primaryimage","url":"https:\/\/sxflightcase.com\/wp-content\/uploads\/2024\/08\/COA110.jpg","contentUrl":"https:\/\/sxflightcase.com\/wp-content\/uploads\/2024\/08\/COA110.jpg","width":520,"height":511,"caption":"Flight Case Corner"},{"@type":"BreadcrumbList","@id":"https:\/\/sxflightcase.com\/zh\/\u4ea7\u54c1\/\u98de\u884c\u7bb1\u8f6c\u89d2-coa110\/#breadcrumb","itemListElement":[{"@type":"ListItem","position":1,"name":"Home","item":"https:\/\/sxflightcase.com\/"},{"@type":"ListItem","position":2,"name":"\u0e2a\u0e34\u0e19\u0e04\u0e49\u0e32","item":"https:\/\/sxflightcase.com\/th\/shop\/"},{"@type":"ListItem","position":3,"name":"Flight Case Corner COA110"}]},{"@type":"WebSite","@id":"https:\/\/sxflightcase.com\/th\/#website","url":"https:\/\/sxflightcase.com\/th\/","name":"sxpowercase.com","description":"Fabbrica di Flight Case","publisher":{"@id":"https:\/\/sxflightcase.com\/th\/#organization"},"potentialAction":[{"@type":"SearchAction","target":{"@type":"EntryPoint","urlTemplate":"https:\/\/sxflightcase.com\/th\/?s={search_term_string}"},"query-input":{"@type":"PropertyValueSpecification","valueRequired":true,"valueName":"search_term_string"}}],"inLanguage":"it-IT"},{"@type":"Organization","@id":"https:\/\/sxflightcase.com\/th\/#organization","name":"sxpowercase.com","url":"https:\/\/sxflightcase.com\/th\/","logo":{"@type":"ImageObject","inLanguage":"it-IT","@id":"https:\/\/sxflightcase.com\/th\/#\/schema\/logo\/image\/","url":"https:\/\/sxflightcase.com\/wp-content\/uploads\/2024\/04\/1713919036007.jpg","contentUrl":"https:\/\/sxflightcase.com\/wp-content\/uploads\/2024\/04\/1713919036007.jpg","width":382,"height":388,"caption":"sxpowercase.com"},"image":{"@id":"https:\/\/sxflightcase.com\/th\/#\/schema\/logo\/image\/"},"sameAs":["https:\/\/www.facebook.com\/profile.php?id=61560407257971"],"numberOfEmployees":{"@type":"QuantitativeValue","minValue":"11","maxValue":"50"}}]}},"_links":{"self":[{"href":"https:\/\/sxflightcase.com\/it\/wp-json\/wp\/v2\/product\/4122","targetHints":{"allow":["GET"]}}],"collection":[{"href":"https:\/\/sxflightcase.com\/it\/wp-json\/wp\/v2\/product"}],"about":[{"href":"https:\/\/sxflightcase.com\/it\/wp-json\/wp\/v2\/types\/product"}],"replies":[{"embeddable":true,"href":"https:\/\/sxflightcase.com\/it\/wp-json\/wp\/v2\/comments?post=4122"}],"version-history":[{"count":0,"href":"https:\/\/sxflightcase.com\/it\/wp-json\/wp\/v2\/product\/4122\/revisions"}],"wp:featuredmedia":[{"embeddable":true,"href":"https:\/\/sxflightcase.com\/it\/wp-json\/wp\/v2\/media\/4082"}],"wp:attachment":[{"href":"https:\/\/sxflightcase.com\/it\/wp-json\/wp\/v2\/media?parent=4122"}],"wp:term":[{"taxonomy":"product_brand","embeddable":true,"href":"https:\/\/sxflightcase.com\/it\/wp-json\/wp\/v2\/product_brand?post=4122"},{"taxonomy":"product_cat","embeddable":true,"href":"https:\/\/sxflightcase.com\/it\/wp-json\/wp\/v2\/product_cat?post=4122"},{"taxonomy":"product_tag","embeddable":true,"href":"https:\/\/sxflightcase.com\/it\/wp-json\/wp\/v2\/product_tag?post=4122"}],"curies":[{"name":"wp","href":"https:\/\/api.w.org\/{rel}","templated":true}]}}