{"id":4133,"date":"2024-08-16T08:34:13","date_gmt":"2024-08-16T07:34:13","guid":{"rendered":"https:\/\/sxpowercase.com\/?post_type=product&#038;p=4133"},"modified":"2024-08-16T08:34:14","modified_gmt":"2024-08-16T07:34:14","slug":"flight-case-corner-protectors-coa203","status":"publish","type":"product","link":"https:\/\/sxflightcase.com\/it\/prodotto\/protezioni-angolari-per-flight-case-coa203-2\/","title":{"rendered":"Protezioni angolari per flight case COA203"},"content":{"rendered":"<h3>Protezioni angolari durevoli per Flight Case di SX<\/h3>\n<h4>Migliorare la sicurezza delle apparecchiature con una protezione affidabile<\/h4>\n<p>Quando si tratta di proteggere le vostre preziose apparecchiature, la qualit\u00e0 \u00e8 importante. SX <strong>Protezioni angolari per Flight Case<\/strong> sono progettati per fornire alle vostre custodie la protezione durevole di cui hanno bisogno durante il trasporto e lo stoccaggio. Queste protezioni angolari sono costruite con materiali di alta qualit\u00e0, per garantire che la vostra attrezzatura sia al sicuro da urti, cadute e condizioni difficili. Grazie ai prezzi di fabbrica di SX, \u00e8 possibile investire in una protezione premium a un prezzo sorprendentemente basso.<\/p>\n<h4>Costruito per prestazioni pesanti<\/h4>\n<p><a href=\"https:\/\/sxpowercase.com\/\" target=\"_blank\" rel=\"noopener\" title=\"Sx\" data-wpil-monitor-id=\"669\">Sx<\/a> <strong>Protezioni angolari per Flight Case<\/strong> sono progettati per affrontare ambienti difficili e sono quindi ideali per i professionisti in movimento. Dai musicisti itineranti ai tecnici audiovisivi, le nostre protezioni offrono una protezione costante e affidabile. Prodotte secondo standard rigorosi, queste protezioni offrono una qualit\u00e0 di cui ci si pu\u00f2 fidare, senza gonfiare i costi.<\/p>\n<h4>Facile installazione per un uso versatile<\/h4>\n<p>Nostro <strong>Protezioni angolari per Flight Case<\/strong> sono progettati per un'installazione senza problemi e si adattano perfettamente a diversi tipi di valigie. Sia che si tratti di aggiornare i flight case attuali o di assemblarne di nuovi, le protezioni SX offrono l'adattamento perfetto. Grazie alla precisione del design e all'elevata durata, possono migliorare sia la funzionalit\u00e0 che l'aspetto delle vostre valigie.<\/p>\n<h4>Soluzioni convenienti e personalizzabili<\/h4>\n<p>Noi di SX siamo consapevoli che casi diversi hanno esigenze diverse. Ecco perch\u00e9 offriamo una gamma di soluzioni personalizzabili. <strong>Protezioni angolari per Flight Case<\/strong> per soddisfare le vostre esigenze specifiche. Grazie alle opzioni di dimensione, forma e finitura, \u00e8 possibile personalizzare i paraspigoli per adattarli perfettamente alla propria attrezzatura. Il nostro approccio diretto alla fabbrica garantisce che queste soluzioni siano disponibili a prezzi adatti al vostro budget.<\/p>\n<h4>Qualit\u00e0 affidabile, garantita<\/h4>\n<p>Quando si sceglie SX <strong>Protezioni angolari per Flight Case<\/strong>investite in una qualit\u00e0 destinata a durare nel tempo. Combiniamo tecniche di produzione avanzate con rigorosi controlli di qualit\u00e0 per garantire che i nostri prodotti soddisfino gli standard pi\u00f9 elevati. Potrete contare sulla tranquillit\u00e0 di sapere che le vostre custodie rimarranno protette e, grazie ai nostri prezzi competitivi, non dovrete spendere troppo.<\/p>\n<h4>La scelta del professionista<\/h4>\n<p>I professionisti di tutti i settori si affidano a SX per una protezione affidabile e conveniente. Il nostro <strong>Protezione degli angoli del Flight Case<\/strong>\u00a0sono utilizzati da equipaggi di eventi, team logistici e professionisti della produzione in tutto il mondo. Con SX, scegliete un marchio noto per la qualit\u00e0, la durata e il valore imbattibile.<\/p>\n<h4>Connettetevi con SX per le migliori offerte<\/h4>\n<p>Alla ricerca di prodotti durevoli e convenienti <strong>Protezione degli angoli del Flight Case<\/strong>? Contattate SX oggi stesso per esplorare la nostra gamma di prodotti. In qualit\u00e0 di nome di fiducia nel settore dei flight case, SX \u00e8 la vostra fonte di riferimento per le soluzioni che mantengono le vostre apparecchiature al sicuro, pur rimanendo nel budget.<\/p>\n<p>Contatta ora:<span style=\"color: #0000ff;\"><a style=\"color: #0000ff;\" href=\"https:\/\/sxpowercase.com\/contact-us\/\">https:\/\/sxpowercase.com\/<\/a><\/span><\/p>\n<p>Catalogo prodotti hardware:<span style=\"color: #3366ff;\"><a style=\"color: #3366ff;\" href=\"https:\/\/sxpowercase.com\/wp-content\/uploads\/2024\/07\/\u4e94\u91d1.pdf\">Catalogo accessori hardware<\/a><\/span><\/p>","protected":false},"excerpt":{"rendered":"<h3>Protezioni angolari per valigie SX Flight Case: Protezione premium per l'attrezzatura<\/h3>\n<p>Proteggete le vostre apparecchiature con le resistenti protezioni angolari per Flight Case di SX. Realizzati con materiali di alta qualit\u00e0, offrono resistenza agli urti e protezione affidabile durante il trasporto a prezzi di fabbrica.<\/p>\n<h3>Resistente e facile da installare<\/h3>\n<p>Le protezioni angolari SX sono costruite per ambienti difficili e offrono un'installazione rapida per tutti i tipi di case. Offrono prestazioni robuste e una finitura elegante per le vostre casse.<\/p>\n<h3>Soluzioni personalizzabili e convenienti<\/h3>\n<p>Le protezioni angolari per Flight Case SX possono essere adattate alle vostre esigenze grazie alle opzioni personalizzabili per dimensioni e finiture. Godete di una protezione di alto livello senza spendere una fortuna, fidata dai professionisti di tutto il mondo.<\/p>","protected":false},"featured_media":4085,"comment_status":"open","ping_status":"closed","template":"","meta":[],"product_brand":[],"product_cat":[63],"product_tag":[],"class_list":{"0":"post-4133","1":"product","2":"type-product","3":"status-publish","4":"has-post-thumbnail","6":"product_cat-corners","8":"first","9":"instock","10":"shipping-taxable","11":"product-type-simple"},"yoast_head":"<!-- This site is optimized with the Yoast SEO Premium plugin v27.1 (Yoast SEO v27.2) - https:\/\/yoast.com\/product\/yoast-seo-premium-wordpress\/ -->\n<title>Flight Case Corner Protectors COA203 - https:\/\/sxflightcase.com \ud83d\udc97<\/title>\n<meta name=\"description\" content=\"Flight case corner protectors, factory direct! Durable and high-quality edge protection for flight cases, ensuring reliable equipment safety during transport. Ideal for long-lasting use.\" \/>\n<meta name=\"robots\" content=\"index, follow, max-snippet:-1, max-image-preview:large, max-video-preview:-1\" \/>\n<link rel=\"canonical\" href=\"https:\/\/sxflightcase.com\/it\/\uc81c\ud488\/\ud50c\ub77c\uc774\ud2b8-\ucf00\uc774\uc2a4-\ucf54\ub108-\ud504\ub85c\ud14d\ud130-coa203-2\/\" \/>\n<meta property=\"og:locale\" content=\"it_IT\" \/>\n<meta property=\"og:type\" content=\"article\" \/>\n<meta property=\"og:title\" content=\"Flight Case Corner Protectors COA203\" \/>\n<meta property=\"og:description\" content=\"Flight case corner protectors, factory direct! Durable and high-quality edge protection for flight cases, ensuring reliable equipment safety during transport. Ideal for long-lasting use.\" \/>\n<meta property=\"og:url\" content=\"https:\/\/sxflightcase.com\/it\/\uc81c\ud488\/\ud50c\ub77c\uc774\ud2b8-\ucf00\uc774\uc2a4-\ucf54\ub108-\ud504\ub85c\ud14d\ud130-coa203-2\/\" \/>\n<meta property=\"og:site_name\" content=\"https:\/\/sxflightcase.com\" \/>\n<meta property=\"article:publisher\" content=\"https:\/\/www.facebook.com\/profile.php?id=61560407257971\" \/>\n<meta property=\"article:modified_time\" content=\"2024-08-16T07:34:14+00:00\" \/>\n<meta property=\"og:image\" content=\"https:\/\/sxflightcase.com\/wp-content\/uploads\/2024\/08\/COA203.jpg\" \/>\n\t<meta property=\"og:image:width\" content=\"489\" \/>\n\t<meta property=\"og:image:height\" content=\"480\" \/>\n\t<meta property=\"og:image:type\" content=\"image\/jpeg\" \/>\n<meta name=\"twitter:card\" content=\"summary_large_image\" \/>\n<meta name=\"twitter:label1\" content=\"Tempo di lettura stimato\" \/>\n\t<meta name=\"twitter:data1\" content=\"3 minuti\" \/>\n<script type=\"application\/ld+json\" class=\"yoast-schema-graph\">{\"@context\":\"https:\/\/schema.org\",\"@graph\":[{\"@type\":\"WebPage\",\"@id\":\"https:\/\/sxflightcase.com\/ko\/\uc81c\ud488\/\ud50c\ub77c\uc774\ud2b8-\ucf00\uc774\uc2a4-\ucf54\ub108-\ud504\ub85c\ud14d\ud130-coa203-2\/\",\"url\":\"https:\/\/sxflightcase.com\/ko\/\uc81c\ud488\/\ud50c\ub77c\uc774\ud2b8-\ucf00\uc774\uc2a4-\ucf54\ub108-\ud504\ub85c\ud14d\ud130-coa203-2\/\",\"name\":\"Flight Case Corner Protectors COA203 - https:\/\/sxflightcase.com \ud83d\udc97\",\"isPartOf\":{\"@id\":\"https:\/\/sxflightcase.com\/th\/#website\"},\"primaryImageOfPage\":{\"@id\":\"https:\/\/sxflightcase.com\/ko\/\uc81c\ud488\/\ud50c\ub77c\uc774\ud2b8-\ucf00\uc774\uc2a4-\ucf54\ub108-\ud504\ub85c\ud14d\ud130-coa203-2\/#primaryimage\"},\"image\":{\"@id\":\"https:\/\/sxflightcase.com\/ko\/\uc81c\ud488\/\ud50c\ub77c\uc774\ud2b8-\ucf00\uc774\uc2a4-\ucf54\ub108-\ud504\ub85c\ud14d\ud130-coa203-2\/#primaryimage\"},\"thumbnailUrl\":\"https:\/\/sxflightcase.com\/wp-content\/uploads\/2024\/08\/COA203.jpg\",\"datePublished\":\"2024-08-16T07:34:13+00:00\",\"dateModified\":\"2024-08-16T07:34:14+00:00\",\"description\":\"Flight case corner protectors, factory direct! Durable and high-quality edge protection for flight cases, ensuring reliable equipment safety during transport. Ideal for long-lasting use.\",\"breadcrumb\":{\"@id\":\"https:\/\/sxflightcase.com\/ko\/\uc81c\ud488\/\ud50c\ub77c\uc774\ud2b8-\ucf00\uc774\uc2a4-\ucf54\ub108-\ud504\ub85c\ud14d\ud130-coa203-2\/#breadcrumb\"},\"inLanguage\":\"it-IT\",\"potentialAction\":[{\"@type\":\"ReadAction\",\"target\":[\"https:\/\/sxflightcase.com\/ko\/\uc81c\ud488\/\ud50c\ub77c\uc774\ud2b8-\ucf00\uc774\uc2a4-\ucf54\ub108-\ud504\ub85c\ud14d\ud130-coa203-2\/\"]}]},{\"@type\":\"ImageObject\",\"inLanguage\":\"it-IT\",\"@id\":\"https:\/\/sxflightcase.com\/ko\/\uc81c\ud488\/\ud50c\ub77c\uc774\ud2b8-\ucf00\uc774\uc2a4-\ucf54\ub108-\ud504\ub85c\ud14d\ud130-coa203-2\/#primaryimage\",\"url\":\"https:\/\/sxflightcase.com\/wp-content\/uploads\/2024\/08\/COA203.jpg\",\"contentUrl\":\"https:\/\/sxflightcase.com\/wp-content\/uploads\/2024\/08\/COA203.jpg\",\"width\":489,\"height\":480,\"caption\":\"Flight Case Corner Protectors\"},{\"@type\":\"BreadcrumbList\",\"@id\":\"https:\/\/sxflightcase.com\/ko\/\uc81c\ud488\/\ud50c\ub77c\uc774\ud2b8-\ucf00\uc774\uc2a4-\ucf54\ub108-\ud504\ub85c\ud14d\ud130-coa203-2\/#breadcrumb\",\"itemListElement\":[{\"@type\":\"ListItem\",\"position\":1,\"name\":\"Home\",\"item\":\"https:\/\/sxflightcase.com\/\"},{\"@type\":\"ListItem\",\"position\":2,\"name\":\"\u0e2a\u0e34\u0e19\u0e04\u0e49\u0e32\",\"item\":\"https:\/\/sxflightcase.com\/th\/shop\/\"},{\"@type\":\"ListItem\",\"position\":3,\"name\":\"Flight Case Corner Protectors COA203\"}]},{\"@type\":\"WebSite\",\"@id\":\"https:\/\/sxflightcase.com\/th\/#website\",\"url\":\"https:\/\/sxflightcase.com\/th\/\",\"name\":\"sxpowercase.com\",\"description\":\"Flight Case Factory\",\"publisher\":{\"@id\":\"https:\/\/sxflightcase.com\/th\/#organization\"},\"potentialAction\":[{\"@type\":\"SearchAction\",\"target\":{\"@type\":\"EntryPoint\",\"urlTemplate\":\"https:\/\/sxflightcase.com\/th\/?s={search_term_string}\"},\"query-input\":{\"@type\":\"PropertyValueSpecification\",\"valueRequired\":true,\"valueName\":\"search_term_string\"}}],\"inLanguage\":\"it-IT\"},{\"@type\":\"Organization\",\"@id\":\"https:\/\/sxflightcase.com\/th\/#organization\",\"name\":\"sxpowercase.com\",\"url\":\"https:\/\/sxflightcase.com\/th\/\",\"logo\":{\"@type\":\"ImageObject\",\"inLanguage\":\"it-IT\",\"@id\":\"https:\/\/sxflightcase.com\/th\/#\/schema\/logo\/image\/\",\"url\":\"https:\/\/sxflightcase.com\/wp-content\/uploads\/2024\/04\/1713919036007.jpg\",\"contentUrl\":\"https:\/\/sxflightcase.com\/wp-content\/uploads\/2024\/04\/1713919036007.jpg\",\"width\":382,\"height\":388,\"caption\":\"sxpowercase.com\"},\"image\":{\"@id\":\"https:\/\/sxflightcase.com\/th\/#\/schema\/logo\/image\/\"},\"sameAs\":[\"https:\/\/www.facebook.com\/profile.php?id=61560407257971\"],\"numberOfEmployees\":{\"@type\":\"QuantitativeValue\",\"minValue\":\"11\",\"maxValue\":\"50\"}}]}<\/script>\n<!-- \/ Yoast SEO Premium plugin. -->","yoast_head_json":{"title":"Flight Case Corner Protectors COA203 - https:\/\/sxflightcase.com \ud83d\udc97","description":"Protezioni angolari per flight case, direttamente dalla fabbrica! Protezione durevole e di alta qualit\u00e0 per gli spigoli dei flight case, per garantire la sicurezza delle apparecchiature durante il trasporto. Ideale per un uso duraturo.","robots":{"index":"index","follow":"follow","max-snippet":"max-snippet:-1","max-image-preview":"max-image-preview:large","max-video-preview":"max-video-preview:-1"},"canonical":"https:\/\/sxflightcase.com\/it\/\uc81c\ud488\/\ud50c\ub77c\uc774\ud2b8-\ucf00\uc774\uc2a4-\ucf54\ub108-\ud504\ub85c\ud14d\ud130-coa203-2\/","og_locale":"it_IT","og_type":"article","og_title":"Flight Case Corner Protectors COA203","og_description":"Flight case corner protectors, factory direct! Durable and high-quality edge protection for flight cases, ensuring reliable equipment safety during transport. Ideal for long-lasting use.","og_url":"https:\/\/sxflightcase.com\/it\/\uc81c\ud488\/\ud50c\ub77c\uc774\ud2b8-\ucf00\uc774\uc2a4-\ucf54\ub108-\ud504\ub85c\ud14d\ud130-coa203-2\/","og_site_name":"https:\/\/sxflightcase.com","article_publisher":"https:\/\/www.facebook.com\/profile.php?id=61560407257971","article_modified_time":"2024-08-16T07:34:14+00:00","og_image":[{"width":489,"height":480,"url":"https:\/\/sxflightcase.com\/wp-content\/uploads\/2024\/08\/COA203.jpg","type":"image\/jpeg"}],"twitter_card":"summary_large_image","twitter_misc":{"Tempo di lettura stimato":"3 minuti"},"schema":{"@context":"https:\/\/schema.org","@graph":[{"@type":"WebPage","@id":"https:\/\/sxflightcase.com\/ko\/\uc81c\ud488\/\ud50c\ub77c\uc774\ud2b8-\ucf00\uc774\uc2a4-\ucf54\ub108-\ud504\ub85c\ud14d\ud130-coa203-2\/","url":"https:\/\/sxflightcase.com\/ko\/\uc81c\ud488\/\ud50c\ub77c\uc774\ud2b8-\ucf00\uc774\uc2a4-\ucf54\ub108-\ud504\ub85c\ud14d\ud130-coa203-2\/","name":"Flight Case Corner Protectors COA203 - https:\/\/sxflightcase.com \ud83d\udc97","isPartOf":{"@id":"https:\/\/sxflightcase.com\/th\/#website"},"primaryImageOfPage":{"@id":"https:\/\/sxflightcase.com\/ko\/\uc81c\ud488\/\ud50c\ub77c\uc774\ud2b8-\ucf00\uc774\uc2a4-\ucf54\ub108-\ud504\ub85c\ud14d\ud130-coa203-2\/#primaryimage"},"image":{"@id":"https:\/\/sxflightcase.com\/ko\/\uc81c\ud488\/\ud50c\ub77c\uc774\ud2b8-\ucf00\uc774\uc2a4-\ucf54\ub108-\ud504\ub85c\ud14d\ud130-coa203-2\/#primaryimage"},"thumbnailUrl":"https:\/\/sxflightcase.com\/wp-content\/uploads\/2024\/08\/COA203.jpg","datePublished":"2024-08-16T07:34:13+00:00","dateModified":"2024-08-16T07:34:14+00:00","description":"Protezioni angolari per flight case, direttamente dalla fabbrica! Protezione durevole e di alta qualit\u00e0 per gli spigoli dei flight case, per garantire la sicurezza delle apparecchiature durante il trasporto. Ideale per un uso duraturo.","breadcrumb":{"@id":"https:\/\/sxflightcase.com\/ko\/\uc81c\ud488\/\ud50c\ub77c\uc774\ud2b8-\ucf00\uc774\uc2a4-\ucf54\ub108-\ud504\ub85c\ud14d\ud130-coa203-2\/#breadcrumb"},"inLanguage":"it-IT","potentialAction":[{"@type":"ReadAction","target":["https:\/\/sxflightcase.com\/ko\/\uc81c\ud488\/\ud50c\ub77c\uc774\ud2b8-\ucf00\uc774\uc2a4-\ucf54\ub108-\ud504\ub85c\ud14d\ud130-coa203-2\/"]}]},{"@type":"ImageObject","inLanguage":"it-IT","@id":"https:\/\/sxflightcase.com\/ko\/\uc81c\ud488\/\ud50c\ub77c\uc774\ud2b8-\ucf00\uc774\uc2a4-\ucf54\ub108-\ud504\ub85c\ud14d\ud130-coa203-2\/#primaryimage","url":"https:\/\/sxflightcase.com\/wp-content\/uploads\/2024\/08\/COA203.jpg","contentUrl":"https:\/\/sxflightcase.com\/wp-content\/uploads\/2024\/08\/COA203.jpg","width":489,"height":480,"caption":"Flight Case Corner Protectors"},{"@type":"BreadcrumbList","@id":"https:\/\/sxflightcase.com\/ko\/\uc81c\ud488\/\ud50c\ub77c\uc774\ud2b8-\ucf00\uc774\uc2a4-\ucf54\ub108-\ud504\ub85c\ud14d\ud130-coa203-2\/#breadcrumb","itemListElement":[{"@type":"ListItem","position":1,"name":"Home","item":"https:\/\/sxflightcase.com\/"},{"@type":"ListItem","position":2,"name":"\u0e2a\u0e34\u0e19\u0e04\u0e49\u0e32","item":"https:\/\/sxflightcase.com\/th\/shop\/"},{"@type":"ListItem","position":3,"name":"Flight Case Corner Protectors COA203"}]},{"@type":"WebSite","@id":"https:\/\/sxflightcase.com\/th\/#website","url":"https:\/\/sxflightcase.com\/th\/","name":"sxpowercase.com","description":"Fabbrica di Flight Case","publisher":{"@id":"https:\/\/sxflightcase.com\/th\/#organization"},"potentialAction":[{"@type":"SearchAction","target":{"@type":"EntryPoint","urlTemplate":"https:\/\/sxflightcase.com\/th\/?s={search_term_string}"},"query-input":{"@type":"PropertyValueSpecification","valueRequired":true,"valueName":"search_term_string"}}],"inLanguage":"it-IT"},{"@type":"Organization","@id":"https:\/\/sxflightcase.com\/th\/#organization","name":"sxpowercase.com","url":"https:\/\/sxflightcase.com\/th\/","logo":{"@type":"ImageObject","inLanguage":"it-IT","@id":"https:\/\/sxflightcase.com\/th\/#\/schema\/logo\/image\/","url":"https:\/\/sxflightcase.com\/wp-content\/uploads\/2024\/04\/1713919036007.jpg","contentUrl":"https:\/\/sxflightcase.com\/wp-content\/uploads\/2024\/04\/1713919036007.jpg","width":382,"height":388,"caption":"sxpowercase.com"},"image":{"@id":"https:\/\/sxflightcase.com\/th\/#\/schema\/logo\/image\/"},"sameAs":["https:\/\/www.facebook.com\/profile.php?id=61560407257971"],"numberOfEmployees":{"@type":"QuantitativeValue","minValue":"11","maxValue":"50"}}]}},"_links":{"self":[{"href":"https:\/\/sxflightcase.com\/it\/wp-json\/wp\/v2\/product\/4133","targetHints":{"allow":["GET"]}}],"collection":[{"href":"https:\/\/sxflightcase.com\/it\/wp-json\/wp\/v2\/product"}],"about":[{"href":"https:\/\/sxflightcase.com\/it\/wp-json\/wp\/v2\/types\/product"}],"replies":[{"embeddable":true,"href":"https:\/\/sxflightcase.com\/it\/wp-json\/wp\/v2\/comments?post=4133"}],"version-history":[{"count":0,"href":"https:\/\/sxflightcase.com\/it\/wp-json\/wp\/v2\/product\/4133\/revisions"}],"wp:featuredmedia":[{"embeddable":true,"href":"https:\/\/sxflightcase.com\/it\/wp-json\/wp\/v2\/media\/4085"}],"wp:attachment":[{"href":"https:\/\/sxflightcase.com\/it\/wp-json\/wp\/v2\/media?parent=4133"}],"wp:term":[{"taxonomy":"product_brand","embeddable":true,"href":"https:\/\/sxflightcase.com\/it\/wp-json\/wp\/v2\/product_brand?post=4133"},{"taxonomy":"product_cat","embeddable":true,"href":"https:\/\/sxflightcase.com\/it\/wp-json\/wp\/v2\/product_cat?post=4133"},{"taxonomy":"product_tag","embeddable":true,"href":"https:\/\/sxflightcase.com\/it\/wp-json\/wp\/v2\/product_tag?post=4133"}],"curies":[{"name":"wp","href":"https:\/\/api.w.org\/{rel}","templated":true}]}}