{"id":4146,"date":"2024-08-20T07:50:17","date_gmt":"2024-08-20T06:50:17","guid":{"rendered":"https:\/\/sxpowercase.com\/?post_type=product&#038;p=4146"},"modified":"2024-08-20T07:54:35","modified_gmt":"2024-08-20T06:54:35","slug":"road-case-corner-protectors-coc501","status":"publish","type":"product","link":"https:\/\/sxflightcase.com\/it\/prodotto\/protezioni-angolari-per-valigie-stradali-coc501-2\/","title":{"rendered":"Protezioni angolari per Road Case COC501"},"content":{"rendered":"<h3>Maggiore protezione con le protezioni per gli angoli della valigia SX Road Case<\/h3>\n<h4>Difesa affidabile per il vostro equipaggiamento<\/h4>\n<p>Quando le vostre apparecchiature devono viaggiare, la protezione \u00e8 fondamentale. SX offre <strong>Protezioni angolari per valigie stradali<\/strong> progettati per proteggere le custodie dagli urti del trasporto. Queste protezioni angolari fungono da prima linea di difesa, assicurando che la vostra preziosa attrezzatura rimanga al sicuro da urti, cadute e manipolazioni brusche.<\/p>\n<h4>Costruito per durare nel tempo con una qualit\u00e0 superiore<\/h4>\n<p><a title=\"Sx\" href=\"https:\/\/sxpowercase.com\/\" target=\"_blank\" rel=\"noopener\" data-wpil-monitor-id=\"675\">Sx<\/a> sa che la durata \u00e8 un requisito indispensabile negli ambienti professionali. Ecco perch\u00e9 i nostri <strong>Protezioni angolari per valigie stradali<\/strong> sono realizzati con materiali di alta qualit\u00e0 e resistenti agli urti. Sono costruiti per resistere alle esigenze di un uso costante, offrendo una protezione di lunga durata a un prezzo che non fa saltare i conti. Con SX, potrete usufruire dei prezzi di fabbrica, combinando qualit\u00e0 e convenienza in ogni acquisto.<\/p>\n<h4>Facile da installare e universalmente compatibile<\/h4>\n<p>Nostro <strong>Protezioni angolari per valigie stradali<\/strong> sono progettati per una facile installazione, il che li rende una scelta conveniente per i professionisti che devono aggiornare o mantenere le proprie custodie. Sono compatibili con un'ampia gamma di dimensioni e tipi di custodie, garantendo la protezione necessaria senza problemi. L'impegno di SX per la qualit\u00e0 garantisce che queste protezioni non solo si adattino perfettamente, ma offrano anche una maggiore durata.<\/p>\n<h4>Soluzioni personalizzabili per esigenze uniche<\/h4>\n<p>Noi di SX sappiamo che ogni caso ha esigenze diverse. Ecco perch\u00e9 offriamo opzioni personalizzabili per le nostre <strong>Protezioni angolari per valigie stradali<\/strong>. Se avete bisogno di materiali, dimensioni o finiture specifiche, SX \u00e8 in grado di creare una soluzione su misura per voi, mantenendo i costi bassi grazie al nostro modello di produzione diretta.<\/p>\n<h4>Affidati da professionisti di tutti i settori<\/h4>\n<p>Di SX <strong>Protezione degli angoli della valigia stradale<\/strong>\u00a0sono fidati dei professionisti del settore musicale, cinematografico e degli eventi dal vivo. Si affidano ai nostri prodotti per la protezione e la longevit\u00e0 delle loro apparecchiature. Con SX, scegliete un marchio che d\u00e0 valore alla qualit\u00e0, alla convenienza e all'affidabilit\u00e0.<\/p>\n<h4>Prezzi competitivi con garanzia di qualit\u00e0<\/h4>\n<p>Le offerte di SX <strong>Protezione degli angoli della valigia stradale<\/strong>\u00a0a prezzi competitivi, grazie al nostro approccio diretto alla fabbrica. Ci\u00f2 significa che potrete disporre di componenti di alta qualit\u00e0 senza ricarichi, semplificando la protezione delle vostre custodie e rispettando il budget. SX garantisce che ogni prodotto soddisfi standard rigorosi, garantendo la massima tranquillit\u00e0 ad ogni acquisto.<\/p>\n<h4>Massima protezione a costi minimi<\/h4>\n<p>Quando si tratta di salvaguardare le vostre preziose apparecchiature, SX's <a href=\"https:\/\/sxpowercase.com\/product\/road-case-corner-cob401\/\"><strong>Protezioni angolari per valigie stradali<\/strong><\/a> offrono il perfetto equilibrio tra qualit\u00e0 e convenienza. Affidatevi a SX per avere prodotti che resistono ai rigori dell'uso professionale, offrendo una protezione superiore a un prezzo difficile da battere. Contattateci oggi stesso per scoprire come i nostri paraspigoli possono migliorare la durata delle vostre valigie stradali.<\/p>\n<p>Contatta ora:<span style=\"color: #0000ff;\"><a style=\"color: #0000ff;\" href=\"https:\/\/sxpowercase.com\/contact-us\/\">https:\/\/sxpowercase.com\/<\/a><\/span><\/p>\n<p>Catalogo prodotti hardware:<span style=\"color: #3366ff;\"><a style=\"color: #3366ff;\" href=\"https:\/\/sxpowercase.com\/wp-content\/uploads\/2024\/07\/\u4e94\u91d1.pdf\">Catalogo accessori hardware<\/a><\/span><\/p>","protected":false},"excerpt":{"rendered":"<div class=\"flex max-w-full flex-col flex-grow\">\n<div class=\"\">\n<p>&nbsp;<\/p>\n<div class=\"flex w-full flex-col gap-1 empty:hidden first:pt-[3px]\">\n<div class=\"markdown prose w-full break-words dark:prose-invert light\">\n<h3>SX Road Case Corner Protectors: Ultimate Gear Defense<\/h3>\n<p>Safeguard your equipment during transport with SX Road Case Corner Protectors, designed to absorb harsh impacts and prevent damage. Get superior protection at factory-direct prices.<\/p>\n<h3>Built for Professional Durability<\/h3>\n<p>SX Corner Protectors are made from impact-resistant materials, ensuring your cases stay secure even with constant use. Enjoy long-lasting reliability without overspending.<\/p>\n<h3>Customizable Protection, Perfect Fit<\/h3>\n<p>SX offers customizable corner protectors to meet your specific needs. Easy to install and universally compatible, they provide tailored solutions for various case sizes and styles.<\/p>\n<\/div>\n<\/div>\n<\/div>\n<\/div>\n","protected":false},"featured_media":4091,"comment_status":"open","ping_status":"closed","template":"","meta":[],"product_brand":[],"product_cat":[63],"product_tag":[],"class_list":{"0":"post-4146","1":"product","2":"type-product","3":"status-publish","4":"has-post-thumbnail","6":"product_cat-corners","8":"first","9":"instock","10":"shipping-taxable","11":"product-type-simple"},"yoast_head":"<!-- This site is optimized with the Yoast SEO Premium plugin v27.1 (Yoast SEO v27.2) - https:\/\/yoast.com\/product\/yoast-seo-premium-wordpress\/ -->\n<title>Road Case Corner Protectors COC501 - https:\/\/sxflightcase.com \ud83d\udc97<\/title>\n<meta name=\"description\" content=\"Road case corner protectors, factory direct! High-quality, durable protection for case edges. Safeguards equipment during transport, ensuring long-lasting reliability for heavy-duty use.\" \/>\n<meta name=\"robots\" content=\"index, follow, max-snippet:-1, max-image-preview:large, max-video-preview:-1\" \/>\n<link rel=\"canonical\" href=\"https:\/\/sxflightcase.com\/it\/\u0645\u0646\u062a\u062c\/\u0648\u0627\u0642\u064a\u0627\u062a-\u0632\u0648\u0627\u064a\u0627-\u062d\u0642\u064a\u0628\u0629-\u0627\u0644\u0637\u0631\u064a\u0642-coc501\/\" \/>\n<meta property=\"og:locale\" content=\"it_IT\" \/>\n<meta property=\"og:type\" content=\"article\" \/>\n<meta property=\"og:title\" content=\"Road Case Corner Protectors COC501\" \/>\n<meta property=\"og:description\" content=\"Road case corner protectors, factory direct! High-quality, durable protection for case edges. Safeguards equipment during transport, ensuring long-lasting reliability for heavy-duty use.\" \/>\n<meta property=\"og:url\" content=\"https:\/\/sxflightcase.com\/it\/\u0645\u0646\u062a\u062c\/\u0648\u0627\u0642\u064a\u0627\u062a-\u0632\u0648\u0627\u064a\u0627-\u062d\u0642\u064a\u0628\u0629-\u0627\u0644\u0637\u0631\u064a\u0642-coc501\/\" \/>\n<meta property=\"og:site_name\" content=\"https:\/\/sxflightcase.com\" \/>\n<meta property=\"article:publisher\" content=\"https:\/\/www.facebook.com\/profile.php?id=61560407257971\" \/>\n<meta property=\"article:modified_time\" content=\"2024-08-20T06:54:35+00:00\" \/>\n<meta property=\"og:image\" content=\"https:\/\/sxflightcase.com\/wp-content\/uploads\/2024\/08\/COC501.jpg\" \/>\n\t<meta property=\"og:image:width\" content=\"491\" \/>\n\t<meta property=\"og:image:height\" content=\"486\" \/>\n\t<meta property=\"og:image:type\" content=\"image\/jpeg\" \/>\n<meta name=\"twitter:card\" content=\"summary_large_image\" \/>\n<meta name=\"twitter:label1\" content=\"Tempo di lettura stimato\" \/>\n\t<meta name=\"twitter:data1\" content=\"3 minuti\" \/>\n<script type=\"application\/ld+json\" class=\"yoast-schema-graph\">{\"@context\":\"https:\/\/schema.org\",\"@graph\":[{\"@type\":\"WebPage\",\"@id\":\"https:\/\/sxflightcase.com\/ar\/\u0645\u0646\u062a\u062c\/\u0648\u0627\u0642\u064a\u0627\u062a-\u0632\u0648\u0627\u064a\u0627-\u062d\u0642\u064a\u0628\u0629-\u0627\u0644\u0637\u0631\u064a\u0642-coc501\/\",\"url\":\"https:\/\/sxflightcase.com\/ar\/\u0645\u0646\u062a\u062c\/\u0648\u0627\u0642\u064a\u0627\u062a-\u0632\u0648\u0627\u064a\u0627-\u062d\u0642\u064a\u0628\u0629-\u0627\u0644\u0637\u0631\u064a\u0642-coc501\/\",\"name\":\"Road Case Corner Protectors COC501 - https:\/\/sxflightcase.com \ud83d\udc97\",\"isPartOf\":{\"@id\":\"https:\/\/sxflightcase.com\/th\/#website\"},\"primaryImageOfPage\":{\"@id\":\"https:\/\/sxflightcase.com\/ar\/\u0645\u0646\u062a\u062c\/\u0648\u0627\u0642\u064a\u0627\u062a-\u0632\u0648\u0627\u064a\u0627-\u062d\u0642\u064a\u0628\u0629-\u0627\u0644\u0637\u0631\u064a\u0642-coc501\/#primaryimage\"},\"image\":{\"@id\":\"https:\/\/sxflightcase.com\/ar\/\u0645\u0646\u062a\u062c\/\u0648\u0627\u0642\u064a\u0627\u062a-\u0632\u0648\u0627\u064a\u0627-\u062d\u0642\u064a\u0628\u0629-\u0627\u0644\u0637\u0631\u064a\u0642-coc501\/#primaryimage\"},\"thumbnailUrl\":\"https:\/\/sxflightcase.com\/wp-content\/uploads\/2024\/08\/COC501.jpg\",\"datePublished\":\"2024-08-20T06:50:17+00:00\",\"dateModified\":\"2024-08-20T06:54:35+00:00\",\"description\":\"Road case corner protectors, factory direct! High-quality, durable protection for case edges. Safeguards equipment during transport, ensuring long-lasting reliability for heavy-duty use.\",\"breadcrumb\":{\"@id\":\"https:\/\/sxflightcase.com\/ar\/\u0645\u0646\u062a\u062c\/\u0648\u0627\u0642\u064a\u0627\u062a-\u0632\u0648\u0627\u064a\u0627-\u062d\u0642\u064a\u0628\u0629-\u0627\u0644\u0637\u0631\u064a\u0642-coc501\/#breadcrumb\"},\"inLanguage\":\"it-IT\",\"potentialAction\":[{\"@type\":\"ReadAction\",\"target\":[\"https:\/\/sxflightcase.com\/ar\/\u0645\u0646\u062a\u062c\/\u0648\u0627\u0642\u064a\u0627\u062a-\u0632\u0648\u0627\u064a\u0627-\u062d\u0642\u064a\u0628\u0629-\u0627\u0644\u0637\u0631\u064a\u0642-coc501\/\"]}]},{\"@type\":\"ImageObject\",\"inLanguage\":\"it-IT\",\"@id\":\"https:\/\/sxflightcase.com\/ar\/\u0645\u0646\u062a\u062c\/\u0648\u0627\u0642\u064a\u0627\u062a-\u0632\u0648\u0627\u064a\u0627-\u062d\u0642\u064a\u0628\u0629-\u0627\u0644\u0637\u0631\u064a\u0642-coc501\/#primaryimage\",\"url\":\"https:\/\/sxflightcase.com\/wp-content\/uploads\/2024\/08\/COC501.jpg\",\"contentUrl\":\"https:\/\/sxflightcase.com\/wp-content\/uploads\/2024\/08\/COC501.jpg\",\"width\":491,\"height\":486,\"caption\":\"Road Case Corner Protectors\"},{\"@type\":\"BreadcrumbList\",\"@id\":\"https:\/\/sxflightcase.com\/ar\/\u0645\u0646\u062a\u062c\/\u0648\u0627\u0642\u064a\u0627\u062a-\u0632\u0648\u0627\u064a\u0627-\u062d\u0642\u064a\u0628\u0629-\u0627\u0644\u0637\u0631\u064a\u0642-coc501\/#breadcrumb\",\"itemListElement\":[{\"@type\":\"ListItem\",\"position\":1,\"name\":\"Home\",\"item\":\"https:\/\/sxflightcase.com\/\"},{\"@type\":\"ListItem\",\"position\":2,\"name\":\"\u0e2a\u0e34\u0e19\u0e04\u0e49\u0e32\",\"item\":\"https:\/\/sxflightcase.com\/th\/shop\/\"},{\"@type\":\"ListItem\",\"position\":3,\"name\":\"Road Case Corner Protectors COC501\"}]},{\"@type\":\"WebSite\",\"@id\":\"https:\/\/sxflightcase.com\/th\/#website\",\"url\":\"https:\/\/sxflightcase.com\/th\/\",\"name\":\"sxpowercase.com\",\"description\":\"Flight Case Factory\",\"publisher\":{\"@id\":\"https:\/\/sxflightcase.com\/th\/#organization\"},\"potentialAction\":[{\"@type\":\"SearchAction\",\"target\":{\"@type\":\"EntryPoint\",\"urlTemplate\":\"https:\/\/sxflightcase.com\/th\/?s={search_term_string}\"},\"query-input\":{\"@type\":\"PropertyValueSpecification\",\"valueRequired\":true,\"valueName\":\"search_term_string\"}}],\"inLanguage\":\"it-IT\"},{\"@type\":\"Organization\",\"@id\":\"https:\/\/sxflightcase.com\/th\/#organization\",\"name\":\"sxpowercase.com\",\"url\":\"https:\/\/sxflightcase.com\/th\/\",\"logo\":{\"@type\":\"ImageObject\",\"inLanguage\":\"it-IT\",\"@id\":\"https:\/\/sxflightcase.com\/th\/#\/schema\/logo\/image\/\",\"url\":\"https:\/\/sxflightcase.com\/wp-content\/uploads\/2024\/04\/1713919036007.jpg\",\"contentUrl\":\"https:\/\/sxflightcase.com\/wp-content\/uploads\/2024\/04\/1713919036007.jpg\",\"width\":382,\"height\":388,\"caption\":\"sxpowercase.com\"},\"image\":{\"@id\":\"https:\/\/sxflightcase.com\/th\/#\/schema\/logo\/image\/\"},\"sameAs\":[\"https:\/\/www.facebook.com\/profile.php?id=61560407257971\"],\"numberOfEmployees\":{\"@type\":\"QuantitativeValue\",\"minValue\":\"11\",\"maxValue\":\"50\"}}]}<\/script>\n<!-- \/ Yoast SEO Premium plugin. -->","yoast_head_json":{"title":"Road Case Corner Protectors COC501 - https:\/\/sxflightcase.com \ud83d\udc97","description":"Protezioni per gli angoli delle custodie stradali, direttamente dalla fabbrica! Protezione durevole e di alta qualit\u00e0 per i bordi delle valigie. Proteggono le apparecchiature durante il trasporto, assicurando un'affidabilit\u00e0 duratura per un uso intensivo.","robots":{"index":"index","follow":"follow","max-snippet":"max-snippet:-1","max-image-preview":"max-image-preview:large","max-video-preview":"max-video-preview:-1"},"canonical":"https:\/\/sxflightcase.com\/it\/\u0645\u0646\u062a\u062c\/\u0648\u0627\u0642\u064a\u0627\u062a-\u0632\u0648\u0627\u064a\u0627-\u062d\u0642\u064a\u0628\u0629-\u0627\u0644\u0637\u0631\u064a\u0642-coc501\/","og_locale":"it_IT","og_type":"article","og_title":"Road Case Corner Protectors COC501","og_description":"Road case corner protectors, factory direct! High-quality, durable protection for case edges. Safeguards equipment during transport, ensuring long-lasting reliability for heavy-duty use.","og_url":"https:\/\/sxflightcase.com\/it\/\u0645\u0646\u062a\u062c\/\u0648\u0627\u0642\u064a\u0627\u062a-\u0632\u0648\u0627\u064a\u0627-\u062d\u0642\u064a\u0628\u0629-\u0627\u0644\u0637\u0631\u064a\u0642-coc501\/","og_site_name":"https:\/\/sxflightcase.com","article_publisher":"https:\/\/www.facebook.com\/profile.php?id=61560407257971","article_modified_time":"2024-08-20T06:54:35+00:00","og_image":[{"width":491,"height":486,"url":"https:\/\/sxflightcase.com\/wp-content\/uploads\/2024\/08\/COC501.jpg","type":"image\/jpeg"}],"twitter_card":"summary_large_image","twitter_misc":{"Tempo di lettura stimato":"3 minuti"},"schema":{"@context":"https:\/\/schema.org","@graph":[{"@type":"WebPage","@id":"https:\/\/sxflightcase.com\/ar\/\u0645\u0646\u062a\u062c\/\u0648\u0627\u0642\u064a\u0627\u062a-\u0632\u0648\u0627\u064a\u0627-\u062d\u0642\u064a\u0628\u0629-\u0627\u0644\u0637\u0631\u064a\u0642-coc501\/","url":"https:\/\/sxflightcase.com\/ar\/\u0645\u0646\u062a\u062c\/\u0648\u0627\u0642\u064a\u0627\u062a-\u0632\u0648\u0627\u064a\u0627-\u062d\u0642\u064a\u0628\u0629-\u0627\u0644\u0637\u0631\u064a\u0642-coc501\/","name":"Road Case Corner Protectors COC501 - https:\/\/sxflightcase.com \ud83d\udc97","isPartOf":{"@id":"https:\/\/sxflightcase.com\/th\/#website"},"primaryImageOfPage":{"@id":"https:\/\/sxflightcase.com\/ar\/\u0645\u0646\u062a\u062c\/\u0648\u0627\u0642\u064a\u0627\u062a-\u0632\u0648\u0627\u064a\u0627-\u062d\u0642\u064a\u0628\u0629-\u0627\u0644\u0637\u0631\u064a\u0642-coc501\/#primaryimage"},"image":{"@id":"https:\/\/sxflightcase.com\/ar\/\u0645\u0646\u062a\u062c\/\u0648\u0627\u0642\u064a\u0627\u062a-\u0632\u0648\u0627\u064a\u0627-\u062d\u0642\u064a\u0628\u0629-\u0627\u0644\u0637\u0631\u064a\u0642-coc501\/#primaryimage"},"thumbnailUrl":"https:\/\/sxflightcase.com\/wp-content\/uploads\/2024\/08\/COC501.jpg","datePublished":"2024-08-20T06:50:17+00:00","dateModified":"2024-08-20T06:54:35+00:00","description":"Protezioni per gli angoli delle custodie stradali, direttamente dalla fabbrica! Protezione durevole e di alta qualit\u00e0 per i bordi delle valigie. Proteggono le apparecchiature durante il trasporto, assicurando un'affidabilit\u00e0 duratura per un uso intensivo.","breadcrumb":{"@id":"https:\/\/sxflightcase.com\/ar\/\u0645\u0646\u062a\u062c\/\u0648\u0627\u0642\u064a\u0627\u062a-\u0632\u0648\u0627\u064a\u0627-\u062d\u0642\u064a\u0628\u0629-\u0627\u0644\u0637\u0631\u064a\u0642-coc501\/#breadcrumb"},"inLanguage":"it-IT","potentialAction":[{"@type":"ReadAction","target":["https:\/\/sxflightcase.com\/ar\/\u0645\u0646\u062a\u062c\/\u0648\u0627\u0642\u064a\u0627\u062a-\u0632\u0648\u0627\u064a\u0627-\u062d\u0642\u064a\u0628\u0629-\u0627\u0644\u0637\u0631\u064a\u0642-coc501\/"]}]},{"@type":"ImageObject","inLanguage":"it-IT","@id":"https:\/\/sxflightcase.com\/ar\/\u0645\u0646\u062a\u062c\/\u0648\u0627\u0642\u064a\u0627\u062a-\u0632\u0648\u0627\u064a\u0627-\u062d\u0642\u064a\u0628\u0629-\u0627\u0644\u0637\u0631\u064a\u0642-coc501\/#primaryimage","url":"https:\/\/sxflightcase.com\/wp-content\/uploads\/2024\/08\/COC501.jpg","contentUrl":"https:\/\/sxflightcase.com\/wp-content\/uploads\/2024\/08\/COC501.jpg","width":491,"height":486,"caption":"Road Case Corner Protectors"},{"@type":"BreadcrumbList","@id":"https:\/\/sxflightcase.com\/ar\/\u0645\u0646\u062a\u062c\/\u0648\u0627\u0642\u064a\u0627\u062a-\u0632\u0648\u0627\u064a\u0627-\u062d\u0642\u064a\u0628\u0629-\u0627\u0644\u0637\u0631\u064a\u0642-coc501\/#breadcrumb","itemListElement":[{"@type":"ListItem","position":1,"name":"Home","item":"https:\/\/sxflightcase.com\/"},{"@type":"ListItem","position":2,"name":"\u0e2a\u0e34\u0e19\u0e04\u0e49\u0e32","item":"https:\/\/sxflightcase.com\/th\/shop\/"},{"@type":"ListItem","position":3,"name":"Road Case Corner Protectors COC501"}]},{"@type":"WebSite","@id":"https:\/\/sxflightcase.com\/th\/#website","url":"https:\/\/sxflightcase.com\/th\/","name":"sxpowercase.com","description":"Fabbrica di Flight Case","publisher":{"@id":"https:\/\/sxflightcase.com\/th\/#organization"},"potentialAction":[{"@type":"SearchAction","target":{"@type":"EntryPoint","urlTemplate":"https:\/\/sxflightcase.com\/th\/?s={search_term_string}"},"query-input":{"@type":"PropertyValueSpecification","valueRequired":true,"valueName":"search_term_string"}}],"inLanguage":"it-IT"},{"@type":"Organization","@id":"https:\/\/sxflightcase.com\/th\/#organization","name":"sxpowercase.com","url":"https:\/\/sxflightcase.com\/th\/","logo":{"@type":"ImageObject","inLanguage":"it-IT","@id":"https:\/\/sxflightcase.com\/th\/#\/schema\/logo\/image\/","url":"https:\/\/sxflightcase.com\/wp-content\/uploads\/2024\/04\/1713919036007.jpg","contentUrl":"https:\/\/sxflightcase.com\/wp-content\/uploads\/2024\/04\/1713919036007.jpg","width":382,"height":388,"caption":"sxpowercase.com"},"image":{"@id":"https:\/\/sxflightcase.com\/th\/#\/schema\/logo\/image\/"},"sameAs":["https:\/\/www.facebook.com\/profile.php?id=61560407257971"],"numberOfEmployees":{"@type":"QuantitativeValue","minValue":"11","maxValue":"50"}}]}},"_links":{"self":[{"href":"https:\/\/sxflightcase.com\/it\/wp-json\/wp\/v2\/product\/4146","targetHints":{"allow":["GET"]}}],"collection":[{"href":"https:\/\/sxflightcase.com\/it\/wp-json\/wp\/v2\/product"}],"about":[{"href":"https:\/\/sxflightcase.com\/it\/wp-json\/wp\/v2\/types\/product"}],"replies":[{"embeddable":true,"href":"https:\/\/sxflightcase.com\/it\/wp-json\/wp\/v2\/comments?post=4146"}],"version-history":[{"count":0,"href":"https:\/\/sxflightcase.com\/it\/wp-json\/wp\/v2\/product\/4146\/revisions"}],"wp:featuredmedia":[{"embeddable":true,"href":"https:\/\/sxflightcase.com\/it\/wp-json\/wp\/v2\/media\/4091"}],"wp:attachment":[{"href":"https:\/\/sxflightcase.com\/it\/wp-json\/wp\/v2\/media?parent=4146"}],"wp:term":[{"taxonomy":"product_brand","embeddable":true,"href":"https:\/\/sxflightcase.com\/it\/wp-json\/wp\/v2\/product_brand?post=4146"},{"taxonomy":"product_cat","embeddable":true,"href":"https:\/\/sxflightcase.com\/it\/wp-json\/wp\/v2\/product_cat?post=4146"},{"taxonomy":"product_tag","embeddable":true,"href":"https:\/\/sxflightcase.com\/it\/wp-json\/wp\/v2\/product_tag?post=4146"}],"curies":[{"name":"wp","href":"https:\/\/api.w.org\/{rel}","templated":true}]}}