{"id":4197,"date":"2024-08-22T07:42:06","date_gmt":"2024-08-22T06:42:06","guid":{"rendered":"https:\/\/sxpowercase.com\/?post_type=product&#038;p=4197"},"modified":"2024-08-22T07:42:07","modified_gmt":"2024-08-22T06:42:07","slug":"road-case-corner-clamp-cla102","status":"publish","type":"product","link":"https:\/\/sxflightcase.com\/it\/prodotto\/morsetto-angolare-per-valigie-stradali-cla102-2\/","title":{"rendered":"Morsetto d'angolo per valigie stradali CLA102"},"content":{"rendered":"<h3>Morsetto d'angolo per custodia stradale SX: Protezione essenziale per l'attrezzatura<\/h3>\n<h4>Proteggete le vostre valigie stradali con fiducia<\/h4>\n<p>Il trasporto di apparecchiature di valore richiede una protezione robusta. Il <span style=\"color: #3366ff;\"><a style=\"color: #3366ff;\" href=\"https:\/\/sxpowercase.com\/product\/road-case-corner-clamp-cla101\/\"><strong>Morsetto d'angolo per valigie stradali<\/strong><\/a><\/span>\u00a0di SX sono progettati specificamente per garantire questa sicurezza. Rinforzando saldamente gli angoli delle valigie da viaggio, questi morsetti assicurano che l'attrezzatura rimanga al sicuro e non subisca danni durante il viaggio. <a href=\"https:\/\/sxpowercase.com\/\" target=\"_blank\" rel=\"noopener\" title=\"Sx\" data-wpil-monitor-id=\"685\">Sx<\/a> combina una qualit\u00e0 affidabile con un prezzo diretto di fabbrica, offrendo hardware di prima qualit\u00e0 a un costo inferiore.<\/p>\n<h4>Design resistente per un uso duraturo<\/h4>\n<p>Sx <strong>Morsetti angolari per valigie stradali<\/strong> sono costruiti per resistere alle condizioni pi\u00f9 difficili. Costruiti con materiali ad alta resistenza, questi morsetti resistono all'usura e alla rottura, garantendo una stabilit\u00e0 a lungo termine per le vostre valigie da viaggio. Sia che siate in tourn\u00e9e, in produzione o che stiate trasportando attrezzature pesanti, i nostri morsetti offrono la durata necessaria per mantenere intatte le vostre valigie. SX vi garantisce una protezione di qualit\u00e0 superiore senza un prezzo elevato, grazie al nostro modello factory-direct.<\/p>\n<h4>Installazione semplice, ampia compatibilit\u00e0<\/h4>\n<p>Installazione di SX <strong>Morsetti angolari per valigie stradali<\/strong> \u00e8 semplice, e ci\u00f2 li rende un'aggiunta senza problemi alle vostre valigie. Progettati per adattarsi a una variet\u00e0 di modelli di valigie da strada, questi morsetti sono versatili e facili da regolare per la vostra configurazione specifica. Grazie ai risparmi ottenuti direttamente dal produttore, potrete aggiornare la protezione delle vostre valigie senza sforare il vostro budget, assicurandovi al contempo che le vostre valigie siano rinforzate in modo sicuro.<\/p>\n<h4>Soluzioni personalizzate per ogni applicazione<\/h4>\n<p>Ogni configurazione di un caso stradale \u00e8 unica e SX offre la flessibilit\u00e0 necessaria per soddisfare le vostre esigenze specifiche. Il nostro <strong>Morsetti angolari per valigie stradali<\/strong> possono essere personalizzati per vari tipi di valigie, garantendo prestazioni ottimali per la protezione delle apparecchiature. Grazie all'accesso diretto ai prezzi di fabbrica, \u00e8 possibile risparmiare sui costi e ottenere esattamente ci\u00f2 di cui si ha bisogno: morsetti affidabili e personalizzati in base alle proprie specifiche.<\/p>\n<h4>Di fiducia dei professionisti del settore<\/h4>\n<p>SX ha una solida reputazione in settori come gli eventi dal vivo, le tourn\u00e9e e la logistica. Il nostro <strong>Morsetti angolari per valigie stradali<\/strong> sono affidabili per la loro affidabilit\u00e0 e le loro prestazioni in situazioni difficili. Scegliendo SX, si beneficia del prezzo diretto di fabbrica, che consente di contenere i costi pur mantenendo elevati standard di qualit\u00e0 e durata. I professionisti di tutto il mondo si affidano a SX per soluzioni hardware sicure e convenienti.<\/p>\n<h4>Qualit\u00e0 e convenienza combinate<\/h4>\n<p>SX si impegna a fornire valore e qualit\u00e0. Il nostro <strong>Morsetti angolari per valigie stradali<\/strong> sono realizzati secondo standard elevati e offerti a prezzi di fabbrica, assicurandovi una protezione durevole e conveniente. Investire nella ferramenta SX significa investire in prodotti di lunga durata che non gravano sul vostro budget.<\/p>\n<h4>Protezione avanzata per qualsiasi configurazione<\/h4>\n<p>Quando si tratta di salvaguardare la vostra attrezzatura, SX <strong>Morsetti angolari per valigie stradali<\/strong> offrono il perfetto equilibrio tra resistenza e convenienza. Progettati per le condizioni pi\u00f9 difficili e facili da installare, questi morsetti offrono una maggiore protezione per qualsiasi custodia stradale. Grazie ai risparmi ottenuti direttamente dal produttore, potrete proteggere le vostre attrezzature senza compromettere la qualit\u00e0 o il prezzo.<\/p>\n<p>Contatta ora:<span style=\"color: #0000ff;\"><a style=\"color: #0000ff;\" href=\"https:\/\/sxpowercase.com\/contact-us\/\">https:\/\/sxpowercase.com\/<\/a><\/span><\/p>\n<p>Catalogo prodotti hardware:<span style=\"color: #3366ff;\"><a style=\"color: #3366ff;\" href=\"https:\/\/sxpowercase.com\/wp-content\/uploads\/2024\/07\/\u4e94\u91d1.pdf\">Catalogo accessori hardware<\/a><\/span><\/p>","protected":false},"excerpt":{"rendered":"<h3>Morsetti angolari per valigie stradali SX: Supporto sicuro e stabile<\/h3>\n<p>I morsetti angolari per valigie SX Road proteggono in modo solido la vostra attrezzatura durante il trasporto. Progettati per garantire resistenza e precisione, questi morsetti assicurano che le valigie rimangano saldamente fissate a prezzi di fabbrica.<\/p>\n<h3>Costruito per la durata e l'uso intensivo<\/h3>\n<p>Realizzati con materiali resistenti, i morsetti d'angolo per valigie stradali SX resistono ai rigori del viaggio e della movimentazione pesante, offrendo affidabilit\u00e0 e protezione di lunga durata.<\/p>\n<h3>Installazione semplice e soluzioni personalizzabili<\/h3>\n<p>I morsetti SX sono facili da installare e si adattano a diversi modelli di valigie stradali. Sono disponibili opzioni personalizzabili, che garantiscono soluzioni su misura a un prezzo accessibile senza compromettere la qualit\u00e0.<\/p>","protected":false},"featured_media":4173,"comment_status":"open","ping_status":"closed","template":"","meta":[],"product_brand":[],"product_cat":[64],"product_tag":[],"class_list":{"0":"post-4197","1":"product","2":"type-product","3":"status-publish","4":"has-post-thumbnail","6":"product_cat-clamps","8":"first","9":"instock","10":"shipping-taxable","11":"product-type-simple"},"yoast_head":"<!-- This site is optimized with the Yoast SEO Premium plugin v27.1 (Yoast SEO v27.2) - https:\/\/yoast.com\/product\/yoast-seo-premium-wordpress\/ -->\n<title>Road Case Corner Clamp CLA102 - https:\/\/sxflightcase.com \ud83d\udc97<\/title>\n<meta name=\"description\" content=\"Road case corner clamp, factory direct! High-quality, durable clamps designed for secure assembly and reinforcement of case corners. Ideal for heavy-duty protection during transport.\" \/>\n<meta name=\"robots\" content=\"index, follow, max-snippet:-1, max-image-preview:large, max-video-preview:-1\" \/>\n<link rel=\"canonical\" href=\"https:\/\/sxflightcase.com\/it\/prodotto\/morsetto-angolare-per-valigie-stradali-cla102-2\/\" \/>\n<meta property=\"og:locale\" content=\"it_IT\" \/>\n<meta property=\"og:type\" content=\"article\" \/>\n<meta property=\"og:title\" content=\"Road Case Corner Clamp CLA102\" \/>\n<meta property=\"og:description\" content=\"Road case corner clamp, factory direct! High-quality, durable clamps designed for secure assembly and reinforcement of case corners. Ideal for heavy-duty protection during transport.\" \/>\n<meta property=\"og:url\" content=\"https:\/\/sxflightcase.com\/it\/prodotto\/morsetto-angolare-per-valigie-stradali-cla102-2\/\" \/>\n<meta property=\"og:site_name\" content=\"https:\/\/sxflightcase.com\" \/>\n<meta property=\"article:publisher\" content=\"https:\/\/www.facebook.com\/profile.php?id=61560407257971\" \/>\n<meta property=\"article:modified_time\" content=\"2024-08-22T06:42:07+00:00\" \/>\n<meta property=\"og:image\" content=\"https:\/\/sxflightcase.com\/wp-content\/uploads\/2024\/08\/CLA102.jpg\" \/>\n\t<meta property=\"og:image:width\" content=\"520\" \/>\n\t<meta property=\"og:image:height\" content=\"520\" \/>\n\t<meta property=\"og:image:type\" content=\"image\/jpeg\" \/>\n<meta name=\"twitter:card\" content=\"summary_large_image\" \/>\n<meta name=\"twitter:label1\" content=\"Tempo di lettura stimato\" \/>\n\t<meta name=\"twitter:data1\" content=\"3 minuti\" \/>\n<script type=\"application\/ld+json\" class=\"yoast-schema-graph\">{\"@context\":\"https:\/\/schema.org\",\"@graph\":[{\"@type\":\"WebPage\",\"@id\":\"https:\/\/sxflightcase.com\/product\/road-case-corner-clamp-cla102\/\",\"url\":\"https:\/\/sxflightcase.com\/product\/road-case-corner-clamp-cla102\/\",\"name\":\"Road Case Corner Clamp CLA102 - https:\/\/sxflightcase.com \ud83d\udc97\",\"isPartOf\":{\"@id\":\"https:\/\/sxflightcase.com\/th\/#website\"},\"primaryImageOfPage\":{\"@id\":\"https:\/\/sxflightcase.com\/product\/road-case-corner-clamp-cla102\/#primaryimage\"},\"image\":{\"@id\":\"https:\/\/sxflightcase.com\/product\/road-case-corner-clamp-cla102\/#primaryimage\"},\"thumbnailUrl\":\"https:\/\/sxflightcase.com\/wp-content\/uploads\/2024\/08\/CLA102.jpg\",\"datePublished\":\"2024-08-22T06:42:06+00:00\",\"dateModified\":\"2024-08-22T06:42:07+00:00\",\"description\":\"Road case corner clamp, factory direct! High-quality, durable clamps designed for secure assembly and reinforcement of case corners. Ideal for heavy-duty protection during transport.\",\"breadcrumb\":{\"@id\":\"https:\/\/sxflightcase.com\/product\/road-case-corner-clamp-cla102\/#breadcrumb\"},\"inLanguage\":\"it-IT\",\"potentialAction\":[{\"@type\":\"ReadAction\",\"target\":[\"https:\/\/sxflightcase.com\/product\/road-case-corner-clamp-cla102\/\"]}]},{\"@type\":\"ImageObject\",\"inLanguage\":\"it-IT\",\"@id\":\"https:\/\/sxflightcase.com\/product\/road-case-corner-clamp-cla102\/#primaryimage\",\"url\":\"https:\/\/sxflightcase.com\/wp-content\/uploads\/2024\/08\/CLA102.jpg\",\"contentUrl\":\"https:\/\/sxflightcase.com\/wp-content\/uploads\/2024\/08\/CLA102.jpg\",\"width\":520,\"height\":520,\"caption\":\"Road Case Corner Clamp\"},{\"@type\":\"BreadcrumbList\",\"@id\":\"https:\/\/sxflightcase.com\/product\/road-case-corner-clamp-cla102\/#breadcrumb\",\"itemListElement\":[{\"@type\":\"ListItem\",\"position\":1,\"name\":\"Home\",\"item\":\"https:\/\/sxflightcase.com\/\"},{\"@type\":\"ListItem\",\"position\":2,\"name\":\"\u0e2a\u0e34\u0e19\u0e04\u0e49\u0e32\",\"item\":\"https:\/\/sxflightcase.com\/th\/shop\/\"},{\"@type\":\"ListItem\",\"position\":3,\"name\":\"Road Case Corner Clamp CLA102\"}]},{\"@type\":\"WebSite\",\"@id\":\"https:\/\/sxflightcase.com\/th\/#website\",\"url\":\"https:\/\/sxflightcase.com\/th\/\",\"name\":\"sxpowercase.com\",\"description\":\"Flight Case Factory\",\"publisher\":{\"@id\":\"https:\/\/sxflightcase.com\/th\/#organization\"},\"potentialAction\":[{\"@type\":\"SearchAction\",\"target\":{\"@type\":\"EntryPoint\",\"urlTemplate\":\"https:\/\/sxflightcase.com\/th\/?s={search_term_string}\"},\"query-input\":{\"@type\":\"PropertyValueSpecification\",\"valueRequired\":true,\"valueName\":\"search_term_string\"}}],\"inLanguage\":\"it-IT\"},{\"@type\":\"Organization\",\"@id\":\"https:\/\/sxflightcase.com\/th\/#organization\",\"name\":\"sxpowercase.com\",\"url\":\"https:\/\/sxflightcase.com\/th\/\",\"logo\":{\"@type\":\"ImageObject\",\"inLanguage\":\"it-IT\",\"@id\":\"https:\/\/sxflightcase.com\/th\/#\/schema\/logo\/image\/\",\"url\":\"https:\/\/sxflightcase.com\/wp-content\/uploads\/2024\/04\/1713919036007.jpg\",\"contentUrl\":\"https:\/\/sxflightcase.com\/wp-content\/uploads\/2024\/04\/1713919036007.jpg\",\"width\":382,\"height\":388,\"caption\":\"sxpowercase.com\"},\"image\":{\"@id\":\"https:\/\/sxflightcase.com\/th\/#\/schema\/logo\/image\/\"},\"sameAs\":[\"https:\/\/www.facebook.com\/profile.php?id=61560407257971\"],\"numberOfEmployees\":{\"@type\":\"QuantitativeValue\",\"minValue\":\"11\",\"maxValue\":\"50\"}}]}<\/script>\n<!-- \/ Yoast SEO Premium plugin. -->","yoast_head_json":{"title":"Road Case Corner Clamp CLA102 - https:\/\/sxflightcase.com \ud83d\udc97","description":"Morsetto per angoli di casse stradali, diretto dalla fabbrica! Morsetti resistenti e di alta qualit\u00e0, progettati per assemblare e rinforzare in modo sicuro gli angoli delle valigie. Ideali per proteggere le casse durante il trasporto.","robots":{"index":"index","follow":"follow","max-snippet":"max-snippet:-1","max-image-preview":"max-image-preview:large","max-video-preview":"max-video-preview:-1"},"canonical":"https:\/\/sxflightcase.com\/it\/prodotto\/morsetto-angolare-per-valigie-stradali-cla102-2\/","og_locale":"it_IT","og_type":"article","og_title":"Road Case Corner Clamp CLA102","og_description":"Road case corner clamp, factory direct! High-quality, durable clamps designed for secure assembly and reinforcement of case corners. Ideal for heavy-duty protection during transport.","og_url":"https:\/\/sxflightcase.com\/it\/prodotto\/morsetto-angolare-per-valigie-stradali-cla102-2\/","og_site_name":"https:\/\/sxflightcase.com","article_publisher":"https:\/\/www.facebook.com\/profile.php?id=61560407257971","article_modified_time":"2024-08-22T06:42:07+00:00","og_image":[{"width":520,"height":520,"url":"https:\/\/sxflightcase.com\/wp-content\/uploads\/2024\/08\/CLA102.jpg","type":"image\/jpeg"}],"twitter_card":"summary_large_image","twitter_misc":{"Tempo di lettura stimato":"3 minuti"},"schema":{"@context":"https:\/\/schema.org","@graph":[{"@type":"WebPage","@id":"https:\/\/sxflightcase.com\/product\/road-case-corner-clamp-cla102\/","url":"https:\/\/sxflightcase.com\/product\/road-case-corner-clamp-cla102\/","name":"Road Case Corner Clamp CLA102 - https:\/\/sxflightcase.com \ud83d\udc97","isPartOf":{"@id":"https:\/\/sxflightcase.com\/th\/#website"},"primaryImageOfPage":{"@id":"https:\/\/sxflightcase.com\/product\/road-case-corner-clamp-cla102\/#primaryimage"},"image":{"@id":"https:\/\/sxflightcase.com\/product\/road-case-corner-clamp-cla102\/#primaryimage"},"thumbnailUrl":"https:\/\/sxflightcase.com\/wp-content\/uploads\/2024\/08\/CLA102.jpg","datePublished":"2024-08-22T06:42:06+00:00","dateModified":"2024-08-22T06:42:07+00:00","description":"Morsetto per angoli di casse stradali, diretto dalla fabbrica! Morsetti resistenti e di alta qualit\u00e0, progettati per assemblare e rinforzare in modo sicuro gli angoli delle valigie. Ideali per proteggere le casse durante il trasporto.","breadcrumb":{"@id":"https:\/\/sxflightcase.com\/product\/road-case-corner-clamp-cla102\/#breadcrumb"},"inLanguage":"it-IT","potentialAction":[{"@type":"ReadAction","target":["https:\/\/sxflightcase.com\/product\/road-case-corner-clamp-cla102\/"]}]},{"@type":"ImageObject","inLanguage":"it-IT","@id":"https:\/\/sxflightcase.com\/product\/road-case-corner-clamp-cla102\/#primaryimage","url":"https:\/\/sxflightcase.com\/wp-content\/uploads\/2024\/08\/CLA102.jpg","contentUrl":"https:\/\/sxflightcase.com\/wp-content\/uploads\/2024\/08\/CLA102.jpg","width":520,"height":520,"caption":"Road Case Corner Clamp"},{"@type":"BreadcrumbList","@id":"https:\/\/sxflightcase.com\/product\/road-case-corner-clamp-cla102\/#breadcrumb","itemListElement":[{"@type":"ListItem","position":1,"name":"Home","item":"https:\/\/sxflightcase.com\/"},{"@type":"ListItem","position":2,"name":"\u0e2a\u0e34\u0e19\u0e04\u0e49\u0e32","item":"https:\/\/sxflightcase.com\/th\/shop\/"},{"@type":"ListItem","position":3,"name":"Road Case Corner Clamp CLA102"}]},{"@type":"WebSite","@id":"https:\/\/sxflightcase.com\/th\/#website","url":"https:\/\/sxflightcase.com\/th\/","name":"sxpowercase.com","description":"Fabbrica di Flight Case","publisher":{"@id":"https:\/\/sxflightcase.com\/th\/#organization"},"potentialAction":[{"@type":"SearchAction","target":{"@type":"EntryPoint","urlTemplate":"https:\/\/sxflightcase.com\/th\/?s={search_term_string}"},"query-input":{"@type":"PropertyValueSpecification","valueRequired":true,"valueName":"search_term_string"}}],"inLanguage":"it-IT"},{"@type":"Organization","@id":"https:\/\/sxflightcase.com\/th\/#organization","name":"sxpowercase.com","url":"https:\/\/sxflightcase.com\/th\/","logo":{"@type":"ImageObject","inLanguage":"it-IT","@id":"https:\/\/sxflightcase.com\/th\/#\/schema\/logo\/image\/","url":"https:\/\/sxflightcase.com\/wp-content\/uploads\/2024\/04\/1713919036007.jpg","contentUrl":"https:\/\/sxflightcase.com\/wp-content\/uploads\/2024\/04\/1713919036007.jpg","width":382,"height":388,"caption":"sxpowercase.com"},"image":{"@id":"https:\/\/sxflightcase.com\/th\/#\/schema\/logo\/image\/"},"sameAs":["https:\/\/www.facebook.com\/profile.php?id=61560407257971"],"numberOfEmployees":{"@type":"QuantitativeValue","minValue":"11","maxValue":"50"}}]}},"_links":{"self":[{"href":"https:\/\/sxflightcase.com\/it\/wp-json\/wp\/v2\/product\/4197","targetHints":{"allow":["GET"]}}],"collection":[{"href":"https:\/\/sxflightcase.com\/it\/wp-json\/wp\/v2\/product"}],"about":[{"href":"https:\/\/sxflightcase.com\/it\/wp-json\/wp\/v2\/types\/product"}],"replies":[{"embeddable":true,"href":"https:\/\/sxflightcase.com\/it\/wp-json\/wp\/v2\/comments?post=4197"}],"version-history":[{"count":0,"href":"https:\/\/sxflightcase.com\/it\/wp-json\/wp\/v2\/product\/4197\/revisions"}],"wp:featuredmedia":[{"embeddable":true,"href":"https:\/\/sxflightcase.com\/it\/wp-json\/wp\/v2\/media\/4173"}],"wp:attachment":[{"href":"https:\/\/sxflightcase.com\/it\/wp-json\/wp\/v2\/media?parent=4197"}],"wp:term":[{"taxonomy":"product_brand","embeddable":true,"href":"https:\/\/sxflightcase.com\/it\/wp-json\/wp\/v2\/product_brand?post=4197"},{"taxonomy":"product_cat","embeddable":true,"href":"https:\/\/sxflightcase.com\/it\/wp-json\/wp\/v2\/product_cat?post=4197"},{"taxonomy":"product_tag","embeddable":true,"href":"https:\/\/sxflightcase.com\/it\/wp-json\/wp\/v2\/product_tag?post=4197"}],"curies":[{"name":"wp","href":"https:\/\/api.w.org\/{rel}","templated":true}]}}