{"id":4199,"date":"2024-08-22T07:51:13","date_gmt":"2024-08-22T06:51:13","guid":{"rendered":"https:\/\/sxpowercase.com\/?post_type=product&#038;p=4199"},"modified":"2024-08-22T07:51:14","modified_gmt":"2024-08-22T06:51:14","slug":"metal-fitting-corner-brace-cla104","status":"publish","type":"product","link":"https:\/\/sxflightcase.com\/it\/prodotto\/angolare-di-raccordo-in-metallo-cla104-2\/","title":{"rendered":"Angolo di fissaggio in metallo CLA104"},"content":{"rendered":"<h3>Angolo di raccordo in metallo SX: Forza, stabilit\u00e0 e risparmio combinati insieme<\/h3>\n<h4>Supporto angolare affidabile per ogni progetto<\/h4>\n<p>Quando si ha bisogno di connessioni forti e stabili, il <span style=\"color: #3366ff;\"><a style=\"color: #3366ff;\" href=\"https:\/\/sxpowercase.com\/product\/metal-fitting-corner-braces-cla103\/\"><strong>Angolo di montaggio in metallo<\/strong><\/a><\/span> di SX \u00e8 la scelta perfetta. Ideale per fissare gli angoli in vari progetti, dagli armadietti ai flight case, questa ferramenta offre un rinforzo affidabile dove \u00e8 pi\u00f9 necessario. Acquistando direttamente da SX, potrete godere di prezzi imbattibili senza compromettere la qualit\u00e0.<\/p>\n<h4>Costruito per durare<\/h4>\n<p>Di SX <strong>Bretelle angolari con montaggio in metallo<\/strong> sono realizzati in metallo di alta qualit\u00e0, per resistere all'usura. La loro struttura robusta garantisce prestazioni di lunga durata, rendendoli ideali per le applicazioni pi\u00f9 impegnative. Che si tratti di una costruzione professionale su larga scala o di un progetto fai-da-te, questi sostegni offrono un supporto affidabile e al tempo stesso conveniente.<\/p>\n<h4>Versatile e facile da usare<\/h4>\n<p>Progettato per la versatilit\u00e0, il <a href=\"https:\/\/sxpowercase.com\/\" target=\"_blank\" rel=\"noopener\" title=\"Sx\" data-wpil-monitor-id=\"687\">Sx<\/a> <strong>Angolo di montaggio in metallo<\/strong> possono essere utilizzati in numerose applicazioni. Che si tratti di fissare scaffali, rinforzare mobili o costruire casse, questi supporti offrono un'integrazione perfetta. Sono facili da installare e consentono di risparmiare tempo e fatica, mantenendo il budget sotto controllo grazie ai prezzi bassi e diretti di SX.<\/p>\n<h4>Perfetto per progetti personalizzati e riparazioni<\/h4>\n<p>Per le costruzioni o le riparazioni personalizzate che richiedono un supporto angolare aggiuntivo, il sistema SX <strong>Angolo di montaggio in metallo<\/strong> \u00e8 un must. Il suo design affidabile garantisce la tenuta delle costruzioni, anche sotto pressione. Grazie all'impegno di SX per le vendite dirette in fabbrica, potrete ottenere ferramenta di alta qualit\u00e0 a prezzi difficili da battere, garantendo prestazioni e valore.<\/p>\n<h4>Fiducia da parte degli esperti del settore<\/h4>\n<p>Professionisti e amanti del fai-da-te si affidano a SX per soluzioni di ferramenta convenienti e durature. Il <strong>Angolo di montaggio in metallo<\/strong> \u00e8 un punto fermo nelle cassette degli attrezzi di tutto il mondo grazie alla sua qualit\u00e0 costante e ai prezzi competitivi. Con SX, non solo investite in hardware affidabile, ma beneficiate anche dei nostri risparmi direttamente dalla fabbrica, rendendo pi\u00f9 facile il rispetto del budget.<\/p>\n<h4>Opzioni personalizzabili per esigenze specifiche<\/h4>\n<p>SX \u00e8 consapevole del fatto che ogni progetto ha i suoi requisiti, ed \u00e8 per questo che i nostri <strong>Bretelle angolari con montaggio in metallo<\/strong> possono essere personalizzati per soddisfare le vostre esigenze. Se avete bisogno di dimensioni, finiture o caratteristiche aggiuntive specifiche, vi offriamo opzioni personalizzabili senza far lievitare i costi. Il modello factory-direct di SX vi garantisce di ottenere esattamente ci\u00f2 che vi serve, a un prezzo eccellente.<\/p>\n<h4>Qualit\u00e0 conveniente di cui ci si pu\u00f2 fidare<\/h4>\n<p>Noi di SX siamo orgogliosi di fornire hardware di alto livello a prezzi ragionevoli. Il nostro <strong>Bretelle angolari con montaggio in metallo<\/strong> combinano durata e convenienza, offrendo prestazioni affidabili senza mettere a dura prova il vostro budget. Grazie al nostro approccio diretto alla fabbrica, otterrete sempre il miglior rapporto qualit\u00e0-prezzo, sia che stiate lavorando a un progetto professionale che a un'opera di miglioramento domestico.<\/p>\n<h4>Costruire con fiducia, risparmiare con SX<\/h4>\n<p>Per quanto riguarda il rinforzo degli angoli, l'SX <strong>Angolo di montaggio in metallo<\/strong> offre la forza e la stabilit\u00e0 su cui potete contare. La semplicit\u00e0 di installazione, il design durevole e la versatilit\u00e0 di applicazione ne fanno un componente essenziale per un'ampia gamma di progetti. E con i nostri imbattibili prezzi di fabbrica, non dovrete sacrificare la qualit\u00e0 per rientrare nel budget. Scegliete SX per soluzioni hardware che offrono affidabilit\u00e0 e valore, ogni volta.<\/p>\n<p>Contatta ora:<span style=\"color: #0000ff;\"><a style=\"color: #0000ff;\" href=\"https:\/\/sxpowercase.com\/contact-us\/\">https:\/\/sxpowercase.com\/<\/a><\/span><\/p>\n<p>Catalogo prodotti hardware:<span style=\"color: #3366ff;\"><a style=\"color: #3366ff;\" href=\"https:\/\/sxpowercase.com\/wp-content\/uploads\/2024\/07\/\u4e94\u91d1.pdf\">Catalogo accessori hardware<\/a><\/span><\/p>","protected":false},"excerpt":{"rendered":"<h3>Morsetti angolari per valigie SX Road: Protezione affidabile per l'attrezzatura<\/h3>\n<p>I morsetti angolari per valigie SX Road offrono un supporto duraturo e un fissaggio sicuro per le vostre valigie. Progettati per i professionisti, questi morsetti offrono una protezione robusta durante il trasporto, il tutto a prezzi scontati.<\/p>\n<h3>Costruito per prestazioni di lunga durata<\/h3>\n<p>Realizzati con materiali di alta qualit\u00e0, i morsetti SX sono progettati per resistere all'uso intensivo. Sia per eventi che per scopi industriali, questi morsetti assicurano che le vostre custodie rimangano intatte e protette.<\/p>\n<h3>Morsetti versatili e facili da installare<\/h3>\n<p>I morsetti angolari per valigie SX Road sono compatibili con diversi modelli di valigie e offrono un'installazione semplice e un adattamento perfetto. Grazie alle opzioni personalizzabili, \u00e8 possibile ottenere soluzioni su misura senza compromettere la convenienza o la qualit\u00e0.<\/p>","protected":false},"featured_media":4175,"comment_status":"open","ping_status":"closed","template":"","meta":[],"product_brand":[],"product_cat":[64],"product_tag":[],"class_list":{"0":"post-4199","1":"product","2":"type-product","3":"status-publish","4":"has-post-thumbnail","6":"product_cat-clamps","8":"first","9":"instock","10":"shipping-taxable","11":"product-type-simple"},"yoast_head":"<!-- This site is optimized with the Yoast SEO Premium plugin v27.1 (Yoast SEO v27.2) - https:\/\/yoast.com\/product\/yoast-seo-premium-wordpress\/ -->\n<title>Metal Fitting Corner Brace CLA104 - https:\/\/sxflightcase.com \ud83d\udc97<\/title>\n<meta name=\"description\" content=\"Metal fitting corner braces, factory direct! High-quality, durable braces for reinforcing and securing corners in various applications. Ideal for enhancing stability and strength in furniture, cases, and structures.\" \/>\n<meta name=\"robots\" content=\"index, follow, max-snippet:-1, max-image-preview:large, max-video-preview:-1\" \/>\n<link rel=\"canonical\" href=\"https:\/\/sxflightcase.com\/it\/\u4ea7\u54c1\/\u91d1\u5c5e\u914d\u4ef6\u89d2\u6491-cla104-2\/\" \/>\n<meta property=\"og:locale\" content=\"it_IT\" \/>\n<meta property=\"og:type\" content=\"article\" \/>\n<meta property=\"og:title\" content=\"Metal Fitting Corner Brace CLA104\" \/>\n<meta property=\"og:description\" content=\"Metal fitting corner braces, factory direct! High-quality, durable braces for reinforcing and securing corners in various applications. Ideal for enhancing stability and strength in furniture, cases, and structures.\" \/>\n<meta property=\"og:url\" content=\"https:\/\/sxflightcase.com\/it\/\u4ea7\u54c1\/\u91d1\u5c5e\u914d\u4ef6\u89d2\u6491-cla104-2\/\" \/>\n<meta property=\"og:site_name\" content=\"https:\/\/sxflightcase.com\" \/>\n<meta property=\"article:publisher\" content=\"https:\/\/www.facebook.com\/profile.php?id=61560407257971\" \/>\n<meta property=\"article:modified_time\" content=\"2024-08-22T06:51:14+00:00\" \/>\n<meta property=\"og:image\" content=\"https:\/\/sxflightcase.com\/wp-content\/uploads\/2024\/08\/CLA104.jpg\" \/>\n\t<meta property=\"og:image:width\" content=\"700\" \/>\n\t<meta property=\"og:image:height\" content=\"700\" \/>\n\t<meta property=\"og:image:type\" content=\"image\/jpeg\" \/>\n<meta name=\"twitter:card\" content=\"summary_large_image\" \/>\n<meta name=\"twitter:label1\" content=\"Tempo di lettura stimato\" \/>\n\t<meta name=\"twitter:data1\" content=\"3 minuti\" \/>\n<script type=\"application\/ld+json\" class=\"yoast-schema-graph\">{\"@context\":\"https:\/\/schema.org\",\"@graph\":[{\"@type\":\"WebPage\",\"@id\":\"https:\/\/sxflightcase.com\/zh\/\u4ea7\u54c1\/\u91d1\u5c5e\u914d\u4ef6\u89d2\u6491-cla104-2\/\",\"url\":\"https:\/\/sxflightcase.com\/zh\/\u4ea7\u54c1\/\u91d1\u5c5e\u914d\u4ef6\u89d2\u6491-cla104-2\/\",\"name\":\"Metal Fitting Corner Brace CLA104 - https:\/\/sxflightcase.com \ud83d\udc97\",\"isPartOf\":{\"@id\":\"https:\/\/sxflightcase.com\/th\/#website\"},\"primaryImageOfPage\":{\"@id\":\"https:\/\/sxflightcase.com\/zh\/\u4ea7\u54c1\/\u91d1\u5c5e\u914d\u4ef6\u89d2\u6491-cla104-2\/#primaryimage\"},\"image\":{\"@id\":\"https:\/\/sxflightcase.com\/zh\/\u4ea7\u54c1\/\u91d1\u5c5e\u914d\u4ef6\u89d2\u6491-cla104-2\/#primaryimage\"},\"thumbnailUrl\":\"https:\/\/sxflightcase.com\/wp-content\/uploads\/2024\/08\/CLA104.jpg\",\"datePublished\":\"2024-08-22T06:51:13+00:00\",\"dateModified\":\"2024-08-22T06:51:14+00:00\",\"description\":\"Metal fitting corner braces, factory direct! High-quality, durable braces for reinforcing and securing corners in various applications. Ideal for enhancing stability and strength in furniture, cases, and structures.\",\"breadcrumb\":{\"@id\":\"https:\/\/sxflightcase.com\/zh\/\u4ea7\u54c1\/\u91d1\u5c5e\u914d\u4ef6\u89d2\u6491-cla104-2\/#breadcrumb\"},\"inLanguage\":\"it-IT\",\"potentialAction\":[{\"@type\":\"ReadAction\",\"target\":[\"https:\/\/sxflightcase.com\/zh\/\u4ea7\u54c1\/\u91d1\u5c5e\u914d\u4ef6\u89d2\u6491-cla104-2\/\"]}]},{\"@type\":\"ImageObject\",\"inLanguage\":\"it-IT\",\"@id\":\"https:\/\/sxflightcase.com\/zh\/\u4ea7\u54c1\/\u91d1\u5c5e\u914d\u4ef6\u89d2\u6491-cla104-2\/#primaryimage\",\"url\":\"https:\/\/sxflightcase.com\/wp-content\/uploads\/2024\/08\/CLA104.jpg\",\"contentUrl\":\"https:\/\/sxflightcase.com\/wp-content\/uploads\/2024\/08\/CLA104.jpg\",\"width\":700,\"height\":700,\"caption\":\"Metal Fitting Corner Brace\"},{\"@type\":\"BreadcrumbList\",\"@id\":\"https:\/\/sxflightcase.com\/zh\/\u4ea7\u54c1\/\u91d1\u5c5e\u914d\u4ef6\u89d2\u6491-cla104-2\/#breadcrumb\",\"itemListElement\":[{\"@type\":\"ListItem\",\"position\":1,\"name\":\"Home\",\"item\":\"https:\/\/sxflightcase.com\/\"},{\"@type\":\"ListItem\",\"position\":2,\"name\":\"\u0e2a\u0e34\u0e19\u0e04\u0e49\u0e32\",\"item\":\"https:\/\/sxflightcase.com\/th\/shop\/\"},{\"@type\":\"ListItem\",\"position\":3,\"name\":\"Metal Fitting Corner Brace CLA104\"}]},{\"@type\":\"WebSite\",\"@id\":\"https:\/\/sxflightcase.com\/th\/#website\",\"url\":\"https:\/\/sxflightcase.com\/th\/\",\"name\":\"sxpowercase.com\",\"description\":\"Flight Case Factory\",\"publisher\":{\"@id\":\"https:\/\/sxflightcase.com\/th\/#organization\"},\"potentialAction\":[{\"@type\":\"SearchAction\",\"target\":{\"@type\":\"EntryPoint\",\"urlTemplate\":\"https:\/\/sxflightcase.com\/th\/?s={search_term_string}\"},\"query-input\":{\"@type\":\"PropertyValueSpecification\",\"valueRequired\":true,\"valueName\":\"search_term_string\"}}],\"inLanguage\":\"it-IT\"},{\"@type\":\"Organization\",\"@id\":\"https:\/\/sxflightcase.com\/th\/#organization\",\"name\":\"sxpowercase.com\",\"url\":\"https:\/\/sxflightcase.com\/th\/\",\"logo\":{\"@type\":\"ImageObject\",\"inLanguage\":\"it-IT\",\"@id\":\"https:\/\/sxflightcase.com\/th\/#\/schema\/logo\/image\/\",\"url\":\"https:\/\/sxflightcase.com\/wp-content\/uploads\/2024\/04\/1713919036007.jpg\",\"contentUrl\":\"https:\/\/sxflightcase.com\/wp-content\/uploads\/2024\/04\/1713919036007.jpg\",\"width\":382,\"height\":388,\"caption\":\"sxpowercase.com\"},\"image\":{\"@id\":\"https:\/\/sxflightcase.com\/th\/#\/schema\/logo\/image\/\"},\"sameAs\":[\"https:\/\/www.facebook.com\/profile.php?id=61560407257971\"],\"numberOfEmployees\":{\"@type\":\"QuantitativeValue\",\"minValue\":\"11\",\"maxValue\":\"50\"}}]}<\/script>\n<!-- \/ Yoast SEO Premium plugin. -->","yoast_head_json":{"title":"Metal Fitting Corner Brace CLA104 - https:\/\/sxflightcase.com \ud83d\udc97","description":"Supporti angolari in metallo, direttamente dalla fabbrica! Bretelle durevoli e di alta qualit\u00e0 per rinforzare e fissare gli angoli in varie applicazioni. Ideali per migliorare la stabilit\u00e0 e la resistenza di mobili, casse e strutture.","robots":{"index":"index","follow":"follow","max-snippet":"max-snippet:-1","max-image-preview":"max-image-preview:large","max-video-preview":"max-video-preview:-1"},"canonical":"https:\/\/sxflightcase.com\/it\/\u4ea7\u54c1\/\u91d1\u5c5e\u914d\u4ef6\u89d2\u6491-cla104-2\/","og_locale":"it_IT","og_type":"article","og_title":"Metal Fitting Corner Brace CLA104","og_description":"Metal fitting corner braces, factory direct! High-quality, durable braces for reinforcing and securing corners in various applications. Ideal for enhancing stability and strength in furniture, cases, and structures.","og_url":"https:\/\/sxflightcase.com\/it\/\u4ea7\u54c1\/\u91d1\u5c5e\u914d\u4ef6\u89d2\u6491-cla104-2\/","og_site_name":"https:\/\/sxflightcase.com","article_publisher":"https:\/\/www.facebook.com\/profile.php?id=61560407257971","article_modified_time":"2024-08-22T06:51:14+00:00","og_image":[{"width":700,"height":700,"url":"https:\/\/sxflightcase.com\/wp-content\/uploads\/2024\/08\/CLA104.jpg","type":"image\/jpeg"}],"twitter_card":"summary_large_image","twitter_misc":{"Tempo di lettura stimato":"3 minuti"},"schema":{"@context":"https:\/\/schema.org","@graph":[{"@type":"WebPage","@id":"https:\/\/sxflightcase.com\/zh\/\u4ea7\u54c1\/\u91d1\u5c5e\u914d\u4ef6\u89d2\u6491-cla104-2\/","url":"https:\/\/sxflightcase.com\/zh\/\u4ea7\u54c1\/\u91d1\u5c5e\u914d\u4ef6\u89d2\u6491-cla104-2\/","name":"Metal Fitting Corner Brace CLA104 - https:\/\/sxflightcase.com \ud83d\udc97","isPartOf":{"@id":"https:\/\/sxflightcase.com\/th\/#website"},"primaryImageOfPage":{"@id":"https:\/\/sxflightcase.com\/zh\/\u4ea7\u54c1\/\u91d1\u5c5e\u914d\u4ef6\u89d2\u6491-cla104-2\/#primaryimage"},"image":{"@id":"https:\/\/sxflightcase.com\/zh\/\u4ea7\u54c1\/\u91d1\u5c5e\u914d\u4ef6\u89d2\u6491-cla104-2\/#primaryimage"},"thumbnailUrl":"https:\/\/sxflightcase.com\/wp-content\/uploads\/2024\/08\/CLA104.jpg","datePublished":"2024-08-22T06:51:13+00:00","dateModified":"2024-08-22T06:51:14+00:00","description":"Supporti angolari in metallo, direttamente dalla fabbrica! Bretelle durevoli e di alta qualit\u00e0 per rinforzare e fissare gli angoli in varie applicazioni. Ideali per migliorare la stabilit\u00e0 e la resistenza di mobili, casse e strutture.","breadcrumb":{"@id":"https:\/\/sxflightcase.com\/zh\/\u4ea7\u54c1\/\u91d1\u5c5e\u914d\u4ef6\u89d2\u6491-cla104-2\/#breadcrumb"},"inLanguage":"it-IT","potentialAction":[{"@type":"ReadAction","target":["https:\/\/sxflightcase.com\/zh\/\u4ea7\u54c1\/\u91d1\u5c5e\u914d\u4ef6\u89d2\u6491-cla104-2\/"]}]},{"@type":"ImageObject","inLanguage":"it-IT","@id":"https:\/\/sxflightcase.com\/zh\/\u4ea7\u54c1\/\u91d1\u5c5e\u914d\u4ef6\u89d2\u6491-cla104-2\/#primaryimage","url":"https:\/\/sxflightcase.com\/wp-content\/uploads\/2024\/08\/CLA104.jpg","contentUrl":"https:\/\/sxflightcase.com\/wp-content\/uploads\/2024\/08\/CLA104.jpg","width":700,"height":700,"caption":"Metal Fitting Corner Brace"},{"@type":"BreadcrumbList","@id":"https:\/\/sxflightcase.com\/zh\/\u4ea7\u54c1\/\u91d1\u5c5e\u914d\u4ef6\u89d2\u6491-cla104-2\/#breadcrumb","itemListElement":[{"@type":"ListItem","position":1,"name":"Home","item":"https:\/\/sxflightcase.com\/"},{"@type":"ListItem","position":2,"name":"\u0e2a\u0e34\u0e19\u0e04\u0e49\u0e32","item":"https:\/\/sxflightcase.com\/th\/shop\/"},{"@type":"ListItem","position":3,"name":"Metal Fitting Corner Brace CLA104"}]},{"@type":"WebSite","@id":"https:\/\/sxflightcase.com\/th\/#website","url":"https:\/\/sxflightcase.com\/th\/","name":"sxpowercase.com","description":"Fabbrica di Flight Case","publisher":{"@id":"https:\/\/sxflightcase.com\/th\/#organization"},"potentialAction":[{"@type":"SearchAction","target":{"@type":"EntryPoint","urlTemplate":"https:\/\/sxflightcase.com\/th\/?s={search_term_string}"},"query-input":{"@type":"PropertyValueSpecification","valueRequired":true,"valueName":"search_term_string"}}],"inLanguage":"it-IT"},{"@type":"Organization","@id":"https:\/\/sxflightcase.com\/th\/#organization","name":"sxpowercase.com","url":"https:\/\/sxflightcase.com\/th\/","logo":{"@type":"ImageObject","inLanguage":"it-IT","@id":"https:\/\/sxflightcase.com\/th\/#\/schema\/logo\/image\/","url":"https:\/\/sxflightcase.com\/wp-content\/uploads\/2024\/04\/1713919036007.jpg","contentUrl":"https:\/\/sxflightcase.com\/wp-content\/uploads\/2024\/04\/1713919036007.jpg","width":382,"height":388,"caption":"sxpowercase.com"},"image":{"@id":"https:\/\/sxflightcase.com\/th\/#\/schema\/logo\/image\/"},"sameAs":["https:\/\/www.facebook.com\/profile.php?id=61560407257971"],"numberOfEmployees":{"@type":"QuantitativeValue","minValue":"11","maxValue":"50"}}]}},"_links":{"self":[{"href":"https:\/\/sxflightcase.com\/it\/wp-json\/wp\/v2\/product\/4199","targetHints":{"allow":["GET"]}}],"collection":[{"href":"https:\/\/sxflightcase.com\/it\/wp-json\/wp\/v2\/product"}],"about":[{"href":"https:\/\/sxflightcase.com\/it\/wp-json\/wp\/v2\/types\/product"}],"replies":[{"embeddable":true,"href":"https:\/\/sxflightcase.com\/it\/wp-json\/wp\/v2\/comments?post=4199"}],"version-history":[{"count":0,"href":"https:\/\/sxflightcase.com\/it\/wp-json\/wp\/v2\/product\/4199\/revisions"}],"wp:featuredmedia":[{"embeddable":true,"href":"https:\/\/sxflightcase.com\/it\/wp-json\/wp\/v2\/media\/4175"}],"wp:attachment":[{"href":"https:\/\/sxflightcase.com\/it\/wp-json\/wp\/v2\/media?parent=4199"}],"wp:term":[{"taxonomy":"product_brand","embeddable":true,"href":"https:\/\/sxflightcase.com\/it\/wp-json\/wp\/v2\/product_brand?post=4199"},{"taxonomy":"product_cat","embeddable":true,"href":"https:\/\/sxflightcase.com\/it\/wp-json\/wp\/v2\/product_cat?post=4199"},{"taxonomy":"product_tag","embeddable":true,"href":"https:\/\/sxflightcase.com\/it\/wp-json\/wp\/v2\/product_tag?post=4199"}],"curies":[{"name":"wp","href":"https:\/\/api.w.org\/{rel}","templated":true}]}}