{"id":4206,"date":"2024-08-23T07:12:40","date_gmt":"2024-08-23T06:12:40","guid":{"rendered":"https:\/\/sxpowercase.com\/?post_type=product&#038;p=4206"},"modified":"2024-08-23T07:12:59","modified_gmt":"2024-08-23T06:12:59","slug":"corner-brackets","status":"publish","type":"product","link":"https:\/\/sxflightcase.com\/it\/prodotto\/staffe-angolari\/","title":{"rendered":"Staffe d'angolo CLA301"},"content":{"rendered":"<h3>Staffe d'angolo SX: Supporto di alta qualit\u00e0 a prezzi di fabbrica<\/h3>\n<h4>Rafforzare le strutture con facilit\u00e0<\/h4>\n<p>Quando la stabilit\u00e0 \u00e8 importante, SX <span style=\"color: #3366ff;\"><a style=\"color: #3366ff;\" href=\"https:\/\/sxpowercase.com\/product\/corner-brackets-cla201\/\"><strong>Staffe d'angolo<\/strong><\/a><\/span> offrono la soluzione perfetta per rinforzare i vostri progetti. Queste staffe affidabili sono realizzate in metallo di alta qualit\u00e0 e progettate per offrire prestazioni di lunga durata. Offrendo prezzi di fabbrica, SX vi garantisce una ferramenta di alta qualit\u00e0 senza costi eccessivi.<\/p>\n<h4>Costruito per durare e resistere<\/h4>\n<p><a title=\"Sx\" href=\"https:\/\/sxpowercase.com\/\" target=\"_blank\" rel=\"noopener\" data-wpil-monitor-id=\"689\">Sx<\/a> <strong>Staffe d'angolo<\/strong> sono realizzati per soddisfare le esigenze di applicazioni leggere e pesanti. La struttura robusta fornisce un supporto affidabile per una variet\u00e0 di attivit\u00e0, dal miglioramento della casa ai lavori industriali su larga scala. Con i nostri prezzi diretti alla fabbrica, riceverete ferramenta di qualit\u00e0 superiore a una frazione del costo tipico di vendita al dettaglio, rendendo pi\u00f9 facile il rispetto del budget senza sacrificare la qualit\u00e0.<\/p>\n<h4>Installazione semplice per qualsiasi progetto<\/h4>\n<p>Progettato per un'installazione facile e veloce, SX <strong>Staffe d'angolo<\/strong> sono ideali per qualsiasi livello di abilit\u00e0, dai principianti ai professionisti esperti. Che si tratti di fissare mobili, costruire telai o rinforzare strutture, queste staffe versatili si adattano perfettamente a vari usi. Il nostro modello di prezzo diretto alla fabbrica garantisce la convenienza, pur mantenendo rigorosi standard di qualit\u00e0.<\/p>\n<h4>Su misura per le vostre esigenze specifiche<\/h4>\n<p>SX sa che progetti diversi richiedono soluzioni diverse. Ecco perch\u00e9 i nostri <strong>Staffe d'angolo<\/strong> sono disponibili con opzioni personalizzabili per adattarsi alle vostre esigenze. Che abbiate bisogno di dimensioni, materiali o finiture specifiche, siamo in grado di fornire soluzioni su misura, pur mantenendo bassi i costi. L'approccio diretto dalla fabbrica ci permette di trasferire i risparmi direttamente a voi, in modo che possiate ottenere una qualit\u00e0 personalizzata senza spendere troppo.<\/p>\n<h4>Affidato da professionisti ed esperti del fai-da-te in tutto il mondo<\/h4>\n<p>SX si \u00e8 costruita una reputazione per la fornitura di hardware affidabile di cui si fidano i professionisti e gli appassionati del fai-da-te. Il nostro <strong>Staffe d'angolo<\/strong> sono progettati per soddisfare gli standard pi\u00f9 elevati, il che li rende una scelta popolare in diversi settori. Grazie ai risparmi ottenuti direttamente in fabbrica, potrete usufruire di prodotti durevoli che non sforzeranno il vostro budget, permettendovi di concentrarvi sulla realizzazione dei vostri progetti in modo efficiente.<\/p>\n<h4>Qualit\u00e0 garantita, prezzo ottimizzato<\/h4>\n<p>Con SX non dovrete scegliere tra qualit\u00e0 e convenienza. Il nostro <strong>Staffe d'angolo<\/strong> sono sottoposti a rigorosi controlli di qualit\u00e0 per garantire che soddisfino le vostre aspettative. Eliminando gli intermediari inutili e distribuendo direttamente, vi forniamo ferramenta di alta qualit\u00e0 a prezzi competitivi, rendendoci un partner fidato per progetti grandi e piccoli.<\/p>\n<h4>Perfetto per applicazioni residenziali e commerciali<\/h4>\n<p>Sx <strong>Staffe d'angolo<\/strong> offrono una versatilit\u00e0 ineguagliabile per le pi\u00f9 svariate esigenze di costruzione. Il loro design robusto garantisce la sicurezza di tutto ci\u00f2 che si costruisce, sia che si lavori su armadi, scaffali o installazioni pi\u00f9 grandi. I nostri prezzi diretti alla fabbrica vi garantiscono prodotti affidabili al miglior prezzo possibile, rendendo SX la vostra fonte di riferimento per le soluzioni di ferramenta affidabili.<\/p>\n<h4>Scegliete SX per il vostro prossimo progetto<\/h4>\n<p>Quando avete bisogno di un supporto affidabile per le vostre costruzioni, SX <strong>Staffe d'angolo<\/strong> offrono qualit\u00e0, durata e risparmio. I nostri prezzi di fabbrica e le opzioni personalizzabili rendono facile trovare le staffe giuste per ogni lavoro, mantenendo i costi bassi. Dagli appassionati del fai-da-te ai professionisti del settore, SX \u00e8 la scelta intelligente per una ferramenta di qualit\u00e0 che si adatta al vostro budget.<\/p>\n<p>Contatta ora:<span style=\"color: #0000ff;\"><a style=\"color: #0000ff;\" href=\"https:\/\/sxpowercase.com\/contact-us\/\">https:\/\/sxpowercase.com\/<\/a><\/span><\/p>\n<p>Catalogo prodotti hardware:<span style=\"color: #3366ff;\"><a style=\"color: #3366ff;\" href=\"https:\/\/sxpowercase.com\/wp-content\/uploads\/2024\/07\/\u4e94\u91d1.pdf\">Catalogo accessori hardware<\/a><\/span><\/p>","protected":false},"excerpt":{"rendered":"<h3>Staffe d'angolo SX: Assistenza affidabile, prezzi diretti in fabbrica<\/h3>\n<p>Le staffe angolari SX forniscono un solido rinforzo per qualsiasi progetto, dalle costruzioni fai-da-te alle applicazioni industriali. Realizzate con materiali ad alta resistenza, offrono una lunga durata a un prezzo accessibile.<\/p>\n<h3>Versatile e facile da installare<\/h3>\n<p>Le staffe angolari SX sono progettate per un'installazione rapida e semplice e sono ideali per una vasta gamma di progetti. Grazie ai prezzi di fabbrica, si ottiene una ferramenta affidabile, versatile e conveniente.<\/p>\n<h3>Soluzioni personalizzate per progetti unici<\/h3>\n<p>SX offre opzioni personalizzabili per le sue staffe angolari, assicurandovi l'adattamento perfetto alle vostre esigenze specifiche. Ottenete hardware di qualit\u00e0 su misura per le vostre esigenze senza spendere troppo.<\/p>","protected":false},"featured_media":4177,"comment_status":"open","ping_status":"closed","template":"","meta":[],"product_brand":[],"product_cat":[64],"product_tag":[],"class_list":{"0":"post-4206","1":"product","2":"type-product","3":"status-publish","4":"has-post-thumbnail","6":"product_cat-clamps","8":"first","9":"instock","10":"shipping-taxable","11":"product-type-simple"},"yoast_head":"<!-- This site is optimized with the Yoast SEO Premium plugin v27.1 (Yoast SEO v27.2) - https:\/\/yoast.com\/product\/yoast-seo-premium-wordpress\/ -->\n<title>Corner Brackets CLA301 - https:\/\/sxflightcase.com \ud83d\udc97<\/title>\n<meta name=\"description\" content=\"Corner brackets, factory direct! High-quality, durable brackets for reinforcing and securing corners in furniture, cabinets, and cases. Ideal for added stability and strength in various applications.\" \/>\n<meta name=\"robots\" content=\"index, follow, max-snippet:-1, max-image-preview:large, max-video-preview:-1\" \/>\n<link rel=\"canonical\" href=\"https:\/\/sxflightcase.com\/it\/prodotto\/staffe-angolari\/\" \/>\n<meta property=\"og:locale\" content=\"it_IT\" \/>\n<meta property=\"og:type\" content=\"article\" \/>\n<meta property=\"og:title\" content=\"Corner Brackets CLA301\" \/>\n<meta property=\"og:description\" content=\"Corner brackets, factory direct! High-quality, durable brackets for reinforcing and securing corners in furniture, cabinets, and cases. Ideal for added stability and strength in various applications.\" \/>\n<meta property=\"og:url\" content=\"https:\/\/sxflightcase.com\/it\/prodotto\/staffe-angolari\/\" \/>\n<meta property=\"og:site_name\" content=\"https:\/\/sxflightcase.com\" \/>\n<meta property=\"article:publisher\" content=\"https:\/\/www.facebook.com\/profile.php?id=61560407257971\" \/>\n<meta property=\"article:modified_time\" content=\"2024-08-23T06:12:59+00:00\" \/>\n<meta property=\"og:image\" content=\"https:\/\/sxflightcase.com\/wp-content\/uploads\/2024\/08\/CLA301.jpg\" \/>\n\t<meta property=\"og:image:width\" content=\"700\" \/>\n\t<meta property=\"og:image:height\" content=\"700\" \/>\n\t<meta property=\"og:image:type\" content=\"image\/jpeg\" \/>\n<meta name=\"twitter:card\" content=\"summary_large_image\" \/>\n<meta name=\"twitter:label1\" content=\"Tempo di lettura stimato\" \/>\n\t<meta name=\"twitter:data1\" content=\"3 minuti\" \/>\n<script type=\"application\/ld+json\" class=\"yoast-schema-graph\">{\"@context\":\"https:\/\/schema.org\",\"@graph\":[{\"@type\":\"WebPage\",\"@id\":\"https:\/\/sxflightcase.com\/product\/corner-brackets\/\",\"url\":\"https:\/\/sxflightcase.com\/product\/corner-brackets\/\",\"name\":\"Corner Brackets CLA301 - https:\/\/sxflightcase.com \ud83d\udc97\",\"isPartOf\":{\"@id\":\"https:\/\/sxflightcase.com\/th\/#website\"},\"primaryImageOfPage\":{\"@id\":\"https:\/\/sxflightcase.com\/product\/corner-brackets\/#primaryimage\"},\"image\":{\"@id\":\"https:\/\/sxflightcase.com\/product\/corner-brackets\/#primaryimage\"},\"thumbnailUrl\":\"https:\/\/sxflightcase.com\/wp-content\/uploads\/2024\/08\/CLA301.jpg\",\"datePublished\":\"2024-08-23T06:12:40+00:00\",\"dateModified\":\"2024-08-23T06:12:59+00:00\",\"description\":\"Corner brackets, factory direct! High-quality, durable brackets for reinforcing and securing corners in furniture, cabinets, and cases. Ideal for added stability and strength in various applications.\",\"breadcrumb\":{\"@id\":\"https:\/\/sxflightcase.com\/product\/corner-brackets\/#breadcrumb\"},\"inLanguage\":\"it-IT\",\"potentialAction\":[{\"@type\":\"ReadAction\",\"target\":[\"https:\/\/sxflightcase.com\/product\/corner-brackets\/\"]}]},{\"@type\":\"ImageObject\",\"inLanguage\":\"it-IT\",\"@id\":\"https:\/\/sxflightcase.com\/product\/corner-brackets\/#primaryimage\",\"url\":\"https:\/\/sxflightcase.com\/wp-content\/uploads\/2024\/08\/CLA301.jpg\",\"contentUrl\":\"https:\/\/sxflightcase.com\/wp-content\/uploads\/2024\/08\/CLA301.jpg\",\"width\":700,\"height\":700,\"caption\":\"Corner Brackets\"},{\"@type\":\"BreadcrumbList\",\"@id\":\"https:\/\/sxflightcase.com\/product\/corner-brackets\/#breadcrumb\",\"itemListElement\":[{\"@type\":\"ListItem\",\"position\":1,\"name\":\"Home\",\"item\":\"https:\/\/sxflightcase.com\/\"},{\"@type\":\"ListItem\",\"position\":2,\"name\":\"\u0e2a\u0e34\u0e19\u0e04\u0e49\u0e32\",\"item\":\"https:\/\/sxflightcase.com\/th\/shop\/\"},{\"@type\":\"ListItem\",\"position\":3,\"name\":\"Corner Brackets CLA301\"}]},{\"@type\":\"WebSite\",\"@id\":\"https:\/\/sxflightcase.com\/th\/#website\",\"url\":\"https:\/\/sxflightcase.com\/th\/\",\"name\":\"sxpowercase.com\",\"description\":\"Flight Case Factory\",\"publisher\":{\"@id\":\"https:\/\/sxflightcase.com\/th\/#organization\"},\"potentialAction\":[{\"@type\":\"SearchAction\",\"target\":{\"@type\":\"EntryPoint\",\"urlTemplate\":\"https:\/\/sxflightcase.com\/th\/?s={search_term_string}\"},\"query-input\":{\"@type\":\"PropertyValueSpecification\",\"valueRequired\":true,\"valueName\":\"search_term_string\"}}],\"inLanguage\":\"it-IT\"},{\"@type\":\"Organization\",\"@id\":\"https:\/\/sxflightcase.com\/th\/#organization\",\"name\":\"sxpowercase.com\",\"url\":\"https:\/\/sxflightcase.com\/th\/\",\"logo\":{\"@type\":\"ImageObject\",\"inLanguage\":\"it-IT\",\"@id\":\"https:\/\/sxflightcase.com\/th\/#\/schema\/logo\/image\/\",\"url\":\"https:\/\/sxflightcase.com\/wp-content\/uploads\/2024\/04\/1713919036007.jpg\",\"contentUrl\":\"https:\/\/sxflightcase.com\/wp-content\/uploads\/2024\/04\/1713919036007.jpg\",\"width\":382,\"height\":388,\"caption\":\"sxpowercase.com\"},\"image\":{\"@id\":\"https:\/\/sxflightcase.com\/th\/#\/schema\/logo\/image\/\"},\"sameAs\":[\"https:\/\/www.facebook.com\/profile.php?id=61560407257971\"],\"numberOfEmployees\":{\"@type\":\"QuantitativeValue\",\"minValue\":\"11\",\"maxValue\":\"50\"}}]}<\/script>\n<!-- \/ Yoast SEO Premium plugin. -->","yoast_head_json":{"title":"Corner Brackets CLA301 - https:\/\/sxflightcase.com \ud83d\udc97","description":"Staffe per angoli, direttamente dalla fabbrica! Staffe durevoli e di alta qualit\u00e0 per rinforzare e fissare gli angoli di mobili, armadi e casse. Ideali per aggiungere stabilit\u00e0 e forza in varie applicazioni.","robots":{"index":"index","follow":"follow","max-snippet":"max-snippet:-1","max-image-preview":"max-image-preview:large","max-video-preview":"max-video-preview:-1"},"canonical":"https:\/\/sxflightcase.com\/it\/prodotto\/staffe-angolari\/","og_locale":"it_IT","og_type":"article","og_title":"Corner Brackets CLA301","og_description":"Corner brackets, factory direct! High-quality, durable brackets for reinforcing and securing corners in furniture, cabinets, and cases. Ideal for added stability and strength in various applications.","og_url":"https:\/\/sxflightcase.com\/it\/prodotto\/staffe-angolari\/","og_site_name":"https:\/\/sxflightcase.com","article_publisher":"https:\/\/www.facebook.com\/profile.php?id=61560407257971","article_modified_time":"2024-08-23T06:12:59+00:00","og_image":[{"width":700,"height":700,"url":"https:\/\/sxflightcase.com\/wp-content\/uploads\/2024\/08\/CLA301.jpg","type":"image\/jpeg"}],"twitter_card":"summary_large_image","twitter_misc":{"Tempo di lettura stimato":"3 minuti"},"schema":{"@context":"https:\/\/schema.org","@graph":[{"@type":"WebPage","@id":"https:\/\/sxflightcase.com\/product\/corner-brackets\/","url":"https:\/\/sxflightcase.com\/product\/corner-brackets\/","name":"Corner Brackets CLA301 - https:\/\/sxflightcase.com \ud83d\udc97","isPartOf":{"@id":"https:\/\/sxflightcase.com\/th\/#website"},"primaryImageOfPage":{"@id":"https:\/\/sxflightcase.com\/product\/corner-brackets\/#primaryimage"},"image":{"@id":"https:\/\/sxflightcase.com\/product\/corner-brackets\/#primaryimage"},"thumbnailUrl":"https:\/\/sxflightcase.com\/wp-content\/uploads\/2024\/08\/CLA301.jpg","datePublished":"2024-08-23T06:12:40+00:00","dateModified":"2024-08-23T06:12:59+00:00","description":"Staffe per angoli, direttamente dalla fabbrica! Staffe durevoli e di alta qualit\u00e0 per rinforzare e fissare gli angoli di mobili, armadi e casse. Ideali per aggiungere stabilit\u00e0 e forza in varie applicazioni.","breadcrumb":{"@id":"https:\/\/sxflightcase.com\/product\/corner-brackets\/#breadcrumb"},"inLanguage":"it-IT","potentialAction":[{"@type":"ReadAction","target":["https:\/\/sxflightcase.com\/product\/corner-brackets\/"]}]},{"@type":"ImageObject","inLanguage":"it-IT","@id":"https:\/\/sxflightcase.com\/product\/corner-brackets\/#primaryimage","url":"https:\/\/sxflightcase.com\/wp-content\/uploads\/2024\/08\/CLA301.jpg","contentUrl":"https:\/\/sxflightcase.com\/wp-content\/uploads\/2024\/08\/CLA301.jpg","width":700,"height":700,"caption":"Corner Brackets"},{"@type":"BreadcrumbList","@id":"https:\/\/sxflightcase.com\/product\/corner-brackets\/#breadcrumb","itemListElement":[{"@type":"ListItem","position":1,"name":"Home","item":"https:\/\/sxflightcase.com\/"},{"@type":"ListItem","position":2,"name":"\u0e2a\u0e34\u0e19\u0e04\u0e49\u0e32","item":"https:\/\/sxflightcase.com\/th\/shop\/"},{"@type":"ListItem","position":3,"name":"Corner Brackets CLA301"}]},{"@type":"WebSite","@id":"https:\/\/sxflightcase.com\/th\/#website","url":"https:\/\/sxflightcase.com\/th\/","name":"sxpowercase.com","description":"Fabbrica di Flight Case","publisher":{"@id":"https:\/\/sxflightcase.com\/th\/#organization"},"potentialAction":[{"@type":"SearchAction","target":{"@type":"EntryPoint","urlTemplate":"https:\/\/sxflightcase.com\/th\/?s={search_term_string}"},"query-input":{"@type":"PropertyValueSpecification","valueRequired":true,"valueName":"search_term_string"}}],"inLanguage":"it-IT"},{"@type":"Organization","@id":"https:\/\/sxflightcase.com\/th\/#organization","name":"sxpowercase.com","url":"https:\/\/sxflightcase.com\/th\/","logo":{"@type":"ImageObject","inLanguage":"it-IT","@id":"https:\/\/sxflightcase.com\/th\/#\/schema\/logo\/image\/","url":"https:\/\/sxflightcase.com\/wp-content\/uploads\/2024\/04\/1713919036007.jpg","contentUrl":"https:\/\/sxflightcase.com\/wp-content\/uploads\/2024\/04\/1713919036007.jpg","width":382,"height":388,"caption":"sxpowercase.com"},"image":{"@id":"https:\/\/sxflightcase.com\/th\/#\/schema\/logo\/image\/"},"sameAs":["https:\/\/www.facebook.com\/profile.php?id=61560407257971"],"numberOfEmployees":{"@type":"QuantitativeValue","minValue":"11","maxValue":"50"}}]}},"_links":{"self":[{"href":"https:\/\/sxflightcase.com\/it\/wp-json\/wp\/v2\/product\/4206","targetHints":{"allow":["GET"]}}],"collection":[{"href":"https:\/\/sxflightcase.com\/it\/wp-json\/wp\/v2\/product"}],"about":[{"href":"https:\/\/sxflightcase.com\/it\/wp-json\/wp\/v2\/types\/product"}],"replies":[{"embeddable":true,"href":"https:\/\/sxflightcase.com\/it\/wp-json\/wp\/v2\/comments?post=4206"}],"version-history":[{"count":0,"href":"https:\/\/sxflightcase.com\/it\/wp-json\/wp\/v2\/product\/4206\/revisions"}],"wp:featuredmedia":[{"embeddable":true,"href":"https:\/\/sxflightcase.com\/it\/wp-json\/wp\/v2\/media\/4177"}],"wp:attachment":[{"href":"https:\/\/sxflightcase.com\/it\/wp-json\/wp\/v2\/media?parent=4206"}],"wp:term":[{"taxonomy":"product_brand","embeddable":true,"href":"https:\/\/sxflightcase.com\/it\/wp-json\/wp\/v2\/product_brand?post=4206"},{"taxonomy":"product_cat","embeddable":true,"href":"https:\/\/sxflightcase.com\/it\/wp-json\/wp\/v2\/product_cat?post=4206"},{"taxonomy":"product_tag","embeddable":true,"href":"https:\/\/sxflightcase.com\/it\/wp-json\/wp\/v2\/product_tag?post=4206"}],"curies":[{"name":"wp","href":"https:\/\/api.w.org\/{rel}","templated":true}]}}