{"id":4355,"date":"2024-09-11T06:59:14","date_gmt":"2024-09-11T05:59:14","guid":{"rendered":"https:\/\/sxpowercase.com\/?post_type=product&#038;p=4355"},"modified":"2024-09-11T06:59:15","modified_gmt":"2024-09-11T05:59:15","slug":"panel-rack-rab205","status":"publish","type":"product","link":"https:\/\/sxflightcase.com\/it\/prodotto\/rack-a-pannello-rab205-2\/","title":{"rendered":"Pannello Rack RAB205"},"content":{"rendered":"<h3>Rack per pannelli di alta qualit\u00e0 di SX a prezzi convenienti<\/h3>\n<p>Quando si cerca un'azienda affidabile <a href=\"https:\/\/sxpowercase.com\/product\/rack-panel-rab204\/\"><strong>Pannello Rack<\/strong><\/a>, <strong>Sx<\/strong> vi copre. I nostri rack per pannelli sono progettati per fornire un supporto robusto e la massima funzionalit\u00e0, pur mantenendo un prezzo accessibile. Con <strong>Sx<\/strong>La qualit\u00e0 dura nel tempo senza spendere troppo.<\/p>\n<h3>Design resistente e prestazioni affidabili<\/h3>\n<p>A <strong><a href=\"https:\/\/sxpowercase.com\/\" target=\"_blank\" rel=\"noopener\" title=\"Sx\" data-wpil-monitor-id=\"742\">Sx<\/a><\/strong>La nostra priorit\u00e0 \u00e8 la durata e le prestazioni. Ogni <strong>Pannello Rack<\/strong> I rack che produciamo sono costruiti con materiali di alta qualit\u00e0 per garantire che siano in grado di gestire gli ambienti pi\u00f9 difficili. Sia che lo si utilizzi in un ambiente commerciale o in uno studio domestico, i nostri rack garantiscono una stabilit\u00e0 di lunga durata.<\/p>\n<h3>Facile da installare, risparmio diretto dalla fabbrica<\/h3>\n<p>Nostro <strong>Rack per pannelli<\/strong> sono progettati per un'installazione rapida, rendendo il processo di installazione agevole e senza problemi. Inoltre, grazie al nostro modello factory direct, possiamo offrire questi prodotti di qualit\u00e0 superiore a prezzi significativamente inferiori. Ci\u00f2 significa che potrete ottenere un'apparecchiatura di alto livello senza pagare un sovrapprezzo.<\/p>\n<h3>Qualit\u00e0 affidabile, garantita<\/h3>\n<p><strong>Sx<\/strong> \u00e8 in grado di garantire la qualit\u00e0 di ogni <strong>Pannello Rack<\/strong> produciamo. Test rigorosi garantiscono che ogni prodotto soddisfi i nostri elevati standard di resistenza e durata. Potete contare sui nostri scaffali per mantenere le vostre attrezzature al sicuro e organizzate, indipendentemente dall'applicazione.<\/p>\n<h3>Perfetto per molteplici applicazioni<\/h3>\n<p>Sia che si tratti di allestire un sistema AV o di gestire una sala server, <strong>Sx<\/strong> <strong>Rack per pannelli<\/strong> sono abbastanza versatili da soddisfare tutte le vostre esigenze. Il loro design adattabile li rende ideali per varie configurazioni, garantendo la compatibilit\u00e0 con un'ampia gamma di apparecchiature. Con <strong>Sx<\/strong>, avete una soluzione che fa al caso vostro.<\/p>\n<h3>Rapporto qualit\u00e0\/prezzo con le vendite dirette in fabbrica<\/h3>\n<p>A <strong>Sx<\/strong>Crediamo che le soluzioni di alta qualit\u00e0 debbano essere anche accessibili. Il nostro modello di vendita diretta in fabbrica ci permette di offrire i nostri prodotti di qualit\u00e0 superiore. <strong>Rack per pannelli<\/strong> a prezzi imbattibili. Con <strong>Sx<\/strong>In questo modo si ottiene la migliore qualit\u00e0 senza costi elevati, garantendo un vero e proprio rapporto qualit\u00e0-prezzo.<\/p>\n<h3>La scelta affidabile dei professionisti di tutto il mondo<\/h3>\n<p>I professionisti di tutto il mondo scelgono <strong>Rack per pannelli SX<\/strong> per la loro affidabilit\u00e0 e il loro valore. Dai professionisti IT ai tecnici audio, i nostri rack sono affidabili per la loro durata e le loro prestazioni in qualsiasi ambiente. Con <strong>Sx<\/strong>Scegliete un marchio noto per la qualit\u00e0 e la fiducia.<\/p>\n<p>Se avete bisogno di prestazioni elevate e convenienti <strong>Rack per pannelli<\/strong>, <strong>Sx<\/strong> \u00e8 il nome su cui contare. La qualit\u00e0 \u00e8 garantita, i prezzi sono bassi e l'installazione \u00e8 un gioco da ragazzi. Scegliere <strong>Sx<\/strong> per la vostra prossima soluzione rack e sperimentate un'affidabilit\u00e0 di alto livello senza costi elevati.<\/p>\n<ol>\n<li>Contatta ora:<span style=\"color: #0000ff;\"><a style=\"color: #0000ff;\" href=\"https:\/\/sxpowercase.com\/contact-us\/\">https:\/\/sxpowercase.com\/<\/a><\/span><\/li>\n<li>Catalogo prodotti hardware:<span style=\"color: #0000ff;\"><a style=\"color: #0000ff;\" href=\"https:\/\/sxpowercase.com\/wp-content\/uploads\/2024\/07\/\u4e94\u91d1.pdf\">Catalogo accessori hardware<\/a><\/span><\/li>\n<\/ol>","protected":false},"excerpt":{"rendered":"<h3>Pannelli rack SX: Alta qualit\u00e0 a prezzi di fabbrica<\/h3>\n<p>SX offre pannelli rack durevoli realizzati con materiali di prima qualit\u00e0, garantendo una qualit\u00e0 di alto livello a prezzi convenienti e diretti.<\/p>\n<h3>Installazione rapida e uso versatile<\/h3>\n<p>I nostri pannelli rack sono progettati per facilitare l'installazione e la compatibilit\u00e0 con vari sistemi, assicurando un adattamento sicuro a qualsiasi configurazione.<\/p>\n<h3>Affidati da professionisti di tutto il mondo<\/h3>\n<p>I professionisti si affidano ai pannelli rack SX per la loro durata, le prestazioni e la rigorosa garanzia di qualit\u00e0, che li rendono la scelta ideale per il montaggio delle apparecchiature.<\/p>","protected":false},"featured_media":4282,"comment_status":"open","ping_status":"closed","template":"","meta":[],"product_brand":[],"product_cat":[66],"product_tag":[],"class_list":{"0":"post-4355","1":"product","2":"type-product","3":"status-publish","4":"has-post-thumbnail","6":"product_cat-rack-hardware","8":"first","9":"instock","10":"shipping-taxable","11":"product-type-simple"},"yoast_head":"<!-- This site is optimized with the Yoast SEO Premium plugin v27.1 (Yoast SEO v27.2) - https:\/\/yoast.com\/product\/yoast-seo-premium-wordpress\/ -->\n<title>Panel Rack RAB205 - https:\/\/sxflightcase.com \ud83d\udc97<\/title>\n<meta name=\"description\" content=\"Panel rack, factory direct! High-quality, durable racks designed for securely mounting and organizing equipment. Perfect for professional setups, ensuring efficient use and stability.\" \/>\n<meta name=\"robots\" content=\"index, follow, max-snippet:-1, max-image-preview:large, max-video-preview:-1\" \/>\n<link rel=\"canonical\" href=\"https:\/\/sxflightcase.com\/it\/\u4ea7\u54c1\/\u9762\u677f\u67b6-rab205-2\/\" \/>\n<meta property=\"og:locale\" content=\"it_IT\" \/>\n<meta property=\"og:type\" content=\"article\" \/>\n<meta property=\"og:title\" content=\"Panel Rack RAB205\" \/>\n<meta property=\"og:description\" content=\"Panel rack, factory direct! High-quality, durable racks designed for securely mounting and organizing equipment. Perfect for professional setups, ensuring efficient use and stability.\" \/>\n<meta property=\"og:url\" content=\"https:\/\/sxflightcase.com\/it\/\u4ea7\u54c1\/\u9762\u677f\u67b6-rab205-2\/\" \/>\n<meta property=\"og:site_name\" content=\"https:\/\/sxflightcase.com\" \/>\n<meta property=\"article:publisher\" content=\"https:\/\/www.facebook.com\/profile.php?id=61560407257971\" \/>\n<meta property=\"article:modified_time\" content=\"2024-09-11T05:59:15+00:00\" \/>\n<meta property=\"og:image\" content=\"https:\/\/sxflightcase.com\/wp-content\/uploads\/2024\/09\/RAB205.jpg\" \/>\n\t<meta property=\"og:image:width\" content=\"700\" \/>\n\t<meta property=\"og:image:height\" content=\"700\" \/>\n\t<meta property=\"og:image:type\" content=\"image\/jpeg\" \/>\n<meta name=\"twitter:card\" content=\"summary_large_image\" \/>\n<meta name=\"twitter:label1\" content=\"Tempo di lettura stimato\" \/>\n\t<meta name=\"twitter:data1\" content=\"3 minuti\" \/>\n<script type=\"application\/ld+json\" class=\"yoast-schema-graph\">{\"@context\":\"https:\/\/schema.org\",\"@graph\":[{\"@type\":\"WebPage\",\"@id\":\"https:\/\/sxflightcase.com\/zh\/\u4ea7\u54c1\/\u9762\u677f\u67b6-rab205-2\/\",\"url\":\"https:\/\/sxflightcase.com\/zh\/\u4ea7\u54c1\/\u9762\u677f\u67b6-rab205-2\/\",\"name\":\"Panel Rack RAB205 - https:\/\/sxflightcase.com \ud83d\udc97\",\"isPartOf\":{\"@id\":\"https:\/\/sxflightcase.com\/th\/#website\"},\"primaryImageOfPage\":{\"@id\":\"https:\/\/sxflightcase.com\/zh\/\u4ea7\u54c1\/\u9762\u677f\u67b6-rab205-2\/#primaryimage\"},\"image\":{\"@id\":\"https:\/\/sxflightcase.com\/zh\/\u4ea7\u54c1\/\u9762\u677f\u67b6-rab205-2\/#primaryimage\"},\"thumbnailUrl\":\"https:\/\/sxflightcase.com\/wp-content\/uploads\/2024\/09\/RAB205.jpg\",\"datePublished\":\"2024-09-11T05:59:14+00:00\",\"dateModified\":\"2024-09-11T05:59:15+00:00\",\"description\":\"Panel rack, factory direct! High-quality, durable racks designed for securely mounting and organizing equipment. Perfect for professional setups, ensuring efficient use and stability.\",\"breadcrumb\":{\"@id\":\"https:\/\/sxflightcase.com\/zh\/\u4ea7\u54c1\/\u9762\u677f\u67b6-rab205-2\/#breadcrumb\"},\"inLanguage\":\"it-IT\",\"potentialAction\":[{\"@type\":\"ReadAction\",\"target\":[\"https:\/\/sxflightcase.com\/zh\/\u4ea7\u54c1\/\u9762\u677f\u67b6-rab205-2\/\"]}]},{\"@type\":\"ImageObject\",\"inLanguage\":\"it-IT\",\"@id\":\"https:\/\/sxflightcase.com\/zh\/\u4ea7\u54c1\/\u9762\u677f\u67b6-rab205-2\/#primaryimage\",\"url\":\"https:\/\/sxflightcase.com\/wp-content\/uploads\/2024\/09\/RAB205.jpg\",\"contentUrl\":\"https:\/\/sxflightcase.com\/wp-content\/uploads\/2024\/09\/RAB205.jpg\",\"width\":700,\"height\":700,\"caption\":\"Panel Rack\"},{\"@type\":\"BreadcrumbList\",\"@id\":\"https:\/\/sxflightcase.com\/zh\/\u4ea7\u54c1\/\u9762\u677f\u67b6-rab205-2\/#breadcrumb\",\"itemListElement\":[{\"@type\":\"ListItem\",\"position\":1,\"name\":\"Home\",\"item\":\"https:\/\/sxflightcase.com\/\"},{\"@type\":\"ListItem\",\"position\":2,\"name\":\"\u0e2a\u0e34\u0e19\u0e04\u0e49\u0e32\",\"item\":\"https:\/\/sxflightcase.com\/th\/shop\/\"},{\"@type\":\"ListItem\",\"position\":3,\"name\":\"Panel Rack RAB205\"}]},{\"@type\":\"WebSite\",\"@id\":\"https:\/\/sxflightcase.com\/th\/#website\",\"url\":\"https:\/\/sxflightcase.com\/th\/\",\"name\":\"sxpowercase.com\",\"description\":\"Flight Case Factory\",\"publisher\":{\"@id\":\"https:\/\/sxflightcase.com\/th\/#organization\"},\"potentialAction\":[{\"@type\":\"SearchAction\",\"target\":{\"@type\":\"EntryPoint\",\"urlTemplate\":\"https:\/\/sxflightcase.com\/th\/?s={search_term_string}\"},\"query-input\":{\"@type\":\"PropertyValueSpecification\",\"valueRequired\":true,\"valueName\":\"search_term_string\"}}],\"inLanguage\":\"it-IT\"},{\"@type\":\"Organization\",\"@id\":\"https:\/\/sxflightcase.com\/th\/#organization\",\"name\":\"sxpowercase.com\",\"url\":\"https:\/\/sxflightcase.com\/th\/\",\"logo\":{\"@type\":\"ImageObject\",\"inLanguage\":\"it-IT\",\"@id\":\"https:\/\/sxflightcase.com\/th\/#\/schema\/logo\/image\/\",\"url\":\"https:\/\/sxflightcase.com\/wp-content\/uploads\/2024\/04\/1713919036007.jpg\",\"contentUrl\":\"https:\/\/sxflightcase.com\/wp-content\/uploads\/2024\/04\/1713919036007.jpg\",\"width\":382,\"height\":388,\"caption\":\"sxpowercase.com\"},\"image\":{\"@id\":\"https:\/\/sxflightcase.com\/th\/#\/schema\/logo\/image\/\"},\"sameAs\":[\"https:\/\/www.facebook.com\/profile.php?id=61560407257971\"],\"numberOfEmployees\":{\"@type\":\"QuantitativeValue\",\"minValue\":\"11\",\"maxValue\":\"50\"}}]}<\/script>\n<!-- \/ Yoast SEO Premium plugin. -->","yoast_head_json":{"title":"Panel Rack RAB205 - https:\/\/sxflightcase.com \ud83d\udc97","description":"Rack a pannello, direttamente dalla fabbrica! Rack di alta qualit\u00e0 e resistenza, progettati per montare e organizzare in modo sicuro le apparecchiature. Perfetti per le configurazioni professionali, assicurano un uso efficiente e la massima stabilit\u00e0.","robots":{"index":"index","follow":"follow","max-snippet":"max-snippet:-1","max-image-preview":"max-image-preview:large","max-video-preview":"max-video-preview:-1"},"canonical":"https:\/\/sxflightcase.com\/it\/\u4ea7\u54c1\/\u9762\u677f\u67b6-rab205-2\/","og_locale":"it_IT","og_type":"article","og_title":"Panel Rack RAB205","og_description":"Panel rack, factory direct! High-quality, durable racks designed for securely mounting and organizing equipment. Perfect for professional setups, ensuring efficient use and stability.","og_url":"https:\/\/sxflightcase.com\/it\/\u4ea7\u54c1\/\u9762\u677f\u67b6-rab205-2\/","og_site_name":"https:\/\/sxflightcase.com","article_publisher":"https:\/\/www.facebook.com\/profile.php?id=61560407257971","article_modified_time":"2024-09-11T05:59:15+00:00","og_image":[{"width":700,"height":700,"url":"https:\/\/sxflightcase.com\/wp-content\/uploads\/2024\/09\/RAB205.jpg","type":"image\/jpeg"}],"twitter_card":"summary_large_image","twitter_misc":{"Tempo di lettura stimato":"3 minuti"},"schema":{"@context":"https:\/\/schema.org","@graph":[{"@type":"WebPage","@id":"https:\/\/sxflightcase.com\/zh\/\u4ea7\u54c1\/\u9762\u677f\u67b6-rab205-2\/","url":"https:\/\/sxflightcase.com\/zh\/\u4ea7\u54c1\/\u9762\u677f\u67b6-rab205-2\/","name":"Panel Rack RAB205 - https:\/\/sxflightcase.com \ud83d\udc97","isPartOf":{"@id":"https:\/\/sxflightcase.com\/th\/#website"},"primaryImageOfPage":{"@id":"https:\/\/sxflightcase.com\/zh\/\u4ea7\u54c1\/\u9762\u677f\u67b6-rab205-2\/#primaryimage"},"image":{"@id":"https:\/\/sxflightcase.com\/zh\/\u4ea7\u54c1\/\u9762\u677f\u67b6-rab205-2\/#primaryimage"},"thumbnailUrl":"https:\/\/sxflightcase.com\/wp-content\/uploads\/2024\/09\/RAB205.jpg","datePublished":"2024-09-11T05:59:14+00:00","dateModified":"2024-09-11T05:59:15+00:00","description":"Rack a pannello, direttamente dalla fabbrica! Rack di alta qualit\u00e0 e resistenza, progettati per montare e organizzare in modo sicuro le apparecchiature. Perfetti per le configurazioni professionali, assicurano un uso efficiente e la massima stabilit\u00e0.","breadcrumb":{"@id":"https:\/\/sxflightcase.com\/zh\/\u4ea7\u54c1\/\u9762\u677f\u67b6-rab205-2\/#breadcrumb"},"inLanguage":"it-IT","potentialAction":[{"@type":"ReadAction","target":["https:\/\/sxflightcase.com\/zh\/\u4ea7\u54c1\/\u9762\u677f\u67b6-rab205-2\/"]}]},{"@type":"ImageObject","inLanguage":"it-IT","@id":"https:\/\/sxflightcase.com\/zh\/\u4ea7\u54c1\/\u9762\u677f\u67b6-rab205-2\/#primaryimage","url":"https:\/\/sxflightcase.com\/wp-content\/uploads\/2024\/09\/RAB205.jpg","contentUrl":"https:\/\/sxflightcase.com\/wp-content\/uploads\/2024\/09\/RAB205.jpg","width":700,"height":700,"caption":"Panel Rack"},{"@type":"BreadcrumbList","@id":"https:\/\/sxflightcase.com\/zh\/\u4ea7\u54c1\/\u9762\u677f\u67b6-rab205-2\/#breadcrumb","itemListElement":[{"@type":"ListItem","position":1,"name":"Home","item":"https:\/\/sxflightcase.com\/"},{"@type":"ListItem","position":2,"name":"\u0e2a\u0e34\u0e19\u0e04\u0e49\u0e32","item":"https:\/\/sxflightcase.com\/th\/shop\/"},{"@type":"ListItem","position":3,"name":"Panel Rack RAB205"}]},{"@type":"WebSite","@id":"https:\/\/sxflightcase.com\/th\/#website","url":"https:\/\/sxflightcase.com\/th\/","name":"sxpowercase.com","description":"Fabbrica di Flight Case","publisher":{"@id":"https:\/\/sxflightcase.com\/th\/#organization"},"potentialAction":[{"@type":"SearchAction","target":{"@type":"EntryPoint","urlTemplate":"https:\/\/sxflightcase.com\/th\/?s={search_term_string}"},"query-input":{"@type":"PropertyValueSpecification","valueRequired":true,"valueName":"search_term_string"}}],"inLanguage":"it-IT"},{"@type":"Organization","@id":"https:\/\/sxflightcase.com\/th\/#organization","name":"sxpowercase.com","url":"https:\/\/sxflightcase.com\/th\/","logo":{"@type":"ImageObject","inLanguage":"it-IT","@id":"https:\/\/sxflightcase.com\/th\/#\/schema\/logo\/image\/","url":"https:\/\/sxflightcase.com\/wp-content\/uploads\/2024\/04\/1713919036007.jpg","contentUrl":"https:\/\/sxflightcase.com\/wp-content\/uploads\/2024\/04\/1713919036007.jpg","width":382,"height":388,"caption":"sxpowercase.com"},"image":{"@id":"https:\/\/sxflightcase.com\/th\/#\/schema\/logo\/image\/"},"sameAs":["https:\/\/www.facebook.com\/profile.php?id=61560407257971"],"numberOfEmployees":{"@type":"QuantitativeValue","minValue":"11","maxValue":"50"}}]}},"_links":{"self":[{"href":"https:\/\/sxflightcase.com\/it\/wp-json\/wp\/v2\/product\/4355","targetHints":{"allow":["GET"]}}],"collection":[{"href":"https:\/\/sxflightcase.com\/it\/wp-json\/wp\/v2\/product"}],"about":[{"href":"https:\/\/sxflightcase.com\/it\/wp-json\/wp\/v2\/types\/product"}],"replies":[{"embeddable":true,"href":"https:\/\/sxflightcase.com\/it\/wp-json\/wp\/v2\/comments?post=4355"}],"version-history":[{"count":0,"href":"https:\/\/sxflightcase.com\/it\/wp-json\/wp\/v2\/product\/4355\/revisions"}],"wp:featuredmedia":[{"embeddable":true,"href":"https:\/\/sxflightcase.com\/it\/wp-json\/wp\/v2\/media\/4282"}],"wp:attachment":[{"href":"https:\/\/sxflightcase.com\/it\/wp-json\/wp\/v2\/media?parent=4355"}],"wp:term":[{"taxonomy":"product_brand","embeddable":true,"href":"https:\/\/sxflightcase.com\/it\/wp-json\/wp\/v2\/product_brand?post=4355"},{"taxonomy":"product_cat","embeddable":true,"href":"https:\/\/sxflightcase.com\/it\/wp-json\/wp\/v2\/product_cat?post=4355"},{"taxonomy":"product_tag","embeddable":true,"href":"https:\/\/sxflightcase.com\/it\/wp-json\/wp\/v2\/product_tag?post=4355"}],"curies":[{"name":"wp","href":"https:\/\/api.w.org\/{rel}","templated":true}]}}