{"id":1641,"date":"2024-05-10T03:25:08","date_gmt":"2024-05-10T02:25:08","guid":{"rendered":"https:\/\/sxpowercase.com\/?post_type=product&#038;p=1641"},"modified":"2024-07-16T03:18:06","modified_gmt":"2024-07-16T02:18:06","slug":"rack-mount-mixer-case","status":"publish","type":"product","link":"https:\/\/sxflightcase.com\/nl\/product\/mixerhouder-voor-rekmontage-2\/","title":{"rendered":"MP Rack Mount Mengpaneelkoffer"},"content":{"rendered":"<h3><strong>Productie inleiding<\/strong><\/h3>\n<p>De rack mount mixerkoffer heeft versterkte stalen balhoeken voor bescherming en gemakkelijk stapelen, evenals verzonken rubberen handgrepen en vlinder draaiknoppen die verzonken zijn om ze te beschermen tegen beschadiging tijdens transport.<\/p>\n<h3><strong>Productparameter (specificatie)<\/strong><\/h3>\n<section class=\"table-wrap\">\n<table class=\"table\" width=\"100%\" cellspacing=\"0\" cellpadding=\"0\">\n<tbody>\n<tr class=\"firstRow\">\n<td width=\"134\">Naam van het product:<\/td>\n<td width=\"503\">Mixerkast voor rekmontage<\/td>\n<\/tr>\n<tr>\n<td width=\"134\">Materiaal<\/td>\n<td width=\"503\">Aluminium frame + vuurvast +9mm multiplex<\/td>\n<\/tr>\n<tr>\n<td width=\"134\">Binnen<\/td>\n<td width=\"503\">Schokbestendig schuim met hoge dichtheid<\/td>\n<\/tr>\n<tr>\n<td width=\"134\">Maat<\/td>\n<td width=\"503\">Kan worden aangepast<\/td>\n<\/tr>\n<tr>\n<td width=\"134\">Accessoires<\/td>\n<td width=\"503\">Acht vlindersloten, vier wielen om gemakkelijk te dragen, vier sterke handgrepen<\/td>\n<\/tr>\n<tr>\n<td width=\"134\">Aangepast<\/td>\n<td width=\"503\">Alle soorten aanpassen zijn welkom, zoals het materiaal van Aluminium koffer, afmeting, binnenvullingen, handgrepen, sloten, enzovoort.<\/td>\n<\/tr>\n<\/tbody>\n<\/table>\n<\/section>\n<h2>Ontdek de ultieme bescherming met de rackmontagekast voor mixers van SX<\/h2>\n<h3>Superieure kwaliteit en design<\/h3>\n<p><a href=\"https:\/\/sxpowercase.com\/\" target=\"_blank\" rel=\"noopener\" title=\"SX\" data-wpil-monitor-id=\"487\">SX<\/a> introduceert met trots de Rack Mount Mixer Case, ontworpen om onge\u00ebvenaarde bescherming en organisatie te bieden voor je mengapparatuur. De Rack Mount Mixer Case is gemaakt van hoogwaardige materialen en zorgt ervoor dat je apparatuur veilig en beschermd blijft, of je hem nu opslaat of vervoert. SX heeft een robuust en duurzaam ontwerp en garandeert langdurige prestaties en betrouwbaarheid, waardoor het een essenti\u00eble investering voor je bedrijf is.<\/p>\n<h3>Fabrieksgerichte verkoop voor onverslaanbare waarde<\/h3>\n<p>Bij SX geloven we in het leveren van topproducten tegen concurrerende prijzen. Ons directe verkoopmodel elimineert de tussenpersoon, waardoor we de Rack Mount Mixer Case tegen de best mogelijke prijs kunnen aanbieden. Dit betekent dat je superieure kwaliteit en bescherming krijgt zonder de opgeblazen kosten. Verbeter de effici\u00ebntie van je bedrijf en bescherm je waardevolle apparatuur met de kosteneffectieve oplossingen van SX.<\/p>\n<h3>Aanpassing aan uw behoeften<\/h3>\n<p>Elke professionele opstelling is uniek en SX begrijpt het belang van oplossingen op maat. Onze Rack Mount Mixer Case heeft verschillende aanpassingsopties om aan je specifieke eisen te voldoen. Of je nu aangepaste afmetingen, extra compartimenten of gepersonaliseerde branding nodig hebt, SX kan een case ontwerpen die perfect aan je behoeften voldoet. Onze toewijding aan maatwerkservices zorgt ervoor dat je apparatuur niet alleen beschermd is, maar ook zo effici\u00ebnt mogelijk georganiseerd is.<\/p>\n<hr \/>\n<h3>Waarom kiezen voor SX?<\/h3>\n<p>Als je voor SX kiest, investeer je in de beste bescherming en organisatie voor je mixapparatuur. Onze Rack Mixer Case is ontworpen met materialen van de hoogste kwaliteit om duurzaamheid en betrouwbaarheid te garanderen. Met ons directe verkoopmodel krijg je onovertroffen waarde en besparingen. Bovendien betekent onze toewijding aan maatwerk dat je koffer op maat wordt gemaakt om aan je specifieke behoeften te voldoen. Werk vandaag nog samen met SX om te ervaren hoe onze Mixer Case uw bedrijfsactiviteiten kan verbeteren en uw waardevolle apparatuur effectief kan beschermen.<\/p>\n<p><strong>FAQ<\/strong><\/p>\n<p>V: Wat is jullie MOQ?<\/p>\n<p>A: Als we de producten op voorraad hebben, is er geen MOQ. Als we moeten produceren, kunnen we de MOQ bespreken op basis van de exacte situatie van de klant.<\/p>\n<p>V: Wat is jullie verzendservice?<\/p>\n<p>A: We kunnen diensten leveren voor het boeken van schepen, consolidatie van goederen, douaneaangifte, het opstellen van verzendingsdocumenten en bulklevering in de haven.<\/p>\n<p>V: Kunt u helpen met het ontwerp?<\/p>\n<p>A: Ja, gewoon gratis ontwerp, speciaal ontwerp moet je betalen.<\/p>\n<p><strong>Kwaliteitscontrole<\/strong><\/p>\n<p>We hebben QC persoon verblijf op de productielijnen doen aan de inspection.All producten moeten zijn ge\u00efnspecteerd v\u00f3\u00f3r levering. We doen inline inspectie en eindinspectie.<\/p>\n<p>1. Alle grondstoffen gecontroleerd zodra het aankomen onze fabriek.<\/p>\n<p>2.Alle stukken en logo en alle details gecontroleerd tijdens de productie.<\/p>\n<p>3. Alle verpakkingsdetails gecontroleerd tijdens de productie.<\/p>\n<p>4. Alle productiekwaliteit en verpakking gecontroleerd op eindinspectie na voltooiing.<\/p>\n<p>Hot Tags: Lage prijs, op voorraad, gratis sample, Power And Signal Cable, 16 Gauge 4 Conductor Wire, Microphone Stand Case, Outdoor Led Display Cabinet, Rack Mount, 19\" Rackmount Mixer Flight Cases\uff0celectrical distro box, China, leveranciers, fabriek, aangepast, groothandel, <span style=\"color: #993366;\"><a style=\"color: #993366;\" href=\"https:\/\/sxflightcase.com\/nl\/product-category\/all-product\/power-distribution-boxes\/\">stroomkasten<\/a>,\u00a0<a style=\"color: #993366;\" href=\"https:\/\/sxflightcase.com\/nl\/product-category\/all-product\/hoist-controllers\/\">stroomkabels<\/a>,\u00a0<a style=\"color: #993366;\" href=\"https:\/\/sxflightcase.com\/nl\/product-category\/all-product\/hoist-controllers\/\">hijsregelaars<\/a>,\u00a0<a style=\"color: #993366;\" href=\"https:\/\/sxflightcase.com\/nl\/product-category\/all-product\/flight-case\/\">vluchtgevallen.<\/a><\/span><\/p>","protected":false},"excerpt":{"rendered":"<h2 class=\"prodetails-name\">Rack Mount Mengpaneelkoffer<\/h2>\n<p>&lt;p&gt;We zijn blij dat we een reeks rack mount mixerkoffers kunnen aanbieden voor professionals in de industrie om hun versterker of processor en accessoires veilig te vervoeren en op te bergen.<\/p>\n<h2><strong>Productie inleiding<\/strong><\/h2>\n<p>De rack mount mixerkoffer heeft versterkte stalen balhoeken voor bescherming en gemakkelijk stapelen, evenals verzonken rubberen handgrepen en vlinder draaiknoppen die verzonken zijn om ze te beschermen tegen beschadiging tijdens transport.<\/p>","protected":false},"featured_media":1642,"comment_status":"open","ping_status":"closed","template":"","meta":[],"product_brand":[],"product_cat":[35],"product_tag":[50],"class_list":{"0":"post-1641","1":"product","2":"type-product","3":"status-publish","4":"has-post-thumbnail","6":"product_cat-standard-rack-cases","7":"product_tag-mp","9":"first","10":"instock","11":"shipping-taxable","12":"product-type-simple"},"yoast_head":"<!-- This site is optimized with the Yoast SEO Premium plugin v27.1 (Yoast SEO v27.2) - https:\/\/yoast.com\/product\/yoast-seo-premium-wordpress\/ -->\n<title>MP Rack Mount Mixer Case - https:\/\/sxflightcase.com \ud83d\udc97<\/title>\n<meta name=\"description\" content=\"Rack Mount Mixer Case: Explore our factory-direct options for professional customization, ensuring optimal organization and protection of your equipment.\" \/>\n<meta name=\"robots\" content=\"index, follow, max-snippet:-1, max-image-preview:large, max-video-preview:-1\" \/>\n<link rel=\"canonical\" href=\"https:\/\/sxflightcase.com\/nl\/prodotto\/cassa-per-mixer-a-rack-2\/\" \/>\n<meta property=\"og:locale\" content=\"nl_NL\" \/>\n<meta property=\"og:type\" content=\"article\" \/>\n<meta property=\"og:title\" content=\"MP Rack Mount Mixer Case\" \/>\n<meta property=\"og:description\" content=\"Rack Mount Mixer Case: Explore our factory-direct options for professional customization, ensuring optimal organization and protection of your equipment.\" \/>\n<meta property=\"og:url\" content=\"https:\/\/sxflightcase.com\/nl\/prodotto\/cassa-per-mixer-a-rack-2\/\" \/>\n<meta property=\"og:site_name\" content=\"https:\/\/sxflightcase.com\" \/>\n<meta property=\"article:publisher\" content=\"https:\/\/www.facebook.com\/profile.php?id=61560407257971\" \/>\n<meta property=\"article:modified_time\" content=\"2024-07-16T02:18:06+00:00\" \/>\n<meta property=\"og:image\" content=\"https:\/\/sxflightcase.com\/wp-content\/uploads\/2024\/05\/rack-mount-mixer-case53241581164.webp\" \/>\n\t<meta property=\"og:image:width\" content=\"750\" \/>\n\t<meta property=\"og:image:height\" content=\"750\" \/>\n\t<meta property=\"og:image:type\" content=\"image\/webp\" \/>\n<meta name=\"twitter:card\" content=\"summary_large_image\" \/>\n<meta name=\"twitter:label1\" content=\"Geschatte leestijd\" \/>\n\t<meta name=\"twitter:data1\" content=\"4 minuten\" \/>\n<script type=\"application\/ld+json\" class=\"yoast-schema-graph\">{\"@context\":\"https:\/\/schema.org\",\"@graph\":[{\"@type\":\"WebPage\",\"@id\":\"https:\/\/sxflightcase.com\/it\/prodotto\/cassa-per-mixer-a-rack-2\/\",\"url\":\"https:\/\/sxflightcase.com\/it\/prodotto\/cassa-per-mixer-a-rack-2\/\",\"name\":\"MP Rack Mount Mixer Case - https:\/\/sxflightcase.com \ud83d\udc97\",\"isPartOf\":{\"@id\":\"https:\/\/sxflightcase.com\/th\/#website\"},\"primaryImageOfPage\":{\"@id\":\"https:\/\/sxflightcase.com\/it\/prodotto\/cassa-per-mixer-a-rack-2\/#primaryimage\"},\"image\":{\"@id\":\"https:\/\/sxflightcase.com\/it\/prodotto\/cassa-per-mixer-a-rack-2\/#primaryimage\"},\"thumbnailUrl\":\"https:\/\/sxflightcase.com\/wp-content\/uploads\/2024\/05\/rack-mount-mixer-case53241581164.webp\",\"datePublished\":\"2024-05-10T02:25:08+00:00\",\"dateModified\":\"2024-07-16T02:18:06+00:00\",\"description\":\"Rack Mount Mixer Case: Explore our factory-direct options for professional customization, ensuring optimal organization and protection of your equipment.\",\"breadcrumb\":{\"@id\":\"https:\/\/sxflightcase.com\/it\/prodotto\/cassa-per-mixer-a-rack-2\/#breadcrumb\"},\"inLanguage\":\"nl-NL\",\"potentialAction\":[{\"@type\":\"ReadAction\",\"target\":[\"https:\/\/sxflightcase.com\/it\/prodotto\/cassa-per-mixer-a-rack-2\/\"]}]},{\"@type\":\"ImageObject\",\"inLanguage\":\"nl-NL\",\"@id\":\"https:\/\/sxflightcase.com\/it\/prodotto\/cassa-per-mixer-a-rack-2\/#primaryimage\",\"url\":\"https:\/\/sxflightcase.com\/wp-content\/uploads\/2024\/05\/rack-mount-mixer-case53241581164.webp\",\"contentUrl\":\"https:\/\/sxflightcase.com\/wp-content\/uploads\/2024\/05\/rack-mount-mixer-case53241581164.webp\",\"width\":750,\"height\":750,\"caption\":\"Rack Mount Mixer Case\"},{\"@type\":\"BreadcrumbList\",\"@id\":\"https:\/\/sxflightcase.com\/it\/prodotto\/cassa-per-mixer-a-rack-2\/#breadcrumb\",\"itemListElement\":[{\"@type\":\"ListItem\",\"position\":1,\"name\":\"Home\",\"item\":\"https:\/\/sxflightcase.com\/\"},{\"@type\":\"ListItem\",\"position\":2,\"name\":\"\u0e2a\u0e34\u0e19\u0e04\u0e49\u0e32\",\"item\":\"https:\/\/sxflightcase.com\/th\/shop\/\"},{\"@type\":\"ListItem\",\"position\":3,\"name\":\"MP Rack Mount Mixer Case\"}]},{\"@type\":\"WebSite\",\"@id\":\"https:\/\/sxflightcase.com\/th\/#website\",\"url\":\"https:\/\/sxflightcase.com\/th\/\",\"name\":\"sxpowercase.com\",\"description\":\"Flight Case Factory\",\"publisher\":{\"@id\":\"https:\/\/sxflightcase.com\/th\/#organization\"},\"potentialAction\":[{\"@type\":\"SearchAction\",\"target\":{\"@type\":\"EntryPoint\",\"urlTemplate\":\"https:\/\/sxflightcase.com\/th\/?s={search_term_string}\"},\"query-input\":{\"@type\":\"PropertyValueSpecification\",\"valueRequired\":true,\"valueName\":\"search_term_string\"}}],\"inLanguage\":\"nl-NL\"},{\"@type\":\"Organization\",\"@id\":\"https:\/\/sxflightcase.com\/th\/#organization\",\"name\":\"sxpowercase.com\",\"url\":\"https:\/\/sxflightcase.com\/th\/\",\"logo\":{\"@type\":\"ImageObject\",\"inLanguage\":\"nl-NL\",\"@id\":\"https:\/\/sxflightcase.com\/th\/#\/schema\/logo\/image\/\",\"url\":\"https:\/\/sxflightcase.com\/wp-content\/uploads\/2024\/04\/1713919036007.jpg\",\"contentUrl\":\"https:\/\/sxflightcase.com\/wp-content\/uploads\/2024\/04\/1713919036007.jpg\",\"width\":382,\"height\":388,\"caption\":\"sxpowercase.com\"},\"image\":{\"@id\":\"https:\/\/sxflightcase.com\/th\/#\/schema\/logo\/image\/\"},\"sameAs\":[\"https:\/\/www.facebook.com\/profile.php?id=61560407257971\"],\"numberOfEmployees\":{\"@type\":\"QuantitativeValue\",\"minValue\":\"11\",\"maxValue\":\"50\"}}]}<\/script>\n<!-- \/ Yoast SEO Premium plugin. -->","yoast_head_json":{"title":"MP Rack Mount Mixer Case - https:\/\/sxflightcase.com \ud83d\udc97","description":"Rack Mount Mengpaneelkoffer: Ontdek onze directe fabrieksopties voor professioneel maatwerk, zodat je apparatuur optimaal wordt georganiseerd en beschermd.","robots":{"index":"index","follow":"follow","max-snippet":"max-snippet:-1","max-image-preview":"max-image-preview:large","max-video-preview":"max-video-preview:-1"},"canonical":"https:\/\/sxflightcase.com\/nl\/prodotto\/cassa-per-mixer-a-rack-2\/","og_locale":"nl_NL","og_type":"article","og_title":"MP Rack Mount Mixer Case","og_description":"Rack Mount Mixer Case: Explore our factory-direct options for professional customization, ensuring optimal organization and protection of your equipment.","og_url":"https:\/\/sxflightcase.com\/nl\/prodotto\/cassa-per-mixer-a-rack-2\/","og_site_name":"https:\/\/sxflightcase.com","article_publisher":"https:\/\/www.facebook.com\/profile.php?id=61560407257971","article_modified_time":"2024-07-16T02:18:06+00:00","og_image":[{"width":750,"height":750,"url":"https:\/\/sxflightcase.com\/wp-content\/uploads\/2024\/05\/rack-mount-mixer-case53241581164.webp","type":"image\/webp"}],"twitter_card":"summary_large_image","twitter_misc":{"Geschatte leestijd":"4 minuten"},"schema":{"@context":"https:\/\/schema.org","@graph":[{"@type":"WebPage","@id":"https:\/\/sxflightcase.com\/it\/prodotto\/cassa-per-mixer-a-rack-2\/","url":"https:\/\/sxflightcase.com\/it\/prodotto\/cassa-per-mixer-a-rack-2\/","name":"MP Rack Mount Mixer Case - https:\/\/sxflightcase.com \ud83d\udc97","isPartOf":{"@id":"https:\/\/sxflightcase.com\/th\/#website"},"primaryImageOfPage":{"@id":"https:\/\/sxflightcase.com\/it\/prodotto\/cassa-per-mixer-a-rack-2\/#primaryimage"},"image":{"@id":"https:\/\/sxflightcase.com\/it\/prodotto\/cassa-per-mixer-a-rack-2\/#primaryimage"},"thumbnailUrl":"https:\/\/sxflightcase.com\/wp-content\/uploads\/2024\/05\/rack-mount-mixer-case53241581164.webp","datePublished":"2024-05-10T02:25:08+00:00","dateModified":"2024-07-16T02:18:06+00:00","description":"Rack Mount Mengpaneelkoffer: Ontdek onze directe fabrieksopties voor professioneel maatwerk, zodat je apparatuur optimaal wordt georganiseerd en beschermd.","breadcrumb":{"@id":"https:\/\/sxflightcase.com\/it\/prodotto\/cassa-per-mixer-a-rack-2\/#breadcrumb"},"inLanguage":"nl-NL","potentialAction":[{"@type":"ReadAction","target":["https:\/\/sxflightcase.com\/it\/prodotto\/cassa-per-mixer-a-rack-2\/"]}]},{"@type":"ImageObject","inLanguage":"nl-NL","@id":"https:\/\/sxflightcase.com\/it\/prodotto\/cassa-per-mixer-a-rack-2\/#primaryimage","url":"https:\/\/sxflightcase.com\/wp-content\/uploads\/2024\/05\/rack-mount-mixer-case53241581164.webp","contentUrl":"https:\/\/sxflightcase.com\/wp-content\/uploads\/2024\/05\/rack-mount-mixer-case53241581164.webp","width":750,"height":750,"caption":"Rack Mount Mixer Case"},{"@type":"BreadcrumbList","@id":"https:\/\/sxflightcase.com\/it\/prodotto\/cassa-per-mixer-a-rack-2\/#breadcrumb","itemListElement":[{"@type":"ListItem","position":1,"name":"Home","item":"https:\/\/sxflightcase.com\/"},{"@type":"ListItem","position":2,"name":"\u0e2a\u0e34\u0e19\u0e04\u0e49\u0e32","item":"https:\/\/sxflightcase.com\/th\/shop\/"},{"@type":"ListItem","position":3,"name":"MP Rack Mount Mixer Case"}]},{"@type":"WebSite","@id":"https:\/\/sxflightcase.com\/th\/#website","url":"https:\/\/sxflightcase.com\/th\/","name":"sxpowercase.com","description":"Fabriek voor Flightcases","publisher":{"@id":"https:\/\/sxflightcase.com\/th\/#organization"},"potentialAction":[{"@type":"SearchAction","target":{"@type":"EntryPoint","urlTemplate":"https:\/\/sxflightcase.com\/th\/?s={search_term_string}"},"query-input":{"@type":"PropertyValueSpecification","valueRequired":true,"valueName":"search_term_string"}}],"inLanguage":"nl-NL"},{"@type":"Organization","@id":"https:\/\/sxflightcase.com\/th\/#organization","name":"sxpowercase.com","url":"https:\/\/sxflightcase.com\/th\/","logo":{"@type":"ImageObject","inLanguage":"nl-NL","@id":"https:\/\/sxflightcase.com\/th\/#\/schema\/logo\/image\/","url":"https:\/\/sxflightcase.com\/wp-content\/uploads\/2024\/04\/1713919036007.jpg","contentUrl":"https:\/\/sxflightcase.com\/wp-content\/uploads\/2024\/04\/1713919036007.jpg","width":382,"height":388,"caption":"sxpowercase.com"},"image":{"@id":"https:\/\/sxflightcase.com\/th\/#\/schema\/logo\/image\/"},"sameAs":["https:\/\/www.facebook.com\/profile.php?id=61560407257971"],"numberOfEmployees":{"@type":"QuantitativeValue","minValue":"11","maxValue":"50"}}]}},"_links":{"self":[{"href":"https:\/\/sxflightcase.com\/nl\/wp-json\/wp\/v2\/product\/1641","targetHints":{"allow":["GET"]}}],"collection":[{"href":"https:\/\/sxflightcase.com\/nl\/wp-json\/wp\/v2\/product"}],"about":[{"href":"https:\/\/sxflightcase.com\/nl\/wp-json\/wp\/v2\/types\/product"}],"replies":[{"embeddable":true,"href":"https:\/\/sxflightcase.com\/nl\/wp-json\/wp\/v2\/comments?post=1641"}],"version-history":[{"count":0,"href":"https:\/\/sxflightcase.com\/nl\/wp-json\/wp\/v2\/product\/1641\/revisions"}],"wp:featuredmedia":[{"embeddable":true,"href":"https:\/\/sxflightcase.com\/nl\/wp-json\/wp\/v2\/media\/1642"}],"wp:attachment":[{"href":"https:\/\/sxflightcase.com\/nl\/wp-json\/wp\/v2\/media?parent=1641"}],"wp:term":[{"taxonomy":"product_brand","embeddable":true,"href":"https:\/\/sxflightcase.com\/nl\/wp-json\/wp\/v2\/product_brand?post=1641"},{"taxonomy":"product_cat","embeddable":true,"href":"https:\/\/sxflightcase.com\/nl\/wp-json\/wp\/v2\/product_cat?post=1641"},{"taxonomy":"product_tag","embeddable":true,"href":"https:\/\/sxflightcase.com\/nl\/wp-json\/wp\/v2\/product_tag?post=1641"}],"curies":[{"name":"wp","href":"https:\/\/api.w.org\/{rel}","templated":true}]}}