{"id":1655,"date":"2024-05-10T03:33:38","date_gmt":"2024-05-10T02:33:38","guid":{"rendered":"https:\/\/sxpowercase.com\/?post_type=product&#038;p=1655"},"modified":"2024-06-26T10:23:10","modified_gmt":"2024-06-26T09:23:10","slug":"12u-rack-flight-case","status":"publish","type":"product","link":"https:\/\/sxflightcase.com\/nl\/product\/12u-rack-flightcase\/","title":{"rendered":"MP 12u Rack Flight Case"},"content":{"rendered":"<h3><strong>Productparameter (specificatie)<\/strong><\/h3>\n<section class=\"table-wrap\">\n<table class=\"table\" width=\"100%\" cellspacing=\"0\" cellpadding=\"0\">\n<tbody>\n<tr class=\"firstRow\">\n<td width=\"134\">Naam van het product:<\/td>\n<td width=\"503\">12u rack flightcase<\/td>\n<\/tr>\n<tr>\n<td width=\"134\">Materiaal en accessoire:<\/td>\n<td width=\"503\">9 mm multiplex + verchroomde\/verzinkte hardware + aluminium extrusie<br \/>\nAfneembare deksels voor en achter<\/td>\n<\/tr>\n<tr>\n<td width=\"134\">Schuimvoering:<\/td>\n<td width=\"503\">Parelschuim \/EVA-schuim\/eischuim enz... regelmatig of op verzoek<\/td>\n<\/tr>\n<tr>\n<td width=\"134\">Kleur:<\/td>\n<td width=\"503\">Zwart (standaardkleur), Rood, Blauw, Oranje, Geel, Groen, enz.<\/td>\n<\/tr>\n<tr>\n<td width=\"134\">Doorlooptijd:<\/td>\n<td width=\"503\">Steekproeforde 3 dagen, Normale orde 7-15days<\/td>\n<\/tr>\n<tr>\n<td width=\"134\">Afmeting:<\/td>\n<td width=\"503\">Afhankelijk van de afmetingen van de apparatuur<\/td>\n<\/tr>\n<\/tbody>\n<\/table>\n<\/section>\n<h3>SX 12u Rack Flight Case: Beveilig je apparatuur met vertrouwen<\/h3>\n<h4>Betrouwbare bescherming voor je spullen<\/h4>\n<p>Als het aankomt op het vervoeren van kwetsbare apparatuur, is veiligheid onontbeerlijk. De <a href=\"https:\/\/sxpowercase.com\/\" target=\"_blank\"  rel=\"noopener\" title=\"SX\"  data-wpil-monitor-id=\"490\">SX<\/a> 12u Rack Flight Case biedt robuuste bescherming voor je waardevolle apparatuur. Deze flightcase is gemaakt van duurzame materialen en ontworpen om de eisen van het reizen te weerstaan, zodat je apparatuur beschermd blijft tegen stoten, trillingen en de elementen. Of je nu een toerende muzikant, AV-professional of industri\u00eble technicus bent, vertrouw op SX om je apparatuur te beschermen, waar je je ook bevindt.<\/p>\n<h4>Rechtstreeks van de fabriek: Kwaliteit en waarde gecombineerd<\/h4>\n<p>Bij SX geloven we in het leveren van waarde, rechtstreeks vanuit de fabriek naar jou. Door tussenpersonen te elimineren, bieden we de 12u Rack Flight Case aan tegen concurrerende prijzen zonder in te leveren op kwaliteit. Onze directe verkoopaanpak bespaart je niet alleen geld, maar garandeert ook een product dat voldoet aan onze strenge normen voor duurzaamheid en betrouwbaarheid. Verhoog uw bedrijfsactiviteiten met onze fabrieksgerichte flightcases die zijn ontworpen om uw apparatuur te beschermen en te verbeteren.<\/p>\n<h4>Oplossingen op maat voor uw behoeften<\/h4>\n<p>We begrijpen dat elke klant unieke eisen heeft. Daarom biedt SX uitgebreide aanpassingsopties voor de 12u Rack Flight Case. Of je nu specifieke afmetingen nodig hebt, extra functies zoals kabelbeheer of een branding die je identiteit weerspiegelt, onze aanpassingsservices zorgen ervoor dat je flightcase precies op maat gemaakt is volgens jouw specificaties. Verbeter effici\u00ebntie en professionaliteit met een flightcase die niet alleen beschermt, maar ook uw merk met onderscheiding vertegenwoordigt.<\/p>\n<hr \/>\n<h4>Partner met SX voor uitzonderlijke kwaliteit en service<\/h4>\n<p>Kiezen voor de SX 12u Rack Flight Case betekent investeren in gemoedsrust en betrouwbaarheid. Ons streven naar directe verkoop in de fabriek en aanpasbare oplossingen zorgen ervoor dat je een product krijgt dat de verwachtingen overtreft. Bescherm je waardevolle apparatuur in de wetenschap dat de flightcases van SX ontworpen zijn voor professioneel gebruik. Vertrouw op SX voor de kwaliteit en service die je verdient, zodat je je kunt richten op wat belangrijk is: je zakelijke succes.<\/p>\n<p><strong>FAQ<\/strong><\/p>\n<p>V: Hoe lang is jullie levertijd?<\/p>\n<p>A: De algemene levertijd is 25-30 dagen na ontvangst van uw orderbevestiging. Als we de goederen op voorraad hebben, duurt het echter slechts 1-2 dagen.<\/p>\n<p>V: Kunnen we ons eigen logo gebruiken?<\/p>\n<p>A: Ja, we kunnen uw priv\u00e9logo afdrukken volgens uw verzoek.<\/p>\n<p>V: Hoeveel verpakkingen heb je?<\/p>\n<p>A: We hebben momenteel drie pakketten, waaronder kartonnen doos, noppenzak en kraftpapier.<\/p>\n<p><strong>Kwaliteitscontrole<\/strong><\/p>\n<p>We hebben QC persoon verblijf op de productielijnen doen om de inspectie. Alle producten moeten v\u00f3\u00f3r levering zijn ge\u00efnspecteerd. We doen inline inspectie en eindinspectie.<\/p>\n<p>1. Alle grondstoffen gecontroleerd zodra het aankomen onze fabriek.<\/p>\n<p>2.Alle stukken en logo en alle details gecontroleerd tijdens de productie.<\/p>\n<p>3. Alle verpakkingsdetails gecontroleerd tijdens de productie.<\/p>\n<p>4. Alle productiekwaliteit en verpakking gecontroleerd op eindinspectie na voltooiing.<\/p>\n<p>Hot Tags: Lage prijs, op voorraad, gratis sample, Power And Signal Cable, 16 Gauge 4 Conductor Wire, Microphone Stand Case, Outdoor Led Display Cabinet, Rack Mount, 19\" Rackmount Mixer Flight Cases\uff0celectrical distro box, China, leveranciers, fabriek, aangepast, groothandel, <span style=\"color: #993366;\"><a style=\"color: #993366;\" href=\"https:\/\/sxflightcase.com\/nl\/product-category\/all-product\/power-distribution-boxes\/\">stroomkasten<\/a>,\u00a0<a style=\"color: #993366;\" href=\"https:\/\/sxflightcase.com\/nl\/product-category\/all-product\/hoist-controllers\/\">stroomkabels<\/a>,\u00a0<a style=\"color: #993366;\" href=\"https:\/\/sxflightcase.com\/nl\/product-category\/all-product\/hoist-controllers\/\">hijsregelaars<\/a>,\u00a0<a style=\"color: #993366;\" href=\"https:\/\/sxflightcase.com\/nl\/product-category\/all-product\/flight-case\/\">vluchtgevallen.<\/a><\/span><\/p>","protected":false},"excerpt":{"rendered":"<h2 class=\"prodetails-name\">12u Rack Flight Case<\/h2>\n<p>Opgericht in 2001, zijn we gespecialiseerd in de productie van alle soorten rack mount flight case met een werkplaats oppervlakte van meer dan 20,00 vierkante meter. Normaal gesproken maken we 12u rack flightcase ook 16u, maar we maken ook verschillende grootte hangt af van uw behoefte.<\/p>\n<h2><strong>Productie inleiding<\/strong><\/h2>\n<p>12u rack flight case met gemakkelijk vergrendelbare aluminium tand en groef. Kabelopening met afneembaar embleem en industri\u00eble verzonken vlinderdraai-vergrendelingen - klaar voor hangslot.<\/p>","protected":false},"featured_media":1656,"comment_status":"open","ping_status":"closed","template":"","meta":[],"product_brand":[],"product_cat":[35],"product_tag":[50],"class_list":{"0":"post-1655","1":"product","2":"type-product","3":"status-publish","4":"has-post-thumbnail","6":"product_cat-standard-rack-cases","7":"product_tag-mp","9":"first","10":"instock","11":"shipping-taxable","12":"product-type-simple"},"yoast_head":"<!-- This site is optimized with the Yoast SEO Premium plugin v27.1 (Yoast SEO v27.2) - https:\/\/yoast.com\/product\/yoast-seo-premium-wordpress\/ -->\n<title>MP 12u Rack Flight Case - https:\/\/sxflightcase.com \ud83d\udc97<\/title>\n<meta name=\"description\" content=\"12u Rack Flight Case: Discover our factory-direct options, offering professional customization for efficient organization and storage of your equipment.\" \/>\n<meta name=\"robots\" content=\"index, follow, max-snippet:-1, max-image-preview:large, max-video-preview:-1\" \/>\n<link rel=\"canonical\" href=\"https:\/\/sxflightcase.com\/nl\/\u0645\u0646\u062a\u062c\/\u062d\u0642\u064a\u0628\u0629-\u0637\u064a\u0631\u0627\u0646-12-\u0648\u062d\u062f\u0629\/\" \/>\n<meta property=\"og:locale\" content=\"nl_NL\" \/>\n<meta property=\"og:type\" content=\"article\" \/>\n<meta property=\"og:title\" content=\"MP 12u Rack Flight Case\" \/>\n<meta property=\"og:description\" content=\"12u Rack Flight Case: Discover our factory-direct options, offering professional customization for efficient organization and storage of your equipment.\" \/>\n<meta property=\"og:url\" content=\"https:\/\/sxflightcase.com\/nl\/\u0645\u0646\u062a\u062c\/\u062d\u0642\u064a\u0628\u0629-\u0637\u064a\u0631\u0627\u0646-12-\u0648\u062d\u062f\u0629\/\" \/>\n<meta property=\"og:site_name\" content=\"https:\/\/sxflightcase.com\" \/>\n<meta property=\"article:publisher\" content=\"https:\/\/www.facebook.com\/profile.php?id=61560407257971\" \/>\n<meta property=\"article:modified_time\" content=\"2024-06-26T09:23:10+00:00\" \/>\n<meta property=\"og:image\" content=\"https:\/\/sxflightcase.com\/wp-content\/uploads\/2024\/05\/12u-rack-flight-case44398687814.webp\" \/>\n\t<meta property=\"og:image:width\" content=\"750\" \/>\n\t<meta property=\"og:image:height\" content=\"750\" \/>\n\t<meta property=\"og:image:type\" content=\"image\/webp\" \/>\n<meta name=\"twitter:card\" content=\"summary_large_image\" \/>\n<meta name=\"twitter:label1\" content=\"Geschatte leestijd\" \/>\n\t<meta name=\"twitter:data1\" content=\"4 minuten\" \/>\n<script type=\"application\/ld+json\" class=\"yoast-schema-graph\">{\"@context\":\"https:\/\/schema.org\",\"@graph\":[{\"@type\":\"WebPage\",\"@id\":\"https:\/\/sxflightcase.com\/ary\/\u0645\u0646\u062a\u062c\/\u062d\u0642\u064a\u0628\u0629-\u0637\u064a\u0631\u0627\u0646-12-\u0648\u062d\u062f\u0629\/\",\"url\":\"https:\/\/sxflightcase.com\/ary\/\u0645\u0646\u062a\u062c\/\u062d\u0642\u064a\u0628\u0629-\u0637\u064a\u0631\u0627\u0646-12-\u0648\u062d\u062f\u0629\/\",\"name\":\"MP 12u Rack Flight Case - https:\/\/sxflightcase.com \ud83d\udc97\",\"isPartOf\":{\"@id\":\"https:\/\/sxflightcase.com\/th\/#website\"},\"primaryImageOfPage\":{\"@id\":\"https:\/\/sxflightcase.com\/ary\/\u0645\u0646\u062a\u062c\/\u062d\u0642\u064a\u0628\u0629-\u0637\u064a\u0631\u0627\u0646-12-\u0648\u062d\u062f\u0629\/#primaryimage\"},\"image\":{\"@id\":\"https:\/\/sxflightcase.com\/ary\/\u0645\u0646\u062a\u062c\/\u062d\u0642\u064a\u0628\u0629-\u0637\u064a\u0631\u0627\u0646-12-\u0648\u062d\u062f\u0629\/#primaryimage\"},\"thumbnailUrl\":\"https:\/\/sxflightcase.com\/wp-content\/uploads\/2024\/05\/12u-rack-flight-case44398687814.webp\",\"datePublished\":\"2024-05-10T02:33:38+00:00\",\"dateModified\":\"2024-06-26T09:23:10+00:00\",\"description\":\"12u Rack Flight Case: Discover our factory-direct options, offering professional customization for efficient organization and storage of your equipment.\",\"breadcrumb\":{\"@id\":\"https:\/\/sxflightcase.com\/ary\/\u0645\u0646\u062a\u062c\/\u062d\u0642\u064a\u0628\u0629-\u0637\u064a\u0631\u0627\u0646-12-\u0648\u062d\u062f\u0629\/#breadcrumb\"},\"inLanguage\":\"nl-NL\",\"potentialAction\":[{\"@type\":\"ReadAction\",\"target\":[\"https:\/\/sxflightcase.com\/ary\/\u0645\u0646\u062a\u062c\/\u062d\u0642\u064a\u0628\u0629-\u0637\u064a\u0631\u0627\u0646-12-\u0648\u062d\u062f\u0629\/\"]}]},{\"@type\":\"ImageObject\",\"inLanguage\":\"nl-NL\",\"@id\":\"https:\/\/sxflightcase.com\/ary\/\u0645\u0646\u062a\u062c\/\u062d\u0642\u064a\u0628\u0629-\u0637\u064a\u0631\u0627\u0646-12-\u0648\u062d\u062f\u0629\/#primaryimage\",\"url\":\"https:\/\/sxflightcase.com\/wp-content\/uploads\/2024\/05\/12u-rack-flight-case44398687814.webp\",\"contentUrl\":\"https:\/\/sxflightcase.com\/wp-content\/uploads\/2024\/05\/12u-rack-flight-case44398687814.webp\",\"width\":750,\"height\":750,\"caption\":\"12u Rack Flight Case\"},{\"@type\":\"BreadcrumbList\",\"@id\":\"https:\/\/sxflightcase.com\/ary\/\u0645\u0646\u062a\u062c\/\u062d\u0642\u064a\u0628\u0629-\u0637\u064a\u0631\u0627\u0646-12-\u0648\u062d\u062f\u0629\/#breadcrumb\",\"itemListElement\":[{\"@type\":\"ListItem\",\"position\":1,\"name\":\"Home\",\"item\":\"https:\/\/sxflightcase.com\/\"},{\"@type\":\"ListItem\",\"position\":2,\"name\":\"\u0e2a\u0e34\u0e19\u0e04\u0e49\u0e32\",\"item\":\"https:\/\/sxflightcase.com\/th\/shop\/\"},{\"@type\":\"ListItem\",\"position\":3,\"name\":\"MP 12u Rack Flight Case\"}]},{\"@type\":\"WebSite\",\"@id\":\"https:\/\/sxflightcase.com\/th\/#website\",\"url\":\"https:\/\/sxflightcase.com\/th\/\",\"name\":\"sxpowercase.com\",\"description\":\"Flight Case Factory\",\"publisher\":{\"@id\":\"https:\/\/sxflightcase.com\/th\/#organization\"},\"potentialAction\":[{\"@type\":\"SearchAction\",\"target\":{\"@type\":\"EntryPoint\",\"urlTemplate\":\"https:\/\/sxflightcase.com\/th\/?s={search_term_string}\"},\"query-input\":{\"@type\":\"PropertyValueSpecification\",\"valueRequired\":true,\"valueName\":\"search_term_string\"}}],\"inLanguage\":\"nl-NL\"},{\"@type\":\"Organization\",\"@id\":\"https:\/\/sxflightcase.com\/th\/#organization\",\"name\":\"sxpowercase.com\",\"url\":\"https:\/\/sxflightcase.com\/th\/\",\"logo\":{\"@type\":\"ImageObject\",\"inLanguage\":\"nl-NL\",\"@id\":\"https:\/\/sxflightcase.com\/th\/#\/schema\/logo\/image\/\",\"url\":\"https:\/\/sxflightcase.com\/wp-content\/uploads\/2024\/04\/1713919036007.jpg\",\"contentUrl\":\"https:\/\/sxflightcase.com\/wp-content\/uploads\/2024\/04\/1713919036007.jpg\",\"width\":382,\"height\":388,\"caption\":\"sxpowercase.com\"},\"image\":{\"@id\":\"https:\/\/sxflightcase.com\/th\/#\/schema\/logo\/image\/\"},\"sameAs\":[\"https:\/\/www.facebook.com\/profile.php?id=61560407257971\"],\"numberOfEmployees\":{\"@type\":\"QuantitativeValue\",\"minValue\":\"11\",\"maxValue\":\"50\"}}]}<\/script>\n<!-- \/ Yoast SEO Premium plugin. -->","yoast_head_json":{"title":"MP 12u Rack Flight Case - https:\/\/sxflightcase.com \ud83d\udc97","description":"12u Rack Flight Case: Ontdek onze directe fabrieksopties, die professioneel maatwerk bieden voor effici\u00ebnte organisatie en opslag van uw apparatuur.","robots":{"index":"index","follow":"follow","max-snippet":"max-snippet:-1","max-image-preview":"max-image-preview:large","max-video-preview":"max-video-preview:-1"},"canonical":"https:\/\/sxflightcase.com\/nl\/\u0645\u0646\u062a\u062c\/\u062d\u0642\u064a\u0628\u0629-\u0637\u064a\u0631\u0627\u0646-12-\u0648\u062d\u062f\u0629\/","og_locale":"nl_NL","og_type":"article","og_title":"MP 12u Rack Flight Case","og_description":"12u Rack Flight Case: Discover our factory-direct options, offering professional customization for efficient organization and storage of your equipment.","og_url":"https:\/\/sxflightcase.com\/nl\/\u0645\u0646\u062a\u062c\/\u062d\u0642\u064a\u0628\u0629-\u0637\u064a\u0631\u0627\u0646-12-\u0648\u062d\u062f\u0629\/","og_site_name":"https:\/\/sxflightcase.com","article_publisher":"https:\/\/www.facebook.com\/profile.php?id=61560407257971","article_modified_time":"2024-06-26T09:23:10+00:00","og_image":[{"width":750,"height":750,"url":"https:\/\/sxflightcase.com\/wp-content\/uploads\/2024\/05\/12u-rack-flight-case44398687814.webp","type":"image\/webp"}],"twitter_card":"summary_large_image","twitter_misc":{"Geschatte leestijd":"4 minuten"},"schema":{"@context":"https:\/\/schema.org","@graph":[{"@type":"WebPage","@id":"https:\/\/sxflightcase.com\/ary\/\u0645\u0646\u062a\u062c\/\u062d\u0642\u064a\u0628\u0629-\u0637\u064a\u0631\u0627\u0646-12-\u0648\u062d\u062f\u0629\/","url":"https:\/\/sxflightcase.com\/ary\/\u0645\u0646\u062a\u062c\/\u062d\u0642\u064a\u0628\u0629-\u0637\u064a\u0631\u0627\u0646-12-\u0648\u062d\u062f\u0629\/","name":"MP 12u Rack Flight Case - https:\/\/sxflightcase.com \ud83d\udc97","isPartOf":{"@id":"https:\/\/sxflightcase.com\/th\/#website"},"primaryImageOfPage":{"@id":"https:\/\/sxflightcase.com\/ary\/\u0645\u0646\u062a\u062c\/\u062d\u0642\u064a\u0628\u0629-\u0637\u064a\u0631\u0627\u0646-12-\u0648\u062d\u062f\u0629\/#primaryimage"},"image":{"@id":"https:\/\/sxflightcase.com\/ary\/\u0645\u0646\u062a\u062c\/\u062d\u0642\u064a\u0628\u0629-\u0637\u064a\u0631\u0627\u0646-12-\u0648\u062d\u062f\u0629\/#primaryimage"},"thumbnailUrl":"https:\/\/sxflightcase.com\/wp-content\/uploads\/2024\/05\/12u-rack-flight-case44398687814.webp","datePublished":"2024-05-10T02:33:38+00:00","dateModified":"2024-06-26T09:23:10+00:00","description":"12u Rack Flight Case: Ontdek onze directe fabrieksopties, die professioneel maatwerk bieden voor effici\u00ebnte organisatie en opslag van uw apparatuur.","breadcrumb":{"@id":"https:\/\/sxflightcase.com\/ary\/\u0645\u0646\u062a\u062c\/\u062d\u0642\u064a\u0628\u0629-\u0637\u064a\u0631\u0627\u0646-12-\u0648\u062d\u062f\u0629\/#breadcrumb"},"inLanguage":"nl-NL","potentialAction":[{"@type":"ReadAction","target":["https:\/\/sxflightcase.com\/ary\/\u0645\u0646\u062a\u062c\/\u062d\u0642\u064a\u0628\u0629-\u0637\u064a\u0631\u0627\u0646-12-\u0648\u062d\u062f\u0629\/"]}]},{"@type":"ImageObject","inLanguage":"nl-NL","@id":"https:\/\/sxflightcase.com\/ary\/\u0645\u0646\u062a\u062c\/\u062d\u0642\u064a\u0628\u0629-\u0637\u064a\u0631\u0627\u0646-12-\u0648\u062d\u062f\u0629\/#primaryimage","url":"https:\/\/sxflightcase.com\/wp-content\/uploads\/2024\/05\/12u-rack-flight-case44398687814.webp","contentUrl":"https:\/\/sxflightcase.com\/wp-content\/uploads\/2024\/05\/12u-rack-flight-case44398687814.webp","width":750,"height":750,"caption":"12u Rack Flight Case"},{"@type":"BreadcrumbList","@id":"https:\/\/sxflightcase.com\/ary\/\u0645\u0646\u062a\u062c\/\u062d\u0642\u064a\u0628\u0629-\u0637\u064a\u0631\u0627\u0646-12-\u0648\u062d\u062f\u0629\/#breadcrumb","itemListElement":[{"@type":"ListItem","position":1,"name":"Home","item":"https:\/\/sxflightcase.com\/"},{"@type":"ListItem","position":2,"name":"\u0e2a\u0e34\u0e19\u0e04\u0e49\u0e32","item":"https:\/\/sxflightcase.com\/th\/shop\/"},{"@type":"ListItem","position":3,"name":"MP 12u Rack Flight Case"}]},{"@type":"WebSite","@id":"https:\/\/sxflightcase.com\/th\/#website","url":"https:\/\/sxflightcase.com\/th\/","name":"sxpowercase.com","description":"Fabriek voor Flightcases","publisher":{"@id":"https:\/\/sxflightcase.com\/th\/#organization"},"potentialAction":[{"@type":"SearchAction","target":{"@type":"EntryPoint","urlTemplate":"https:\/\/sxflightcase.com\/th\/?s={search_term_string}"},"query-input":{"@type":"PropertyValueSpecification","valueRequired":true,"valueName":"search_term_string"}}],"inLanguage":"nl-NL"},{"@type":"Organization","@id":"https:\/\/sxflightcase.com\/th\/#organization","name":"sxpowercase.com","url":"https:\/\/sxflightcase.com\/th\/","logo":{"@type":"ImageObject","inLanguage":"nl-NL","@id":"https:\/\/sxflightcase.com\/th\/#\/schema\/logo\/image\/","url":"https:\/\/sxflightcase.com\/wp-content\/uploads\/2024\/04\/1713919036007.jpg","contentUrl":"https:\/\/sxflightcase.com\/wp-content\/uploads\/2024\/04\/1713919036007.jpg","width":382,"height":388,"caption":"sxpowercase.com"},"image":{"@id":"https:\/\/sxflightcase.com\/th\/#\/schema\/logo\/image\/"},"sameAs":["https:\/\/www.facebook.com\/profile.php?id=61560407257971"],"numberOfEmployees":{"@type":"QuantitativeValue","minValue":"11","maxValue":"50"}}]}},"_links":{"self":[{"href":"https:\/\/sxflightcase.com\/nl\/wp-json\/wp\/v2\/product\/1655","targetHints":{"allow":["GET"]}}],"collection":[{"href":"https:\/\/sxflightcase.com\/nl\/wp-json\/wp\/v2\/product"}],"about":[{"href":"https:\/\/sxflightcase.com\/nl\/wp-json\/wp\/v2\/types\/product"}],"replies":[{"embeddable":true,"href":"https:\/\/sxflightcase.com\/nl\/wp-json\/wp\/v2\/comments?post=1655"}],"version-history":[{"count":0,"href":"https:\/\/sxflightcase.com\/nl\/wp-json\/wp\/v2\/product\/1655\/revisions"}],"wp:featuredmedia":[{"embeddable":true,"href":"https:\/\/sxflightcase.com\/nl\/wp-json\/wp\/v2\/media\/1656"}],"wp:attachment":[{"href":"https:\/\/sxflightcase.com\/nl\/wp-json\/wp\/v2\/media?parent=1655"}],"wp:term":[{"taxonomy":"product_brand","embeddable":true,"href":"https:\/\/sxflightcase.com\/nl\/wp-json\/wp\/v2\/product_brand?post=1655"},{"taxonomy":"product_cat","embeddable":true,"href":"https:\/\/sxflightcase.com\/nl\/wp-json\/wp\/v2\/product_cat?post=1655"},{"taxonomy":"product_tag","embeddable":true,"href":"https:\/\/sxflightcase.com\/nl\/wp-json\/wp\/v2\/product_tag?post=1655"}],"curies":[{"name":"wp","href":"https:\/\/api.w.org\/{rel}","templated":true}]}}