{"id":1058,"date":"2024-05-06T04:04:43","date_gmt":"2024-05-06T03:04:43","guid":{"rendered":"https:\/\/sxpowercase.com\/?post_type=product&#038;p=1058"},"modified":"2025-02-17T22:56:11","modified_gmt":"2025-02-18T06:56:11","slug":"amp-flight-case-8u-10u-12u","status":"publish","type":"product","link":"https:\/\/sxflightcase.com\/pt\/produto\/caixa-de-voo-amp-8u-10u-12u\/","title":{"rendered":"Personalizar a mala de voo 8u 10u 12u"},"content":{"rendered":"<h2 data-start=\"118\" data-end=\"181\">Melhore a prote\u00e7\u00e3o do seu equipamento com a mala de transporte personalizada da SX<\/h2>\n<h3 data-start=\"183\" data-end=\"231\"><strong data-start=\"187\" data-end=\"231\">Prote\u00e7\u00e3o inigual\u00e1vel para os seus amplificadores<\/strong><\/h3>\n<p data-start=\"233\" data-end=\"563\">Quando se trata de transportar o seu valioso <strong data-start=\"277\" data-end=\"291\">amplificadores<\/strong>A seguran\u00e7a das pessoas \u00e9 fundamental. SX's <a href=\"https:\/\/sxpowercase.com\/product\/stage-lighting-flight-case\/\"><strong data-start=\"332\" data-end=\"358\">personalizar malas de voo<\/strong><\/a> oferecem a melhor prote\u00e7\u00e3o, fabricadas com precis\u00e3o e aten\u00e7\u00e3o aos detalhes. Quer esteja a caminho de um concerto, de uma digress\u00e3o ou de um est\u00fadio, estas malas de viagem foram concebidas para manter o seu equipamento seguro e sem danos.<\/p>\n<h3 data-start=\"565\" data-end=\"612\"><strong data-start=\"569\" data-end=\"612\">Porqu\u00ea escolher as malas de voo personalizadas da SX?<\/strong><\/h3>\n<p data-start=\"614\" data-end=\"1059\">Na SX, entendemos que cada amplificador merece a melhor prote\u00e7\u00e3o. A nossa <strong data-start=\"690\" data-end=\"716\">personalizar <a href=\"https:\/\/sxpowercase.com\/product\/mixer-case-rack\/\">caixas de voo<\/a><\/strong> s\u00e3o concebidos tendo em conta a durabilidade e a funcionalidade. Com <strong data-start=\"778\" data-end=\"810\">espuma de alta densidade \u00e0 prova de choque<\/strong> e robusto <strong data-start=\"822\" data-end=\"840\">estrutura de alum\u00ednio<\/strong> As nossas caixas protegem os seus amplificadores de choques, vibra\u00e7\u00f5es e manuseamento incorreto. Quer esteja a utilizar um <strong data-start=\"959\" data-end=\"972\">amplificador combinado<\/strong> ou <strong data-start=\"976\" data-end=\"997\">equipamento montado em bastidor<\/strong>asseguramos que o seu equipamento permanece intacto durante o transporte.<\/p>\n<h3 data-start=\"1061\" data-end=\"1106\"><strong data-start=\"1065\" data-end=\"1106\">Solu\u00e7\u00f5es personalizadas adaptadas ao seu amplificador<\/strong><\/h3>\n<p data-start=\"1108\" data-end=\"1498\">N\u00e3o existem dois amplificadores iguais, e \u00e9 por isso que <strong data-start=\"1155\" data-end=\"1161\">SX<\/strong> \u00e9 especializada em <strong data-start=\"1177\" data-end=\"1203\">personalizar malas de voo<\/strong>. A nossa equipa de design trabalha em estreita colabora\u00e7\u00e3o consigo para desenvolver uma caixa que se adapte \u00e0s dimens\u00f5es do seu amplificador, garantindo um ajuste confort\u00e1vel e seguro. Oferecemos personaliza\u00e7\u00e3o em termos de <strong data-start=\"1368\" data-end=\"1376\">tamanho<\/strong>, <strong data-start=\"1378\" data-end=\"1391\">materiais<\/strong>, <strong data-start=\"1393\" data-end=\"1418\">desenhos de espuma para interiores<\/strong>, <strong data-start=\"1420\" data-end=\"1431\">pegas<\/strong>, <strong data-start=\"1433\" data-end=\"1442\">fechaduras<\/strong>e muito mais, proporcionando-lhe uma mala de voo que \u00e9 verdadeiramente sua.<\/p>\n<h3 data-start=\"1500\" data-end=\"1570\"><strong data-start=\"1504\" data-end=\"1570\">Melhore a sua imagem profissional com as malas de transporte personalizadas da SX<\/strong><\/h3>\n<p data-start=\"1572\" data-end=\"1895\">Utilizar um <strong data-start=\"1580\" data-end=\"1605\">mala de transporte personalizada<\/strong> da SX n\u00e3o se limita a proteger o seu equipamento - melhora a sua imagem como profissional. Os clientes e parceiros apreciar\u00e3o a sua aten\u00e7\u00e3o aos pormenores e o seu empenho em proteger o seu equipamento. Isto acrescenta credibilidade e fiabilidade \u00e0 sua marca, ajudando-o a destacar-se num mercado competitivo.<\/p>\n<h3 data-start=\"1897\" data-end=\"1964\"><strong data-start=\"1901\" data-end=\"1964\">Design eficiente e c\u00f3modo para profissionais em movimento<\/strong><\/h3>\n<p data-start=\"1966\" data-end=\"2364\">O nosso <strong data-start=\"1970\" data-end=\"1996\">personalizar malas de voo<\/strong> foram concebidos a pensar na comodidade. Carater\u00edsticas como <strong data-start=\"2050\" data-end=\"2070\">pegas incorporadas<\/strong>, <strong data-start=\"2072\" data-end=\"2093\">rodas resistentes<\/strong>e <strong data-start=\"2099\" data-end=\"2118\">fechos de borboleta<\/strong> asseguram que o transporte do seu equipamento \u00e9 f\u00e1cil. Chega de se atrapalhar com estojos dif\u00edceis - apenas um movimento suave e sem complica\u00e7\u00f5es de um show para outro. Com o SX, passar\u00e1 menos tempo a preocupar-se com a prote\u00e7\u00e3o do equipamento e mais tempo a concentrar-se no seu desempenho.<\/p>\n<h3 data-start=\"2366\" data-end=\"2427\"><strong data-start=\"2370\" data-end=\"2427\">Expanda o seu neg\u00f3cio com as malas de transporte personalizadas da SX<\/strong><\/h3>\n<p data-start=\"2429\" data-end=\"2758\">Ao investir na SX's <strong data-start=\"2450\" data-end=\"2476\">personalizar malas de voo<\/strong>Com a prote\u00e7\u00e3o do seu equipamento, n\u00e3o est\u00e1 apenas a proteger o seu equipamento, mas tamb\u00e9m a investir no crescimento do seu neg\u00f3cio. Com uma prote\u00e7\u00e3o de equipamento segura e de aspeto profissional, atrair\u00e1 mais clientes, garantir\u00e1 mais actua\u00e7\u00f5es e, em \u00faltima an\u00e1lise, aumentar\u00e1 as suas receitas. Escolha a SX e eleve o seu neg\u00f3cio a novos patamares.<\/p>\n<h3 data-start=\"2760\" data-end=\"2800\"><strong data-start=\"2764\" data-end=\"2800\">Satisfa\u00e7\u00e3o do cliente garantida<\/strong><\/h3>\n<p data-start=\"2802\" data-end=\"3064\">Na SX, estamos empenhados em fornecer o mais alto n\u00edvel de satisfa\u00e7\u00e3o ao cliente. Os nossos <strong data-start=\"2887\" data-end=\"2913\">personalizar malas de voo<\/strong> s\u00e3o de confian\u00e7a em todo o mundo pela sua durabilidade, qualidade e fiabilidade. Junte-se aos muitos profissionais que confiam na SX para proteger os seus valiosos amplificadores.<\/p>\n<h3 data-start=\"3066\" data-end=\"3117\"><strong data-start=\"3070\" data-end=\"3117\">Principais carater\u00edsticas das malas de voo personalizadas da SX<\/strong><\/h3>\n<ul data-start=\"3119\" data-end=\"3529\">\n<li data-start=\"3119\" data-end=\"3173\"><strong data-start=\"3121\" data-end=\"3134\">Material:<\/strong> Estrutura de alum\u00ednio + contraplacado de 9 mm ign\u00edfugo<\/li>\n<li data-start=\"3174\" data-end=\"3218\"><strong data-start=\"3176\" data-end=\"3189\">Interior:<\/strong> Espuma de alta densidade \u00e0 prova de choque<\/li>\n<li data-start=\"3219\" data-end=\"3292\"><strong data-start=\"3221\" data-end=\"3239\">Personaliza\u00e7\u00e3o:<\/strong> Adaptado \u00e0s dimens\u00f5es e especifica\u00e7\u00f5es do seu equipamento<\/li>\n<li data-start=\"3293\" data-end=\"3347\"><strong data-start=\"3295\" data-end=\"3307\">Embalagem:<\/strong> Saco de bolhas + caixa de cart\u00e3o para uma entrega segura<\/li>\n<li data-start=\"3348\" data-end=\"3383\"><strong data-start=\"3350\" data-end=\"3366\">Tempo de amostragem:<\/strong> 3-5 dias \u00fateis<\/li>\n<li data-start=\"3384\" data-end=\"3427\"><strong data-start=\"3386\" data-end=\"3408\">Hora da encomenda formal:<\/strong> 15-20 dias \u00fateis<\/li>\n<li data-start=\"3428\" data-end=\"3529\"><strong data-start=\"3430\" data-end=\"3446\">Acess\u00f3rios:<\/strong> Quatro fechos de borboleta, quatro rodas e quatro pegas resistentes para um transporte f\u00e1cil<\/li>\n<\/ul>\n<h3 data-start=\"3531\" data-end=\"3577\"><strong data-start=\"3535\" data-end=\"3577\">Perguntas frequentes sobre as malas de voo personalizadas da SX<\/strong><\/h3>\n<p data-start=\"3579\" data-end=\"3745\"><strong data-start=\"3579\" data-end=\"3652\">P: A SX pode personalizar os interiores de espuma das malas de transporte personalizadas?<\/strong><br data-start=\"3652\" data-end=\"3655\" \/><strong data-start=\"3655\" data-end=\"3661\">A:<\/strong> Sim! N\u00f3s fornecemos <strong data-start=\"3678\" data-end=\"3703\">interiores de espuma personalizados<\/strong> concebido para se adaptar com precis\u00e3o ao seu amplificador.<\/p>\n<p data-start=\"3747\" data-end=\"3982\"><strong data-start=\"3747\" data-end=\"3837\">P: As caixas de transporte personalizadas da SX s\u00e3o adequadas tanto para amplificadores combinados como para equipamento montado em rack?<\/strong><br data-start=\"3837\" data-end=\"3840\" \/><strong data-start=\"3840\" data-end=\"3846\">A:<\/strong> Sem d\u00favida! Concebemos <strong data-start=\"3869\" data-end=\"3890\">malas de estrada personalizadas<\/strong> para uma vasta gama de configura\u00e7\u00f5es de amplificadores, incluindo <strong data-start=\"3941\" data-end=\"3955\">amplificadores combinados<\/strong> e <strong data-start=\"3960\" data-end=\"3981\">equipamento montado em bastidor<\/strong>.<\/p>\n<p data-start=\"3984\" data-end=\"4200\"><strong data-start=\"3984\" data-end=\"4035\">P: Qual \u00e9 a durabilidade das malas de voo personalizadas da SX?<\/strong><br data-start=\"4035\" data-end=\"4038\" \/><strong data-start=\"4038\" data-end=\"4044\">A:<\/strong> Extremamente dur\u00e1vel. O nosso <strong data-start=\"4068\" data-end=\"4094\">personalizar malas de voo<\/strong> s\u00e3o constru\u00eddos para resistir \u00e0s condi\u00e7\u00f5es mais dif\u00edceis, garantindo uma prote\u00e7\u00e3o fi\u00e1vel para o seu valioso equipamento.<\/p>\n<p data-start=\"4202\" data-end=\"4433\"><strong data-start=\"4202\" data-end=\"4274\">P: A utiliza\u00e7\u00e3o das malas de voo personalizadas da SX ajudar\u00e1 a atrair mais clientes?<\/strong><br data-start=\"4274\" data-end=\"4277\" \/><strong data-start=\"4277\" data-end=\"4283\">A:<\/strong> Sim! Ter um produto de qualidade profissional <strong data-start=\"4315\" data-end=\"4341\">personalizar malas de voo<\/strong> melhora a sua imagem, fazendo com que os clientes confiem mais em si e, em \u00faltima an\u00e1lise, aumentando o seu neg\u00f3cio.<\/p>\n<p data-start=\"4435\" data-end=\"4618\"><strong data-start=\"4435\" data-end=\"4489\">P: Como posso encomendar malas de voo personalizadas \u00e0 SX?<\/strong><br data-start=\"4489\" data-end=\"4492\" \/><strong data-start=\"4492\" data-end=\"4498\">A:<\/strong> Basta contactar a nossa equipa e colaboraremos consigo para criar a solu\u00e7\u00e3o perfeita <strong data-start=\"4577\" data-end=\"4602\">personalizar <a href=\"https:\/\/sxpowercase.com\/are-flight-case-safe\/\" target=\"_blank\" rel=\"noopener\"  data-wpil-monitor-id=\"903\">mala de voo<\/a><\/strong> para as suas necessidades.<\/p>\n<h3 data-start=\"4620\" data-end=\"4645\"><strong data-start=\"4624\" data-end=\"4643\">Obter acesso agora:<\/strong><\/h3>\n<p data-start=\"4646\" data-end=\"4695\"><a href=\"https:\/\/sxpowercase.com\/contact-us\/\" target=\"_new\" rel=\"noopener\" data-start=\"4646\" data-end=\"4695\">Contacto SX<\/a><\/p>\n<hr data-start=\"4697\" data-end=\"4700\" \/>\n<h3 data-start=\"4702\" data-end=\"4721\"><strong data-start=\"4706\" data-end=\"4719\">Hot Tags:<\/strong><\/h3>\n<p data-start=\"4722\" data-end=\"5006\"><strong data-start=\"4722\" data-end=\"5006\">Pre\u00e7o baixo, em stock, amostra gr\u00e1tis, cabo de alimenta\u00e7\u00e3o e sinal, fio de 4 condutores de calibre 16, caixa de suporte para microfone, arm\u00e1rio de exposi\u00e7\u00e3o LED para exterior, montagem em bastidor, caixa de distribui\u00e7\u00e3o el\u00e9ctrica, China, fornecedores, f\u00e1brica, personalizado, grossista, caixas de alimenta\u00e7\u00e3o, cabos de alimenta\u00e7\u00e3o, controladores de guincho, caixas de voo<\/strong><\/p>","protected":false},"excerpt":{"rendered":"<h2><strong>Prote\u00e7\u00e3o personalizada<\/strong><\/h2>\n<p>As caixas de transporte de amplificadores da SX s\u00e3o concebidas para serem dur\u00e1veis e possuem interiores de espuma personalizados para proteger o seu equipamento contra choques, pancadas e vibra\u00e7\u00f5es durante o transporte.<\/p>\n<h2><strong>Solu\u00e7\u00f5es \u00e0 medida para cada amplificador<\/strong><\/h2>\n<p>Desde amplificadores combinados a equipamento montado em bastidor, a SX oferece malas de estrada personalizadas concebidas para se adaptarem ao seu amplificador espec\u00edfico, garantindo a m\u00e1xima prote\u00e7\u00e3o e tranquilidade na estrada.<\/p>\n<h2><strong>Profissionalismo e efici\u00eancia<\/strong><\/h2>\n<p>Investir nas malas de voo para amplificadores da SX n\u00e3o s\u00f3 protege o seu equipamento, como tamb\u00e9m melhora a sua imagem profissional e efici\u00eancia. Com carater\u00edsticas convenientes como pegas incorporadas e rodas robustas, pode concentrar-se no seu desempenho, atraindo mais clientes e garantindo mais concertos.<\/p>","protected":false},"featured_media":1059,"comment_status":"open","ping_status":"closed","template":"","meta":[],"product_brand":[],"product_cat":[35],"product_tag":[54],"class_list":{"0":"post-1058","1":"product","2":"type-product","3":"status-publish","4":"has-post-thumbnail","6":"product_cat-standard-rack-cases","7":"product_tag-customize","9":"first","10":"instock","11":"shipping-taxable","12":"product-type-simple"},"yoast_head":"<!-- This site is optimized with the Yoast SEO Premium plugin v27.1 (Yoast SEO v27.2) - https:\/\/yoast.com\/product\/yoast-seo-premium-wordpress\/ -->\n<title>Customize Flight Case 8u 10u 12u - https:\/\/sxflightcase.com \ud83d\udc97<\/title>\n<meta name=\"description\" content=\"Customize Flight Case: Explore factory-direct sales and professional customization for the ultimate protection of your equipment\" \/>\n<meta name=\"robots\" content=\"index, follow, max-snippet:-1, max-image-preview:large, max-video-preview:-1\" \/>\n<link rel=\"canonical\" href=\"https:\/\/sxflightcase.com\/pt\/\u4ea7\u54c1\/\u653e\u5927\u5668\u98de\u884c\u7bb1-8u-10u-12u\/\" \/>\n<meta property=\"og:locale\" content=\"pt_PT\" \/>\n<meta property=\"og:type\" content=\"article\" \/>\n<meta property=\"og:title\" content=\"Customize Flight Case 8u 10u 12u\" \/>\n<meta property=\"og:description\" content=\"Customize Flight Case: Explore factory-direct sales and professional customization for the ultimate protection of your equipment\" \/>\n<meta property=\"og:url\" content=\"https:\/\/sxflightcase.com\/pt\/\u4ea7\u54c1\/\u653e\u5927\u5668\u98de\u884c\u7bb1-8u-10u-12u\/\" \/>\n<meta property=\"og:site_name\" content=\"https:\/\/sxflightcase.com\" \/>\n<meta property=\"article:publisher\" content=\"https:\/\/www.facebook.com\/profile.php?id=61560407257971\" \/>\n<meta property=\"article:modified_time\" content=\"2025-02-18T06:56:11+00:00\" \/>\n<meta property=\"og:image\" content=\"https:\/\/sxflightcase.com\/wp-content\/uploads\/2024\/05\/1714963187169.jpg\" \/>\n\t<meta property=\"og:image:width\" content=\"700\" \/>\n\t<meta property=\"og:image:height\" content=\"700\" \/>\n\t<meta property=\"og:image:type\" content=\"image\/jpeg\" \/>\n<meta name=\"twitter:card\" content=\"summary_large_image\" \/>\n<meta name=\"twitter:label1\" content=\"Tempo estimado de leitura\" \/>\n\t<meta name=\"twitter:data1\" content=\"4 minutos\" \/>\n<script type=\"application\/ld+json\" class=\"yoast-schema-graph\">{\"@context\":\"https:\/\/schema.org\",\"@graph\":[{\"@type\":\"WebPage\",\"@id\":\"https:\/\/sxflightcase.com\/zh\/\u4ea7\u54c1\/\u653e\u5927\u5668\u98de\u884c\u7bb1-8u-10u-12u\/\",\"url\":\"https:\/\/sxflightcase.com\/zh\/\u4ea7\u54c1\/\u653e\u5927\u5668\u98de\u884c\u7bb1-8u-10u-12u\/\",\"name\":\"Customize Flight Case 8u 10u 12u - https:\/\/sxflightcase.com \ud83d\udc97\",\"isPartOf\":{\"@id\":\"https:\/\/sxflightcase.com\/th\/#website\"},\"primaryImageOfPage\":{\"@id\":\"https:\/\/sxflightcase.com\/zh\/\u4ea7\u54c1\/\u653e\u5927\u5668\u98de\u884c\u7bb1-8u-10u-12u\/#primaryimage\"},\"image\":{\"@id\":\"https:\/\/sxflightcase.com\/zh\/\u4ea7\u54c1\/\u653e\u5927\u5668\u98de\u884c\u7bb1-8u-10u-12u\/#primaryimage\"},\"thumbnailUrl\":\"https:\/\/sxflightcase.com\/wp-content\/uploads\/2024\/05\/1714963187169.jpg\",\"datePublished\":\"2024-05-06T03:04:43+00:00\",\"dateModified\":\"2025-02-18T06:56:11+00:00\",\"description\":\"Customize Flight Case: Explore factory-direct sales and professional customization for the ultimate protection of your equipment\",\"breadcrumb\":{\"@id\":\"https:\/\/sxflightcase.com\/zh\/\u4ea7\u54c1\/\u653e\u5927\u5668\u98de\u884c\u7bb1-8u-10u-12u\/#breadcrumb\"},\"inLanguage\":\"pt-PT\",\"potentialAction\":[{\"@type\":\"ReadAction\",\"target\":[\"https:\/\/sxflightcase.com\/zh\/\u4ea7\u54c1\/\u653e\u5927\u5668\u98de\u884c\u7bb1-8u-10u-12u\/\"]}]},{\"@type\":\"ImageObject\",\"inLanguage\":\"pt-PT\",\"@id\":\"https:\/\/sxflightcase.com\/zh\/\u4ea7\u54c1\/\u653e\u5927\u5668\u98de\u884c\u7bb1-8u-10u-12u\/#primaryimage\",\"url\":\"https:\/\/sxflightcase.com\/wp-content\/uploads\/2024\/05\/1714963187169.jpg\",\"contentUrl\":\"https:\/\/sxflightcase.com\/wp-content\/uploads\/2024\/05\/1714963187169.jpg\",\"width\":700,\"height\":700,\"caption\":\"amp flight case\"},{\"@type\":\"BreadcrumbList\",\"@id\":\"https:\/\/sxflightcase.com\/zh\/\u4ea7\u54c1\/\u653e\u5927\u5668\u98de\u884c\u7bb1-8u-10u-12u\/#breadcrumb\",\"itemListElement\":[{\"@type\":\"ListItem\",\"position\":1,\"name\":\"Home\",\"item\":\"https:\/\/sxflightcase.com\/\"},{\"@type\":\"ListItem\",\"position\":2,\"name\":\"\u0e2a\u0e34\u0e19\u0e04\u0e49\u0e32\",\"item\":\"https:\/\/sxflightcase.com\/th\/shop\/\"},{\"@type\":\"ListItem\",\"position\":3,\"name\":\"Customize Flight Case 8u 10u 12u\"}]},{\"@type\":\"WebSite\",\"@id\":\"https:\/\/sxflightcase.com\/th\/#website\",\"url\":\"https:\/\/sxflightcase.com\/th\/\",\"name\":\"sxpowercase.com\",\"description\":\"Flight Case Factory\",\"publisher\":{\"@id\":\"https:\/\/sxflightcase.com\/th\/#organization\"},\"potentialAction\":[{\"@type\":\"SearchAction\",\"target\":{\"@type\":\"EntryPoint\",\"urlTemplate\":\"https:\/\/sxflightcase.com\/th\/?s={search_term_string}\"},\"query-input\":{\"@type\":\"PropertyValueSpecification\",\"valueRequired\":true,\"valueName\":\"search_term_string\"}}],\"inLanguage\":\"pt-PT\"},{\"@type\":\"Organization\",\"@id\":\"https:\/\/sxflightcase.com\/th\/#organization\",\"name\":\"sxpowercase.com\",\"url\":\"https:\/\/sxflightcase.com\/th\/\",\"logo\":{\"@type\":\"ImageObject\",\"inLanguage\":\"pt-PT\",\"@id\":\"https:\/\/sxflightcase.com\/th\/#\/schema\/logo\/image\/\",\"url\":\"https:\/\/sxflightcase.com\/wp-content\/uploads\/2024\/04\/1713919036007.jpg\",\"contentUrl\":\"https:\/\/sxflightcase.com\/wp-content\/uploads\/2024\/04\/1713919036007.jpg\",\"width\":382,\"height\":388,\"caption\":\"sxpowercase.com\"},\"image\":{\"@id\":\"https:\/\/sxflightcase.com\/th\/#\/schema\/logo\/image\/\"},\"sameAs\":[\"https:\/\/www.facebook.com\/profile.php?id=61560407257971\"],\"numberOfEmployees\":{\"@type\":\"QuantitativeValue\",\"minValue\":\"11\",\"maxValue\":\"50\"}}]}<\/script>\n<!-- \/ Yoast SEO Premium plugin. -->","yoast_head_json":{"title":"Customize Flight Case 8u 10u 12u - https:\/\/sxflightcase.com \ud83d\udc97","description":"Personaliza\u00e7\u00e3o da mala de transporte: Explore as vendas diretas da f\u00e1brica e a personaliza\u00e7\u00e3o profissional para a m\u00e1xima prote\u00e7\u00e3o do seu equipamento","robots":{"index":"index","follow":"follow","max-snippet":"max-snippet:-1","max-image-preview":"max-image-preview:large","max-video-preview":"max-video-preview:-1"},"canonical":"https:\/\/sxflightcase.com\/pt\/\u4ea7\u54c1\/\u653e\u5927\u5668\u98de\u884c\u7bb1-8u-10u-12u\/","og_locale":"pt_PT","og_type":"article","og_title":"Customize Flight Case 8u 10u 12u","og_description":"Customize Flight Case: Explore factory-direct sales and professional customization for the ultimate protection of your equipment","og_url":"https:\/\/sxflightcase.com\/pt\/\u4ea7\u54c1\/\u653e\u5927\u5668\u98de\u884c\u7bb1-8u-10u-12u\/","og_site_name":"https:\/\/sxflightcase.com","article_publisher":"https:\/\/www.facebook.com\/profile.php?id=61560407257971","article_modified_time":"2025-02-18T06:56:11+00:00","og_image":[{"width":700,"height":700,"url":"https:\/\/sxflightcase.com\/wp-content\/uploads\/2024\/05\/1714963187169.jpg","type":"image\/jpeg"}],"twitter_card":"summary_large_image","twitter_misc":{"Tempo estimado de leitura":"4 minutos"},"schema":{"@context":"https:\/\/schema.org","@graph":[{"@type":"WebPage","@id":"https:\/\/sxflightcase.com\/zh\/\u4ea7\u54c1\/\u653e\u5927\u5668\u98de\u884c\u7bb1-8u-10u-12u\/","url":"https:\/\/sxflightcase.com\/zh\/\u4ea7\u54c1\/\u653e\u5927\u5668\u98de\u884c\u7bb1-8u-10u-12u\/","name":"Customize Flight Case 8u 10u 12u - https:\/\/sxflightcase.com \ud83d\udc97","isPartOf":{"@id":"https:\/\/sxflightcase.com\/th\/#website"},"primaryImageOfPage":{"@id":"https:\/\/sxflightcase.com\/zh\/\u4ea7\u54c1\/\u653e\u5927\u5668\u98de\u884c\u7bb1-8u-10u-12u\/#primaryimage"},"image":{"@id":"https:\/\/sxflightcase.com\/zh\/\u4ea7\u54c1\/\u653e\u5927\u5668\u98de\u884c\u7bb1-8u-10u-12u\/#primaryimage"},"thumbnailUrl":"https:\/\/sxflightcase.com\/wp-content\/uploads\/2024\/05\/1714963187169.jpg","datePublished":"2024-05-06T03:04:43+00:00","dateModified":"2025-02-18T06:56:11+00:00","description":"Personaliza\u00e7\u00e3o da mala de transporte: Explore as vendas diretas da f\u00e1brica e a personaliza\u00e7\u00e3o profissional para a m\u00e1xima prote\u00e7\u00e3o do seu equipamento","breadcrumb":{"@id":"https:\/\/sxflightcase.com\/zh\/\u4ea7\u54c1\/\u653e\u5927\u5668\u98de\u884c\u7bb1-8u-10u-12u\/#breadcrumb"},"inLanguage":"pt-PT","potentialAction":[{"@type":"ReadAction","target":["https:\/\/sxflightcase.com\/zh\/\u4ea7\u54c1\/\u653e\u5927\u5668\u98de\u884c\u7bb1-8u-10u-12u\/"]}]},{"@type":"ImageObject","inLanguage":"pt-PT","@id":"https:\/\/sxflightcase.com\/zh\/\u4ea7\u54c1\/\u653e\u5927\u5668\u98de\u884c\u7bb1-8u-10u-12u\/#primaryimage","url":"https:\/\/sxflightcase.com\/wp-content\/uploads\/2024\/05\/1714963187169.jpg","contentUrl":"https:\/\/sxflightcase.com\/wp-content\/uploads\/2024\/05\/1714963187169.jpg","width":700,"height":700,"caption":"amp flight case"},{"@type":"BreadcrumbList","@id":"https:\/\/sxflightcase.com\/zh\/\u4ea7\u54c1\/\u653e\u5927\u5668\u98de\u884c\u7bb1-8u-10u-12u\/#breadcrumb","itemListElement":[{"@type":"ListItem","position":1,"name":"Home","item":"https:\/\/sxflightcase.com\/"},{"@type":"ListItem","position":2,"name":"\u0e2a\u0e34\u0e19\u0e04\u0e49\u0e32","item":"https:\/\/sxflightcase.com\/th\/shop\/"},{"@type":"ListItem","position":3,"name":"Customize Flight Case 8u 10u 12u"}]},{"@type":"WebSite","@id":"https:\/\/sxflightcase.com\/th\/#website","url":"https:\/\/sxflightcase.com\/th\/","name":"sxpowercase.com","description":"F\u00e1brica de malas de voo","publisher":{"@id":"https:\/\/sxflightcase.com\/th\/#organization"},"potentialAction":[{"@type":"SearchAction","target":{"@type":"EntryPoint","urlTemplate":"https:\/\/sxflightcase.com\/th\/?s={search_term_string}"},"query-input":{"@type":"PropertyValueSpecification","valueRequired":true,"valueName":"search_term_string"}}],"inLanguage":"pt-PT"},{"@type":"Organization","@id":"https:\/\/sxflightcase.com\/th\/#organization","name":"sxpowercase.com","url":"https:\/\/sxflightcase.com\/th\/","logo":{"@type":"ImageObject","inLanguage":"pt-PT","@id":"https:\/\/sxflightcase.com\/th\/#\/schema\/logo\/image\/","url":"https:\/\/sxflightcase.com\/wp-content\/uploads\/2024\/04\/1713919036007.jpg","contentUrl":"https:\/\/sxflightcase.com\/wp-content\/uploads\/2024\/04\/1713919036007.jpg","width":382,"height":388,"caption":"sxpowercase.com"},"image":{"@id":"https:\/\/sxflightcase.com\/th\/#\/schema\/logo\/image\/"},"sameAs":["https:\/\/www.facebook.com\/profile.php?id=61560407257971"],"numberOfEmployees":{"@type":"QuantitativeValue","minValue":"11","maxValue":"50"}}]}},"_links":{"self":[{"href":"https:\/\/sxflightcase.com\/pt\/wp-json\/wp\/v2\/product\/1058","targetHints":{"allow":["GET"]}}],"collection":[{"href":"https:\/\/sxflightcase.com\/pt\/wp-json\/wp\/v2\/product"}],"about":[{"href":"https:\/\/sxflightcase.com\/pt\/wp-json\/wp\/v2\/types\/product"}],"replies":[{"embeddable":true,"href":"https:\/\/sxflightcase.com\/pt\/wp-json\/wp\/v2\/comments?post=1058"}],"version-history":[{"count":0,"href":"https:\/\/sxflightcase.com\/pt\/wp-json\/wp\/v2\/product\/1058\/revisions"}],"wp:featuredmedia":[{"embeddable":true,"href":"https:\/\/sxflightcase.com\/pt\/wp-json\/wp\/v2\/media\/1059"}],"wp:attachment":[{"href":"https:\/\/sxflightcase.com\/pt\/wp-json\/wp\/v2\/media?parent=1058"}],"wp:term":[{"taxonomy":"product_brand","embeddable":true,"href":"https:\/\/sxflightcase.com\/pt\/wp-json\/wp\/v2\/product_brand?post=1058"},{"taxonomy":"product_cat","embeddable":true,"href":"https:\/\/sxflightcase.com\/pt\/wp-json\/wp\/v2\/product_cat?post=1058"},{"taxonomy":"product_tag","embeddable":true,"href":"https:\/\/sxflightcase.com\/pt\/wp-json\/wp\/v2\/product_tag?post=1058"}],"curies":[{"name":"wp","href":"https:\/\/api.w.org\/{rel}","templated":true}]}}