{"id":1063,"date":"2024-05-06T04:41:12","date_gmt":"2024-05-06T03:41:12","guid":{"rendered":"https:\/\/sxpowercase.com\/?post_type=product&#038;p=1063"},"modified":"2025-09-16T01:04:00","modified_gmt":"2025-09-16T08:04:00","slug":"midas-m32-case","status":"publish","type":"product","link":"https:\/\/sxflightcase.com\/pt\/produto\/fabrica-de-caixas-de-transporte-em-bastidor\/","title":{"rendered":"F\u00e1brica de malas Midas M32"},"content":{"rendered":"<h2 data-start=\"416\" data-end=\"488\">Mala Midas M32 - Proteja o seu equipamento com solu\u00e7\u00f5es de malas de voo de qualidade superior<\/h2>\n<h3 data-start=\"490\" data-end=\"536\"><strong data-start=\"494\" data-end=\"536\">Porqu\u00ea escolher a Mala Midas M32 da SX?<\/strong><\/h3>\n<p data-start=\"538\" data-end=\"896\">Ao transportar o seu valioso equipamento Midas M32, a prote\u00e7\u00e3o \u00e9 fundamental. O <strong data-start=\"620\" data-end=\"638\">Mala Midas M32<\/strong> da SX \u00e9 a solu\u00e7\u00e3o perfeita para garantir que o seu equipamento permanece seguro e protegido durante as viagens. Fabricada com materiais de primeira qualidade como <strong data-start=\"766\" data-end=\"785\">caixilhos de alum\u00ednio<\/strong> e <strong data-start=\"790\" data-end=\"815\">contraplacado de 9 mm ign\u00edfugo<\/strong>A nossa mala garante a durabilidade e a seguran\u00e7a de que o seu Midas M32 necessita na estrada.<\/p>\n<h3 data-start=\"898\" data-end=\"949\"><strong data-start=\"902\" data-end=\"949\">Qualidade inigual\u00e1vel e op\u00e7\u00f5es de personaliza\u00e7\u00e3o<\/strong><\/h3>\n<p data-start=\"951\" data-end=\"1466\">Na SX, somos conhecidos por fornecer solu\u00e7\u00f5es excepcionais de caixas de voo. Como uma empresa de confian\u00e7a <strong data-start=\"1034\" data-end=\"1060\">F\u00e1brica de caixas Midas M32<\/strong>A nossa especialidade \u00e9 fornecer prote\u00e7\u00e3o personalizada para o seu equipamento. As nossas malas s\u00e3o constru\u00eddas com <strong data-start=\"1154\" data-end=\"1186\">espuma de alta densidade \u00e0 prova de choque<\/strong> para proteger o seu Midas M32 de choques, quedas e press\u00e3o externa. Escolha entre <strong data-start=\"1266\" data-end=\"1282\">tamanhos personalizados<\/strong>A nossa gama de malas \u00e9 composta por v\u00e1rios materiais, materiais e configura\u00e7\u00f5es interiores para satisfazer as suas necessidades espec\u00edficas. Tamb\u00e9m oferecemos uma variedade de pegas, fechaduras e acess\u00f3rios para tornar a sua mala t\u00e3o funcional e segura quanto poss\u00edvel.<\/p>\n<h3 data-start=\"1468\" data-end=\"1513\"><strong data-start=\"1472\" data-end=\"1513\">Solu\u00e7\u00f5es \u00e0 medida para o seu equipamento<\/strong><\/h3>\n<p data-start=\"1515\" data-end=\"1913\">Compreendemos que cada pe\u00e7a de equipamento \u00e9 \u00fanica, e \u00e9 por isso que oferecemos <strong data-start=\"1591\" data-end=\"1611\">solu\u00e7\u00f5es personalizadas<\/strong> para a sua mala Midas M32. Quer necessite de um <strong data-start=\"1656\" data-end=\"1678\">dimens\u00e3o espec\u00edfica<\/strong> ou <strong data-start=\"1682\" data-end=\"1706\">interior especializado<\/strong> Trabalhamos em estreita colabora\u00e7\u00e3o consigo para garantir que a mala cumpre os seus requisitos exactos. A nossa equipa de especialistas est\u00e1 empenhada em proporcionar um ajuste perfeito para o seu Midas M32, garantindo a m\u00e1xima prote\u00e7\u00e3o durante o transporte.<\/p>\n<h3 data-start=\"1915\" data-end=\"1967\"><strong data-start=\"1919\" data-end=\"1967\">Dur\u00e1vel e fi\u00e1vel - Concebido para a estrada<\/strong><\/h3>\n<p data-start=\"1969\" data-end=\"2318\">Com <strong data-start=\"1974\" data-end=\"1998\">quatro fechos de borboleta<\/strong>, <strong data-start=\"2000\" data-end=\"2023\">quatro pegas resistentes<\/strong>e <strong data-start=\"2029\" data-end=\"2044\">quatro rodas<\/strong> para um transporte f\u00e1cil, a mala Midas M32 da SX foi concebida para tornar as suas viagens sem problemas. A constru\u00e7\u00e3o duradoura garante que o seu equipamento Midas M32 chega ao destino em \u00f3ptimas condi\u00e7\u00f5es, enquanto o design pr\u00e1tico facilita o transporte e as manobras da mala.<\/p>\n<h3 data-start=\"2320\" data-end=\"2366\"><strong data-start=\"2324\" data-end=\"2366\">R\u00e1pida execu\u00e7\u00e3o e pre\u00e7os acess\u00edveis<\/strong><\/h3>\n<p data-start=\"2368\" data-end=\"2651\">Na SX, orgulhamo-nos de fornecer produtos de primeira qualidade com prazos de entrega r\u00e1pidos. Esperar <strong data-start=\"2462\" data-end=\"2482\">3-5 dias \u00fateis<\/strong> para amostras e <strong data-start=\"2499\" data-end=\"2521\">15-20 dias \u00fateis<\/strong> para encomendas formais. Tamb\u00e9m garantimos pre\u00e7os competitivos para lhe proporcionar o melhor valor para o seu investimento em malas de voo de alta qualidade.<\/p>\n<h3 data-start=\"2653\" data-end=\"2701\"><strong data-start=\"2657\" data-end=\"2701\">O seu fabricante de confian\u00e7a de caixas Midas M32<\/strong><\/h3>\n<p data-start=\"2703\" data-end=\"3075\">Como l\u00edder <strong data-start=\"2716\" data-end=\"2747\">Fabricante da caixa Midas M32<\/strong>O SX distingue-se pelo seu enfoque em <strong data-start=\"2780\" data-end=\"2833\">qualidade, personaliza\u00e7\u00e3o e satisfa\u00e7\u00e3o do cliente<\/strong>. Constru\u00edmos uma reputa\u00e7\u00e3o de criar malas dur\u00e1veis, fi\u00e1veis e concebidas profissionalmente que proporcionam paz de esp\u00edrito durante as viagens. Quando escolhe a SX, est\u00e1 a escolher um parceiro de confian\u00e7a para proteger o seu Midas M32 e outros equipamentos essenciais.<\/p>\n<h3 data-start=\"3077\" data-end=\"3119\"><strong data-start=\"3081\" data-end=\"3119\">Principais carater\u00edsticas da mala M32<\/strong><\/h3>\n<ul data-start=\"3121\" data-end=\"3525\">\n<li data-start=\"3121\" data-end=\"3175\"><strong data-start=\"3123\" data-end=\"3136\">Material:<\/strong> Estrutura de alum\u00ednio + contraplacado de 9 mm ign\u00edfugo<\/li>\n<li data-start=\"3176\" data-end=\"3220\"><strong data-start=\"3178\" data-end=\"3191\">Interior:<\/strong> Espuma de alta densidade \u00e0 prova de choque<\/li>\n<li data-start=\"3221\" data-end=\"3294\"><strong data-start=\"3223\" data-end=\"3241\">Personaliza\u00e7\u00e3o:<\/strong> Tamanho, materiais, enchimento interior, pegas, fechos, etc.<\/li>\n<li data-start=\"3295\" data-end=\"3348\"><strong data-start=\"3297\" data-end=\"3309\">Embalagem:<\/strong> Embalagem com bolhas + caixa de cart\u00e3o para uma entrega segura<\/li>\n<li data-start=\"3349\" data-end=\"3384\"><strong data-start=\"3351\" data-end=\"3367\">Tempo de amostragem:<\/strong> 3-5 dias \u00fateis<\/li>\n<li data-start=\"3385\" data-end=\"3428\"><strong data-start=\"3387\" data-end=\"3409\">Hora da encomenda formal:<\/strong> 15-20 dias \u00fateis<\/li>\n<li data-start=\"3429\" data-end=\"3525\"><strong data-start=\"3431\" data-end=\"3447\">Acess\u00f3rios:<\/strong> Quatro fechos de borboleta, quatro rodas e quatro pegas resistentes para um transporte f\u00e1cil<\/li>\n<\/ul>\n<h3 data-start=\"3527\" data-end=\"3549\"><strong data-start=\"3531\" data-end=\"3549\">Porqu\u00ea escolher a SX?<\/strong><\/h3>\n<ul data-start=\"3551\" data-end=\"3820\">\n<li data-start=\"3551\" data-end=\"3615\"><strong data-start=\"3553\" data-end=\"3570\">Design personalizado<\/strong>: Solu\u00e7\u00f5es \u00e0 medida para a sua caixa Midas M32.<\/li>\n<li data-start=\"3616\" data-end=\"3675\"><strong data-start=\"3618\" data-end=\"3633\">Fiabilidade<\/strong>: Constru\u00eddo para suportar os rigores das viagens.<\/li>\n<li data-start=\"3676\" data-end=\"3733\"><strong data-start=\"3678\" data-end=\"3692\">Efici\u00eancia<\/strong>: Prazos de produ\u00e7\u00e3o e de expedi\u00e7\u00e3o r\u00e1pidos.<\/li>\n<li data-start=\"3734\" data-end=\"3820\"><strong data-start=\"3736\" data-end=\"3761\">Satisfa\u00e7\u00e3o do cliente<\/strong>: Damos prioridade \u00e0s suas necessidades e prestamos um servi\u00e7o excecional.<iframe title=\"Midas M32 Case\u2764\ufe0f\" width=\"563\" height=\"1000\" src=\"https:\/\/www.youtube.com\/embed\/_wQN6XUntyY?feature=oembed\" frameborder=\"0\" allow=\"accelerometer; autoplay; clipboard-write; encrypted-media; gyroscope; picture-in-picture; web-share\" referrerpolicy=\"strict-origin-when-cross-origin\" allowfullscreen><\/iframe><\/li>\n<\/ul>\n<h3 data-start=\"3822\" data-end=\"3859\"><strong data-start=\"3826\" data-end=\"3859\">Perguntas frequentes sobre a mala M32<\/strong><\/h3>\n<p data-start=\"3861\" data-end=\"4028\"><strong data-start=\"3861\" data-end=\"3933\">P: A SX pode personalizar a mala M32 para tamanhos de equipamento espec\u00edficos?<\/strong><br data-start=\"3933\" data-end=\"3936\" \/><strong data-start=\"3936\" data-end=\"3942\">A:<\/strong> Sim! Oferecemos personaliza\u00e7\u00f5es com base nas dimens\u00f5es e especifica\u00e7\u00f5es do seu equipamento.<\/p>\n<p data-start=\"4030\" data-end=\"4178\"><strong data-start=\"4030\" data-end=\"4071\">P: Qual \u00e9 a durabilidade da mala M32?<\/strong><br data-start=\"4071\" data-end=\"4074\" \/><strong data-start=\"4074\" data-end=\"4080\">A:<\/strong> A nossa mala foi concebida para suportar viagens pesadas, com materiais refor\u00e7ados para m\u00e1xima prote\u00e7\u00e3o.<\/p>\n<p data-start=\"4180\" data-end=\"4328\"><strong data-start=\"4180\" data-end=\"4238\">P: A SX pode aceitar encomendas a granel de caixas M32?<\/strong><br data-start=\"4238\" data-end=\"4241\" \/><strong data-start=\"4241\" data-end=\"4247\">A:<\/strong> Sim, podemos tratar de encomendas em massa e fornecer solu\u00e7\u00f5es \u00e0 medida da sua empresa.<\/p>\n<p data-start=\"4330\" data-end=\"4456\"><strong data-start=\"4330\" data-end=\"4387\">P: Existe cobertura de garantia para a mala M32?<\/strong><br data-start=\"4387\" data-end=\"4390\" \/><strong data-start=\"4390\" data-end=\"4396\">A:<\/strong> Sim, as nossas malas t\u00eam uma garantia para sua tranquilidade.<\/p>\n<p data-start=\"4458\" data-end=\"4634\"><strong data-start=\"4458\" data-end=\"4521\">P: Como posso efetuar uma encomenda da mala M32 \u00e0 SX?<\/strong><br data-start=\"4521\" data-end=\"4524\" \/><strong data-start=\"4524\" data-end=\"4530\">A:<\/strong> Basta contactar a nossa equipa para discutir as suas necessidades e n\u00f3s orient\u00e1-lo-emos no processo de encomenda.<\/p>\n<h3 data-start=\"4636\" data-end=\"4694\"><strong data-start=\"4640\" data-end=\"4694\">Maximize a prote\u00e7\u00e3o e o potencial comercial com a SX<\/strong><\/h3>\n<p data-start=\"4696\" data-end=\"5045\">Investir em SX's <strong data-start=\"4714\" data-end=\"4732\">M32 Caso<\/strong> n\u00e3o s\u00f3 protege o seu equipamento, como tamb\u00e9m melhora a sua imagem profissional. Confie na SX para proporcionar o mais elevado n\u00edvel de prote\u00e7\u00e3o ao seu valioso equipamento. Quer esteja em digress\u00e3o, a atuar num evento ou a viajar em trabalho, a mala Midas M32 garante que o seu equipamento chega em seguran\u00e7a e pronto para a a\u00e7\u00e3o.<\/p>\n<p data-start=\"5047\" data-end=\"5154\">Para mais informa\u00e7\u00f5es ou para efetuar a sua encomenda, visite o nosso <a href=\"https:\/\/sxpowercase.com\/contact-us\/\" target=\"_new\" rel=\"noopener\" data-start=\"5102\" data-end=\"5153\">p\u00e1gina de contacto<\/a>.<\/p>","protected":false},"excerpt":{"rendered":"<h2><strong>Garantia de qualidade garantida<\/strong>&lt;\/h2&gt;<\/h2>\n<p>Como fabricante l\u00edder de malas de transporte, a SX fornece malas de transporte para rack de alta qualidade, fabricadas com materiais de primeira qualidade e tecnologia de ponta, garantindo a m\u00e1xima prote\u00e7\u00e3o do seu equipamento na estrada.<\/p>\n<h2><strong>Solu\u00e7\u00f5es personalizadas para o seu equipamento<\/strong><\/h2>\n<p>A SX oferece caixas de transporte para rack personalizadas, adaptadas \u00e0s suas necessidades espec\u00edficas, garantindo um ajuste perfeito para o seu equipamento. Fa\u00e7a uma parceria connosco para conceber a solu\u00e7\u00e3o ideal para as suas necessidades de prote\u00e7\u00e3o do equipamento.<\/p>\n<h2><strong>Compet\u00eancia e fiabilidade<\/strong><\/h2>\n<p>Com d\u00e9cadas de experi\u00eancia no fabrico de caixas de transporte rodovi\u00e1rio, a SX \u00e9 o seu parceiro de confian\u00e7a para proteger o seu valioso equipamento. O nosso compromisso com a qualidade, fiabilidade e satisfa\u00e7\u00e3o do cliente distingue-nos na ind\u00fastria.<\/p>","protected":false},"featured_media":7645,"comment_status":"open","ping_status":"closed","template":"","meta":[],"product_brand":[],"product_cat":[41],"product_tag":[],"class_list":{"0":"post-1063","1":"product","2":"type-product","3":"status-publish","4":"has-post-thumbnail","6":"product_cat-equipment-cases","8":"first","9":"instock","10":"shipping-taxable","11":"product-type-simple"},"yoast_head":"<!-- This site is optimized with the Yoast SEO Premium plugin v27.1 (Yoast SEO v27.2) - https:\/\/yoast.com\/product\/yoast-seo-premium-wordpress\/ -->\n<title>Midas M32 Case Factory - https:\/\/sxflightcase.com \ud83d\udc97<\/title>\n<meta name=\"description\" content=\"Midas M32 Case Factory: Specializing in direct sales and professional customization for premium equipment protection solutions.\" \/>\n<meta name=\"robots\" content=\"index, follow, max-snippet:-1, max-image-preview:large, max-video-preview:-1\" \/>\n<link rel=\"canonical\" href=\"https:\/\/sxflightcase.com\/pt\/produkt\/rack-flightcase-fabrik\/\" \/>\n<meta property=\"og:locale\" content=\"pt_PT\" \/>\n<meta property=\"og:type\" content=\"article\" \/>\n<meta property=\"og:title\" content=\"Midas M32 Case Factory\" \/>\n<meta property=\"og:description\" content=\"Midas M32 Case Factory: Specializing in direct sales and professional customization for premium equipment protection solutions.\" \/>\n<meta property=\"og:url\" content=\"https:\/\/sxflightcase.com\/pt\/produkt\/rack-flightcase-fabrik\/\" \/>\n<meta property=\"og:site_name\" content=\"https:\/\/sxflightcase.com\" \/>\n<meta property=\"article:publisher\" content=\"https:\/\/www.facebook.com\/profile.php?id=61560407257971\" \/>\n<meta property=\"article:modified_time\" content=\"2025-09-16T08:04:00+00:00\" \/>\n<meta property=\"og:image\" content=\"https:\/\/sxflightcase.com\/wp-content\/uploads\/2024\/05\/e19ee469-b0d3-4b48-96b6-c465aa5df5b1.jpg\" \/>\n\t<meta property=\"og:image:width\" content=\"800\" \/>\n\t<meta property=\"og:image:height\" content=\"800\" \/>\n\t<meta property=\"og:image:type\" content=\"image\/jpeg\" \/>\n<meta name=\"twitter:card\" content=\"summary_large_image\" \/>\n<meta name=\"twitter:label1\" content=\"Tempo estimado de leitura\" \/>\n\t<meta name=\"twitter:data1\" content=\"4 minutos\" \/>\n<script type=\"application\/ld+json\" class=\"yoast-schema-graph\">{\"@context\":\"https:\/\/schema.org\",\"@graph\":[{\"@type\":\"WebPage\",\"@id\":\"https:\/\/sxflightcase.com\/de\/produkt\/rack-flightcase-fabrik\/\",\"url\":\"https:\/\/sxflightcase.com\/de\/produkt\/rack-flightcase-fabrik\/\",\"name\":\"Midas M32 Case Factory - https:\/\/sxflightcase.com \ud83d\udc97\",\"isPartOf\":{\"@id\":\"https:\/\/sxflightcase.com\/th\/#website\"},\"primaryImageOfPage\":{\"@id\":\"https:\/\/sxflightcase.com\/de\/produkt\/rack-flightcase-fabrik\/#primaryimage\"},\"image\":{\"@id\":\"https:\/\/sxflightcase.com\/de\/produkt\/rack-flightcase-fabrik\/#primaryimage\"},\"thumbnailUrl\":\"https:\/\/sxflightcase.com\/wp-content\/uploads\/2024\/05\/e19ee469-b0d3-4b48-96b6-c465aa5df5b1.jpg\",\"datePublished\":\"2024-05-06T03:41:12+00:00\",\"dateModified\":\"2025-09-16T08:04:00+00:00\",\"description\":\"Midas M32 Case Factory: Specializing in direct sales and professional customization for premium equipment protection solutions.\",\"breadcrumb\":{\"@id\":\"https:\/\/sxflightcase.com\/de\/produkt\/rack-flightcase-fabrik\/#breadcrumb\"},\"inLanguage\":\"pt-PT\",\"potentialAction\":[{\"@type\":\"ReadAction\",\"target\":[\"https:\/\/sxflightcase.com\/de\/produkt\/rack-flightcase-fabrik\/\"]}]},{\"@type\":\"ImageObject\",\"inLanguage\":\"pt-PT\",\"@id\":\"https:\/\/sxflightcase.com\/de\/produkt\/rack-flightcase-fabrik\/#primaryimage\",\"url\":\"https:\/\/sxflightcase.com\/wp-content\/uploads\/2024\/05\/e19ee469-b0d3-4b48-96b6-c465aa5df5b1.jpg\",\"contentUrl\":\"https:\/\/sxflightcase.com\/wp-content\/uploads\/2024\/05\/e19ee469-b0d3-4b48-96b6-c465aa5df5b1.jpg\",\"width\":800,\"height\":800,\"caption\":\"Midas M32 Case\"},{\"@type\":\"BreadcrumbList\",\"@id\":\"https:\/\/sxflightcase.com\/de\/produkt\/rack-flightcase-fabrik\/#breadcrumb\",\"itemListElement\":[{\"@type\":\"ListItem\",\"position\":1,\"name\":\"Home\",\"item\":\"https:\/\/sxflightcase.com\/\"},{\"@type\":\"ListItem\",\"position\":2,\"name\":\"\u0e2a\u0e34\u0e19\u0e04\u0e49\u0e32\",\"item\":\"https:\/\/sxflightcase.com\/th\/shop\/\"},{\"@type\":\"ListItem\",\"position\":3,\"name\":\"Midas M32 Case Factory\"}]},{\"@type\":\"WebSite\",\"@id\":\"https:\/\/sxflightcase.com\/th\/#website\",\"url\":\"https:\/\/sxflightcase.com\/th\/\",\"name\":\"sxpowercase.com\",\"description\":\"Flight Case Factory\",\"publisher\":{\"@id\":\"https:\/\/sxflightcase.com\/th\/#organization\"},\"potentialAction\":[{\"@type\":\"SearchAction\",\"target\":{\"@type\":\"EntryPoint\",\"urlTemplate\":\"https:\/\/sxflightcase.com\/th\/?s={search_term_string}\"},\"query-input\":{\"@type\":\"PropertyValueSpecification\",\"valueRequired\":true,\"valueName\":\"search_term_string\"}}],\"inLanguage\":\"pt-PT\"},{\"@type\":\"Organization\",\"@id\":\"https:\/\/sxflightcase.com\/th\/#organization\",\"name\":\"sxpowercase.com\",\"url\":\"https:\/\/sxflightcase.com\/th\/\",\"logo\":{\"@type\":\"ImageObject\",\"inLanguage\":\"pt-PT\",\"@id\":\"https:\/\/sxflightcase.com\/th\/#\/schema\/logo\/image\/\",\"url\":\"https:\/\/sxflightcase.com\/wp-content\/uploads\/2024\/04\/1713919036007.jpg\",\"contentUrl\":\"https:\/\/sxflightcase.com\/wp-content\/uploads\/2024\/04\/1713919036007.jpg\",\"width\":382,\"height\":388,\"caption\":\"sxpowercase.com\"},\"image\":{\"@id\":\"https:\/\/sxflightcase.com\/th\/#\/schema\/logo\/image\/\"},\"sameAs\":[\"https:\/\/www.facebook.com\/profile.php?id=61560407257971\"],\"numberOfEmployees\":{\"@type\":\"QuantitativeValue\",\"minValue\":\"11\",\"maxValue\":\"50\"}}]}<\/script>\n<!-- \/ Yoast SEO Premium plugin. -->","yoast_head_json":{"title":"Midas M32 Case Factory - https:\/\/sxflightcase.com \ud83d\udc97","description":"F\u00e1brica de malas Midas M32: Especializada em vendas diretas e personaliza\u00e7\u00e3o profissional para solu\u00e7\u00f5es de prote\u00e7\u00e3o de equipamento de primeira qualidade.","robots":{"index":"index","follow":"follow","max-snippet":"max-snippet:-1","max-image-preview":"max-image-preview:large","max-video-preview":"max-video-preview:-1"},"canonical":"https:\/\/sxflightcase.com\/pt\/produkt\/rack-flightcase-fabrik\/","og_locale":"pt_PT","og_type":"article","og_title":"Midas M32 Case Factory","og_description":"Midas M32 Case Factory: Specializing in direct sales and professional customization for premium equipment protection solutions.","og_url":"https:\/\/sxflightcase.com\/pt\/produkt\/rack-flightcase-fabrik\/","og_site_name":"https:\/\/sxflightcase.com","article_publisher":"https:\/\/www.facebook.com\/profile.php?id=61560407257971","article_modified_time":"2025-09-16T08:04:00+00:00","og_image":[{"width":800,"height":800,"url":"https:\/\/sxflightcase.com\/wp-content\/uploads\/2024\/05\/e19ee469-b0d3-4b48-96b6-c465aa5df5b1.jpg","type":"image\/jpeg"}],"twitter_card":"summary_large_image","twitter_misc":{"Tempo estimado de leitura":"4 minutos"},"schema":{"@context":"https:\/\/schema.org","@graph":[{"@type":"WebPage","@id":"https:\/\/sxflightcase.com\/de\/produkt\/rack-flightcase-fabrik\/","url":"https:\/\/sxflightcase.com\/de\/produkt\/rack-flightcase-fabrik\/","name":"Midas M32 Case Factory - https:\/\/sxflightcase.com \ud83d\udc97","isPartOf":{"@id":"https:\/\/sxflightcase.com\/th\/#website"},"primaryImageOfPage":{"@id":"https:\/\/sxflightcase.com\/de\/produkt\/rack-flightcase-fabrik\/#primaryimage"},"image":{"@id":"https:\/\/sxflightcase.com\/de\/produkt\/rack-flightcase-fabrik\/#primaryimage"},"thumbnailUrl":"https:\/\/sxflightcase.com\/wp-content\/uploads\/2024\/05\/e19ee469-b0d3-4b48-96b6-c465aa5df5b1.jpg","datePublished":"2024-05-06T03:41:12+00:00","dateModified":"2025-09-16T08:04:00+00:00","description":"F\u00e1brica de malas Midas M32: Especializada em vendas diretas e personaliza\u00e7\u00e3o profissional para solu\u00e7\u00f5es de prote\u00e7\u00e3o de equipamento de primeira qualidade.","breadcrumb":{"@id":"https:\/\/sxflightcase.com\/de\/produkt\/rack-flightcase-fabrik\/#breadcrumb"},"inLanguage":"pt-PT","potentialAction":[{"@type":"ReadAction","target":["https:\/\/sxflightcase.com\/de\/produkt\/rack-flightcase-fabrik\/"]}]},{"@type":"ImageObject","inLanguage":"pt-PT","@id":"https:\/\/sxflightcase.com\/de\/produkt\/rack-flightcase-fabrik\/#primaryimage","url":"https:\/\/sxflightcase.com\/wp-content\/uploads\/2024\/05\/e19ee469-b0d3-4b48-96b6-c465aa5df5b1.jpg","contentUrl":"https:\/\/sxflightcase.com\/wp-content\/uploads\/2024\/05\/e19ee469-b0d3-4b48-96b6-c465aa5df5b1.jpg","width":800,"height":800,"caption":"Midas M32 Case"},{"@type":"BreadcrumbList","@id":"https:\/\/sxflightcase.com\/de\/produkt\/rack-flightcase-fabrik\/#breadcrumb","itemListElement":[{"@type":"ListItem","position":1,"name":"Home","item":"https:\/\/sxflightcase.com\/"},{"@type":"ListItem","position":2,"name":"\u0e2a\u0e34\u0e19\u0e04\u0e49\u0e32","item":"https:\/\/sxflightcase.com\/th\/shop\/"},{"@type":"ListItem","position":3,"name":"Midas M32 Case Factory"}]},{"@type":"WebSite","@id":"https:\/\/sxflightcase.com\/th\/#website","url":"https:\/\/sxflightcase.com\/th\/","name":"sxpowercase.com","description":"F\u00e1brica de malas de voo","publisher":{"@id":"https:\/\/sxflightcase.com\/th\/#organization"},"potentialAction":[{"@type":"SearchAction","target":{"@type":"EntryPoint","urlTemplate":"https:\/\/sxflightcase.com\/th\/?s={search_term_string}"},"query-input":{"@type":"PropertyValueSpecification","valueRequired":true,"valueName":"search_term_string"}}],"inLanguage":"pt-PT"},{"@type":"Organization","@id":"https:\/\/sxflightcase.com\/th\/#organization","name":"sxpowercase.com","url":"https:\/\/sxflightcase.com\/th\/","logo":{"@type":"ImageObject","inLanguage":"pt-PT","@id":"https:\/\/sxflightcase.com\/th\/#\/schema\/logo\/image\/","url":"https:\/\/sxflightcase.com\/wp-content\/uploads\/2024\/04\/1713919036007.jpg","contentUrl":"https:\/\/sxflightcase.com\/wp-content\/uploads\/2024\/04\/1713919036007.jpg","width":382,"height":388,"caption":"sxpowercase.com"},"image":{"@id":"https:\/\/sxflightcase.com\/th\/#\/schema\/logo\/image\/"},"sameAs":["https:\/\/www.facebook.com\/profile.php?id=61560407257971"],"numberOfEmployees":{"@type":"QuantitativeValue","minValue":"11","maxValue":"50"}}]}},"_links":{"self":[{"href":"https:\/\/sxflightcase.com\/pt\/wp-json\/wp\/v2\/product\/1063","targetHints":{"allow":["GET"]}}],"collection":[{"href":"https:\/\/sxflightcase.com\/pt\/wp-json\/wp\/v2\/product"}],"about":[{"href":"https:\/\/sxflightcase.com\/pt\/wp-json\/wp\/v2\/types\/product"}],"replies":[{"embeddable":true,"href":"https:\/\/sxflightcase.com\/pt\/wp-json\/wp\/v2\/comments?post=1063"}],"version-history":[{"count":0,"href":"https:\/\/sxflightcase.com\/pt\/wp-json\/wp\/v2\/product\/1063\/revisions"}],"wp:featuredmedia":[{"embeddable":true,"href":"https:\/\/sxflightcase.com\/pt\/wp-json\/wp\/v2\/media\/7645"}],"wp:attachment":[{"href":"https:\/\/sxflightcase.com\/pt\/wp-json\/wp\/v2\/media?parent=1063"}],"wp:term":[{"taxonomy":"product_brand","embeddable":true,"href":"https:\/\/sxflightcase.com\/pt\/wp-json\/wp\/v2\/product_brand?post=1063"},{"taxonomy":"product_cat","embeddable":true,"href":"https:\/\/sxflightcase.com\/pt\/wp-json\/wp\/v2\/product_cat?post=1063"},{"taxonomy":"product_tag","embeddable":true,"href":"https:\/\/sxflightcase.com\/pt\/wp-json\/wp\/v2\/product_tag?post=1063"}],"curies":[{"name":"wp","href":"https:\/\/api.w.org\/{rel}","templated":true}]}}