{"id":1082,"date":"2024-05-06T09:24:28","date_gmt":"2024-05-06T08:24:28","guid":{"rendered":"https:\/\/sxpowercase.com\/?post_type=product&#038;p=1082"},"modified":"2025-02-18T19:48:08","modified_gmt":"2025-02-19T03:48:08","slug":"cable-case-with-heavy-duty-wheels","status":"publish","type":"product","link":"https:\/\/sxflightcase.com\/pt\/produto\/mala-para-cabos-com-rodas-resistentes-2\/","title":{"rendered":"Mala para cabos com rodas resistentes"},"content":{"rendered":"<p><strong>T\u00edtulo:<\/strong><br \/>\nCapas para cabos SX: Prote\u00e7\u00e3o Premium para os seus cabos | Personaliz\u00e1vel e dur\u00e1vel<\/p>\n<p><strong>Meta-descri\u00e7\u00e3o:<\/strong><br \/>\nProteja os seus cabos com os cabos de alta qualidade da SX <a href=\"https:\/\/sxpowercase.com\/product\/wireless-microphone-case\/\">caixas de cabos<\/a>. Personaliz\u00e1vel, dur\u00e1vel e concebido para m\u00e1xima prote\u00e7\u00e3o. Aumente a efici\u00eancia da sua empresa hoje mesmo!<\/p>\n<h3><strong>SX: O seu fornecedor fi\u00e1vel de caixas para cabos<\/strong><\/h3>\n<p><strong>SX<\/strong> \u00e9 a sua melhor escolha para <a href=\"https:\/\/sxpowercase.com\/product\/flight-case-19-rack\/\">caixas de cabos<\/a>. As nossas caixas mant\u00eam os seus cabos seguros e organizados. S\u00e3o perfeitas para cabos de \u00e1udio, v\u00eddeo ou alimenta\u00e7\u00e3o.<\/p>\n<h3><strong>Porqu\u00ea escolher as malas para cabos SX?<\/strong><\/h3>\n<ol>\n<li><strong>M\u00e1xima prote\u00e7\u00e3o para os seus cabos<\/strong><br \/>\nOs nossos casos t\u00eam <strong>caixilhos de alum\u00ednio<\/strong>, <strong>contraplacado de 12 mm ign\u00edfugo<\/strong>e <strong>interiores em espuma de alta densidade \u00e0 prova de choque<\/strong>. Protegem os cabos contra impactos, humidade e outros riscos.<\/li>\n<li><strong>Solu\u00e7\u00f5es personalizadas para as suas necessidades<\/strong><br \/>\nCada conjunto de cabos \u00e9 \u00fanico, tal como as nossas caixas. Podemos conceber uma <strong>solu\u00e7\u00e3o personalizada<\/strong> para as suas necessidades espec\u00edficas.<\/li>\n<li><strong>Aumentar a efici\u00eancia da empresa<\/strong><br \/>\nAs caixas para cabos SX mant\u00eam os seus cabos organizados e protegidos. Isto poupa-lhe tempo e reduz o stress. Pode concentrar-se mais nos seus projectos, o que leva a uma melhor produtividade e a mais receitas.<\/li>\n<li><strong>Maximize os seus lucros<\/strong><br \/>\n\u00c9 sensato investir em caixas para cabos SX. Elas poupam-lhe dinheiro ao evitar danos e substitui\u00e7\u00f5es. Com caixas duradouras, pode realizar mais projectos, aumentando os seus lucros.<\/li>\n<li><strong>Qualidade e servi\u00e7o excepcionais<\/strong><br \/>\nNa SX, o nosso objetivo \u00e9 <strong>qualidade excecional<\/strong> e <strong>servi\u00e7o ao cliente<\/strong>. Trabalhamos em estreita colabora\u00e7\u00e3o consigo para garantir a sua satisfa\u00e7\u00e3o do in\u00edcio ao fim.<\/li>\n<\/ol>\n<h3><strong>Carater\u00edsticas principais:<\/strong><\/h3>\n<ul>\n<li><strong>Material:<\/strong> Estrutura de alum\u00ednio + contraplacado de 12 mm ign\u00edfugo<\/li>\n<li><strong>Interior:<\/strong> Espuma de alta densidade \u00e0 prova de choque para m\u00e1xima prote\u00e7\u00e3o<\/li>\n<li><strong>Acess\u00f3rios:<\/strong> Quatro fechos de borboleta, quatro rodas e quatro pegas resistentes para um transporte f\u00e1cil<\/li>\n<li><strong>Personaliza\u00e7\u00e3o:<\/strong> Adapte a mala \u00e0s suas necessidades - escolha os materiais, as dimens\u00f5es, os enchimentos interiores, as pegas e os fechos.<\/li>\n<li><strong>Embalagem:<\/strong> Saco de bolhas + caixa de cart\u00e3o para uma entrega segura<\/li>\n<\/ul>\n<h3><strong>Impulsione o seu neg\u00f3cio com as malas para cabos SX<\/strong><\/h3>\n<p>N\u00e3o deixe que cabos danificados ou desorganizados o atrasem. Com as caixas para cabos SX, pode:<\/p>\n<ul>\n<li><strong>Proteja os seus valiosos cabos<\/strong> de danos durante o transporte.<\/li>\n<li><strong>Manter-se organizado<\/strong> e pronto para qualquer projeto.<\/li>\n<li><strong>Aumentar os seus resultados<\/strong> ao aceitar mais espect\u00e1culos com confian\u00e7a.<\/li>\n<\/ul>\n<h3><strong>FAQs<\/strong><\/h3>\n<p><strong>P: A SX pode personalizar as caixas para cabos para tamanhos de cabos espec\u00edficos?<\/strong><br \/>\nR: Sim, oferecemos solu\u00e7\u00f5es personalizadas adaptadas \u00e0s dimens\u00f5es e especifica\u00e7\u00f5es dos seus cabos.<\/p>\n<p><strong>P: As caixas para cabos SX s\u00e3o adequadas para utiliza\u00e7\u00e3o no interior e no exterior?<\/strong><br \/>\nR: Sem d\u00favida! As nossas caixas foram concebidas para resistir a v\u00e1rios ambientes, garantindo que os seus cabos ficam protegidos onde quer que v\u00e1.<\/p>\n<p><strong>P: Quanto tempo demora a rece\u00e7\u00e3o de uma caixa para cabos personalizada da SX?<\/strong><br \/>\nR: Os prazos de entrega variam consoante a complexidade do caso e o nosso volume de trabalho atual. Contacte-nos para obter prazos de entrega espec\u00edficos.<\/p>\n<p><strong>P: As caixas para cabos SX t\u00eam cobertura de garantia?<\/strong><br \/>\nR: Sim, as nossas malas s\u00e3o fornecidas com cobertura de garantia para maior tranquilidade.<\/p>\n<p><strong>P: Posso encomendar caixas para cabos a granel \u00e0 SX?<\/strong><br \/>\nR: Sim, podemos aceitar encomendas em grandes quantidades. Contacte-nos para obter informa\u00e7\u00f5es sobre pre\u00e7os e disponibilidade.<\/p>\n<h3><strong>Encomende hoje a sua caixa para cabos personalizada!<\/strong><\/h3>\n<p>Pronto para proteger os seus cabos com as caixas de qualidade superior da SX? Contacte-nos agora para conceber a sua solu\u00e7\u00e3o personalizada.<\/p>\n<p><strong>Obter acesso agora:<\/strong> <a href=\"https:\/\/sxpowercase.com\/contact-us\/\" target=\"_blank\" rel=\"noopener noreferrer\">https:\/\/sxpowercase.com\/contact-us\/<\/a><\/p>\n<h3><strong>Hot Tags:<\/strong><\/h3>\n<p>Pre\u00e7o baixo, Cabo de alimenta\u00e7\u00e3o e sinal, Fio de 4 condutores de calibre 16, Caixa de suporte de microfone, Arm\u00e1rio de exposi\u00e7\u00e3o LED para exterior, Montagem em bastidor, Caixa de distribui\u00e7\u00e3o el\u00e9ctrica, China, fornecedores, f\u00e1brica, personalizado, grossista, caixas de alimenta\u00e7\u00e3o, cabos de alimenta\u00e7\u00e3o, controladores de guincho, caixas de voo.<\/p>\n<h1><\/h1>","protected":false},"excerpt":{"rendered":"<h2><strong>Estojos de qualidade para m\u00e1xima prote\u00e7\u00e3o<\/strong><\/h2>\n<p>Os estojos para cabos SX s\u00e3o concebidos para durar, com materiais duradouros e fechos seguros para garantir que os seus cabos se mant\u00eam seguros e organizados onde quer que v\u00e1.<\/p>\n<h2><strong>Solu\u00e7\u00f5es personalizadas para as suas necessidades de cabos<\/strong><\/h2>\n<p>Oferecemos caixas para cabos personalizadas, adaptadas \u00e0s suas necessidades espec\u00edficas, quer seja para cabos de \u00e1udio, cabos de v\u00eddeo ou qualquer outro tipo. Mantenha os seus cabos organizados e protegidos com as nossas solu\u00e7\u00f5es personalizadas.<\/p>\n<h2><strong>Aumente a efici\u00eancia empresarial com as caixas de cabos SX<\/strong><\/h2>\n<p>Invista em caixas de cabos SX para aumentar a efici\u00eancia e a rentabilidade da sua empresa. Passe menos tempo \u00e0 procura de cabos e mais tempo a concentrar-se nos seus projectos, o que conduz a uma maior produtividade e a um aumento das receitas.<\/p>","protected":false},"featured_media":1083,"comment_status":"open","ping_status":"closed","template":"","meta":[],"product_brand":[],"product_cat":[36],"product_tag":[],"class_list":{"0":"post-1082","1":"product","2":"type-product","3":"status-publish","4":"has-post-thumbnail","6":"product_cat-cables-cases","8":"first","9":"instock","10":"shipping-taxable","11":"product-type-simple"},"yoast_head":"<!-- This site is optimized with the Yoast SEO Premium plugin v27.1 (Yoast SEO v27.2) - https:\/\/yoast.com\/product\/yoast-seo-premium-wordpress\/ -->\n<title>Cable Case With Heavy Duty Wheels - https:\/\/sxflightcase.com \ud83d\udc97<\/title>\n<meta name=\"description\" content=\"Cable case Factory: Specializing in direct sales and professional customization for premium equipment protection solutions\" \/>\n<meta name=\"robots\" content=\"index, follow, max-snippet:-1, max-image-preview:large, max-video-preview:-1\" \/>\n<link rel=\"canonical\" href=\"https:\/\/sxflightcase.com\/pt\/produkt\/kabelkasse-med-kraftige-hjul\/\" \/>\n<meta property=\"og:locale\" content=\"pt_PT\" \/>\n<meta property=\"og:type\" content=\"article\" \/>\n<meta property=\"og:title\" content=\"Cable Case With Heavy Duty Wheels\" \/>\n<meta property=\"og:description\" content=\"Cable case Factory: Specializing in direct sales and professional customization for premium equipment protection solutions\" \/>\n<meta property=\"og:url\" content=\"https:\/\/sxflightcase.com\/pt\/produkt\/kabelkasse-med-kraftige-hjul\/\" \/>\n<meta property=\"og:site_name\" content=\"https:\/\/sxflightcase.com\" \/>\n<meta property=\"article:publisher\" content=\"https:\/\/www.facebook.com\/profile.php?id=61560407257971\" \/>\n<meta property=\"article:modified_time\" content=\"2025-02-19T03:48:08+00:00\" \/>\n<meta property=\"og:image\" content=\"https:\/\/sxflightcase.com\/wp-content\/uploads\/2024\/05\/1714963633661.jpg\" \/>\n\t<meta property=\"og:image:width\" content=\"691\" \/>\n\t<meta property=\"og:image:height\" content=\"692\" \/>\n\t<meta property=\"og:image:type\" content=\"image\/jpeg\" \/>\n<meta name=\"twitter:card\" content=\"summary_large_image\" \/>\n<meta name=\"twitter:label1\" content=\"Tempo estimado de leitura\" \/>\n\t<meta name=\"twitter:data1\" content=\"3 minutos\" \/>\n<script type=\"application\/ld+json\" class=\"yoast-schema-graph\">{\"@context\":\"https:\/\/schema.org\",\"@graph\":[{\"@type\":\"WebPage\",\"@id\":\"https:\/\/sxflightcase.com\/da\/produkt\/kabelkasse-med-kraftige-hjul\/\",\"url\":\"https:\/\/sxflightcase.com\/da\/produkt\/kabelkasse-med-kraftige-hjul\/\",\"name\":\"Cable Case With Heavy Duty Wheels - https:\/\/sxflightcase.com \ud83d\udc97\",\"isPartOf\":{\"@id\":\"https:\/\/sxflightcase.com\/th\/#website\"},\"primaryImageOfPage\":{\"@id\":\"https:\/\/sxflightcase.com\/da\/produkt\/kabelkasse-med-kraftige-hjul\/#primaryimage\"},\"image\":{\"@id\":\"https:\/\/sxflightcase.com\/da\/produkt\/kabelkasse-med-kraftige-hjul\/#primaryimage\"},\"thumbnailUrl\":\"https:\/\/sxflightcase.com\/wp-content\/uploads\/2024\/05\/1714963633661.jpg\",\"datePublished\":\"2024-05-06T08:24:28+00:00\",\"dateModified\":\"2025-02-19T03:48:08+00:00\",\"description\":\"Cable case Factory: Specializing in direct sales and professional customization for premium equipment protection solutions\",\"breadcrumb\":{\"@id\":\"https:\/\/sxflightcase.com\/da\/produkt\/kabelkasse-med-kraftige-hjul\/#breadcrumb\"},\"inLanguage\":\"pt-PT\",\"potentialAction\":[{\"@type\":\"ReadAction\",\"target\":[\"https:\/\/sxflightcase.com\/da\/produkt\/kabelkasse-med-kraftige-hjul\/\"]}]},{\"@type\":\"ImageObject\",\"inLanguage\":\"pt-PT\",\"@id\":\"https:\/\/sxflightcase.com\/da\/produkt\/kabelkasse-med-kraftige-hjul\/#primaryimage\",\"url\":\"https:\/\/sxflightcase.com\/wp-content\/uploads\/2024\/05\/1714963633661.jpg\",\"contentUrl\":\"https:\/\/sxflightcase.com\/wp-content\/uploads\/2024\/05\/1714963633661.jpg\",\"width\":691,\"height\":692,\"caption\":\"cable case\"},{\"@type\":\"BreadcrumbList\",\"@id\":\"https:\/\/sxflightcase.com\/da\/produkt\/kabelkasse-med-kraftige-hjul\/#breadcrumb\",\"itemListElement\":[{\"@type\":\"ListItem\",\"position\":1,\"name\":\"Home\",\"item\":\"https:\/\/sxflightcase.com\/\"},{\"@type\":\"ListItem\",\"position\":2,\"name\":\"\u0e2a\u0e34\u0e19\u0e04\u0e49\u0e32\",\"item\":\"https:\/\/sxflightcase.com\/th\/shop\/\"},{\"@type\":\"ListItem\",\"position\":3,\"name\":\"Cable Case With Heavy Duty Wheels\"}]},{\"@type\":\"WebSite\",\"@id\":\"https:\/\/sxflightcase.com\/th\/#website\",\"url\":\"https:\/\/sxflightcase.com\/th\/\",\"name\":\"sxpowercase.com\",\"description\":\"Flight Case Factory\",\"publisher\":{\"@id\":\"https:\/\/sxflightcase.com\/th\/#organization\"},\"potentialAction\":[{\"@type\":\"SearchAction\",\"target\":{\"@type\":\"EntryPoint\",\"urlTemplate\":\"https:\/\/sxflightcase.com\/th\/?s={search_term_string}\"},\"query-input\":{\"@type\":\"PropertyValueSpecification\",\"valueRequired\":true,\"valueName\":\"search_term_string\"}}],\"inLanguage\":\"pt-PT\"},{\"@type\":\"Organization\",\"@id\":\"https:\/\/sxflightcase.com\/th\/#organization\",\"name\":\"sxpowercase.com\",\"url\":\"https:\/\/sxflightcase.com\/th\/\",\"logo\":{\"@type\":\"ImageObject\",\"inLanguage\":\"pt-PT\",\"@id\":\"https:\/\/sxflightcase.com\/th\/#\/schema\/logo\/image\/\",\"url\":\"https:\/\/sxflightcase.com\/wp-content\/uploads\/2024\/04\/1713919036007.jpg\",\"contentUrl\":\"https:\/\/sxflightcase.com\/wp-content\/uploads\/2024\/04\/1713919036007.jpg\",\"width\":382,\"height\":388,\"caption\":\"sxpowercase.com\"},\"image\":{\"@id\":\"https:\/\/sxflightcase.com\/th\/#\/schema\/logo\/image\/\"},\"sameAs\":[\"https:\/\/www.facebook.com\/profile.php?id=61560407257971\"],\"numberOfEmployees\":{\"@type\":\"QuantitativeValue\",\"minValue\":\"11\",\"maxValue\":\"50\"}}]}<\/script>\n<!-- \/ Yoast SEO Premium plugin. -->","yoast_head_json":{"title":"Cable Case With Heavy Duty Wheels - https:\/\/sxflightcase.com \ud83d\udc97","description":"F\u00e1brica de malas para cabos: Especializada em vendas diretas e personaliza\u00e7\u00e3o profissional para solu\u00e7\u00f5es de prote\u00e7\u00e3o de equipamentos de primeira qualidade","robots":{"index":"index","follow":"follow","max-snippet":"max-snippet:-1","max-image-preview":"max-image-preview:large","max-video-preview":"max-video-preview:-1"},"canonical":"https:\/\/sxflightcase.com\/pt\/produkt\/kabelkasse-med-kraftige-hjul\/","og_locale":"pt_PT","og_type":"article","og_title":"Cable Case With Heavy Duty Wheels","og_description":"Cable case Factory: Specializing in direct sales and professional customization for premium equipment protection solutions","og_url":"https:\/\/sxflightcase.com\/pt\/produkt\/kabelkasse-med-kraftige-hjul\/","og_site_name":"https:\/\/sxflightcase.com","article_publisher":"https:\/\/www.facebook.com\/profile.php?id=61560407257971","article_modified_time":"2025-02-19T03:48:08+00:00","og_image":[{"width":691,"height":692,"url":"https:\/\/sxflightcase.com\/wp-content\/uploads\/2024\/05\/1714963633661.jpg","type":"image\/jpeg"}],"twitter_card":"summary_large_image","twitter_misc":{"Tempo estimado de leitura":"3 minutos"},"schema":{"@context":"https:\/\/schema.org","@graph":[{"@type":"WebPage","@id":"https:\/\/sxflightcase.com\/da\/produkt\/kabelkasse-med-kraftige-hjul\/","url":"https:\/\/sxflightcase.com\/da\/produkt\/kabelkasse-med-kraftige-hjul\/","name":"Cable Case With Heavy Duty Wheels - https:\/\/sxflightcase.com \ud83d\udc97","isPartOf":{"@id":"https:\/\/sxflightcase.com\/th\/#website"},"primaryImageOfPage":{"@id":"https:\/\/sxflightcase.com\/da\/produkt\/kabelkasse-med-kraftige-hjul\/#primaryimage"},"image":{"@id":"https:\/\/sxflightcase.com\/da\/produkt\/kabelkasse-med-kraftige-hjul\/#primaryimage"},"thumbnailUrl":"https:\/\/sxflightcase.com\/wp-content\/uploads\/2024\/05\/1714963633661.jpg","datePublished":"2024-05-06T08:24:28+00:00","dateModified":"2025-02-19T03:48:08+00:00","description":"F\u00e1brica de malas para cabos: Especializada em vendas diretas e personaliza\u00e7\u00e3o profissional para solu\u00e7\u00f5es de prote\u00e7\u00e3o de equipamentos de primeira qualidade","breadcrumb":{"@id":"https:\/\/sxflightcase.com\/da\/produkt\/kabelkasse-med-kraftige-hjul\/#breadcrumb"},"inLanguage":"pt-PT","potentialAction":[{"@type":"ReadAction","target":["https:\/\/sxflightcase.com\/da\/produkt\/kabelkasse-med-kraftige-hjul\/"]}]},{"@type":"ImageObject","inLanguage":"pt-PT","@id":"https:\/\/sxflightcase.com\/da\/produkt\/kabelkasse-med-kraftige-hjul\/#primaryimage","url":"https:\/\/sxflightcase.com\/wp-content\/uploads\/2024\/05\/1714963633661.jpg","contentUrl":"https:\/\/sxflightcase.com\/wp-content\/uploads\/2024\/05\/1714963633661.jpg","width":691,"height":692,"caption":"cable case"},{"@type":"BreadcrumbList","@id":"https:\/\/sxflightcase.com\/da\/produkt\/kabelkasse-med-kraftige-hjul\/#breadcrumb","itemListElement":[{"@type":"ListItem","position":1,"name":"Home","item":"https:\/\/sxflightcase.com\/"},{"@type":"ListItem","position":2,"name":"\u0e2a\u0e34\u0e19\u0e04\u0e49\u0e32","item":"https:\/\/sxflightcase.com\/th\/shop\/"},{"@type":"ListItem","position":3,"name":"Cable Case With Heavy Duty Wheels"}]},{"@type":"WebSite","@id":"https:\/\/sxflightcase.com\/th\/#website","url":"https:\/\/sxflightcase.com\/th\/","name":"sxpowercase.com","description":"F\u00e1brica de malas de voo","publisher":{"@id":"https:\/\/sxflightcase.com\/th\/#organization"},"potentialAction":[{"@type":"SearchAction","target":{"@type":"EntryPoint","urlTemplate":"https:\/\/sxflightcase.com\/th\/?s={search_term_string}"},"query-input":{"@type":"PropertyValueSpecification","valueRequired":true,"valueName":"search_term_string"}}],"inLanguage":"pt-PT"},{"@type":"Organization","@id":"https:\/\/sxflightcase.com\/th\/#organization","name":"sxpowercase.com","url":"https:\/\/sxflightcase.com\/th\/","logo":{"@type":"ImageObject","inLanguage":"pt-PT","@id":"https:\/\/sxflightcase.com\/th\/#\/schema\/logo\/image\/","url":"https:\/\/sxflightcase.com\/wp-content\/uploads\/2024\/04\/1713919036007.jpg","contentUrl":"https:\/\/sxflightcase.com\/wp-content\/uploads\/2024\/04\/1713919036007.jpg","width":382,"height":388,"caption":"sxpowercase.com"},"image":{"@id":"https:\/\/sxflightcase.com\/th\/#\/schema\/logo\/image\/"},"sameAs":["https:\/\/www.facebook.com\/profile.php?id=61560407257971"],"numberOfEmployees":{"@type":"QuantitativeValue","minValue":"11","maxValue":"50"}}]}},"_links":{"self":[{"href":"https:\/\/sxflightcase.com\/pt\/wp-json\/wp\/v2\/product\/1082","targetHints":{"allow":["GET"]}}],"collection":[{"href":"https:\/\/sxflightcase.com\/pt\/wp-json\/wp\/v2\/product"}],"about":[{"href":"https:\/\/sxflightcase.com\/pt\/wp-json\/wp\/v2\/types\/product"}],"replies":[{"embeddable":true,"href":"https:\/\/sxflightcase.com\/pt\/wp-json\/wp\/v2\/comments?post=1082"}],"version-history":[{"count":0,"href":"https:\/\/sxflightcase.com\/pt\/wp-json\/wp\/v2\/product\/1082\/revisions"}],"wp:featuredmedia":[{"embeddable":true,"href":"https:\/\/sxflightcase.com\/pt\/wp-json\/wp\/v2\/media\/1083"}],"wp:attachment":[{"href":"https:\/\/sxflightcase.com\/pt\/wp-json\/wp\/v2\/media?parent=1082"}],"wp:term":[{"taxonomy":"product_brand","embeddable":true,"href":"https:\/\/sxflightcase.com\/pt\/wp-json\/wp\/v2\/product_brand?post=1082"},{"taxonomy":"product_cat","embeddable":true,"href":"https:\/\/sxflightcase.com\/pt\/wp-json\/wp\/v2\/product_cat?post=1082"},{"taxonomy":"product_tag","embeddable":true,"href":"https:\/\/sxflightcase.com\/pt\/wp-json\/wp\/v2\/product_tag?post=1082"}],"curies":[{"name":"wp","href":"https:\/\/api.w.org\/{rel}","templated":true}]}}