{"id":1092,"date":"2024-05-07T03:02:55","date_gmt":"2024-05-07T02:02:55","guid":{"rendered":"https:\/\/sxpowercase.com\/?post_type=product&#038;p=1092"},"modified":"2025-02-18T19:11:18","modified_gmt":"2025-02-19T03:11:18","slug":"dj-coffin-case-manufacture","status":"publish","type":"product","link":"https:\/\/sxflightcase.com\/pt\/produto\/fabrico-de-caixas-de-caixao-para-dj-2\/","title":{"rendered":"Fabrica\u00e7\u00e3o de caixas de caix\u00e3o para DJ"},"content":{"rendered":"<p><strong>T\u00edtulo:<\/strong><br \/>\nSX DJ Coffin Case: Prote\u00e7\u00e3o Premium para equipamento de DJ | Personaliz\u00e1vel e Dur\u00e1vel<\/p>\n<p><strong>Meta-descri\u00e7\u00e3o:<\/strong><br \/>\nProteja o seu equipamento de DJ com as malas de caix\u00e3o premium para DJ da SX. Personaliz\u00e1veis, dur\u00e1veis e concebidas para m\u00e1xima prote\u00e7\u00e3o. Aumente a efici\u00eancia do seu neg\u00f3cio hoje mesmo!<\/p>\n<h3><strong>SX: O seu principal fabricante de caixas para DJs<\/strong><\/h3>\n<p><strong>SX<\/strong> \u00e9 a melhor escolha para proteger o seu equipamento de DJ. A nossa <strong>Caixas de caix\u00e3o para DJ<\/strong> foram concebidas para manter o seu equipamento seguro, quer esteja em movimento ou no est\u00fadio.<\/p>\n<h3><strong>Porqu\u00ea escolher as malas de caix\u00e3o da SX DJ?<\/strong><\/h3>\n<ol>\n<li><strong>M\u00e1xima prote\u00e7\u00e3o para o seu equipamento<\/strong><br \/>\nOs nossos casos utilizam <strong>Contraplacado laminado de 9 mm<\/strong>, <strong>hardware banhado de qualidade comercial<\/strong>e <strong>almofada interior em espuma EVA ultra-dur\u00e1vel<\/strong>. Isto significa que o seu equipamento est\u00e1 protegido contra choques, quedas e vibra\u00e7\u00f5es.<\/li>\n<li><strong>Solu\u00e7\u00f5es personalizadas para a sua instala\u00e7\u00e3o<\/strong><br \/>\nCada configura\u00e7\u00e3o de DJ \u00e9 diferente. Podemos criar uma <strong>solu\u00e7\u00e3o personalizada<\/strong> para as suas necessidades exactas, quer seja para dois gira-discos e uma mesa de mistura ou mais.<\/li>\n<li><strong>Aumentar a efici\u00eancia da empresa<\/strong><br \/>\nOs nossos casos ajudam-no a manter-se concentrado no seu desempenho. Isto significa mais espect\u00e1culos, mais receitas e maior produtividade.<\/li>\n<li><strong>Maximize os seus lucros<\/strong><br \/>\nA compra de malas de caix\u00e3o SX DJ \u00e9 um investimento inteligente. Poupa-lhe dinheiro ao evitar danos e substitui\u00e7\u00f5es. Al\u00e9m disso, as malas duradouras permitem-lhe fazer mais actua\u00e7\u00f5es, aumentando os seus lucros.<\/li>\n<li><strong>Qualidade e servi\u00e7o excepcionais<\/strong><br \/>\nNa SX, o nosso objetivo \u00e9 <strong>qualidade excecional<\/strong> e <strong>servi\u00e7o ao cliente<\/strong>. Trabalhamos em estreita colabora\u00e7\u00e3o consigo para garantir a sua total satisfa\u00e7\u00e3o.<\/li>\n<\/ol>\n<h3><strong>Carater\u00edsticas principais:<\/strong><\/h3>\n<ul>\n<li><strong>Material:<\/strong> Contraplacado laminado de 9 mm com ferragens de qualidade comercial<\/li>\n<li><strong>Interior:<\/strong> Estofo de espuma EVA ultra-dur\u00e1vel para m\u00e1xima prote\u00e7\u00e3o<\/li>\n<li><strong>Pegas e fechos:<\/strong> Pegas e fechos de assinatura Gator Red para um transporte f\u00e1cil<\/li>\n<li><strong>Rodas:<\/strong> Pega de reboque embutida com mola e rodas para mobilidade<\/li>\n<li><strong>Ventila\u00e7\u00e3o:<\/strong> Os blocos de espuma permitem a ventila\u00e7\u00e3o da ventoinha na parte inferior<\/li>\n<li><strong>Op\u00e7\u00f5es de cor:<\/strong> Preto, azul, vermelho ou cores personalizadas dispon\u00edveis<\/li>\n<\/ul>\n<h3><strong>Impulsione o seu neg\u00f3cio com as malas de caix\u00e3o SX DJ<\/strong><\/h3>\n<p>N\u00e3o deixe que o equipamento danificado ou desorganizado o atrase. Com as malas de caix\u00e3o da SX DJ, pode:<\/p>\n<ul>\n<li><strong>Proteja o seu equipamento valioso<\/strong> de danos durante o transporte.<\/li>\n<li><strong>Manter-se organizado<\/strong> e pronto para qualquer espet\u00e1culo.<\/li>\n<li><strong>Aumentar os seus resultados<\/strong> assumindo mais projectos com confian\u00e7a.<\/li>\n<\/ul>\n<h3><strong>FAQs<\/strong><\/h3>\n<p><strong>P: A SX pode personalizar as malas de caix\u00e3o para DJ para tamanhos de equipamento espec\u00edficos?<\/strong><br \/>\nR: Sim, oferecemos solu\u00e7\u00f5es personalizadas adaptadas \u00e0s dimens\u00f5es e especifica\u00e7\u00f5es do seu equipamento.<\/p>\n<p><strong>P: As malas de caix\u00e3o SX DJ s\u00e3o adequadas para DJs profissionais e amadores?<\/strong><br \/>\nR: Sem d\u00favida! Os nossos estojos foram concebidos para satisfazer as necessidades dos DJs de todos os n\u00edveis de compet\u00eancia.<\/p>\n<p><strong>P: Quanto tempo demora a receber uma mala de caix\u00e3o para DJ personalizada da SX?<\/strong><br \/>\nR: Os prazos de entrega variam consoante a complexidade do caso e o nosso volume de trabalho atual. Contacte-nos para obter prazos de entrega espec\u00edficos.<\/p>\n<p><strong>P: As malas de caix\u00e3o da SX DJ t\u00eam cobertura de garantia?<\/strong><br \/>\nR: Sim, as nossas malas s\u00e3o fornecidas com cobertura de garantia para maior tranquilidade.<\/p>\n<p><strong>P: Posso encomendar malas para caix\u00f5es de DJ a granel \u00e0 SX?<\/strong><br \/>\nR: Sim, podemos aceitar encomendas em grandes quantidades. Contacte-nos para obter informa\u00e7\u00f5es sobre pre\u00e7os e disponibilidade.<\/p>\n<h3><strong>Encomende hoje a sua caixa de caix\u00e3o para DJ personalizada!<\/strong><\/h3>\n<p>Pronto para proteger o seu equipamento de DJ com as malas Coffin de qualidade superior da SX? Contacte-nos agora para conceber a sua solu\u00e7\u00e3o personalizada.<\/p>\n<p><strong>Obter acesso agora:<\/strong> <a href=\"https:\/\/sxpowercase.com\/contact-us\/\" target=\"_blank\" rel=\"noopener noreferrer\">https:\/\/sxpowercase.com\/contact-us\/<\/a><\/p>\n<h3><strong>Hot Tags:<\/strong><\/h3>\n<p>Pre\u00e7o baixo, em stock, Cabo de alimenta\u00e7\u00e3o e sinal, Fio de 4 condutores de calibre 16, Caixa de suporte para microfone, Arm\u00e1rio de exposi\u00e7\u00e3o LED para exterior, Montagem em bastidor, Caixa de distribui\u00e7\u00e3o el\u00e9ctrica, China, fornecedores, f\u00e1brica, personalizado, grossista, caixas de alimenta\u00e7\u00e3o, cabos de alimenta\u00e7\u00e3o, controladores de guincho, caixas de voo.<\/p>","protected":false},"excerpt":{"rendered":"<h2 class=\"prodetails-name\">Estojo de caix\u00e3o para DJ<\/h2>\n<p>A nossa consola de modo de batalha possui cavidades de 90 graus para o gira-discos. Este estojo possui po\u00e7os de gira-discos totalmente acolchoados e hardware embutido. Suporta dois gira-discos estilo 1200 em posi\u00e7\u00e3o de batalha e uma mesa de mistura de 12\". Inclui rodas para facilitar o transporte.<\/p>\n<h2><strong>Introdu\u00e7\u00e3o \u00e0 produ\u00e7\u00e3o<\/strong><\/h2>\n<p>Estojo para misturador de DJ<\/p>\n<p>- Consola do modo de batalha<\/p>\n<p>- Po\u00e7os de mesa girat\u00f3ria almofadados<\/p>\n<p>- Suporta misturadores de DJ de formato 12\u2033 com uma largura de aproximadamente 13\u2033 ou menos<\/p>\n<p>- Cantos esf\u00e9ricos resistentes<\/p>\n<p>- Painel frontal amov\u00edvel com corte em V do misturador central<\/p>\n<p>- Pegas e fechos embutidos<\/p>\n<p>- Inclui rodas de rolos incorporadas para facilitar o transporte<\/p>","protected":false},"featured_media":1093,"comment_status":"open","ping_status":"closed","template":"","meta":[],"product_brand":[],"product_cat":[41],"product_tag":[],"class_list":{"0":"post-1092","1":"product","2":"type-product","3":"status-publish","4":"has-post-thumbnail","6":"product_cat-equipment-cases","8":"first","9":"instock","10":"shipping-taxable","11":"product-type-simple"},"yoast_head":"<!-- This site is optimized with the Yoast SEO Premium plugin v27.1 (Yoast SEO v27.2) - https:\/\/yoast.com\/product\/yoast-seo-premium-wordpress\/ -->\n<title>DJ Coffin Case Manufacture - https:\/\/sxflightcase.com \ud83d\udc97<\/title>\n<meta name=\"description\" content=\"DJ Coffin Case Manufacture:: Factory-direct sales and professional customization for precise control solutions tailored to your needs.\" \/>\n<meta name=\"robots\" content=\"index, follow, max-snippet:-1, max-image-preview:large, max-video-preview:-1\" \/>\n<link rel=\"canonical\" href=\"https:\/\/sxflightcase.com\/pt\/\u0645\u0646\u062a\u062c\/\u062a\u0635\u0646\u064a\u0639-\u0639\u0644\u0628\u0629-\u062a\u0627\u0628\u0648\u062a-\u062f\u064a-\u062c\u064a-2\/\" \/>\n<meta property=\"og:locale\" content=\"pt_PT\" \/>\n<meta property=\"og:type\" content=\"article\" \/>\n<meta property=\"og:title\" content=\"DJ Coffin Case Manufacture\" \/>\n<meta property=\"og:description\" content=\"DJ Coffin Case Manufacture:: Factory-direct sales and professional customization for precise control solutions tailored to your needs.\" \/>\n<meta property=\"og:url\" content=\"https:\/\/sxflightcase.com\/pt\/\u0645\u0646\u062a\u062c\/\u062a\u0635\u0646\u064a\u0639-\u0639\u0644\u0628\u0629-\u062a\u0627\u0628\u0648\u062a-\u062f\u064a-\u062c\u064a-2\/\" \/>\n<meta property=\"og:site_name\" content=\"https:\/\/sxflightcase.com\" \/>\n<meta property=\"article:publisher\" content=\"https:\/\/www.facebook.com\/profile.php?id=61560407257971\" \/>\n<meta property=\"article:modified_time\" content=\"2025-02-19T03:11:18+00:00\" \/>\n<meta property=\"og:image\" content=\"https:\/\/sxflightcase.com\/wp-content\/uploads\/2024\/05\/1714984371581.jpg\" \/>\n\t<meta property=\"og:image:width\" content=\"700\" \/>\n\t<meta property=\"og:image:height\" content=\"700\" \/>\n\t<meta property=\"og:image:type\" content=\"image\/jpeg\" \/>\n<meta name=\"twitter:card\" content=\"summary_large_image\" \/>\n<meta name=\"twitter:label1\" content=\"Tempo estimado de leitura\" \/>\n\t<meta name=\"twitter:data1\" content=\"4 minutos\" \/>\n<script type=\"application\/ld+json\" class=\"yoast-schema-graph\">{\"@context\":\"https:\/\/schema.org\",\"@graph\":[{\"@type\":\"WebPage\",\"@id\":\"https:\/\/sxflightcase.com\/ar\/\u0645\u0646\u062a\u062c\/\u062a\u0635\u0646\u064a\u0639-\u0639\u0644\u0628\u0629-\u062a\u0627\u0628\u0648\u062a-\u062f\u064a-\u062c\u064a-2\/\",\"url\":\"https:\/\/sxflightcase.com\/ar\/\u0645\u0646\u062a\u062c\/\u062a\u0635\u0646\u064a\u0639-\u0639\u0644\u0628\u0629-\u062a\u0627\u0628\u0648\u062a-\u062f\u064a-\u062c\u064a-2\/\",\"name\":\"DJ Coffin Case Manufacture - https:\/\/sxflightcase.com \ud83d\udc97\",\"isPartOf\":{\"@id\":\"https:\/\/sxflightcase.com\/th\/#website\"},\"primaryImageOfPage\":{\"@id\":\"https:\/\/sxflightcase.com\/ar\/\u0645\u0646\u062a\u062c\/\u062a\u0635\u0646\u064a\u0639-\u0639\u0644\u0628\u0629-\u062a\u0627\u0628\u0648\u062a-\u062f\u064a-\u062c\u064a-2\/#primaryimage\"},\"image\":{\"@id\":\"https:\/\/sxflightcase.com\/ar\/\u0645\u0646\u062a\u062c\/\u062a\u0635\u0646\u064a\u0639-\u0639\u0644\u0628\u0629-\u062a\u0627\u0628\u0648\u062a-\u062f\u064a-\u062c\u064a-2\/#primaryimage\"},\"thumbnailUrl\":\"https:\/\/sxflightcase.com\/wp-content\/uploads\/2024\/05\/1714984371581.jpg\",\"datePublished\":\"2024-05-07T02:02:55+00:00\",\"dateModified\":\"2025-02-19T03:11:18+00:00\",\"description\":\"DJ Coffin Case Manufacture:: Factory-direct sales and professional customization for precise control solutions tailored to your needs.\",\"breadcrumb\":{\"@id\":\"https:\/\/sxflightcase.com\/ar\/\u0645\u0646\u062a\u062c\/\u062a\u0635\u0646\u064a\u0639-\u0639\u0644\u0628\u0629-\u062a\u0627\u0628\u0648\u062a-\u062f\u064a-\u062c\u064a-2\/#breadcrumb\"},\"inLanguage\":\"pt-PT\",\"potentialAction\":[{\"@type\":\"ReadAction\",\"target\":[\"https:\/\/sxflightcase.com\/ar\/\u0645\u0646\u062a\u062c\/\u062a\u0635\u0646\u064a\u0639-\u0639\u0644\u0628\u0629-\u062a\u0627\u0628\u0648\u062a-\u062f\u064a-\u062c\u064a-2\/\"]}]},{\"@type\":\"ImageObject\",\"inLanguage\":\"pt-PT\",\"@id\":\"https:\/\/sxflightcase.com\/ar\/\u0645\u0646\u062a\u062c\/\u062a\u0635\u0646\u064a\u0639-\u0639\u0644\u0628\u0629-\u062a\u0627\u0628\u0648\u062a-\u062f\u064a-\u062c\u064a-2\/#primaryimage\",\"url\":\"https:\/\/sxflightcase.com\/wp-content\/uploads\/2024\/05\/1714984371581.jpg\",\"contentUrl\":\"https:\/\/sxflightcase.com\/wp-content\/uploads\/2024\/05\/1714984371581.jpg\",\"width\":700,\"height\":700,\"caption\":\"DJ Coffin Case\"},{\"@type\":\"BreadcrumbList\",\"@id\":\"https:\/\/sxflightcase.com\/ar\/\u0645\u0646\u062a\u062c\/\u062a\u0635\u0646\u064a\u0639-\u0639\u0644\u0628\u0629-\u062a\u0627\u0628\u0648\u062a-\u062f\u064a-\u062c\u064a-2\/#breadcrumb\",\"itemListElement\":[{\"@type\":\"ListItem\",\"position\":1,\"name\":\"Home\",\"item\":\"https:\/\/sxflightcase.com\/\"},{\"@type\":\"ListItem\",\"position\":2,\"name\":\"\u0e2a\u0e34\u0e19\u0e04\u0e49\u0e32\",\"item\":\"https:\/\/sxflightcase.com\/th\/shop\/\"},{\"@type\":\"ListItem\",\"position\":3,\"name\":\"DJ Coffin Case Manufacture\"}]},{\"@type\":\"WebSite\",\"@id\":\"https:\/\/sxflightcase.com\/th\/#website\",\"url\":\"https:\/\/sxflightcase.com\/th\/\",\"name\":\"sxpowercase.com\",\"description\":\"Flight Case Factory\",\"publisher\":{\"@id\":\"https:\/\/sxflightcase.com\/th\/#organization\"},\"potentialAction\":[{\"@type\":\"SearchAction\",\"target\":{\"@type\":\"EntryPoint\",\"urlTemplate\":\"https:\/\/sxflightcase.com\/th\/?s={search_term_string}\"},\"query-input\":{\"@type\":\"PropertyValueSpecification\",\"valueRequired\":true,\"valueName\":\"search_term_string\"}}],\"inLanguage\":\"pt-PT\"},{\"@type\":\"Organization\",\"@id\":\"https:\/\/sxflightcase.com\/th\/#organization\",\"name\":\"sxpowercase.com\",\"url\":\"https:\/\/sxflightcase.com\/th\/\",\"logo\":{\"@type\":\"ImageObject\",\"inLanguage\":\"pt-PT\",\"@id\":\"https:\/\/sxflightcase.com\/th\/#\/schema\/logo\/image\/\",\"url\":\"https:\/\/sxflightcase.com\/wp-content\/uploads\/2024\/04\/1713919036007.jpg\",\"contentUrl\":\"https:\/\/sxflightcase.com\/wp-content\/uploads\/2024\/04\/1713919036007.jpg\",\"width\":382,\"height\":388,\"caption\":\"sxpowercase.com\"},\"image\":{\"@id\":\"https:\/\/sxflightcase.com\/th\/#\/schema\/logo\/image\/\"},\"sameAs\":[\"https:\/\/www.facebook.com\/profile.php?id=61560407257971\"],\"numberOfEmployees\":{\"@type\":\"QuantitativeValue\",\"minValue\":\"11\",\"maxValue\":\"50\"}}]}<\/script>\n<!-- \/ Yoast SEO Premium plugin. -->","yoast_head_json":{"title":"DJ Coffin Case Manufacture - https:\/\/sxflightcase.com \ud83d\udc97","description":"DJ Coffin Case Manufacture:: Vendas diretas da f\u00e1brica e personaliza\u00e7\u00e3o profissional para solu\u00e7\u00f5es de controlo precisas e adaptadas \u00e0s suas necessidades.","robots":{"index":"index","follow":"follow","max-snippet":"max-snippet:-1","max-image-preview":"max-image-preview:large","max-video-preview":"max-video-preview:-1"},"canonical":"https:\/\/sxflightcase.com\/pt\/\u0645\u0646\u062a\u062c\/\u062a\u0635\u0646\u064a\u0639-\u0639\u0644\u0628\u0629-\u062a\u0627\u0628\u0648\u062a-\u062f\u064a-\u062c\u064a-2\/","og_locale":"pt_PT","og_type":"article","og_title":"DJ Coffin Case Manufacture","og_description":"DJ Coffin Case Manufacture:: Factory-direct sales and professional customization for precise control solutions tailored to your needs.","og_url":"https:\/\/sxflightcase.com\/pt\/\u0645\u0646\u062a\u062c\/\u062a\u0635\u0646\u064a\u0639-\u0639\u0644\u0628\u0629-\u062a\u0627\u0628\u0648\u062a-\u062f\u064a-\u062c\u064a-2\/","og_site_name":"https:\/\/sxflightcase.com","article_publisher":"https:\/\/www.facebook.com\/profile.php?id=61560407257971","article_modified_time":"2025-02-19T03:11:18+00:00","og_image":[{"width":700,"height":700,"url":"https:\/\/sxflightcase.com\/wp-content\/uploads\/2024\/05\/1714984371581.jpg","type":"image\/jpeg"}],"twitter_card":"summary_large_image","twitter_misc":{"Tempo estimado de leitura":"4 minutos"},"schema":{"@context":"https:\/\/schema.org","@graph":[{"@type":"WebPage","@id":"https:\/\/sxflightcase.com\/ar\/\u0645\u0646\u062a\u062c\/\u062a\u0635\u0646\u064a\u0639-\u0639\u0644\u0628\u0629-\u062a\u0627\u0628\u0648\u062a-\u062f\u064a-\u062c\u064a-2\/","url":"https:\/\/sxflightcase.com\/ar\/\u0645\u0646\u062a\u062c\/\u062a\u0635\u0646\u064a\u0639-\u0639\u0644\u0628\u0629-\u062a\u0627\u0628\u0648\u062a-\u062f\u064a-\u062c\u064a-2\/","name":"DJ Coffin Case Manufacture - https:\/\/sxflightcase.com \ud83d\udc97","isPartOf":{"@id":"https:\/\/sxflightcase.com\/th\/#website"},"primaryImageOfPage":{"@id":"https:\/\/sxflightcase.com\/ar\/\u0645\u0646\u062a\u062c\/\u062a\u0635\u0646\u064a\u0639-\u0639\u0644\u0628\u0629-\u062a\u0627\u0628\u0648\u062a-\u062f\u064a-\u062c\u064a-2\/#primaryimage"},"image":{"@id":"https:\/\/sxflightcase.com\/ar\/\u0645\u0646\u062a\u062c\/\u062a\u0635\u0646\u064a\u0639-\u0639\u0644\u0628\u0629-\u062a\u0627\u0628\u0648\u062a-\u062f\u064a-\u062c\u064a-2\/#primaryimage"},"thumbnailUrl":"https:\/\/sxflightcase.com\/wp-content\/uploads\/2024\/05\/1714984371581.jpg","datePublished":"2024-05-07T02:02:55+00:00","dateModified":"2025-02-19T03:11:18+00:00","description":"DJ Coffin Case Manufacture:: Vendas diretas da f\u00e1brica e personaliza\u00e7\u00e3o profissional para solu\u00e7\u00f5es de controlo precisas e adaptadas \u00e0s suas necessidades.","breadcrumb":{"@id":"https:\/\/sxflightcase.com\/ar\/\u0645\u0646\u062a\u062c\/\u062a\u0635\u0646\u064a\u0639-\u0639\u0644\u0628\u0629-\u062a\u0627\u0628\u0648\u062a-\u062f\u064a-\u062c\u064a-2\/#breadcrumb"},"inLanguage":"pt-PT","potentialAction":[{"@type":"ReadAction","target":["https:\/\/sxflightcase.com\/ar\/\u0645\u0646\u062a\u062c\/\u062a\u0635\u0646\u064a\u0639-\u0639\u0644\u0628\u0629-\u062a\u0627\u0628\u0648\u062a-\u062f\u064a-\u062c\u064a-2\/"]}]},{"@type":"ImageObject","inLanguage":"pt-PT","@id":"https:\/\/sxflightcase.com\/ar\/\u0645\u0646\u062a\u062c\/\u062a\u0635\u0646\u064a\u0639-\u0639\u0644\u0628\u0629-\u062a\u0627\u0628\u0648\u062a-\u062f\u064a-\u062c\u064a-2\/#primaryimage","url":"https:\/\/sxflightcase.com\/wp-content\/uploads\/2024\/05\/1714984371581.jpg","contentUrl":"https:\/\/sxflightcase.com\/wp-content\/uploads\/2024\/05\/1714984371581.jpg","width":700,"height":700,"caption":"DJ Coffin Case"},{"@type":"BreadcrumbList","@id":"https:\/\/sxflightcase.com\/ar\/\u0645\u0646\u062a\u062c\/\u062a\u0635\u0646\u064a\u0639-\u0639\u0644\u0628\u0629-\u062a\u0627\u0628\u0648\u062a-\u062f\u064a-\u062c\u064a-2\/#breadcrumb","itemListElement":[{"@type":"ListItem","position":1,"name":"Home","item":"https:\/\/sxflightcase.com\/"},{"@type":"ListItem","position":2,"name":"\u0e2a\u0e34\u0e19\u0e04\u0e49\u0e32","item":"https:\/\/sxflightcase.com\/th\/shop\/"},{"@type":"ListItem","position":3,"name":"DJ Coffin Case Manufacture"}]},{"@type":"WebSite","@id":"https:\/\/sxflightcase.com\/th\/#website","url":"https:\/\/sxflightcase.com\/th\/","name":"sxpowercase.com","description":"F\u00e1brica de malas de voo","publisher":{"@id":"https:\/\/sxflightcase.com\/th\/#organization"},"potentialAction":[{"@type":"SearchAction","target":{"@type":"EntryPoint","urlTemplate":"https:\/\/sxflightcase.com\/th\/?s={search_term_string}"},"query-input":{"@type":"PropertyValueSpecification","valueRequired":true,"valueName":"search_term_string"}}],"inLanguage":"pt-PT"},{"@type":"Organization","@id":"https:\/\/sxflightcase.com\/th\/#organization","name":"sxpowercase.com","url":"https:\/\/sxflightcase.com\/th\/","logo":{"@type":"ImageObject","inLanguage":"pt-PT","@id":"https:\/\/sxflightcase.com\/th\/#\/schema\/logo\/image\/","url":"https:\/\/sxflightcase.com\/wp-content\/uploads\/2024\/04\/1713919036007.jpg","contentUrl":"https:\/\/sxflightcase.com\/wp-content\/uploads\/2024\/04\/1713919036007.jpg","width":382,"height":388,"caption":"sxpowercase.com"},"image":{"@id":"https:\/\/sxflightcase.com\/th\/#\/schema\/logo\/image\/"},"sameAs":["https:\/\/www.facebook.com\/profile.php?id=61560407257971"],"numberOfEmployees":{"@type":"QuantitativeValue","minValue":"11","maxValue":"50"}}]}},"_links":{"self":[{"href":"https:\/\/sxflightcase.com\/pt\/wp-json\/wp\/v2\/product\/1092","targetHints":{"allow":["GET"]}}],"collection":[{"href":"https:\/\/sxflightcase.com\/pt\/wp-json\/wp\/v2\/product"}],"about":[{"href":"https:\/\/sxflightcase.com\/pt\/wp-json\/wp\/v2\/types\/product"}],"replies":[{"embeddable":true,"href":"https:\/\/sxflightcase.com\/pt\/wp-json\/wp\/v2\/comments?post=1092"}],"version-history":[{"count":0,"href":"https:\/\/sxflightcase.com\/pt\/wp-json\/wp\/v2\/product\/1092\/revisions"}],"wp:featuredmedia":[{"embeddable":true,"href":"https:\/\/sxflightcase.com\/pt\/wp-json\/wp\/v2\/media\/1093"}],"wp:attachment":[{"href":"https:\/\/sxflightcase.com\/pt\/wp-json\/wp\/v2\/media?parent=1092"}],"wp:term":[{"taxonomy":"product_brand","embeddable":true,"href":"https:\/\/sxflightcase.com\/pt\/wp-json\/wp\/v2\/product_brand?post=1092"},{"taxonomy":"product_cat","embeddable":true,"href":"https:\/\/sxflightcase.com\/pt\/wp-json\/wp\/v2\/product_cat?post=1092"},{"taxonomy":"product_tag","embeddable":true,"href":"https:\/\/sxflightcase.com\/pt\/wp-json\/wp\/v2\/product_tag?post=1092"}],"curies":[{"name":"wp","href":"https:\/\/api.w.org\/{rel}","templated":true}]}}