{"id":1097,"date":"2024-05-07T04:52:19","date_gmt":"2024-05-07T03:52:19","guid":{"rendered":"https:\/\/sxpowercase.com\/?post_type=product&#038;p=1097"},"modified":"2025-02-19T22:45:15","modified_gmt":"2025-02-20T06:45:15","slug":"mixer-flight-case","status":"publish","type":"product","link":"https:\/\/sxflightcase.com\/pt\/produto\/caixa-de-voo-para-misturador\/","title":{"rendered":"SX Mixer Flight Case: Prote\u00e7\u00e3o m\u00e1xima para o seu misturador de DJ | Personaliz\u00e1vel e dur\u00e1vel"},"content":{"rendered":"<h3><strong>Proteja o seu misturador com a mala de transporte SX Mixer<\/strong><\/h3>\n<p>Quando \u00e9 necess\u00e1rio deslocar o equipamento de DJ, <strong>SX<\/strong> est\u00e1 aqui para ajudar. O nosso <a href=\"https:\/\/sxpowercase.com\/product\/19-rackmount-mixer-flight-cases\/\"><strong>Mala de transporte para misturadores <\/strong><\/a>s\u00e3o feitas para manter a sua misturadora segura. S\u00e3o perfeitas para viajar ou preparar um espet\u00e1culo.<\/p>\n<h3><strong>Porqu\u00ea escolher a mala de transporte SX Mixer?<\/strong><\/h3>\n<ol>\n<li><strong>Prote\u00e7\u00e3o superior para a sua misturadora<\/strong><br \/>\nOs nossos casos t\u00eam <strong>caixilhos de alum\u00ednio<\/strong>, <strong>contraplacado de 9 mm ign\u00edfugo<\/strong>e <strong>hardware de padr\u00e3o industrial<\/strong>. S\u00e3o resistentes \u00e0 estrada. Os cantos s\u00e3o refor\u00e7ados e os fechos s\u00e3o seguros, para que a sua misturadora se mantenha segura.<\/li>\n<li><strong>Solu\u00e7\u00f5es personalizadas para o seu misturador<\/strong><br \/>\nCada misturador \u00e9 diferente, tal como os nossos casos. Podemos fazer uma <strong>mala personalizada perfeita<\/strong> para o seu equipamento, quer se trate de um misturador ou de v\u00e1rios.<\/li>\n<li><strong>Aumente a efici\u00eancia da sua empresa<\/strong><br \/>\nAs nossas malas mant\u00eam o seu misturador seguro e organizado. Isto permite-lhe concentrar-se no seu desempenho e n\u00e3o em arranjar equipamento avariado. Ser\u00e1 mais produtivo, far\u00e1 mais actua\u00e7\u00f5es e ganhar\u00e1 mais dinheiro.<\/li>\n<li><strong>Maximize os seus lucros<\/strong><br \/>\nA compra de caixas para misturadoras SX \u00e9 uma escolha inteligente para a sua empresa. Elas poupam-lhe dinheiro ao evitar repara\u00e7\u00f5es e substitui\u00e7\u00f5es. Al\u00e9m disso, pode fazer mais concertos, o que significa mais dinheiro para si.<\/li>\n<li><strong>Qualidade e servi\u00e7o excepcionais<\/strong><br \/>\nNa SX, o nosso objetivo \u00e9 <strong>qualidade excecional<\/strong> e <strong>servi\u00e7o ao cliente<\/strong>. Trabalhamos consigo do in\u00edcio ao fim para garantir a sua satisfa\u00e7\u00e3o.<\/li>\n<\/ol>\n<h3><strong>Carater\u00edsticas principais:<\/strong><\/h3>\n<ul>\n<li><strong>Material:<\/strong> Estrutura de alum\u00ednio + contraplacado de 9 mm ign\u00edfugo<\/li>\n<li><strong>Interior:<\/strong> Tampa deslizante para f\u00e1cil acesso<\/li>\n<li><strong>Hardware:<\/strong> Ferragens de padr\u00e3o industrial, incluindo cantos esf\u00e9ricos empilh\u00e1veis, fechos embutidos com cadeados e pegas robustas<\/li>\n<li><strong>Personaliza\u00e7\u00e3o:<\/strong> Adapte a mala \u00e0s suas necessidades - escolha o estilo, a cor, o tamanho e os materiais.<\/li>\n<li><strong>Embalagem:<\/strong> Saco de bolhas + caixa de cart\u00e3o exterior para uma entrega segura<\/li>\n<\/ul>\n<h3><strong>Melhore a sua configura\u00e7\u00e3o de DJ com a SX Mixer Case<\/strong><\/h3>\n<p>N\u00e3o deixe que a sua misturadora se danifique pelo caminho. Com a SX Mixer <a href=\"https:\/\/sxpowercase.com\/product\/rack-case-12u-flight-cases\/\">Malas de voo<\/a>, pode:<\/p>\n<ul>\n<li><strong>Proteger o seu valioso misturador<\/strong> de danos durante o transporte.<\/li>\n<li><strong>Manter-se organizado<\/strong> e pronto para qualquer espet\u00e1culo.<\/li>\n<li><strong>Aumentar os seus resultados<\/strong> assumindo mais projectos com confian\u00e7a.<\/li>\n<\/ul>\n<h3><strong>FAQs<\/strong><\/h3>\n<p><strong>P: A SX pode personalizar caixas de misturadores para modelos espec\u00edficos de misturadores?<\/strong><br \/>\nR: Sim, oferecemos solu\u00e7\u00f5es personalizadas que se adaptam perfeitamente \u00e0 sua misturadora.<\/p>\n<p><strong>P: As caixas de misturadores SX s\u00e3o adequadas para DJs profissionais e amadores?<\/strong><br \/>\nR: Sem d\u00favida! As nossas caixas de misturadoras foram concebidas para satisfazer as necessidades dos DJs de todos os n\u00edveis de compet\u00eancia.<\/p>\n<p><strong>P: Quanto tempo demora a rece\u00e7\u00e3o de uma caixa de misturadora personalizada da SX?<\/strong><br \/>\nR: Os prazos de entrega variam consoante a complexidade do caso e o nosso volume de trabalho atual. Contacte-nos para obter prazos de entrega espec\u00edficos.<\/p>\n<p><strong>P: As caixas para misturadoras SX t\u00eam cobertura de garantia?<\/strong><br \/>\nR: Sim, as nossas malas s\u00e3o fornecidas com cobertura de garantia para maior tranquilidade.<\/p>\n<p><strong>P: Posso encomendar caixas misturadoras a granel \u00e0 SX?<\/strong><br \/>\nR: Sim, podemos aceitar encomendas em grandes quantidades. Contacte-nos para obter informa\u00e7\u00f5es sobre pre\u00e7os e disponibilidade.<\/p>\n<h3><strong>Encomende hoje a sua mala de voo personalizada para misturadores!<\/strong><\/h3>\n<p>Pronto para proteger a sua mesa de mistura com as malas de voo premium da SX? Contacte-nos agora para conceber a sua solu\u00e7\u00e3o personalizada.<\/p>\n<p><strong>Obter acesso agora:<\/strong> <a href=\"https:\/\/sxpowercase.com\/contact-us\/\" target=\"_blank\" rel=\"noopener noreferrer\">https:\/\/sxpowercase.com\/contact-us\/<\/a><\/p>\n<h3><strong>Hot Tags:<\/strong><\/h3>\n<p>Pre\u00e7o baixo, em stock, amostra gr\u00e1tis, cabo de alimenta\u00e7\u00e3o e sinal, fio de 4 condutores de calibre 16, caixa de suporte para microfone, arm\u00e1rio de exposi\u00e7\u00e3o LED para exterior, montagem em bastidor, caixa de distribui\u00e7\u00e3o el\u00e9ctrica, China, fornecedores, f\u00e1brica, personalizado, grossista, caixas de alimenta\u00e7\u00e3o, cabos de alimenta\u00e7\u00e3o, controladores de guincho, caixas de voo.<\/p>","protected":false},"excerpt":{"rendered":"<h2 id=\"ali-title-AliPostDhMb-smk2m\"><span data-spm-anchor-id=\"a2700.details.0.i67.3f0523687cJVAX\">Descri\u00e7\u00e3o do produto<\/span><\/h2>\n<div>\n<p>Caixa de caix\u00e3o para leitor de CD com misturador Pro DJ, com 2 po\u00e7os de gira-discos e um po\u00e7o de misturador, topo inclinado deslizante, cantos de bola empilh\u00e1veis e orif\u00edcios para o cabo de alimenta\u00e7\u00e3o, tamb\u00e9m com luz LED no interior, fornece uma prote\u00e7\u00e3o fi\u00e1vel e \u00fatil para equipamentos e conveniente na utiliza\u00e7\u00e3o.<\/p>\n<h2>Carater\u00edsticas principais:<\/h2>\n<ul>\n<li>\u00a0 \u00a0Contraplacado resistente de 9 mm e extrus\u00f5es de alum\u00ednio<\/li>\n<li>\u00a0 \u00a0Hardwares de padr\u00e3o industrial<\/li>\n<li>\u00a0 \u00a0Revestimento de espuma (selecion\u00e1vel)<\/li>\n<li>\u00a0 \u00a0Pegas de transporte embutidas<\/li>\n<li>\u00a0 \u00a0Rodas de transporte incorporadas<\/li>\n<\/ul>\n<\/div>","protected":false},"featured_media":1101,"comment_status":"open","ping_status":"closed","template":"","meta":[],"product_brand":[],"product_cat":[41],"product_tag":[],"class_list":{"0":"post-1097","1":"product","2":"type-product","3":"status-publish","4":"has-post-thumbnail","6":"product_cat-equipment-cases","8":"first","9":"instock","10":"shipping-taxable","11":"product-type-simple"},"yoast_head":"<!-- This site is optimized with the Yoast SEO Premium plugin v27.1 (Yoast SEO v27.2) - https:\/\/yoast.com\/product\/yoast-seo-premium-wordpress\/ -->\n<title>SX Mixer Flight Case: Ultimate Protection for Your DJ Mixer | Customizable &amp; Durable - https:\/\/sxflightcase.com \ud83d\udc97<\/title>\n<meta name=\"description\" content=\"mixer flight case: Explore factory-direct sales and professional customization for the ultimate protection of your equipment.\" \/>\n<meta name=\"robots\" content=\"index, follow, max-snippet:-1, max-image-preview:large, max-video-preview:-1\" \/>\n<link rel=\"canonical\" href=\"https:\/\/sxflightcase.com\/pt\/\u88fd\u54c1\/\u30df\u30ad\u30b5\u30fc\u30d5\u30e9\u30a4\u30c8\u30b1\u30fc\u30b9\/\" \/>\n<meta property=\"og:locale\" content=\"pt_PT\" \/>\n<meta property=\"og:type\" content=\"article\" \/>\n<meta property=\"og:title\" content=\"SX Mixer Flight Case: Ultimate Protection for Your DJ Mixer | Customizable &amp; Durable\" \/>\n<meta property=\"og:description\" content=\"mixer flight case: Explore factory-direct sales and professional customization for the ultimate protection of your equipment.\" \/>\n<meta property=\"og:url\" content=\"https:\/\/sxflightcase.com\/pt\/\u88fd\u54c1\/\u30df\u30ad\u30b5\u30fc\u30d5\u30e9\u30a4\u30c8\u30b1\u30fc\u30b9\/\" \/>\n<meta property=\"og:site_name\" content=\"https:\/\/sxflightcase.com\" \/>\n<meta property=\"article:publisher\" content=\"https:\/\/www.facebook.com\/profile.php?id=61560407257971\" \/>\n<meta property=\"article:modified_time\" content=\"2025-02-20T06:45:15+00:00\" \/>\n<meta property=\"og:image\" content=\"https:\/\/sxflightcase.com\/wp-content\/uploads\/2024\/05\/1714984324343.jpg\" \/>\n\t<meta property=\"og:image:width\" content=\"750\" \/>\n\t<meta property=\"og:image:height\" content=\"750\" \/>\n\t<meta property=\"og:image:type\" content=\"image\/jpeg\" \/>\n<meta name=\"twitter:card\" content=\"summary_large_image\" \/>\n<meta name=\"twitter:label1\" content=\"Tempo estimado de leitura\" \/>\n\t<meta name=\"twitter:data1\" content=\"4 minutos\" \/>\n<script type=\"application\/ld+json\" class=\"yoast-schema-graph\">{\"@context\":\"https:\/\/schema.org\",\"@graph\":[{\"@type\":\"WebPage\",\"@id\":\"https:\/\/sxflightcase.com\/ja\/\u88fd\u54c1\/\u30df\u30ad\u30b5\u30fc\u30d5\u30e9\u30a4\u30c8\u30b1\u30fc\u30b9\/\",\"url\":\"https:\/\/sxflightcase.com\/ja\/\u88fd\u54c1\/\u30df\u30ad\u30b5\u30fc\u30d5\u30e9\u30a4\u30c8\u30b1\u30fc\u30b9\/\",\"name\":\"SX Mixer Flight Case: Ultimate Protection for Your DJ Mixer | Customizable & Durable - https:\/\/sxflightcase.com \ud83d\udc97\",\"isPartOf\":{\"@id\":\"https:\/\/sxflightcase.com\/th\/#website\"},\"primaryImageOfPage\":{\"@id\":\"https:\/\/sxflightcase.com\/ja\/\u88fd\u54c1\/\u30df\u30ad\u30b5\u30fc\u30d5\u30e9\u30a4\u30c8\u30b1\u30fc\u30b9\/#primaryimage\"},\"image\":{\"@id\":\"https:\/\/sxflightcase.com\/ja\/\u88fd\u54c1\/\u30df\u30ad\u30b5\u30fc\u30d5\u30e9\u30a4\u30c8\u30b1\u30fc\u30b9\/#primaryimage\"},\"thumbnailUrl\":\"https:\/\/sxflightcase.com\/wp-content\/uploads\/2024\/05\/1714984324343.jpg\",\"datePublished\":\"2024-05-07T03:52:19+00:00\",\"dateModified\":\"2025-02-20T06:45:15+00:00\",\"description\":\"mixer flight case: Explore factory-direct sales and professional customization for the ultimate protection of your equipment.\",\"breadcrumb\":{\"@id\":\"https:\/\/sxflightcase.com\/ja\/\u88fd\u54c1\/\u30df\u30ad\u30b5\u30fc\u30d5\u30e9\u30a4\u30c8\u30b1\u30fc\u30b9\/#breadcrumb\"},\"inLanguage\":\"pt-PT\",\"potentialAction\":[{\"@type\":\"ReadAction\",\"target\":[\"https:\/\/sxflightcase.com\/ja\/\u88fd\u54c1\/\u30df\u30ad\u30b5\u30fc\u30d5\u30e9\u30a4\u30c8\u30b1\u30fc\u30b9\/\"]}]},{\"@type\":\"ImageObject\",\"inLanguage\":\"pt-PT\",\"@id\":\"https:\/\/sxflightcase.com\/ja\/\u88fd\u54c1\/\u30df\u30ad\u30b5\u30fc\u30d5\u30e9\u30a4\u30c8\u30b1\u30fc\u30b9\/#primaryimage\",\"url\":\"https:\/\/sxflightcase.com\/wp-content\/uploads\/2024\/05\/1714984324343.jpg\",\"contentUrl\":\"https:\/\/sxflightcase.com\/wp-content\/uploads\/2024\/05\/1714984324343.jpg\",\"width\":750,\"height\":750,\"caption\":\"mixer flight case\"},{\"@type\":\"BreadcrumbList\",\"@id\":\"https:\/\/sxflightcase.com\/ja\/\u88fd\u54c1\/\u30df\u30ad\u30b5\u30fc\u30d5\u30e9\u30a4\u30c8\u30b1\u30fc\u30b9\/#breadcrumb\",\"itemListElement\":[{\"@type\":\"ListItem\",\"position\":1,\"name\":\"Home\",\"item\":\"https:\/\/sxflightcase.com\/\"},{\"@type\":\"ListItem\",\"position\":2,\"name\":\"\u0e2a\u0e34\u0e19\u0e04\u0e49\u0e32\",\"item\":\"https:\/\/sxflightcase.com\/th\/shop\/\"},{\"@type\":\"ListItem\",\"position\":3,\"name\":\"SX Mixer Flight Case: Ultimate Protection for Your DJ Mixer | Customizable &#038; Durable\"}]},{\"@type\":\"WebSite\",\"@id\":\"https:\/\/sxflightcase.com\/th\/#website\",\"url\":\"https:\/\/sxflightcase.com\/th\/\",\"name\":\"sxpowercase.com\",\"description\":\"Flight Case Factory\",\"publisher\":{\"@id\":\"https:\/\/sxflightcase.com\/th\/#organization\"},\"potentialAction\":[{\"@type\":\"SearchAction\",\"target\":{\"@type\":\"EntryPoint\",\"urlTemplate\":\"https:\/\/sxflightcase.com\/th\/?s={search_term_string}\"},\"query-input\":{\"@type\":\"PropertyValueSpecification\",\"valueRequired\":true,\"valueName\":\"search_term_string\"}}],\"inLanguage\":\"pt-PT\"},{\"@type\":\"Organization\",\"@id\":\"https:\/\/sxflightcase.com\/th\/#organization\",\"name\":\"sxpowercase.com\",\"url\":\"https:\/\/sxflightcase.com\/th\/\",\"logo\":{\"@type\":\"ImageObject\",\"inLanguage\":\"pt-PT\",\"@id\":\"https:\/\/sxflightcase.com\/th\/#\/schema\/logo\/image\/\",\"url\":\"https:\/\/sxflightcase.com\/wp-content\/uploads\/2024\/04\/1713919036007.jpg\",\"contentUrl\":\"https:\/\/sxflightcase.com\/wp-content\/uploads\/2024\/04\/1713919036007.jpg\",\"width\":382,\"height\":388,\"caption\":\"sxpowercase.com\"},\"image\":{\"@id\":\"https:\/\/sxflightcase.com\/th\/#\/schema\/logo\/image\/\"},\"sameAs\":[\"https:\/\/www.facebook.com\/profile.php?id=61560407257971\"],\"numberOfEmployees\":{\"@type\":\"QuantitativeValue\",\"minValue\":\"11\",\"maxValue\":\"50\"}}]}<\/script>\n<!-- \/ Yoast SEO Premium plugin. -->","yoast_head_json":{"title":"SX Mixer Flight Case: Ultimate Protection for Your DJ Mixer | Customizable & Durable - https:\/\/sxflightcase.com \ud83d\udc97","description":"mala de transporte para misturadores: Explore as vendas diretas da f\u00e1brica e a personaliza\u00e7\u00e3o profissional para a m\u00e1xima prote\u00e7\u00e3o do seu equipamento.","robots":{"index":"index","follow":"follow","max-snippet":"max-snippet:-1","max-image-preview":"max-image-preview:large","max-video-preview":"max-video-preview:-1"},"canonical":"https:\/\/sxflightcase.com\/pt\/\u88fd\u54c1\/\u30df\u30ad\u30b5\u30fc\u30d5\u30e9\u30a4\u30c8\u30b1\u30fc\u30b9\/","og_locale":"pt_PT","og_type":"article","og_title":"SX Mixer Flight Case: Ultimate Protection for Your DJ Mixer | Customizable & Durable","og_description":"mixer flight case: Explore factory-direct sales and professional customization for the ultimate protection of your equipment.","og_url":"https:\/\/sxflightcase.com\/pt\/\u88fd\u54c1\/\u30df\u30ad\u30b5\u30fc\u30d5\u30e9\u30a4\u30c8\u30b1\u30fc\u30b9\/","og_site_name":"https:\/\/sxflightcase.com","article_publisher":"https:\/\/www.facebook.com\/profile.php?id=61560407257971","article_modified_time":"2025-02-20T06:45:15+00:00","og_image":[{"width":750,"height":750,"url":"https:\/\/sxflightcase.com\/wp-content\/uploads\/2024\/05\/1714984324343.jpg","type":"image\/jpeg"}],"twitter_card":"summary_large_image","twitter_misc":{"Tempo estimado de leitura":"4 minutos"},"schema":{"@context":"https:\/\/schema.org","@graph":[{"@type":"WebPage","@id":"https:\/\/sxflightcase.com\/ja\/\u88fd\u54c1\/\u30df\u30ad\u30b5\u30fc\u30d5\u30e9\u30a4\u30c8\u30b1\u30fc\u30b9\/","url":"https:\/\/sxflightcase.com\/ja\/\u88fd\u54c1\/\u30df\u30ad\u30b5\u30fc\u30d5\u30e9\u30a4\u30c8\u30b1\u30fc\u30b9\/","name":"SX Mixer Flight Case: Ultimate Protection for Your DJ Mixer | Customizable & Durable - https:\/\/sxflightcase.com \ud83d\udc97","isPartOf":{"@id":"https:\/\/sxflightcase.com\/th\/#website"},"primaryImageOfPage":{"@id":"https:\/\/sxflightcase.com\/ja\/\u88fd\u54c1\/\u30df\u30ad\u30b5\u30fc\u30d5\u30e9\u30a4\u30c8\u30b1\u30fc\u30b9\/#primaryimage"},"image":{"@id":"https:\/\/sxflightcase.com\/ja\/\u88fd\u54c1\/\u30df\u30ad\u30b5\u30fc\u30d5\u30e9\u30a4\u30c8\u30b1\u30fc\u30b9\/#primaryimage"},"thumbnailUrl":"https:\/\/sxflightcase.com\/wp-content\/uploads\/2024\/05\/1714984324343.jpg","datePublished":"2024-05-07T03:52:19+00:00","dateModified":"2025-02-20T06:45:15+00:00","description":"mala de transporte para misturadores: Explore as vendas diretas da f\u00e1brica e a personaliza\u00e7\u00e3o profissional para a m\u00e1xima prote\u00e7\u00e3o do seu equipamento.","breadcrumb":{"@id":"https:\/\/sxflightcase.com\/ja\/\u88fd\u54c1\/\u30df\u30ad\u30b5\u30fc\u30d5\u30e9\u30a4\u30c8\u30b1\u30fc\u30b9\/#breadcrumb"},"inLanguage":"pt-PT","potentialAction":[{"@type":"ReadAction","target":["https:\/\/sxflightcase.com\/ja\/\u88fd\u54c1\/\u30df\u30ad\u30b5\u30fc\u30d5\u30e9\u30a4\u30c8\u30b1\u30fc\u30b9\/"]}]},{"@type":"ImageObject","inLanguage":"pt-PT","@id":"https:\/\/sxflightcase.com\/ja\/\u88fd\u54c1\/\u30df\u30ad\u30b5\u30fc\u30d5\u30e9\u30a4\u30c8\u30b1\u30fc\u30b9\/#primaryimage","url":"https:\/\/sxflightcase.com\/wp-content\/uploads\/2024\/05\/1714984324343.jpg","contentUrl":"https:\/\/sxflightcase.com\/wp-content\/uploads\/2024\/05\/1714984324343.jpg","width":750,"height":750,"caption":"mixer flight case"},{"@type":"BreadcrumbList","@id":"https:\/\/sxflightcase.com\/ja\/\u88fd\u54c1\/\u30df\u30ad\u30b5\u30fc\u30d5\u30e9\u30a4\u30c8\u30b1\u30fc\u30b9\/#breadcrumb","itemListElement":[{"@type":"ListItem","position":1,"name":"Home","item":"https:\/\/sxflightcase.com\/"},{"@type":"ListItem","position":2,"name":"\u0e2a\u0e34\u0e19\u0e04\u0e49\u0e32","item":"https:\/\/sxflightcase.com\/th\/shop\/"},{"@type":"ListItem","position":3,"name":"SX Mixer Flight Case: Ultimate Protection for Your DJ Mixer | Customizable &#038; Durable"}]},{"@type":"WebSite","@id":"https:\/\/sxflightcase.com\/th\/#website","url":"https:\/\/sxflightcase.com\/th\/","name":"sxpowercase.com","description":"F\u00e1brica de malas de voo","publisher":{"@id":"https:\/\/sxflightcase.com\/th\/#organization"},"potentialAction":[{"@type":"SearchAction","target":{"@type":"EntryPoint","urlTemplate":"https:\/\/sxflightcase.com\/th\/?s={search_term_string}"},"query-input":{"@type":"PropertyValueSpecification","valueRequired":true,"valueName":"search_term_string"}}],"inLanguage":"pt-PT"},{"@type":"Organization","@id":"https:\/\/sxflightcase.com\/th\/#organization","name":"sxpowercase.com","url":"https:\/\/sxflightcase.com\/th\/","logo":{"@type":"ImageObject","inLanguage":"pt-PT","@id":"https:\/\/sxflightcase.com\/th\/#\/schema\/logo\/image\/","url":"https:\/\/sxflightcase.com\/wp-content\/uploads\/2024\/04\/1713919036007.jpg","contentUrl":"https:\/\/sxflightcase.com\/wp-content\/uploads\/2024\/04\/1713919036007.jpg","width":382,"height":388,"caption":"sxpowercase.com"},"image":{"@id":"https:\/\/sxflightcase.com\/th\/#\/schema\/logo\/image\/"},"sameAs":["https:\/\/www.facebook.com\/profile.php?id=61560407257971"],"numberOfEmployees":{"@type":"QuantitativeValue","minValue":"11","maxValue":"50"}}]}},"_links":{"self":[{"href":"https:\/\/sxflightcase.com\/pt\/wp-json\/wp\/v2\/product\/1097","targetHints":{"allow":["GET"]}}],"collection":[{"href":"https:\/\/sxflightcase.com\/pt\/wp-json\/wp\/v2\/product"}],"about":[{"href":"https:\/\/sxflightcase.com\/pt\/wp-json\/wp\/v2\/types\/product"}],"replies":[{"embeddable":true,"href":"https:\/\/sxflightcase.com\/pt\/wp-json\/wp\/v2\/comments?post=1097"}],"version-history":[{"count":0,"href":"https:\/\/sxflightcase.com\/pt\/wp-json\/wp\/v2\/product\/1097\/revisions"}],"wp:featuredmedia":[{"embeddable":true,"href":"https:\/\/sxflightcase.com\/pt\/wp-json\/wp\/v2\/media\/1101"}],"wp:attachment":[{"href":"https:\/\/sxflightcase.com\/pt\/wp-json\/wp\/v2\/media?parent=1097"}],"wp:term":[{"taxonomy":"product_brand","embeddable":true,"href":"https:\/\/sxflightcase.com\/pt\/wp-json\/wp\/v2\/product_brand?post=1097"},{"taxonomy":"product_cat","embeddable":true,"href":"https:\/\/sxflightcase.com\/pt\/wp-json\/wp\/v2\/product_cat?post=1097"},{"taxonomy":"product_tag","embeddable":true,"href":"https:\/\/sxflightcase.com\/pt\/wp-json\/wp\/v2\/product_tag?post=1097"}],"curies":[{"name":"wp","href":"https:\/\/api.w.org\/{rel}","templated":true}]}}