{"id":1102,"date":"2024-05-07T06:44:03","date_gmt":"2024-05-07T05:44:03","guid":{"rendered":"https:\/\/sxpowercase.com\/?post_type=product&#038;p=1102"},"modified":"2025-02-19T23:31:10","modified_gmt":"2025-02-20T07:31:10","slug":"yamaha-mixer-case","status":"publish","type":"product","link":"https:\/\/sxflightcase.com\/pt\/produto\/caixa-de-misturadora-yamaha\/","title":{"rendered":"Mala Yamaha Mixer| Personaliz\u00e1vel e Dur\u00e1vel"},"content":{"rendered":"<h3><strong>Vis\u00e3o geral do produto: Mala para misturador Yamaha<\/strong><\/h3>\n<p>O\u00a0<strong>Mala para misturador Yamaha<\/strong>\u00a0foi concebida para proporcionar uma prote\u00e7\u00e3o superior \u00e0 sua mesa de mistura durante o transporte e o armazenamento. Quer esteja a preparar um gin\u00e1sio, um teatro, uma atua\u00e7\u00e3o em palco ou um evento empresarial, as nossas caixas garantem que o seu equipamento permanece seguro e protegido.<\/p>\n<hr \/>\n<h3><strong>Carater\u00edsticas principais:<\/strong><\/h3>\n<ul>\n<li><strong>Material:<\/strong>\u00a0Constru\u00e7\u00e3o em contraplacado laminado de 9 mm para m\u00e1xima durabilidade<\/li>\n<li><strong>Hardware:<\/strong>\u00a0Ferragens de qualidade comercial, incluindo\u00a0<strong>Pegas e fechos de assinatura Gator Red<\/strong>e\u00a0<strong>cantos de bola<\/strong><\/li>\n<li><strong>Mobilidade:<\/strong>\u00a0Pega de reboque embutida com mola e rodas para facilitar o transporte<\/li>\n<li><strong>Interior:<\/strong>\u00a0Estofo em espuma EVA Ultra-Dur com blocos de ventila\u00e7\u00e3o para o fluxo de ar da ventoinha<\/li>\n<li><strong>Op\u00e7\u00f5es de cor:<\/strong>\u00a0Preto, azul, vermelho ou cores personalizadas dispon\u00edveis<\/li>\n<li><strong>Utiliza\u00e7\u00e3o:<\/strong>\u00a0Ideal para proteger, transportar e armazenar as mesas de mistura Yamaha<\/li>\n<\/ul>\n<hr \/>\n<h3><strong>Aplica\u00e7\u00f5es:<\/strong><\/h3>\n<p>A mala de mistura Yamaha \u00e9 perfeita para uma variedade de configura\u00e7\u00f5es, incluindo:<\/p>\n<ul>\n<li><strong>Gin\u00e1sios<\/strong><\/li>\n<li><strong>Teatros<\/strong><\/li>\n<li><strong>Actua\u00e7\u00f5es em palco<\/strong><\/li>\n<li><strong>Eventos ao ar livre<\/strong><\/li>\n<li><strong>Hot\u00e9is e salas de reuni\u00f5es<\/strong><\/li>\n<\/ul>\n<hr \/>\n<h3><strong>Porqu\u00ea escolher a nossa mala de mistura Yamaha?<\/strong><\/h3>\n<ol start=\"1\">\n<li><strong>Prote\u00e7\u00e3o superior<\/strong><br \/>\nAs nossas malas s\u00e3o constru\u00eddas para suportar os rigores do transporte, assegurando que a sua misturadora se mant\u00e9m a salvo de choques, quedas e outros perigos.<\/li>\n<li><strong>Design personaliz\u00e1vel<\/strong><br \/>\nOferecemos\u00a0<strong>solu\u00e7\u00f5es personalizadas<\/strong>\u00a0para se adaptar ao seu modelo e requisitos espec\u00edficos de misturadora. Escolha entre diferentes cores, materiais e disposi\u00e7\u00f5es interiores.<\/li>\n<li><strong>Mobilidade melhorada<\/strong><br \/>\nCom pegas e rodas incorporadas, as nossas malas facilitam o transporte da sua mesa de mistura entre locais, poupando-lhe tempo e esfor\u00e7o.<\/li>\n<li><strong>Durabilidade e fiabilidade<\/strong><br \/>\nFabricadas com materiais de alta qualidade, as nossas malas s\u00e3o concebidas para durar, proporcionando uma prote\u00e7\u00e3o a longo prazo para o seu valioso equipamento.<\/li>\n<\/ol>\n<hr \/>\n<h3><strong>Embalagem e envio:<\/strong><\/h3>\n<ul>\n<li><strong>Tempo de envio:<\/strong>\n<ul>\n<li>Por mar: 15-60 dias<\/li>\n<li>Por via a\u00e9rea: 4-9 dias<\/li>\n<li>Por correio expresso: 4-9 dias<\/li>\n<\/ul>\n<\/li>\n<li><strong>Prazo de entrega:<\/strong>\u00a07-15 dias \u00fateis ou conforme as suas necessidades<\/li>\n<li><strong>Embalagem:<\/strong>\u00a0Embalagem em cart\u00e3o ou personalizada dispon\u00edvel<\/li>\n<\/ul>\n<hr \/>\n<h3><strong>O nosso servi\u00e7o:<\/strong><\/h3>\n<ul>\n<li><strong>Servi\u00e7o profissional:<\/strong>\u00a0Experi\u00eancia em embalagem e exporta\u00e7\u00e3o de produtos para todo o mundo<\/li>\n<li><strong>Excel\u00eancia na produ\u00e7\u00e3o:<\/strong>\u00a0Produ\u00e7\u00e3o de alta qualidade com aten\u00e7\u00e3o aos pormenores<\/li>\n<li><strong>Op\u00e7\u00f5es de pagamento flex\u00edveis:<\/strong>\u00a0T\/T, Western Union, e mais<\/li>\n<\/ul>\n<hr \/>\n<h3><strong>Sobre n\u00f3s:<\/strong><\/h3>\n<p>Com anos de experi\u00eancia, constru\u00edmos uma reputa\u00e7\u00e3o de integridade, profissionalismo e excelentes pre\u00e7os. Os nossos produtos merecem a confian\u00e7a de clientes a n\u00edvel nacional e internacional. Continuamos empenhados em fornecer\u00a0<strong>qualidade, valor e satisfa\u00e7\u00e3o do cliente<\/strong>.<\/p>\n<hr \/>\n<h3><strong>Perguntas frequentes:<\/strong><\/h3>\n<p><strong>P: A Mala de Misturador Yamaha pode ser personalizada para modelos espec\u00edficos de misturadores?<\/strong><br \/>\nR: Sim, oferecemos solu\u00e7\u00f5es personalizadas que se adaptam perfeitamente \u00e0 sua misturadora.<\/p>\n<p><strong>P: Estas malas s\u00e3o adequadas para utiliza\u00e7\u00e3o no exterior?<\/strong><br \/>\nR: Sem d\u00favida! As nossas malas s\u00e3o concebidas para resistir a v\u00e1rios ambientes, garantindo que a sua mesa de mistura se mant\u00e9m protegida onde quer que v\u00e1.<\/p>\n<p><strong>P: Quanto tempo \u00e9 que demora a receber uma mala de mistura Yamaha personalizada?<\/strong><br \/>\nR: Os prazos de entrega variam consoante a complexidade do caso e o nosso volume de trabalho atual. Contacte-nos para obter prazos de entrega espec\u00edficos.<\/p>\n<p><strong>P: Estas malas t\u00eam cobertura de garantia?<\/strong><br \/>\nR: Sim, as nossas malas s\u00e3o fornecidas com cobertura de garantia para maior tranquilidade.<\/p>\n<p><strong>P: Posso encomendar a granel?<\/strong><br \/>\nR: Sim, podemos aceitar encomendas em grandes quantidades. Contacte-nos para obter informa\u00e7\u00f5es sobre pre\u00e7os e disponibilidade.<\/p>\n<hr \/>\n<h3><strong>Encomende hoje a sua mala de mistura Yamaha!<\/strong><\/h3>\n<p>Pronto para proteger a sua mesa de mistura Yamaha com as nossas malas de voo de qualidade superior? Contacte-nos agora para conceber a sua solu\u00e7\u00e3o personalizada.<\/p>\n<p><strong>Obter acesso agora:<\/strong>\u00a0<a href=\"https:\/\/sxpowercase.com\/contact-us\/\" target=\"_blank\" rel=\"noopener noreferrer\">https:\/\/sxpowercase.com\/contact-us\/<\/a><\/p>\n<p class=\"productsTags\">Hot Tags: Pre\u00e7o baixo, em estoque, amostra gr\u00e1tis, cabo de alimenta\u00e7\u00e3o e sinal, fio de 4 condutores de calibre 16, caixa de suporte de microfone, gabinete de exibi\u00e7\u00e3o de led externo, montagem em rack, caixa de distribui\u00e7\u00e3o el\u00e9trica, China, fornecedores, f\u00e1brica, personalizado, atacado, <span style=\"color: #993366;\"><a style=\"color: #993366;\" href=\"https:\/\/sxflightcase.com\/pt\/product-category\/all-product\/power-distribution-boxes\/\">caixas el\u00e9ctricas<\/a>,\u00a0<a style=\"color: #993366;\" href=\"https:\/\/sxflightcase.com\/pt\/product-category\/all-product\/hoist-controllers\/\">cabos el\u00e9ctricos<\/a>,\u00a0<a style=\"color: #993366;\" href=\"https:\/\/sxflightcase.com\/pt\/product-category\/all-product\/hoist-controllers\/\">controladores de guinchos<\/a>,\u00a0<a style=\"color: #993366;\" href=\"https:\/\/sxflightcase.com\/pt\/product-category\/all-product\/flight-case\/\">casos de voo.<\/a><\/span><\/p>","protected":false},"excerpt":{"rendered":"<h2>Mala para misturador Yamaha<\/h2>\n<p>Concebida e projectada especificamente para a caixa da mesa de mistura yamaha. Fabricado em policarbonato, um pl\u00e1stico duro e transparente - resistente a impactos, tornando-o num investimento essencial. A cobertura protege os faders e os bot\u00f5es contra poeiras, l\u00edquidos e outros elementos nocivos. Acomoda os cabos e envolve os controladores. Recomendada pelo sector - utilizada por particulares!<\/p>\n<h2><strong>Introdu\u00e7\u00e3o \u00e0 produ\u00e7\u00e3o<\/strong><\/h2>\n<p>Caixa de misturadora Yamaha<\/p>\n<p>- A cobertura protege a superf\u00edcie de controlo, os faders e os bot\u00f5es contra impactos, poeiras, l\u00edquidos e outros elementos nocivos<\/p>\n<p>- Concebida para se adaptar \u00e0 consola de mistura profissional yamaha<\/p>\n<p>- Fabricado em policarbonato, um pl\u00e1stico resistente utilizado em vidros \u00e0 prova de bala<\/p>\n<p>- Cobre enquanto os cabos permanecem ligados. Cubra a unidade durante a utiliza\u00e7\u00e3o para evitar altera\u00e7\u00f5es acidentais da mistura ou quando controlar remotamente a consola<\/p>\n<p>- Prote\u00e7\u00e3o forte e atraente para a sua consola<\/p>","protected":false},"featured_media":1106,"comment_status":"open","ping_status":"closed","template":"","meta":[],"product_brand":[],"product_cat":[41],"product_tag":[],"class_list":{"0":"post-1102","1":"product","2":"type-product","3":"status-publish","4":"has-post-thumbnail","6":"product_cat-equipment-cases","8":"first","9":"instock","10":"shipping-taxable","11":"product-type-simple"},"yoast_head":"<!-- This site is optimized with the Yoast SEO Premium plugin v27.1 (Yoast SEO v27.2) - https:\/\/yoast.com\/product\/yoast-seo-premium-wordpress\/ -->\n<title>Yamaha Mixer Case| Customizable &amp; Durable - https:\/\/sxflightcase.com \ud83d\udc97<\/title>\n<meta name=\"description\" content=\"Yamaha Mixer Case Factory: Specializing in direct sales and professional customization for premium equipment protection solutions.\" \/>\n<meta name=\"robots\" content=\"index, follow, max-snippet:-1, max-image-preview:large, max-video-preview:-1\" \/>\n<link rel=\"canonical\" href=\"https:\/\/sxflightcase.com\/pt\/termek\/yamaha-mixer-tok\/\" \/>\n<meta property=\"og:locale\" content=\"pt_PT\" \/>\n<meta property=\"og:type\" content=\"article\" \/>\n<meta property=\"og:title\" content=\"Yamaha Mixer Case| Customizable &amp; Durable\" \/>\n<meta property=\"og:description\" content=\"Yamaha Mixer Case Factory: Specializing in direct sales and professional customization for premium equipment protection solutions.\" \/>\n<meta property=\"og:url\" content=\"https:\/\/sxflightcase.com\/pt\/termek\/yamaha-mixer-tok\/\" \/>\n<meta property=\"og:site_name\" content=\"https:\/\/sxflightcase.com\" \/>\n<meta property=\"article:publisher\" content=\"https:\/\/www.facebook.com\/profile.php?id=61560407257971\" \/>\n<meta property=\"article:modified_time\" content=\"2025-02-20T07:31:10+00:00\" \/>\n<meta property=\"og:image\" content=\"https:\/\/sxflightcase.com\/wp-content\/uploads\/2024\/05\/yamaha-mixer-case59351388027.webp\" \/>\n\t<meta property=\"og:image:width\" content=\"730\" \/>\n\t<meta property=\"og:image:height\" content=\"730\" \/>\n\t<meta property=\"og:image:type\" content=\"image\/webp\" \/>\n<meta name=\"twitter:card\" content=\"summary_large_image\" \/>\n<meta name=\"twitter:label1\" content=\"Tempo estimado de leitura\" \/>\n\t<meta name=\"twitter:data1\" content=\"4 minutos\" \/>\n<script type=\"application\/ld+json\" class=\"yoast-schema-graph\">{\"@context\":\"https:\/\/schema.org\",\"@graph\":[{\"@type\":\"WebPage\",\"@id\":\"https:\/\/sxflightcase.com\/hu\/termek\/yamaha-mixer-tok\/\",\"url\":\"https:\/\/sxflightcase.com\/hu\/termek\/yamaha-mixer-tok\/\",\"name\":\"Yamaha Mixer Case| Customizable & Durable - https:\/\/sxflightcase.com \ud83d\udc97\",\"isPartOf\":{\"@id\":\"https:\/\/sxflightcase.com\/th\/#website\"},\"primaryImageOfPage\":{\"@id\":\"https:\/\/sxflightcase.com\/hu\/termek\/yamaha-mixer-tok\/#primaryimage\"},\"image\":{\"@id\":\"https:\/\/sxflightcase.com\/hu\/termek\/yamaha-mixer-tok\/#primaryimage\"},\"thumbnailUrl\":\"https:\/\/sxflightcase.com\/wp-content\/uploads\/2024\/05\/yamaha-mixer-case59351388027.webp\",\"datePublished\":\"2024-05-07T05:44:03+00:00\",\"dateModified\":\"2025-02-20T07:31:10+00:00\",\"description\":\"Yamaha Mixer Case Factory: Specializing in direct sales and professional customization for premium equipment protection solutions.\",\"breadcrumb\":{\"@id\":\"https:\/\/sxflightcase.com\/hu\/termek\/yamaha-mixer-tok\/#breadcrumb\"},\"inLanguage\":\"pt-PT\",\"potentialAction\":[{\"@type\":\"ReadAction\",\"target\":[\"https:\/\/sxflightcase.com\/hu\/termek\/yamaha-mixer-tok\/\"]}]},{\"@type\":\"ImageObject\",\"inLanguage\":\"pt-PT\",\"@id\":\"https:\/\/sxflightcase.com\/hu\/termek\/yamaha-mixer-tok\/#primaryimage\",\"url\":\"https:\/\/sxflightcase.com\/wp-content\/uploads\/2024\/05\/yamaha-mixer-case59351388027.webp\",\"contentUrl\":\"https:\/\/sxflightcase.com\/wp-content\/uploads\/2024\/05\/yamaha-mixer-case59351388027.webp\",\"width\":730,\"height\":730,\"caption\":\"Yamaha Mixer Case\"},{\"@type\":\"BreadcrumbList\",\"@id\":\"https:\/\/sxflightcase.com\/hu\/termek\/yamaha-mixer-tok\/#breadcrumb\",\"itemListElement\":[{\"@type\":\"ListItem\",\"position\":1,\"name\":\"Home\",\"item\":\"https:\/\/sxflightcase.com\/\"},{\"@type\":\"ListItem\",\"position\":2,\"name\":\"\u0e2a\u0e34\u0e19\u0e04\u0e49\u0e32\",\"item\":\"https:\/\/sxflightcase.com\/th\/shop\/\"},{\"@type\":\"ListItem\",\"position\":3,\"name\":\"Yamaha Mixer Case| Customizable &#038; Durable\"}]},{\"@type\":\"WebSite\",\"@id\":\"https:\/\/sxflightcase.com\/th\/#website\",\"url\":\"https:\/\/sxflightcase.com\/th\/\",\"name\":\"sxpowercase.com\",\"description\":\"Flight Case Factory\",\"publisher\":{\"@id\":\"https:\/\/sxflightcase.com\/th\/#organization\"},\"potentialAction\":[{\"@type\":\"SearchAction\",\"target\":{\"@type\":\"EntryPoint\",\"urlTemplate\":\"https:\/\/sxflightcase.com\/th\/?s={search_term_string}\"},\"query-input\":{\"@type\":\"PropertyValueSpecification\",\"valueRequired\":true,\"valueName\":\"search_term_string\"}}],\"inLanguage\":\"pt-PT\"},{\"@type\":\"Organization\",\"@id\":\"https:\/\/sxflightcase.com\/th\/#organization\",\"name\":\"sxpowercase.com\",\"url\":\"https:\/\/sxflightcase.com\/th\/\",\"logo\":{\"@type\":\"ImageObject\",\"inLanguage\":\"pt-PT\",\"@id\":\"https:\/\/sxflightcase.com\/th\/#\/schema\/logo\/image\/\",\"url\":\"https:\/\/sxflightcase.com\/wp-content\/uploads\/2024\/04\/1713919036007.jpg\",\"contentUrl\":\"https:\/\/sxflightcase.com\/wp-content\/uploads\/2024\/04\/1713919036007.jpg\",\"width\":382,\"height\":388,\"caption\":\"sxpowercase.com\"},\"image\":{\"@id\":\"https:\/\/sxflightcase.com\/th\/#\/schema\/logo\/image\/\"},\"sameAs\":[\"https:\/\/www.facebook.com\/profile.php?id=61560407257971\"],\"numberOfEmployees\":{\"@type\":\"QuantitativeValue\",\"minValue\":\"11\",\"maxValue\":\"50\"}}]}<\/script>\n<!-- \/ Yoast SEO Premium plugin. -->","yoast_head_json":{"title":"Yamaha Mixer Case| Customizable & Durable - https:\/\/sxflightcase.com \ud83d\udc97","description":"F\u00e1brica de malas para misturadores Yamaha: Especializada em vendas diretas e personaliza\u00e7\u00e3o profissional para solu\u00e7\u00f5es de prote\u00e7\u00e3o de equipamento de primeira qualidade.","robots":{"index":"index","follow":"follow","max-snippet":"max-snippet:-1","max-image-preview":"max-image-preview:large","max-video-preview":"max-video-preview:-1"},"canonical":"https:\/\/sxflightcase.com\/pt\/termek\/yamaha-mixer-tok\/","og_locale":"pt_PT","og_type":"article","og_title":"Yamaha Mixer Case| Customizable & Durable","og_description":"Yamaha Mixer Case Factory: Specializing in direct sales and professional customization for premium equipment protection solutions.","og_url":"https:\/\/sxflightcase.com\/pt\/termek\/yamaha-mixer-tok\/","og_site_name":"https:\/\/sxflightcase.com","article_publisher":"https:\/\/www.facebook.com\/profile.php?id=61560407257971","article_modified_time":"2025-02-20T07:31:10+00:00","og_image":[{"width":730,"height":730,"url":"https:\/\/sxflightcase.com\/wp-content\/uploads\/2024\/05\/yamaha-mixer-case59351388027.webp","type":"image\/webp"}],"twitter_card":"summary_large_image","twitter_misc":{"Tempo estimado de leitura":"4 minutos"},"schema":{"@context":"https:\/\/schema.org","@graph":[{"@type":"WebPage","@id":"https:\/\/sxflightcase.com\/hu\/termek\/yamaha-mixer-tok\/","url":"https:\/\/sxflightcase.com\/hu\/termek\/yamaha-mixer-tok\/","name":"Yamaha Mixer Case| Customizable & Durable - https:\/\/sxflightcase.com \ud83d\udc97","isPartOf":{"@id":"https:\/\/sxflightcase.com\/th\/#website"},"primaryImageOfPage":{"@id":"https:\/\/sxflightcase.com\/hu\/termek\/yamaha-mixer-tok\/#primaryimage"},"image":{"@id":"https:\/\/sxflightcase.com\/hu\/termek\/yamaha-mixer-tok\/#primaryimage"},"thumbnailUrl":"https:\/\/sxflightcase.com\/wp-content\/uploads\/2024\/05\/yamaha-mixer-case59351388027.webp","datePublished":"2024-05-07T05:44:03+00:00","dateModified":"2025-02-20T07:31:10+00:00","description":"F\u00e1brica de malas para misturadores Yamaha: Especializada em vendas diretas e personaliza\u00e7\u00e3o profissional para solu\u00e7\u00f5es de prote\u00e7\u00e3o de equipamento de primeira qualidade.","breadcrumb":{"@id":"https:\/\/sxflightcase.com\/hu\/termek\/yamaha-mixer-tok\/#breadcrumb"},"inLanguage":"pt-PT","potentialAction":[{"@type":"ReadAction","target":["https:\/\/sxflightcase.com\/hu\/termek\/yamaha-mixer-tok\/"]}]},{"@type":"ImageObject","inLanguage":"pt-PT","@id":"https:\/\/sxflightcase.com\/hu\/termek\/yamaha-mixer-tok\/#primaryimage","url":"https:\/\/sxflightcase.com\/wp-content\/uploads\/2024\/05\/yamaha-mixer-case59351388027.webp","contentUrl":"https:\/\/sxflightcase.com\/wp-content\/uploads\/2024\/05\/yamaha-mixer-case59351388027.webp","width":730,"height":730,"caption":"Yamaha Mixer Case"},{"@type":"BreadcrumbList","@id":"https:\/\/sxflightcase.com\/hu\/termek\/yamaha-mixer-tok\/#breadcrumb","itemListElement":[{"@type":"ListItem","position":1,"name":"Home","item":"https:\/\/sxflightcase.com\/"},{"@type":"ListItem","position":2,"name":"\u0e2a\u0e34\u0e19\u0e04\u0e49\u0e32","item":"https:\/\/sxflightcase.com\/th\/shop\/"},{"@type":"ListItem","position":3,"name":"Yamaha Mixer Case| Customizable &#038; Durable"}]},{"@type":"WebSite","@id":"https:\/\/sxflightcase.com\/th\/#website","url":"https:\/\/sxflightcase.com\/th\/","name":"sxpowercase.com","description":"F\u00e1brica de malas de voo","publisher":{"@id":"https:\/\/sxflightcase.com\/th\/#organization"},"potentialAction":[{"@type":"SearchAction","target":{"@type":"EntryPoint","urlTemplate":"https:\/\/sxflightcase.com\/th\/?s={search_term_string}"},"query-input":{"@type":"PropertyValueSpecification","valueRequired":true,"valueName":"search_term_string"}}],"inLanguage":"pt-PT"},{"@type":"Organization","@id":"https:\/\/sxflightcase.com\/th\/#organization","name":"sxpowercase.com","url":"https:\/\/sxflightcase.com\/th\/","logo":{"@type":"ImageObject","inLanguage":"pt-PT","@id":"https:\/\/sxflightcase.com\/th\/#\/schema\/logo\/image\/","url":"https:\/\/sxflightcase.com\/wp-content\/uploads\/2024\/04\/1713919036007.jpg","contentUrl":"https:\/\/sxflightcase.com\/wp-content\/uploads\/2024\/04\/1713919036007.jpg","width":382,"height":388,"caption":"sxpowercase.com"},"image":{"@id":"https:\/\/sxflightcase.com\/th\/#\/schema\/logo\/image\/"},"sameAs":["https:\/\/www.facebook.com\/profile.php?id=61560407257971"],"numberOfEmployees":{"@type":"QuantitativeValue","minValue":"11","maxValue":"50"}}]}},"_links":{"self":[{"href":"https:\/\/sxflightcase.com\/pt\/wp-json\/wp\/v2\/product\/1102","targetHints":{"allow":["GET"]}}],"collection":[{"href":"https:\/\/sxflightcase.com\/pt\/wp-json\/wp\/v2\/product"}],"about":[{"href":"https:\/\/sxflightcase.com\/pt\/wp-json\/wp\/v2\/types\/product"}],"replies":[{"embeddable":true,"href":"https:\/\/sxflightcase.com\/pt\/wp-json\/wp\/v2\/comments?post=1102"}],"version-history":[{"count":0,"href":"https:\/\/sxflightcase.com\/pt\/wp-json\/wp\/v2\/product\/1102\/revisions"}],"wp:featuredmedia":[{"embeddable":true,"href":"https:\/\/sxflightcase.com\/pt\/wp-json\/wp\/v2\/media\/1106"}],"wp:attachment":[{"href":"https:\/\/sxflightcase.com\/pt\/wp-json\/wp\/v2\/media?parent=1102"}],"wp:term":[{"taxonomy":"product_brand","embeddable":true,"href":"https:\/\/sxflightcase.com\/pt\/wp-json\/wp\/v2\/product_brand?post=1102"},{"taxonomy":"product_cat","embeddable":true,"href":"https:\/\/sxflightcase.com\/pt\/wp-json\/wp\/v2\/product_cat?post=1102"},{"taxonomy":"product_tag","embeddable":true,"href":"https:\/\/sxflightcase.com\/pt\/wp-json\/wp\/v2\/product_tag?post=1102"}],"curies":[{"name":"wp","href":"https:\/\/api.w.org\/{rel}","templated":true}]}}