{"id":1107,"date":"2024-05-07T06:46:14","date_gmt":"2024-05-07T05:46:14","guid":{"rendered":"https:\/\/sxpowercase.com\/?post_type=product&#038;p=1107"},"modified":"2025-02-20T00:04:50","modified_gmt":"2025-02-20T08:04:50","slug":"mixer-hard-case","status":"publish","type":"product","link":"https:\/\/sxflightcase.com\/pt\/produto\/estojo-rigido-para-misturador-2\/","title":{"rendered":"Estojo r\u00edgido para misturador"},"content":{"rendered":"<h3><strong>Vis\u00e3o geral do produto: Mala r\u00edgida para misturadores<\/strong><\/h3>\n<p>O\u00a0<strong>Mala r\u00edgida para misturador SX<\/strong>\u00a0foi concebida para proporcionar a m\u00e1xima prote\u00e7\u00e3o ao seu equipamento de \u00e1udio. Quer seja um DJ, engenheiro de som ou m\u00fasico, as nossas malas garantem que a sua mesa de mistura est\u00e1 protegida contra choques, quedas e outros perigos durante o transporte.<\/p>\n<hr \/>\n<h3><strong>Carater\u00edsticas principais:<\/strong><\/h3>\n<ul>\n<li><strong>Material:<\/strong>\u00a0Contraplacado de 9 mm com\u00a0<strong>ferragens cromadas\/zincadas<\/strong>\u00a0e\u00a0<strong>extrus\u00e3o de alum\u00ednio<\/strong>\u00a0para uma durabilidade m\u00e1xima<\/li>\n<li><strong>Forro de espuma:<\/strong>\u00a0As op\u00e7\u00f5es incluem\u00a0<strong>espuma de p\u00e9rola<\/strong>,\u00a0<strong>Espuma EVA<\/strong>, ou\u00a0<strong>espuma de ovo<\/strong>\u00a0para um amortecimento superior<\/li>\n<li><strong>Op\u00e7\u00f5es de cor:<\/strong>\u00a0Dispon\u00edvel em\u00a0<strong>Preto (predefini\u00e7\u00e3o)<\/strong>Vermelho, azul, laranja, amarelo, verde, etc.<\/li>\n<li><strong>Prazo de entrega:<\/strong>\u00a0Encomenda de amostras em\u00a0<strong>3 dias<\/strong>, ordem normal em\u00a0<strong>7-15 dias<\/strong><\/li>\n<li><strong>Dimens\u00f5es:<\/strong>\u00a0Personaliz\u00e1vel para se adaptar ao seu equipamento espec\u00edfico<\/li>\n<\/ul>\n<hr \/>\n<h3><strong>Porqu\u00ea escolher as malas r\u00edgidas para misturadores SX?<\/strong><\/h3>\n<ol start=\"1\">\n<li><strong>Vendas diretas da f\u00e1brica para um valor imbat\u00edvel<\/strong><br \/>\nAo eliminar o intermedi\u00e1rio, oferecemos\u00a0<strong>estojos de alta qualidade a pre\u00e7os competitivos<\/strong>. O nosso modelo direto da f\u00e1brica garante-lhe o melhor valor sem comprometer a qualidade.<\/li>\n<li><strong>Personaliz\u00e1vel de acordo com as suas necessidades<\/strong><br \/>\nCada profissional tem necessidades \u00fanicas. Oferecemos\u00a0<strong>op\u00e7\u00f5es de personaliza\u00e7\u00e3o alargadas<\/strong>incluindo dimens\u00f5es espec\u00edficas, tipos de espuma e compartimentos adicionais, para criar uma mala que se adapte perfeitamente ao seu equipamento.<\/li>\n<li><strong>Dur\u00e1vel e fi\u00e1vel<\/strong><br \/>\nConstru\u00eddas para resistir \u00e0s condi\u00e7\u00f5es mais dif\u00edceis, as nossas malas r\u00edgidas para misturadores foram concebidas para\u00a0<strong>prote\u00e7\u00e3o duradoura<\/strong>. Quer esteja na estrada ou no est\u00fadio, o seu equipamento mant\u00e9m-se seguro e protegido.<\/li>\n<li><strong>Mobilidade melhorada<\/strong><br \/>\nCom pegas robustas e rodas opcionais, as nossas malas facilitam o transporte da sua misturadora entre locais, poupando-lhe tempo e esfor\u00e7o.<\/li>\n<\/ol>\n<hr \/>\n<h3><strong>Aplica\u00e7\u00f5es:<\/strong><\/h3>\n<p>A mala r\u00edgida para misturadores SX \u00e9 ideal para:<\/p>\n<ul>\n<li><strong>DJs<\/strong><\/li>\n<li><strong>Engenheiros de som<\/strong><\/li>\n<li><strong>M\u00fasicos<\/strong><\/li>\n<li><strong>Planeadores de eventos<\/strong><\/li>\n<li><strong>Profissionais de est\u00fadio<\/strong><\/li>\n<\/ul>\n<hr \/>\n<h3><strong>Embalagem e envio:<\/strong><\/h3>\n<ul>\n<li><strong>Tempo de envio:<\/strong>\n<ul>\n<li>Por mar: 15-60 dias<\/li>\n<li>Por via a\u00e9rea: 4-9 dias<\/li>\n<li>Por correio expresso: 4-9 dias<\/li>\n<\/ul>\n<\/li>\n<li><strong>Prazo de entrega:<\/strong>\u00a07-15 dias \u00fateis ou conforme as suas necessidades<\/li>\n<li><strong>Embalagem:<\/strong>\u00a0Embalagem em cart\u00e3o ou personalizada dispon\u00edvel<\/li>\n<\/ul>\n<hr \/>\n<h3><strong>O nosso servi\u00e7o:<\/strong><\/h3>\n<ul>\n<li><strong>Servi\u00e7o profissional:<\/strong>\u00a0Experi\u00eancia no fabrico e exporta\u00e7\u00e3o de caixas de alta qualidade<\/li>\n<li><strong>Excel\u00eancia na produ\u00e7\u00e3o:<\/strong>\u00a0Aten\u00e7\u00e3o aos pormenores e qualidade de fabrico superior<\/li>\n<li><strong>Op\u00e7\u00f5es de pagamento flex\u00edveis:<\/strong>\u00a0T\/T, Western Union, e mais<\/li>\n<\/ul>\n<hr \/>\n<h3><strong>Sobre n\u00f3s:<\/strong><\/h3>\n<p>Com anos de experi\u00eancia, a SX construiu uma reputa\u00e7\u00e3o de\u00a0<strong>integridade, profissionalismo e excelentes pre\u00e7os<\/strong>. Os nossos produtos merecem a confian\u00e7a de clientes em todo o mundo, e continuamos empenhados em fornecer\u00a0<strong>qualidade, valor e satisfa\u00e7\u00e3o do cliente<\/strong>.<\/p>\n<hr \/>\n<h3><strong>Perguntas frequentes:<\/strong><\/h3>\n<p><strong>Q: \u00c9 uma empresa comercial ou fabricante?<\/strong><br \/>\nR: Somos uma\u00a0<strong>fabricante profissional<\/strong>\u00a0especializada em caixas de alta qualidade para equipamento \u00e1udio.<\/p>\n<p><strong>P: A mala \u00e9 fornecida com espuma extra para diferentes tamanhos de comandos?<\/strong><br \/>\nR: A mala inclui uma espuma amov\u00edvel por baixo da plataforma deslizante para fixar a misturadora durante o transporte. A espuma adicional pode ser personalizada mediante pedido.<\/p>\n<p><strong>P: \u00c9 f\u00e1cil remover a espuma para diferentes utiliza\u00e7\u00f5es?<\/strong><br \/>\nR: A espuma pode ser facilmente removida ou cortada para se adaptar a diferentes tamanhos de equipamento, oferecendo flexibilidade para v\u00e1rias utiliza\u00e7\u00f5es.<\/p>\n<p><strong>P: Posso encomendar a granel?<\/strong><br \/>\nR: Sim, podemos aceitar encomendas em grandes quantidades. Contacte-nos para obter informa\u00e7\u00f5es sobre pre\u00e7os e disponibilidade.<\/p>\n<hr \/>\n<h3><strong>Encomende hoje a sua mala r\u00edgida para misturadora!<\/strong><\/h3>\n<p>Pronto para proteger a sua mesa de mistura com as malas r\u00edgidas de qualidade superior da SX? Contacte-nos agora para conceber a sua solu\u00e7\u00e3o personalizada.<\/p>\n<p><strong>Obter acesso agora:<\/strong>\u00a0<a href=\"https:\/\/sxpowercase.com\/contact-us\/\" target=\"_blank\" rel=\"noopener noreferrer\">https:\/\/sxpowercase.com\/contact-us\/<\/a><\/p>\n<p>Hot Tags: Pre\u00e7o baixo, cabo de alimenta\u00e7\u00e3o e sinal, fio de 4 condutores de calibre 16, caixa de suporte de microfone, arm\u00e1rio de exibi\u00e7\u00e3o de LED ao ar livre, montagem em rack, caixa de distribui\u00e7\u00e3o el\u00e9trica, China, fornecedores, f\u00e1brica, personalizado, atacado, <span style=\"color: #993366;\"><a style=\"color: #993366;\" href=\"https:\/\/sxflightcase.com\/pt\/product-category\/all-product\/power-distribution-boxes\/\">caixas el\u00e9ctricas<\/a>,\u00a0<a style=\"color: #993366;\" href=\"https:\/\/sxflightcase.com\/pt\/product-category\/all-product\/hoist-controllers\/\">cabos el\u00e9ctricos<\/a>,\u00a0<a style=\"color: #993366;\" href=\"https:\/\/sxflightcase.com\/pt\/product-category\/all-product\/hoist-controllers\/\">controladores de guinchos<\/a>,\u00a0<a style=\"color: #993366;\" href=\"https:\/\/sxflightcase.com\/pt\/product-category\/all-product\/flight-case\/\">casos de voo.<\/a><\/span><\/p>","protected":false},"excerpt":{"rendered":"<h2 class=\"prodetails-name\">Estojo r\u00edgido para misturador<\/h2>\n<p>As nossas experi\u00eancias internas significam que compreendemos as expectativas dos nossos clientes em rela\u00e7\u00e3o \u00e0 mala, ao mesmo tempo que podemos oferecer v\u00e1rias op\u00e7\u00f5es de personaliza\u00e7\u00e3o para ajudar a facilitar o seu trabalho ao transportar o seu equipamento. A mala r\u00edgida Mixer \u00e9 uma das malas de voo mais populares do mercado devido \u00e0 sua versatilidade.<\/p>\n<h2><strong>Introdu\u00e7\u00e3o \u00e0 produ\u00e7\u00e3o<\/strong><\/h2>\n<p>Estojo r\u00edgido para misturador<\/p>\n<p>Fabricado com contraplacado laminado de vinil de 9 mm, perfis de alum\u00ednio robustos e fechos borboleta resistentes, proporciona um transporte seguro e uma esta\u00e7\u00e3o de trabalho num s\u00f3. Gra\u00e7as \u00e0 plataforma deslizante integrada para computador port\u00e1til e \u00e0 pr\u00e1tica porta de acesso aos cabos, a configura\u00e7\u00e3o est\u00e1 pronta a funcionar num instante.<\/p>","protected":false},"featured_media":1108,"comment_status":"open","ping_status":"closed","template":"","meta":[],"product_brand":[],"product_cat":[41],"product_tag":[],"class_list":{"0":"post-1107","1":"product","2":"type-product","3":"status-publish","4":"has-post-thumbnail","6":"product_cat-equipment-cases","8":"first","9":"instock","10":"shipping-taxable","11":"product-type-simple"},"yoast_head":"<!-- This site is optimized with the Yoast SEO Premium plugin v27.1 (Yoast SEO v27.2) - https:\/\/yoast.com\/product\/yoast-seo-premium-wordpress\/ -->\n<title>Mixer Hard Case - https:\/\/sxflightcase.com \ud83d\udc97<\/title>\n<meta name=\"description\" content=\"Mixer Hard Case Factory: Specializing in direct sales and professional customization for premium equipment protection solutions.\" \/>\n<meta name=\"robots\" content=\"index, follow, max-snippet:-1, max-image-preview:large, max-video-preview:-1\" \/>\n<link rel=\"canonical\" href=\"https:\/\/sxflightcase.com\/pt\/san-pham\/mixer-hard-case\/\" \/>\n<meta property=\"og:locale\" content=\"pt_PT\" \/>\n<meta property=\"og:type\" content=\"article\" \/>\n<meta property=\"og:title\" content=\"Mixer Hard Case\" \/>\n<meta property=\"og:description\" content=\"Mixer Hard Case Factory: Specializing in direct sales and professional customization for premium equipment protection solutions.\" \/>\n<meta property=\"og:url\" content=\"https:\/\/sxflightcase.com\/pt\/san-pham\/mixer-hard-case\/\" \/>\n<meta property=\"og:site_name\" content=\"https:\/\/sxflightcase.com\" \/>\n<meta property=\"article:publisher\" content=\"https:\/\/www.facebook.com\/profile.php?id=61560407257971\" \/>\n<meta property=\"article:modified_time\" content=\"2025-02-20T08:04:50+00:00\" \/>\n<meta property=\"og:image\" content=\"https:\/\/sxflightcase.com\/wp-content\/uploads\/2024\/05\/mixer-hard-case55546902954.webp\" \/>\n\t<meta property=\"og:image:width\" content=\"700\" \/>\n\t<meta property=\"og:image:height\" content=\"700\" \/>\n\t<meta property=\"og:image:type\" content=\"image\/webp\" \/>\n<meta name=\"twitter:card\" content=\"summary_large_image\" \/>\n<meta name=\"twitter:label1\" content=\"Tempo estimado de leitura\" \/>\n\t<meta name=\"twitter:data1\" content=\"4 minutos\" \/>\n<script type=\"application\/ld+json\" class=\"yoast-schema-graph\">{\"@context\":\"https:\/\/schema.org\",\"@graph\":[{\"@type\":\"WebPage\",\"@id\":\"https:\/\/sxflightcase.com\/vi\/san-pham\/mixer-hard-case\/\",\"url\":\"https:\/\/sxflightcase.com\/vi\/san-pham\/mixer-hard-case\/\",\"name\":\"Mixer Hard Case - https:\/\/sxflightcase.com \ud83d\udc97\",\"isPartOf\":{\"@id\":\"https:\/\/sxflightcase.com\/th\/#website\"},\"primaryImageOfPage\":{\"@id\":\"https:\/\/sxflightcase.com\/vi\/san-pham\/mixer-hard-case\/#primaryimage\"},\"image\":{\"@id\":\"https:\/\/sxflightcase.com\/vi\/san-pham\/mixer-hard-case\/#primaryimage\"},\"thumbnailUrl\":\"https:\/\/sxflightcase.com\/wp-content\/uploads\/2024\/05\/mixer-hard-case55546902954.webp\",\"datePublished\":\"2024-05-07T05:46:14+00:00\",\"dateModified\":\"2025-02-20T08:04:50+00:00\",\"description\":\"Mixer Hard Case Factory: Specializing in direct sales and professional customization for premium equipment protection solutions.\",\"breadcrumb\":{\"@id\":\"https:\/\/sxflightcase.com\/vi\/san-pham\/mixer-hard-case\/#breadcrumb\"},\"inLanguage\":\"pt-PT\",\"potentialAction\":[{\"@type\":\"ReadAction\",\"target\":[\"https:\/\/sxflightcase.com\/vi\/san-pham\/mixer-hard-case\/\"]}]},{\"@type\":\"ImageObject\",\"inLanguage\":\"pt-PT\",\"@id\":\"https:\/\/sxflightcase.com\/vi\/san-pham\/mixer-hard-case\/#primaryimage\",\"url\":\"https:\/\/sxflightcase.com\/wp-content\/uploads\/2024\/05\/mixer-hard-case55546902954.webp\",\"contentUrl\":\"https:\/\/sxflightcase.com\/wp-content\/uploads\/2024\/05\/mixer-hard-case55546902954.webp\",\"width\":700,\"height\":700,\"caption\":\"Mixer Hard Case\"},{\"@type\":\"BreadcrumbList\",\"@id\":\"https:\/\/sxflightcase.com\/vi\/san-pham\/mixer-hard-case\/#breadcrumb\",\"itemListElement\":[{\"@type\":\"ListItem\",\"position\":1,\"name\":\"Home\",\"item\":\"https:\/\/sxflightcase.com\/\"},{\"@type\":\"ListItem\",\"position\":2,\"name\":\"\u0e2a\u0e34\u0e19\u0e04\u0e49\u0e32\",\"item\":\"https:\/\/sxflightcase.com\/th\/shop\/\"},{\"@type\":\"ListItem\",\"position\":3,\"name\":\"Mixer Hard Case\"}]},{\"@type\":\"WebSite\",\"@id\":\"https:\/\/sxflightcase.com\/th\/#website\",\"url\":\"https:\/\/sxflightcase.com\/th\/\",\"name\":\"sxpowercase.com\",\"description\":\"Flight Case Factory\",\"publisher\":{\"@id\":\"https:\/\/sxflightcase.com\/th\/#organization\"},\"potentialAction\":[{\"@type\":\"SearchAction\",\"target\":{\"@type\":\"EntryPoint\",\"urlTemplate\":\"https:\/\/sxflightcase.com\/th\/?s={search_term_string}\"},\"query-input\":{\"@type\":\"PropertyValueSpecification\",\"valueRequired\":true,\"valueName\":\"search_term_string\"}}],\"inLanguage\":\"pt-PT\"},{\"@type\":\"Organization\",\"@id\":\"https:\/\/sxflightcase.com\/th\/#organization\",\"name\":\"sxpowercase.com\",\"url\":\"https:\/\/sxflightcase.com\/th\/\",\"logo\":{\"@type\":\"ImageObject\",\"inLanguage\":\"pt-PT\",\"@id\":\"https:\/\/sxflightcase.com\/th\/#\/schema\/logo\/image\/\",\"url\":\"https:\/\/sxflightcase.com\/wp-content\/uploads\/2024\/04\/1713919036007.jpg\",\"contentUrl\":\"https:\/\/sxflightcase.com\/wp-content\/uploads\/2024\/04\/1713919036007.jpg\",\"width\":382,\"height\":388,\"caption\":\"sxpowercase.com\"},\"image\":{\"@id\":\"https:\/\/sxflightcase.com\/th\/#\/schema\/logo\/image\/\"},\"sameAs\":[\"https:\/\/www.facebook.com\/profile.php?id=61560407257971\"],\"numberOfEmployees\":{\"@type\":\"QuantitativeValue\",\"minValue\":\"11\",\"maxValue\":\"50\"}}]}<\/script>\n<!-- \/ Yoast SEO Premium plugin. -->","yoast_head_json":{"title":"Mixer Hard Case - https:\/\/sxflightcase.com \ud83d\udc97","description":"F\u00e1brica de malas r\u00edgidas para misturadores: Especializada em vendas diretas e personaliza\u00e7\u00e3o profissional para solu\u00e7\u00f5es de prote\u00e7\u00e3o de equipamento de primeira qualidade.","robots":{"index":"index","follow":"follow","max-snippet":"max-snippet:-1","max-image-preview":"max-image-preview:large","max-video-preview":"max-video-preview:-1"},"canonical":"https:\/\/sxflightcase.com\/pt\/san-pham\/mixer-hard-case\/","og_locale":"pt_PT","og_type":"article","og_title":"Mixer Hard Case","og_description":"Mixer Hard Case Factory: Specializing in direct sales and professional customization for premium equipment protection solutions.","og_url":"https:\/\/sxflightcase.com\/pt\/san-pham\/mixer-hard-case\/","og_site_name":"https:\/\/sxflightcase.com","article_publisher":"https:\/\/www.facebook.com\/profile.php?id=61560407257971","article_modified_time":"2025-02-20T08:04:50+00:00","og_image":[{"width":700,"height":700,"url":"https:\/\/sxflightcase.com\/wp-content\/uploads\/2024\/05\/mixer-hard-case55546902954.webp","type":"image\/webp"}],"twitter_card":"summary_large_image","twitter_misc":{"Tempo estimado de leitura":"4 minutos"},"schema":{"@context":"https:\/\/schema.org","@graph":[{"@type":"WebPage","@id":"https:\/\/sxflightcase.com\/vi\/san-pham\/mixer-hard-case\/","url":"https:\/\/sxflightcase.com\/vi\/san-pham\/mixer-hard-case\/","name":"Mixer Hard Case - https:\/\/sxflightcase.com \ud83d\udc97","isPartOf":{"@id":"https:\/\/sxflightcase.com\/th\/#website"},"primaryImageOfPage":{"@id":"https:\/\/sxflightcase.com\/vi\/san-pham\/mixer-hard-case\/#primaryimage"},"image":{"@id":"https:\/\/sxflightcase.com\/vi\/san-pham\/mixer-hard-case\/#primaryimage"},"thumbnailUrl":"https:\/\/sxflightcase.com\/wp-content\/uploads\/2024\/05\/mixer-hard-case55546902954.webp","datePublished":"2024-05-07T05:46:14+00:00","dateModified":"2025-02-20T08:04:50+00:00","description":"F\u00e1brica de malas r\u00edgidas para misturadores: Especializada em vendas diretas e personaliza\u00e7\u00e3o profissional para solu\u00e7\u00f5es de prote\u00e7\u00e3o de equipamento de primeira qualidade.","breadcrumb":{"@id":"https:\/\/sxflightcase.com\/vi\/san-pham\/mixer-hard-case\/#breadcrumb"},"inLanguage":"pt-PT","potentialAction":[{"@type":"ReadAction","target":["https:\/\/sxflightcase.com\/vi\/san-pham\/mixer-hard-case\/"]}]},{"@type":"ImageObject","inLanguage":"pt-PT","@id":"https:\/\/sxflightcase.com\/vi\/san-pham\/mixer-hard-case\/#primaryimage","url":"https:\/\/sxflightcase.com\/wp-content\/uploads\/2024\/05\/mixer-hard-case55546902954.webp","contentUrl":"https:\/\/sxflightcase.com\/wp-content\/uploads\/2024\/05\/mixer-hard-case55546902954.webp","width":700,"height":700,"caption":"Mixer Hard Case"},{"@type":"BreadcrumbList","@id":"https:\/\/sxflightcase.com\/vi\/san-pham\/mixer-hard-case\/#breadcrumb","itemListElement":[{"@type":"ListItem","position":1,"name":"Home","item":"https:\/\/sxflightcase.com\/"},{"@type":"ListItem","position":2,"name":"\u0e2a\u0e34\u0e19\u0e04\u0e49\u0e32","item":"https:\/\/sxflightcase.com\/th\/shop\/"},{"@type":"ListItem","position":3,"name":"Mixer Hard Case"}]},{"@type":"WebSite","@id":"https:\/\/sxflightcase.com\/th\/#website","url":"https:\/\/sxflightcase.com\/th\/","name":"sxpowercase.com","description":"F\u00e1brica de malas de voo","publisher":{"@id":"https:\/\/sxflightcase.com\/th\/#organization"},"potentialAction":[{"@type":"SearchAction","target":{"@type":"EntryPoint","urlTemplate":"https:\/\/sxflightcase.com\/th\/?s={search_term_string}"},"query-input":{"@type":"PropertyValueSpecification","valueRequired":true,"valueName":"search_term_string"}}],"inLanguage":"pt-PT"},{"@type":"Organization","@id":"https:\/\/sxflightcase.com\/th\/#organization","name":"sxpowercase.com","url":"https:\/\/sxflightcase.com\/th\/","logo":{"@type":"ImageObject","inLanguage":"pt-PT","@id":"https:\/\/sxflightcase.com\/th\/#\/schema\/logo\/image\/","url":"https:\/\/sxflightcase.com\/wp-content\/uploads\/2024\/04\/1713919036007.jpg","contentUrl":"https:\/\/sxflightcase.com\/wp-content\/uploads\/2024\/04\/1713919036007.jpg","width":382,"height":388,"caption":"sxpowercase.com"},"image":{"@id":"https:\/\/sxflightcase.com\/th\/#\/schema\/logo\/image\/"},"sameAs":["https:\/\/www.facebook.com\/profile.php?id=61560407257971"],"numberOfEmployees":{"@type":"QuantitativeValue","minValue":"11","maxValue":"50"}}]}},"_links":{"self":[{"href":"https:\/\/sxflightcase.com\/pt\/wp-json\/wp\/v2\/product\/1107","targetHints":{"allow":["GET"]}}],"collection":[{"href":"https:\/\/sxflightcase.com\/pt\/wp-json\/wp\/v2\/product"}],"about":[{"href":"https:\/\/sxflightcase.com\/pt\/wp-json\/wp\/v2\/types\/product"}],"replies":[{"embeddable":true,"href":"https:\/\/sxflightcase.com\/pt\/wp-json\/wp\/v2\/comments?post=1107"}],"version-history":[{"count":0,"href":"https:\/\/sxflightcase.com\/pt\/wp-json\/wp\/v2\/product\/1107\/revisions"}],"wp:featuredmedia":[{"embeddable":true,"href":"https:\/\/sxflightcase.com\/pt\/wp-json\/wp\/v2\/media\/1108"}],"wp:attachment":[{"href":"https:\/\/sxflightcase.com\/pt\/wp-json\/wp\/v2\/media?parent=1107"}],"wp:term":[{"taxonomy":"product_brand","embeddable":true,"href":"https:\/\/sxflightcase.com\/pt\/wp-json\/wp\/v2\/product_brand?post=1107"},{"taxonomy":"product_cat","embeddable":true,"href":"https:\/\/sxflightcase.com\/pt\/wp-json\/wp\/v2\/product_cat?post=1107"},{"taxonomy":"product_tag","embeddable":true,"href":"https:\/\/sxflightcase.com\/pt\/wp-json\/wp\/v2\/product_tag?post=1107"}],"curies":[{"name":"wp","href":"https:\/\/api.w.org\/{rel}","templated":true}]}}