{"id":1592,"date":"2024-05-10T02:03:41","date_gmt":"2024-05-10T01:03:41","guid":{"rendered":"https:\/\/sxpowercase.com\/?post_type=product&#038;p=1592"},"modified":"2024-10-18T09:33:09","modified_gmt":"2024-10-18T08:33:09","slug":"rack-mount-case","status":"publish","type":"product","link":"https:\/\/sxflightcase.com\/pt\/produto\/caixa-para-montagem-em-bastidor\/","title":{"rendered":"Personalizar a caixa para montagem em rack"},"content":{"rendered":"<p><strong>Par\u00e2metro do produto (especifica\u00e7\u00e3o)<\/strong><\/p>\n<section class=\"table-wrap\">\n<table class=\"table\" width=\"100%\" cellspacing=\"0\" cellpadding=\"0\">\n<tbody>\n<tr class=\"firstRow\">\n<td width=\"134\">Nome do produto:<\/td>\n<td width=\"503\">Caixa de montagem em bastidor<\/td>\n<\/tr>\n<tr>\n<td width=\"134\">Dimens\u00e3o<\/td>\n<td width=\"503\">Com base em pedidos personalizados<\/td>\n<\/tr>\n<tr>\n<td width=\"134\">Cor<\/td>\n<td width=\"503\">Prata \/preto \/vermelho \/azul, etc.<\/td>\n<\/tr>\n<tr>\n<td width=\"134\">Materiais<\/td>\n<td width=\"503\">Painel de alum\u00ednio + MDF<\/td>\n<\/tr>\n<tr>\n<td width=\"134\">Log\u00f3tipo<\/td>\n<td width=\"503\">Dispon\u00edvel para log\u00f3tipo serigr\u00e1fico \/ log\u00f3tipo em relevo \/ log\u00f3tipo a laser<\/td>\n<\/tr>\n<tr>\n<td width=\"134\">Condi\u00e7\u00f5es de pre\u00e7o<\/td>\n<td width=\"503\">Ex-work \/ FOB \/ CIF \/ DDU<\/td>\n<\/tr>\n<\/tbody>\n<\/table>\n<\/section>\n<h3>Eleve a sua configura\u00e7\u00e3o com a caixa de montagem em bastidor SX<\/h3>\n<h4>Proteja o seu equipamento com a caixa de montagem em bastidor SX<\/h4>\n<p>O <a title=\"SX\" href=\"https:\/\/sxpowercase.com\/\" target=\"_blank\" rel=\"noopener\" data-wpil-monitor-id=\"500\">SX<\/a> A mala de montagem em bastidor \u00e9 a solu\u00e7\u00e3o ideal para proteger e organizar o seu valioso equipamento. Quer esteja a montar servidores, equipamento \u00e1udio ou outros componentes electr\u00f3nicos, esta mala oferece uma prote\u00e7\u00e3o robusta contra choques, vibra\u00e7\u00f5es e outros riscos de transporte. A SX garante que o seu equipamento se mant\u00e9m seguro e operacional onde quer que o seu trabalho o leve.<\/p>\n<h4>Diretamente da f\u00e1brica para si<\/h4>\n<p>Na SX, eliminamos os intermedi\u00e1rios para lhe oferecer uma qualidade excecional diretamente da nossa f\u00e1brica. Esta abordagem de venda direta n\u00e3o s\u00f3 assegura a acessibilidade dos pre\u00e7os, como tamb\u00e9m garante que est\u00e1 a receber o mais elevado padr\u00e3o de qualidade artesanal. A nossa caixa para montagem em bastidor foi concebida para suportar as exig\u00eancias da utiliza\u00e7\u00e3o profissional, tornando-a a escolha perfeita para qualquer configura\u00e7\u00e3o que exija uma prote\u00e7\u00e3o fi\u00e1vel do equipamento.<\/p>\n<h4>Solu\u00e7\u00f5es personalizadas para as suas necessidades<\/h4>\n<p>Cada configura\u00e7\u00e3o \u00e9 \u00fanica, assim como as nossas solu\u00e7\u00f5es. A mala de montagem em bastidor SX pode ser personalizada para se adaptar aos seus requisitos espec\u00edficos, quer necessite de dimens\u00f5es especiais, carater\u00edsticas adicionais ou configura\u00e7\u00f5es \u00fanicas. As nossas op\u00e7\u00f5es de personaliza\u00e7\u00e3o asseguram que o seu equipamento se encaixa de forma confort\u00e1vel e segura, maximizando a prote\u00e7\u00e3o e a efici\u00eancia.<\/p>\n<hr \/>\n<h4>Porqu\u00ea escolher a caixa de montagem em bastidor SX?<\/h4>\n<p>Escolher a SX significa escolher fiabilidade, durabilidade e valor. As nossas caixas de montagem em bastidor foram concebidas para suportar os rigores da utiliza\u00e7\u00e3o e transporte frequentes, garantindo que o seu equipamento permanece seguro e operacional. Com vendas diretas da nossa f\u00e1brica, obt\u00e9m o melhor pre\u00e7o sem comprometer a qualidade.<\/p>\n<hr \/>\n<h4>Proteja o seu investimento com SX<\/h4>\n<p>Invista nas malas de montagem em bastidor SX e garanta que o seu equipamento est\u00e1 protegido onde quer que v\u00e1. O nosso compromisso com a qualidade e a satisfa\u00e7\u00e3o do cliente significa que pode confiar na SX para todas as suas necessidades de prote\u00e7\u00e3o do equipamento. Contacte-nos hoje para saber mais sobre as nossas malas de montagem em bastidor e como podem melhorar a sua configura\u00e7\u00e3o.<\/p>\n<p><strong>FAQ<\/strong><\/p>\n<p>P: Qual \u00e9 o prazo de entrega?<\/p>\n<p>R: O prazo de entrega geral \u00e9 de 15-20 dias ap\u00f3s a rece\u00e7\u00e3o da confirma\u00e7\u00e3o da encomenda. Se tivermos a mercadoria em stock, o prazo de entrega \u00e9 de 1 a 2 dias.<\/p>\n<p>Q: Podem fazer OEM e ODM?<\/p>\n<p>R: Sim, OEM e ODM s\u00e3o ambos aceit\u00e1veis. O material, a cor, o estilo podem ser personalizados, a quantidade b\u00e1sica que aconselharemos depois de discutirmos.<\/p>\n<p>P: Podemos utilizar o nosso pr\u00f3prio log\u00f3tipo?<\/p>\n<p>R: Sim, podemos imprimir o seu log\u00f3tipo privado de acordo com o seu pedido.<\/p>\n<p>Hot Tags: Pre\u00e7o baixo, em estoque, amostra gr\u00e1tis, cabo de alimenta\u00e7\u00e3o e sinal, fio de 4 condutores de calibre 16, caixa de suporte de microfone, gabinete de exibi\u00e7\u00e3o de led ao ar livre, montagem em rack, caixas de v\u00f4o de misturador de montagem em rack de 19 \", caixa de distribui\u00e7\u00e3o el\u00e9trica, China, fornecedores, f\u00e1brica, personalizado, atacado, <span style=\"color: #993366;\"><a style=\"color: #993366;\" href=\"https:\/\/sxflightcase.com\/pt\/product-category\/all-product\/power-distribution-boxes\/\">caixas el\u00e9ctricas<\/a>,\u00a0<a style=\"color: #993366;\" href=\"https:\/\/sxflightcase.com\/pt\/product-category\/all-product\/hoist-controllers\/\">cabos el\u00e9ctricos<\/a>,\u00a0<a style=\"color: #993366;\" href=\"https:\/\/sxflightcase.com\/pt\/product-category\/all-product\/hoist-controllers\/\">controladores de guinchos<\/a>,\u00a0<a style=\"color: #993366;\" href=\"https:\/\/sxflightcase.com\/pt\/product-category\/all-product\/flight-case\/\">casos de voo.<\/a><\/span><\/p>","protected":false},"excerpt":{"rendered":"<h2 class=\"prodetails-name\">Caixa para montagem em bastidor<\/h2>\n<p>Fornecemos caixas de montagem em bastidor com rodas para oferecer uma prote\u00e7\u00e3o fi\u00e1vel para engrenagens e equipamentos caros durante a utiliza\u00e7\u00e3o, embalagem, armazenamento e transporte. Dedicamo-nos a <a>=\"wpil_keyword_link\" title=\"flight case\" href=\"https:\/\/sxpowercase.com\/product-category\/all-product\/flight-case\/\" target=\"_blank\" rel=\"noopener\" data-wpil-keyword-link=\"linked\" data-wpil-monitor-id=\"388\u2033&gt;flight case<\/a> h\u00e1 muitos anos, cobrindo a maior parte do mercado americano e asi\u00e1tico. Esperamos ser o seu parceiro de longa data na China.<\/p>\n<h2><strong>Introdu\u00e7\u00e3o \u00e0 produ\u00e7\u00e3o<\/strong><\/h2>\n<p>Constru\u00e7\u00e3o resistente<\/p>\n<p>Sec\u00e7\u00e3o central com 500 mm de profundidade<\/p>\n<p>Fechos e puxadores embutidos<\/p>\n<p>Rodas HD (2 com trav\u00e3o)<\/p>\n<p>Faixa de cremalheira &agrave; frente e atr&aacute;s&lt;\/p&gt;<\/p>","protected":false},"featured_media":1595,"comment_status":"open","ping_status":"closed","template":"","meta":[],"product_brand":[],"product_cat":[35],"product_tag":[54],"class_list":{"0":"post-1592","1":"product","2":"type-product","3":"status-publish","4":"has-post-thumbnail","6":"product_cat-standard-rack-cases","7":"product_tag-customize","9":"first","10":"instock","11":"shipping-taxable","12":"product-type-simple"},"yoast_head":"<!-- This site is optimized with the Yoast SEO Premium plugin v27.1 (Yoast SEO v27.2) - https:\/\/yoast.com\/product\/yoast-seo-premium-wordpress\/ -->\n<title>Customize Rack Mount Case - https:\/\/sxflightcase.com \ud83d\udc97<\/title>\n<meta name=\"description\" content=\"Rack mount Case: Explore our factory-direct options for professional customization, ensuring your equipment stays protected and organized.&quot;\" \/>\n<meta name=\"robots\" content=\"index, follow, max-snippet:-1, max-image-preview:large, max-video-preview:-1\" \/>\n<link rel=\"canonical\" href=\"https:\/\/sxflightcase.com\/pt\/\u7522\u54c1\/\u6a5f\u67b6\u5b89\u88dd\u7bb1\/\" \/>\n<meta property=\"og:locale\" content=\"pt_PT\" \/>\n<meta property=\"og:type\" content=\"article\" \/>\n<meta property=\"og:title\" content=\"Customize Rack Mount Case\" \/>\n<meta property=\"og:description\" content=\"Rack mount Case: Explore our factory-direct options for professional customization, ensuring your equipment stays protected and organized.&quot;\" \/>\n<meta property=\"og:url\" content=\"https:\/\/sxflightcase.com\/pt\/\u7522\u54c1\/\u6a5f\u67b6\u5b89\u88dd\u7bb1\/\" \/>\n<meta property=\"og:site_name\" content=\"https:\/\/sxflightcase.com\" \/>\n<meta property=\"article:publisher\" content=\"https:\/\/www.facebook.com\/profile.php?id=61560407257971\" \/>\n<meta property=\"article:modified_time\" content=\"2024-10-18T08:33:09+00:00\" \/>\n<meta property=\"og:image\" content=\"https:\/\/sxflightcase.com\/wp-content\/uploads\/2024\/05\/rackmount-case12286554388.webp\" \/>\n\t<meta property=\"og:image:width\" content=\"700\" \/>\n\t<meta property=\"og:image:height\" content=\"700\" \/>\n\t<meta property=\"og:image:type\" content=\"image\/webp\" \/>\n<meta name=\"twitter:card\" content=\"summary_large_image\" \/>\n<meta name=\"twitter:label1\" content=\"Tempo estimado de leitura\" \/>\n\t<meta name=\"twitter:data1\" content=\"3 minutos\" \/>\n<script type=\"application\/ld+json\" class=\"yoast-schema-graph\">{\"@context\":\"https:\/\/schema.org\",\"@graph\":[{\"@type\":\"WebPage\",\"@id\":\"https:\/\/sxflightcase.com\/zh_hk\/\u7522\u54c1\/\u6a5f\u67b6\u5b89\u88dd\u7bb1\/\",\"url\":\"https:\/\/sxflightcase.com\/zh_hk\/\u7522\u54c1\/\u6a5f\u67b6\u5b89\u88dd\u7bb1\/\",\"name\":\"Customize Rack Mount Case - https:\/\/sxflightcase.com \ud83d\udc97\",\"isPartOf\":{\"@id\":\"https:\/\/sxflightcase.com\/th\/#website\"},\"primaryImageOfPage\":{\"@id\":\"https:\/\/sxflightcase.com\/zh_hk\/\u7522\u54c1\/\u6a5f\u67b6\u5b89\u88dd\u7bb1\/#primaryimage\"},\"image\":{\"@id\":\"https:\/\/sxflightcase.com\/zh_hk\/\u7522\u54c1\/\u6a5f\u67b6\u5b89\u88dd\u7bb1\/#primaryimage\"},\"thumbnailUrl\":\"https:\/\/sxflightcase.com\/wp-content\/uploads\/2024\/05\/rackmount-case12286554388.webp\",\"datePublished\":\"2024-05-10T01:03:41+00:00\",\"dateModified\":\"2024-10-18T08:33:09+00:00\",\"description\":\"Rack mount Case: Explore our factory-direct options for professional customization, ensuring your equipment stays protected and organized.\\\"\",\"breadcrumb\":{\"@id\":\"https:\/\/sxflightcase.com\/zh_hk\/\u7522\u54c1\/\u6a5f\u67b6\u5b89\u88dd\u7bb1\/#breadcrumb\"},\"inLanguage\":\"pt-PT\",\"potentialAction\":[{\"@type\":\"ReadAction\",\"target\":[\"https:\/\/sxflightcase.com\/zh_hk\/\u7522\u54c1\/\u6a5f\u67b6\u5b89\u88dd\u7bb1\/\"]}]},{\"@type\":\"ImageObject\",\"inLanguage\":\"pt-PT\",\"@id\":\"https:\/\/sxflightcase.com\/zh_hk\/\u7522\u54c1\/\u6a5f\u67b6\u5b89\u88dd\u7bb1\/#primaryimage\",\"url\":\"https:\/\/sxflightcase.com\/wp-content\/uploads\/2024\/05\/rackmount-case12286554388.webp\",\"contentUrl\":\"https:\/\/sxflightcase.com\/wp-content\/uploads\/2024\/05\/rackmount-case12286554388.webp\",\"width\":700,\"height\":700,\"caption\":\"Rackmount Case\"},{\"@type\":\"BreadcrumbList\",\"@id\":\"https:\/\/sxflightcase.com\/zh_hk\/\u7522\u54c1\/\u6a5f\u67b6\u5b89\u88dd\u7bb1\/#breadcrumb\",\"itemListElement\":[{\"@type\":\"ListItem\",\"position\":1,\"name\":\"Home\",\"item\":\"https:\/\/sxflightcase.com\/\"},{\"@type\":\"ListItem\",\"position\":2,\"name\":\"\u0e2a\u0e34\u0e19\u0e04\u0e49\u0e32\",\"item\":\"https:\/\/sxflightcase.com\/th\/shop\/\"},{\"@type\":\"ListItem\",\"position\":3,\"name\":\"Customize Rack Mount Case\"}]},{\"@type\":\"WebSite\",\"@id\":\"https:\/\/sxflightcase.com\/th\/#website\",\"url\":\"https:\/\/sxflightcase.com\/th\/\",\"name\":\"sxpowercase.com\",\"description\":\"Flight Case Factory\",\"publisher\":{\"@id\":\"https:\/\/sxflightcase.com\/th\/#organization\"},\"potentialAction\":[{\"@type\":\"SearchAction\",\"target\":{\"@type\":\"EntryPoint\",\"urlTemplate\":\"https:\/\/sxflightcase.com\/th\/?s={search_term_string}\"},\"query-input\":{\"@type\":\"PropertyValueSpecification\",\"valueRequired\":true,\"valueName\":\"search_term_string\"}}],\"inLanguage\":\"pt-PT\"},{\"@type\":\"Organization\",\"@id\":\"https:\/\/sxflightcase.com\/th\/#organization\",\"name\":\"sxpowercase.com\",\"url\":\"https:\/\/sxflightcase.com\/th\/\",\"logo\":{\"@type\":\"ImageObject\",\"inLanguage\":\"pt-PT\",\"@id\":\"https:\/\/sxflightcase.com\/th\/#\/schema\/logo\/image\/\",\"url\":\"https:\/\/sxflightcase.com\/wp-content\/uploads\/2024\/04\/1713919036007.jpg\",\"contentUrl\":\"https:\/\/sxflightcase.com\/wp-content\/uploads\/2024\/04\/1713919036007.jpg\",\"width\":382,\"height\":388,\"caption\":\"sxpowercase.com\"},\"image\":{\"@id\":\"https:\/\/sxflightcase.com\/th\/#\/schema\/logo\/image\/\"},\"sameAs\":[\"https:\/\/www.facebook.com\/profile.php?id=61560407257971\"],\"numberOfEmployees\":{\"@type\":\"QuantitativeValue\",\"minValue\":\"11\",\"maxValue\":\"50\"}}]}<\/script>\n<!-- \/ Yoast SEO Premium plugin. -->","yoast_head_json":{"title":"Customize Rack Mount Case - https:\/\/sxflightcase.com \ud83d\udc97","description":"Caixa para montagem em bastidor: Explore as nossas op\u00e7\u00f5es diretas da f\u00e1brica para personaliza\u00e7\u00e3o profissional, assegurando que o seu equipamento se mant\u00e9m protegido e organizado.\"","robots":{"index":"index","follow":"follow","max-snippet":"max-snippet:-1","max-image-preview":"max-image-preview:large","max-video-preview":"max-video-preview:-1"},"canonical":"https:\/\/sxflightcase.com\/pt\/\u7522\u54c1\/\u6a5f\u67b6\u5b89\u88dd\u7bb1\/","og_locale":"pt_PT","og_type":"article","og_title":"Customize Rack Mount Case","og_description":"Rack mount Case: Explore our factory-direct options for professional customization, ensuring your equipment stays protected and organized.\"","og_url":"https:\/\/sxflightcase.com\/pt\/\u7522\u54c1\/\u6a5f\u67b6\u5b89\u88dd\u7bb1\/","og_site_name":"https:\/\/sxflightcase.com","article_publisher":"https:\/\/www.facebook.com\/profile.php?id=61560407257971","article_modified_time":"2024-10-18T08:33:09+00:00","og_image":[{"width":700,"height":700,"url":"https:\/\/sxflightcase.com\/wp-content\/uploads\/2024\/05\/rackmount-case12286554388.webp","type":"image\/webp"}],"twitter_card":"summary_large_image","twitter_misc":{"Tempo estimado de leitura":"3 minutos"},"schema":{"@context":"https:\/\/schema.org","@graph":[{"@type":"WebPage","@id":"https:\/\/sxflightcase.com\/zh_hk\/\u7522\u54c1\/\u6a5f\u67b6\u5b89\u88dd\u7bb1\/","url":"https:\/\/sxflightcase.com\/zh_hk\/\u7522\u54c1\/\u6a5f\u67b6\u5b89\u88dd\u7bb1\/","name":"Customize Rack Mount Case - https:\/\/sxflightcase.com \ud83d\udc97","isPartOf":{"@id":"https:\/\/sxflightcase.com\/th\/#website"},"primaryImageOfPage":{"@id":"https:\/\/sxflightcase.com\/zh_hk\/\u7522\u54c1\/\u6a5f\u67b6\u5b89\u88dd\u7bb1\/#primaryimage"},"image":{"@id":"https:\/\/sxflightcase.com\/zh_hk\/\u7522\u54c1\/\u6a5f\u67b6\u5b89\u88dd\u7bb1\/#primaryimage"},"thumbnailUrl":"https:\/\/sxflightcase.com\/wp-content\/uploads\/2024\/05\/rackmount-case12286554388.webp","datePublished":"2024-05-10T01:03:41+00:00","dateModified":"2024-10-18T08:33:09+00:00","description":"Caixa para montagem em bastidor: Explore as nossas op\u00e7\u00f5es diretas da f\u00e1brica para personaliza\u00e7\u00e3o profissional, assegurando que o seu equipamento se mant\u00e9m protegido e organizado.\"","breadcrumb":{"@id":"https:\/\/sxflightcase.com\/zh_hk\/\u7522\u54c1\/\u6a5f\u67b6\u5b89\u88dd\u7bb1\/#breadcrumb"},"inLanguage":"pt-PT","potentialAction":[{"@type":"ReadAction","target":["https:\/\/sxflightcase.com\/zh_hk\/\u7522\u54c1\/\u6a5f\u67b6\u5b89\u88dd\u7bb1\/"]}]},{"@type":"ImageObject","inLanguage":"pt-PT","@id":"https:\/\/sxflightcase.com\/zh_hk\/\u7522\u54c1\/\u6a5f\u67b6\u5b89\u88dd\u7bb1\/#primaryimage","url":"https:\/\/sxflightcase.com\/wp-content\/uploads\/2024\/05\/rackmount-case12286554388.webp","contentUrl":"https:\/\/sxflightcase.com\/wp-content\/uploads\/2024\/05\/rackmount-case12286554388.webp","width":700,"height":700,"caption":"Rackmount Case"},{"@type":"BreadcrumbList","@id":"https:\/\/sxflightcase.com\/zh_hk\/\u7522\u54c1\/\u6a5f\u67b6\u5b89\u88dd\u7bb1\/#breadcrumb","itemListElement":[{"@type":"ListItem","position":1,"name":"Home","item":"https:\/\/sxflightcase.com\/"},{"@type":"ListItem","position":2,"name":"\u0e2a\u0e34\u0e19\u0e04\u0e49\u0e32","item":"https:\/\/sxflightcase.com\/th\/shop\/"},{"@type":"ListItem","position":3,"name":"Customize Rack Mount Case"}]},{"@type":"WebSite","@id":"https:\/\/sxflightcase.com\/th\/#website","url":"https:\/\/sxflightcase.com\/th\/","name":"sxpowercase.com","description":"F\u00e1brica de malas de voo","publisher":{"@id":"https:\/\/sxflightcase.com\/th\/#organization"},"potentialAction":[{"@type":"SearchAction","target":{"@type":"EntryPoint","urlTemplate":"https:\/\/sxflightcase.com\/th\/?s={search_term_string}"},"query-input":{"@type":"PropertyValueSpecification","valueRequired":true,"valueName":"search_term_string"}}],"inLanguage":"pt-PT"},{"@type":"Organization","@id":"https:\/\/sxflightcase.com\/th\/#organization","name":"sxpowercase.com","url":"https:\/\/sxflightcase.com\/th\/","logo":{"@type":"ImageObject","inLanguage":"pt-PT","@id":"https:\/\/sxflightcase.com\/th\/#\/schema\/logo\/image\/","url":"https:\/\/sxflightcase.com\/wp-content\/uploads\/2024\/04\/1713919036007.jpg","contentUrl":"https:\/\/sxflightcase.com\/wp-content\/uploads\/2024\/04\/1713919036007.jpg","width":382,"height":388,"caption":"sxpowercase.com"},"image":{"@id":"https:\/\/sxflightcase.com\/th\/#\/schema\/logo\/image\/"},"sameAs":["https:\/\/www.facebook.com\/profile.php?id=61560407257971"],"numberOfEmployees":{"@type":"QuantitativeValue","minValue":"11","maxValue":"50"}}]}},"_links":{"self":[{"href":"https:\/\/sxflightcase.com\/pt\/wp-json\/wp\/v2\/product\/1592","targetHints":{"allow":["GET"]}}],"collection":[{"href":"https:\/\/sxflightcase.com\/pt\/wp-json\/wp\/v2\/product"}],"about":[{"href":"https:\/\/sxflightcase.com\/pt\/wp-json\/wp\/v2\/types\/product"}],"replies":[{"embeddable":true,"href":"https:\/\/sxflightcase.com\/pt\/wp-json\/wp\/v2\/comments?post=1592"}],"version-history":[{"count":0,"href":"https:\/\/sxflightcase.com\/pt\/wp-json\/wp\/v2\/product\/1592\/revisions"}],"wp:featuredmedia":[{"embeddable":true,"href":"https:\/\/sxflightcase.com\/pt\/wp-json\/wp\/v2\/media\/1595"}],"wp:attachment":[{"href":"https:\/\/sxflightcase.com\/pt\/wp-json\/wp\/v2\/media?parent=1592"}],"wp:term":[{"taxonomy":"product_brand","embeddable":true,"href":"https:\/\/sxflightcase.com\/pt\/wp-json\/wp\/v2\/product_brand?post=1592"},{"taxonomy":"product_cat","embeddable":true,"href":"https:\/\/sxflightcase.com\/pt\/wp-json\/wp\/v2\/product_cat?post=1592"},{"taxonomy":"product_tag","embeddable":true,"href":"https:\/\/sxflightcase.com\/pt\/wp-json\/wp\/v2\/product_tag?post=1592"}],"curies":[{"name":"wp","href":"https:\/\/api.w.org\/{rel}","templated":true}]}}