{"id":1602,"date":"2024-05-10T02:17:12","date_gmt":"2024-05-10T01:17:12","guid":{"rendered":"https:\/\/sxpowercase.com\/?post_type=product&#038;p=1602"},"modified":"2024-06-27T08:15:23","modified_gmt":"2024-06-27T07:15:23","slug":"19-inch-rack-2","status":"publish","type":"product","link":"https:\/\/sxflightcase.com\/pt\/produto\/rack-de-19-polegadas-2\/","title":{"rendered":"Rack de 19 polegadas MP"},"content":{"rendered":"<h3><strong>Introdu\u00e7\u00e3o \u00e0 produ\u00e7\u00e3o<\/strong><\/h3>\n<p>A dimens\u00e3o da largura interior da estante de 19 polegadas \u00e9 de 19\" standard. A profundidade da estante (at\u00e9 \u00e0 tampa traseira) da estante \u00e9 de 20,25\". Profundidade da tampa: 3,75\", 4 pegas com mola, 8 fechos de tor\u00e7\u00e3o embutidos com inser\u00e7\u00f5es para cadeado. A s\u00e9rie Shengxiang de caixas para rack tamb\u00e9m est\u00e1 dispon\u00edvel em caixas para rack de 2U, 4U, 6U, 8U, 10U, 12U, 14U e 16U.<\/p>\n<h3><strong>Par\u00e2metro do produto (especifica\u00e7\u00e3o)<\/strong><\/h3>\n<section class=\"table-wrap\">\n<table class=\"table\" width=\"100%\" cellspacing=\"0\" cellpadding=\"0\">\n<tbody>\n<tr class=\"firstRow\">\n<td width=\"134\">Nome do produto<\/td>\n<td width=\"504\">Rack de 19 polegadas<\/td>\n<\/tr>\n<tr>\n<td width=\"134\">Materiais<\/td>\n<td width=\"504\">Constru\u00e7\u00e3o em contraplacado laminado de 9 mm, com ferragens de qualidade comercial, pegas e fechos resistentes e cantos esf\u00e9ricos<br \/>\nPega de reboque embutida com mola<br \/>\nEstofo interior em espuma EVA para tornar a mala \u00e0 prova de choque<\/td>\n<\/tr>\n<tr>\n<td width=\"134\">Cor<\/td>\n<td width=\"504\">Preto, azul, vermelho ou personalizado<\/td>\n<\/tr>\n<tr>\n<td width=\"134\">Utiliza\u00e7\u00e3o<\/td>\n<td width=\"504\">Proteger o armazenamento de transporte<\/td>\n<\/tr>\n<\/tbody>\n<\/table>\n<\/section>\n<h3>Organize o seu equipamento com as solu\u00e7\u00f5es de rack SX de 19 polegadas<\/h3>\n<h4>Estante SX de 19 polegadas: Organize o seu espa\u00e7o de trabalho de forma eficiente<\/h4>\n<p>O <a href=\"https:\/\/sxpowercase.com\/\" target=\"_blank\"  rel=\"noopener\" title=\"SX\"  data-wpil-monitor-id=\"502\">SX<\/a> A rack de 19 polegadas foi concebida para otimizar o seu espa\u00e7o de trabalho, fornecendo uma solu\u00e7\u00e3o vers\u00e1til e fi\u00e1vel para montar e organizar o seu equipamento. Quer esteja a gerir servidores, equipamento \u00e1udio ou equipamento de rede, as nossas estantes garantem um acesso f\u00e1cil e uma utiliza\u00e7\u00e3o eficiente do espa\u00e7o.<\/p>\n<h4>Qualidade direta da f\u00e1brica<\/h4>\n<p>Na SX, damos prioridade \u00e0 qualidade e \u00e0 acessibilidade, oferecendo a nossa estante de 19 polegadas diretamente da nossa f\u00e1brica. Ao eliminar os intermedi\u00e1rios, mantemos o controlo sobre os padr\u00f5es e custos de produ\u00e7\u00e3o, garantindo que recebe um produto de alta qualidade a um pre\u00e7o competitivo.<\/p>\n<h4>Adaptado \u00e0s suas necessidades<\/h4>\n<p>Compreendemos que cada configura\u00e7\u00e3o \u00e9 \u00fanica. \u00c9 por isso que o nosso Rack de 19 polegadas pode ser personalizado para acomodar os seus requisitos espec\u00edficos. Quer necessite de prateleiras adicionais, de solu\u00e7\u00f5es de gest\u00e3o de cabos ou de um tamanho diferente, as nossas racks podem ser adaptadas para se enquadrarem perfeitamente no seu ambiente.<\/p>\n<hr \/>\n<h4>Porqu\u00ea escolher o rack SX de 19 polegadas?<\/h4>\n<p>Escolher a SX significa escolher durabilidade, fiabilidade e rentabilidade. As nossas estantes s\u00e3o constru\u00eddas para durar e concebidas para otimizar o espa\u00e7o e a organiza\u00e7\u00e3o em qualquer ambiente. Com uma instala\u00e7\u00e3o simples e uma constru\u00e7\u00e3o robusta, s\u00e3o um ativo essencial para qualquer ambiente profissional.<\/p>\n<hr \/>\n<h4>Melhore o seu espa\u00e7o de trabalho com SX<\/h4>\n<p>Invista hoje numa estante SX de 19 polegadas e sinta a diferen\u00e7a em termos de organiza\u00e7\u00e3o e efici\u00eancia. Quer seja para utiliza\u00e7\u00e3o em casa, em est\u00fadio ou em instala\u00e7\u00f5es profissionais, as racks SX oferecem uma qualidade e funcionalidade inigual\u00e1veis. Contacte-nos agora para explorar a nossa gama de op\u00e7\u00f5es de racks de 19 polegadas e encontrar a solu\u00e7\u00e3o perfeita para as suas necessidades.<\/p>\n<p><strong>FAQ<\/strong><\/p>\n<p>P: Qual \u00e9 o seu prazo de entrega?<\/p>\n<p>R: O nosso prazo de entrega normal \u00e9 EXW Guangzhou. Tamb\u00e9m aceitamos FOB, CFR, CIF, DDP, DDU, etc. Oferecemos-lhe os custos de envio e pode escolher o que for mais conveniente e eficaz para si.<\/p>\n<p>P: Que formas de pagamento podem ser aceites?<\/p>\n<p>A: T\/T, Western Union, etc. Aceitamos qualquer termo de pagamento conveniente e r\u00e1pido.<\/p>\n<p>P: Quando \u00e9 que posso obter o pre\u00e7o?<\/p>\n<p>R: Normalmente, fazemos a cota\u00e7\u00e3o no prazo de 8 horas ap\u00f3s a rece\u00e7\u00e3o do seu pedido.<\/p>\n<p>P: Podem fazer a nossa pr\u00f3pria embalagem?<\/p>\n<p>R: Sim, basta fornecer o design da embalagem e n\u00f3s produziremos o que quiser. Tamb\u00e9m temos um designer profissional que o pode ajudar a fazer o design da embalagem.<\/p>\n<p><strong>Controlo de qualidade<\/strong><\/p>\n<p>Temos uma pessoa do QC nas linhas de produ\u00e7\u00e3o para fazer a inspe\u00e7\u00e3o. Todos os produtos devem ter sido inspeccionados antes da entrega. Fazemos a inspe\u00e7\u00e3o em linha e a inspe\u00e7\u00e3o final.<\/p>\n<p>1. toda a mat\u00e9ria-prima verificada uma vez que chegar a nossa f\u00e1brica.<\/p>\n<p>2. todas as pe\u00e7as e log\u00f3tipo e todos os detalhes verificados durante a produ\u00e7\u00e3o.<\/p>\n<p>3. todos os pormenores da embalagem s\u00e3o verificados durante a produ\u00e7\u00e3o.<\/p>\n<p>4. toda a qualidade de produ\u00e7\u00e3o e embalagem verificada na inspe\u00e7\u00e3o final depois de terminada.<\/p>\n<p>Hot Tags: Pre\u00e7o baixo, em estoque, amostra gr\u00e1tis, cabo de alimenta\u00e7\u00e3o e sinal, fio de 4 condutores de calibre 16, caixa de suporte de microfone, gabinete de exibi\u00e7\u00e3o de led ao ar livre, montagem em rack, caixas de v\u00f4o de misturador de montagem em rack de 19 \", caixa de distribui\u00e7\u00e3o el\u00e9trica, China, fornecedores, f\u00e1brica, personalizado, atacado, <span style=\"color: #993366;\"><a style=\"color: #993366;\" href=\"https:\/\/sxflightcase.com\/pt\/product-category\/all-product\/power-distribution-boxes\/\">caixas el\u00e9ctricas<\/a>,\u00a0<a style=\"color: #993366;\" href=\"https:\/\/sxflightcase.com\/pt\/product-category\/all-product\/hoist-controllers\/\">cabos el\u00e9ctricos<\/a>,\u00a0<a style=\"color: #993366;\" href=\"https:\/\/sxflightcase.com\/pt\/product-category\/all-product\/hoist-controllers\/\">controladores de guinchos<\/a>,\u00a0<a style=\"color: #993366;\" href=\"https:\/\/sxflightcase.com\/pt\/product-category\/all-product\/flight-case\/\">casos de voo.<\/a><\/span><\/p>","protected":false},"excerpt":{"rendered":"<h2 class=\"prodetails-name\">Rack de 19 polegadas<\/h2>\n<p>Oferecemos uma gama de racks de 19 polegadas para se adequar \u00e0 maioria dos equipamentos de palco, como amplificadores e processadores, com v\u00e1rias op\u00e7\u00f5es dispon\u00edveis. A caixa \u00e9 constru\u00edda \u00e0 medida <a class=\"wpil_keyword_link\" title=\"mala de voo\" href=\"https:\/\/sxpowercase.com\/product-category\/all-product\/flight-case\/\" target=\"_blank\" rel=\"noopener\" data-wpil-keyword-link=\"linked\" data-wpil-monitor-id=\"389\">mala de voo<\/a> utilizando acess\u00f3rios resistentes e contraplacado preto de acabamento normal.<\/p>\n<h2><strong>Introdu\u00e7\u00e3o \u00e0 produ\u00e7\u00e3o<\/strong><\/h2>\n<p>A dimens\u00e3o da largura interior da estante de 19 polegadas \u00e9 de 19\" standard. A profundidade da estante (at\u00e9 \u00e0 tampa traseira) da estante \u00e9 de 20,25\". Profundidade da tampa: 3,75\", 4 pegas com mola, 8 fechos de tor\u00e7\u00e3o embutidos com inser\u00e7\u00f5es para cadeado. A s\u00e9rie Shengxiang de caixas para rack tamb\u00e9m est\u00e1 dispon\u00edvel em caixas para rack de 2U, 4U, 6U, 8U, 10U, 12U, 14U e 16U.<\/p>","protected":false},"featured_media":1603,"comment_status":"open","ping_status":"closed","template":"","meta":[],"product_brand":[],"product_cat":[35],"product_tag":[50],"class_list":{"0":"post-1602","1":"product","2":"type-product","3":"status-publish","4":"has-post-thumbnail","6":"product_cat-standard-rack-cases","7":"product_tag-mp","9":"first","10":"instock","11":"shipping-taxable","12":"product-type-simple"},"yoast_head":"<!-- This site is optimized with the Yoast SEO Premium plugin v27.1 (Yoast SEO v27.2) - https:\/\/yoast.com\/product\/yoast-seo-premium-wordpress\/ -->\n<title>MP 19-Inch Rack - https:\/\/sxflightcase.com \ud83d\udc97<\/title>\n<meta name=\"description\" content=\"19-Inch Rack: Discover our factory-direct options, offering professional customization for efficient organization and storage of your equipment.\" \/>\n<meta name=\"robots\" content=\"index, follow, max-snippet:-1, max-image-preview:large, max-video-preview:-1\" \/>\n<link rel=\"canonical\" href=\"https:\/\/sxflightcase.com\/pt\/produkt\/19-tommer-rack-2\/\" \/>\n<meta property=\"og:locale\" content=\"pt_PT\" \/>\n<meta property=\"og:type\" content=\"article\" \/>\n<meta property=\"og:title\" content=\"MP 19-Inch Rack\" \/>\n<meta property=\"og:description\" content=\"19-Inch Rack: Discover our factory-direct options, offering professional customization for efficient organization and storage of your equipment.\" \/>\n<meta property=\"og:url\" content=\"https:\/\/sxflightcase.com\/pt\/produkt\/19-tommer-rack-2\/\" \/>\n<meta property=\"og:site_name\" content=\"https:\/\/sxflightcase.com\" \/>\n<meta property=\"article:publisher\" content=\"https:\/\/www.facebook.com\/profile.php?id=61560407257971\" \/>\n<meta property=\"article:modified_time\" content=\"2024-06-27T07:15:23+00:00\" \/>\n<meta property=\"og:image\" content=\"https:\/\/sxflightcase.com\/wp-content\/uploads\/2024\/05\/19-inch-rack03459619372.webp\" \/>\n\t<meta property=\"og:image:width\" content=\"750\" \/>\n\t<meta property=\"og:image:height\" content=\"750\" \/>\n\t<meta property=\"og:image:type\" content=\"image\/webp\" \/>\n<meta name=\"twitter:card\" content=\"summary_large_image\" \/>\n<meta name=\"twitter:label1\" content=\"Tempo estimado de leitura\" \/>\n\t<meta name=\"twitter:data1\" content=\"4 minutos\" \/>\n<script type=\"application\/ld+json\" class=\"yoast-schema-graph\">{\"@context\":\"https:\/\/schema.org\",\"@graph\":[{\"@type\":\"WebPage\",\"@id\":\"https:\/\/sxflightcase.com\/da\/produkt\/19-tommer-rack-2\/\",\"url\":\"https:\/\/sxflightcase.com\/da\/produkt\/19-tommer-rack-2\/\",\"name\":\"MP 19-Inch Rack - https:\/\/sxflightcase.com \ud83d\udc97\",\"isPartOf\":{\"@id\":\"https:\/\/sxflightcase.com\/th\/#website\"},\"primaryImageOfPage\":{\"@id\":\"https:\/\/sxflightcase.com\/da\/produkt\/19-tommer-rack-2\/#primaryimage\"},\"image\":{\"@id\":\"https:\/\/sxflightcase.com\/da\/produkt\/19-tommer-rack-2\/#primaryimage\"},\"thumbnailUrl\":\"https:\/\/sxflightcase.com\/wp-content\/uploads\/2024\/05\/19-inch-rack03459619372.webp\",\"datePublished\":\"2024-05-10T01:17:12+00:00\",\"dateModified\":\"2024-06-27T07:15:23+00:00\",\"description\":\"19-Inch Rack: Discover our factory-direct options, offering professional customization for efficient organization and storage of your equipment.\",\"breadcrumb\":{\"@id\":\"https:\/\/sxflightcase.com\/da\/produkt\/19-tommer-rack-2\/#breadcrumb\"},\"inLanguage\":\"pt-PT\",\"potentialAction\":[{\"@type\":\"ReadAction\",\"target\":[\"https:\/\/sxflightcase.com\/da\/produkt\/19-tommer-rack-2\/\"]}]},{\"@type\":\"ImageObject\",\"inLanguage\":\"pt-PT\",\"@id\":\"https:\/\/sxflightcase.com\/da\/produkt\/19-tommer-rack-2\/#primaryimage\",\"url\":\"https:\/\/sxflightcase.com\/wp-content\/uploads\/2024\/05\/19-inch-rack03459619372.webp\",\"contentUrl\":\"https:\/\/sxflightcase.com\/wp-content\/uploads\/2024\/05\/19-inch-rack03459619372.webp\",\"width\":750,\"height\":750,\"caption\":\"19-Inch Rack\"},{\"@type\":\"BreadcrumbList\",\"@id\":\"https:\/\/sxflightcase.com\/da\/produkt\/19-tommer-rack-2\/#breadcrumb\",\"itemListElement\":[{\"@type\":\"ListItem\",\"position\":1,\"name\":\"Home\",\"item\":\"https:\/\/sxflightcase.com\/\"},{\"@type\":\"ListItem\",\"position\":2,\"name\":\"\u0e2a\u0e34\u0e19\u0e04\u0e49\u0e32\",\"item\":\"https:\/\/sxflightcase.com\/th\/shop\/\"},{\"@type\":\"ListItem\",\"position\":3,\"name\":\"MP 19-Inch Rack\"}]},{\"@type\":\"WebSite\",\"@id\":\"https:\/\/sxflightcase.com\/th\/#website\",\"url\":\"https:\/\/sxflightcase.com\/th\/\",\"name\":\"sxpowercase.com\",\"description\":\"Flight Case Factory\",\"publisher\":{\"@id\":\"https:\/\/sxflightcase.com\/th\/#organization\"},\"potentialAction\":[{\"@type\":\"SearchAction\",\"target\":{\"@type\":\"EntryPoint\",\"urlTemplate\":\"https:\/\/sxflightcase.com\/th\/?s={search_term_string}\"},\"query-input\":{\"@type\":\"PropertyValueSpecification\",\"valueRequired\":true,\"valueName\":\"search_term_string\"}}],\"inLanguage\":\"pt-PT\"},{\"@type\":\"Organization\",\"@id\":\"https:\/\/sxflightcase.com\/th\/#organization\",\"name\":\"sxpowercase.com\",\"url\":\"https:\/\/sxflightcase.com\/th\/\",\"logo\":{\"@type\":\"ImageObject\",\"inLanguage\":\"pt-PT\",\"@id\":\"https:\/\/sxflightcase.com\/th\/#\/schema\/logo\/image\/\",\"url\":\"https:\/\/sxflightcase.com\/wp-content\/uploads\/2024\/04\/1713919036007.jpg\",\"contentUrl\":\"https:\/\/sxflightcase.com\/wp-content\/uploads\/2024\/04\/1713919036007.jpg\",\"width\":382,\"height\":388,\"caption\":\"sxpowercase.com\"},\"image\":{\"@id\":\"https:\/\/sxflightcase.com\/th\/#\/schema\/logo\/image\/\"},\"sameAs\":[\"https:\/\/www.facebook.com\/profile.php?id=61560407257971\"],\"numberOfEmployees\":{\"@type\":\"QuantitativeValue\",\"minValue\":\"11\",\"maxValue\":\"50\"}}]}<\/script>\n<!-- \/ Yoast SEO Premium plugin. -->","yoast_head_json":{"title":"MP 19-Inch Rack - https:\/\/sxflightcase.com \ud83d\udc97","description":"Rack de 19 polegadas: Descubra as nossas op\u00e7\u00f5es diretas da f\u00e1brica, que oferecem personaliza\u00e7\u00e3o profissional para uma organiza\u00e7\u00e3o e armazenamento eficientes do seu equipamento.","robots":{"index":"index","follow":"follow","max-snippet":"max-snippet:-1","max-image-preview":"max-image-preview:large","max-video-preview":"max-video-preview:-1"},"canonical":"https:\/\/sxflightcase.com\/pt\/produkt\/19-tommer-rack-2\/","og_locale":"pt_PT","og_type":"article","og_title":"MP 19-Inch Rack","og_description":"19-Inch Rack: Discover our factory-direct options, offering professional customization for efficient organization and storage of your equipment.","og_url":"https:\/\/sxflightcase.com\/pt\/produkt\/19-tommer-rack-2\/","og_site_name":"https:\/\/sxflightcase.com","article_publisher":"https:\/\/www.facebook.com\/profile.php?id=61560407257971","article_modified_time":"2024-06-27T07:15:23+00:00","og_image":[{"width":750,"height":750,"url":"https:\/\/sxflightcase.com\/wp-content\/uploads\/2024\/05\/19-inch-rack03459619372.webp","type":"image\/webp"}],"twitter_card":"summary_large_image","twitter_misc":{"Tempo estimado de leitura":"4 minutos"},"schema":{"@context":"https:\/\/schema.org","@graph":[{"@type":"WebPage","@id":"https:\/\/sxflightcase.com\/da\/produkt\/19-tommer-rack-2\/","url":"https:\/\/sxflightcase.com\/da\/produkt\/19-tommer-rack-2\/","name":"MP 19-Inch Rack - https:\/\/sxflightcase.com \ud83d\udc97","isPartOf":{"@id":"https:\/\/sxflightcase.com\/th\/#website"},"primaryImageOfPage":{"@id":"https:\/\/sxflightcase.com\/da\/produkt\/19-tommer-rack-2\/#primaryimage"},"image":{"@id":"https:\/\/sxflightcase.com\/da\/produkt\/19-tommer-rack-2\/#primaryimage"},"thumbnailUrl":"https:\/\/sxflightcase.com\/wp-content\/uploads\/2024\/05\/19-inch-rack03459619372.webp","datePublished":"2024-05-10T01:17:12+00:00","dateModified":"2024-06-27T07:15:23+00:00","description":"Rack de 19 polegadas: Descubra as nossas op\u00e7\u00f5es diretas da f\u00e1brica, que oferecem personaliza\u00e7\u00e3o profissional para uma organiza\u00e7\u00e3o e armazenamento eficientes do seu equipamento.","breadcrumb":{"@id":"https:\/\/sxflightcase.com\/da\/produkt\/19-tommer-rack-2\/#breadcrumb"},"inLanguage":"pt-PT","potentialAction":[{"@type":"ReadAction","target":["https:\/\/sxflightcase.com\/da\/produkt\/19-tommer-rack-2\/"]}]},{"@type":"ImageObject","inLanguage":"pt-PT","@id":"https:\/\/sxflightcase.com\/da\/produkt\/19-tommer-rack-2\/#primaryimage","url":"https:\/\/sxflightcase.com\/wp-content\/uploads\/2024\/05\/19-inch-rack03459619372.webp","contentUrl":"https:\/\/sxflightcase.com\/wp-content\/uploads\/2024\/05\/19-inch-rack03459619372.webp","width":750,"height":750,"caption":"19-Inch Rack"},{"@type":"BreadcrumbList","@id":"https:\/\/sxflightcase.com\/da\/produkt\/19-tommer-rack-2\/#breadcrumb","itemListElement":[{"@type":"ListItem","position":1,"name":"Home","item":"https:\/\/sxflightcase.com\/"},{"@type":"ListItem","position":2,"name":"\u0e2a\u0e34\u0e19\u0e04\u0e49\u0e32","item":"https:\/\/sxflightcase.com\/th\/shop\/"},{"@type":"ListItem","position":3,"name":"MP 19-Inch Rack"}]},{"@type":"WebSite","@id":"https:\/\/sxflightcase.com\/th\/#website","url":"https:\/\/sxflightcase.com\/th\/","name":"sxpowercase.com","description":"F\u00e1brica de malas de voo","publisher":{"@id":"https:\/\/sxflightcase.com\/th\/#organization"},"potentialAction":[{"@type":"SearchAction","target":{"@type":"EntryPoint","urlTemplate":"https:\/\/sxflightcase.com\/th\/?s={search_term_string}"},"query-input":{"@type":"PropertyValueSpecification","valueRequired":true,"valueName":"search_term_string"}}],"inLanguage":"pt-PT"},{"@type":"Organization","@id":"https:\/\/sxflightcase.com\/th\/#organization","name":"sxpowercase.com","url":"https:\/\/sxflightcase.com\/th\/","logo":{"@type":"ImageObject","inLanguage":"pt-PT","@id":"https:\/\/sxflightcase.com\/th\/#\/schema\/logo\/image\/","url":"https:\/\/sxflightcase.com\/wp-content\/uploads\/2024\/04\/1713919036007.jpg","contentUrl":"https:\/\/sxflightcase.com\/wp-content\/uploads\/2024\/04\/1713919036007.jpg","width":382,"height":388,"caption":"sxpowercase.com"},"image":{"@id":"https:\/\/sxflightcase.com\/th\/#\/schema\/logo\/image\/"},"sameAs":["https:\/\/www.facebook.com\/profile.php?id=61560407257971"],"numberOfEmployees":{"@type":"QuantitativeValue","minValue":"11","maxValue":"50"}}]}},"_links":{"self":[{"href":"https:\/\/sxflightcase.com\/pt\/wp-json\/wp\/v2\/product\/1602","targetHints":{"allow":["GET"]}}],"collection":[{"href":"https:\/\/sxflightcase.com\/pt\/wp-json\/wp\/v2\/product"}],"about":[{"href":"https:\/\/sxflightcase.com\/pt\/wp-json\/wp\/v2\/types\/product"}],"replies":[{"embeddable":true,"href":"https:\/\/sxflightcase.com\/pt\/wp-json\/wp\/v2\/comments?post=1602"}],"version-history":[{"count":0,"href":"https:\/\/sxflightcase.com\/pt\/wp-json\/wp\/v2\/product\/1602\/revisions"}],"wp:featuredmedia":[{"embeddable":true,"href":"https:\/\/sxflightcase.com\/pt\/wp-json\/wp\/v2\/media\/1603"}],"wp:attachment":[{"href":"https:\/\/sxflightcase.com\/pt\/wp-json\/wp\/v2\/media?parent=1602"}],"wp:term":[{"taxonomy":"product_brand","embeddable":true,"href":"https:\/\/sxflightcase.com\/pt\/wp-json\/wp\/v2\/product_brand?post=1602"},{"taxonomy":"product_cat","embeddable":true,"href":"https:\/\/sxflightcase.com\/pt\/wp-json\/wp\/v2\/product_cat?post=1602"},{"taxonomy":"product_tag","embeddable":true,"href":"https:\/\/sxflightcase.com\/pt\/wp-json\/wp\/v2\/product_tag?post=1602"}],"curies":[{"name":"wp","href":"https:\/\/api.w.org\/{rel}","templated":true}]}}