{"id":1607,"date":"2024-05-10T02:29:21","date_gmt":"2024-05-10T01:29:21","guid":{"rendered":"https:\/\/sxpowercase.com\/?post_type=product&#038;p=1607"},"modified":"2024-06-27T08:16:10","modified_gmt":"2024-06-27T07:16:10","slug":"rack-mount-enclosure","status":"publish","type":"product","link":"https:\/\/sxflightcase.com\/pt\/produto\/caixa-de-montagem-em-bastidor-2\/","title":{"rendered":"Arm\u00e1rio de montagem em bastidor FC"},"content":{"rendered":"<p><strong>Par\u00e2metro do produto (especifica\u00e7\u00e3o)<\/strong><\/p>\n<section class=\"table-wrap\">\n<table class=\"table\" width=\"100%\" cellspacing=\"0\" cellpadding=\"0\">\n<tbody>\n<tr class=\"firstRow\">\n<td width=\"134\">Nome do produto:<\/td>\n<td width=\"503\">Caixa de montagem em bastidor<\/td>\n<\/tr>\n<tr>\n<td width=\"134\">Material<\/td>\n<td width=\"503\">Estrutura de alum\u00ednio + \u00e0 prova de fogo + contraplacado de 9 mm<\/td>\n<\/tr>\n<tr>\n<td width=\"134\">No interior<\/td>\n<td width=\"503\">Espuma de alta densidade \u00e0 prova de choque<\/td>\n<\/tr>\n<tr>\n<td width=\"134\">Tamanho<\/td>\n<td width=\"503\">Pode ser personalizado<\/td>\n<\/tr>\n<tr>\n<td width=\"134\">Acess\u00f3rios<\/td>\n<td width=\"503\">Oito fechos de borboleta, quatro rodas para facilitar o transporte, quatro pegas resistentes<\/td>\n<\/tr>\n<tr>\n<td width=\"134\">Personalizado<\/td>\n<td width=\"503\">Todos os tipos de personaliza\u00e7\u00e3o s\u00e3o bem-vindos, como o material da caixa de alum\u00ednio, dimens\u00e3o, recheios internos, al\u00e7as, fechaduras e assim por diante.<\/td>\n<\/tr>\n<\/tbody>\n<\/table>\n<\/section>\n<h3>Proteja o seu equipamento com as caixas de montagem em bastidor SX<\/h3>\n<h4>Caixas de montagem em rack SX: Proteja e organize o seu equipamento<\/h4>\n<p>Garanta a seguran\u00e7a e a organiza\u00e7\u00e3o do seu valioso equipamento com <a href=\"https:\/\/sxpowercase.com\/\" target=\"_blank\"  rel=\"noopener\" title=\"SX\"  data-wpil-monitor-id=\"503\">SX<\/a> Caixas para montagem em bastidor. Estas caixas foram concebidas para alojar de forma segura os seus componentes electr\u00f3nicos, proporcionando prote\u00e7\u00e3o contra o p\u00f3, a humidade e os danos f\u00edsicos, optimizando simultaneamente o espa\u00e7o e a acessibilidade.<\/p>\n<h4>Diretamente da nossa f\u00e1brica<\/h4>\n<p>Na SX, damos prioridade \u00e0 qualidade e \u00e0 fiabilidade. Os nossos arm\u00e1rios de montagem em bastidor s\u00e3o fabricados diretamente na nossa f\u00e1brica, o que nos permite manter um controlo de qualidade rigoroso e oferecer pre\u00e7os competitivos. Ao eliminar os intermedi\u00e1rios, garantimos que recebe uma solu\u00e7\u00e3o duradoura e econ\u00f3mica.<\/p>\n<h4>Solu\u00e7\u00f5es personaliz\u00e1veis<\/h4>\n<p>Compreendemos que cada configura\u00e7\u00e3o \u00e9 \u00fanica. \u00c9 por isso que os nossos arm\u00e1rios de montagem em bastidor podem ser personalizados para satisfazer os seus requisitos espec\u00edficos. Quer necessite de ventila\u00e7\u00e3o adicional, de op\u00e7\u00f5es de gest\u00e3o de cabos ou de um tamanho espec\u00edfico, os nossos arm\u00e1rios podem ser personalizados para se adaptarem perfeitamente ao seu ambiente.<\/p>\n<hr \/>\n<h4>Porqu\u00ea escolher os arm\u00e1rios de montagem em bastidor SX?<\/h4>\n<p>Escolher a SX significa escolher durabilidade, funcionalidade e paz de esp\u00edrito. Os nossos arm\u00e1rios foram concebidos para suportar os rigores da utiliza\u00e7\u00e3o profissional, proporcionando simultaneamente um acesso f\u00e1cil e prote\u00e7\u00e3o para o seu equipamento. Com o seu design vers\u00e1til e constru\u00e7\u00e3o robusta, s\u00e3o ideais para uma variedade de aplica\u00e7\u00f5es.<\/p>\n<hr \/>\n<h4>Melhore a sua configura\u00e7\u00e3o com o SX<\/h4>\n<p>Invista hoje num arm\u00e1rio de montagem em bastidor SX e desfrute de maior seguran\u00e7a e organiza\u00e7\u00e3o para os seus produtos electr\u00f3nicos. Quer seja para centros de dados, instala\u00e7\u00f5es audiovisuais ou aplica\u00e7\u00f5es industriais, os arm\u00e1rios SX oferecem um desempenho e fiabilidade superiores. Contacte-nos agora para explorar a nossa gama e encontrar a solu\u00e7\u00e3o perfeita para as suas necessidades.<\/p>\n<p><strong>FAQ<\/strong><\/p>\n<p>P: Qual \u00e9 o seu prazo de entrega?<\/p>\n<p>R: O nosso prazo de entrega normal \u00e9 EXW Guangzhou. Tamb\u00e9m aceitamos FOB, CFR, CIF, DDP, DDU, etc. Oferecemos-lhe os custos de envio e pode escolher o que for mais conveniente e eficaz para si.<\/p>\n<p>P: Que formas de pagamento podem ser aceites?<\/p>\n<p>A: T\/T, Western Union, etc. Aceitamos qualquer termo de pagamento conveniente e r\u00e1pido.<\/p>\n<p>Hot Tags: Pre\u00e7o baixo, em estoque, amostra gr\u00e1tis, cabo de alimenta\u00e7\u00e3o e sinal, fio de 4 condutores de calibre 16, caixa de suporte de microfone, gabinete de exibi\u00e7\u00e3o de led ao ar livre, montagem em rack, caixas de v\u00f4o de misturador de montagem em rack de 19 \", caixa de distribui\u00e7\u00e3o el\u00e9trica, China, fornecedores, f\u00e1brica, personalizado, atacado, <span style=\"color: #993366;\"><a style=\"color: #993366;\" href=\"https:\/\/sxflightcase.com\/pt\/product-category\/all-product\/power-distribution-boxes\/\">caixas el\u00e9ctricas<\/a>,\u00a0<a style=\"color: #993366;\" href=\"https:\/\/sxflightcase.com\/pt\/product-category\/all-product\/hoist-controllers\/\">cabos el\u00e9ctricos<\/a>,\u00a0<a style=\"color: #993366;\" href=\"https:\/\/sxflightcase.com\/pt\/product-category\/all-product\/hoist-controllers\/\">controladores de guinchos<\/a>,\u00a0<a style=\"color: #993366;\" href=\"https:\/\/sxflightcase.com\/pt\/product-category\/all-product\/flight-case\/\">casos de voo.<\/a><\/span><\/p>","protected":false},"excerpt":{"rendered":"<h2>Caixa para montagem em rack<\/h2>\n<p>Fundada em 2001, somos especializados na fabrica\u00e7\u00e3o de todos os tipos de gabinete de montagem em rack com uma \u00e1rea de oficina de mais de 20,00 metros quadrados. Normalmente, fabricamos caixas de montagem em rack de 2u a 20u, mas tamb\u00e9m fazemos tamanhos diferentes, dependendo da sua necessidade.<\/p>\n<h2><strong>Introdu\u00e7\u00e3o \u00e0 produ\u00e7\u00e3o<\/strong><\/h2>\n<p>A dimens\u00e3o da largura interior do arm\u00e1rio de montagem em bastidor \u00e9 de 19\". A profundidade do bastidor (at\u00e9 \u00e0 tampa traseira) \u00e9 de 20,25\". Profundidade da tampa: 3,75\", 4 pegas com mola, 8 fechos de tor\u00e7\u00e3o embutidos com inser\u00e7\u00f5es para cadeado. A s\u00e9rie Shengxiang de caixas para rack tamb\u00e9m est\u00e1 dispon\u00edvel em caixas para rack de 2U, 4U, 6U, 8U, 10U, 12U, 14U e 16U.<\/p>","protected":false},"featured_media":1611,"comment_status":"open","ping_status":"closed","template":"","meta":[],"product_brand":[],"product_cat":[35],"product_tag":[52],"class_list":{"0":"post-1607","1":"product","2":"type-product","3":"status-publish","4":"has-post-thumbnail","6":"product_cat-standard-rack-cases","7":"product_tag-fc","9":"first","10":"instock","11":"shipping-taxable","12":"product-type-simple"},"yoast_head":"<!-- This site is optimized with the Yoast SEO Premium plugin v27.1 (Yoast SEO v27.2) - https:\/\/yoast.com\/product\/yoast-seo-premium-wordpress\/ -->\n<title>FC Rack Mount Enclosure - https:\/\/sxflightcase.com \ud83d\udc97<\/title>\n<meta name=\"description\" content=\"Rack Mount Enclosure: Explore our factory-direct options for professional customization, ensuring optimal organization and protection of your equipment.\" \/>\n<meta name=\"robots\" content=\"index, follow, max-snippet:-1, max-image-preview:large, max-video-preview:-1\" \/>\n<link rel=\"canonical\" href=\"https:\/\/sxflightcase.com\/pt\/\u0645\u0646\u062a\u062c\/\u0636\u0645\u064a\u0645\u0629-\u062a\u0631\u0643\u064a\u0628-\u0627\u0644\u062d\u0627\u0645\u0644-2\/\" \/>\n<meta property=\"og:locale\" content=\"pt_PT\" \/>\n<meta property=\"og:type\" content=\"article\" \/>\n<meta property=\"og:title\" content=\"FC Rack Mount Enclosure\" \/>\n<meta property=\"og:description\" content=\"Rack Mount Enclosure: Explore our factory-direct options for professional customization, ensuring optimal organization and protection of your equipment.\" \/>\n<meta property=\"og:url\" content=\"https:\/\/sxflightcase.com\/pt\/\u0645\u0646\u062a\u062c\/\u0636\u0645\u064a\u0645\u0629-\u062a\u0631\u0643\u064a\u0628-\u0627\u0644\u062d\u0627\u0645\u0644-2\/\" \/>\n<meta property=\"og:site_name\" content=\"https:\/\/sxflightcase.com\" \/>\n<meta property=\"article:publisher\" content=\"https:\/\/www.facebook.com\/profile.php?id=61560407257971\" \/>\n<meta property=\"article:modified_time\" content=\"2024-06-27T07:16:10+00:00\" \/>\n<meta property=\"og:image\" content=\"https:\/\/sxflightcase.com\/wp-content\/uploads\/2024\/05\/rack-mount-enclosure00548436494.webp\" \/>\n\t<meta property=\"og:image:width\" content=\"730\" \/>\n\t<meta property=\"og:image:height\" content=\"730\" \/>\n\t<meta property=\"og:image:type\" content=\"image\/webp\" \/>\n<meta name=\"twitter:card\" content=\"summary_large_image\" \/>\n<meta name=\"twitter:label1\" content=\"Tempo estimado de leitura\" \/>\n\t<meta name=\"twitter:data1\" content=\"3 minutos\" \/>\n<script type=\"application\/ld+json\" class=\"yoast-schema-graph\">{\"@context\":\"https:\/\/schema.org\",\"@graph\":[{\"@type\":\"WebPage\",\"@id\":\"https:\/\/sxflightcase.com\/ar\/\u0645\u0646\u062a\u062c\/\u0636\u0645\u064a\u0645\u0629-\u062a\u0631\u0643\u064a\u0628-\u0627\u0644\u062d\u0627\u0645\u0644-2\/\",\"url\":\"https:\/\/sxflightcase.com\/ar\/\u0645\u0646\u062a\u062c\/\u0636\u0645\u064a\u0645\u0629-\u062a\u0631\u0643\u064a\u0628-\u0627\u0644\u062d\u0627\u0645\u0644-2\/\",\"name\":\"FC Rack Mount Enclosure - https:\/\/sxflightcase.com \ud83d\udc97\",\"isPartOf\":{\"@id\":\"https:\/\/sxflightcase.com\/th\/#website\"},\"primaryImageOfPage\":{\"@id\":\"https:\/\/sxflightcase.com\/ar\/\u0645\u0646\u062a\u062c\/\u0636\u0645\u064a\u0645\u0629-\u062a\u0631\u0643\u064a\u0628-\u0627\u0644\u062d\u0627\u0645\u0644-2\/#primaryimage\"},\"image\":{\"@id\":\"https:\/\/sxflightcase.com\/ar\/\u0645\u0646\u062a\u062c\/\u0636\u0645\u064a\u0645\u0629-\u062a\u0631\u0643\u064a\u0628-\u0627\u0644\u062d\u0627\u0645\u0644-2\/#primaryimage\"},\"thumbnailUrl\":\"https:\/\/sxflightcase.com\/wp-content\/uploads\/2024\/05\/rack-mount-enclosure00548436494.webp\",\"datePublished\":\"2024-05-10T01:29:21+00:00\",\"dateModified\":\"2024-06-27T07:16:10+00:00\",\"description\":\"Rack Mount Enclosure: Explore our factory-direct options for professional customization, ensuring optimal organization and protection of your equipment.\",\"breadcrumb\":{\"@id\":\"https:\/\/sxflightcase.com\/ar\/\u0645\u0646\u062a\u062c\/\u0636\u0645\u064a\u0645\u0629-\u062a\u0631\u0643\u064a\u0628-\u0627\u0644\u062d\u0627\u0645\u0644-2\/#breadcrumb\"},\"inLanguage\":\"pt-PT\",\"potentialAction\":[{\"@type\":\"ReadAction\",\"target\":[\"https:\/\/sxflightcase.com\/ar\/\u0645\u0646\u062a\u062c\/\u0636\u0645\u064a\u0645\u0629-\u062a\u0631\u0643\u064a\u0628-\u0627\u0644\u062d\u0627\u0645\u0644-2\/\"]}]},{\"@type\":\"ImageObject\",\"inLanguage\":\"pt-PT\",\"@id\":\"https:\/\/sxflightcase.com\/ar\/\u0645\u0646\u062a\u062c\/\u0636\u0645\u064a\u0645\u0629-\u062a\u0631\u0643\u064a\u0628-\u0627\u0644\u062d\u0627\u0645\u0644-2\/#primaryimage\",\"url\":\"https:\/\/sxflightcase.com\/wp-content\/uploads\/2024\/05\/rack-mount-enclosure00548436494.webp\",\"contentUrl\":\"https:\/\/sxflightcase.com\/wp-content\/uploads\/2024\/05\/rack-mount-enclosure00548436494.webp\",\"width\":730,\"height\":730,\"caption\":\"Rack Mount Enclosure\"},{\"@type\":\"BreadcrumbList\",\"@id\":\"https:\/\/sxflightcase.com\/ar\/\u0645\u0646\u062a\u062c\/\u0636\u0645\u064a\u0645\u0629-\u062a\u0631\u0643\u064a\u0628-\u0627\u0644\u062d\u0627\u0645\u0644-2\/#breadcrumb\",\"itemListElement\":[{\"@type\":\"ListItem\",\"position\":1,\"name\":\"Home\",\"item\":\"https:\/\/sxflightcase.com\/\"},{\"@type\":\"ListItem\",\"position\":2,\"name\":\"\u0e2a\u0e34\u0e19\u0e04\u0e49\u0e32\",\"item\":\"https:\/\/sxflightcase.com\/th\/shop\/\"},{\"@type\":\"ListItem\",\"position\":3,\"name\":\"FC Rack Mount Enclosure\"}]},{\"@type\":\"WebSite\",\"@id\":\"https:\/\/sxflightcase.com\/th\/#website\",\"url\":\"https:\/\/sxflightcase.com\/th\/\",\"name\":\"sxpowercase.com\",\"description\":\"Flight Case Factory\",\"publisher\":{\"@id\":\"https:\/\/sxflightcase.com\/th\/#organization\"},\"potentialAction\":[{\"@type\":\"SearchAction\",\"target\":{\"@type\":\"EntryPoint\",\"urlTemplate\":\"https:\/\/sxflightcase.com\/th\/?s={search_term_string}\"},\"query-input\":{\"@type\":\"PropertyValueSpecification\",\"valueRequired\":true,\"valueName\":\"search_term_string\"}}],\"inLanguage\":\"pt-PT\"},{\"@type\":\"Organization\",\"@id\":\"https:\/\/sxflightcase.com\/th\/#organization\",\"name\":\"sxpowercase.com\",\"url\":\"https:\/\/sxflightcase.com\/th\/\",\"logo\":{\"@type\":\"ImageObject\",\"inLanguage\":\"pt-PT\",\"@id\":\"https:\/\/sxflightcase.com\/th\/#\/schema\/logo\/image\/\",\"url\":\"https:\/\/sxflightcase.com\/wp-content\/uploads\/2024\/04\/1713919036007.jpg\",\"contentUrl\":\"https:\/\/sxflightcase.com\/wp-content\/uploads\/2024\/04\/1713919036007.jpg\",\"width\":382,\"height\":388,\"caption\":\"sxpowercase.com\"},\"image\":{\"@id\":\"https:\/\/sxflightcase.com\/th\/#\/schema\/logo\/image\/\"},\"sameAs\":[\"https:\/\/www.facebook.com\/profile.php?id=61560407257971\"],\"numberOfEmployees\":{\"@type\":\"QuantitativeValue\",\"minValue\":\"11\",\"maxValue\":\"50\"}}]}<\/script>\n<!-- \/ Yoast SEO Premium plugin. -->","yoast_head_json":{"title":"FC Rack Mount Enclosure - https:\/\/sxflightcase.com \ud83d\udc97","description":"Caixa de montagem em bastidor: Explore as nossas op\u00e7\u00f5es diretas da f\u00e1brica para personaliza\u00e7\u00e3o profissional, garantindo uma organiza\u00e7\u00e3o e prote\u00e7\u00e3o ideais do seu equipamento.","robots":{"index":"index","follow":"follow","max-snippet":"max-snippet:-1","max-image-preview":"max-image-preview:large","max-video-preview":"max-video-preview:-1"},"canonical":"https:\/\/sxflightcase.com\/pt\/\u0645\u0646\u062a\u062c\/\u0636\u0645\u064a\u0645\u0629-\u062a\u0631\u0643\u064a\u0628-\u0627\u0644\u062d\u0627\u0645\u0644-2\/","og_locale":"pt_PT","og_type":"article","og_title":"FC Rack Mount Enclosure","og_description":"Rack Mount Enclosure: Explore our factory-direct options for professional customization, ensuring optimal organization and protection of your equipment.","og_url":"https:\/\/sxflightcase.com\/pt\/\u0645\u0646\u062a\u062c\/\u0636\u0645\u064a\u0645\u0629-\u062a\u0631\u0643\u064a\u0628-\u0627\u0644\u062d\u0627\u0645\u0644-2\/","og_site_name":"https:\/\/sxflightcase.com","article_publisher":"https:\/\/www.facebook.com\/profile.php?id=61560407257971","article_modified_time":"2024-06-27T07:16:10+00:00","og_image":[{"width":730,"height":730,"url":"https:\/\/sxflightcase.com\/wp-content\/uploads\/2024\/05\/rack-mount-enclosure00548436494.webp","type":"image\/webp"}],"twitter_card":"summary_large_image","twitter_misc":{"Tempo estimado de leitura":"3 minutos"},"schema":{"@context":"https:\/\/schema.org","@graph":[{"@type":"WebPage","@id":"https:\/\/sxflightcase.com\/ar\/\u0645\u0646\u062a\u062c\/\u0636\u0645\u064a\u0645\u0629-\u062a\u0631\u0643\u064a\u0628-\u0627\u0644\u062d\u0627\u0645\u0644-2\/","url":"https:\/\/sxflightcase.com\/ar\/\u0645\u0646\u062a\u062c\/\u0636\u0645\u064a\u0645\u0629-\u062a\u0631\u0643\u064a\u0628-\u0627\u0644\u062d\u0627\u0645\u0644-2\/","name":"FC Rack Mount Enclosure - https:\/\/sxflightcase.com \ud83d\udc97","isPartOf":{"@id":"https:\/\/sxflightcase.com\/th\/#website"},"primaryImageOfPage":{"@id":"https:\/\/sxflightcase.com\/ar\/\u0645\u0646\u062a\u062c\/\u0636\u0645\u064a\u0645\u0629-\u062a\u0631\u0643\u064a\u0628-\u0627\u0644\u062d\u0627\u0645\u0644-2\/#primaryimage"},"image":{"@id":"https:\/\/sxflightcase.com\/ar\/\u0645\u0646\u062a\u062c\/\u0636\u0645\u064a\u0645\u0629-\u062a\u0631\u0643\u064a\u0628-\u0627\u0644\u062d\u0627\u0645\u0644-2\/#primaryimage"},"thumbnailUrl":"https:\/\/sxflightcase.com\/wp-content\/uploads\/2024\/05\/rack-mount-enclosure00548436494.webp","datePublished":"2024-05-10T01:29:21+00:00","dateModified":"2024-06-27T07:16:10+00:00","description":"Caixa de montagem em bastidor: Explore as nossas op\u00e7\u00f5es diretas da f\u00e1brica para personaliza\u00e7\u00e3o profissional, garantindo uma organiza\u00e7\u00e3o e prote\u00e7\u00e3o ideais do seu equipamento.","breadcrumb":{"@id":"https:\/\/sxflightcase.com\/ar\/\u0645\u0646\u062a\u062c\/\u0636\u0645\u064a\u0645\u0629-\u062a\u0631\u0643\u064a\u0628-\u0627\u0644\u062d\u0627\u0645\u0644-2\/#breadcrumb"},"inLanguage":"pt-PT","potentialAction":[{"@type":"ReadAction","target":["https:\/\/sxflightcase.com\/ar\/\u0645\u0646\u062a\u062c\/\u0636\u0645\u064a\u0645\u0629-\u062a\u0631\u0643\u064a\u0628-\u0627\u0644\u062d\u0627\u0645\u0644-2\/"]}]},{"@type":"ImageObject","inLanguage":"pt-PT","@id":"https:\/\/sxflightcase.com\/ar\/\u0645\u0646\u062a\u062c\/\u0636\u0645\u064a\u0645\u0629-\u062a\u0631\u0643\u064a\u0628-\u0627\u0644\u062d\u0627\u0645\u0644-2\/#primaryimage","url":"https:\/\/sxflightcase.com\/wp-content\/uploads\/2024\/05\/rack-mount-enclosure00548436494.webp","contentUrl":"https:\/\/sxflightcase.com\/wp-content\/uploads\/2024\/05\/rack-mount-enclosure00548436494.webp","width":730,"height":730,"caption":"Rack Mount Enclosure"},{"@type":"BreadcrumbList","@id":"https:\/\/sxflightcase.com\/ar\/\u0645\u0646\u062a\u062c\/\u0636\u0645\u064a\u0645\u0629-\u062a\u0631\u0643\u064a\u0628-\u0627\u0644\u062d\u0627\u0645\u0644-2\/#breadcrumb","itemListElement":[{"@type":"ListItem","position":1,"name":"Home","item":"https:\/\/sxflightcase.com\/"},{"@type":"ListItem","position":2,"name":"\u0e2a\u0e34\u0e19\u0e04\u0e49\u0e32","item":"https:\/\/sxflightcase.com\/th\/shop\/"},{"@type":"ListItem","position":3,"name":"FC Rack Mount Enclosure"}]},{"@type":"WebSite","@id":"https:\/\/sxflightcase.com\/th\/#website","url":"https:\/\/sxflightcase.com\/th\/","name":"sxpowercase.com","description":"F\u00e1brica de malas de voo","publisher":{"@id":"https:\/\/sxflightcase.com\/th\/#organization"},"potentialAction":[{"@type":"SearchAction","target":{"@type":"EntryPoint","urlTemplate":"https:\/\/sxflightcase.com\/th\/?s={search_term_string}"},"query-input":{"@type":"PropertyValueSpecification","valueRequired":true,"valueName":"search_term_string"}}],"inLanguage":"pt-PT"},{"@type":"Organization","@id":"https:\/\/sxflightcase.com\/th\/#organization","name":"sxpowercase.com","url":"https:\/\/sxflightcase.com\/th\/","logo":{"@type":"ImageObject","inLanguage":"pt-PT","@id":"https:\/\/sxflightcase.com\/th\/#\/schema\/logo\/image\/","url":"https:\/\/sxflightcase.com\/wp-content\/uploads\/2024\/04\/1713919036007.jpg","contentUrl":"https:\/\/sxflightcase.com\/wp-content\/uploads\/2024\/04\/1713919036007.jpg","width":382,"height":388,"caption":"sxpowercase.com"},"image":{"@id":"https:\/\/sxflightcase.com\/th\/#\/schema\/logo\/image\/"},"sameAs":["https:\/\/www.facebook.com\/profile.php?id=61560407257971"],"numberOfEmployees":{"@type":"QuantitativeValue","minValue":"11","maxValue":"50"}}]}},"_links":{"self":[{"href":"https:\/\/sxflightcase.com\/pt\/wp-json\/wp\/v2\/product\/1607","targetHints":{"allow":["GET"]}}],"collection":[{"href":"https:\/\/sxflightcase.com\/pt\/wp-json\/wp\/v2\/product"}],"about":[{"href":"https:\/\/sxflightcase.com\/pt\/wp-json\/wp\/v2\/types\/product"}],"replies":[{"embeddable":true,"href":"https:\/\/sxflightcase.com\/pt\/wp-json\/wp\/v2\/comments?post=1607"}],"version-history":[{"count":0,"href":"https:\/\/sxflightcase.com\/pt\/wp-json\/wp\/v2\/product\/1607\/revisions"}],"wp:featuredmedia":[{"embeddable":true,"href":"https:\/\/sxflightcase.com\/pt\/wp-json\/wp\/v2\/media\/1611"}],"wp:attachment":[{"href":"https:\/\/sxflightcase.com\/pt\/wp-json\/wp\/v2\/media?parent=1607"}],"wp:term":[{"taxonomy":"product_brand","embeddable":true,"href":"https:\/\/sxflightcase.com\/pt\/wp-json\/wp\/v2\/product_brand?post=1607"},{"taxonomy":"product_cat","embeddable":true,"href":"https:\/\/sxflightcase.com\/pt\/wp-json\/wp\/v2\/product_cat?post=1607"},{"taxonomy":"product_tag","embeddable":true,"href":"https:\/\/sxflightcase.com\/pt\/wp-json\/wp\/v2\/product_tag?post=1607"}],"curies":[{"name":"wp","href":"https:\/\/api.w.org\/{rel}","templated":true}]}}