{"id":1612,"date":"2024-05-10T02:37:34","date_gmt":"2024-05-10T01:37:34","guid":{"rendered":"https:\/\/sxpowercase.com\/?post_type=product&#038;p=1612"},"modified":"2024-06-27T08:16:57","modified_gmt":"2024-06-27T07:16:57","slug":"19-rack-flight-case","status":"publish","type":"product","link":"https:\/\/sxflightcase.com\/pt\/produto\/mala-de-transporte-de-19-prateleiras\/","title":{"rendered":"Mala de transporte para rack MP 19"},"content":{"rendered":"<p><strong>Par\u00e2metro do produto (especifica\u00e7\u00e3o)<\/strong><\/p>\n<section class=\"table-wrap\">\n<table class=\"table\" width=\"100%\" cellspacing=\"0\" cellpadding=\"0\">\n<tbody>\n<tr class=\"firstRow\">\n<td width=\"134\">Nome do produto:<\/td>\n<td width=\"503\">Mala de transporte de 19 prateleiras<\/td>\n<\/tr>\n<tr>\n<td width=\"134\">Material e acess\u00f3rio:<\/td>\n<td width=\"503\">Contraplacado de 9 mm + Ferragens cromadas\/zincadas + Extrus\u00e3o de alum\u00ednio<br \/>\nTampas amov\u00edveis \u00e0 frente e atr\u00e1s<\/td>\n<\/tr>\n<tr>\n<td width=\"134\">Forro de espuma:<\/td>\n<td width=\"503\">Espuma de p\u00e9rola\/espuma EVA\/espuma de ovo, etc... regular ou por pedido<\/td>\n<\/tr>\n<tr>\n<td width=\"134\">Cor:<\/td>\n<td width=\"503\">Preto (cor predefinida), vermelho, azul, laranja, amarelo, verde, etc.<\/td>\n<\/tr>\n<tr>\n<td width=\"134\">Prazo de entrega:<\/td>\n<td width=\"503\">Encomenda de amostra 3 dias, Encomenda normal 7-15 dias<\/td>\n<\/tr>\n<tr>\n<td width=\"134\">Dimens\u00e3o:<\/td>\n<td width=\"503\">Depende da dimens\u00e3o do equipamento<\/td>\n<\/tr>\n<\/tbody>\n<\/table>\n<\/section>\n<h3>Proteja o seu equipamento com as malas de voo para rack SX 19\u2033.<\/h3>\n<h4>Malas de voo para rack de 19\u2033 SX: Seguras, fi\u00e1veis e vers\u00e1teis<\/h4>\n<p>Garanta a seguran\u00e7a e a portabilidade do seu equipamento com as malas SX 19\u2033 Rack Flight. Concebidas para utiliza\u00e7\u00e3o profissional, estas malas oferecem uma prote\u00e7\u00e3o robusta contra choques, pancadas e factores ambientais, mantendo a facilidade de transporte e configura\u00e7\u00e3o.<\/p>\n<h4>Constru\u00eddo para durabilidade<\/h4>\n<p>Na SX, damos prioridade \u00e0 durabilidade e ao desempenho. As nossas malas de voo para rack de 19\u2033 s\u00e3o fabricadas com materiais de alta qualidade, garantindo uma prote\u00e7\u00e3o duradoura para o seu valioso equipamento. Quer esteja a viajar entre concertos ou a instalar-se num local fixo, as nossas malas mant\u00eam o seu equipamento s\u00e3o e salvo.<\/p>\n<h4>Op\u00e7\u00f5es personaliz\u00e1veis<\/h4>\n<p>Compreendemos que cada configura\u00e7\u00e3o \u00e9 \u00fanica. \u00c9 por isso que as nossas malas de voo para rack de 19\u2033 s\u00e3o personaliz\u00e1veis para se adaptarem \u00e0s suas necessidades espec\u00edficas. Desde o acolchoamento interior e a absor\u00e7\u00e3o de choques \u00e0s cores exteriores e op\u00e7\u00f5es de marca, adaptamos as nossas malas para satisfazerem perfeitamente os seus requisitos.<\/p>\n<hr \/>\n<h4>Porqu\u00ea escolher as malas de voo para rack de 19\u2033 SX?<\/h4>\n<p>Escolher a SX significa escolher a fiabilidade e a tranquilidade. As nossas malas merecem a confian\u00e7a de profissionais de v\u00e1rios sectores, incluindo audiovisual, TI e telecomunica\u00e7\u00f5es. Com a sua constru\u00e7\u00e3o robusta e design cuidado, asseguram que o seu equipamento permanece protegido onde quer que v\u00e1.<\/p>\n<hr \/>\n<h4>Melhore a prote\u00e7\u00e3o do seu equipamento com<\/h4>\n<p>Invista hoje nas malas SX 19\u2033 Rack Flight e experimente uma maior seguran\u00e7a e comodidade para o seu equipamento. Quer seja para actua\u00e7\u00f5es ao vivo, instala\u00e7\u00f5es de est\u00fadio ou implementa\u00e7\u00f5es de TI, as caixas SX proporcionam a fiabilidade e durabilidade de que necessita. Contacte-nos agora para explorar a nossa gama e encontrar a solu\u00e7\u00e3o perfeita para a sua configura\u00e7\u00e3o.<\/p>\n<h3><strong>FAQs<\/strong><\/h3>\n<ul>\n<li><strong>Como funciona uma caixa de distribui\u00e7\u00e3o?<\/strong><br \/>\nAs caixas de distribui\u00e7\u00e3o regulam o fluxo de eletricidade para diferentes circuitos dentro de um edif\u00edcio, assegurando uma distribui\u00e7\u00e3o de energia segura e eficiente.<\/li>\n<li><strong>Quais s\u00e3o as vantagens da distribui\u00e7\u00e3o de energia el\u00e9ctrica?<\/strong><br \/>\nUma distribui\u00e7\u00e3o de energia eficaz aumenta a fiabilidade, a seguran\u00e7a e a efici\u00eancia energ\u00e9tica, contribuindo para a produtividade das empresas e o crescimento das receitas.<\/li>\n<li><strong>Como \u00e9 que os eventos em palco podem otimizar as suas estrat\u00e9gias de distribui\u00e7\u00e3o de energia?<\/strong><br \/>\npode otimizar a distribui\u00e7\u00e3o de energia investindo em equipamento moderno, efectuando uma manuten\u00e7\u00e3o regular e aplicando medidas de poupan\u00e7a de energia.<\/li>\n<li><strong>Que papel desempenha <a title=\"SX\" href=\"https:\/\/sxpowercase.com\/\" target=\"_blank\" rel=\"noopener\" data-wpil-monitor-id=\"111\">SX<\/a> na distribui\u00e7\u00e3o de energia?<\/strong><br \/>\nA SX fornece solu\u00e7\u00f5es para otimizar a distribui\u00e7\u00e3o de energia, ajudando as empresas a melhorar a efici\u00eancia, a fiabilidade e a rentabilidade.<\/li>\n<li><strong>A distribui\u00e7\u00e3o optimizada de energia pode conduzir a poupan\u00e7as de custos?<\/strong><br \/>\nSim, ao reduzir o desperd\u00edcio de energia e ao minimizar o tempo de inatividade, a distribui\u00e7\u00e3o de energia optimizada pode resultar em poupan\u00e7as de custos significativas para as empresas.<\/li>\n<li><strong>Como \u00e9 que a distribui\u00e7\u00e3o de energia contribui para o crescimento das empresas?<\/strong><br \/>\nA distribui\u00e7\u00e3o fi\u00e1vel de energia garante opera\u00e7\u00f5es ininterruptas, conduzindo a uma maior produtividade, satisfa\u00e7\u00e3o do cliente e, em \u00faltima an\u00e1lise, ao crescimento do neg\u00f3cio.<\/li>\n<\/ul>\n<p>Hot Tags: Pre\u00e7o baixo, em estoque, amostra gr\u00e1tis, cabo de alimenta\u00e7\u00e3o e sinal, fio de 4 condutores de calibre 16, caixa de suporte de microfone, gabinete de exibi\u00e7\u00e3o de LED ao ar livre, montagem em rack, caixa de distribui\u00e7\u00e3o el\u00e9trica, China, fornecedores, f\u00e1brica, personalizado, atacado, <span style=\"color: #993366;\"><a style=\"color: #993366;\" href=\"https:\/\/sxflightcase.com\/pt\/product-category\/all-product\/power-distribution-boxes\/\">caixas el\u00e9ctricas<\/a>,\u00a0<a style=\"color: #993366;\" href=\"https:\/\/sxflightcase.com\/pt\/product-category\/all-product\/hoist-controllers\/\">cabos el\u00e9ctricos<\/a>,\u00a0<a style=\"color: #993366;\" href=\"https:\/\/sxflightcase.com\/pt\/product-category\/all-product\/hoist-controllers\/\">controladores de guinchos<\/a>,\u00a0<a style=\"color: #993366;\" href=\"https:\/\/sxflightcase.com\/pt\/product-category\/all-product\/flight-case\/\">casos de voo.<\/a><\/span><\/p>","protected":false},"excerpt":{"rendered":"<h2 class=\"prodetails-name\">Mala de transporte de 19 prateleiras<\/h2>\n<p>Fundada em 2001, somos especializados na fabrica\u00e7\u00e3o de todos os tipos de caixa de v\u00f4o de montagem em rack com uma \u00e1rea de oficina de mais de 20,00 metros quadrados. N\u00f3s 19 rack flight case, 2u at\u00e9 20u depende da sua necessidade.<\/p>\n<p>&lt;p&gt;&lt;h2&gt;<strong>Introdu\u00e7\u00e3o \u00e0 produ\u00e7\u00e3o<\/strong><\/p>\n<p>Mala de transporte para 19 prateleiras com lingueta e ranhura em alum\u00ednio de f\u00e1cil encaixe e bloqueio. Orif\u00edcio de acesso aos cabos com tampa amov\u00edvel com emblema e trincos industriais de bloqueio de borboleta embutidos - preparado para cadeado.<\/p>","protected":false},"featured_media":1613,"comment_status":"open","ping_status":"closed","template":"","meta":[],"product_brand":[],"product_cat":[35],"product_tag":[50],"class_list":{"0":"post-1612","1":"product","2":"type-product","3":"status-publish","4":"has-post-thumbnail","6":"product_cat-standard-rack-cases","7":"product_tag-mp","9":"first","10":"instock","11":"shipping-taxable","12":"product-type-simple"},"yoast_head":"<!-- This site is optimized with the Yoast SEO Premium plugin v27.1 (Yoast SEO v27.2) - https:\/\/yoast.com\/product\/yoast-seo-premium-wordpress\/ -->\n<title>MP 19 Rack Flight Case - https:\/\/sxflightcase.com \ud83d\udc97<\/title>\n<meta name=\"description\" content=\"19 Rack Flight Case: Explore our factory-direct options for professional customization, ensuring optimal organization and protection of your equipment.\" \/>\n<meta name=\"robots\" content=\"index, follow, max-snippet:-1, max-image-preview:large, max-video-preview:-1\" \/>\n<link rel=\"canonical\" href=\"https:\/\/sxflightcase.com\/pt\/produto\/mala-de-transporte-de-19-prateleiras\/\" \/>\n<meta property=\"og:locale\" content=\"pt_PT\" \/>\n<meta property=\"og:type\" content=\"article\" \/>\n<meta property=\"og:title\" content=\"MP 19 Rack Flight Case\" \/>\n<meta property=\"og:description\" content=\"19 Rack Flight Case: Explore our factory-direct options for professional customization, ensuring optimal organization and protection of your equipment.\" \/>\n<meta property=\"og:url\" content=\"https:\/\/sxflightcase.com\/pt\/produto\/mala-de-transporte-de-19-prateleiras\/\" \/>\n<meta property=\"og:site_name\" content=\"https:\/\/sxflightcase.com\" \/>\n<meta property=\"article:publisher\" content=\"https:\/\/www.facebook.com\/profile.php?id=61560407257971\" \/>\n<meta property=\"article:modified_time\" content=\"2024-06-27T07:16:57+00:00\" \/>\n<meta property=\"og:image\" content=\"https:\/\/sxflightcase.com\/wp-content\/uploads\/2024\/05\/19-rack-flight-case42121776330.webp\" \/>\n\t<meta property=\"og:image:width\" content=\"750\" \/>\n\t<meta property=\"og:image:height\" content=\"750\" \/>\n\t<meta property=\"og:image:type\" content=\"image\/webp\" \/>\n<meta name=\"twitter:card\" content=\"summary_large_image\" \/>\n<meta name=\"twitter:label1\" content=\"Tempo estimado de leitura\" \/>\n\t<meta name=\"twitter:data1\" content=\"3 minutos\" \/>\n<script type=\"application\/ld+json\" class=\"yoast-schema-graph\">{\"@context\":\"https:\/\/schema.org\",\"@graph\":[{\"@type\":\"WebPage\",\"@id\":\"https:\/\/sxflightcase.com\/product\/19-rack-flight-case\/\",\"url\":\"https:\/\/sxflightcase.com\/product\/19-rack-flight-case\/\",\"name\":\"MP 19 Rack Flight Case - https:\/\/sxflightcase.com \ud83d\udc97\",\"isPartOf\":{\"@id\":\"https:\/\/sxflightcase.com\/th\/#website\"},\"primaryImageOfPage\":{\"@id\":\"https:\/\/sxflightcase.com\/product\/19-rack-flight-case\/#primaryimage\"},\"image\":{\"@id\":\"https:\/\/sxflightcase.com\/product\/19-rack-flight-case\/#primaryimage\"},\"thumbnailUrl\":\"https:\/\/sxflightcase.com\/wp-content\/uploads\/2024\/05\/19-rack-flight-case42121776330.webp\",\"datePublished\":\"2024-05-10T01:37:34+00:00\",\"dateModified\":\"2024-06-27T07:16:57+00:00\",\"description\":\"19 Rack Flight Case: Explore our factory-direct options for professional customization, ensuring optimal organization and protection of your equipment.\",\"breadcrumb\":{\"@id\":\"https:\/\/sxflightcase.com\/product\/19-rack-flight-case\/#breadcrumb\"},\"inLanguage\":\"pt-PT\",\"potentialAction\":[{\"@type\":\"ReadAction\",\"target\":[\"https:\/\/sxflightcase.com\/product\/19-rack-flight-case\/\"]}]},{\"@type\":\"ImageObject\",\"inLanguage\":\"pt-PT\",\"@id\":\"https:\/\/sxflightcase.com\/product\/19-rack-flight-case\/#primaryimage\",\"url\":\"https:\/\/sxflightcase.com\/wp-content\/uploads\/2024\/05\/19-rack-flight-case42121776330.webp\",\"contentUrl\":\"https:\/\/sxflightcase.com\/wp-content\/uploads\/2024\/05\/19-rack-flight-case42121776330.webp\",\"width\":750,\"height\":750,\"caption\":\"19 Rack Flight Case\"},{\"@type\":\"BreadcrumbList\",\"@id\":\"https:\/\/sxflightcase.com\/product\/19-rack-flight-case\/#breadcrumb\",\"itemListElement\":[{\"@type\":\"ListItem\",\"position\":1,\"name\":\"Home\",\"item\":\"https:\/\/sxflightcase.com\/\"},{\"@type\":\"ListItem\",\"position\":2,\"name\":\"\u0e2a\u0e34\u0e19\u0e04\u0e49\u0e32\",\"item\":\"https:\/\/sxflightcase.com\/th\/shop\/\"},{\"@type\":\"ListItem\",\"position\":3,\"name\":\"MP 19 Rack Flight Case\"}]},{\"@type\":\"WebSite\",\"@id\":\"https:\/\/sxflightcase.com\/th\/#website\",\"url\":\"https:\/\/sxflightcase.com\/th\/\",\"name\":\"sxpowercase.com\",\"description\":\"Flight Case Factory\",\"publisher\":{\"@id\":\"https:\/\/sxflightcase.com\/th\/#organization\"},\"potentialAction\":[{\"@type\":\"SearchAction\",\"target\":{\"@type\":\"EntryPoint\",\"urlTemplate\":\"https:\/\/sxflightcase.com\/th\/?s={search_term_string}\"},\"query-input\":{\"@type\":\"PropertyValueSpecification\",\"valueRequired\":true,\"valueName\":\"search_term_string\"}}],\"inLanguage\":\"pt-PT\"},{\"@type\":\"Organization\",\"@id\":\"https:\/\/sxflightcase.com\/th\/#organization\",\"name\":\"sxpowercase.com\",\"url\":\"https:\/\/sxflightcase.com\/th\/\",\"logo\":{\"@type\":\"ImageObject\",\"inLanguage\":\"pt-PT\",\"@id\":\"https:\/\/sxflightcase.com\/th\/#\/schema\/logo\/image\/\",\"url\":\"https:\/\/sxflightcase.com\/wp-content\/uploads\/2024\/04\/1713919036007.jpg\",\"contentUrl\":\"https:\/\/sxflightcase.com\/wp-content\/uploads\/2024\/04\/1713919036007.jpg\",\"width\":382,\"height\":388,\"caption\":\"sxpowercase.com\"},\"image\":{\"@id\":\"https:\/\/sxflightcase.com\/th\/#\/schema\/logo\/image\/\"},\"sameAs\":[\"https:\/\/www.facebook.com\/profile.php?id=61560407257971\"],\"numberOfEmployees\":{\"@type\":\"QuantitativeValue\",\"minValue\":\"11\",\"maxValue\":\"50\"}}]}<\/script>\n<!-- \/ Yoast SEO Premium plugin. -->","yoast_head_json":{"title":"MP 19 Rack Flight Case - https:\/\/sxflightcase.com \ud83d\udc97","description":"Mala de transporte para rack de 19: Explore as nossas op\u00e7\u00f5es diretas da f\u00e1brica para personaliza\u00e7\u00e3o profissional, garantindo uma organiza\u00e7\u00e3o e prote\u00e7\u00e3o ideais do seu equipamento.","robots":{"index":"index","follow":"follow","max-snippet":"max-snippet:-1","max-image-preview":"max-image-preview:large","max-video-preview":"max-video-preview:-1"},"canonical":"https:\/\/sxflightcase.com\/pt\/produto\/mala-de-transporte-de-19-prateleiras\/","og_locale":"pt_PT","og_type":"article","og_title":"MP 19 Rack Flight Case","og_description":"19 Rack Flight Case: Explore our factory-direct options for professional customization, ensuring optimal organization and protection of your equipment.","og_url":"https:\/\/sxflightcase.com\/pt\/produto\/mala-de-transporte-de-19-prateleiras\/","og_site_name":"https:\/\/sxflightcase.com","article_publisher":"https:\/\/www.facebook.com\/profile.php?id=61560407257971","article_modified_time":"2024-06-27T07:16:57+00:00","og_image":[{"width":750,"height":750,"url":"https:\/\/sxflightcase.com\/wp-content\/uploads\/2024\/05\/19-rack-flight-case42121776330.webp","type":"image\/webp"}],"twitter_card":"summary_large_image","twitter_misc":{"Tempo estimado de leitura":"3 minutos"},"schema":{"@context":"https:\/\/schema.org","@graph":[{"@type":"WebPage","@id":"https:\/\/sxflightcase.com\/product\/19-rack-flight-case\/","url":"https:\/\/sxflightcase.com\/product\/19-rack-flight-case\/","name":"MP 19 Rack Flight Case - https:\/\/sxflightcase.com \ud83d\udc97","isPartOf":{"@id":"https:\/\/sxflightcase.com\/th\/#website"},"primaryImageOfPage":{"@id":"https:\/\/sxflightcase.com\/product\/19-rack-flight-case\/#primaryimage"},"image":{"@id":"https:\/\/sxflightcase.com\/product\/19-rack-flight-case\/#primaryimage"},"thumbnailUrl":"https:\/\/sxflightcase.com\/wp-content\/uploads\/2024\/05\/19-rack-flight-case42121776330.webp","datePublished":"2024-05-10T01:37:34+00:00","dateModified":"2024-06-27T07:16:57+00:00","description":"Mala de transporte para rack de 19: Explore as nossas op\u00e7\u00f5es diretas da f\u00e1brica para personaliza\u00e7\u00e3o profissional, garantindo uma organiza\u00e7\u00e3o e prote\u00e7\u00e3o ideais do seu equipamento.","breadcrumb":{"@id":"https:\/\/sxflightcase.com\/product\/19-rack-flight-case\/#breadcrumb"},"inLanguage":"pt-PT","potentialAction":[{"@type":"ReadAction","target":["https:\/\/sxflightcase.com\/product\/19-rack-flight-case\/"]}]},{"@type":"ImageObject","inLanguage":"pt-PT","@id":"https:\/\/sxflightcase.com\/product\/19-rack-flight-case\/#primaryimage","url":"https:\/\/sxflightcase.com\/wp-content\/uploads\/2024\/05\/19-rack-flight-case42121776330.webp","contentUrl":"https:\/\/sxflightcase.com\/wp-content\/uploads\/2024\/05\/19-rack-flight-case42121776330.webp","width":750,"height":750,"caption":"19 Rack Flight Case"},{"@type":"BreadcrumbList","@id":"https:\/\/sxflightcase.com\/product\/19-rack-flight-case\/#breadcrumb","itemListElement":[{"@type":"ListItem","position":1,"name":"Home","item":"https:\/\/sxflightcase.com\/"},{"@type":"ListItem","position":2,"name":"\u0e2a\u0e34\u0e19\u0e04\u0e49\u0e32","item":"https:\/\/sxflightcase.com\/th\/shop\/"},{"@type":"ListItem","position":3,"name":"MP 19 Rack Flight Case"}]},{"@type":"WebSite","@id":"https:\/\/sxflightcase.com\/th\/#website","url":"https:\/\/sxflightcase.com\/th\/","name":"sxpowercase.com","description":"F\u00e1brica de malas de voo","publisher":{"@id":"https:\/\/sxflightcase.com\/th\/#organization"},"potentialAction":[{"@type":"SearchAction","target":{"@type":"EntryPoint","urlTemplate":"https:\/\/sxflightcase.com\/th\/?s={search_term_string}"},"query-input":{"@type":"PropertyValueSpecification","valueRequired":true,"valueName":"search_term_string"}}],"inLanguage":"pt-PT"},{"@type":"Organization","@id":"https:\/\/sxflightcase.com\/th\/#organization","name":"sxpowercase.com","url":"https:\/\/sxflightcase.com\/th\/","logo":{"@type":"ImageObject","inLanguage":"pt-PT","@id":"https:\/\/sxflightcase.com\/th\/#\/schema\/logo\/image\/","url":"https:\/\/sxflightcase.com\/wp-content\/uploads\/2024\/04\/1713919036007.jpg","contentUrl":"https:\/\/sxflightcase.com\/wp-content\/uploads\/2024\/04\/1713919036007.jpg","width":382,"height":388,"caption":"sxpowercase.com"},"image":{"@id":"https:\/\/sxflightcase.com\/th\/#\/schema\/logo\/image\/"},"sameAs":["https:\/\/www.facebook.com\/profile.php?id=61560407257971"],"numberOfEmployees":{"@type":"QuantitativeValue","minValue":"11","maxValue":"50"}}]}},"_links":{"self":[{"href":"https:\/\/sxflightcase.com\/pt\/wp-json\/wp\/v2\/product\/1612","targetHints":{"allow":["GET"]}}],"collection":[{"href":"https:\/\/sxflightcase.com\/pt\/wp-json\/wp\/v2\/product"}],"about":[{"href":"https:\/\/sxflightcase.com\/pt\/wp-json\/wp\/v2\/types\/product"}],"replies":[{"embeddable":true,"href":"https:\/\/sxflightcase.com\/pt\/wp-json\/wp\/v2\/comments?post=1612"}],"version-history":[{"count":0,"href":"https:\/\/sxflightcase.com\/pt\/wp-json\/wp\/v2\/product\/1612\/revisions"}],"wp:featuredmedia":[{"embeddable":true,"href":"https:\/\/sxflightcase.com\/pt\/wp-json\/wp\/v2\/media\/1613"}],"wp:attachment":[{"href":"https:\/\/sxflightcase.com\/pt\/wp-json\/wp\/v2\/media?parent=1612"}],"wp:term":[{"taxonomy":"product_brand","embeddable":true,"href":"https:\/\/sxflightcase.com\/pt\/wp-json\/wp\/v2\/product_brand?post=1612"},{"taxonomy":"product_cat","embeddable":true,"href":"https:\/\/sxflightcase.com\/pt\/wp-json\/wp\/v2\/product_cat?post=1612"},{"taxonomy":"product_tag","embeddable":true,"href":"https:\/\/sxflightcase.com\/pt\/wp-json\/wp\/v2\/product_tag?post=1612"}],"curies":[{"name":"wp","href":"https:\/\/api.w.org\/{rel}","templated":true}]}}