{"id":1636,"date":"2024-05-10T03:14:38","date_gmt":"2024-05-10T02:14:38","guid":{"rendered":"https:\/\/sxpowercase.com\/?post_type=product&#038;p=1636"},"modified":"2024-06-26T10:15:57","modified_gmt":"2024-06-26T09:15:57","slug":"rack-mount","status":"publish","type":"product","link":"https:\/\/sxflightcase.com\/pt\/produto\/montagem-em-bastidor\/","title":{"rendered":"Sem porta Montagem em rack 19U"},"content":{"rendered":"<p><strong>Par\u00e2metro do produto (especifica\u00e7\u00e3o)<\/strong><\/p>\n<section class=\"table-wrap\">\n<table class=\"table\" width=\"100%\" cellspacing=\"0\" cellpadding=\"0\">\n<tbody>\n<tr class=\"firstRow\">\n<td width=\"134\">Nome do produto:<\/td>\n<td width=\"503\">Montagem em bastidor<\/td>\n<\/tr>\n<tr>\n<td width=\"134\">Material<\/td>\n<td width=\"503\">Estrutura de alum\u00ednio + \u00e0 prova de fogo + contraplacado de 9 mm<\/td>\n<\/tr>\n<tr>\n<td width=\"134\">No interior<\/td>\n<td width=\"503\">Espuma de alta densidade \u00e0 prova de choque<\/td>\n<\/tr>\n<tr>\n<td width=\"134\">Tamanho<\/td>\n<td width=\"503\">Pode ser personalizado<\/td>\n<\/tr>\n<tr>\n<td width=\"134\">Acess\u00f3rios<\/td>\n<td width=\"503\">Quatro fechos de borboleta, quatro rodas para facilitar o transporte, quatro pegas resistentes<\/td>\n<\/tr>\n<tr>\n<td width=\"134\">Personalizado<\/td>\n<td width=\"503\">Todos os tipos de personaliza\u00e7\u00e3o s\u00e3o bem-vindos, como o material da caixa de alum\u00ednio, dimens\u00e3o, enchimentos internos, al\u00e7as, fechaduras e assim por diante.<\/td>\n<\/tr>\n<\/tbody>\n<\/table>\n<\/section>\n<h2>Proteja e optimize o seu equipamento com as solu\u00e7\u00f5es de montagem em bastidor da SX<\/h2>\n<h3>Qualidade e prote\u00e7\u00e3o inigual\u00e1veis<\/h3>\n<p>Em <a href=\"https:\/\/sxpowercase.com\/\" target=\"_blank\"  rel=\"noopener\" title=\"SX\"  data-wpil-monitor-id=\"486\">SX<\/a>A nossa empresa, a Rack Mount, compreende a import\u00e2ncia de proteger e organizar o seu valioso equipamento. As nossas solu\u00e7\u00f5es de montagem em bastidor foram concebidas para proporcionar uma prote\u00e7\u00e3o superior e uma organiza\u00e7\u00e3o \u00f3ptima para todo o seu equipamento profissional. Fabricados com materiais de alta qualidade, os suportes de rack SX garantem que o seu equipamento permanece seguro contra danos, quer seja armazenado ou em tr\u00e2nsito. Confie na SX para fornecer a fiabilidade de que necessita para as suas opera\u00e7\u00f5es comerciais.<\/p>\n<h3>Vendas diretas da f\u00e1brica para um valor superior<\/h3>\n<p>A SX est\u00e1 empenhada em oferecer o melhor valor aos nossos clientes. Ao utilizar as vendas diretas da f\u00e1brica, eliminamos o intermedi\u00e1rio, o que nos permite fornecer as nossas solu\u00e7\u00f5es de montagem em bastidor a pre\u00e7os competitivos. Esta abordagem garante que recebe produtos de alta qualidade sem os custos inflacionados. Poupe dinheiro e obtenha o melhor com o modelo de vendas diretas da SX. Aumente a efici\u00eancia da sua empresa com as solu\u00e7\u00f5es econ\u00f3micas e fi\u00e1veis da SX.<\/p>\n<h3>Personaliza\u00e7\u00e3o para atender \u00e0s suas necessidades espec\u00edficas<\/h3>\n<p>Cada configura\u00e7\u00e3o profissional tem requisitos \u00fanicos, e a SX est\u00e1 aqui para os satisfazer. Nossas solu\u00e7\u00f5es de montagem em rack v\u00eam com amplas op\u00e7\u00f5es de personaliza\u00e7\u00e3o. Quer necessite de dimens\u00f5es espec\u00edficas, compartimentos adicionais ou marca personalizada, a SX pode adaptar os nossos produtos \u00e0s suas necessidades exactas. Os nossos servi\u00e7os personalizados garantem que o seu equipamento n\u00e3o est\u00e1 apenas protegido, mas tamb\u00e9m organizado da forma mais eficiente poss\u00edvel.<\/p>\n<hr \/>\n<h3>Porqu\u00ea escolher a SX?<\/h3>\n<p>Escolher a SX significa investir em prote\u00e7\u00e3o e organiza\u00e7\u00e3o de topo para o seu equipamento. O nosso modelo de vendas diretas da f\u00e1brica garante os melhores pre\u00e7os, mantendo os padr\u00f5es de alta qualidade. Com a nossa dedica\u00e7\u00e3o \u00e0 personaliza\u00e7\u00e3o, as solu\u00e7\u00f5es de montagem em bastidor da SX ir\u00e3o satisfazer as suas necessidades espec\u00edficas e exceder as suas expectativas. Fa\u00e7a uma parceria com a SX hoje mesmo para experimentar como os nossos produtos podem elevar as suas opera\u00e7\u00f5es comerciais e proteger eficazmente o seu valioso equipamento.<\/p>\n<p><strong>Controlo de qualidade<\/strong><\/p>\n<p>Temos uma pessoa do QC nas linhas de produ\u00e7\u00e3o para fazer a inspe\u00e7\u00e3o. Todos os produtos devem ter sido inspeccionados antes da entrega. Fazemos a inspe\u00e7\u00e3o em linha e a inspe\u00e7\u00e3o final.<\/p>\n<p>1. toda a mat\u00e9ria-prima verificada uma vez que chegar a nossa f\u00e1brica.<\/p>\n<p>2. todas as pe\u00e7as e log\u00f3tipo e todos os detalhes verificados durante a produ\u00e7\u00e3o.<\/p>\n<p>3. todos os pormenores da embalagem s\u00e3o verificados durante a produ\u00e7\u00e3o.<\/p>\n<p>4. toda a qualidade de produ\u00e7\u00e3o e embalagem verificada na inspe\u00e7\u00e3o final depois de terminada.<\/p>\n<p>Hot Tags: Pre\u00e7o baixo, em estoque, amostra gr\u00e1tis, cabo de alimenta\u00e7\u00e3o e sinal, fio de 4 condutores de calibre 16, caixa de suporte de microfone, gabinete de exibi\u00e7\u00e3o de led ao ar livre, montagem em rack, caixas de v\u00f4o de misturador de montagem em rack de 19 \", caixa de distribui\u00e7\u00e3o el\u00e9trica, China, fornecedores, f\u00e1brica, personalizado, atacado, <span style=\"color: #993366;\"><a style=\"color: #993366;\" href=\"https:\/\/sxflightcase.com\/pt\/product-category\/all-product\/power-distribution-boxes\/\">caixas el\u00e9ctricas<\/a>,\u00a0<a style=\"color: #993366;\" href=\"https:\/\/sxflightcase.com\/pt\/product-category\/all-product\/hoist-controllers\/\">cabos el\u00e9ctricos<\/a>,\u00a0<a style=\"color: #993366;\" href=\"https:\/\/sxflightcase.com\/pt\/product-category\/all-product\/hoist-controllers\/\">controladores de guinchos<\/a>,\u00a0<a style=\"color: #993366;\" href=\"https:\/\/sxflightcase.com\/pt\/product-category\/all-product\/flight-case\/\">casos de voo.<\/a><\/span><\/p>","protected":false},"excerpt":{"rendered":"<h2 class=\"prodetails-name\">Montagem em rack<\/h2>\n<p>Fundada em 2001, somos especializados no fabrico de todos os tipos de montagem em rack <a class=\"wpil_keyword_link\" title=\"mala de voo\" href=\"https:\/\/sxpowercase.com\/product-category\/all-product\/flight-case\/\" target=\"_blank\" rel=\"noopener\" data-wpil-keyword-link=\"linked\" data-wpil-monitor-id=\"395\">mala de voo<\/a> com uma \u00e1rea de oficina de mais de 20,00 metros quadrados. Normalmente, fazemos montagem em rack de 2u a 20u, mas tamb\u00e9m fazemos tamanhos diferentes, dependendo da sua necessidade.<\/p>\n<h2><strong>Introdu\u00e7\u00e3o \u00e0 produ\u00e7\u00e3o<\/strong><\/h2>\n<p>A montagem em bastidor tem cantos esf\u00e9ricos de a\u00e7o refor\u00e7ados para prote\u00e7\u00e3o e f\u00e1cil empilhamento, bem como pegas de a\u00e7o com borracha embutida e fechos de tor\u00e7\u00e3o tipo borboleta embutidos para os proteger de danos durante o transporte.<\/p>","protected":false},"featured_media":1637,"comment_status":"open","ping_status":"closed","template":"","meta":[],"product_brand":[],"product_cat":[35],"product_tag":[51],"class_list":{"0":"post-1636","1":"product","2":"type-product","3":"status-publish","4":"has-post-thumbnail","6":"product_cat-standard-rack-cases","7":"product_tag-no-door","9":"first","10":"instock","11":"shipping-taxable","12":"product-type-simple"},"yoast_head":"<!-- This site is optimized with the Yoast SEO Premium plugin v27.1 (Yoast SEO v27.2) - https:\/\/yoast.com\/product\/yoast-seo-premium-wordpress\/ -->\n<title>No door Rack Mount 19U Manufacture- https:\/\/sxflightcase.com<\/title>\n<meta name=\"description\" content=\"Rack Mount Manufacture: Explore our factory-direct options for professional customization, ensuring optimal organization and protection of your equipment.\" \/>\n<meta name=\"robots\" content=\"index, follow, max-snippet:-1, max-image-preview:large, max-video-preview:-1\" \/>\n<link rel=\"canonical\" href=\"https:\/\/sxflightcase.com\/pt\/produkt\/gestellmontage-2\/\" \/>\n<meta property=\"og:locale\" content=\"pt_PT\" \/>\n<meta property=\"og:type\" content=\"article\" \/>\n<meta property=\"og:title\" content=\"No door Rack Mount 19U\" \/>\n<meta property=\"og:description\" content=\"Rack Mount Manufacture: Explore our factory-direct options for professional customization, ensuring optimal organization and protection of your equipment.\" \/>\n<meta property=\"og:url\" content=\"https:\/\/sxflightcase.com\/pt\/produkt\/gestellmontage-2\/\" \/>\n<meta property=\"og:site_name\" content=\"https:\/\/sxflightcase.com\" \/>\n<meta property=\"article:publisher\" content=\"https:\/\/www.facebook.com\/profile.php?id=61560407257971\" \/>\n<meta property=\"article:modified_time\" content=\"2024-06-26T09:15:57+00:00\" \/>\n<meta property=\"og:image\" content=\"https:\/\/sxflightcase.com\/wp-content\/uploads\/2024\/05\/rack-mount55514879495.webp\" \/>\n\t<meta property=\"og:image:width\" content=\"750\" \/>\n\t<meta property=\"og:image:height\" content=\"750\" \/>\n\t<meta property=\"og:image:type\" content=\"image\/webp\" \/>\n<meta name=\"twitter:card\" content=\"summary_large_image\" \/>\n<meta name=\"twitter:label1\" content=\"Tempo estimado de leitura\" \/>\n\t<meta name=\"twitter:data1\" content=\"3 minutos\" \/>\n<script type=\"application\/ld+json\" class=\"yoast-schema-graph\">{\"@context\":\"https:\/\/schema.org\",\"@graph\":[{\"@type\":\"WebPage\",\"@id\":\"https:\/\/sxflightcase.com\/de\/produkt\/gestellmontage-2\/\",\"url\":\"https:\/\/sxflightcase.com\/de\/produkt\/gestellmontage-2\/\",\"name\":\"No door Rack Mount 19U Manufacture- https:\/\/sxflightcase.com\",\"isPartOf\":{\"@id\":\"https:\/\/sxflightcase.com\/th\/#website\"},\"primaryImageOfPage\":{\"@id\":\"https:\/\/sxflightcase.com\/de\/produkt\/gestellmontage-2\/#primaryimage\"},\"image\":{\"@id\":\"https:\/\/sxflightcase.com\/de\/produkt\/gestellmontage-2\/#primaryimage\"},\"thumbnailUrl\":\"https:\/\/sxflightcase.com\/wp-content\/uploads\/2024\/05\/rack-mount55514879495.webp\",\"datePublished\":\"2024-05-10T02:14:38+00:00\",\"dateModified\":\"2024-06-26T09:15:57+00:00\",\"description\":\"Rack Mount Manufacture: Explore our factory-direct options for professional customization, ensuring optimal organization and protection of your equipment.\",\"breadcrumb\":{\"@id\":\"https:\/\/sxflightcase.com\/de\/produkt\/gestellmontage-2\/#breadcrumb\"},\"inLanguage\":\"pt-PT\",\"potentialAction\":[{\"@type\":\"ReadAction\",\"target\":[\"https:\/\/sxflightcase.com\/de\/produkt\/gestellmontage-2\/\"]}]},{\"@type\":\"ImageObject\",\"inLanguage\":\"pt-PT\",\"@id\":\"https:\/\/sxflightcase.com\/de\/produkt\/gestellmontage-2\/#primaryimage\",\"url\":\"https:\/\/sxflightcase.com\/wp-content\/uploads\/2024\/05\/rack-mount55514879495.webp\",\"contentUrl\":\"https:\/\/sxflightcase.com\/wp-content\/uploads\/2024\/05\/rack-mount55514879495.webp\",\"width\":750,\"height\":750,\"caption\":\"Rack Mount\"},{\"@type\":\"BreadcrumbList\",\"@id\":\"https:\/\/sxflightcase.com\/de\/produkt\/gestellmontage-2\/#breadcrumb\",\"itemListElement\":[{\"@type\":\"ListItem\",\"position\":1,\"name\":\"Home\",\"item\":\"https:\/\/sxflightcase.com\/\"},{\"@type\":\"ListItem\",\"position\":2,\"name\":\"\u0e2a\u0e34\u0e19\u0e04\u0e49\u0e32\",\"item\":\"https:\/\/sxflightcase.com\/th\/shop\/\"},{\"@type\":\"ListItem\",\"position\":3,\"name\":\"No door Rack Mount 19U\"}]},{\"@type\":\"WebSite\",\"@id\":\"https:\/\/sxflightcase.com\/th\/#website\",\"url\":\"https:\/\/sxflightcase.com\/th\/\",\"name\":\"sxpowercase.com\",\"description\":\"Flight Case Factory\",\"publisher\":{\"@id\":\"https:\/\/sxflightcase.com\/th\/#organization\"},\"potentialAction\":[{\"@type\":\"SearchAction\",\"target\":{\"@type\":\"EntryPoint\",\"urlTemplate\":\"https:\/\/sxflightcase.com\/th\/?s={search_term_string}\"},\"query-input\":{\"@type\":\"PropertyValueSpecification\",\"valueRequired\":true,\"valueName\":\"search_term_string\"}}],\"inLanguage\":\"pt-PT\"},{\"@type\":\"Organization\",\"@id\":\"https:\/\/sxflightcase.com\/th\/#organization\",\"name\":\"sxpowercase.com\",\"url\":\"https:\/\/sxflightcase.com\/th\/\",\"logo\":{\"@type\":\"ImageObject\",\"inLanguage\":\"pt-PT\",\"@id\":\"https:\/\/sxflightcase.com\/th\/#\/schema\/logo\/image\/\",\"url\":\"https:\/\/sxflightcase.com\/wp-content\/uploads\/2024\/04\/1713919036007.jpg\",\"contentUrl\":\"https:\/\/sxflightcase.com\/wp-content\/uploads\/2024\/04\/1713919036007.jpg\",\"width\":382,\"height\":388,\"caption\":\"sxpowercase.com\"},\"image\":{\"@id\":\"https:\/\/sxflightcase.com\/th\/#\/schema\/logo\/image\/\"},\"sameAs\":[\"https:\/\/www.facebook.com\/profile.php?id=61560407257971\"],\"numberOfEmployees\":{\"@type\":\"QuantitativeValue\",\"minValue\":\"11\",\"maxValue\":\"50\"}}]}<\/script>\n<!-- \/ Yoast SEO Premium plugin. -->","yoast_head_json":{"title":"No door Rack Mount 19U Manufacture- https:\/\/sxflightcase.com","description":"Fabrico de suportes de rack: Explore as nossas op\u00e7\u00f5es diretas da f\u00e1brica para personaliza\u00e7\u00e3o profissional, garantindo uma organiza\u00e7\u00e3o e prote\u00e7\u00e3o ideais do seu equipamento.","robots":{"index":"index","follow":"follow","max-snippet":"max-snippet:-1","max-image-preview":"max-image-preview:large","max-video-preview":"max-video-preview:-1"},"canonical":"https:\/\/sxflightcase.com\/pt\/produkt\/gestellmontage-2\/","og_locale":"pt_PT","og_type":"article","og_title":"No door Rack Mount 19U","og_description":"Rack Mount Manufacture: Explore our factory-direct options for professional customization, ensuring optimal organization and protection of your equipment.","og_url":"https:\/\/sxflightcase.com\/pt\/produkt\/gestellmontage-2\/","og_site_name":"https:\/\/sxflightcase.com","article_publisher":"https:\/\/www.facebook.com\/profile.php?id=61560407257971","article_modified_time":"2024-06-26T09:15:57+00:00","og_image":[{"width":750,"height":750,"url":"https:\/\/sxflightcase.com\/wp-content\/uploads\/2024\/05\/rack-mount55514879495.webp","type":"image\/webp"}],"twitter_card":"summary_large_image","twitter_misc":{"Tempo estimado de leitura":"3 minutos"},"schema":{"@context":"https:\/\/schema.org","@graph":[{"@type":"WebPage","@id":"https:\/\/sxflightcase.com\/de\/produkt\/gestellmontage-2\/","url":"https:\/\/sxflightcase.com\/de\/produkt\/gestellmontage-2\/","name":"No door Rack Mount 19U Manufacture- https:\/\/sxflightcase.com","isPartOf":{"@id":"https:\/\/sxflightcase.com\/th\/#website"},"primaryImageOfPage":{"@id":"https:\/\/sxflightcase.com\/de\/produkt\/gestellmontage-2\/#primaryimage"},"image":{"@id":"https:\/\/sxflightcase.com\/de\/produkt\/gestellmontage-2\/#primaryimage"},"thumbnailUrl":"https:\/\/sxflightcase.com\/wp-content\/uploads\/2024\/05\/rack-mount55514879495.webp","datePublished":"2024-05-10T02:14:38+00:00","dateModified":"2024-06-26T09:15:57+00:00","description":"Fabrico de suportes de rack: Explore as nossas op\u00e7\u00f5es diretas da f\u00e1brica para personaliza\u00e7\u00e3o profissional, garantindo uma organiza\u00e7\u00e3o e prote\u00e7\u00e3o ideais do seu equipamento.","breadcrumb":{"@id":"https:\/\/sxflightcase.com\/de\/produkt\/gestellmontage-2\/#breadcrumb"},"inLanguage":"pt-PT","potentialAction":[{"@type":"ReadAction","target":["https:\/\/sxflightcase.com\/de\/produkt\/gestellmontage-2\/"]}]},{"@type":"ImageObject","inLanguage":"pt-PT","@id":"https:\/\/sxflightcase.com\/de\/produkt\/gestellmontage-2\/#primaryimage","url":"https:\/\/sxflightcase.com\/wp-content\/uploads\/2024\/05\/rack-mount55514879495.webp","contentUrl":"https:\/\/sxflightcase.com\/wp-content\/uploads\/2024\/05\/rack-mount55514879495.webp","width":750,"height":750,"caption":"Rack Mount"},{"@type":"BreadcrumbList","@id":"https:\/\/sxflightcase.com\/de\/produkt\/gestellmontage-2\/#breadcrumb","itemListElement":[{"@type":"ListItem","position":1,"name":"Home","item":"https:\/\/sxflightcase.com\/"},{"@type":"ListItem","position":2,"name":"\u0e2a\u0e34\u0e19\u0e04\u0e49\u0e32","item":"https:\/\/sxflightcase.com\/th\/shop\/"},{"@type":"ListItem","position":3,"name":"No door Rack Mount 19U"}]},{"@type":"WebSite","@id":"https:\/\/sxflightcase.com\/th\/#website","url":"https:\/\/sxflightcase.com\/th\/","name":"sxpowercase.com","description":"F\u00e1brica de malas de voo","publisher":{"@id":"https:\/\/sxflightcase.com\/th\/#organization"},"potentialAction":[{"@type":"SearchAction","target":{"@type":"EntryPoint","urlTemplate":"https:\/\/sxflightcase.com\/th\/?s={search_term_string}"},"query-input":{"@type":"PropertyValueSpecification","valueRequired":true,"valueName":"search_term_string"}}],"inLanguage":"pt-PT"},{"@type":"Organization","@id":"https:\/\/sxflightcase.com\/th\/#organization","name":"sxpowercase.com","url":"https:\/\/sxflightcase.com\/th\/","logo":{"@type":"ImageObject","inLanguage":"pt-PT","@id":"https:\/\/sxflightcase.com\/th\/#\/schema\/logo\/image\/","url":"https:\/\/sxflightcase.com\/wp-content\/uploads\/2024\/04\/1713919036007.jpg","contentUrl":"https:\/\/sxflightcase.com\/wp-content\/uploads\/2024\/04\/1713919036007.jpg","width":382,"height":388,"caption":"sxpowercase.com"},"image":{"@id":"https:\/\/sxflightcase.com\/th\/#\/schema\/logo\/image\/"},"sameAs":["https:\/\/www.facebook.com\/profile.php?id=61560407257971"],"numberOfEmployees":{"@type":"QuantitativeValue","minValue":"11","maxValue":"50"}}]}},"_links":{"self":[{"href":"https:\/\/sxflightcase.com\/pt\/wp-json\/wp\/v2\/product\/1636","targetHints":{"allow":["GET"]}}],"collection":[{"href":"https:\/\/sxflightcase.com\/pt\/wp-json\/wp\/v2\/product"}],"about":[{"href":"https:\/\/sxflightcase.com\/pt\/wp-json\/wp\/v2\/types\/product"}],"replies":[{"embeddable":true,"href":"https:\/\/sxflightcase.com\/pt\/wp-json\/wp\/v2\/comments?post=1636"}],"version-history":[{"count":0,"href":"https:\/\/sxflightcase.com\/pt\/wp-json\/wp\/v2\/product\/1636\/revisions"}],"wp:featuredmedia":[{"embeddable":true,"href":"https:\/\/sxflightcase.com\/pt\/wp-json\/wp\/v2\/media\/1637"}],"wp:attachment":[{"href":"https:\/\/sxflightcase.com\/pt\/wp-json\/wp\/v2\/media?parent=1636"}],"wp:term":[{"taxonomy":"product_brand","embeddable":true,"href":"https:\/\/sxflightcase.com\/pt\/wp-json\/wp\/v2\/product_brand?post=1636"},{"taxonomy":"product_cat","embeddable":true,"href":"https:\/\/sxflightcase.com\/pt\/wp-json\/wp\/v2\/product_cat?post=1636"},{"taxonomy":"product_tag","embeddable":true,"href":"https:\/\/sxflightcase.com\/pt\/wp-json\/wp\/v2\/product_tag?post=1636"}],"curies":[{"name":"wp","href":"https:\/\/api.w.org\/{rel}","templated":true}]}}