{"id":1641,"date":"2024-05-10T03:25:08","date_gmt":"2024-05-10T02:25:08","guid":{"rendered":"https:\/\/sxpowercase.com\/?post_type=product&#038;p=1641"},"modified":"2024-07-16T03:18:06","modified_gmt":"2024-07-16T02:18:06","slug":"rack-mount-mixer-case","status":"publish","type":"product","link":"https:\/\/sxflightcase.com\/pt\/produto\/caixa-de-misturador-para-montagem-em-rack\/","title":{"rendered":"Caixa de mistura para montagem em rack MP"},"content":{"rendered":"<h3><strong>Introdu\u00e7\u00e3o \u00e0 produ\u00e7\u00e3o<\/strong><\/h3>\n<p>A caixa da misturadora para montagem em prateleira tem cantos esf\u00e9ricos de a\u00e7o refor\u00e7ado para prote\u00e7\u00e3o e f\u00e1cil empilhamento, bem como pegas de a\u00e7o com borracha embutida e fechos de tor\u00e7\u00e3o tipo borboleta embutidos para os proteger de danos durante o transporte.<\/p>\n<h3><strong>Par\u00e2metro do produto (especifica\u00e7\u00e3o)<\/strong><\/h3>\n<section class=\"table-wrap\">\n<table class=\"table\" width=\"100%\" cellspacing=\"0\" cellpadding=\"0\">\n<tbody>\n<tr class=\"firstRow\">\n<td width=\"134\">Nome do produto:<\/td>\n<td width=\"503\">Caixa de misturador para montagem em rack<\/td>\n<\/tr>\n<tr>\n<td width=\"134\">Material<\/td>\n<td width=\"503\">Estrutura de alum\u00ednio + \u00e0 prova de fogo + contraplacado de 9 mm<\/td>\n<\/tr>\n<tr>\n<td width=\"134\">No interior<\/td>\n<td width=\"503\">Espuma de alta densidade \u00e0 prova de choque<\/td>\n<\/tr>\n<tr>\n<td width=\"134\">Tamanho<\/td>\n<td width=\"503\">Pode ser personalizado<\/td>\n<\/tr>\n<tr>\n<td width=\"134\">Acess\u00f3rios<\/td>\n<td width=\"503\">Oito fechos de borboleta, quatro rodas para facilitar o transporte, quatro pegas resistentes<\/td>\n<\/tr>\n<tr>\n<td width=\"134\">Personalizado<\/td>\n<td width=\"503\">Todos os tipos de personaliza\u00e7\u00e3o s\u00e3o bem-vindos, como o material da caixa de alum\u00ednio, dimens\u00e3o, recheios internos, al\u00e7as, fechaduras e assim por diante.<\/td>\n<\/tr>\n<\/tbody>\n<\/table>\n<\/section>\n<h2>Descubra a melhor prote\u00e7\u00e3o com a mala de mistura para montagem em rack da SX<\/h2>\n<h3>Qualidade e design superiores<\/h3>\n<p><a href=\"https:\/\/sxpowercase.com\/\" target=\"_blank\" rel=\"noopener\" title=\"SX\" data-wpil-monitor-id=\"487\">SX<\/a> orgulha-se de apresentar a Mala de Mistura para Montagem em Bastidor, concebida para oferecer uma prote\u00e7\u00e3o e organiza\u00e7\u00e3o sem paralelo ao seu equipamento de mistura. Fabricada a partir de materiais de alta qualidade, a nossa mala de mistura para montagem em bastidor assegura que o seu equipamento se mant\u00e9m seguro e protegido, quer esteja armazenado ou em tr\u00e2nsito. Com um design robusto e duradouro, a SX garante um desempenho e fiabilidade duradouros, tornando-a um investimento essencial para a sua empresa.<\/p>\n<h3>Vendas diretas da f\u00e1brica para um valor imbat\u00edvel<\/h3>\n<p>Na SX, acreditamos em fornecer produtos de primeira linha a pre\u00e7os competitivos. O nosso modelo de vendas diretas da f\u00e1brica elimina o intermedi\u00e1rio, permitindo-nos oferecer a Mala de Mistura para Montagem em Bastidor ao melhor valor poss\u00edvel. Isto significa que obt\u00e9m qualidade e prote\u00e7\u00e3o superiores sem os custos inflacionados. Aumente a efici\u00eancia da sua empresa e proteja o seu valioso equipamento com as solu\u00e7\u00f5es econ\u00f3micas da SX.<\/p>\n<h3>Personaliza\u00e7\u00e3o para satisfazer as suas necessidades<\/h3>\n<p>Cada configura\u00e7\u00e3o profissional \u00e9 \u00fanica, e a SX compreende a import\u00e2ncia de solu\u00e7\u00f5es personalizadas. A nossa caixa para misturadores de montagem em rack vem com uma gama de op\u00e7\u00f5es de personaliza\u00e7\u00e3o para se adaptar \u00e0s suas necessidades espec\u00edficas. Quer necessite de dimens\u00f5es personalizadas, compartimentos adicionais ou marca personalizada, a SX pode conceber uma mala que satisfa\u00e7a perfeitamente as suas necessidades. A nossa dedica\u00e7\u00e3o aos servi\u00e7os personalizados garante que o seu equipamento n\u00e3o s\u00f3 est\u00e1 protegido como tamb\u00e9m organizado da forma mais eficiente poss\u00edvel.<\/p>\n<hr \/>\n<h3>Porqu\u00ea escolher a SX?<\/h3>\n<p>Escolher a SX significa investir na melhor prote\u00e7\u00e3o e organiza\u00e7\u00e3o para o seu equipamento de mistura. A nossa mala para misturadoras de rack foi concebida com materiais da mais alta qualidade para garantir durabilidade e fiabilidade. Com o nosso modelo de vendas diretas da f\u00e1brica, obt\u00e9m um valor e uma poupan\u00e7a imbat\u00edveis. Al\u00e9m disso, o nosso compromisso com a personaliza\u00e7\u00e3o significa que a sua mala ser\u00e1 adaptada \u00e0s suas necessidades espec\u00edficas. Fa\u00e7a uma parceria com a SX hoje para experimentar como a nossa mala para misturadores pode elevar as suas opera\u00e7\u00f5es comerciais e proteger eficazmente o seu valioso equipamento.<\/p>\n<p><strong>FAQ<\/strong><\/p>\n<p>Q: Qual \u00e9 o seu MOQ?<\/p>\n<p>R: Se tivermos os produtos em stock, n\u00e3o haver\u00e1 MOQ. Se precisarmos de produzir, podemos discutir o MOQ de acordo com a situa\u00e7\u00e3o exacta do cliente.<\/p>\n<p>P: Qual \u00e9 o vosso servi\u00e7o de envio?<\/p>\n<p>R: Podemos prestar servi\u00e7os de reserva de navios, consolida\u00e7\u00e3o de mercadorias, declara\u00e7\u00e3o aduaneira, prepara\u00e7\u00e3o de documentos de expedi\u00e7\u00e3o e entrega a granel no porto de expedi\u00e7\u00e3o.<\/p>\n<p>P: Podem ajudar na conce\u00e7\u00e3o?<\/p>\n<p>R: Sim, o design simples \u00e9 gratuito, o design especial tem de ser pago.<\/p>\n<p><strong>Controlo de qualidade<\/strong><\/p>\n<p>Todos os produtos devem ter sido inspeccionados antes da entrega. Fazemos inspe\u00e7\u00e3o em linha e inspe\u00e7\u00e3o final.<\/p>\n<p>1. toda a mat\u00e9ria-prima verificada uma vez que chegar a nossa f\u00e1brica.<\/p>\n<p>2. todas as pe\u00e7as e log\u00f3tipo e todos os detalhes verificados durante a produ\u00e7\u00e3o.<\/p>\n<p>3. todos os pormenores da embalagem s\u00e3o verificados durante a produ\u00e7\u00e3o.<\/p>\n<p>4. toda a qualidade de produ\u00e7\u00e3o e embalagem verificada na inspe\u00e7\u00e3o final depois de terminada.<\/p>\n<p>Hot Tags: Pre\u00e7o baixo, em estoque, amostra gr\u00e1tis, cabo de alimenta\u00e7\u00e3o e sinal, fio de 4 condutores de calibre 16, caixa de suporte de microfone, gabinete de exibi\u00e7\u00e3o de led ao ar livre, montagem em rack, caixas de v\u00f4o de misturador de montagem em rack de 19 \", caixa de distribui\u00e7\u00e3o el\u00e9trica, China, fornecedores, f\u00e1brica, personalizado, atacado, <span style=\"color: #993366;\"><a style=\"color: #993366;\" href=\"https:\/\/sxflightcase.com\/pt\/product-category\/all-product\/power-distribution-boxes\/\">caixas el\u00e9ctricas<\/a>,\u00a0<a style=\"color: #993366;\" href=\"https:\/\/sxflightcase.com\/pt\/product-category\/all-product\/hoist-controllers\/\">cabos el\u00e9ctricos<\/a>,\u00a0<a style=\"color: #993366;\" href=\"https:\/\/sxflightcase.com\/pt\/product-category\/all-product\/hoist-controllers\/\">controladores de guinchos<\/a>,\u00a0<a style=\"color: #993366;\" href=\"https:\/\/sxflightcase.com\/pt\/product-category\/all-product\/flight-case\/\">casos de voo.<\/a><\/span><\/p>","protected":false},"excerpt":{"rendered":"<h2 class=\"prodetails-name\">Caixa de mistura para montagem em rack<\/h2>\n<p>&lt;p&gt;Temos o prazer de oferecer uma gama de caixas de mistura para montagem em rack para os profissionais da ind&uacute;stria transportarem e armazenarem em seguran&ccedil;a o seu amplificador ou processador e acess&oacute;rios.<\/p>\n<h2><strong>Introdu\u00e7\u00e3o \u00e0 produ\u00e7\u00e3o<\/strong><\/h2>\n<p>A caixa da misturadora para montagem em prateleira tem cantos esf\u00e9ricos de a\u00e7o refor\u00e7ado para prote\u00e7\u00e3o e f\u00e1cil empilhamento, bem como pegas de a\u00e7o com borracha embutida e fechos de tor\u00e7\u00e3o tipo borboleta embutidos para os proteger de danos durante o transporte.<\/p>","protected":false},"featured_media":1642,"comment_status":"open","ping_status":"closed","template":"","meta":[],"product_brand":[],"product_cat":[35],"product_tag":[50],"class_list":{"0":"post-1641","1":"product","2":"type-product","3":"status-publish","4":"has-post-thumbnail","6":"product_cat-standard-rack-cases","7":"product_tag-mp","9":"first","10":"instock","11":"shipping-taxable","12":"product-type-simple"},"yoast_head":"<!-- This site is optimized with the Yoast SEO Premium plugin v27.1 (Yoast SEO v27.2) - https:\/\/yoast.com\/product\/yoast-seo-premium-wordpress\/ -->\n<title>MP Rack Mount Mixer Case - https:\/\/sxflightcase.com \ud83d\udc97<\/title>\n<meta name=\"description\" content=\"Rack Mount Mixer Case: Explore our factory-direct options for professional customization, ensuring optimal organization and protection of your equipment.\" \/>\n<meta name=\"robots\" content=\"index, follow, max-snippet:-1, max-image-preview:large, max-video-preview:-1\" \/>\n<link rel=\"canonical\" href=\"https:\/\/sxflightcase.com\/pt\/prodotto\/cassa-per-mixer-a-rack-2\/\" \/>\n<meta property=\"og:locale\" content=\"pt_PT\" \/>\n<meta property=\"og:type\" content=\"article\" \/>\n<meta property=\"og:title\" content=\"MP Rack Mount Mixer Case\" \/>\n<meta property=\"og:description\" content=\"Rack Mount Mixer Case: Explore our factory-direct options for professional customization, ensuring optimal organization and protection of your equipment.\" \/>\n<meta property=\"og:url\" content=\"https:\/\/sxflightcase.com\/pt\/prodotto\/cassa-per-mixer-a-rack-2\/\" \/>\n<meta property=\"og:site_name\" content=\"https:\/\/sxflightcase.com\" \/>\n<meta property=\"article:publisher\" content=\"https:\/\/www.facebook.com\/profile.php?id=61560407257971\" \/>\n<meta property=\"article:modified_time\" content=\"2024-07-16T02:18:06+00:00\" \/>\n<meta property=\"og:image\" content=\"https:\/\/sxflightcase.com\/wp-content\/uploads\/2024\/05\/rack-mount-mixer-case53241581164.webp\" \/>\n\t<meta property=\"og:image:width\" content=\"750\" \/>\n\t<meta property=\"og:image:height\" content=\"750\" \/>\n\t<meta property=\"og:image:type\" content=\"image\/webp\" \/>\n<meta name=\"twitter:card\" content=\"summary_large_image\" \/>\n<meta name=\"twitter:label1\" content=\"Tempo estimado de leitura\" \/>\n\t<meta name=\"twitter:data1\" content=\"4 minutos\" \/>\n<script type=\"application\/ld+json\" class=\"yoast-schema-graph\">{\"@context\":\"https:\/\/schema.org\",\"@graph\":[{\"@type\":\"WebPage\",\"@id\":\"https:\/\/sxflightcase.com\/it\/prodotto\/cassa-per-mixer-a-rack-2\/\",\"url\":\"https:\/\/sxflightcase.com\/it\/prodotto\/cassa-per-mixer-a-rack-2\/\",\"name\":\"MP Rack Mount Mixer Case - https:\/\/sxflightcase.com \ud83d\udc97\",\"isPartOf\":{\"@id\":\"https:\/\/sxflightcase.com\/th\/#website\"},\"primaryImageOfPage\":{\"@id\":\"https:\/\/sxflightcase.com\/it\/prodotto\/cassa-per-mixer-a-rack-2\/#primaryimage\"},\"image\":{\"@id\":\"https:\/\/sxflightcase.com\/it\/prodotto\/cassa-per-mixer-a-rack-2\/#primaryimage\"},\"thumbnailUrl\":\"https:\/\/sxflightcase.com\/wp-content\/uploads\/2024\/05\/rack-mount-mixer-case53241581164.webp\",\"datePublished\":\"2024-05-10T02:25:08+00:00\",\"dateModified\":\"2024-07-16T02:18:06+00:00\",\"description\":\"Rack Mount Mixer Case: Explore our factory-direct options for professional customization, ensuring optimal organization and protection of your equipment.\",\"breadcrumb\":{\"@id\":\"https:\/\/sxflightcase.com\/it\/prodotto\/cassa-per-mixer-a-rack-2\/#breadcrumb\"},\"inLanguage\":\"pt-PT\",\"potentialAction\":[{\"@type\":\"ReadAction\",\"target\":[\"https:\/\/sxflightcase.com\/it\/prodotto\/cassa-per-mixer-a-rack-2\/\"]}]},{\"@type\":\"ImageObject\",\"inLanguage\":\"pt-PT\",\"@id\":\"https:\/\/sxflightcase.com\/it\/prodotto\/cassa-per-mixer-a-rack-2\/#primaryimage\",\"url\":\"https:\/\/sxflightcase.com\/wp-content\/uploads\/2024\/05\/rack-mount-mixer-case53241581164.webp\",\"contentUrl\":\"https:\/\/sxflightcase.com\/wp-content\/uploads\/2024\/05\/rack-mount-mixer-case53241581164.webp\",\"width\":750,\"height\":750,\"caption\":\"Rack Mount Mixer Case\"},{\"@type\":\"BreadcrumbList\",\"@id\":\"https:\/\/sxflightcase.com\/it\/prodotto\/cassa-per-mixer-a-rack-2\/#breadcrumb\",\"itemListElement\":[{\"@type\":\"ListItem\",\"position\":1,\"name\":\"Home\",\"item\":\"https:\/\/sxflightcase.com\/\"},{\"@type\":\"ListItem\",\"position\":2,\"name\":\"\u0e2a\u0e34\u0e19\u0e04\u0e49\u0e32\",\"item\":\"https:\/\/sxflightcase.com\/th\/shop\/\"},{\"@type\":\"ListItem\",\"position\":3,\"name\":\"MP Rack Mount Mixer Case\"}]},{\"@type\":\"WebSite\",\"@id\":\"https:\/\/sxflightcase.com\/th\/#website\",\"url\":\"https:\/\/sxflightcase.com\/th\/\",\"name\":\"sxpowercase.com\",\"description\":\"Flight Case Factory\",\"publisher\":{\"@id\":\"https:\/\/sxflightcase.com\/th\/#organization\"},\"potentialAction\":[{\"@type\":\"SearchAction\",\"target\":{\"@type\":\"EntryPoint\",\"urlTemplate\":\"https:\/\/sxflightcase.com\/th\/?s={search_term_string}\"},\"query-input\":{\"@type\":\"PropertyValueSpecification\",\"valueRequired\":true,\"valueName\":\"search_term_string\"}}],\"inLanguage\":\"pt-PT\"},{\"@type\":\"Organization\",\"@id\":\"https:\/\/sxflightcase.com\/th\/#organization\",\"name\":\"sxpowercase.com\",\"url\":\"https:\/\/sxflightcase.com\/th\/\",\"logo\":{\"@type\":\"ImageObject\",\"inLanguage\":\"pt-PT\",\"@id\":\"https:\/\/sxflightcase.com\/th\/#\/schema\/logo\/image\/\",\"url\":\"https:\/\/sxflightcase.com\/wp-content\/uploads\/2024\/04\/1713919036007.jpg\",\"contentUrl\":\"https:\/\/sxflightcase.com\/wp-content\/uploads\/2024\/04\/1713919036007.jpg\",\"width\":382,\"height\":388,\"caption\":\"sxpowercase.com\"},\"image\":{\"@id\":\"https:\/\/sxflightcase.com\/th\/#\/schema\/logo\/image\/\"},\"sameAs\":[\"https:\/\/www.facebook.com\/profile.php?id=61560407257971\"],\"numberOfEmployees\":{\"@type\":\"QuantitativeValue\",\"minValue\":\"11\",\"maxValue\":\"50\"}}]}<\/script>\n<!-- \/ Yoast SEO Premium plugin. -->","yoast_head_json":{"title":"MP Rack Mount Mixer Case - https:\/\/sxflightcase.com \ud83d\udc97","description":"Caixa de Mistura para Montagem em Bastidor: Explore as nossas op\u00e7\u00f5es diretas da f\u00e1brica para personaliza\u00e7\u00e3o profissional, garantindo uma organiza\u00e7\u00e3o e prote\u00e7\u00e3o ideais do seu equipamento.","robots":{"index":"index","follow":"follow","max-snippet":"max-snippet:-1","max-image-preview":"max-image-preview:large","max-video-preview":"max-video-preview:-1"},"canonical":"https:\/\/sxflightcase.com\/pt\/prodotto\/cassa-per-mixer-a-rack-2\/","og_locale":"pt_PT","og_type":"article","og_title":"MP Rack Mount Mixer Case","og_description":"Rack Mount Mixer Case: Explore our factory-direct options for professional customization, ensuring optimal organization and protection of your equipment.","og_url":"https:\/\/sxflightcase.com\/pt\/prodotto\/cassa-per-mixer-a-rack-2\/","og_site_name":"https:\/\/sxflightcase.com","article_publisher":"https:\/\/www.facebook.com\/profile.php?id=61560407257971","article_modified_time":"2024-07-16T02:18:06+00:00","og_image":[{"width":750,"height":750,"url":"https:\/\/sxflightcase.com\/wp-content\/uploads\/2024\/05\/rack-mount-mixer-case53241581164.webp","type":"image\/webp"}],"twitter_card":"summary_large_image","twitter_misc":{"Tempo estimado de leitura":"4 minutos"},"schema":{"@context":"https:\/\/schema.org","@graph":[{"@type":"WebPage","@id":"https:\/\/sxflightcase.com\/it\/prodotto\/cassa-per-mixer-a-rack-2\/","url":"https:\/\/sxflightcase.com\/it\/prodotto\/cassa-per-mixer-a-rack-2\/","name":"MP Rack Mount Mixer Case - https:\/\/sxflightcase.com \ud83d\udc97","isPartOf":{"@id":"https:\/\/sxflightcase.com\/th\/#website"},"primaryImageOfPage":{"@id":"https:\/\/sxflightcase.com\/it\/prodotto\/cassa-per-mixer-a-rack-2\/#primaryimage"},"image":{"@id":"https:\/\/sxflightcase.com\/it\/prodotto\/cassa-per-mixer-a-rack-2\/#primaryimage"},"thumbnailUrl":"https:\/\/sxflightcase.com\/wp-content\/uploads\/2024\/05\/rack-mount-mixer-case53241581164.webp","datePublished":"2024-05-10T02:25:08+00:00","dateModified":"2024-07-16T02:18:06+00:00","description":"Caixa de Mistura para Montagem em Bastidor: Explore as nossas op\u00e7\u00f5es diretas da f\u00e1brica para personaliza\u00e7\u00e3o profissional, garantindo uma organiza\u00e7\u00e3o e prote\u00e7\u00e3o ideais do seu equipamento.","breadcrumb":{"@id":"https:\/\/sxflightcase.com\/it\/prodotto\/cassa-per-mixer-a-rack-2\/#breadcrumb"},"inLanguage":"pt-PT","potentialAction":[{"@type":"ReadAction","target":["https:\/\/sxflightcase.com\/it\/prodotto\/cassa-per-mixer-a-rack-2\/"]}]},{"@type":"ImageObject","inLanguage":"pt-PT","@id":"https:\/\/sxflightcase.com\/it\/prodotto\/cassa-per-mixer-a-rack-2\/#primaryimage","url":"https:\/\/sxflightcase.com\/wp-content\/uploads\/2024\/05\/rack-mount-mixer-case53241581164.webp","contentUrl":"https:\/\/sxflightcase.com\/wp-content\/uploads\/2024\/05\/rack-mount-mixer-case53241581164.webp","width":750,"height":750,"caption":"Rack Mount Mixer Case"},{"@type":"BreadcrumbList","@id":"https:\/\/sxflightcase.com\/it\/prodotto\/cassa-per-mixer-a-rack-2\/#breadcrumb","itemListElement":[{"@type":"ListItem","position":1,"name":"Home","item":"https:\/\/sxflightcase.com\/"},{"@type":"ListItem","position":2,"name":"\u0e2a\u0e34\u0e19\u0e04\u0e49\u0e32","item":"https:\/\/sxflightcase.com\/th\/shop\/"},{"@type":"ListItem","position":3,"name":"MP Rack Mount Mixer Case"}]},{"@type":"WebSite","@id":"https:\/\/sxflightcase.com\/th\/#website","url":"https:\/\/sxflightcase.com\/th\/","name":"sxpowercase.com","description":"F\u00e1brica de malas de voo","publisher":{"@id":"https:\/\/sxflightcase.com\/th\/#organization"},"potentialAction":[{"@type":"SearchAction","target":{"@type":"EntryPoint","urlTemplate":"https:\/\/sxflightcase.com\/th\/?s={search_term_string}"},"query-input":{"@type":"PropertyValueSpecification","valueRequired":true,"valueName":"search_term_string"}}],"inLanguage":"pt-PT"},{"@type":"Organization","@id":"https:\/\/sxflightcase.com\/th\/#organization","name":"sxpowercase.com","url":"https:\/\/sxflightcase.com\/th\/","logo":{"@type":"ImageObject","inLanguage":"pt-PT","@id":"https:\/\/sxflightcase.com\/th\/#\/schema\/logo\/image\/","url":"https:\/\/sxflightcase.com\/wp-content\/uploads\/2024\/04\/1713919036007.jpg","contentUrl":"https:\/\/sxflightcase.com\/wp-content\/uploads\/2024\/04\/1713919036007.jpg","width":382,"height":388,"caption":"sxpowercase.com"},"image":{"@id":"https:\/\/sxflightcase.com\/th\/#\/schema\/logo\/image\/"},"sameAs":["https:\/\/www.facebook.com\/profile.php?id=61560407257971"],"numberOfEmployees":{"@type":"QuantitativeValue","minValue":"11","maxValue":"50"}}]}},"_links":{"self":[{"href":"https:\/\/sxflightcase.com\/pt\/wp-json\/wp\/v2\/product\/1641","targetHints":{"allow":["GET"]}}],"collection":[{"href":"https:\/\/sxflightcase.com\/pt\/wp-json\/wp\/v2\/product"}],"about":[{"href":"https:\/\/sxflightcase.com\/pt\/wp-json\/wp\/v2\/types\/product"}],"replies":[{"embeddable":true,"href":"https:\/\/sxflightcase.com\/pt\/wp-json\/wp\/v2\/comments?post=1641"}],"version-history":[{"count":0,"href":"https:\/\/sxflightcase.com\/pt\/wp-json\/wp\/v2\/product\/1641\/revisions"}],"wp:featuredmedia":[{"embeddable":true,"href":"https:\/\/sxflightcase.com\/pt\/wp-json\/wp\/v2\/media\/1642"}],"wp:attachment":[{"href":"https:\/\/sxflightcase.com\/pt\/wp-json\/wp\/v2\/media?parent=1641"}],"wp:term":[{"taxonomy":"product_brand","embeddable":true,"href":"https:\/\/sxflightcase.com\/pt\/wp-json\/wp\/v2\/product_brand?post=1641"},{"taxonomy":"product_cat","embeddable":true,"href":"https:\/\/sxflightcase.com\/pt\/wp-json\/wp\/v2\/product_cat?post=1641"},{"taxonomy":"product_tag","embeddable":true,"href":"https:\/\/sxflightcase.com\/pt\/wp-json\/wp\/v2\/product_tag?post=1641"}],"curies":[{"name":"wp","href":"https:\/\/api.w.org\/{rel}","templated":true}]}}