{"id":1647,"date":"2024-05-10T03:27:58","date_gmt":"2024-05-10T02:27:58","guid":{"rendered":"https:\/\/sxpowercase.com\/?post_type=product&#038;p=1647"},"modified":"2024-07-16T03:17:47","modified_gmt":"2024-07-16T02:17:47","slug":"6u-rack-flight-case","status":"publish","type":"product","link":"https:\/\/sxflightcase.com\/pt\/produto\/caixa-de-transporte-para-rack-6u\/","title":{"rendered":"MC 6u Rack Flight Case"},"content":{"rendered":"<h3><strong>Par\u00e2metro do produto (especifica\u00e7\u00e3o)<\/strong><\/h3>\n<section class=\"table-wrap\">\n<table class=\"table\" width=\"100%\" cellspacing=\"0\" cellpadding=\"0\">\n<tbody>\n<tr class=\"firstRow\">\n<td width=\"134\">Nome do produto:<\/td>\n<td width=\"503\">Caixa de transporte para rack 6u<\/td>\n<\/tr>\n<tr>\n<td width=\"134\">Material<\/td>\n<td width=\"503\">Estrutura de alum\u00ednio + \u00e0 prova de fogo + contraplacado de 9 mm<\/td>\n<\/tr>\n<tr>\n<td width=\"134\">No interior<\/td>\n<td width=\"503\">Espuma de alta densidade \u00e0 prova de choque<\/td>\n<\/tr>\n<tr>\n<td width=\"134\">Tamanho<\/td>\n<td width=\"503\">Pode ser personalizado<\/td>\n<\/tr>\n<tr>\n<td width=\"134\">Acess\u00f3rios<\/td>\n<td width=\"503\">Oito fechos de borboleta, quatro rodas para facilitar o transporte, quatro pegas resistentes<\/td>\n<\/tr>\n<tr>\n<td width=\"134\">Personalizado<\/td>\n<td width=\"503\">Todos os tipos de personaliza\u00e7\u00e3o s\u00e3o bem-vindos, como o material da caixa de alum\u00ednio, dimens\u00e3o, enchimentos internos, al\u00e7as, fechaduras e assim por diante.<\/td>\n<\/tr>\n<\/tbody>\n<\/table>\n<\/section>\n<h3>Descubra a melhor prote\u00e7\u00e3o com a mala de transporte para rack 6u da SX<\/h3>\n<h4>Durabilidade e seguran\u00e7a inigual\u00e1veis<\/h4>\n<p>Quando se trata de proteger o seu valioso equipamento, a mala de transporte para rack 6u da <a title=\"SX\" href=\"https:\/\/sxpowercase.com\/\" target=\"_blank\" rel=\"noopener\" data-wpil-monitor-id=\"488\">SX<\/a> destaca-se como uma escolha de topo. Concebida com materiais robustos e uma qualidade de fabrico superior, esta mala garante que o seu equipamento permanece seguro e protegido durante o transporte. Quer esteja na estrada ou a armazenar o seu equipamento, a mala de transporte para rack 6u proporciona a melhor prote\u00e7\u00e3o contra choques, quedas e os elementos.<\/p>\n<h4>Diretamente da nossa f\u00e1brica para si<\/h4>\n<p>Na SX, damos prioridade \u00e0 oferta de um valor excecional atrav\u00e9s do nosso modelo de vendas diretas da f\u00e1brica. Ao eliminar os intermedi\u00e1rios, trazemos-lhe a Flight Case para bastidor 6u aos pre\u00e7os mais competitivos. Esta abordagem n\u00e3o s\u00f3 garante poupan\u00e7as de custos, como tamb\u00e9m nos permite manter padr\u00f5es de controlo de qualidade rigorosos. Melhore as suas opera\u00e7\u00f5es comerciais com uma caixa de transporte fi\u00e1vel e de alta qualidade, que n\u00e3o vai custar muito dinheiro.<\/p>\n<h4>Solu\u00e7\u00f5es personalizadas para as suas necessidades<\/h4>\n<p>Compreendemos que cada empresa tem requisitos \u00fanicos. \u00c9 por isso que a SX oferece op\u00e7\u00f5es de personaliza\u00e7\u00e3o alargadas para a nossa Flight Case para bastidor 6u. Precisa de dimens\u00f5es espec\u00edficas? Compartimentos adicionais? Marca personalizada? N\u00f3s tratamos disso. A nossa equipa dedicada trabalha em estreita colabora\u00e7\u00e3o consigo para conceber uma mala de transporte que se adapte perfeitamente \u00e0s suas necessidades, garantindo uma funcionalidade e prote\u00e7\u00e3o ideais para o seu equipamento.<\/p>\n<hr \/>\n<h4>Eleve o seu neg\u00f3cio com a SX<\/h4>\n<p>Escolher a SX significa investir em fiabilidade, durabilidade e solu\u00e7\u00f5es personalizadas. A nossa Flight Case para Rack 6u n\u00e3o \u00e9 apenas uma solu\u00e7\u00e3o de armazenamento - \u00e9 um compromisso para proteger o seu equipamento com os mais elevados padr\u00f5es de qualidade. Ao tirar partido do nosso modelo de vendas diretas da f\u00e1brica, beneficia de produtos de alta qualidade e econ\u00f3micos que apoiam o crescimento da sua empresa. Confie na SX para fornecer malas de transporte personalizadas e de elevado desempenho que mant\u00eam o seu equipamento seguro e as suas opera\u00e7\u00f5es a funcionar sem problemas.<\/p>\n<p><strong>FAQ<\/strong><\/p>\n<p>Q: Qual \u00e9 o seu MOQ?<\/p>\n<p>R: Se tivermos os produtos em stock, n\u00e3o haver\u00e1 MOQ. Se precisarmos de produzir, podemos discutir o MOQ de acordo com a situa\u00e7\u00e3o exacta do cliente.<\/p>\n<p>P: Qual \u00e9 o vosso servi\u00e7o de envio?<\/p>\n<p>R: Podemos prestar servi\u00e7os de reserva de navios, consolida\u00e7\u00e3o de mercadorias, declara\u00e7\u00e3o aduaneira, prepara\u00e7\u00e3o de documentos de expedi\u00e7\u00e3o e entrega a granel no porto de expedi\u00e7\u00e3o.<\/p>\n<p>Q: Posso saber qual \u00e9 o porto mar\u00edtimo mais pr\u00f3ximo da vossa empresa? no caso de eu visitar a vossa empresa.<\/p>\n<p>R: Primeiro o porto mar\u00edtimo de Huangpu, depois o porto mar\u00edtimo de Shenzhen ou Nansha, bem-vindo a visitar-nos.<\/p>\n<p><strong>Controlo de qualidade<\/strong><\/p>\n<p>Todos os produtos devem ter sido inspeccionados antes da entrega. Fazemos inspe\u00e7\u00e3o em linha e inspe\u00e7\u00e3o final.<\/p>\n<p>1. toda a mat\u00e9ria-prima verificada uma vez que chegar a nossa f\u00e1brica.<\/p>\n<p>2. todas as pe\u00e7as e log\u00f3tipo e todos os detalhes verificados durante a produ\u00e7\u00e3o.<\/p>\n<p>3. todos os pormenores da embalagem s\u00e3o verificados durante a produ\u00e7\u00e3o.<\/p>\n<p>4. toda a qualidade de produ\u00e7\u00e3o e embalagem verificada na inspe\u00e7\u00e3o final depois de terminada.<\/p>\n<p>Hot Tags: Pre\u00e7o baixo, em estoque, amostra gr\u00e1tis, cabo de alimenta\u00e7\u00e3o e sinal, fio de 4 condutores de calibre 16, caixa de suporte de microfone, gabinete de exibi\u00e7\u00e3o de led ao ar livre, montagem em rack, caixas de v\u00f4o de misturador de montagem em rack de 19 \", caixa de distribui\u00e7\u00e3o el\u00e9trica, China, fornecedores, f\u00e1brica, personalizado, atacado, <span style=\"color: #993366;\"><a style=\"color: #993366;\" href=\"https:\/\/sxflightcase.com\/pt\/product-category\/all-product\/power-distribution-boxes\/\">caixas el\u00e9ctricas<\/a>,\u00a0<a style=\"color: #993366;\" href=\"https:\/\/sxflightcase.com\/pt\/product-category\/all-product\/hoist-controllers\/\">cabos el\u00e9ctricos<\/a>,\u00a0<a style=\"color: #993366;\" href=\"https:\/\/sxflightcase.com\/pt\/product-category\/all-product\/hoist-controllers\/\">controladores de guinchos<\/a>,\u00a0<a style=\"color: #993366;\" href=\"https:\/\/sxflightcase.com\/pt\/product-category\/all-product\/flight-case\/\">casos de voo.<\/a><\/span><\/p>","protected":false},"excerpt":{"rendered":"<h2 class=\"prodetails-name\">Mala de transporte para rack 6u<\/h2>\n<p>Fundada em 2001, somos especializados na fabrica\u00e7\u00e3o de todos os tipos de caixa de v\u00f4o de montagem em rack com uma \u00e1rea de oficina de mais de 20,00 metros quadrados. Normalmente, fabricamos caixas de montagem em rack de 2u a 20u, mas tamb\u00e9m fazemos tamanhos diferentes, dependendo da sua necessidade.<\/p>\n<h2><strong>Introdu\u00e7\u00e3o \u00e0 produ\u00e7\u00e3o<\/strong><\/h2>\n<p>O interior da mala de transporte para bastidor de 6 unidades \u00e9 totalmente forrado com almofadas de espuma de 1\/4 de polegada resistentes a impactos para garantir uma seguran\u00e7a extra e d\u00e1-lhe paz de esp\u00edrito quando o seu equipamento est\u00e1 a ser transportado, sabendo que o seu equipamento chegar\u00e1 inteiro. A parte superior \u00e9 mantida fechada com 3 fechos de borboleta embutidos e \u00e9 articulada na parte de tr\u00e1s com dois batentes de tampa para paragens no interior da mala.<\/p>","protected":false},"featured_media":1648,"comment_status":"open","ping_status":"closed","template":"","meta":[],"product_brand":[],"product_cat":[35],"product_tag":[49],"class_list":{"0":"post-1647","1":"product","2":"type-product","3":"status-publish","4":"has-post-thumbnail","6":"product_cat-standard-rack-cases","7":"product_tag-mc","9":"first","10":"instock","11":"shipping-taxable","12":"product-type-simple"},"yoast_head":"<!-- This site is optimized with the Yoast SEO Premium plugin v27.1 (Yoast SEO v27.2) - https:\/\/yoast.com\/product\/yoast-seo-premium-wordpress\/ -->\n<title>MC 6u Rack Flight Case - https:\/\/sxflightcase.com \ud83d\udc97<\/title>\n<meta name=\"description\" content=\"6u Rack Flight Case: Explore our factory-direct options for professional customization, ensuring optimal organization and protection of your equipment.\" \/>\n<meta name=\"robots\" content=\"index, follow, max-snippet:-1, max-image-preview:large, max-video-preview:-1\" \/>\n<link rel=\"canonical\" href=\"https:\/\/sxflightcase.com\/pt\/produkt\/6u-rack-flight-case\/\" \/>\n<meta property=\"og:locale\" content=\"pt_PT\" \/>\n<meta property=\"og:type\" content=\"article\" \/>\n<meta property=\"og:title\" content=\"MC 6u Rack Flight Case\" \/>\n<meta property=\"og:description\" content=\"6u Rack Flight Case: Explore our factory-direct options for professional customization, ensuring optimal organization and protection of your equipment.\" \/>\n<meta property=\"og:url\" content=\"https:\/\/sxflightcase.com\/pt\/produkt\/6u-rack-flight-case\/\" \/>\n<meta property=\"og:site_name\" content=\"https:\/\/sxflightcase.com\" \/>\n<meta property=\"article:publisher\" content=\"https:\/\/www.facebook.com\/profile.php?id=61560407257971\" \/>\n<meta property=\"article:modified_time\" content=\"2024-07-16T02:17:47+00:00\" \/>\n<meta property=\"og:image\" content=\"https:\/\/sxflightcase.com\/wp-content\/uploads\/2024\/05\/6u-rack-flight-case51081758129.webp\" \/>\n\t<meta property=\"og:image:width\" content=\"750\" \/>\n\t<meta property=\"og:image:height\" content=\"750\" \/>\n\t<meta property=\"og:image:type\" content=\"image\/webp\" \/>\n<meta name=\"twitter:card\" content=\"summary_large_image\" \/>\n<meta name=\"twitter:label1\" content=\"Tempo estimado de leitura\" \/>\n\t<meta name=\"twitter:data1\" content=\"4 minutos\" \/>\n<script type=\"application\/ld+json\" class=\"yoast-schema-graph\">{\"@context\":\"https:\/\/schema.org\",\"@graph\":[{\"@type\":\"WebPage\",\"@id\":\"https:\/\/sxflightcase.com\/da\/produkt\/6u-rack-flight-case\/\",\"url\":\"https:\/\/sxflightcase.com\/da\/produkt\/6u-rack-flight-case\/\",\"name\":\"MC 6u Rack Flight Case - https:\/\/sxflightcase.com \ud83d\udc97\",\"isPartOf\":{\"@id\":\"https:\/\/sxflightcase.com\/th\/#website\"},\"primaryImageOfPage\":{\"@id\":\"https:\/\/sxflightcase.com\/da\/produkt\/6u-rack-flight-case\/#primaryimage\"},\"image\":{\"@id\":\"https:\/\/sxflightcase.com\/da\/produkt\/6u-rack-flight-case\/#primaryimage\"},\"thumbnailUrl\":\"https:\/\/sxflightcase.com\/wp-content\/uploads\/2024\/05\/6u-rack-flight-case51081758129.webp\",\"datePublished\":\"2024-05-10T02:27:58+00:00\",\"dateModified\":\"2024-07-16T02:17:47+00:00\",\"description\":\"6u Rack Flight Case: Explore our factory-direct options for professional customization, ensuring optimal organization and protection of your equipment.\",\"breadcrumb\":{\"@id\":\"https:\/\/sxflightcase.com\/da\/produkt\/6u-rack-flight-case\/#breadcrumb\"},\"inLanguage\":\"pt-PT\",\"potentialAction\":[{\"@type\":\"ReadAction\",\"target\":[\"https:\/\/sxflightcase.com\/da\/produkt\/6u-rack-flight-case\/\"]}]},{\"@type\":\"ImageObject\",\"inLanguage\":\"pt-PT\",\"@id\":\"https:\/\/sxflightcase.com\/da\/produkt\/6u-rack-flight-case\/#primaryimage\",\"url\":\"https:\/\/sxflightcase.com\/wp-content\/uploads\/2024\/05\/6u-rack-flight-case51081758129.webp\",\"contentUrl\":\"https:\/\/sxflightcase.com\/wp-content\/uploads\/2024\/05\/6u-rack-flight-case51081758129.webp\",\"width\":750,\"height\":750,\"caption\":\"6u Rack Flight Case\"},{\"@type\":\"BreadcrumbList\",\"@id\":\"https:\/\/sxflightcase.com\/da\/produkt\/6u-rack-flight-case\/#breadcrumb\",\"itemListElement\":[{\"@type\":\"ListItem\",\"position\":1,\"name\":\"Home\",\"item\":\"https:\/\/sxflightcase.com\/\"},{\"@type\":\"ListItem\",\"position\":2,\"name\":\"\u0e2a\u0e34\u0e19\u0e04\u0e49\u0e32\",\"item\":\"https:\/\/sxflightcase.com\/th\/shop\/\"},{\"@type\":\"ListItem\",\"position\":3,\"name\":\"MC 6u Rack Flight Case\"}]},{\"@type\":\"WebSite\",\"@id\":\"https:\/\/sxflightcase.com\/th\/#website\",\"url\":\"https:\/\/sxflightcase.com\/th\/\",\"name\":\"sxpowercase.com\",\"description\":\"Flight Case Factory\",\"publisher\":{\"@id\":\"https:\/\/sxflightcase.com\/th\/#organization\"},\"potentialAction\":[{\"@type\":\"SearchAction\",\"target\":{\"@type\":\"EntryPoint\",\"urlTemplate\":\"https:\/\/sxflightcase.com\/th\/?s={search_term_string}\"},\"query-input\":{\"@type\":\"PropertyValueSpecification\",\"valueRequired\":true,\"valueName\":\"search_term_string\"}}],\"inLanguage\":\"pt-PT\"},{\"@type\":\"Organization\",\"@id\":\"https:\/\/sxflightcase.com\/th\/#organization\",\"name\":\"sxpowercase.com\",\"url\":\"https:\/\/sxflightcase.com\/th\/\",\"logo\":{\"@type\":\"ImageObject\",\"inLanguage\":\"pt-PT\",\"@id\":\"https:\/\/sxflightcase.com\/th\/#\/schema\/logo\/image\/\",\"url\":\"https:\/\/sxflightcase.com\/wp-content\/uploads\/2024\/04\/1713919036007.jpg\",\"contentUrl\":\"https:\/\/sxflightcase.com\/wp-content\/uploads\/2024\/04\/1713919036007.jpg\",\"width\":382,\"height\":388,\"caption\":\"sxpowercase.com\"},\"image\":{\"@id\":\"https:\/\/sxflightcase.com\/th\/#\/schema\/logo\/image\/\"},\"sameAs\":[\"https:\/\/www.facebook.com\/profile.php?id=61560407257971\"],\"numberOfEmployees\":{\"@type\":\"QuantitativeValue\",\"minValue\":\"11\",\"maxValue\":\"50\"}}]}<\/script>\n<!-- \/ Yoast SEO Premium plugin. -->","yoast_head_json":{"title":"MC 6u Rack Flight Case - https:\/\/sxflightcase.com \ud83d\udc97","description":"6u Rack Flight Case: Explore as nossas op\u00e7\u00f5es diretas da f\u00e1brica para personaliza\u00e7\u00e3o profissional, garantindo uma organiza\u00e7\u00e3o e prote\u00e7\u00e3o ideais do seu equipamento.","robots":{"index":"index","follow":"follow","max-snippet":"max-snippet:-1","max-image-preview":"max-image-preview:large","max-video-preview":"max-video-preview:-1"},"canonical":"https:\/\/sxflightcase.com\/pt\/produkt\/6u-rack-flight-case\/","og_locale":"pt_PT","og_type":"article","og_title":"MC 6u Rack Flight Case","og_description":"6u Rack Flight Case: Explore our factory-direct options for professional customization, ensuring optimal organization and protection of your equipment.","og_url":"https:\/\/sxflightcase.com\/pt\/produkt\/6u-rack-flight-case\/","og_site_name":"https:\/\/sxflightcase.com","article_publisher":"https:\/\/www.facebook.com\/profile.php?id=61560407257971","article_modified_time":"2024-07-16T02:17:47+00:00","og_image":[{"width":750,"height":750,"url":"https:\/\/sxflightcase.com\/wp-content\/uploads\/2024\/05\/6u-rack-flight-case51081758129.webp","type":"image\/webp"}],"twitter_card":"summary_large_image","twitter_misc":{"Tempo estimado de leitura":"4 minutos"},"schema":{"@context":"https:\/\/schema.org","@graph":[{"@type":"WebPage","@id":"https:\/\/sxflightcase.com\/da\/produkt\/6u-rack-flight-case\/","url":"https:\/\/sxflightcase.com\/da\/produkt\/6u-rack-flight-case\/","name":"MC 6u Rack Flight Case - https:\/\/sxflightcase.com \ud83d\udc97","isPartOf":{"@id":"https:\/\/sxflightcase.com\/th\/#website"},"primaryImageOfPage":{"@id":"https:\/\/sxflightcase.com\/da\/produkt\/6u-rack-flight-case\/#primaryimage"},"image":{"@id":"https:\/\/sxflightcase.com\/da\/produkt\/6u-rack-flight-case\/#primaryimage"},"thumbnailUrl":"https:\/\/sxflightcase.com\/wp-content\/uploads\/2024\/05\/6u-rack-flight-case51081758129.webp","datePublished":"2024-05-10T02:27:58+00:00","dateModified":"2024-07-16T02:17:47+00:00","description":"6u Rack Flight Case: Explore as nossas op\u00e7\u00f5es diretas da f\u00e1brica para personaliza\u00e7\u00e3o profissional, garantindo uma organiza\u00e7\u00e3o e prote\u00e7\u00e3o ideais do seu equipamento.","breadcrumb":{"@id":"https:\/\/sxflightcase.com\/da\/produkt\/6u-rack-flight-case\/#breadcrumb"},"inLanguage":"pt-PT","potentialAction":[{"@type":"ReadAction","target":["https:\/\/sxflightcase.com\/da\/produkt\/6u-rack-flight-case\/"]}]},{"@type":"ImageObject","inLanguage":"pt-PT","@id":"https:\/\/sxflightcase.com\/da\/produkt\/6u-rack-flight-case\/#primaryimage","url":"https:\/\/sxflightcase.com\/wp-content\/uploads\/2024\/05\/6u-rack-flight-case51081758129.webp","contentUrl":"https:\/\/sxflightcase.com\/wp-content\/uploads\/2024\/05\/6u-rack-flight-case51081758129.webp","width":750,"height":750,"caption":"6u Rack Flight Case"},{"@type":"BreadcrumbList","@id":"https:\/\/sxflightcase.com\/da\/produkt\/6u-rack-flight-case\/#breadcrumb","itemListElement":[{"@type":"ListItem","position":1,"name":"Home","item":"https:\/\/sxflightcase.com\/"},{"@type":"ListItem","position":2,"name":"\u0e2a\u0e34\u0e19\u0e04\u0e49\u0e32","item":"https:\/\/sxflightcase.com\/th\/shop\/"},{"@type":"ListItem","position":3,"name":"MC 6u Rack Flight Case"}]},{"@type":"WebSite","@id":"https:\/\/sxflightcase.com\/th\/#website","url":"https:\/\/sxflightcase.com\/th\/","name":"sxpowercase.com","description":"F\u00e1brica de malas de voo","publisher":{"@id":"https:\/\/sxflightcase.com\/th\/#organization"},"potentialAction":[{"@type":"SearchAction","target":{"@type":"EntryPoint","urlTemplate":"https:\/\/sxflightcase.com\/th\/?s={search_term_string}"},"query-input":{"@type":"PropertyValueSpecification","valueRequired":true,"valueName":"search_term_string"}}],"inLanguage":"pt-PT"},{"@type":"Organization","@id":"https:\/\/sxflightcase.com\/th\/#organization","name":"sxpowercase.com","url":"https:\/\/sxflightcase.com\/th\/","logo":{"@type":"ImageObject","inLanguage":"pt-PT","@id":"https:\/\/sxflightcase.com\/th\/#\/schema\/logo\/image\/","url":"https:\/\/sxflightcase.com\/wp-content\/uploads\/2024\/04\/1713919036007.jpg","contentUrl":"https:\/\/sxflightcase.com\/wp-content\/uploads\/2024\/04\/1713919036007.jpg","width":382,"height":388,"caption":"sxpowercase.com"},"image":{"@id":"https:\/\/sxflightcase.com\/th\/#\/schema\/logo\/image\/"},"sameAs":["https:\/\/www.facebook.com\/profile.php?id=61560407257971"],"numberOfEmployees":{"@type":"QuantitativeValue","minValue":"11","maxValue":"50"}}]}},"_links":{"self":[{"href":"https:\/\/sxflightcase.com\/pt\/wp-json\/wp\/v2\/product\/1647","targetHints":{"allow":["GET"]}}],"collection":[{"href":"https:\/\/sxflightcase.com\/pt\/wp-json\/wp\/v2\/product"}],"about":[{"href":"https:\/\/sxflightcase.com\/pt\/wp-json\/wp\/v2\/types\/product"}],"replies":[{"embeddable":true,"href":"https:\/\/sxflightcase.com\/pt\/wp-json\/wp\/v2\/comments?post=1647"}],"version-history":[{"count":0,"href":"https:\/\/sxflightcase.com\/pt\/wp-json\/wp\/v2\/product\/1647\/revisions"}],"wp:featuredmedia":[{"embeddable":true,"href":"https:\/\/sxflightcase.com\/pt\/wp-json\/wp\/v2\/media\/1648"}],"wp:attachment":[{"href":"https:\/\/sxflightcase.com\/pt\/wp-json\/wp\/v2\/media?parent=1647"}],"wp:term":[{"taxonomy":"product_brand","embeddable":true,"href":"https:\/\/sxflightcase.com\/pt\/wp-json\/wp\/v2\/product_brand?post=1647"},{"taxonomy":"product_cat","embeddable":true,"href":"https:\/\/sxflightcase.com\/pt\/wp-json\/wp\/v2\/product_cat?post=1647"},{"taxonomy":"product_tag","embeddable":true,"href":"https:\/\/sxflightcase.com\/pt\/wp-json\/wp\/v2\/product_tag?post=1647"}],"curies":[{"name":"wp","href":"https:\/\/api.w.org\/{rel}","templated":true}]}}