{"id":1664,"date":"2024-05-10T03:42:43","date_gmt":"2024-05-10T02:42:43","guid":{"rendered":"https:\/\/sxpowercase.com\/?post_type=product&#038;p=1664"},"modified":"2024-06-25T10:07:51","modified_gmt":"2024-06-25T09:07:51","slug":"flight-case-2u","status":"publish","type":"product","link":"https:\/\/sxflightcase.com\/pt\/produto\/caixa-de-transporte-2u-2\/","title":{"rendered":"Mala de voo FC 2u"},"content":{"rendered":"<h3><strong>Par\u00e2metro do produto (especifica\u00e7\u00e3o)<\/strong><\/h3>\n<section class=\"table-wrap\">\n<table class=\"table\" width=\"100%\" cellspacing=\"0\" cellpadding=\"0\">\n<tbody>\n<tr class=\"firstRow\">\n<td width=\"134\">Nome do produto:<\/td>\n<td width=\"503\">Mala de transporte 2u<\/td>\n<\/tr>\n<tr>\n<td width=\"134\">Material e acess\u00f3rio:<\/td>\n<td width=\"503\">Contraplacado de 9 mm + Ferragens cromadas\/zincadas + Extrus\u00e3o de alum\u00ednio<br \/>\nTampas amov\u00edveis \u00e0 frente e atr\u00e1s<\/td>\n<\/tr>\n<tr>\n<td width=\"134\">Forro de espuma:<\/td>\n<td width=\"503\">Espuma de p\u00e9rola\/espuma EVA\/espuma de ovo, etc... regular ou por pedido<\/td>\n<\/tr>\n<tr>\n<td width=\"134\">Cor:<\/td>\n<td width=\"503\">Preto (cor predefinida), vermelho, azul, laranja, amarelo, verde, etc.<\/td>\n<\/tr>\n<tr>\n<td width=\"134\">Prazo de entrega:<\/td>\n<td width=\"503\">Encomenda de amostra 3 dias, Encomenda normal 7-15 dias<\/td>\n<\/tr>\n<tr>\n<td width=\"134\">Dimens\u00e3o:<\/td>\n<td width=\"503\">Depende da dimens\u00e3o do equipamento<\/td>\n<\/tr>\n<\/tbody>\n<\/table>\n<\/section>\n<h2>Mala de transporte SX 2U: Prote\u00e7\u00e3o compacta para o seu equipamento<\/h2>\n<h3>Compacto e protetor<\/h3>\n<p><a href=\"https:\/\/sxpowercase.com\/\" target=\"_blank\"  rel=\"noopener\" title=\"SX\"  data-wpil-monitor-id=\"475\">SX<\/a> apresenta a Flight Case 2U, concebida para oferecer uma prote\u00e7\u00e3o compacta mas robusta ao seu valioso equipamento. Ideal para m\u00fasicos, DJs e profissionais do audiovisual, esta mala de transporte 2U garante que o seu equipamento permanece seguro durante o transporte e armazenamento. A sua constru\u00e7\u00e3o robusta e o interior almofadado proporcionam uma prote\u00e7\u00e3o fi\u00e1vel contra choques e pancadas, salvaguardando os instrumentos e a eletr\u00f3nica delicada.<\/p>\n<h3>Efici\u00eancia direta da f\u00e1brica<\/h3>\n<p>Na SX, damos prioridade \u00e0s vendas diretas da f\u00e1brica para aumentar a efici\u00eancia comercial e oferecer pre\u00e7os competitivos. Ao eliminar os intermedi\u00e1rios, mantemos o controlo sobre a qualidade e transferimos as poupan\u00e7as de custos para si. A Flight Case 2U exemplifica o nosso compromisso em fornecer malas de voo de alta qualidade a pre\u00e7os acess\u00edveis, assegurando que obt\u00e9m o m\u00e1ximo valor sem comprometer a prote\u00e7\u00e3o.<\/p>\n<h3>Op\u00e7\u00f5es de personaliza\u00e7\u00e3o dispon\u00edveis<\/h3>\n<p>Compreendemos que cada profissional tem requisitos \u00fanicos. \u00c9 por isso que a SX oferece servi\u00e7os de personaliza\u00e7\u00e3o para a Flight Case 2U. Quer necessite de compartimentos adicionais, dimens\u00f5es personalizadas ou op\u00e7\u00f5es de marca, a nossa equipa pode adaptar a mala de transporte \u00e0s suas necessidades espec\u00edficas. Melhore a sua configura\u00e7\u00e3o profissional com uma solu\u00e7\u00e3o personalizada que reflicta as suas prefer\u00eancias de estilo e funcionalidade.<\/p>\n<hr \/>\n<h2>Porqu\u00ea escolher a SX?<\/h2>\n<p>Escolha a SX para a Flight Case 2U e experimente uma prote\u00e7\u00e3o superior e op\u00e7\u00f5es de personaliza\u00e7\u00e3o adaptadas \u00e0s suas necessidades. O nosso modelo de vendas diretas da f\u00e1brica garante transpar\u00eancia e efic\u00e1cia de custos, permitindo-lhe investir numa mala de transporte que satisfa\u00e7a as suas expectativas sem exceder o seu or\u00e7amento. Contacte a SX hoje mesmo para explorar as nossas solu\u00e7\u00f5es de malas de transporte e aumentar a prote\u00e7\u00e3o do seu equipamento durante as viagens e o armazenamento.<\/p>\n<p><strong>FAQ<\/strong><\/p>\n<p>P: Qual \u00e9 o vosso prazo de pagamento?<\/p>\n<p>A: 30% adiantamento antes da produ\u00e7\u00e3o e 70% pagamento do saldo antes do envio.<\/p>\n<p>P: Que formas de pagamento podem ser aceites?<\/p>\n<p>A: T\/T, Western Union, etc. Aceitamos qualquer termo de pagamento conveniente e r\u00e1pido.<\/p>\n<p>P: Quando \u00e9 que posso obter o pre\u00e7o?<\/p>\n<p>R: Normalmente, fazemos a cota\u00e7\u00e3o no prazo de 8 horas ap\u00f3s a rece\u00e7\u00e3o do seu pedido.<\/p>\n<p>Q: Qual \u00e9 o seu MOQ?<\/p>\n<p>R: Se tivermos os produtos em stock, n\u00e3o haver\u00e1 MOQ. Se precisarmos de produzir, podemos discutir o MOQ de acordo com a situa\u00e7\u00e3o exacta do cliente.<\/p>\n<p><strong>O nosso servi\u00e7o<\/strong><\/p>\n<p>1.Mais servi\u00e7o profissional no dom\u00ednio da exporta\u00e7\u00e3o de produtos de embalagem e impress\u00e3o<\/p>\n<p>2. melhor capacidade de fabrico<\/p>\n<p>3. v\u00e1rios termos de pagamento para escolher: T\/T, Western Union<\/p>\n<p>Hot Tags: Pre\u00e7o baixo, em estoque, amostra gr\u00e1tis, cabo de alimenta\u00e7\u00e3o e sinal, fio de 4 condutores de calibre 16, caixa de suporte de microfone, gabinete de exibi\u00e7\u00e3o de led ao ar livre, montagem em rack, caixas de v\u00f4o de misturador de montagem em rack de 19 \", caixa de distribui\u00e7\u00e3o el\u00e9trica, China, fornecedores, f\u00e1brica, personalizado, atacado, <span style=\"color: #993366;\"><a style=\"color: #993366;\" href=\"https:\/\/sxflightcase.com\/pt\/product-category\/all-product\/power-distribution-boxes\/\">caixas el\u00e9ctricas<\/a>,\u00a0<a style=\"color: #993366;\" href=\"https:\/\/sxflightcase.com\/pt\/product-category\/all-product\/hoist-controllers\/\">cabos el\u00e9ctricos<\/a>,\u00a0<a style=\"color: #993366;\" href=\"https:\/\/sxflightcase.com\/pt\/product-category\/all-product\/hoist-controllers\/\">controladores de guinchos<\/a>,\u00a0<a style=\"color: #993366;\" href=\"https:\/\/sxflightcase.com\/pt\/product-category\/all-product\/flight-case\/\">casos de voo.<\/a><\/span><\/p>","protected":false},"excerpt":{"rendered":"<h2 class=\"prodetails-name\">Mala de transporte 2u<\/h2>\n<p>N\u00f3s fornecemos a mala de voo 2u para oferecer uma prote\u00e7\u00e3o fi\u00e1vel para engrenagens e equipamentos caros durante a utiliza\u00e7\u00e3o, embalagem, armazenamento e transporte. Dedicamo-nos \u00e0 caixa de v\u00f4o por muitos anos, cobrindo a maior parte do mercado americano e asi\u00e1tico. Esperamos ser o seu parceiro de longa data na China.<\/p>\n<h2><strong>Introdu\u00e7\u00e3o \u00e0 produ\u00e7\u00e3o<\/strong><\/h2>\n<p>Esta mala de transporte 2u foi concebida com materiais de alta qualidade, fabricados em pl\u00e1stico ABS\/compensado laminado, revestimento de espuma, extrus\u00f5es de alum\u00ednio e hardware de qualidade. \u00c9 utilizada para carregar todo o tipo de \u00e1udio, processador, etc...<\/p>","protected":false},"featured_media":1666,"comment_status":"open","ping_status":"closed","template":"","meta":[],"product_brand":[],"product_cat":[35],"product_tag":[52],"class_list":{"0":"post-1664","1":"product","2":"type-product","3":"status-publish","4":"has-post-thumbnail","6":"product_cat-standard-rack-cases","7":"product_tag-fc","9":"first","10":"instock","11":"shipping-taxable","12":"product-type-simple"},"yoast_head":"<!-- This site is optimized with the Yoast SEO Premium plugin v27.1 (Yoast SEO v27.2) - https:\/\/yoast.com\/product\/yoast-seo-premium-wordpress\/ -->\n<title>FC Flight Case 2u - https:\/\/sxflightcase.com \ud83d\udc97<\/title>\n<meta name=\"description\" content=\"Flight Case 2u: Discover our factory-direct options, offering professional customization for efficient organization and storage of your equipment.\" \/>\n<meta name=\"robots\" content=\"index, follow, max-snippet:-1, max-image-preview:large, max-video-preview:-1\" \/>\n<link rel=\"canonical\" href=\"https:\/\/sxflightcase.com\/pt\/produkt\/flight-case-2u-2\/\" \/>\n<meta property=\"og:locale\" content=\"pt_PT\" \/>\n<meta property=\"og:type\" content=\"article\" \/>\n<meta property=\"og:title\" content=\"FC Flight Case 2u\" \/>\n<meta property=\"og:description\" content=\"Flight Case 2u: Discover our factory-direct options, offering professional customization for efficient organization and storage of your equipment.\" \/>\n<meta property=\"og:url\" content=\"https:\/\/sxflightcase.com\/pt\/produkt\/flight-case-2u-2\/\" \/>\n<meta property=\"og:site_name\" content=\"https:\/\/sxflightcase.com\" \/>\n<meta property=\"article:publisher\" content=\"https:\/\/www.facebook.com\/profile.php?id=61560407257971\" \/>\n<meta property=\"article:modified_time\" content=\"2024-06-25T09:07:51+00:00\" \/>\n<meta property=\"og:image\" content=\"https:\/\/sxflightcase.com\/wp-content\/uploads\/2024\/05\/flight-case-2u57082760060.webp\" \/>\n\t<meta property=\"og:image:width\" content=\"750\" \/>\n\t<meta property=\"og:image:height\" content=\"750\" \/>\n\t<meta property=\"og:image:type\" content=\"image\/webp\" \/>\n<meta name=\"twitter:card\" content=\"summary_large_image\" \/>\n<meta name=\"twitter:label1\" content=\"Tempo estimado de leitura\" \/>\n\t<meta name=\"twitter:data1\" content=\"3 minutos\" \/>\n<script type=\"application\/ld+json\" class=\"yoast-schema-graph\">{\"@context\":\"https:\/\/schema.org\",\"@graph\":[{\"@type\":\"WebPage\",\"@id\":\"https:\/\/sxflightcase.com\/da\/produkt\/flight-case-2u-2\/\",\"url\":\"https:\/\/sxflightcase.com\/da\/produkt\/flight-case-2u-2\/\",\"name\":\"FC Flight Case 2u - https:\/\/sxflightcase.com \ud83d\udc97\",\"isPartOf\":{\"@id\":\"https:\/\/sxflightcase.com\/th\/#website\"},\"primaryImageOfPage\":{\"@id\":\"https:\/\/sxflightcase.com\/da\/produkt\/flight-case-2u-2\/#primaryimage\"},\"image\":{\"@id\":\"https:\/\/sxflightcase.com\/da\/produkt\/flight-case-2u-2\/#primaryimage\"},\"thumbnailUrl\":\"https:\/\/sxflightcase.com\/wp-content\/uploads\/2024\/05\/flight-case-2u57082760060.webp\",\"datePublished\":\"2024-05-10T02:42:43+00:00\",\"dateModified\":\"2024-06-25T09:07:51+00:00\",\"description\":\"Flight Case 2u: Discover our factory-direct options, offering professional customization for efficient organization and storage of your equipment.\",\"breadcrumb\":{\"@id\":\"https:\/\/sxflightcase.com\/da\/produkt\/flight-case-2u-2\/#breadcrumb\"},\"inLanguage\":\"pt-PT\",\"potentialAction\":[{\"@type\":\"ReadAction\",\"target\":[\"https:\/\/sxflightcase.com\/da\/produkt\/flight-case-2u-2\/\"]}]},{\"@type\":\"ImageObject\",\"inLanguage\":\"pt-PT\",\"@id\":\"https:\/\/sxflightcase.com\/da\/produkt\/flight-case-2u-2\/#primaryimage\",\"url\":\"https:\/\/sxflightcase.com\/wp-content\/uploads\/2024\/05\/flight-case-2u57082760060.webp\",\"contentUrl\":\"https:\/\/sxflightcase.com\/wp-content\/uploads\/2024\/05\/flight-case-2u57082760060.webp\",\"width\":750,\"height\":750,\"caption\":\"Flight Case 2u\"},{\"@type\":\"BreadcrumbList\",\"@id\":\"https:\/\/sxflightcase.com\/da\/produkt\/flight-case-2u-2\/#breadcrumb\",\"itemListElement\":[{\"@type\":\"ListItem\",\"position\":1,\"name\":\"Home\",\"item\":\"https:\/\/sxflightcase.com\/\"},{\"@type\":\"ListItem\",\"position\":2,\"name\":\"\u0e2a\u0e34\u0e19\u0e04\u0e49\u0e32\",\"item\":\"https:\/\/sxflightcase.com\/th\/shop\/\"},{\"@type\":\"ListItem\",\"position\":3,\"name\":\"FC Flight Case 2u\"}]},{\"@type\":\"WebSite\",\"@id\":\"https:\/\/sxflightcase.com\/th\/#website\",\"url\":\"https:\/\/sxflightcase.com\/th\/\",\"name\":\"sxpowercase.com\",\"description\":\"Flight Case Factory\",\"publisher\":{\"@id\":\"https:\/\/sxflightcase.com\/th\/#organization\"},\"potentialAction\":[{\"@type\":\"SearchAction\",\"target\":{\"@type\":\"EntryPoint\",\"urlTemplate\":\"https:\/\/sxflightcase.com\/th\/?s={search_term_string}\"},\"query-input\":{\"@type\":\"PropertyValueSpecification\",\"valueRequired\":true,\"valueName\":\"search_term_string\"}}],\"inLanguage\":\"pt-PT\"},{\"@type\":\"Organization\",\"@id\":\"https:\/\/sxflightcase.com\/th\/#organization\",\"name\":\"sxpowercase.com\",\"url\":\"https:\/\/sxflightcase.com\/th\/\",\"logo\":{\"@type\":\"ImageObject\",\"inLanguage\":\"pt-PT\",\"@id\":\"https:\/\/sxflightcase.com\/th\/#\/schema\/logo\/image\/\",\"url\":\"https:\/\/sxflightcase.com\/wp-content\/uploads\/2024\/04\/1713919036007.jpg\",\"contentUrl\":\"https:\/\/sxflightcase.com\/wp-content\/uploads\/2024\/04\/1713919036007.jpg\",\"width\":382,\"height\":388,\"caption\":\"sxpowercase.com\"},\"image\":{\"@id\":\"https:\/\/sxflightcase.com\/th\/#\/schema\/logo\/image\/\"},\"sameAs\":[\"https:\/\/www.facebook.com\/profile.php?id=61560407257971\"],\"numberOfEmployees\":{\"@type\":\"QuantitativeValue\",\"minValue\":\"11\",\"maxValue\":\"50\"}}]}<\/script>\n<!-- \/ Yoast SEO Premium plugin. -->","yoast_head_json":{"title":"FC Flight Case 2u - https:\/\/sxflightcase.com \ud83d\udc97","description":"Flight Case 2u: Descubra as nossas op\u00e7\u00f5es diretas da f\u00e1brica, que oferecem personaliza\u00e7\u00e3o profissional para uma organiza\u00e7\u00e3o e armazenamento eficientes do seu equipamento.","robots":{"index":"index","follow":"follow","max-snippet":"max-snippet:-1","max-image-preview":"max-image-preview:large","max-video-preview":"max-video-preview:-1"},"canonical":"https:\/\/sxflightcase.com\/pt\/produkt\/flight-case-2u-2\/","og_locale":"pt_PT","og_type":"article","og_title":"FC Flight Case 2u","og_description":"Flight Case 2u: Discover our factory-direct options, offering professional customization for efficient organization and storage of your equipment.","og_url":"https:\/\/sxflightcase.com\/pt\/produkt\/flight-case-2u-2\/","og_site_name":"https:\/\/sxflightcase.com","article_publisher":"https:\/\/www.facebook.com\/profile.php?id=61560407257971","article_modified_time":"2024-06-25T09:07:51+00:00","og_image":[{"width":750,"height":750,"url":"https:\/\/sxflightcase.com\/wp-content\/uploads\/2024\/05\/flight-case-2u57082760060.webp","type":"image\/webp"}],"twitter_card":"summary_large_image","twitter_misc":{"Tempo estimado de leitura":"3 minutos"},"schema":{"@context":"https:\/\/schema.org","@graph":[{"@type":"WebPage","@id":"https:\/\/sxflightcase.com\/da\/produkt\/flight-case-2u-2\/","url":"https:\/\/sxflightcase.com\/da\/produkt\/flight-case-2u-2\/","name":"FC Flight Case 2u - https:\/\/sxflightcase.com \ud83d\udc97","isPartOf":{"@id":"https:\/\/sxflightcase.com\/th\/#website"},"primaryImageOfPage":{"@id":"https:\/\/sxflightcase.com\/da\/produkt\/flight-case-2u-2\/#primaryimage"},"image":{"@id":"https:\/\/sxflightcase.com\/da\/produkt\/flight-case-2u-2\/#primaryimage"},"thumbnailUrl":"https:\/\/sxflightcase.com\/wp-content\/uploads\/2024\/05\/flight-case-2u57082760060.webp","datePublished":"2024-05-10T02:42:43+00:00","dateModified":"2024-06-25T09:07:51+00:00","description":"Flight Case 2u: Descubra as nossas op\u00e7\u00f5es diretas da f\u00e1brica, que oferecem personaliza\u00e7\u00e3o profissional para uma organiza\u00e7\u00e3o e armazenamento eficientes do seu equipamento.","breadcrumb":{"@id":"https:\/\/sxflightcase.com\/da\/produkt\/flight-case-2u-2\/#breadcrumb"},"inLanguage":"pt-PT","potentialAction":[{"@type":"ReadAction","target":["https:\/\/sxflightcase.com\/da\/produkt\/flight-case-2u-2\/"]}]},{"@type":"ImageObject","inLanguage":"pt-PT","@id":"https:\/\/sxflightcase.com\/da\/produkt\/flight-case-2u-2\/#primaryimage","url":"https:\/\/sxflightcase.com\/wp-content\/uploads\/2024\/05\/flight-case-2u57082760060.webp","contentUrl":"https:\/\/sxflightcase.com\/wp-content\/uploads\/2024\/05\/flight-case-2u57082760060.webp","width":750,"height":750,"caption":"Flight Case 2u"},{"@type":"BreadcrumbList","@id":"https:\/\/sxflightcase.com\/da\/produkt\/flight-case-2u-2\/#breadcrumb","itemListElement":[{"@type":"ListItem","position":1,"name":"Home","item":"https:\/\/sxflightcase.com\/"},{"@type":"ListItem","position":2,"name":"\u0e2a\u0e34\u0e19\u0e04\u0e49\u0e32","item":"https:\/\/sxflightcase.com\/th\/shop\/"},{"@type":"ListItem","position":3,"name":"FC Flight Case 2u"}]},{"@type":"WebSite","@id":"https:\/\/sxflightcase.com\/th\/#website","url":"https:\/\/sxflightcase.com\/th\/","name":"sxpowercase.com","description":"F\u00e1brica de malas de voo","publisher":{"@id":"https:\/\/sxflightcase.com\/th\/#organization"},"potentialAction":[{"@type":"SearchAction","target":{"@type":"EntryPoint","urlTemplate":"https:\/\/sxflightcase.com\/th\/?s={search_term_string}"},"query-input":{"@type":"PropertyValueSpecification","valueRequired":true,"valueName":"search_term_string"}}],"inLanguage":"pt-PT"},{"@type":"Organization","@id":"https:\/\/sxflightcase.com\/th\/#organization","name":"sxpowercase.com","url":"https:\/\/sxflightcase.com\/th\/","logo":{"@type":"ImageObject","inLanguage":"pt-PT","@id":"https:\/\/sxflightcase.com\/th\/#\/schema\/logo\/image\/","url":"https:\/\/sxflightcase.com\/wp-content\/uploads\/2024\/04\/1713919036007.jpg","contentUrl":"https:\/\/sxflightcase.com\/wp-content\/uploads\/2024\/04\/1713919036007.jpg","width":382,"height":388,"caption":"sxpowercase.com"},"image":{"@id":"https:\/\/sxflightcase.com\/th\/#\/schema\/logo\/image\/"},"sameAs":["https:\/\/www.facebook.com\/profile.php?id=61560407257971"],"numberOfEmployees":{"@type":"QuantitativeValue","minValue":"11","maxValue":"50"}}]}},"_links":{"self":[{"href":"https:\/\/sxflightcase.com\/pt\/wp-json\/wp\/v2\/product\/1664","targetHints":{"allow":["GET"]}}],"collection":[{"href":"https:\/\/sxflightcase.com\/pt\/wp-json\/wp\/v2\/product"}],"about":[{"href":"https:\/\/sxflightcase.com\/pt\/wp-json\/wp\/v2\/types\/product"}],"replies":[{"embeddable":true,"href":"https:\/\/sxflightcase.com\/pt\/wp-json\/wp\/v2\/comments?post=1664"}],"version-history":[{"count":0,"href":"https:\/\/sxflightcase.com\/pt\/wp-json\/wp\/v2\/product\/1664\/revisions"}],"wp:featuredmedia":[{"embeddable":true,"href":"https:\/\/sxflightcase.com\/pt\/wp-json\/wp\/v2\/media\/1666"}],"wp:attachment":[{"href":"https:\/\/sxflightcase.com\/pt\/wp-json\/wp\/v2\/media?parent=1664"}],"wp:term":[{"taxonomy":"product_brand","embeddable":true,"href":"https:\/\/sxflightcase.com\/pt\/wp-json\/wp\/v2\/product_brand?post=1664"},{"taxonomy":"product_cat","embeddable":true,"href":"https:\/\/sxflightcase.com\/pt\/wp-json\/wp\/v2\/product_cat?post=1664"},{"taxonomy":"product_tag","embeddable":true,"href":"https:\/\/sxflightcase.com\/pt\/wp-json\/wp\/v2\/product_tag?post=1664"}],"curies":[{"name":"wp","href":"https:\/\/api.w.org\/{rel}","templated":true}]}}