{"id":1686,"date":"2024-05-10T04:00:00","date_gmt":"2024-05-10T03:00:00","guid":{"rendered":"https:\/\/sxpowercase.com\/?post_type=product&#038;p=1686"},"modified":"2024-07-16T02:59:50","modified_gmt":"2024-07-16T01:59:50","slug":"19-flight-cases-plywood","status":"publish","type":"product","link":"https:\/\/sxflightcase.com\/pt\/produto\/19-caixas-de-voo-em-contraplacado\/","title":{"rendered":"Caixas de voo FP de 19\" em contraplacado"},"content":{"rendered":"<p><strong>Par\u00e2metro do produto (especifica\u00e7\u00e3o)<\/strong><\/p>\n<section class=\"table-wrap\">\n<table class=\"table\" width=\"100%\" cellspacing=\"0\" cellpadding=\"0\">\n<tbody>\n<tr class=\"firstRow\">\n<td width=\"134\">Nome do produto:<\/td>\n<td width=\"503\">Caixas de voo de 19\u2033 em contraplacado<\/td>\n<\/tr>\n<tr>\n<td width=\"134\">Material e acess\u00f3rio:<\/td>\n<td width=\"503\">Contraplacado de 9 mm + Ferragens cromadas\/zincadas + Extrus\u00e3o de alum\u00ednio<br \/>\nTampas amov\u00edveis \u00e0 frente e atr\u00e1s<\/td>\n<\/tr>\n<tr>\n<td width=\"134\">Forro de espuma:<\/td>\n<td width=\"503\">Espuma de p\u00e9rola\/espuma EVA\/espuma de ovo, etc... regular ou por pedido<\/td>\n<\/tr>\n<tr>\n<td width=\"134\">Cor:<\/td>\n<td width=\"503\">Preto (cor predefinida), vermelho, azul, laranja, amarelo, verde, etc.<\/td>\n<\/tr>\n<tr>\n<td width=\"134\">Prazo de entrega:<\/td>\n<td width=\"503\">Encomenda de amostra 3 dias, Encomenda normal 7-15 dias<\/td>\n<\/tr>\n<tr>\n<td width=\"134\">Dimens\u00e3o:<\/td>\n<td width=\"503\">Depende da dimens\u00e3o do equipamento<\/td>\n<\/tr>\n<\/tbody>\n<\/table>\n<\/section>\n<p><strong>Expedi\u00e7\u00e3o e entrega<\/strong><\/p>\n<p>Expedi\u00e7\u00e3o: por via a\u00e9rea, mar\u00edtima ou expresso<\/p>\n<p>Prazo de execu\u00e7\u00e3o da amostra: 5~7 dias<\/p>\n<p>Prazo de entrega: cerca de 25~30 dias ap\u00f3s a confirma\u00e7\u00e3o dos detalhes da encomenda e da produ\u00e7\u00e3o.<\/p>\n<h1>SX Flight Cases Plywood: Solu\u00e7\u00f5es duradouras e personaliz\u00e1veis<\/h1>\n<h2>Prote\u00e7\u00e3o e durabilidade m\u00e1ximas<\/h2>\n<p>As Flight Cases Plywood da SX oferecem uma prote\u00e7\u00e3o incompar\u00e1vel para o seu valioso equipamento. Fabricadas em contraplacado de alta qualidade, estas malas de transporte foram concebidas para suportar os rigores das viagens e garantir que o seu equipamento permanece protegido contra impactos e factores ambientais. Perfeitas para m\u00fasicos, profissionais de eventos e t\u00e9cnicos que necessitam de solu\u00e7\u00f5es fi\u00e1veis de armazenamento e transporte.<\/p>\n<h2>Vendas diretas da f\u00e1brica para um valor m\u00e1ximo<\/h2>\n<h3>Acess\u00edvel e de qualidade superior<\/h3>\n<p>Em <a href=\"https:\/\/sxpowercase.com\/\" target=\"_blank\" rel=\"noopener\" title=\"SX\" data-wpil-monitor-id=\"470\">SX<\/a>Na nossa empresa, a Flight Cases Plywood, acreditamos em fornecer produtos de qualidade superior a pre\u00e7os competitivos atrav\u00e9s do nosso modelo de vendas diretas da f\u00e1brica. Ao eliminar o intermedi\u00e1rio, garantimos que recebe contraplacado de caixas de voo de primeira qualidade por uma fra\u00e7\u00e3o do custo. Esta abordagem permite-nos oferecer um valor excecional sem comprometer a qualidade, assegurando-lhe a melhor prote\u00e7\u00e3o para o seu equipamento.<\/p>\n<h2>Personaliz\u00e1vel para satisfazer as suas necessidades<\/h2>\n<h3>Adaptado a cada profissional<\/h3>\n<p>Compreendendo que cada configura\u00e7\u00e3o profissional tem requisitos \u00fanicos, a SX oferece servi\u00e7os de personaliza\u00e7\u00e3o extensivos para as nossas Flight Cases Plywood. Quer necessite de dimens\u00f5es espec\u00edficas, acolchoamento interno ou compartimentos adicionais, podemos modificar as nossas malas de voo para satisfazer as suas especifica\u00e7\u00f5es exactas. As nossas solu\u00e7\u00f5es personalizadas garantem que o seu equipamento est\u00e1 protegido e organizado exatamente da forma que necessita.<\/p>\n<h2>Melhore a sua imagem profissional<\/h2>\n<h3>Design profissional e fi\u00e1vel<\/h3>\n<p>A utiliza\u00e7\u00e3o do contraplacado das malas de voo SX n\u00e3o s\u00f3 garante a seguran\u00e7a do seu equipamento, como tamb\u00e9m melhora a sua imagem profissional. O design robusto e elegante das nossas malas de transporte reflecte o seu compromisso com a qualidade e a fiabilidade. Cause uma forte impress\u00e3o nos clientes e colegas com malas de transporte que cumprem tanto a funcionalidade como a apar\u00eancia, assegurando que o seu equipamento chega sempre em perfeitas condi\u00e7\u00f5es.<\/p>\n<hr \/>\n<p>Escolha as Flight Cases Plywood da SX para uma prote\u00e7\u00e3o superior, durabilidade e valor. Contacte-nos hoje para explorar as nossas vendas diretas da f\u00e1brica e op\u00e7\u00f5es de personaliza\u00e7\u00e3o. Com a SX, o seu equipamento est\u00e1 sempre nas melhores m\u00e3os. Invista no melhor para elevar o seu neg\u00f3cio e salvaguardar o seu equipamento com as nossas malas de voo excepcionais.<\/p>\n<p><strong>FAQ<\/strong><\/p>\n<p>P: Como \u00e9 que podemos obter um or\u00e7amento?<\/p>\n<p>R: Contacte-nos com as especifica\u00e7\u00f5es: tais como material, design, tamanho, forma, cor, quantidade, acabamento de superf\u00edcie, etc.<\/p>\n<p>P: Quais s\u00e3o as condi\u00e7\u00f5es de pagamento?<\/p>\n<p>A: T.T with 30% down payment, 70%before shipment or West Union also accept.<\/p>\n<p>P: Podem ajudar na conce\u00e7\u00e3o?<\/p>\n<p>R: Sim, o design simples \u00e9 gratuito, o design especial tem de ser pago.<\/p>\n<p><strong>O nosso servi\u00e7o<\/strong><\/p>\n<p>A qualidade est\u00e1 sempre em primeiro lugar<\/p>\n<p>* Pre\u00e7os razo\u00e1veis<\/p>\n<p>* Servi\u00e7o OEM fornecido<\/p>\n<p>* Servi\u00e7o p\u00f3s-venda respons\u00e1vel<\/p>\n<p>* O objetivo \u00e9 obter encomendas repetidas do cliente 90% ap\u00f3s as encomendas experimentais<\/p>\n<p>* Fazer progressos em conjunto com os clientes<\/p>\n<p>Hot Tags: Pre\u00e7o baixo, em estoque, amostra gr\u00e1tis, cabo de alimenta\u00e7\u00e3o e sinal, fio de 4 condutores de calibre 16, caixa de suporte de microfone, gabinete de exibi\u00e7\u00e3o de led ao ar livre, montagem em rack, caixas de v\u00f4o de misturador de montagem em rack de 19 \", caixa de distribui\u00e7\u00e3o el\u00e9trica, China, fornecedores, f\u00e1brica, personalizado, atacado, <span style=\"color: #993366;\"><a style=\"color: #993366;\" href=\"https:\/\/sxflightcase.com\/pt\/product-category\/all-product\/power-distribution-boxes\/\">caixas el\u00e9ctricas<\/a>,\u00a0<a style=\"color: #993366;\" href=\"https:\/\/sxflightcase.com\/pt\/product-category\/all-product\/hoist-controllers\/\">cabos el\u00e9ctricos<\/a>,\u00a0<a style=\"color: #993366;\" href=\"https:\/\/sxflightcase.com\/pt\/product-category\/all-product\/hoist-controllers\/\">controladores de guinchos<\/a>,\u00a0<a style=\"color: #993366;\" href=\"https:\/\/sxflightcase.com\/pt\/product-category\/all-product\/flight-case\/\">casos de voo.<\/a><\/span><\/p>","protected":false},"excerpt":{"rendered":"<h2 class=\"prodetails-name\">Caixas de voo de 19\" em contraplacado<\/h2>\n<p>Fornecemos caixas de voo de 19\u2033 em contraplacado para oferecer uma prote\u00e7\u00e3o fi\u00e1vel a engrenagens e equipamentos caros durante a utiliza\u00e7\u00e3o, embalagem, armazenamento e transporte. Dedicamo-nos a <a class=\"wpil_keyword_link\" title=\"mala de voo\" href=\"https:\/\/sxpowercase.com\/product-category\/all-product\/flight-case\/\" target=\"_blank\" rel=\"noopener\" data-wpil-keyword-link=\"linked\" data-wpil-monitor-id=\"404\">mala de voo<\/a> h\u00e1 muitos anos, cobrindo a maior parte do mercado americano e asi\u00e1tico. Esperamos ser o seu parceiro de longa data na China.<\/p>\n<h2><strong>Introdu\u00e7\u00e3o \u00e0 produ\u00e7\u00e3o<\/strong><\/h2>\n<p>A Shengxiang fabrica malas de viagem desde 2001 e foi concebida para proteger o seu investimento. Mala de voo em contraplacado de 19\" com prateleira deslizante amov\u00edvel para computador port\u00e1til. Quatro p\u00e9s de borracha de grau industrial<\/p>","protected":false},"featured_media":1687,"comment_status":"open","ping_status":"closed","template":"","meta":[],"product_brand":[],"product_cat":[35],"product_tag":[53],"class_list":{"0":"post-1686","1":"product","2":"type-product","3":"status-publish","4":"has-post-thumbnail","6":"product_cat-standard-rack-cases","7":"product_tag-fp","9":"first","10":"instock","11":"shipping-taxable","12":"product-type-simple"},"yoast_head":"<!-- This site is optimized with the Yoast SEO Premium plugin v27.1 (Yoast SEO v27.2) - https:\/\/yoast.com\/product\/yoast-seo-premium-wordpress\/ -->\n<title>FP 19&#039;&#039; Flight Cases Plywood - https:\/\/sxflightcase.com \ud83d\udc97<\/title>\n<meta name=\"description\" content=\"19&#039;&#039; Flight Cases Plywood: Discover our factory-direct options for professional-grade equipment protection and organization.\" \/>\n<meta name=\"robots\" content=\"index, follow, max-snippet:-1, max-image-preview:large, max-video-preview:-1\" \/>\n<link rel=\"canonical\" href=\"https:\/\/sxflightcase.com\/pt\/\uc81c\ud488\/19-\ube44\ud589-\ucf00\uc774\uc2a4-\ud569\ud310\/\" \/>\n<meta property=\"og:locale\" content=\"pt_PT\" \/>\n<meta property=\"og:type\" content=\"article\" \/>\n<meta property=\"og:title\" content=\"FP 19&#039;&#039; Flight Cases Plywood\" \/>\n<meta property=\"og:description\" content=\"19&#039;&#039; Flight Cases Plywood: Discover our factory-direct options for professional-grade equipment protection and organization.\" \/>\n<meta property=\"og:url\" content=\"https:\/\/sxflightcase.com\/pt\/\uc81c\ud488\/19-\ube44\ud589-\ucf00\uc774\uc2a4-\ud569\ud310\/\" \/>\n<meta property=\"og:site_name\" content=\"https:\/\/sxflightcase.com\" \/>\n<meta property=\"article:publisher\" content=\"https:\/\/www.facebook.com\/profile.php?id=61560407257971\" \/>\n<meta property=\"article:modified_time\" content=\"2024-07-16T01:59:50+00:00\" \/>\n<meta property=\"og:image\" content=\"https:\/\/sxflightcase.com\/wp-content\/uploads\/2024\/05\/19-flight-cases-plywood25576886879.webp\" \/>\n\t<meta property=\"og:image:width\" content=\"750\" \/>\n\t<meta property=\"og:image:height\" content=\"750\" \/>\n\t<meta property=\"og:image:type\" content=\"image\/webp\" \/>\n<meta name=\"twitter:card\" content=\"summary_large_image\" \/>\n<meta name=\"twitter:label1\" content=\"Tempo estimado de leitura\" \/>\n\t<meta name=\"twitter:data1\" content=\"4 minutos\" \/>\n<script type=\"application\/ld+json\" class=\"yoast-schema-graph\">{\"@context\":\"https:\/\/schema.org\",\"@graph\":[{\"@type\":\"WebPage\",\"@id\":\"https:\/\/sxflightcase.com\/ko\/\uc81c\ud488\/19-\ube44\ud589-\ucf00\uc774\uc2a4-\ud569\ud310\/\",\"url\":\"https:\/\/sxflightcase.com\/ko\/\uc81c\ud488\/19-\ube44\ud589-\ucf00\uc774\uc2a4-\ud569\ud310\/\",\"name\":\"FP 19'' Flight Cases Plywood - https:\/\/sxflightcase.com \ud83d\udc97\",\"isPartOf\":{\"@id\":\"https:\/\/sxflightcase.com\/th\/#website\"},\"primaryImageOfPage\":{\"@id\":\"https:\/\/sxflightcase.com\/ko\/\uc81c\ud488\/19-\ube44\ud589-\ucf00\uc774\uc2a4-\ud569\ud310\/#primaryimage\"},\"image\":{\"@id\":\"https:\/\/sxflightcase.com\/ko\/\uc81c\ud488\/19-\ube44\ud589-\ucf00\uc774\uc2a4-\ud569\ud310\/#primaryimage\"},\"thumbnailUrl\":\"https:\/\/sxflightcase.com\/wp-content\/uploads\/2024\/05\/19-flight-cases-plywood25576886879.webp\",\"datePublished\":\"2024-05-10T03:00:00+00:00\",\"dateModified\":\"2024-07-16T01:59:50+00:00\",\"description\":\"19'' Flight Cases Plywood: Discover our factory-direct options for professional-grade equipment protection and organization.\",\"breadcrumb\":{\"@id\":\"https:\/\/sxflightcase.com\/ko\/\uc81c\ud488\/19-\ube44\ud589-\ucf00\uc774\uc2a4-\ud569\ud310\/#breadcrumb\"},\"inLanguage\":\"pt-PT\",\"potentialAction\":[{\"@type\":\"ReadAction\",\"target\":[\"https:\/\/sxflightcase.com\/ko\/\uc81c\ud488\/19-\ube44\ud589-\ucf00\uc774\uc2a4-\ud569\ud310\/\"]}]},{\"@type\":\"ImageObject\",\"inLanguage\":\"pt-PT\",\"@id\":\"https:\/\/sxflightcase.com\/ko\/\uc81c\ud488\/19-\ube44\ud589-\ucf00\uc774\uc2a4-\ud569\ud310\/#primaryimage\",\"url\":\"https:\/\/sxflightcase.com\/wp-content\/uploads\/2024\/05\/19-flight-cases-plywood25576886879.webp\",\"contentUrl\":\"https:\/\/sxflightcase.com\/wp-content\/uploads\/2024\/05\/19-flight-cases-plywood25576886879.webp\",\"width\":750,\"height\":750,\"caption\":\"19'' Flight Cases Plywood\"},{\"@type\":\"BreadcrumbList\",\"@id\":\"https:\/\/sxflightcase.com\/ko\/\uc81c\ud488\/19-\ube44\ud589-\ucf00\uc774\uc2a4-\ud569\ud310\/#breadcrumb\",\"itemListElement\":[{\"@type\":\"ListItem\",\"position\":1,\"name\":\"Home\",\"item\":\"https:\/\/sxflightcase.com\/\"},{\"@type\":\"ListItem\",\"position\":2,\"name\":\"\u0e2a\u0e34\u0e19\u0e04\u0e49\u0e32\",\"item\":\"https:\/\/sxflightcase.com\/th\/shop\/\"},{\"@type\":\"ListItem\",\"position\":3,\"name\":\"FP 19&#8221; Flight Cases Plywood\"}]},{\"@type\":\"WebSite\",\"@id\":\"https:\/\/sxflightcase.com\/th\/#website\",\"url\":\"https:\/\/sxflightcase.com\/th\/\",\"name\":\"sxpowercase.com\",\"description\":\"Flight Case Factory\",\"publisher\":{\"@id\":\"https:\/\/sxflightcase.com\/th\/#organization\"},\"potentialAction\":[{\"@type\":\"SearchAction\",\"target\":{\"@type\":\"EntryPoint\",\"urlTemplate\":\"https:\/\/sxflightcase.com\/th\/?s={search_term_string}\"},\"query-input\":{\"@type\":\"PropertyValueSpecification\",\"valueRequired\":true,\"valueName\":\"search_term_string\"}}],\"inLanguage\":\"pt-PT\"},{\"@type\":\"Organization\",\"@id\":\"https:\/\/sxflightcase.com\/th\/#organization\",\"name\":\"sxpowercase.com\",\"url\":\"https:\/\/sxflightcase.com\/th\/\",\"logo\":{\"@type\":\"ImageObject\",\"inLanguage\":\"pt-PT\",\"@id\":\"https:\/\/sxflightcase.com\/th\/#\/schema\/logo\/image\/\",\"url\":\"https:\/\/sxflightcase.com\/wp-content\/uploads\/2024\/04\/1713919036007.jpg\",\"contentUrl\":\"https:\/\/sxflightcase.com\/wp-content\/uploads\/2024\/04\/1713919036007.jpg\",\"width\":382,\"height\":388,\"caption\":\"sxpowercase.com\"},\"image\":{\"@id\":\"https:\/\/sxflightcase.com\/th\/#\/schema\/logo\/image\/\"},\"sameAs\":[\"https:\/\/www.facebook.com\/profile.php?id=61560407257971\"],\"numberOfEmployees\":{\"@type\":\"QuantitativeValue\",\"minValue\":\"11\",\"maxValue\":\"50\"}}]}<\/script>\n<!-- \/ Yoast SEO Premium plugin. -->","yoast_head_json":{"title":"FP 19'' Flight Cases Plywood - https:\/\/sxflightcase.com \ud83d\udc97","description":"Malas de voo de 19'' em contraplacado: Descubra as nossas op\u00e7\u00f5es diretas da f\u00e1brica para prote\u00e7\u00e3o e organiza\u00e7\u00e3o de equipamento de n\u00edvel profissional.","robots":{"index":"index","follow":"follow","max-snippet":"max-snippet:-1","max-image-preview":"max-image-preview:large","max-video-preview":"max-video-preview:-1"},"canonical":"https:\/\/sxflightcase.com\/pt\/\uc81c\ud488\/19-\ube44\ud589-\ucf00\uc774\uc2a4-\ud569\ud310\/","og_locale":"pt_PT","og_type":"article","og_title":"FP 19'' Flight Cases Plywood","og_description":"19'' Flight Cases Plywood: Discover our factory-direct options for professional-grade equipment protection and organization.","og_url":"https:\/\/sxflightcase.com\/pt\/\uc81c\ud488\/19-\ube44\ud589-\ucf00\uc774\uc2a4-\ud569\ud310\/","og_site_name":"https:\/\/sxflightcase.com","article_publisher":"https:\/\/www.facebook.com\/profile.php?id=61560407257971","article_modified_time":"2024-07-16T01:59:50+00:00","og_image":[{"width":750,"height":750,"url":"https:\/\/sxflightcase.com\/wp-content\/uploads\/2024\/05\/19-flight-cases-plywood25576886879.webp","type":"image\/webp"}],"twitter_card":"summary_large_image","twitter_misc":{"Tempo estimado de leitura":"4 minutos"},"schema":{"@context":"https:\/\/schema.org","@graph":[{"@type":"WebPage","@id":"https:\/\/sxflightcase.com\/ko\/\uc81c\ud488\/19-\ube44\ud589-\ucf00\uc774\uc2a4-\ud569\ud310\/","url":"https:\/\/sxflightcase.com\/ko\/\uc81c\ud488\/19-\ube44\ud589-\ucf00\uc774\uc2a4-\ud569\ud310\/","name":"FP 19'' Flight Cases Plywood - https:\/\/sxflightcase.com \ud83d\udc97","isPartOf":{"@id":"https:\/\/sxflightcase.com\/th\/#website"},"primaryImageOfPage":{"@id":"https:\/\/sxflightcase.com\/ko\/\uc81c\ud488\/19-\ube44\ud589-\ucf00\uc774\uc2a4-\ud569\ud310\/#primaryimage"},"image":{"@id":"https:\/\/sxflightcase.com\/ko\/\uc81c\ud488\/19-\ube44\ud589-\ucf00\uc774\uc2a4-\ud569\ud310\/#primaryimage"},"thumbnailUrl":"https:\/\/sxflightcase.com\/wp-content\/uploads\/2024\/05\/19-flight-cases-plywood25576886879.webp","datePublished":"2024-05-10T03:00:00+00:00","dateModified":"2024-07-16T01:59:50+00:00","description":"Malas de voo de 19'' em contraplacado: Descubra as nossas op\u00e7\u00f5es diretas da f\u00e1brica para prote\u00e7\u00e3o e organiza\u00e7\u00e3o de equipamento de n\u00edvel profissional.","breadcrumb":{"@id":"https:\/\/sxflightcase.com\/ko\/\uc81c\ud488\/19-\ube44\ud589-\ucf00\uc774\uc2a4-\ud569\ud310\/#breadcrumb"},"inLanguage":"pt-PT","potentialAction":[{"@type":"ReadAction","target":["https:\/\/sxflightcase.com\/ko\/\uc81c\ud488\/19-\ube44\ud589-\ucf00\uc774\uc2a4-\ud569\ud310\/"]}]},{"@type":"ImageObject","inLanguage":"pt-PT","@id":"https:\/\/sxflightcase.com\/ko\/\uc81c\ud488\/19-\ube44\ud589-\ucf00\uc774\uc2a4-\ud569\ud310\/#primaryimage","url":"https:\/\/sxflightcase.com\/wp-content\/uploads\/2024\/05\/19-flight-cases-plywood25576886879.webp","contentUrl":"https:\/\/sxflightcase.com\/wp-content\/uploads\/2024\/05\/19-flight-cases-plywood25576886879.webp","width":750,"height":750,"caption":"19'' Flight Cases Plywood"},{"@type":"BreadcrumbList","@id":"https:\/\/sxflightcase.com\/ko\/\uc81c\ud488\/19-\ube44\ud589-\ucf00\uc774\uc2a4-\ud569\ud310\/#breadcrumb","itemListElement":[{"@type":"ListItem","position":1,"name":"Home","item":"https:\/\/sxflightcase.com\/"},{"@type":"ListItem","position":2,"name":"\u0e2a\u0e34\u0e19\u0e04\u0e49\u0e32","item":"https:\/\/sxflightcase.com\/th\/shop\/"},{"@type":"ListItem","position":3,"name":"FP 19&#8221; Flight Cases Plywood"}]},{"@type":"WebSite","@id":"https:\/\/sxflightcase.com\/th\/#website","url":"https:\/\/sxflightcase.com\/th\/","name":"sxpowercase.com","description":"F\u00e1brica de malas de voo","publisher":{"@id":"https:\/\/sxflightcase.com\/th\/#organization"},"potentialAction":[{"@type":"SearchAction","target":{"@type":"EntryPoint","urlTemplate":"https:\/\/sxflightcase.com\/th\/?s={search_term_string}"},"query-input":{"@type":"PropertyValueSpecification","valueRequired":true,"valueName":"search_term_string"}}],"inLanguage":"pt-PT"},{"@type":"Organization","@id":"https:\/\/sxflightcase.com\/th\/#organization","name":"sxpowercase.com","url":"https:\/\/sxflightcase.com\/th\/","logo":{"@type":"ImageObject","inLanguage":"pt-PT","@id":"https:\/\/sxflightcase.com\/th\/#\/schema\/logo\/image\/","url":"https:\/\/sxflightcase.com\/wp-content\/uploads\/2024\/04\/1713919036007.jpg","contentUrl":"https:\/\/sxflightcase.com\/wp-content\/uploads\/2024\/04\/1713919036007.jpg","width":382,"height":388,"caption":"sxpowercase.com"},"image":{"@id":"https:\/\/sxflightcase.com\/th\/#\/schema\/logo\/image\/"},"sameAs":["https:\/\/www.facebook.com\/profile.php?id=61560407257971"],"numberOfEmployees":{"@type":"QuantitativeValue","minValue":"11","maxValue":"50"}}]}},"_links":{"self":[{"href":"https:\/\/sxflightcase.com\/pt\/wp-json\/wp\/v2\/product\/1686","targetHints":{"allow":["GET"]}}],"collection":[{"href":"https:\/\/sxflightcase.com\/pt\/wp-json\/wp\/v2\/product"}],"about":[{"href":"https:\/\/sxflightcase.com\/pt\/wp-json\/wp\/v2\/types\/product"}],"replies":[{"embeddable":true,"href":"https:\/\/sxflightcase.com\/pt\/wp-json\/wp\/v2\/comments?post=1686"}],"version-history":[{"count":0,"href":"https:\/\/sxflightcase.com\/pt\/wp-json\/wp\/v2\/product\/1686\/revisions"}],"wp:featuredmedia":[{"embeddable":true,"href":"https:\/\/sxflightcase.com\/pt\/wp-json\/wp\/v2\/media\/1687"}],"wp:attachment":[{"href":"https:\/\/sxflightcase.com\/pt\/wp-json\/wp\/v2\/media?parent=1686"}],"wp:term":[{"taxonomy":"product_brand","embeddable":true,"href":"https:\/\/sxflightcase.com\/pt\/wp-json\/wp\/v2\/product_brand?post=1686"},{"taxonomy":"product_cat","embeddable":true,"href":"https:\/\/sxflightcase.com\/pt\/wp-json\/wp\/v2\/product_cat?post=1686"},{"taxonomy":"product_tag","embeddable":true,"href":"https:\/\/sxflightcase.com\/pt\/wp-json\/wp\/v2\/product_tag?post=1686"}],"curies":[{"name":"wp","href":"https:\/\/api.w.org\/{rel}","templated":true}]}}