{"id":1689,"date":"2024-05-10T04:02:58","date_gmt":"2024-05-10T03:02:58","guid":{"rendered":"https:\/\/sxpowercase.com\/?post_type=product&#038;p=1689"},"modified":"2024-06-25T09:47:31","modified_gmt":"2024-06-25T08:47:31","slug":"19-inch-rack-abs-flight-case","status":"publish","type":"product","link":"https:\/\/sxflightcase.com\/pt\/produto\/caixa-de-voo-de-19-polegadas-em-rack-abs\/","title":{"rendered":"Mala de transporte para rack de 19 polegadas em ABS"},"content":{"rendered":"<p><strong>Par\u00e2metro do produto (especifica\u00e7\u00e3o)<\/strong><\/p>\n<section class=\"table-wrap\">\n<table class=\"table\" width=\"100%\" cellspacing=\"0\" cellpadding=\"0\">\n<tbody>\n<tr class=\"firstRow\">\n<td width=\"134\">Nome do produto:<\/td>\n<td width=\"503\">Caixa de transporte para rack de 19 polegadas em ABS<\/td>\n<\/tr>\n<tr>\n<td width=\"134\">Material:<\/td>\n<td width=\"503\">Painel em ABS + ferragens cromadas\/zincadas + extrus\u00e3o em alum\u00ednio<\/td>\n<\/tr>\n<tr>\n<td width=\"134\">Forro de espuma:<\/td>\n<td width=\"503\">N\u00e3o<\/td>\n<\/tr>\n<tr>\n<td width=\"134\">Cor:<\/td>\n<td width=\"503\">Preto (cor predefinida)<\/td>\n<\/tr>\n<tr>\n<td width=\"134\">Prazo de entrega:<\/td>\n<td width=\"503\">Encomenda de amostra 3 dias, Encomenda normal 7-15 dias<\/td>\n<\/tr>\n<tr>\n<td width=\"134\">Dimens\u00e3o:<\/td>\n<td width=\"503\">Depende da dimens\u00e3o do equipamento<\/td>\n<\/tr>\n<\/tbody>\n<\/table>\n<\/section>\n<p>Prazo de entrega:<\/p>\n<section class=\"table-wrap\">\n<table class=\"table\" width=\"100%\" cellspacing=\"0\" cellpadding=\"0\">\n<tbody>\n<tr class=\"firstRow\">\n<td>Quantidade (unidades)<\/td>\n<td>1 &#8211; 50<\/td>\n<td>&gt;50<\/td>\n<\/tr>\n<tr>\n<td>Est. Tempo (dias)<\/td>\n<td>5<\/td>\n<td>A ser negociado<\/td>\n<\/tr>\n<\/tbody>\n<\/table>\n<\/section>\n<h1>Prote\u00e7\u00e3o m\u00e1xima com a mala de transporte para rack de 19 polegadas em ABS da SX<\/h1>\n<h2>Robusto e fi\u00e1vel<\/h2>\n<p>A mala de transporte para rack de 19 polegadas em ABS da SX foi concebida para proporcionar a m\u00e1xima prote\u00e7\u00e3o ao seu valioso equipamento. A constru\u00e7\u00e3o em pl\u00e1stico ABS dur\u00e1vel garante que o seu equipamento permanece seguro contra impactos, riscos e outros danos durante o transporte. Esta mala de transporte \u00e9 perfeita para m\u00fasicos, engenheiros de som e qualquer pessoa que necessite de transportar equipamento montado em rack de forma segura.<\/p>\n<h2>Vendas diretas da f\u00e1brica para um valor m\u00e1ximo<\/h2>\n<h3>Excel\u00eancia a pre\u00e7os acess\u00edveis<\/h3>\n<p>Ao oferecer a nossa Flight Case para rack de 19 polegadas em ABS atrav\u00e9s de vendas diretas na f\u00e1brica, <a href=\"https:\/\/sxpowercase.com\/\" target=\"_blank\"  rel=\"noopener\" title=\"SX\"  data-wpil-monitor-id=\"469\">SX<\/a> garante que obt\u00e9m o melhor valor para o seu investimento. Evitar o intermedi\u00e1rio significa que poupa dinheiro e continua a receber prote\u00e7\u00e3o de alta qualidade para o seu equipamento. O nosso compromisso com as vendas diretas da f\u00e1brica garante-lhe uma qualidade superior a pre\u00e7os competitivos.<\/p>\n<h2>Personaliz\u00e1vel para as suas necessidades<\/h2>\n<h3>Solu\u00e7\u00f5es \u00e0 medida<\/h3>\n<p>A SX compreende que cada configura\u00e7\u00e3o profissional \u00e9 \u00fanica. \u00c9 por isso que oferecemos servi\u00e7os de personaliza\u00e7\u00e3o para a nossa Flight Case para rack de 19 polegadas em ABS. Quer necessite de dimens\u00f5es espec\u00edficas, compartimentos adicionais ou carater\u00edsticas especiais, podemos personalizar a mala para satisfazer os seus requisitos exactos. Experimente a comodidade e a seguran\u00e7a de uma mala de transporte concebida especialmente para si.<\/p>\n<h2>Melhore a sua imagem profissional<\/h2>\n<h3>Profissional e fi\u00e1vel<\/h3>\n<p>A utiliza\u00e7\u00e3o da mala de transporte para rack da SX n\u00e3o s\u00f3 protege o seu equipamento, como tamb\u00e9m melhora a sua imagem profissional. O design elegante e robusto reflecte o seu compromisso com a qualidade e a fiabilidade. Impressione os seus clientes e colegas com uma mala de transporte que oferece funcionalidade e apar\u00eancia, garantindo que o seu equipamento chega sempre em perfeitas condi\u00e7\u00f5es.<\/p>\n<hr \/>\n<p>Escolha a Flight Case em ABS da SX para uma prote\u00e7\u00e3o, durabilidade e valor imbat\u00edveis. Contacte-nos hoje para explorar as nossas vendas diretas da f\u00e1brica e op\u00e7\u00f5es de personaliza\u00e7\u00e3o. Com a SX, o seu equipamento est\u00e1 sempre nas melhores m\u00e3os. Invista no melhor para elevar o seu neg\u00f3cio e proteger o seu equipamento com as nossas excepcionais malas de transporte.<\/p>\n<p><strong>FAQ<\/strong><\/p>\n<p>1. como podemos garantir a qualidade?<\/p>\n<p>Sempre uma amostra de pr\u00e9-produ\u00e7\u00e3o antes da produ\u00e7\u00e3o em massa;<\/p>\n<p>Inspe\u00e7\u00e3o final antes da expedi\u00e7\u00e3o;<\/p>\n<p>2) O que \u00e9 que nos pode comprar?<\/p>\n<p>Caixa de prote\u00e7\u00e3o de seguran\u00e7a, caixa de pl\u00e1stico \u00e0 prova de \u00e1gua, caixa de contraplacado<\/p>\n<p>3) Que servi\u00e7os podemos prestar?<\/p>\n<p>Condi\u00e7\u00f5es de entrega aceites: FOB, CFR, CIF, EXW, FCA, DDP, DDU, Entrega expressa\uff1b<\/p>\n<p>Moeda de pagamento aceite: USD, EUR, CNY;<\/p>\n<p>Tipo de pagamento aceite: T\/T, L\/C, Western Union;<\/p>\n<p>L\u00edngua falada: Ingl\u00eas, Chin\u00eas<\/p>\n<p><strong>O nosso servi\u00e7o<\/strong><\/p>\n<p>1.Mais servi\u00e7o profissional no dom\u00ednio da exporta\u00e7\u00e3o de produtos de embalagem e impress\u00e3o<\/p>\n<p>2. melhor capacidade de fabrico<\/p>\n<p>3. v\u00e1rios termos de pagamento para escolher: T\/T, Western Union<\/p>\n<p>Hot Tags: Pre\u00e7o baixo, em estoque, amostra gr\u00e1tis, cabo de alimenta\u00e7\u00e3o e sinal, fio de 4 condutores de calibre 16, caixa de suporte de microfone, gabinete de exibi\u00e7\u00e3o de led ao ar livre, montagem em rack, caixas de v\u00f4o de misturador de montagem em rack de 19 \", caixa de distribui\u00e7\u00e3o el\u00e9trica, China, fornecedores, f\u00e1brica, personalizado, atacado, <span style=\"color: #993366;\"><a style=\"color: #993366;\" href=\"https:\/\/sxflightcase.com\/pt\/product-category\/all-product\/power-distribution-boxes\/\">caixas el\u00e9ctricas<\/a>,\u00a0<a style=\"color: #993366;\" href=\"https:\/\/sxflightcase.com\/pt\/product-category\/all-product\/hoist-controllers\/\">cabos el\u00e9ctricos<\/a>,\u00a0<a style=\"color: #993366;\" href=\"https:\/\/sxflightcase.com\/pt\/product-category\/all-product\/hoist-controllers\/\">controladores de guinchos<\/a>,\u00a0<a style=\"color: #993366;\" href=\"https:\/\/sxflightcase.com\/pt\/product-category\/all-product\/flight-case\/\">casos de voo.<\/a><\/span><\/p>","protected":false},"excerpt":{"rendered":"<h2 class=\"prodetails-name\">Mala de transporte ABS para rack de 19 polegadas<\/h2>\n<p>A mala de voo ABS para rack de 19 polegadas \u00e9 fabricada por moldagem por inje\u00e7\u00e3o de pl\u00e1sticos de engenharia com elevada resist\u00eancia ao impacto, leve, resistente e dur\u00e1vel. O fecho da caixa \u00e9 uma pe\u00e7a de molde de inje\u00e7\u00e3o de alta resist\u00eancia, e ser\u00e1 inquebr\u00e1vel mesmo que receba um impacto relativamente grande.<\/p>\n<h2><strong>Introdu\u00e7\u00e3o \u00e0 produ\u00e7\u00e3o<\/strong><\/h2>\n<p>Esta mala de transporte ABS para rack de 19 polegadas foi concebida com materiais de alta qualidade, fabricados com pl\u00e1stico ABS\/lamado de contraplacado, revestimento de espuma, extrus\u00f5es de alum\u00ednio e hardware de qualidade.<\/p>","protected":false},"featured_media":1691,"comment_status":"open","ping_status":"closed","template":"","meta":[],"product_brand":[],"product_cat":[35],"product_tag":[47],"class_list":{"0":"post-1689","1":"product","2":"type-product","3":"status-publish","4":"has-post-thumbnail","6":"product_cat-standard-rack-cases","7":"product_tag-abs","9":"first","10":"instock","11":"shipping-taxable","12":"product-type-simple"},"yoast_head":"<!-- This site is optimized with the Yoast SEO Premium plugin v27.1 (Yoast SEO v27.2) - https:\/\/yoast.com\/product\/yoast-seo-premium-wordpress\/ -->\n<title>ABS 19 Inch Rack Flight Case - https:\/\/sxflightcase.com \ud83d\udc97<\/title>\n<meta name=\"description\" content=\"19 Inch Rack ABS Flight Case: Discover our factory-direct options for professional-grade equipment protection and organization.\" \/>\n<meta name=\"robots\" content=\"index, follow, max-snippet:-1, max-image-preview:large, max-video-preview:-1\" \/>\n<link rel=\"canonical\" href=\"https:\/\/sxflightcase.com\/pt\/produkt\/19-tommer-rack-abs-flightcase\/\" \/>\n<meta property=\"og:locale\" content=\"pt_PT\" \/>\n<meta property=\"og:type\" content=\"article\" \/>\n<meta property=\"og:title\" content=\"ABS 19 Inch Rack Flight Case\" \/>\n<meta property=\"og:description\" content=\"19 Inch Rack ABS Flight Case: Discover our factory-direct options for professional-grade equipment protection and organization.\" \/>\n<meta property=\"og:url\" content=\"https:\/\/sxflightcase.com\/pt\/produkt\/19-tommer-rack-abs-flightcase\/\" \/>\n<meta property=\"og:site_name\" content=\"https:\/\/sxflightcase.com\" \/>\n<meta property=\"article:publisher\" content=\"https:\/\/www.facebook.com\/profile.php?id=61560407257971\" \/>\n<meta property=\"article:modified_time\" content=\"2024-06-25T08:47:31+00:00\" \/>\n<meta property=\"og:image\" content=\"https:\/\/sxflightcase.com\/wp-content\/uploads\/2024\/05\/19-inch-rack-abs-flight-case20596276911.webp\" \/>\n\t<meta property=\"og:image:width\" content=\"730\" \/>\n\t<meta property=\"og:image:height\" content=\"730\" \/>\n\t<meta property=\"og:image:type\" content=\"image\/webp\" \/>\n<meta name=\"twitter:card\" content=\"summary_large_image\" \/>\n<meta name=\"twitter:label1\" content=\"Tempo estimado de leitura\" \/>\n\t<meta name=\"twitter:data1\" content=\"3 minutos\" \/>\n<script type=\"application\/ld+json\" class=\"yoast-schema-graph\">{\"@context\":\"https:\/\/schema.org\",\"@graph\":[{\"@type\":\"WebPage\",\"@id\":\"https:\/\/sxflightcase.com\/da\/produkt\/19-tommer-rack-abs-flightcase\/\",\"url\":\"https:\/\/sxflightcase.com\/da\/produkt\/19-tommer-rack-abs-flightcase\/\",\"name\":\"ABS 19 Inch Rack Flight Case - https:\/\/sxflightcase.com \ud83d\udc97\",\"isPartOf\":{\"@id\":\"https:\/\/sxflightcase.com\/th\/#website\"},\"primaryImageOfPage\":{\"@id\":\"https:\/\/sxflightcase.com\/da\/produkt\/19-tommer-rack-abs-flightcase\/#primaryimage\"},\"image\":{\"@id\":\"https:\/\/sxflightcase.com\/da\/produkt\/19-tommer-rack-abs-flightcase\/#primaryimage\"},\"thumbnailUrl\":\"https:\/\/sxflightcase.com\/wp-content\/uploads\/2024\/05\/19-inch-rack-abs-flight-case20596276911.webp\",\"datePublished\":\"2024-05-10T03:02:58+00:00\",\"dateModified\":\"2024-06-25T08:47:31+00:00\",\"description\":\"19 Inch Rack ABS Flight Case: Discover our factory-direct options for professional-grade equipment protection and organization.\",\"breadcrumb\":{\"@id\":\"https:\/\/sxflightcase.com\/da\/produkt\/19-tommer-rack-abs-flightcase\/#breadcrumb\"},\"inLanguage\":\"pt-PT\",\"potentialAction\":[{\"@type\":\"ReadAction\",\"target\":[\"https:\/\/sxflightcase.com\/da\/produkt\/19-tommer-rack-abs-flightcase\/\"]}]},{\"@type\":\"ImageObject\",\"inLanguage\":\"pt-PT\",\"@id\":\"https:\/\/sxflightcase.com\/da\/produkt\/19-tommer-rack-abs-flightcase\/#primaryimage\",\"url\":\"https:\/\/sxflightcase.com\/wp-content\/uploads\/2024\/05\/19-inch-rack-abs-flight-case20596276911.webp\",\"contentUrl\":\"https:\/\/sxflightcase.com\/wp-content\/uploads\/2024\/05\/19-inch-rack-abs-flight-case20596276911.webp\",\"width\":730,\"height\":730,\"caption\":\"19 Inch Rack ABS Flight Case\"},{\"@type\":\"BreadcrumbList\",\"@id\":\"https:\/\/sxflightcase.com\/da\/produkt\/19-tommer-rack-abs-flightcase\/#breadcrumb\",\"itemListElement\":[{\"@type\":\"ListItem\",\"position\":1,\"name\":\"Home\",\"item\":\"https:\/\/sxflightcase.com\/\"},{\"@type\":\"ListItem\",\"position\":2,\"name\":\"\u0e2a\u0e34\u0e19\u0e04\u0e49\u0e32\",\"item\":\"https:\/\/sxflightcase.com\/th\/shop\/\"},{\"@type\":\"ListItem\",\"position\":3,\"name\":\"ABS 19 Inch Rack Flight Case\"}]},{\"@type\":\"WebSite\",\"@id\":\"https:\/\/sxflightcase.com\/th\/#website\",\"url\":\"https:\/\/sxflightcase.com\/th\/\",\"name\":\"sxpowercase.com\",\"description\":\"Flight Case Factory\",\"publisher\":{\"@id\":\"https:\/\/sxflightcase.com\/th\/#organization\"},\"potentialAction\":[{\"@type\":\"SearchAction\",\"target\":{\"@type\":\"EntryPoint\",\"urlTemplate\":\"https:\/\/sxflightcase.com\/th\/?s={search_term_string}\"},\"query-input\":{\"@type\":\"PropertyValueSpecification\",\"valueRequired\":true,\"valueName\":\"search_term_string\"}}],\"inLanguage\":\"pt-PT\"},{\"@type\":\"Organization\",\"@id\":\"https:\/\/sxflightcase.com\/th\/#organization\",\"name\":\"sxpowercase.com\",\"url\":\"https:\/\/sxflightcase.com\/th\/\",\"logo\":{\"@type\":\"ImageObject\",\"inLanguage\":\"pt-PT\",\"@id\":\"https:\/\/sxflightcase.com\/th\/#\/schema\/logo\/image\/\",\"url\":\"https:\/\/sxflightcase.com\/wp-content\/uploads\/2024\/04\/1713919036007.jpg\",\"contentUrl\":\"https:\/\/sxflightcase.com\/wp-content\/uploads\/2024\/04\/1713919036007.jpg\",\"width\":382,\"height\":388,\"caption\":\"sxpowercase.com\"},\"image\":{\"@id\":\"https:\/\/sxflightcase.com\/th\/#\/schema\/logo\/image\/\"},\"sameAs\":[\"https:\/\/www.facebook.com\/profile.php?id=61560407257971\"],\"numberOfEmployees\":{\"@type\":\"QuantitativeValue\",\"minValue\":\"11\",\"maxValue\":\"50\"}}]}<\/script>\n<!-- \/ Yoast SEO Premium plugin. -->","yoast_head_json":{"title":"ABS 19 Inch Rack Flight Case - https:\/\/sxflightcase.com \ud83d\udc97","description":"Mala de transporte ABS para rack de 19 polegadas: Descubra as nossas op\u00e7\u00f5es diretas da f\u00e1brica para prote\u00e7\u00e3o e organiza\u00e7\u00e3o de equipamento de n\u00edvel profissional.","robots":{"index":"index","follow":"follow","max-snippet":"max-snippet:-1","max-image-preview":"max-image-preview:large","max-video-preview":"max-video-preview:-1"},"canonical":"https:\/\/sxflightcase.com\/pt\/produkt\/19-tommer-rack-abs-flightcase\/","og_locale":"pt_PT","og_type":"article","og_title":"ABS 19 Inch Rack Flight Case","og_description":"19 Inch Rack ABS Flight Case: Discover our factory-direct options for professional-grade equipment protection and organization.","og_url":"https:\/\/sxflightcase.com\/pt\/produkt\/19-tommer-rack-abs-flightcase\/","og_site_name":"https:\/\/sxflightcase.com","article_publisher":"https:\/\/www.facebook.com\/profile.php?id=61560407257971","article_modified_time":"2024-06-25T08:47:31+00:00","og_image":[{"width":730,"height":730,"url":"https:\/\/sxflightcase.com\/wp-content\/uploads\/2024\/05\/19-inch-rack-abs-flight-case20596276911.webp","type":"image\/webp"}],"twitter_card":"summary_large_image","twitter_misc":{"Tempo estimado de leitura":"3 minutos"},"schema":{"@context":"https:\/\/schema.org","@graph":[{"@type":"WebPage","@id":"https:\/\/sxflightcase.com\/da\/produkt\/19-tommer-rack-abs-flightcase\/","url":"https:\/\/sxflightcase.com\/da\/produkt\/19-tommer-rack-abs-flightcase\/","name":"ABS 19 Inch Rack Flight Case - https:\/\/sxflightcase.com \ud83d\udc97","isPartOf":{"@id":"https:\/\/sxflightcase.com\/th\/#website"},"primaryImageOfPage":{"@id":"https:\/\/sxflightcase.com\/da\/produkt\/19-tommer-rack-abs-flightcase\/#primaryimage"},"image":{"@id":"https:\/\/sxflightcase.com\/da\/produkt\/19-tommer-rack-abs-flightcase\/#primaryimage"},"thumbnailUrl":"https:\/\/sxflightcase.com\/wp-content\/uploads\/2024\/05\/19-inch-rack-abs-flight-case20596276911.webp","datePublished":"2024-05-10T03:02:58+00:00","dateModified":"2024-06-25T08:47:31+00:00","description":"Mala de transporte ABS para rack de 19 polegadas: Descubra as nossas op\u00e7\u00f5es diretas da f\u00e1brica para prote\u00e7\u00e3o e organiza\u00e7\u00e3o de equipamento de n\u00edvel profissional.","breadcrumb":{"@id":"https:\/\/sxflightcase.com\/da\/produkt\/19-tommer-rack-abs-flightcase\/#breadcrumb"},"inLanguage":"pt-PT","potentialAction":[{"@type":"ReadAction","target":["https:\/\/sxflightcase.com\/da\/produkt\/19-tommer-rack-abs-flightcase\/"]}]},{"@type":"ImageObject","inLanguage":"pt-PT","@id":"https:\/\/sxflightcase.com\/da\/produkt\/19-tommer-rack-abs-flightcase\/#primaryimage","url":"https:\/\/sxflightcase.com\/wp-content\/uploads\/2024\/05\/19-inch-rack-abs-flight-case20596276911.webp","contentUrl":"https:\/\/sxflightcase.com\/wp-content\/uploads\/2024\/05\/19-inch-rack-abs-flight-case20596276911.webp","width":730,"height":730,"caption":"19 Inch Rack ABS Flight Case"},{"@type":"BreadcrumbList","@id":"https:\/\/sxflightcase.com\/da\/produkt\/19-tommer-rack-abs-flightcase\/#breadcrumb","itemListElement":[{"@type":"ListItem","position":1,"name":"Home","item":"https:\/\/sxflightcase.com\/"},{"@type":"ListItem","position":2,"name":"\u0e2a\u0e34\u0e19\u0e04\u0e49\u0e32","item":"https:\/\/sxflightcase.com\/th\/shop\/"},{"@type":"ListItem","position":3,"name":"ABS 19 Inch Rack Flight Case"}]},{"@type":"WebSite","@id":"https:\/\/sxflightcase.com\/th\/#website","url":"https:\/\/sxflightcase.com\/th\/","name":"sxpowercase.com","description":"F\u00e1brica de malas de voo","publisher":{"@id":"https:\/\/sxflightcase.com\/th\/#organization"},"potentialAction":[{"@type":"SearchAction","target":{"@type":"EntryPoint","urlTemplate":"https:\/\/sxflightcase.com\/th\/?s={search_term_string}"},"query-input":{"@type":"PropertyValueSpecification","valueRequired":true,"valueName":"search_term_string"}}],"inLanguage":"pt-PT"},{"@type":"Organization","@id":"https:\/\/sxflightcase.com\/th\/#organization","name":"sxpowercase.com","url":"https:\/\/sxflightcase.com\/th\/","logo":{"@type":"ImageObject","inLanguage":"pt-PT","@id":"https:\/\/sxflightcase.com\/th\/#\/schema\/logo\/image\/","url":"https:\/\/sxflightcase.com\/wp-content\/uploads\/2024\/04\/1713919036007.jpg","contentUrl":"https:\/\/sxflightcase.com\/wp-content\/uploads\/2024\/04\/1713919036007.jpg","width":382,"height":388,"caption":"sxpowercase.com"},"image":{"@id":"https:\/\/sxflightcase.com\/th\/#\/schema\/logo\/image\/"},"sameAs":["https:\/\/www.facebook.com\/profile.php?id=61560407257971"],"numberOfEmployees":{"@type":"QuantitativeValue","minValue":"11","maxValue":"50"}}]}},"_links":{"self":[{"href":"https:\/\/sxflightcase.com\/pt\/wp-json\/wp\/v2\/product\/1689","targetHints":{"allow":["GET"]}}],"collection":[{"href":"https:\/\/sxflightcase.com\/pt\/wp-json\/wp\/v2\/product"}],"about":[{"href":"https:\/\/sxflightcase.com\/pt\/wp-json\/wp\/v2\/types\/product"}],"replies":[{"embeddable":true,"href":"https:\/\/sxflightcase.com\/pt\/wp-json\/wp\/v2\/comments?post=1689"}],"version-history":[{"count":0,"href":"https:\/\/sxflightcase.com\/pt\/wp-json\/wp\/v2\/product\/1689\/revisions"}],"wp:featuredmedia":[{"embeddable":true,"href":"https:\/\/sxflightcase.com\/pt\/wp-json\/wp\/v2\/media\/1691"}],"wp:attachment":[{"href":"https:\/\/sxflightcase.com\/pt\/wp-json\/wp\/v2\/media?parent=1689"}],"wp:term":[{"taxonomy":"product_brand","embeddable":true,"href":"https:\/\/sxflightcase.com\/pt\/wp-json\/wp\/v2\/product_brand?post=1689"},{"taxonomy":"product_cat","embeddable":true,"href":"https:\/\/sxflightcase.com\/pt\/wp-json\/wp\/v2\/product_cat?post=1689"},{"taxonomy":"product_tag","embeddable":true,"href":"https:\/\/sxflightcase.com\/pt\/wp-json\/wp\/v2\/product_tag?post=1689"}],"curies":[{"name":"wp","href":"https:\/\/api.w.org\/{rel}","templated":true}]}}