{"id":1693,"date":"2024-05-10T04:05:31","date_gmt":"2024-05-10T03:05:31","guid":{"rendered":"https:\/\/sxpowercase.com\/?post_type=product&#038;p=1693"},"modified":"2024-06-27T07:27:48","modified_gmt":"2024-06-27T06:27:48","slug":"abs-flight-case","status":"publish","type":"product","link":"https:\/\/sxflightcase.com\/pt\/produto\/mala-de-voo-em-abs\/","title":{"rendered":"Estojo de voo em abs"},"content":{"rendered":"<h3><strong>Par\u00e2metro do produto (especifica\u00e7\u00e3o)<\/strong><\/h3>\n<section class=\"table-wrap\">\n<table class=\"table\" width=\"100%\" cellspacing=\"0\" cellpadding=\"0\">\n<tbody>\n<tr class=\"firstRow\">\n<td width=\"134\">Nome do produto:<\/td>\n<td width=\"503\">Estojo de voo em abs<\/td>\n<\/tr>\n<tr>\n<td width=\"134\">Material:<\/td>\n<td width=\"503\">Painel em ABS + ferragens cromadas\/zincadas + extrus\u00e3o em alum\u00ednio<\/td>\n<\/tr>\n<tr>\n<td width=\"134\">Forro de espuma:<\/td>\n<td width=\"503\">N\u00e3o<\/td>\n<\/tr>\n<tr>\n<td width=\"134\">Cor:<\/td>\n<td width=\"503\">Preto (cor predefinida)<\/td>\n<\/tr>\n<tr>\n<td width=\"134\">Prazo de entrega:<\/td>\n<td width=\"503\">Encomenda de amostra 3 dias, Encomenda normal 7-15 dias<\/td>\n<\/tr>\n<tr>\n<td width=\"134\">Dimens\u00e3o:<\/td>\n<td width=\"503\">Depende da dimens\u00e3o do equipamento<\/td>\n<\/tr>\n<\/tbody>\n<\/table>\n<\/section>\n<p>Prazo de entrega:<\/p>\n<section class=\"table-wrap\">\n<table class=\"table\" width=\"100%\" cellspacing=\"0\" cellpadding=\"0\">\n<tbody>\n<tr class=\"firstRow\">\n<td>Quantidade (unidades)<\/td>\n<td>1 &#8211; 50<\/td>\n<td>&gt;50<\/td>\n<\/tr>\n<tr>\n<td>Est. Tempo (dias)<\/td>\n<td>5<\/td>\n<td>A ser negociado<\/td>\n<\/tr>\n<\/tbody>\n<\/table>\n<\/section>\n<h1>Proteja o seu equipamento com a mala de transporte em ABS da SX<\/h1>\n<h2>Prote\u00e7\u00e3o superior para o seu equipamento<\/h2>\n<p>O <a href=\"https:\/\/sxpowercase.com\/\" target=\"_blank\" rel=\"noopener\" title=\"SX\" data-wpil-monitor-id=\"466\">SX<\/a> A mala de transporte em ABS oferece uma prote\u00e7\u00e3o sem paralelo para o seu valioso equipamento. Concebida com pl\u00e1stico ABS robusto, esta mala garante que o seu equipamento permanece seguro durante o transporte. Quer seja m\u00fasico, fot\u00f3grafo ou t\u00e9cnico, a mala de transporte SX ABS \u00e9 o seu companheiro de viagem ideal.<\/p>\n<h2>Robusto e fi\u00e1vel<\/h2>\n<h3>Constru\u00eddo para resistir<\/h3>\n<p>A mala de transporte em ABS da SX foi concebida para suportar as condi\u00e7\u00f5es mais dif\u00edceis. O inv\u00f3lucro em ABS resistente resiste aos impactos, enquanto os cantos refor\u00e7ados e as pegas robustas proporcionam uma durabilidade extra. Esta mala \u00e9 perfeita para profissionais que necessitam de prote\u00e7\u00e3o fi\u00e1vel para o seu equipamento, independentemente das condi\u00e7\u00f5es de viagem.<\/p>\n<h2>Vendas diretas da f\u00e1brica<\/h2>\n<h3>Valor imbat\u00edvel<\/h3>\n<p>Na SX, oferecemos a nossa Flight Case ABS atrav\u00e9s de vendas diretas da f\u00e1brica. Isto significa que recebe uma qualidade de topo a um pre\u00e7o imbat\u00edvel. Ao eliminarmos os intermedi\u00e1rios, garantimos que obt\u00e9m o melhor valor, permitindo-lhe investir em prote\u00e7\u00e3o de alta qualidade sem gastar muito.<\/p>\n<h2>Servi\u00e7os de personaliza\u00e7\u00e3o<\/h2>\n<h3>Adaptado \u00e0s suas necessidades<\/h3>\n<p>Compreendemos que cada pe\u00e7a de equipamento \u00e9 \u00fanica. \u00c9 por isso que a SX oferece servi\u00e7os de personaliza\u00e7\u00e3o para a nossa mala de transporte em ABS. Quer necessite de dimens\u00f5es espec\u00edficas, acolchoamento interior ou compartimentos adicionais, podemos adaptar a mala aos seus requisitos exactos. Desfrute de uma mala de transporte que satisfaz perfeitamente as suas necessidades.<\/p>\n<h2>Eleve o seu neg\u00f3cio<\/h2>\n<h3>Grau profissional<\/h3>\n<p>Utilizar o SX's <a href=\"https:\/\/sxpowercase.com\/flight-case\/\" target=\"_blank\" rel=\"noopener\" data-wpil-monitor-id=\"494\">Mala de transporte<\/a> pode ajudar a elevar o seu neg\u00f3cio, garantindo que o seu equipamento chega sempre em seguran\u00e7a e em perfeitas condi\u00e7\u00f5es. As nossas malas s\u00e3o concebidas para cumprir normas profissionais, o que as torna uma ferramenta essencial para qualquer profissional s\u00e9rio. Proteja o seu equipamento, impressione os seus clientes e melhore as suas opera\u00e7\u00f5es comerciais com as nossas malas de qualidade superior.<\/p>\n<hr \/>\n<p>Escolha a Flight Case da SX para uma prote\u00e7\u00e3o, fiabilidade e valor inigual\u00e1veis. Contacte-nos hoje para saber mais sobre as nossas vendas diretas da f\u00e1brica e op\u00e7\u00f5es de personaliza\u00e7\u00e3o. Com a SX, pode confiar que o seu equipamento est\u00e1 em boas m\u00e3os. Experimente a diferen\u00e7a que a qualidade superior e o servi\u00e7o personalizado podem fazer pelo seu neg\u00f3cio.<\/p>\n<p><strong>O nosso servi\u00e7o<\/strong><\/p>\n<p>1.Mais servi\u00e7o profissional no dom\u00ednio da exporta\u00e7\u00e3o de produtos de embalagem e impress\u00e3o<\/p>\n<p>2. melhor capacidade de fabrico<\/p>\n<p>3. v\u00e1rios termos de pagamento para escolher: T\/T, Western Union<\/p>\n<p>Hot Tags: Pre\u00e7o baixo, em estoque, amostra gr\u00e1tis, cabo de alimenta\u00e7\u00e3o e sinal, fio de 4 condutores de calibre 16, caixa de suporte de microfone, gabinete de exibi\u00e7\u00e3o de led ao ar livre, montagem em rack, caixas de v\u00f4o de misturador de montagem em rack de 19 \", caixa de distribui\u00e7\u00e3o el\u00e9trica, China, fornecedores, f\u00e1brica, personalizado, atacado, <span style=\"color: #993366;\"><a style=\"color: #993366;\" href=\"https:\/\/sxflightcase.com\/pt\/product-category\/all-product\/power-distribution-boxes\/\">caixas el\u00e9ctricas<\/a>,\u00a0<a style=\"color: #993366;\" href=\"https:\/\/sxflightcase.com\/pt\/product-category\/all-product\/hoist-controllers\/\">cabos el\u00e9ctricos<\/a>,\u00a0<a style=\"color: #993366;\" href=\"https:\/\/sxflightcase.com\/pt\/product-category\/all-product\/hoist-controllers\/\">controladores de guinchos<\/a>,\u00a0<a style=\"color: #993366;\" href=\"https:\/\/sxflightcase.com\/pt\/product-category\/all-product\/flight-case\/\">casos de voo.<\/a><\/span><\/p>","protected":false},"excerpt":{"rendered":"<h2 class=\"prodetails-name\">Estojo de voo em abs<\/h2>\n<p>Somos um grossista de todos os tipos de malas de voo, fornecemos as malas de voo em abs com fechos com cadeado que d\u00e3o seguran\u00e7a para a paz de esp\u00edrito, os cantos empilh\u00e1veis inteligentes permitem-lhe colocar v\u00e1rias malas umas em cima das outras com grande estabilidade, e as pegas embutidas s\u00e3o confort\u00e1veis de transportar.<\/p>\n<h2><strong>Introdu\u00e7\u00e3o \u00e0 produ\u00e7\u00e3o<\/strong><\/h2>\n<p>Esta mala de transporte em abs foi concebida com materiais de alta qualidade, fabricados em pl\u00e1stico ABS\/lamado de contraplacado, revestimento de espuma, extrus\u00f5es de alum\u00ednio e hardware de qualidade.<\/p>","protected":false},"featured_media":1694,"comment_status":"open","ping_status":"closed","template":"","meta":[],"product_brand":[],"product_cat":[35],"product_tag":[47],"class_list":{"0":"post-1693","1":"product","2":"type-product","3":"status-publish","4":"has-post-thumbnail","6":"product_cat-standard-rack-cases","7":"product_tag-abs","9":"first","10":"instock","11":"shipping-taxable","12":"product-type-simple"},"yoast_head":"<!-- This site is optimized with the Yoast SEO Premium plugin v27.1 (Yoast SEO v27.2) - https:\/\/yoast.com\/product\/yoast-seo-premium-wordpress\/ -->\n<title>Abs Flight Case - https:\/\/sxflightcase.com \ud83d\udc97<\/title>\n<meta name=\"description\" content=\"Abs Flight Case: Discover our factory-direct options, offering professional customization for efficient organization and storage of your equipment.\" \/>\n<meta name=\"robots\" content=\"index, follow, max-snippet:-1, max-image-preview:large, max-video-preview:-1\" \/>\n<link rel=\"canonical\" href=\"https:\/\/sxflightcase.com\/pt\/produit\/flight-case-en-abs-2\/\" \/>\n<meta property=\"og:locale\" content=\"pt_PT\" \/>\n<meta property=\"og:type\" content=\"article\" \/>\n<meta property=\"og:title\" content=\"Abs Flight Case\" \/>\n<meta property=\"og:description\" content=\"Abs Flight Case: Discover our factory-direct options, offering professional customization for efficient organization and storage of your equipment.\" \/>\n<meta property=\"og:url\" content=\"https:\/\/sxflightcase.com\/pt\/produit\/flight-case-en-abs-2\/\" \/>\n<meta property=\"og:site_name\" content=\"https:\/\/sxflightcase.com\" \/>\n<meta property=\"article:publisher\" content=\"https:\/\/www.facebook.com\/profile.php?id=61560407257971\" \/>\n<meta property=\"article:modified_time\" content=\"2024-06-27T06:27:48+00:00\" \/>\n<meta property=\"og:image\" content=\"https:\/\/sxflightcase.com\/wp-content\/uploads\/2024\/05\/abs-flight-case03384556144.webp\" \/>\n\t<meta property=\"og:image:width\" content=\"750\" \/>\n\t<meta property=\"og:image:height\" content=\"750\" \/>\n\t<meta property=\"og:image:type\" content=\"image\/webp\" \/>\n<meta name=\"twitter:card\" content=\"summary_large_image\" \/>\n<meta name=\"twitter:label1\" content=\"Tempo estimado de leitura\" \/>\n\t<meta name=\"twitter:data1\" content=\"3 minutos\" \/>\n<script type=\"application\/ld+json\" class=\"yoast-schema-graph\">{\"@context\":\"https:\/\/schema.org\",\"@graph\":[{\"@type\":\"WebPage\",\"@id\":\"https:\/\/sxflightcase.com\/fr\/produit\/flight-case-en-abs-2\/\",\"url\":\"https:\/\/sxflightcase.com\/fr\/produit\/flight-case-en-abs-2\/\",\"name\":\"Abs Flight Case - https:\/\/sxflightcase.com \ud83d\udc97\",\"isPartOf\":{\"@id\":\"https:\/\/sxflightcase.com\/th\/#website\"},\"primaryImageOfPage\":{\"@id\":\"https:\/\/sxflightcase.com\/fr\/produit\/flight-case-en-abs-2\/#primaryimage\"},\"image\":{\"@id\":\"https:\/\/sxflightcase.com\/fr\/produit\/flight-case-en-abs-2\/#primaryimage\"},\"thumbnailUrl\":\"https:\/\/sxflightcase.com\/wp-content\/uploads\/2024\/05\/abs-flight-case03384556144.webp\",\"datePublished\":\"2024-05-10T03:05:31+00:00\",\"dateModified\":\"2024-06-27T06:27:48+00:00\",\"description\":\"Abs Flight Case: Discover our factory-direct options, offering professional customization for efficient organization and storage of your equipment.\",\"breadcrumb\":{\"@id\":\"https:\/\/sxflightcase.com\/fr\/produit\/flight-case-en-abs-2\/#breadcrumb\"},\"inLanguage\":\"pt-PT\",\"potentialAction\":[{\"@type\":\"ReadAction\",\"target\":[\"https:\/\/sxflightcase.com\/fr\/produit\/flight-case-en-abs-2\/\"]}]},{\"@type\":\"ImageObject\",\"inLanguage\":\"pt-PT\",\"@id\":\"https:\/\/sxflightcase.com\/fr\/produit\/flight-case-en-abs-2\/#primaryimage\",\"url\":\"https:\/\/sxflightcase.com\/wp-content\/uploads\/2024\/05\/abs-flight-case03384556144.webp\",\"contentUrl\":\"https:\/\/sxflightcase.com\/wp-content\/uploads\/2024\/05\/abs-flight-case03384556144.webp\",\"width\":750,\"height\":750,\"caption\":\"Abs Flight Case\"},{\"@type\":\"BreadcrumbList\",\"@id\":\"https:\/\/sxflightcase.com\/fr\/produit\/flight-case-en-abs-2\/#breadcrumb\",\"itemListElement\":[{\"@type\":\"ListItem\",\"position\":1,\"name\":\"Home\",\"item\":\"https:\/\/sxflightcase.com\/\"},{\"@type\":\"ListItem\",\"position\":2,\"name\":\"\u0e2a\u0e34\u0e19\u0e04\u0e49\u0e32\",\"item\":\"https:\/\/sxflightcase.com\/th\/shop\/\"},{\"@type\":\"ListItem\",\"position\":3,\"name\":\"Abs Flight Case\"}]},{\"@type\":\"WebSite\",\"@id\":\"https:\/\/sxflightcase.com\/th\/#website\",\"url\":\"https:\/\/sxflightcase.com\/th\/\",\"name\":\"sxpowercase.com\",\"description\":\"Flight Case Factory\",\"publisher\":{\"@id\":\"https:\/\/sxflightcase.com\/th\/#organization\"},\"potentialAction\":[{\"@type\":\"SearchAction\",\"target\":{\"@type\":\"EntryPoint\",\"urlTemplate\":\"https:\/\/sxflightcase.com\/th\/?s={search_term_string}\"},\"query-input\":{\"@type\":\"PropertyValueSpecification\",\"valueRequired\":true,\"valueName\":\"search_term_string\"}}],\"inLanguage\":\"pt-PT\"},{\"@type\":\"Organization\",\"@id\":\"https:\/\/sxflightcase.com\/th\/#organization\",\"name\":\"sxpowercase.com\",\"url\":\"https:\/\/sxflightcase.com\/th\/\",\"logo\":{\"@type\":\"ImageObject\",\"inLanguage\":\"pt-PT\",\"@id\":\"https:\/\/sxflightcase.com\/th\/#\/schema\/logo\/image\/\",\"url\":\"https:\/\/sxflightcase.com\/wp-content\/uploads\/2024\/04\/1713919036007.jpg\",\"contentUrl\":\"https:\/\/sxflightcase.com\/wp-content\/uploads\/2024\/04\/1713919036007.jpg\",\"width\":382,\"height\":388,\"caption\":\"sxpowercase.com\"},\"image\":{\"@id\":\"https:\/\/sxflightcase.com\/th\/#\/schema\/logo\/image\/\"},\"sameAs\":[\"https:\/\/www.facebook.com\/profile.php?id=61560407257971\"],\"numberOfEmployees\":{\"@type\":\"QuantitativeValue\",\"minValue\":\"11\",\"maxValue\":\"50\"}}]}<\/script>\n<!-- \/ Yoast SEO Premium plugin. -->","yoast_head_json":{"title":"Abs Flight Case - https:\/\/sxflightcase.com \ud83d\udc97","description":"Mala de transporte Abs: Descubra as nossas op\u00e7\u00f5es diretas da f\u00e1brica, que oferecem personaliza\u00e7\u00e3o profissional para uma organiza\u00e7\u00e3o e armazenamento eficientes do seu equipamento.","robots":{"index":"index","follow":"follow","max-snippet":"max-snippet:-1","max-image-preview":"max-image-preview:large","max-video-preview":"max-video-preview:-1"},"canonical":"https:\/\/sxflightcase.com\/pt\/produit\/flight-case-en-abs-2\/","og_locale":"pt_PT","og_type":"article","og_title":"Abs Flight Case","og_description":"Abs Flight Case: Discover our factory-direct options, offering professional customization for efficient organization and storage of your equipment.","og_url":"https:\/\/sxflightcase.com\/pt\/produit\/flight-case-en-abs-2\/","og_site_name":"https:\/\/sxflightcase.com","article_publisher":"https:\/\/www.facebook.com\/profile.php?id=61560407257971","article_modified_time":"2024-06-27T06:27:48+00:00","og_image":[{"width":750,"height":750,"url":"https:\/\/sxflightcase.com\/wp-content\/uploads\/2024\/05\/abs-flight-case03384556144.webp","type":"image\/webp"}],"twitter_card":"summary_large_image","twitter_misc":{"Tempo estimado de leitura":"3 minutos"},"schema":{"@context":"https:\/\/schema.org","@graph":[{"@type":"WebPage","@id":"https:\/\/sxflightcase.com\/fr\/produit\/flight-case-en-abs-2\/","url":"https:\/\/sxflightcase.com\/fr\/produit\/flight-case-en-abs-2\/","name":"Abs Flight Case - https:\/\/sxflightcase.com \ud83d\udc97","isPartOf":{"@id":"https:\/\/sxflightcase.com\/th\/#website"},"primaryImageOfPage":{"@id":"https:\/\/sxflightcase.com\/fr\/produit\/flight-case-en-abs-2\/#primaryimage"},"image":{"@id":"https:\/\/sxflightcase.com\/fr\/produit\/flight-case-en-abs-2\/#primaryimage"},"thumbnailUrl":"https:\/\/sxflightcase.com\/wp-content\/uploads\/2024\/05\/abs-flight-case03384556144.webp","datePublished":"2024-05-10T03:05:31+00:00","dateModified":"2024-06-27T06:27:48+00:00","description":"Mala de transporte Abs: Descubra as nossas op\u00e7\u00f5es diretas da f\u00e1brica, que oferecem personaliza\u00e7\u00e3o profissional para uma organiza\u00e7\u00e3o e armazenamento eficientes do seu equipamento.","breadcrumb":{"@id":"https:\/\/sxflightcase.com\/fr\/produit\/flight-case-en-abs-2\/#breadcrumb"},"inLanguage":"pt-PT","potentialAction":[{"@type":"ReadAction","target":["https:\/\/sxflightcase.com\/fr\/produit\/flight-case-en-abs-2\/"]}]},{"@type":"ImageObject","inLanguage":"pt-PT","@id":"https:\/\/sxflightcase.com\/fr\/produit\/flight-case-en-abs-2\/#primaryimage","url":"https:\/\/sxflightcase.com\/wp-content\/uploads\/2024\/05\/abs-flight-case03384556144.webp","contentUrl":"https:\/\/sxflightcase.com\/wp-content\/uploads\/2024\/05\/abs-flight-case03384556144.webp","width":750,"height":750,"caption":"Abs Flight Case"},{"@type":"BreadcrumbList","@id":"https:\/\/sxflightcase.com\/fr\/produit\/flight-case-en-abs-2\/#breadcrumb","itemListElement":[{"@type":"ListItem","position":1,"name":"Home","item":"https:\/\/sxflightcase.com\/"},{"@type":"ListItem","position":2,"name":"\u0e2a\u0e34\u0e19\u0e04\u0e49\u0e32","item":"https:\/\/sxflightcase.com\/th\/shop\/"},{"@type":"ListItem","position":3,"name":"Abs Flight Case"}]},{"@type":"WebSite","@id":"https:\/\/sxflightcase.com\/th\/#website","url":"https:\/\/sxflightcase.com\/th\/","name":"sxpowercase.com","description":"F\u00e1brica de malas de voo","publisher":{"@id":"https:\/\/sxflightcase.com\/th\/#organization"},"potentialAction":[{"@type":"SearchAction","target":{"@type":"EntryPoint","urlTemplate":"https:\/\/sxflightcase.com\/th\/?s={search_term_string}"},"query-input":{"@type":"PropertyValueSpecification","valueRequired":true,"valueName":"search_term_string"}}],"inLanguage":"pt-PT"},{"@type":"Organization","@id":"https:\/\/sxflightcase.com\/th\/#organization","name":"sxpowercase.com","url":"https:\/\/sxflightcase.com\/th\/","logo":{"@type":"ImageObject","inLanguage":"pt-PT","@id":"https:\/\/sxflightcase.com\/th\/#\/schema\/logo\/image\/","url":"https:\/\/sxflightcase.com\/wp-content\/uploads\/2024\/04\/1713919036007.jpg","contentUrl":"https:\/\/sxflightcase.com\/wp-content\/uploads\/2024\/04\/1713919036007.jpg","width":382,"height":388,"caption":"sxpowercase.com"},"image":{"@id":"https:\/\/sxflightcase.com\/th\/#\/schema\/logo\/image\/"},"sameAs":["https:\/\/www.facebook.com\/profile.php?id=61560407257971"],"numberOfEmployees":{"@type":"QuantitativeValue","minValue":"11","maxValue":"50"}}]}},"_links":{"self":[{"href":"https:\/\/sxflightcase.com\/pt\/wp-json\/wp\/v2\/product\/1693","targetHints":{"allow":["GET"]}}],"collection":[{"href":"https:\/\/sxflightcase.com\/pt\/wp-json\/wp\/v2\/product"}],"about":[{"href":"https:\/\/sxflightcase.com\/pt\/wp-json\/wp\/v2\/types\/product"}],"replies":[{"embeddable":true,"href":"https:\/\/sxflightcase.com\/pt\/wp-json\/wp\/v2\/comments?post=1693"}],"version-history":[{"count":0,"href":"https:\/\/sxflightcase.com\/pt\/wp-json\/wp\/v2\/product\/1693\/revisions"}],"wp:featuredmedia":[{"embeddable":true,"href":"https:\/\/sxflightcase.com\/pt\/wp-json\/wp\/v2\/media\/1694"}],"wp:attachment":[{"href":"https:\/\/sxflightcase.com\/pt\/wp-json\/wp\/v2\/media?parent=1693"}],"wp:term":[{"taxonomy":"product_brand","embeddable":true,"href":"https:\/\/sxflightcase.com\/pt\/wp-json\/wp\/v2\/product_brand?post=1693"},{"taxonomy":"product_cat","embeddable":true,"href":"https:\/\/sxflightcase.com\/pt\/wp-json\/wp\/v2\/product_cat?post=1693"},{"taxonomy":"product_tag","embeddable":true,"href":"https:\/\/sxflightcase.com\/pt\/wp-json\/wp\/v2\/product_tag?post=1693"}],"curies":[{"name":"wp","href":"https:\/\/api.w.org\/{rel}","templated":true}]}}