{"id":1698,"date":"2024-05-10T04:24:12","date_gmt":"2024-05-10T03:24:12","guid":{"rendered":"https:\/\/sxpowercase.com\/?post_type=product&#038;p=1698"},"modified":"2024-06-25T09:44:18","modified_gmt":"2024-06-25T08:44:18","slug":"stage-lighting-flight-case","status":"publish","type":"product","link":"https:\/\/sxflightcase.com\/pt\/produto\/mala-de-voo-para-iluminacao-cenica\/","title":{"rendered":"Mala de transporte para ilumina\u00e7\u00e3o de palco"},"content":{"rendered":"<h3><strong>Product parameter(specification)<\/strong><\/h3>\n<section class=\"table-wrap\">\n<table class=\"table\" width=\"100%\" cellspacing=\"0\" cellpadding=\"0\">\n<tbody>\n<tr class=\"firstRow\">\n<td width=\"134\">Product name<\/td>\n<td width=\"504\">Stage lighting flight case<\/td>\n<\/tr>\n<tr>\n<td width=\"134\">Materials<\/td>\n<td width=\"504\">Aluminum Frame + 9mm Plywood<br \/>\n4 x Butterfly catch with loops to fit padlock (padlock not supplied)<br \/>\nFully foam lined with plastazote foam<br \/>\n4x 100mm rubber castors bolted to case via 15mm Birchply wheel board (2 have full lockout brakes) cost option<\/td>\n<\/tr>\n<tr>\n<td width=\"134\">Color<\/td>\n<td width=\"504\">Black, Blue, Red or Custom<\/td>\n<\/tr>\n<tr>\n<td width=\"134\">Usage<\/td>\n<td width=\"504\">Protect Transport Storage<\/td>\n<\/tr>\n<\/tbody>\n<\/table>\n<\/section>\n<p><strong>Packing and shipping<\/strong><\/p>\n<section class=\"table-wrap\">\n<table class=\"table\" width=\"100%\" cellspacing=\"0\" cellpadding=\"0\">\n<tbody>\n<tr class=\"firstRow\">\n<td colspan=\"3\" width=\"100%\">Packaging &amp; Shipping<\/td>\n<\/tr>\n<tr>\n<td rowspan=\"3\" width=\"33%\">Shipping Time<\/td>\n<td width=\"33%\">By sea<\/td>\n<td width=\"33%\">15-60 days<\/td>\n<\/tr>\n<tr>\n<td width=\"33%\">By air<\/td>\n<td width=\"33%\">4-9 days<\/td>\n<\/tr>\n<tr>\n<td width=\"33%\">By express<\/td>\n<td width=\"33%\">4-9 days<\/td>\n<\/tr>\n<tr>\n<td width=\"33%\">Delivery Time<\/td>\n<td colspan=\"2\" width=\"66%\">7-15 working or as your requires<\/td>\n<\/tr>\n<tr>\n<td width=\"33%\">Packaging<\/td>\n<td colspan=\"2\" width=\"66%\">By carton or as your requirement<\/td>\n<\/tr>\n<\/tbody>\n<\/table>\n<\/section>\n<div class=\"flex flex-grow flex-col max-w-full AIPRM__conversation__response\">\n<div class=\"min-h-[20px] text-message flex flex-col items-start whitespace-pre-wrap break-words [.text-message+&amp;]:mt-5 juice:w-full juice:items-end overflow-x-auto gap-2\" dir=\"auto\" data-message-author-role=\"assistant\" data-message-id=\"daed0681-9458-41dd-b2b9-f35b19100135\">\n<div class=\"flex w-full flex-col gap-1 juice:empty:hidden juice:first:pt-[3px]\">\n<div class=\"markdown prose w-full break-words dark:prose-invert light\">\n<h1>Protect Your Stage Gear with SX&#8217;s Stage Lighting Flight Case<\/h1>\n<h2>Ultimate Protection for Your Lighting Equipment<\/h2>\n<p>The <a href=\"https:\/\/sxpowercase.com\/\" target=\"_blank\"  rel=\"noopener\" title=\"SX\"  data-wpil-monitor-id=\"467\">SX<\/a> Stage Lighting Flight Case offers the ultimate protection for your valuable stage lighting equipment. Crafted with high-quality materials, this case ensures that your lights remain safe during transportation. Whether you are a professional DJ, a touring musician, or a stage technician, the SX Stage Lighting Flight Case is the perfect solution to safeguard your gear.<\/p>\n<h2>Durable and Dependable<\/h2>\n<h3>Built to Last<\/h3>\n<p>SX&#8217;s Stage Lighting Flight Case is built to last. Its robust construction includes reinforced corners and heavy-duty latches, providing maximum durability. The rugged exterior shields your equipment from impacts, while the custom foam interior keeps your lights secure and cushioned. This case is designed to withstand the rigors of frequent travel.<\/p>\n<h2>Factory Direct Sales<\/h2>\n<h3>Exceptional Value<\/h3>\n<p>At SX, we offer our Lighting Flight Case through factory direct sales, ensuring you receive exceptional value. By eliminating the middleman, we pass the savings directly to you. This allows you to invest in premium protection for your lighting equipment at a competitive price, maximizing your budget.<\/p>\n<h2>Customization Services<\/h2>\n<h3>Tailored to Your Needs<\/h3>\n<p>Every stage setup is unique, and so are your needs. SX provides customization services for our Lighting Flight Case, allowing you to tailor the case to your specific requirements. From custom dimensions to specialized compartments, we ensure that your flight case fits your gear perfectly. Experience the convenience and security of a custom-built case.<\/p>\n<h2>Elevate Your Professionalism<\/h2>\n<h3>Enhance Your Business<\/h3>\n<p>Using SX&#8217;s Stage Lighting Flight Case not only protects your equipment but also enhances your professionalism. Reliable and stylish, our flight case ensures your gear arrives in pristine condition, impressing clients and audiences alike. Elevate your business operations with a case that reflects the quality of your work.<\/p>\n<hr \/>\n<p>Choose SX&#8217;s Stage Lighting Flight Case for unparalleled protection, durability, and value. Contact us today to learn more about our factory direct sales and customization options. With SX, you can trust that your stage lighting equipment is in the best possible hands. Invest in superior protection and elevate your business with our premium flight cases.<\/p>\n<\/div>\n<\/div>\n<\/div>\n<\/div>\n<p><strong>FAQ<\/strong><\/p>\n<p>Q: How do you ship the goods and how long does it take to arrive?<\/p>\n<p>A: Normally ship by sea, we can help do CIF price or ex-work price..<\/p>\n<p>Q: What&#8217;s is your shipping service?<\/p>\n<p>A: We can provide services for vessel booking, goods consolidation, customs declaration, shipping documents preparation and delivery bulk at the shipping port.<\/p>\n<p>Q: Which payment form you can accept?<\/p>\n<p>A: T\/T, Western Union, etc. We accept any convenient and swift payment term.<\/p>\n<p>Hot Tags: Low price, in stock, free sample, Power And Signal Cable, 16 Gauge 4 Conductor Wire, Microphone Stand Case, Outdoor Led Display Cabinet, Rack Mount, 19&#8221; Rackmount Mixer Flight Cases\uff0celectrical distro box, China, suppliers, factory, customized, wholesale, <span style=\"color: #993366;\"><a style=\"color: #993366;\" href=\"https:\/\/sxflightcase.com\/product-category\/all-product\/power-distribution-boxes\/\">power boxes<\/a>,\u00a0<a style=\"color: #993366;\" href=\"https:\/\/sxflightcase.com\/product-category\/all-product\/hoist-controllers\/\">power cables<\/a>,\u00a0<a style=\"color: #993366;\" href=\"https:\/\/sxflightcase.com\/product-category\/all-product\/hoist-controllers\/\">hoist controllers<\/a>,\u00a0<a style=\"color: #993366;\" href=\"https:\/\/sxflightcase.com\/product-category\/all-product\/flight-case\/\">flight cases.<\/a><\/span><\/p>\n","protected":false},"excerpt":{"rendered":"<h2 class=\"prodetails-name\">Mala de transporte para ilumina\u00e7\u00e3o de palco<\/h2>\n<p>Temos o prazer de oferecer uma gama de solu\u00e7\u00f5es de transporte robustas para os profissionais do sector, para transportar e armazenar em seguran\u00e7a as suas cabe\u00e7as m\u00f3veis ou similares. Ao longo dos anos, pass\u00e1mos muitas horas a conceber a solu\u00e7\u00e3o perfeita para transportar as suas queridas luzes sem receio de as danificar.<\/p>\n<h2><strong>Introdu\u00e7\u00e3o \u00e0 produ\u00e7\u00e3o<\/strong><\/h2>\n<p>Mala de voo para ilumina\u00e7\u00e3o de palco<\/p>\n<p>1 - 1 \/ 2 \/ 4 \/6 \/8 \/10 unidades numa caixa concebida de acordo com o pedido.<\/p>\n<p>2 - Carregamento superior ou de cabe\u00e7a para baixo para diferentes tipos de acess\u00f3rios, para uma montagem f\u00e1cil no equipamento.<\/p>\n<p>3 - Espa\u00e7os livres para grampos, cabos e outros equipamentos a pedido do cliente.<\/p>\n<div class=\"btn-groups\">\n<div class=\"button\"><\/div>\n<\/div>","protected":false},"featured_media":1700,"comment_status":"open","ping_status":"closed","template":"","meta":[],"product_brand":[],"product_cat":[41],"product_tag":[],"class_list":{"0":"post-1698","1":"product","2":"type-product","3":"status-publish","4":"has-post-thumbnail","6":"product_cat-equipment-cases","8":"first","9":"instock","10":"shipping-taxable","11":"product-type-simple"},"yoast_head":"<!-- This site is optimized with the Yoast SEO Premium plugin v27.1 (Yoast SEO v27.2) - https:\/\/yoast.com\/product\/yoast-seo-premium-wordpress\/ -->\n<title>Stage Lighting Flight Case - https:\/\/sxflightcase.com \ud83d\udc97<\/title>\n<meta name=\"description\" content=\"Stage Lighting Flight Case: Get factory-direct sales and professional customization for optimal protection and organization of your lighting equipment.\" \/>\n<meta name=\"robots\" content=\"index, follow, max-snippet:-1, max-image-preview:large, max-video-preview:-1\" \/>\n<link rel=\"canonical\" href=\"https:\/\/sxflightcase.com\/pt\/produit\/eclairage-de-scene-flight-case-2\/\" \/>\n<meta property=\"og:locale\" content=\"pt_PT\" \/>\n<meta property=\"og:type\" content=\"article\" \/>\n<meta property=\"og:title\" content=\"Stage Lighting Flight Case\" \/>\n<meta property=\"og:description\" content=\"Stage Lighting Flight Case: Get factory-direct sales and professional customization for optimal protection and organization of your lighting equipment.\" \/>\n<meta property=\"og:url\" content=\"https:\/\/sxflightcase.com\/pt\/produit\/eclairage-de-scene-flight-case-2\/\" \/>\n<meta property=\"og:site_name\" content=\"https:\/\/sxflightcase.com\" \/>\n<meta property=\"article:publisher\" content=\"https:\/\/www.facebook.com\/profile.php?id=61560407257971\" \/>\n<meta property=\"article:modified_time\" content=\"2024-06-25T08:44:18+00:00\" \/>\n<meta property=\"og:image\" content=\"https:\/\/sxflightcase.com\/wp-content\/uploads\/2024\/05\/stage-lighting-flight-case27509275697.webp\" \/>\n\t<meta property=\"og:image:width\" content=\"700\" \/>\n\t<meta property=\"og:image:height\" content=\"700\" \/>\n\t<meta property=\"og:image:type\" content=\"image\/webp\" \/>\n<meta name=\"twitter:card\" content=\"summary_large_image\" \/>\n<meta name=\"twitter:label1\" content=\"Tempo estimado de leitura\" \/>\n\t<meta name=\"twitter:data1\" content=\"4 minutos\" \/>\n<script type=\"application\/ld+json\" class=\"yoast-schema-graph\">{\"@context\":\"https:\/\/schema.org\",\"@graph\":[{\"@type\":\"WebPage\",\"@id\":\"https:\/\/sxflightcase.com\/fr\/produit\/eclairage-de-scene-flight-case-2\/\",\"url\":\"https:\/\/sxflightcase.com\/fr\/produit\/eclairage-de-scene-flight-case-2\/\",\"name\":\"Stage Lighting Flight Case - https:\/\/sxflightcase.com \ud83d\udc97\",\"isPartOf\":{\"@id\":\"https:\/\/sxflightcase.com\/th\/#website\"},\"primaryImageOfPage\":{\"@id\":\"https:\/\/sxflightcase.com\/fr\/produit\/eclairage-de-scene-flight-case-2\/#primaryimage\"},\"image\":{\"@id\":\"https:\/\/sxflightcase.com\/fr\/produit\/eclairage-de-scene-flight-case-2\/#primaryimage\"},\"thumbnailUrl\":\"https:\/\/sxflightcase.com\/wp-content\/uploads\/2024\/05\/stage-lighting-flight-case27509275697.webp\",\"datePublished\":\"2024-05-10T03:24:12+00:00\",\"dateModified\":\"2024-06-25T08:44:18+00:00\",\"description\":\"Stage Lighting Flight Case: Get factory-direct sales and professional customization for optimal protection and organization of your lighting equipment.\",\"breadcrumb\":{\"@id\":\"https:\/\/sxflightcase.com\/fr\/produit\/eclairage-de-scene-flight-case-2\/#breadcrumb\"},\"inLanguage\":\"pt-PT\",\"potentialAction\":[{\"@type\":\"ReadAction\",\"target\":[\"https:\/\/sxflightcase.com\/fr\/produit\/eclairage-de-scene-flight-case-2\/\"]}]},{\"@type\":\"ImageObject\",\"inLanguage\":\"pt-PT\",\"@id\":\"https:\/\/sxflightcase.com\/fr\/produit\/eclairage-de-scene-flight-case-2\/#primaryimage\",\"url\":\"https:\/\/sxflightcase.com\/wp-content\/uploads\/2024\/05\/stage-lighting-flight-case27509275697.webp\",\"contentUrl\":\"https:\/\/sxflightcase.com\/wp-content\/uploads\/2024\/05\/stage-lighting-flight-case27509275697.webp\",\"width\":700,\"height\":700,\"caption\":\"Stage Lighting Flight Case\"},{\"@type\":\"BreadcrumbList\",\"@id\":\"https:\/\/sxflightcase.com\/fr\/produit\/eclairage-de-scene-flight-case-2\/#breadcrumb\",\"itemListElement\":[{\"@type\":\"ListItem\",\"position\":1,\"name\":\"Home\",\"item\":\"https:\/\/sxflightcase.com\/\"},{\"@type\":\"ListItem\",\"position\":2,\"name\":\"\u0e2a\u0e34\u0e19\u0e04\u0e49\u0e32\",\"item\":\"https:\/\/sxflightcase.com\/th\/shop\/\"},{\"@type\":\"ListItem\",\"position\":3,\"name\":\"Stage Lighting Flight Case\"}]},{\"@type\":\"WebSite\",\"@id\":\"https:\/\/sxflightcase.com\/th\/#website\",\"url\":\"https:\/\/sxflightcase.com\/th\/\",\"name\":\"sxpowercase.com\",\"description\":\"Flight Case Factory\",\"publisher\":{\"@id\":\"https:\/\/sxflightcase.com\/th\/#organization\"},\"potentialAction\":[{\"@type\":\"SearchAction\",\"target\":{\"@type\":\"EntryPoint\",\"urlTemplate\":\"https:\/\/sxflightcase.com\/th\/?s={search_term_string}\"},\"query-input\":{\"@type\":\"PropertyValueSpecification\",\"valueRequired\":true,\"valueName\":\"search_term_string\"}}],\"inLanguage\":\"pt-PT\"},{\"@type\":\"Organization\",\"@id\":\"https:\/\/sxflightcase.com\/th\/#organization\",\"name\":\"sxpowercase.com\",\"url\":\"https:\/\/sxflightcase.com\/th\/\",\"logo\":{\"@type\":\"ImageObject\",\"inLanguage\":\"pt-PT\",\"@id\":\"https:\/\/sxflightcase.com\/th\/#\/schema\/logo\/image\/\",\"url\":\"https:\/\/sxflightcase.com\/wp-content\/uploads\/2024\/04\/1713919036007.jpg\",\"contentUrl\":\"https:\/\/sxflightcase.com\/wp-content\/uploads\/2024\/04\/1713919036007.jpg\",\"width\":382,\"height\":388,\"caption\":\"sxpowercase.com\"},\"image\":{\"@id\":\"https:\/\/sxflightcase.com\/th\/#\/schema\/logo\/image\/\"},\"sameAs\":[\"https:\/\/www.facebook.com\/profile.php?id=61560407257971\"],\"numberOfEmployees\":{\"@type\":\"QuantitativeValue\",\"minValue\":\"11\",\"maxValue\":\"50\"}}]}<\/script>\n<!-- \/ Yoast SEO Premium plugin. -->","yoast_head_json":{"title":"Stage Lighting Flight Case - https:\/\/sxflightcase.com \ud83d\udc97","description":"Mala de transporte para ilumina\u00e7\u00e3o de palco: Obtenha vendas diretas da f\u00e1brica e personaliza\u00e7\u00e3o profissional para uma prote\u00e7\u00e3o e organiza\u00e7\u00e3o ideais do seu equipamento de ilumina\u00e7\u00e3o.","robots":{"index":"index","follow":"follow","max-snippet":"max-snippet:-1","max-image-preview":"max-image-preview:large","max-video-preview":"max-video-preview:-1"},"canonical":"https:\/\/sxflightcase.com\/pt\/produit\/eclairage-de-scene-flight-case-2\/","og_locale":"pt_PT","og_type":"article","og_title":"Stage Lighting Flight Case","og_description":"Stage Lighting Flight Case: Get factory-direct sales and professional customization for optimal protection and organization of your lighting equipment.","og_url":"https:\/\/sxflightcase.com\/pt\/produit\/eclairage-de-scene-flight-case-2\/","og_site_name":"https:\/\/sxflightcase.com","article_publisher":"https:\/\/www.facebook.com\/profile.php?id=61560407257971","article_modified_time":"2024-06-25T08:44:18+00:00","og_image":[{"width":700,"height":700,"url":"https:\/\/sxflightcase.com\/wp-content\/uploads\/2024\/05\/stage-lighting-flight-case27509275697.webp","type":"image\/webp"}],"twitter_card":"summary_large_image","twitter_misc":{"Tempo estimado de leitura":"4 minutos"},"schema":{"@context":"https:\/\/schema.org","@graph":[{"@type":"WebPage","@id":"https:\/\/sxflightcase.com\/fr\/produit\/eclairage-de-scene-flight-case-2\/","url":"https:\/\/sxflightcase.com\/fr\/produit\/eclairage-de-scene-flight-case-2\/","name":"Stage Lighting Flight Case - https:\/\/sxflightcase.com \ud83d\udc97","isPartOf":{"@id":"https:\/\/sxflightcase.com\/th\/#website"},"primaryImageOfPage":{"@id":"https:\/\/sxflightcase.com\/fr\/produit\/eclairage-de-scene-flight-case-2\/#primaryimage"},"image":{"@id":"https:\/\/sxflightcase.com\/fr\/produit\/eclairage-de-scene-flight-case-2\/#primaryimage"},"thumbnailUrl":"https:\/\/sxflightcase.com\/wp-content\/uploads\/2024\/05\/stage-lighting-flight-case27509275697.webp","datePublished":"2024-05-10T03:24:12+00:00","dateModified":"2024-06-25T08:44:18+00:00","description":"Mala de transporte para ilumina\u00e7\u00e3o de palco: Obtenha vendas diretas da f\u00e1brica e personaliza\u00e7\u00e3o profissional para uma prote\u00e7\u00e3o e organiza\u00e7\u00e3o ideais do seu equipamento de ilumina\u00e7\u00e3o.","breadcrumb":{"@id":"https:\/\/sxflightcase.com\/fr\/produit\/eclairage-de-scene-flight-case-2\/#breadcrumb"},"inLanguage":"pt-PT","potentialAction":[{"@type":"ReadAction","target":["https:\/\/sxflightcase.com\/fr\/produit\/eclairage-de-scene-flight-case-2\/"]}]},{"@type":"ImageObject","inLanguage":"pt-PT","@id":"https:\/\/sxflightcase.com\/fr\/produit\/eclairage-de-scene-flight-case-2\/#primaryimage","url":"https:\/\/sxflightcase.com\/wp-content\/uploads\/2024\/05\/stage-lighting-flight-case27509275697.webp","contentUrl":"https:\/\/sxflightcase.com\/wp-content\/uploads\/2024\/05\/stage-lighting-flight-case27509275697.webp","width":700,"height":700,"caption":"Stage Lighting Flight Case"},{"@type":"BreadcrumbList","@id":"https:\/\/sxflightcase.com\/fr\/produit\/eclairage-de-scene-flight-case-2\/#breadcrumb","itemListElement":[{"@type":"ListItem","position":1,"name":"Home","item":"https:\/\/sxflightcase.com\/"},{"@type":"ListItem","position":2,"name":"\u0e2a\u0e34\u0e19\u0e04\u0e49\u0e32","item":"https:\/\/sxflightcase.com\/th\/shop\/"},{"@type":"ListItem","position":3,"name":"Stage Lighting Flight Case"}]},{"@type":"WebSite","@id":"https:\/\/sxflightcase.com\/th\/#website","url":"https:\/\/sxflightcase.com\/th\/","name":"sxpowercase.com","description":"F\u00e1brica de malas de voo","publisher":{"@id":"https:\/\/sxflightcase.com\/th\/#organization"},"potentialAction":[{"@type":"SearchAction","target":{"@type":"EntryPoint","urlTemplate":"https:\/\/sxflightcase.com\/th\/?s={search_term_string}"},"query-input":{"@type":"PropertyValueSpecification","valueRequired":true,"valueName":"search_term_string"}}],"inLanguage":"pt-PT"},{"@type":"Organization","@id":"https:\/\/sxflightcase.com\/th\/#organization","name":"sxpowercase.com","url":"https:\/\/sxflightcase.com\/th\/","logo":{"@type":"ImageObject","inLanguage":"pt-PT","@id":"https:\/\/sxflightcase.com\/th\/#\/schema\/logo\/image\/","url":"https:\/\/sxflightcase.com\/wp-content\/uploads\/2024\/04\/1713919036007.jpg","contentUrl":"https:\/\/sxflightcase.com\/wp-content\/uploads\/2024\/04\/1713919036007.jpg","width":382,"height":388,"caption":"sxpowercase.com"},"image":{"@id":"https:\/\/sxflightcase.com\/th\/#\/schema\/logo\/image\/"},"sameAs":["https:\/\/www.facebook.com\/profile.php?id=61560407257971"],"numberOfEmployees":{"@type":"QuantitativeValue","minValue":"11","maxValue":"50"}}]}},"_links":{"self":[{"href":"https:\/\/sxflightcase.com\/pt\/wp-json\/wp\/v2\/product\/1698","targetHints":{"allow":["GET"]}}],"collection":[{"href":"https:\/\/sxflightcase.com\/pt\/wp-json\/wp\/v2\/product"}],"about":[{"href":"https:\/\/sxflightcase.com\/pt\/wp-json\/wp\/v2\/types\/product"}],"replies":[{"embeddable":true,"href":"https:\/\/sxflightcase.com\/pt\/wp-json\/wp\/v2\/comments?post=1698"}],"version-history":[{"count":0,"href":"https:\/\/sxflightcase.com\/pt\/wp-json\/wp\/v2\/product\/1698\/revisions"}],"wp:featuredmedia":[{"embeddable":true,"href":"https:\/\/sxflightcase.com\/pt\/wp-json\/wp\/v2\/media\/1700"}],"wp:attachment":[{"href":"https:\/\/sxflightcase.com\/pt\/wp-json\/wp\/v2\/media?parent=1698"}],"wp:term":[{"taxonomy":"product_brand","embeddable":true,"href":"https:\/\/sxflightcase.com\/pt\/wp-json\/wp\/v2\/product_brand?post=1698"},{"taxonomy":"product_cat","embeddable":true,"href":"https:\/\/sxflightcase.com\/pt\/wp-json\/wp\/v2\/product_cat?post=1698"},{"taxonomy":"product_tag","embeddable":true,"href":"https:\/\/sxflightcase.com\/pt\/wp-json\/wp\/v2\/product_tag?post=1698"}],"curies":[{"name":"wp","href":"https:\/\/api.w.org\/{rel}","templated":true}]}}