{"id":1702,"date":"2024-05-10T04:27:09","date_gmt":"2024-05-10T03:27:09","guid":{"rendered":"https:\/\/sxpowercase.com\/?post_type=product&#038;p=1702"},"modified":"2024-06-14T08:03:45","modified_gmt":"2024-06-14T07:03:45","slug":"lighting-rack-case","status":"publish","type":"product","link":"https:\/\/sxflightcase.com\/pt\/produto\/caixa-de-iluminacao\/","title":{"rendered":"Caixa de ilumina\u00e7\u00e3o para rack"},"content":{"rendered":"<h3><strong>Par\u00e2metro do produto (especifica\u00e7\u00e3o)<\/strong><\/h3>\n<section class=\"table-wrap\">\n<table class=\"table\" width=\"100%\" cellspacing=\"0\" cellpadding=\"0\">\n<tbody>\n<tr class=\"firstRow\">\n<td>Nome do produto<\/td>\n<td>Caixa de suporte de ilumina\u00e7\u00e3o<\/td>\n<\/tr>\n<tr>\n<td>Material<\/td>\n<td>Estrutura de alum\u00ednio + \u00e0 prova de fogo + contraplacado de 12 mm<\/td>\n<\/tr>\n<tr>\n<td>No interior<\/td>\n<td>Espuma de alta densidade \u00e0 prova de choque<\/td>\n<\/tr>\n<tr>\n<td>Tamanho<\/td>\n<td>Pode ser personalizado<\/td>\n<\/tr>\n<tr>\n<td>Acess\u00f3rios<\/td>\n<td>Quatro fechos de borboleta, quatro rodas para facilitar o transporte, quatro pegas resistentes<\/td>\n<\/tr>\n<tr>\n<td>Personalizado<\/td>\n<td>Todos os tipos de personaliza\u00e7\u00e3o s\u00e3o bem-vindos, como o material da caixa de alum\u00ednio, dimens\u00e3o, recheios internos, al\u00e7as, fechaduras e assim por diante.<\/td>\n<\/tr>\n<tr>\n<td>Tempo de amostragem<\/td>\n<td>Cerca de 3-5 dias \u00fateis<\/td>\n<\/tr>\n<tr>\n<td>Hora da encomenda formal<\/td>\n<td>cerca de 15-20 dias<\/td>\n<\/tr>\n<tr>\n<td>Embalagem<\/td>\n<td>Saco de pl\u00e1stico bolha +cart\u00e3o<\/td>\n<\/tr>\n<\/tbody>\n<\/table>\n<\/section>\n<p><strong>Carater\u00edstica e aplica\u00e7\u00e3o do produto<\/strong><\/p>\n<p>A ilumina\u00e7\u00e3o, seja para espect\u00e1culos de palco e teatro, cinema e televis\u00e3o ou arquitetura, pode ser pesada, delicada, dif\u00edcil de armazenar e cara de substituir. <a class=\"wpil_keyword_link\" href=\"https:\/\/sxpowercase.com\/product-category\/all-product\/flight-case\/\" target=\"_blank\" rel=\"noopener\" title=\"mala de voo\" data-wpil-keyword-link=\"linked\" data-wpil-monitor-id=\"408\">mala de voo<\/a> resolver\u00e1 todos estes problemas.<\/p>\n<p><img decoding=\"async\" title=\"1\" src=\"https:\/\/www.sxprocase.com\/Content\/uploads\/2021794209\/20210624112420da3df5ad56c64e14aa51e8d7a74b14aa.jpg\" alt=\"1\" \/><\/p>\n<p><strong>Detalhes da produ\u00e7\u00e3o<\/strong><\/p>\n<p><img decoding=\"async\" title=\"_MG_6743\" src=\"https:\/\/www.sxprocase.com\/Content\/uploads\/2021794209\/2021062411241239305641545f4d76940a059b0763885b.jpg\" \/><\/p>\n<p><img decoding=\"async\" title=\"144264-015\" src=\"https:\/\/www.sxprocase.com\/Content\/uploads\/2021794209\/20210624112412ad80be4ea75f447b99a3e9e724d4f174.jpg\" \/><\/p>\n<p><img decoding=\"async\" title=\"mala de voo de ilumina\u00e7\u00e3o\" src=\"https:\/\/www.sxprocase.com\/Content\/uploads\/2021794209\/202106241124130d9ed75d0f314ba389a2f0bee14bbf47.jpg\" \/><\/p>\n<p><strong>Embalagem e expedi\u00e7\u00e3o<\/strong><\/p>\n<section class=\"table-wrap\">\n<table class=\"table\" width=\"100%\" cellspacing=\"0\" cellpadding=\"0\">\n<tbody>\n<tr class=\"firstRow\">\n<td colspan=\"3\" width=\"100%\">Embalagem e expedi\u00e7\u00e3o<\/td>\n<\/tr>\n<tr>\n<td rowspan=\"3\" width=\"33%\">Tempo de envio<\/td>\n<td width=\"33%\">Por mar<\/td>\n<td width=\"33%\">15-60 dias<\/td>\n<\/tr>\n<tr>\n<td width=\"33%\">De avi\u00e3o<\/td>\n<td width=\"33%\">4-9 dias<\/td>\n<\/tr>\n<tr>\n<td width=\"33%\">Por expresso<\/td>\n<td width=\"33%\">4-9 dias<\/td>\n<\/tr>\n<tr>\n<td width=\"33%\">Prazo de entrega<\/td>\n<td colspan=\"2\" width=\"66%\">7-15 horas de trabalho ou conforme as suas necessidades<\/td>\n<\/tr>\n<tr>\n<td width=\"33%\">Embalagem<\/td>\n<td colspan=\"2\" width=\"66%\">Por caixa ou conforme a sua necessidade<\/td>\n<\/tr>\n<\/tbody>\n<\/table>\n<\/section>\n<p><strong>Mais sobre n\u00f3s<\/strong><\/p>\n<p>Ao longo dos anos, com integridade, profissionalismo, excelente filosofia de pre\u00e7os para ganhar a confian\u00e7a dos clientes, os produtos s\u00e3o vendidos em todo o pa\u00eds e no exterior, ainda estamos em linha com \"a qualidade do elenco profissional, integridade valor de sucesso\" para todos os clientes.<\/p>\n<p><strong>Fluxo de produ\u00e7\u00e3o<\/strong><\/p>\n<p><img decoding=\"async\" title=\"2\" src=\"https:\/\/www.sxprocase.com\/Content\/uploads\/2021794209\/20210624112358acdb1995a8b84c9381b95906f4f15bd4.jpg\" alt=\"2\" \/><\/p>\n<p><strong>FAQ<\/strong><\/p>\n<p>P: Quantos tipos de produtos diferentes fabrica a sua empresa?<\/p>\n<p>R: Atualmente, temos mais de 1.000 produtos. Temos uma forte vantagem de OEM, basta dar-nos os produtos reais ou a sua ideia que deseja, n\u00f3s fabricaremos para si.<\/p>\n<p>Q: Qual \u00e9 o seu MOQ?<\/p>\n<p>R: Se tivermos os produtos em stock, n\u00e3o haver\u00e1 MOQ. Se precisarmos de produzir, podemos discutir o MOQ de acordo com a situa\u00e7\u00e3o exacta do cliente.<\/p>\n<p>P: Qual \u00e9 o prazo de entrega?<\/p>\n<p>R: O prazo de entrega geral \u00e9 de 15-20 dias ap\u00f3s a rece\u00e7\u00e3o da confirma\u00e7\u00e3o da encomenda. Se tivermos a mercadoria em stock, o prazo de entrega \u00e9 de 1 a 2 dias.<\/p>\n<p>Hot Tags: Pre\u00e7o baixo, em estoque, amostra gr\u00e1tis, cabo de alimenta\u00e7\u00e3o e sinal, fio de 4 condutores de calibre 16, caixa de suporte de microfone, gabinete de exibi\u00e7\u00e3o de led ao ar livre, montagem em rack, caixas de v\u00f4o de misturador de montagem em rack de 19 \", caixa de distribui\u00e7\u00e3o el\u00e9trica, China, fornecedores, f\u00e1brica, personalizado, atacado, <span style=\"color: #993366;\"><a style=\"color: #993366;\" href=\"https:\/\/sxflightcase.com\/pt\/product-category\/all-product\/power-distribution-boxes\/\">caixas el\u00e9ctricas<\/a>,\u00a0<a style=\"color: #993366;\" href=\"https:\/\/sxflightcase.com\/pt\/product-category\/all-product\/hoist-controllers\/\">cabos el\u00e9ctricos<\/a>,\u00a0<a style=\"color: #993366;\" href=\"https:\/\/sxflightcase.com\/pt\/product-category\/all-product\/hoist-controllers\/\">controladores de guinchos<\/a>,\u00a0<a style=\"color: #993366;\" href=\"https:\/\/sxflightcase.com\/pt\/product-category\/all-product\/flight-case\/\">casos de voo.<\/a><\/span><\/p>","protected":false},"excerpt":{"rendered":"<h2 class=\"prodetails-name\">Caixa de ilumina\u00e7\u00e3o para rack<\/h2>\n<p>Temos o prazer de oferecer uma gama de solu\u00e7\u00f5es de transporte robustas para os profissionais do sector, para transportar e armazenar em seguran\u00e7a as suas cabe\u00e7as m\u00f3veis ou similares. Ao longo dos anos, pass\u00e1mos muitas horas a conceber a solu\u00e7\u00e3o perfeita para transportar as suas queridas luzes sem receio de as danificar.<\/p>\n<h2><strong>Introdu\u00e7\u00e3o \u00e0 produ\u00e7\u00e3o<\/strong><\/h2>\n<p>Caixa de suporte de ilumina\u00e7\u00e3o<\/p>\n<p>- Mala de transporte rodovi\u00e1rio resistente, com fecho f\u00e1cil e lingueta<\/p>\n<p>- Contraplacado laminado ign\u00edfugo de 9\/12 mm<\/p>\n<p>- Rebites de ancoragem duplos Suporte e revestimento interior em espuma de alta densidade<\/p>\n<p>- Pegas de a\u00e7\u00e3o de mola embutidas de cada lado Cantos de esferas de a\u00e7o pesados e potentes<\/p>","protected":false},"featured_media":1703,"comment_status":"open","ping_status":"closed","template":"","meta":[],"product_brand":[],"product_cat":[41],"product_tag":[],"class_list":{"0":"post-1702","1":"product","2":"type-product","3":"status-publish","4":"has-post-thumbnail","6":"product_cat-equipment-cases","8":"first","9":"instock","10":"shipping-taxable","11":"product-type-simple"},"yoast_head":"<!-- This site is optimized with the Yoast SEO Premium plugin v27.1 (Yoast SEO v27.2) - https:\/\/yoast.com\/product\/yoast-seo-premium-wordpress\/ -->\n<title>Lighting Rack Case - https:\/\/sxflightcase.com \ud83d\udc97<\/title>\n<meta name=\"description\" content=\"Lighting Rack Case: Explore factory-direct sales and professional customization options for organizing and protecting your lighting equipment efficiently\" \/>\n<meta name=\"robots\" content=\"index, follow, max-snippet:-1, max-image-preview:large, max-video-preview:-1\" \/>\n<link rel=\"canonical\" href=\"https:\/\/sxflightcase.com\/pt\/produto\/caixa-de-iluminacao\/\" \/>\n<meta property=\"og:locale\" content=\"pt_PT\" \/>\n<meta property=\"og:type\" content=\"article\" \/>\n<meta property=\"og:title\" content=\"Lighting Rack Case\" \/>\n<meta property=\"og:description\" content=\"Lighting Rack Case: Explore factory-direct sales and professional customization options for organizing and protecting your lighting equipment efficiently\" \/>\n<meta property=\"og:url\" content=\"https:\/\/sxflightcase.com\/pt\/produto\/caixa-de-iluminacao\/\" \/>\n<meta property=\"og:site_name\" content=\"https:\/\/sxflightcase.com\" \/>\n<meta property=\"article:publisher\" content=\"https:\/\/www.facebook.com\/profile.php?id=61560407257971\" \/>\n<meta property=\"article:modified_time\" content=\"2024-06-14T07:03:45+00:00\" \/>\n<meta property=\"og:image\" content=\"https:\/\/sxflightcase.com\/wp-content\/uploads\/2024\/05\/lighting-rack-case24311635813.webp\" \/>\n\t<meta property=\"og:image:width\" content=\"750\" \/>\n\t<meta property=\"og:image:height\" content=\"750\" \/>\n\t<meta property=\"og:image:type\" content=\"image\/webp\" \/>\n<meta name=\"twitter:card\" content=\"summary_large_image\" \/>\n<meta name=\"twitter:label1\" content=\"Tempo estimado de leitura\" \/>\n\t<meta name=\"twitter:data1\" content=\"4 minutos\" \/>\n<script type=\"application\/ld+json\" class=\"yoast-schema-graph\">{\"@context\":\"https:\/\/schema.org\",\"@graph\":[{\"@type\":\"WebPage\",\"@id\":\"https:\/\/sxflightcase.com\/pt\/produto\/caixa-de-iluminacao\/\",\"url\":\"https:\/\/sxflightcase.com\/pt\/produto\/caixa-de-iluminacao\/\",\"name\":\"Lighting Rack Case - https:\/\/sxflightcase.com \ud83d\udc97\",\"isPartOf\":{\"@id\":\"https:\/\/sxflightcase.com\/th\/#website\"},\"primaryImageOfPage\":{\"@id\":\"https:\/\/sxflightcase.com\/pt\/produto\/caixa-de-iluminacao\/#primaryimage\"},\"image\":{\"@id\":\"https:\/\/sxflightcase.com\/pt\/produto\/caixa-de-iluminacao\/#primaryimage\"},\"thumbnailUrl\":\"https:\/\/sxflightcase.com\/wp-content\/uploads\/2024\/05\/lighting-rack-case24311635813.webp\",\"datePublished\":\"2024-05-10T03:27:09+00:00\",\"dateModified\":\"2024-06-14T07:03:45+00:00\",\"description\":\"Lighting Rack Case: Explore factory-direct sales and professional customization options for organizing and protecting your lighting equipment efficiently\",\"breadcrumb\":{\"@id\":\"https:\/\/sxflightcase.com\/pt\/produto\/caixa-de-iluminacao\/#breadcrumb\"},\"inLanguage\":\"pt-PT\",\"potentialAction\":[{\"@type\":\"ReadAction\",\"target\":[\"https:\/\/sxflightcase.com\/pt\/produto\/caixa-de-iluminacao\/\"]}]},{\"@type\":\"ImageObject\",\"inLanguage\":\"pt-PT\",\"@id\":\"https:\/\/sxflightcase.com\/pt\/produto\/caixa-de-iluminacao\/#primaryimage\",\"url\":\"https:\/\/sxflightcase.com\/wp-content\/uploads\/2024\/05\/lighting-rack-case24311635813.webp\",\"contentUrl\":\"https:\/\/sxflightcase.com\/wp-content\/uploads\/2024\/05\/lighting-rack-case24311635813.webp\",\"width\":750,\"height\":750,\"caption\":\"Lighting Rack Case\"},{\"@type\":\"BreadcrumbList\",\"@id\":\"https:\/\/sxflightcase.com\/pt\/produto\/caixa-de-iluminacao\/#breadcrumb\",\"itemListElement\":[{\"@type\":\"ListItem\",\"position\":1,\"name\":\"Home\",\"item\":\"https:\/\/sxflightcase.com\/\"},{\"@type\":\"ListItem\",\"position\":2,\"name\":\"\u0e2a\u0e34\u0e19\u0e04\u0e49\u0e32\",\"item\":\"https:\/\/sxflightcase.com\/th\/shop\/\"},{\"@type\":\"ListItem\",\"position\":3,\"name\":\"Lighting Rack Case\"}]},{\"@type\":\"WebSite\",\"@id\":\"https:\/\/sxflightcase.com\/th\/#website\",\"url\":\"https:\/\/sxflightcase.com\/th\/\",\"name\":\"sxpowercase.com\",\"description\":\"Flight Case Factory\",\"publisher\":{\"@id\":\"https:\/\/sxflightcase.com\/th\/#organization\"},\"potentialAction\":[{\"@type\":\"SearchAction\",\"target\":{\"@type\":\"EntryPoint\",\"urlTemplate\":\"https:\/\/sxflightcase.com\/th\/?s={search_term_string}\"},\"query-input\":{\"@type\":\"PropertyValueSpecification\",\"valueRequired\":true,\"valueName\":\"search_term_string\"}}],\"inLanguage\":\"pt-PT\"},{\"@type\":\"Organization\",\"@id\":\"https:\/\/sxflightcase.com\/th\/#organization\",\"name\":\"sxpowercase.com\",\"url\":\"https:\/\/sxflightcase.com\/th\/\",\"logo\":{\"@type\":\"ImageObject\",\"inLanguage\":\"pt-PT\",\"@id\":\"https:\/\/sxflightcase.com\/th\/#\/schema\/logo\/image\/\",\"url\":\"https:\/\/sxflightcase.com\/wp-content\/uploads\/2024\/04\/1713919036007.jpg\",\"contentUrl\":\"https:\/\/sxflightcase.com\/wp-content\/uploads\/2024\/04\/1713919036007.jpg\",\"width\":382,\"height\":388,\"caption\":\"sxpowercase.com\"},\"image\":{\"@id\":\"https:\/\/sxflightcase.com\/th\/#\/schema\/logo\/image\/\"},\"sameAs\":[\"https:\/\/www.facebook.com\/profile.php?id=61560407257971\"],\"numberOfEmployees\":{\"@type\":\"QuantitativeValue\",\"minValue\":\"11\",\"maxValue\":\"50\"}}]}<\/script>\n<!-- \/ Yoast SEO Premium plugin. -->","yoast_head_json":{"title":"Lighting Rack Case - https:\/\/sxflightcase.com \ud83d\udc97","description":"Caixa para rack de ilumina\u00e7\u00e3o: Explore as vendas diretas da f\u00e1brica e as op\u00e7\u00f5es de personaliza\u00e7\u00e3o profissional para organizar e proteger o seu equipamento de ilumina\u00e7\u00e3o de forma eficiente","robots":{"index":"index","follow":"follow","max-snippet":"max-snippet:-1","max-image-preview":"max-image-preview:large","max-video-preview":"max-video-preview:-1"},"canonical":"https:\/\/sxflightcase.com\/pt\/produto\/caixa-de-iluminacao\/","og_locale":"pt_PT","og_type":"article","og_title":"Lighting Rack Case","og_description":"Lighting Rack Case: Explore factory-direct sales and professional customization options for organizing and protecting your lighting equipment efficiently","og_url":"https:\/\/sxflightcase.com\/pt\/produto\/caixa-de-iluminacao\/","og_site_name":"https:\/\/sxflightcase.com","article_publisher":"https:\/\/www.facebook.com\/profile.php?id=61560407257971","article_modified_time":"2024-06-14T07:03:45+00:00","og_image":[{"width":750,"height":750,"url":"https:\/\/sxflightcase.com\/wp-content\/uploads\/2024\/05\/lighting-rack-case24311635813.webp","type":"image\/webp"}],"twitter_card":"summary_large_image","twitter_misc":{"Tempo estimado de leitura":"4 minutos"},"schema":{"@context":"https:\/\/schema.org","@graph":[{"@type":"WebPage","@id":"https:\/\/sxflightcase.com\/pt\/produto\/caixa-de-iluminacao\/","url":"https:\/\/sxflightcase.com\/pt\/produto\/caixa-de-iluminacao\/","name":"Lighting Rack Case - https:\/\/sxflightcase.com \ud83d\udc97","isPartOf":{"@id":"https:\/\/sxflightcase.com\/th\/#website"},"primaryImageOfPage":{"@id":"https:\/\/sxflightcase.com\/pt\/produto\/caixa-de-iluminacao\/#primaryimage"},"image":{"@id":"https:\/\/sxflightcase.com\/pt\/produto\/caixa-de-iluminacao\/#primaryimage"},"thumbnailUrl":"https:\/\/sxflightcase.com\/wp-content\/uploads\/2024\/05\/lighting-rack-case24311635813.webp","datePublished":"2024-05-10T03:27:09+00:00","dateModified":"2024-06-14T07:03:45+00:00","description":"Caixa para rack de ilumina\u00e7\u00e3o: Explore as vendas diretas da f\u00e1brica e as op\u00e7\u00f5es de personaliza\u00e7\u00e3o profissional para organizar e proteger o seu equipamento de ilumina\u00e7\u00e3o de forma eficiente","breadcrumb":{"@id":"https:\/\/sxflightcase.com\/pt\/produto\/caixa-de-iluminacao\/#breadcrumb"},"inLanguage":"pt-PT","potentialAction":[{"@type":"ReadAction","target":["https:\/\/sxflightcase.com\/pt\/produto\/caixa-de-iluminacao\/"]}]},{"@type":"ImageObject","inLanguage":"pt-PT","@id":"https:\/\/sxflightcase.com\/pt\/produto\/caixa-de-iluminacao\/#primaryimage","url":"https:\/\/sxflightcase.com\/wp-content\/uploads\/2024\/05\/lighting-rack-case24311635813.webp","contentUrl":"https:\/\/sxflightcase.com\/wp-content\/uploads\/2024\/05\/lighting-rack-case24311635813.webp","width":750,"height":750,"caption":"Lighting Rack Case"},{"@type":"BreadcrumbList","@id":"https:\/\/sxflightcase.com\/pt\/produto\/caixa-de-iluminacao\/#breadcrumb","itemListElement":[{"@type":"ListItem","position":1,"name":"Home","item":"https:\/\/sxflightcase.com\/"},{"@type":"ListItem","position":2,"name":"\u0e2a\u0e34\u0e19\u0e04\u0e49\u0e32","item":"https:\/\/sxflightcase.com\/th\/shop\/"},{"@type":"ListItem","position":3,"name":"Lighting Rack Case"}]},{"@type":"WebSite","@id":"https:\/\/sxflightcase.com\/th\/#website","url":"https:\/\/sxflightcase.com\/th\/","name":"sxpowercase.com","description":"F\u00e1brica de malas de voo","publisher":{"@id":"https:\/\/sxflightcase.com\/th\/#organization"},"potentialAction":[{"@type":"SearchAction","target":{"@type":"EntryPoint","urlTemplate":"https:\/\/sxflightcase.com\/th\/?s={search_term_string}"},"query-input":{"@type":"PropertyValueSpecification","valueRequired":true,"valueName":"search_term_string"}}],"inLanguage":"pt-PT"},{"@type":"Organization","@id":"https:\/\/sxflightcase.com\/th\/#organization","name":"sxpowercase.com","url":"https:\/\/sxflightcase.com\/th\/","logo":{"@type":"ImageObject","inLanguage":"pt-PT","@id":"https:\/\/sxflightcase.com\/th\/#\/schema\/logo\/image\/","url":"https:\/\/sxflightcase.com\/wp-content\/uploads\/2024\/04\/1713919036007.jpg","contentUrl":"https:\/\/sxflightcase.com\/wp-content\/uploads\/2024\/04\/1713919036007.jpg","width":382,"height":388,"caption":"sxpowercase.com"},"image":{"@id":"https:\/\/sxflightcase.com\/th\/#\/schema\/logo\/image\/"},"sameAs":["https:\/\/www.facebook.com\/profile.php?id=61560407257971"],"numberOfEmployees":{"@type":"QuantitativeValue","minValue":"11","maxValue":"50"}}]}},"_links":{"self":[{"href":"https:\/\/sxflightcase.com\/pt\/wp-json\/wp\/v2\/product\/1702","targetHints":{"allow":["GET"]}}],"collection":[{"href":"https:\/\/sxflightcase.com\/pt\/wp-json\/wp\/v2\/product"}],"about":[{"href":"https:\/\/sxflightcase.com\/pt\/wp-json\/wp\/v2\/types\/product"}],"replies":[{"embeddable":true,"href":"https:\/\/sxflightcase.com\/pt\/wp-json\/wp\/v2\/comments?post=1702"}],"version-history":[{"count":0,"href":"https:\/\/sxflightcase.com\/pt\/wp-json\/wp\/v2\/product\/1702\/revisions"}],"wp:featuredmedia":[{"embeddable":true,"href":"https:\/\/sxflightcase.com\/pt\/wp-json\/wp\/v2\/media\/1703"}],"wp:attachment":[{"href":"https:\/\/sxflightcase.com\/pt\/wp-json\/wp\/v2\/media?parent=1702"}],"wp:term":[{"taxonomy":"product_brand","embeddable":true,"href":"https:\/\/sxflightcase.com\/pt\/wp-json\/wp\/v2\/product_brand?post=1702"},{"taxonomy":"product_cat","embeddable":true,"href":"https:\/\/sxflightcase.com\/pt\/wp-json\/wp\/v2\/product_cat?post=1702"},{"taxonomy":"product_tag","embeddable":true,"href":"https:\/\/sxflightcase.com\/pt\/wp-json\/wp\/v2\/product_tag?post=1702"}],"curies":[{"name":"wp","href":"https:\/\/api.w.org\/{rel}","templated":true}]}}