{"id":1711,"date":"2024-05-10T04:35:24","date_gmt":"2024-05-10T03:35:24","guid":{"rendered":"https:\/\/sxpowercase.com\/?post_type=product&#038;p=1711"},"modified":"2024-06-25T09:35:17","modified_gmt":"2024-06-25T08:35:17","slug":"stage-light-box","status":"publish","type":"product","link":"https:\/\/sxflightcase.com\/pt\/produto\/caixa-de-luz-de-palco\/","title":{"rendered":"Caixa de luz de palco"},"content":{"rendered":"<h1>Ilumine os seus eventos com a caixa de luz de palco da SX<\/h1>\n<h2>Solu\u00e7\u00f5es de ilumina\u00e7\u00e3o excepcionais<\/h2>\n<p>A SX Stage Light Box \u00e9 a solu\u00e7\u00e3o ideal para uma ilumina\u00e7\u00e3o de palco excecional. Concebida para melhorar cada espet\u00e1culo, proporciona efeitos de ilumina\u00e7\u00e3o brilhantes e din\u00e2micos que cativam o p\u00fablico. Com a SX, os seus eventos brilhar\u00e3o mais e ser\u00e3o mais vibrantes do que nunca.<\/p>\n<h2>Durabilidade inigual\u00e1vel<\/h2>\n<h3>Constru\u00eddo para durar<\/h3>\n<p>A caixa de luz de palco da SX \u00e9 fabricada com materiais de alta qualidade, assegurando que suporta as exig\u00eancias de utiliza\u00e7\u00e3o e transporte frequentes. A constru\u00e7\u00e3o robusta garante fiabilidade, tornando-a a escolha ideal para empresas de digress\u00e3o, organizadores de eventos e locais de espet\u00e1culo que exigem solu\u00e7\u00f5es de ilumina\u00e7\u00e3o duradouras e fi\u00e1veis.<\/p>\n<h2>Vendas diretas da f\u00e1brica<\/h2>\n<h3>Excel\u00eancia a pre\u00e7os acess\u00edveis<\/h3>\n<p><a href=\"https:\/\/sxpowercase.com\/\" target=\"_blank\" rel=\"noopener\" title=\"SX\" data-wpil-monitor-id=\"465\">SX<\/a> oferece a Stage Light Box atrav\u00e9s do nosso modelo de venda direta na f\u00e1brica, proporcionando-lhe ilumina\u00e7\u00e3o de alta qualidade a pre\u00e7os competitivos. Ao eliminar o intermedi\u00e1rio, garantimos que obt\u00e9m o melhor valor para o seu investimento, permitindo-lhe afetar o seu or\u00e7amento de forma mais eficaz e melhorar os seus eventos sem gastar demasiado.<\/p>\n<h2>Servi\u00e7os de personaliza\u00e7\u00e3o<\/h2>\n<h3>Adaptado \u00e0s suas necessidades<\/h3>\n<p>Na SX, compreendemos que cada evento \u00e9 \u00fanico. \u00c9 por isso que oferecemos op\u00e7\u00f5es de personaliza\u00e7\u00e3o para a nossa caixa de luz de palco. Quer necessite de dimens\u00f5es espec\u00edficas, op\u00e7\u00f5es de cor ou carater\u00edsticas adicionais, podemos adaptar a caixa de luz para satisfazer os seus requisitos exactos. Desfrute de uma solu\u00e7\u00e3o de ilumina\u00e7\u00e3o que se adapta perfeitamente \u00e0s necessidades do seu evento.<\/p>\n<h2>Melhore a experi\u00eancia do seu evento<\/h2>\n<h3>Efeitos cativantes<\/h3>\n<p>A SX Stage Light Box proporciona efeitos de ilumina\u00e7\u00e3o impressionantes que elevam qualquer evento. Desde concertos e produ\u00e7\u00f5es teatrais a eventos empresariais e casamentos, a nossa caixa de luz proporciona o ambiente perfeito. Crie momentos inesquec\u00edveis com uma ilumina\u00e7\u00e3o vibrante e din\u00e2mica que melhora o ambiente e a atmosfera do seu evento.<\/p>\n<hr \/>\n<p>Melhore a ilumina\u00e7\u00e3o do seu evento com a SX Light Box. Contacte-nos hoje para saber mais sobre as nossas vendas diretas da f\u00e1brica e servi\u00e7os de personaliza\u00e7\u00e3o. Com a SX, obt\u00e9m a combina\u00e7\u00e3o perfeita de qualidade, durabilidade e valor, garantindo que os seus eventos se destacam sempre. Experimente a diferen\u00e7a com a SX e ilumine o seu palco como nunca antes.<\/p>\n<p>Hot Tags: Pre\u00e7o baixo, em estoque, amostra gr\u00e1tis, cabo de alimenta\u00e7\u00e3o e sinal, fio de 4 condutores de calibre 16, caixa de suporte de microfone, gabinete de exibi\u00e7\u00e3o de led ao ar livre, montagem em rack, caixas de v\u00f4o de misturador de montagem em rack de 19 \", caixa de distribui\u00e7\u00e3o el\u00e9trica, China, fornecedores, f\u00e1brica, personalizado, atacado, <span style=\"color: #993366;\"><a style=\"color: #993366;\" href=\"https:\/\/sxflightcase.com\/pt\/product-category\/all-product\/power-distribution-boxes\/\">caixas el\u00e9ctricas<\/a>,\u00a0<a style=\"color: #993366;\" href=\"https:\/\/sxflightcase.com\/pt\/product-category\/all-product\/hoist-controllers\/\">cabos el\u00e9ctricos<\/a>,\u00a0<a style=\"color: #993366;\" href=\"https:\/\/sxflightcase.com\/pt\/product-category\/all-product\/hoist-controllers\/\">controladores de guinchos<\/a>,\u00a0<a style=\"color: #993366;\" href=\"https:\/\/sxflightcase.com\/pt\/product-category\/all-product\/flight-case\/\">casos de voo.<\/a><\/span><\/p>","protected":false},"excerpt":{"rendered":"<h2 class=\"prodetails-name\"><span class=\"yoast-text-mark\">le=\"vertical-align: inherit;\"&gt;<span style=\"vertical-align: inherit;\">\u821e\u53f0\u706f\u7bb1<\/span>&lt;\/span&gt;<\/span><\/h2>\n<p><span style=\"vertical-align: inherit;\"><span style=\"vertical-align: inherit;\">\u6211\u4eec\u5f88\u9ad8\u5174\u4e3a\u4e1a\u5185\u4e13\u4e1a\u4eba\u58eb\u63d0\u4f9b\u4e00\u7cfb\u5217\u575a\u56fa\u7684\u65c5\u884c\u89e3\u51b3\u65b9\u6848\uff0c\u4ee5\u4fbf\u5b89\u5168\u5730\u8fd0\u8f93\u548c\u50a8\u5b58\u4ed6\u4eec\u7684\u6447\u5934\u706f\u6216\u7c7b\u4f3c\u4ea7\u54c1\u3002\u591a\u5e74\u6765\uff0c\u6211\u4eec\u82b1\u4e86\u5f88\u591a\u65f6\u95f4\u8bbe\u8ba1\u5b8c\u7f8e\u7684\u89e3\u51b3\u65b9\u6848\uff0c\u8ba9\u60a8\u65e0\u9700\u62c5\u5fc3\u635f\u574f\u5373\u53ef\u8fd0\u8f93\u60a8\u5fc3\u7231\u7684\u706f\u5177\u3002<\/span><\/span><\/p>\n<h2><strong><span style=\"vertical-align: inherit;\"><span style=\"vertical-align: inherit;\">\u751f\u4ea7\u4ecb\u7ecd<\/span><\/span>&lt;\/strong&gt;<\/strong><\/h2>\n<p><span style=\"vertical-align: inherit;\"><span style=\"vertical-align: inherit;\">\u821e\u53f0\u706f\u7bb1<\/span><\/span><\/p>\n<p><span style=\"vertical-align: inherit;\"><span style=\"vertical-align: inherit;\">\u9ad8\u54c1\u8d28\u9632\u706b\u677f\uff1b<\/span><\/span><\/p>\n<p><span style=\"vertical-align: inherit;\"><span style=\"vertical-align: inherit;\">\u6709\u591a\u79cd\u989c\u8272\u53ef\u9009\uff0c\u5e38\u7528\u9ed1\u8272\uff0c\u4e5f\u53ef\u9009\u62e9\u84dd\u8272\u3001\u9ec4\u8272\u3001\u7ea2\u8272\u3001\u7eff\u8272\u7b49\u989c\u8272\uff1b<\/span><\/span><\/p>\n<p><span style=\"vertical-align: inherit;\"><span style=\"vertical-align: inherit;\">\u7bb1\u4f53\u5177\u6709\u811a\u8f6e\u53ca\u9501\u5b9a\u529f\u80fd\uff1b<\/span><\/span><\/p>\n<p><span style=\"vertical-align: inherit;\"><span style=\"vertical-align: inherit;\">\u6709\u76d6\u5b50\u7684\u9501\uff1b<\/span><\/span><\/p>\n<p><span style=\"vertical-align: inherit;\"><span style=\"vertical-align: inherit;\">\u628a\u5de2\u7b51\u6210\u51e0\u5c42\u9ad8\uff1b<\/span><\/span><\/p>\n<p><span style=\"vertical-align: inherit;\"><span style=\"vertical-align: inherit;\">\u6709\u4e0d\u540c\u7684\u5c3a\u5bf8\u53ef\u4f9b\u9009\u62e9\u3002<\/span><\/span><\/p>","protected":false},"featured_media":1712,"comment_status":"open","ping_status":"closed","template":"","meta":[],"product_brand":[],"product_cat":[41],"product_tag":[],"class_list":{"0":"post-1711","1":"product","2":"type-product","3":"status-publish","4":"has-post-thumbnail","6":"product_cat-equipment-cases","8":"first","9":"instock","10":"shipping-taxable","11":"product-type-simple"},"yoast_head":"<!-- This site is optimized with the Yoast SEO Premium plugin v27.1 (Yoast SEO v27.2) - https:\/\/yoast.com\/product\/yoast-seo-premium-wordpress\/ -->\n<title>Stage Light Box - https:\/\/sxflightcase.com \ud83d\udc97<\/title>\n<meta name=\"description\" content=\"Stage Light Box: Get factory-direct sales and professional customization for optimal protection and organization of your lighting equipment\" \/>\n<meta name=\"robots\" content=\"index, follow, max-snippet:-1, max-image-preview:large, max-video-preview:-1\" \/>\n<link rel=\"canonical\" href=\"https:\/\/sxflightcase.com\/pt\/\u0645\u0646\u062a\u062c\/\u0635\u0646\u062f\u0648\u0642-\u0625\u0636\u0627\u0621\u0629-\u0627\u0644\u0645\u0633\u0631\u062d\/\" \/>\n<meta property=\"og:locale\" content=\"pt_PT\" \/>\n<meta property=\"og:type\" content=\"article\" \/>\n<meta property=\"og:title\" content=\"Stage Light Box\" \/>\n<meta property=\"og:description\" content=\"Stage Light Box: Get factory-direct sales and professional customization for optimal protection and organization of your lighting equipment\" \/>\n<meta property=\"og:url\" content=\"https:\/\/sxflightcase.com\/pt\/\u0645\u0646\u062a\u062c\/\u0635\u0646\u062f\u0648\u0642-\u0625\u0636\u0627\u0621\u0629-\u0627\u0644\u0645\u0633\u0631\u062d\/\" \/>\n<meta property=\"og:site_name\" content=\"https:\/\/sxflightcase.com\" \/>\n<meta property=\"article:publisher\" content=\"https:\/\/www.facebook.com\/profile.php?id=61560407257971\" \/>\n<meta property=\"article:modified_time\" content=\"2024-06-25T08:35:17+00:00\" \/>\n<meta property=\"og:image\" content=\"https:\/\/sxflightcase.com\/wp-content\/uploads\/2024\/05\/stage-light-box33136330726.webp\" \/>\n\t<meta property=\"og:image:width\" content=\"750\" \/>\n\t<meta property=\"og:image:height\" content=\"750\" \/>\n\t<meta property=\"og:image:type\" content=\"image\/webp\" \/>\n<meta name=\"twitter:card\" content=\"summary_large_image\" \/>\n<meta name=\"twitter:label1\" content=\"Tempo estimado de leitura\" \/>\n\t<meta name=\"twitter:data1\" content=\"3 minutos\" \/>\n<script type=\"application\/ld+json\" class=\"yoast-schema-graph\">{\"@context\":\"https:\/\/schema.org\",\"@graph\":[{\"@type\":\"WebPage\",\"@id\":\"https:\/\/sxflightcase.com\/ar\/\u0645\u0646\u062a\u062c\/\u0635\u0646\u062f\u0648\u0642-\u0625\u0636\u0627\u0621\u0629-\u0627\u0644\u0645\u0633\u0631\u062d\/\",\"url\":\"https:\/\/sxflightcase.com\/ar\/\u0645\u0646\u062a\u062c\/\u0635\u0646\u062f\u0648\u0642-\u0625\u0636\u0627\u0621\u0629-\u0627\u0644\u0645\u0633\u0631\u062d\/\",\"name\":\"Stage Light Box - https:\/\/sxflightcase.com \ud83d\udc97\",\"isPartOf\":{\"@id\":\"https:\/\/sxflightcase.com\/th\/#website\"},\"primaryImageOfPage\":{\"@id\":\"https:\/\/sxflightcase.com\/ar\/\u0645\u0646\u062a\u062c\/\u0635\u0646\u062f\u0648\u0642-\u0625\u0636\u0627\u0621\u0629-\u0627\u0644\u0645\u0633\u0631\u062d\/#primaryimage\"},\"image\":{\"@id\":\"https:\/\/sxflightcase.com\/ar\/\u0645\u0646\u062a\u062c\/\u0635\u0646\u062f\u0648\u0642-\u0625\u0636\u0627\u0621\u0629-\u0627\u0644\u0645\u0633\u0631\u062d\/#primaryimage\"},\"thumbnailUrl\":\"https:\/\/sxflightcase.com\/wp-content\/uploads\/2024\/05\/stage-light-box33136330726.webp\",\"datePublished\":\"2024-05-10T03:35:24+00:00\",\"dateModified\":\"2024-06-25T08:35:17+00:00\",\"description\":\"Stage Light Box: Get factory-direct sales and professional customization for optimal protection and organization of your lighting equipment\",\"breadcrumb\":{\"@id\":\"https:\/\/sxflightcase.com\/ar\/\u0645\u0646\u062a\u062c\/\u0635\u0646\u062f\u0648\u0642-\u0625\u0636\u0627\u0621\u0629-\u0627\u0644\u0645\u0633\u0631\u062d\/#breadcrumb\"},\"inLanguage\":\"pt-PT\",\"potentialAction\":[{\"@type\":\"ReadAction\",\"target\":[\"https:\/\/sxflightcase.com\/ar\/\u0645\u0646\u062a\u062c\/\u0635\u0646\u062f\u0648\u0642-\u0625\u0636\u0627\u0621\u0629-\u0627\u0644\u0645\u0633\u0631\u062d\/\"]}]},{\"@type\":\"ImageObject\",\"inLanguage\":\"pt-PT\",\"@id\":\"https:\/\/sxflightcase.com\/ar\/\u0645\u0646\u062a\u062c\/\u0635\u0646\u062f\u0648\u0642-\u0625\u0636\u0627\u0621\u0629-\u0627\u0644\u0645\u0633\u0631\u062d\/#primaryimage\",\"url\":\"https:\/\/sxflightcase.com\/wp-content\/uploads\/2024\/05\/stage-light-box33136330726.webp\",\"contentUrl\":\"https:\/\/sxflightcase.com\/wp-content\/uploads\/2024\/05\/stage-light-box33136330726.webp\",\"width\":750,\"height\":750,\"caption\":\"Stage Light Box\"},{\"@type\":\"BreadcrumbList\",\"@id\":\"https:\/\/sxflightcase.com\/ar\/\u0645\u0646\u062a\u062c\/\u0635\u0646\u062f\u0648\u0642-\u0625\u0636\u0627\u0621\u0629-\u0627\u0644\u0645\u0633\u0631\u062d\/#breadcrumb\",\"itemListElement\":[{\"@type\":\"ListItem\",\"position\":1,\"name\":\"Home\",\"item\":\"https:\/\/sxflightcase.com\/\"},{\"@type\":\"ListItem\",\"position\":2,\"name\":\"\u0e2a\u0e34\u0e19\u0e04\u0e49\u0e32\",\"item\":\"https:\/\/sxflightcase.com\/th\/shop\/\"},{\"@type\":\"ListItem\",\"position\":3,\"name\":\"Stage Light Box\"}]},{\"@type\":\"WebSite\",\"@id\":\"https:\/\/sxflightcase.com\/th\/#website\",\"url\":\"https:\/\/sxflightcase.com\/th\/\",\"name\":\"sxpowercase.com\",\"description\":\"Flight Case Factory\",\"publisher\":{\"@id\":\"https:\/\/sxflightcase.com\/th\/#organization\"},\"potentialAction\":[{\"@type\":\"SearchAction\",\"target\":{\"@type\":\"EntryPoint\",\"urlTemplate\":\"https:\/\/sxflightcase.com\/th\/?s={search_term_string}\"},\"query-input\":{\"@type\":\"PropertyValueSpecification\",\"valueRequired\":true,\"valueName\":\"search_term_string\"}}],\"inLanguage\":\"pt-PT\"},{\"@type\":\"Organization\",\"@id\":\"https:\/\/sxflightcase.com\/th\/#organization\",\"name\":\"sxpowercase.com\",\"url\":\"https:\/\/sxflightcase.com\/th\/\",\"logo\":{\"@type\":\"ImageObject\",\"inLanguage\":\"pt-PT\",\"@id\":\"https:\/\/sxflightcase.com\/th\/#\/schema\/logo\/image\/\",\"url\":\"https:\/\/sxflightcase.com\/wp-content\/uploads\/2024\/04\/1713919036007.jpg\",\"contentUrl\":\"https:\/\/sxflightcase.com\/wp-content\/uploads\/2024\/04\/1713919036007.jpg\",\"width\":382,\"height\":388,\"caption\":\"sxpowercase.com\"},\"image\":{\"@id\":\"https:\/\/sxflightcase.com\/th\/#\/schema\/logo\/image\/\"},\"sameAs\":[\"https:\/\/www.facebook.com\/profile.php?id=61560407257971\"],\"numberOfEmployees\":{\"@type\":\"QuantitativeValue\",\"minValue\":\"11\",\"maxValue\":\"50\"}}]}<\/script>\n<!-- \/ Yoast SEO Premium plugin. -->","yoast_head_json":{"title":"Stage Light Box - https:\/\/sxflightcase.com \ud83d\udc97","description":"Caixa de luz de palco: Obtenha vendas diretas da f\u00e1brica e personaliza\u00e7\u00e3o profissional para uma prote\u00e7\u00e3o e organiza\u00e7\u00e3o ideais do seu equipamento de ilumina\u00e7\u00e3o","robots":{"index":"index","follow":"follow","max-snippet":"max-snippet:-1","max-image-preview":"max-image-preview:large","max-video-preview":"max-video-preview:-1"},"canonical":"https:\/\/sxflightcase.com\/pt\/\u0645\u0646\u062a\u062c\/\u0635\u0646\u062f\u0648\u0642-\u0625\u0636\u0627\u0621\u0629-\u0627\u0644\u0645\u0633\u0631\u062d\/","og_locale":"pt_PT","og_type":"article","og_title":"Stage Light Box","og_description":"Stage Light Box: Get factory-direct sales and professional customization for optimal protection and organization of your lighting equipment","og_url":"https:\/\/sxflightcase.com\/pt\/\u0645\u0646\u062a\u062c\/\u0635\u0646\u062f\u0648\u0642-\u0625\u0636\u0627\u0621\u0629-\u0627\u0644\u0645\u0633\u0631\u062d\/","og_site_name":"https:\/\/sxflightcase.com","article_publisher":"https:\/\/www.facebook.com\/profile.php?id=61560407257971","article_modified_time":"2024-06-25T08:35:17+00:00","og_image":[{"width":750,"height":750,"url":"https:\/\/sxflightcase.com\/wp-content\/uploads\/2024\/05\/stage-light-box33136330726.webp","type":"image\/webp"}],"twitter_card":"summary_large_image","twitter_misc":{"Tempo estimado de leitura":"3 minutos"},"schema":{"@context":"https:\/\/schema.org","@graph":[{"@type":"WebPage","@id":"https:\/\/sxflightcase.com\/ar\/\u0645\u0646\u062a\u062c\/\u0635\u0646\u062f\u0648\u0642-\u0625\u0636\u0627\u0621\u0629-\u0627\u0644\u0645\u0633\u0631\u062d\/","url":"https:\/\/sxflightcase.com\/ar\/\u0645\u0646\u062a\u062c\/\u0635\u0646\u062f\u0648\u0642-\u0625\u0636\u0627\u0621\u0629-\u0627\u0644\u0645\u0633\u0631\u062d\/","name":"Stage Light Box - https:\/\/sxflightcase.com \ud83d\udc97","isPartOf":{"@id":"https:\/\/sxflightcase.com\/th\/#website"},"primaryImageOfPage":{"@id":"https:\/\/sxflightcase.com\/ar\/\u0645\u0646\u062a\u062c\/\u0635\u0646\u062f\u0648\u0642-\u0625\u0636\u0627\u0621\u0629-\u0627\u0644\u0645\u0633\u0631\u062d\/#primaryimage"},"image":{"@id":"https:\/\/sxflightcase.com\/ar\/\u0645\u0646\u062a\u062c\/\u0635\u0646\u062f\u0648\u0642-\u0625\u0636\u0627\u0621\u0629-\u0627\u0644\u0645\u0633\u0631\u062d\/#primaryimage"},"thumbnailUrl":"https:\/\/sxflightcase.com\/wp-content\/uploads\/2024\/05\/stage-light-box33136330726.webp","datePublished":"2024-05-10T03:35:24+00:00","dateModified":"2024-06-25T08:35:17+00:00","description":"Caixa de luz de palco: Obtenha vendas diretas da f\u00e1brica e personaliza\u00e7\u00e3o profissional para uma prote\u00e7\u00e3o e organiza\u00e7\u00e3o ideais do seu equipamento de ilumina\u00e7\u00e3o","breadcrumb":{"@id":"https:\/\/sxflightcase.com\/ar\/\u0645\u0646\u062a\u062c\/\u0635\u0646\u062f\u0648\u0642-\u0625\u0636\u0627\u0621\u0629-\u0627\u0644\u0645\u0633\u0631\u062d\/#breadcrumb"},"inLanguage":"pt-PT","potentialAction":[{"@type":"ReadAction","target":["https:\/\/sxflightcase.com\/ar\/\u0645\u0646\u062a\u062c\/\u0635\u0646\u062f\u0648\u0642-\u0625\u0636\u0627\u0621\u0629-\u0627\u0644\u0645\u0633\u0631\u062d\/"]}]},{"@type":"ImageObject","inLanguage":"pt-PT","@id":"https:\/\/sxflightcase.com\/ar\/\u0645\u0646\u062a\u062c\/\u0635\u0646\u062f\u0648\u0642-\u0625\u0636\u0627\u0621\u0629-\u0627\u0644\u0645\u0633\u0631\u062d\/#primaryimage","url":"https:\/\/sxflightcase.com\/wp-content\/uploads\/2024\/05\/stage-light-box33136330726.webp","contentUrl":"https:\/\/sxflightcase.com\/wp-content\/uploads\/2024\/05\/stage-light-box33136330726.webp","width":750,"height":750,"caption":"Stage Light Box"},{"@type":"BreadcrumbList","@id":"https:\/\/sxflightcase.com\/ar\/\u0645\u0646\u062a\u062c\/\u0635\u0646\u062f\u0648\u0642-\u0625\u0636\u0627\u0621\u0629-\u0627\u0644\u0645\u0633\u0631\u062d\/#breadcrumb","itemListElement":[{"@type":"ListItem","position":1,"name":"Home","item":"https:\/\/sxflightcase.com\/"},{"@type":"ListItem","position":2,"name":"\u0e2a\u0e34\u0e19\u0e04\u0e49\u0e32","item":"https:\/\/sxflightcase.com\/th\/shop\/"},{"@type":"ListItem","position":3,"name":"Stage Light Box"}]},{"@type":"WebSite","@id":"https:\/\/sxflightcase.com\/th\/#website","url":"https:\/\/sxflightcase.com\/th\/","name":"sxpowercase.com","description":"F\u00e1brica de malas de voo","publisher":{"@id":"https:\/\/sxflightcase.com\/th\/#organization"},"potentialAction":[{"@type":"SearchAction","target":{"@type":"EntryPoint","urlTemplate":"https:\/\/sxflightcase.com\/th\/?s={search_term_string}"},"query-input":{"@type":"PropertyValueSpecification","valueRequired":true,"valueName":"search_term_string"}}],"inLanguage":"pt-PT"},{"@type":"Organization","@id":"https:\/\/sxflightcase.com\/th\/#organization","name":"sxpowercase.com","url":"https:\/\/sxflightcase.com\/th\/","logo":{"@type":"ImageObject","inLanguage":"pt-PT","@id":"https:\/\/sxflightcase.com\/th\/#\/schema\/logo\/image\/","url":"https:\/\/sxflightcase.com\/wp-content\/uploads\/2024\/04\/1713919036007.jpg","contentUrl":"https:\/\/sxflightcase.com\/wp-content\/uploads\/2024\/04\/1713919036007.jpg","width":382,"height":388,"caption":"sxpowercase.com"},"image":{"@id":"https:\/\/sxflightcase.com\/th\/#\/schema\/logo\/image\/"},"sameAs":["https:\/\/www.facebook.com\/profile.php?id=61560407257971"],"numberOfEmployees":{"@type":"QuantitativeValue","minValue":"11","maxValue":"50"}}]}},"_links":{"self":[{"href":"https:\/\/sxflightcase.com\/pt\/wp-json\/wp\/v2\/product\/1711","targetHints":{"allow":["GET"]}}],"collection":[{"href":"https:\/\/sxflightcase.com\/pt\/wp-json\/wp\/v2\/product"}],"about":[{"href":"https:\/\/sxflightcase.com\/pt\/wp-json\/wp\/v2\/types\/product"}],"replies":[{"embeddable":true,"href":"https:\/\/sxflightcase.com\/pt\/wp-json\/wp\/v2\/comments?post=1711"}],"version-history":[{"count":0,"href":"https:\/\/sxflightcase.com\/pt\/wp-json\/wp\/v2\/product\/1711\/revisions"}],"wp:featuredmedia":[{"embeddable":true,"href":"https:\/\/sxflightcase.com\/pt\/wp-json\/wp\/v2\/media\/1712"}],"wp:attachment":[{"href":"https:\/\/sxflightcase.com\/pt\/wp-json\/wp\/v2\/media?parent=1711"}],"wp:term":[{"taxonomy":"product_brand","embeddable":true,"href":"https:\/\/sxflightcase.com\/pt\/wp-json\/wp\/v2\/product_brand?post=1711"},{"taxonomy":"product_cat","embeddable":true,"href":"https:\/\/sxflightcase.com\/pt\/wp-json\/wp\/v2\/product_cat?post=1711"},{"taxonomy":"product_tag","embeddable":true,"href":"https:\/\/sxflightcase.com\/pt\/wp-json\/wp\/v2\/product_tag?post=1711"}],"curies":[{"name":"wp","href":"https:\/\/api.w.org\/{rel}","templated":true}]}}