{"id":1713,"date":"2024-05-10T04:46:14","date_gmt":"2024-05-10T03:46:14","guid":{"rendered":"https:\/\/sxpowercase.com\/?post_type=product&#038;p=1713"},"modified":"2024-06-14T08:03:45","modified_gmt":"2024-06-14T07:03:45","slug":"led-cabinet-lighting","status":"publish","type":"product","link":"https:\/\/sxflightcase.com\/pt\/produto\/iluminacao-de-armarios-led\/","title":{"rendered":"Ilumina\u00e7\u00e3o de arm\u00e1rios LED"},"content":{"rendered":"<p><strong>Par\u00e2metro do produto (especifica\u00e7\u00e3o)<\/strong><\/p>\n<section class=\"table-wrap\">\n<table class=\"table\" width=\"100%\" cellspacing=\"0\" cellpadding=\"0\">\n<tbody>\n<tr class=\"firstRow\">\n<td>Nome do produto<\/td>\n<td>Ilumina\u00e7\u00e3o LED para arm\u00e1rios<\/td>\n<\/tr>\n<tr>\n<td>Material<\/td>\n<td>Estrutura de alum\u00ednio + \u00e0 prova de fogo + contraplacado de 9 mm<\/td>\n<\/tr>\n<tr>\n<td>No interior<\/td>\n<td>Espuma de alta densidade \u00e0 prova de choque<\/td>\n<\/tr>\n<tr>\n<td>Tamanho<\/td>\n<td>Pode ser personalizado<\/td>\n<\/tr>\n<tr>\n<td>Acess\u00f3rios<\/td>\n<td>Quatro fechos de borboleta, quatro rodas para facilitar o transporte, quatro pegas resistentes<\/td>\n<\/tr>\n<tr>\n<td>Personalizado<\/td>\n<td>Todos os tipos de personaliza\u00e7\u00e3o s\u00e3o bem-vindos, como o material da caixa de alum\u00ednio, dimens\u00e3o, recheios internos, al\u00e7as, fechaduras e assim por diante.<\/td>\n<\/tr>\n<tr>\n<td>Tempo de amostragem<\/td>\n<td>Cerca de 3-5 dias \u00fateis<\/td>\n<\/tr>\n<tr>\n<td>Hora da encomenda formal<\/td>\n<td>cerca de 15-20 dias<\/td>\n<\/tr>\n<tr>\n<td>Embalagem<\/td>\n<td>Saco de pl\u00e1stico bolha +cart\u00e3o<\/td>\n<\/tr>\n<\/tbody>\n<\/table>\n<\/section>\n<p><strong>Carater\u00edstica e aplica\u00e7\u00e3o do produto<\/strong><\/p>\n<p>A ilumina\u00e7\u00e3o, seja para espect\u00e1culos de palco e teatro, cinema e televis\u00e3o ou arquitetura, pode ser pesada, delicada, dif\u00edcil de armazenar e cara de substituir. <a class=\"wpil_keyword_link\" href=\"https:\/\/sxpowercase.com\/product-category\/all-product\/flight-case\/\" target=\"_blank\" rel=\"noopener\" title=\"mala de voo\" data-wpil-keyword-link=\"linked\" data-wpil-monitor-id=\"411\">mala de voo<\/a> resolver\u00e1 todos estes problemas.<\/p>\n<p><img decoding=\"async\" title=\"1\" src=\"https:\/\/www.sxprocase.com\/Content\/uploads\/2021794209\/202106241129483581a96df57549f69f19f110b60b6bbd.jpg\" alt=\"1\" \/><\/p>\n<p><strong>Detalhes da produ\u00e7\u00e3o<\/strong><\/p>\n<p><img decoding=\"async\" title=\"18\" src=\"https:\/\/www.sxprocase.com\/Content\/uploads\/2021794209\/2021062411300523c9e1eb65cf4fd09415214e841925a3.jpg\" \/><\/p>\n<p><img decoding=\"async\" title=\"IMG_2796\" src=\"https:\/\/www.sxprocase.com\/Content\/uploads\/2021794209\/202106241130064dd448773fae4643a2a1e6276c0bf3d1.jpg\" \/><\/p>\n<p><img decoding=\"async\" title=\"mala de voo de ilumina\u00e7\u00e3o\" src=\"https:\/\/www.sxprocase.com\/Content\/uploads\/2021794209\/202106241130068057f80464894f25ad1a2884c2fb4b2a.jpg\" \/><\/p>\n<p><strong>Mais sobre n\u00f3s<\/strong><\/p>\n<p>Informa\u00e7\u00f5es b\u00e1sicas sobre a empresa:<\/p>\n<p>* Com uma hist\u00f3ria de mais de 10 anos<\/p>\n<p>* 10 anos de experi\u00eancia em exporta\u00e7\u00e3o<\/p>\n<p>* Expedi\u00e7\u00e3o para mais de 50 pa\u00edses<\/p>\n<p>* Empregados: Mais de 30<\/p>\n<p>* \u00c1rea da f\u00e1brica: 3.000 metros quadrados<\/p>\n<p><strong>Fluxo de produ\u00e7\u00e3o<\/strong><\/p>\n<p><img decoding=\"async\" title=\"2\" src=\"https:\/\/www.sxprocase.com\/Content\/uploads\/2021794209\/2021062411294314f667fb72f4416db29fdec9e6baae08.jpg\" alt=\"2\" \/><\/p>\n<p><strong>O nosso servi\u00e7o<\/strong><\/p>\n<p>1. o seu inqu\u00e9rito relacionado com os nossos produtos ou pre\u00e7os ser\u00e1 respondido em 24 horas.<\/p>\n<p>2. funcion\u00e1rios bem treinados e experientes para responder a todas as suas perguntas em ingl\u00eas fluente<\/p>\n<p>3.OEM&amp;ODM, qualquer ilumina\u00e7\u00e3o personalizada, podemos ajud\u00e1-lo a projetar e colocar no produto.<\/p>\n<p>4. navio distribuidor \u00e9 oferecido para o seu design exclusivo e alguns dos nossos modelos actuais<\/p>\n<p>5. prote\u00e7\u00e3o do seu espa\u00e7o de venda, das suas ideias de conce\u00e7\u00e3o e de todas as suas informa\u00e7\u00f5es privadas<\/p>\n<p>Hot Tags: Pre\u00e7o baixo, em estoque, amostra gr\u00e1tis, cabo de alimenta\u00e7\u00e3o e sinal, fio de 4 condutores de calibre 16, caixa de suporte de microfone, gabinete de exibi\u00e7\u00e3o de led ao ar livre, montagem em rack, caixas de v\u00f4o de misturador de montagem em rack de 19 \", caixa de distribui\u00e7\u00e3o el\u00e9trica, China, fornecedores, f\u00e1brica, personalizado, atacado, <span style=\"color: #993366;\"><a style=\"color: #993366;\" href=\"https:\/\/sxflightcase.com\/pt\/product-category\/all-product\/power-distribution-boxes\/\">caixas el\u00e9ctricas<\/a>,\u00a0<a style=\"color: #993366;\" href=\"https:\/\/sxflightcase.com\/pt\/product-category\/all-product\/hoist-controllers\/\">cabos el\u00e9ctricos<\/a>,\u00a0<a style=\"color: #993366;\" href=\"https:\/\/sxflightcase.com\/pt\/product-category\/all-product\/hoist-controllers\/\">controladores de guinchos<\/a>,\u00a0<a style=\"color: #993366;\" href=\"https:\/\/sxflightcase.com\/pt\/product-category\/all-product\/flight-case\/\">casos de voo.<\/a><\/span><\/p>","protected":false},"excerpt":{"rendered":"<h2 class=\"prodetails-name\">Ilumina\u00e7\u00e3o de arm\u00e1rios LED<\/h2>\n<p>Temos o prazer de oferecer uma gama de solu\u00e7\u00f5es de transporte robustas para os profissionais do sector, para transportar e armazenar em seguran\u00e7a as suas cabe\u00e7as m\u00f3veis ou similares. Ao longo dos anos, pass\u00e1mos muitas horas a conceber a solu\u00e7\u00e3o perfeita para transportar as suas queridas luzes sem receio de as danificar.<\/p>\n<h2><strong>Introdu\u00e7\u00e3o \u00e0 produ\u00e7\u00e3o<\/strong><\/h2>\n<p>Mala de voo para ilumina\u00e7\u00e3o de palco<\/p>\n<p>1 - 1 \/ 2 \/ 4 \/6 \/8 \/10 unidades numa caixa concebida de acordo com o pedido.<\/p>\n<p>2 - Carregamento superior ou de cabe\u00e7a para baixo para diferentes tipos de acess\u00f3rios, para uma montagem f\u00e1cil no equipamento.<\/p>\n<p>3 - Espa\u00e7os livres para grampos, cabos e outros equipamentos a pedido do cliente.<\/p>\n<p>4 - Fabricado em alum\u00ednio de alta qualidade e leve, f\u00e1cil de transportar e montar<\/p>\n<p>5 - Dispon\u00edvel em v\u00e1rios comprimentos para animadores m\u00f3veis, produ\u00e7\u00f5es, clubes noturnos e lojas de retalho<\/p>","protected":false},"featured_media":1715,"comment_status":"open","ping_status":"closed","template":"","meta":[],"product_brand":[],"product_cat":[41],"product_tag":[],"class_list":{"0":"post-1713","1":"product","2":"type-product","3":"status-publish","4":"has-post-thumbnail","6":"product_cat-equipment-cases","8":"first","9":"instock","10":"shipping-taxable","11":"product-type-simple"},"yoast_head":"<!-- This site is optimized with the Yoast SEO Premium plugin v27.1 (Yoast SEO v27.2) - https:\/\/yoast.com\/product\/yoast-seo-premium-wordpress\/ -->\n<title>LED Cabinet Lighting - https:\/\/sxflightcase.com \ud83d\udc97<\/title>\n<meta name=\"description\" content=\"LED Cabinet Lighting: Get factory-direct sales and professional customization for optimal protection and organization of your lighting equipment\" \/>\n<meta name=\"robots\" content=\"index, follow, max-snippet:-1, max-image-preview:large, max-video-preview:-1\" \/>\n<link rel=\"canonical\" href=\"https:\/\/sxflightcase.com\/pt\/urun\/led-dolap-aydinlatmasi-2\/\" \/>\n<meta property=\"og:locale\" content=\"pt_PT\" \/>\n<meta property=\"og:type\" content=\"article\" \/>\n<meta property=\"og:title\" content=\"LED Cabinet Lighting\" \/>\n<meta property=\"og:description\" content=\"LED Cabinet Lighting: Get factory-direct sales and professional customization for optimal protection and organization of your lighting equipment\" \/>\n<meta property=\"og:url\" content=\"https:\/\/sxflightcase.com\/pt\/urun\/led-dolap-aydinlatmasi-2\/\" \/>\n<meta property=\"og:site_name\" content=\"https:\/\/sxflightcase.com\" \/>\n<meta property=\"article:publisher\" content=\"https:\/\/www.facebook.com\/profile.php?id=61560407257971\" \/>\n<meta property=\"article:modified_time\" content=\"2024-06-14T07:03:45+00:00\" \/>\n<meta property=\"og:image\" content=\"https:\/\/sxflightcase.com\/wp-content\/uploads\/2024\/05\/led-cabinet-lighting30325432296.webp\" \/>\n\t<meta property=\"og:image:width\" content=\"730\" \/>\n\t<meta property=\"og:image:height\" content=\"730\" \/>\n\t<meta property=\"og:image:type\" content=\"image\/webp\" \/>\n<meta name=\"twitter:card\" content=\"summary_large_image\" \/>\n<meta name=\"twitter:label1\" content=\"Tempo estimado de leitura\" \/>\n\t<meta name=\"twitter:data1\" content=\"3 minutos\" \/>\n<script type=\"application\/ld+json\" class=\"yoast-schema-graph\">{\"@context\":\"https:\/\/schema.org\",\"@graph\":[{\"@type\":\"WebPage\",\"@id\":\"https:\/\/sxflightcase.com\/tr\/urun\/led-dolap-aydinlatmasi-2\/\",\"url\":\"https:\/\/sxflightcase.com\/tr\/urun\/led-dolap-aydinlatmasi-2\/\",\"name\":\"LED Cabinet Lighting - https:\/\/sxflightcase.com \ud83d\udc97\",\"isPartOf\":{\"@id\":\"https:\/\/sxflightcase.com\/th\/#website\"},\"primaryImageOfPage\":{\"@id\":\"https:\/\/sxflightcase.com\/tr\/urun\/led-dolap-aydinlatmasi-2\/#primaryimage\"},\"image\":{\"@id\":\"https:\/\/sxflightcase.com\/tr\/urun\/led-dolap-aydinlatmasi-2\/#primaryimage\"},\"thumbnailUrl\":\"https:\/\/sxflightcase.com\/wp-content\/uploads\/2024\/05\/led-cabinet-lighting30325432296.webp\",\"datePublished\":\"2024-05-10T03:46:14+00:00\",\"dateModified\":\"2024-06-14T07:03:45+00:00\",\"description\":\"LED Cabinet Lighting: Get factory-direct sales and professional customization for optimal protection and organization of your lighting equipment\",\"breadcrumb\":{\"@id\":\"https:\/\/sxflightcase.com\/tr\/urun\/led-dolap-aydinlatmasi-2\/#breadcrumb\"},\"inLanguage\":\"pt-PT\",\"potentialAction\":[{\"@type\":\"ReadAction\",\"target\":[\"https:\/\/sxflightcase.com\/tr\/urun\/led-dolap-aydinlatmasi-2\/\"]}]},{\"@type\":\"ImageObject\",\"inLanguage\":\"pt-PT\",\"@id\":\"https:\/\/sxflightcase.com\/tr\/urun\/led-dolap-aydinlatmasi-2\/#primaryimage\",\"url\":\"https:\/\/sxflightcase.com\/wp-content\/uploads\/2024\/05\/led-cabinet-lighting30325432296.webp\",\"contentUrl\":\"https:\/\/sxflightcase.com\/wp-content\/uploads\/2024\/05\/led-cabinet-lighting30325432296.webp\",\"width\":730,\"height\":730,\"caption\":\"LED Cabinet Lighting\"},{\"@type\":\"BreadcrumbList\",\"@id\":\"https:\/\/sxflightcase.com\/tr\/urun\/led-dolap-aydinlatmasi-2\/#breadcrumb\",\"itemListElement\":[{\"@type\":\"ListItem\",\"position\":1,\"name\":\"Home\",\"item\":\"https:\/\/sxflightcase.com\/\"},{\"@type\":\"ListItem\",\"position\":2,\"name\":\"\u0e2a\u0e34\u0e19\u0e04\u0e49\u0e32\",\"item\":\"https:\/\/sxflightcase.com\/th\/shop\/\"},{\"@type\":\"ListItem\",\"position\":3,\"name\":\"LED Cabinet Lighting\"}]},{\"@type\":\"WebSite\",\"@id\":\"https:\/\/sxflightcase.com\/th\/#website\",\"url\":\"https:\/\/sxflightcase.com\/th\/\",\"name\":\"sxpowercase.com\",\"description\":\"Flight Case Factory\",\"publisher\":{\"@id\":\"https:\/\/sxflightcase.com\/th\/#organization\"},\"potentialAction\":[{\"@type\":\"SearchAction\",\"target\":{\"@type\":\"EntryPoint\",\"urlTemplate\":\"https:\/\/sxflightcase.com\/th\/?s={search_term_string}\"},\"query-input\":{\"@type\":\"PropertyValueSpecification\",\"valueRequired\":true,\"valueName\":\"search_term_string\"}}],\"inLanguage\":\"pt-PT\"},{\"@type\":\"Organization\",\"@id\":\"https:\/\/sxflightcase.com\/th\/#organization\",\"name\":\"sxpowercase.com\",\"url\":\"https:\/\/sxflightcase.com\/th\/\",\"logo\":{\"@type\":\"ImageObject\",\"inLanguage\":\"pt-PT\",\"@id\":\"https:\/\/sxflightcase.com\/th\/#\/schema\/logo\/image\/\",\"url\":\"https:\/\/sxflightcase.com\/wp-content\/uploads\/2024\/04\/1713919036007.jpg\",\"contentUrl\":\"https:\/\/sxflightcase.com\/wp-content\/uploads\/2024\/04\/1713919036007.jpg\",\"width\":382,\"height\":388,\"caption\":\"sxpowercase.com\"},\"image\":{\"@id\":\"https:\/\/sxflightcase.com\/th\/#\/schema\/logo\/image\/\"},\"sameAs\":[\"https:\/\/www.facebook.com\/profile.php?id=61560407257971\"],\"numberOfEmployees\":{\"@type\":\"QuantitativeValue\",\"minValue\":\"11\",\"maxValue\":\"50\"}}]}<\/script>\n<!-- \/ Yoast SEO Premium plugin. -->","yoast_head_json":{"title":"LED Cabinet Lighting - https:\/\/sxflightcase.com \ud83d\udc97","description":"Ilumina\u00e7\u00e3o LED para arm\u00e1rios: Obtenha vendas diretas da f\u00e1brica e personaliza\u00e7\u00e3o profissional para uma prote\u00e7\u00e3o e organiza\u00e7\u00e3o ideais do seu equipamento de ilumina\u00e7\u00e3o","robots":{"index":"index","follow":"follow","max-snippet":"max-snippet:-1","max-image-preview":"max-image-preview:large","max-video-preview":"max-video-preview:-1"},"canonical":"https:\/\/sxflightcase.com\/pt\/urun\/led-dolap-aydinlatmasi-2\/","og_locale":"pt_PT","og_type":"article","og_title":"LED Cabinet Lighting","og_description":"LED Cabinet Lighting: Get factory-direct sales and professional customization for optimal protection and organization of your lighting equipment","og_url":"https:\/\/sxflightcase.com\/pt\/urun\/led-dolap-aydinlatmasi-2\/","og_site_name":"https:\/\/sxflightcase.com","article_publisher":"https:\/\/www.facebook.com\/profile.php?id=61560407257971","article_modified_time":"2024-06-14T07:03:45+00:00","og_image":[{"width":730,"height":730,"url":"https:\/\/sxflightcase.com\/wp-content\/uploads\/2024\/05\/led-cabinet-lighting30325432296.webp","type":"image\/webp"}],"twitter_card":"summary_large_image","twitter_misc":{"Tempo estimado de leitura":"3 minutos"},"schema":{"@context":"https:\/\/schema.org","@graph":[{"@type":"WebPage","@id":"https:\/\/sxflightcase.com\/tr\/urun\/led-dolap-aydinlatmasi-2\/","url":"https:\/\/sxflightcase.com\/tr\/urun\/led-dolap-aydinlatmasi-2\/","name":"LED Cabinet Lighting - https:\/\/sxflightcase.com \ud83d\udc97","isPartOf":{"@id":"https:\/\/sxflightcase.com\/th\/#website"},"primaryImageOfPage":{"@id":"https:\/\/sxflightcase.com\/tr\/urun\/led-dolap-aydinlatmasi-2\/#primaryimage"},"image":{"@id":"https:\/\/sxflightcase.com\/tr\/urun\/led-dolap-aydinlatmasi-2\/#primaryimage"},"thumbnailUrl":"https:\/\/sxflightcase.com\/wp-content\/uploads\/2024\/05\/led-cabinet-lighting30325432296.webp","datePublished":"2024-05-10T03:46:14+00:00","dateModified":"2024-06-14T07:03:45+00:00","description":"Ilumina\u00e7\u00e3o LED para arm\u00e1rios: Obtenha vendas diretas da f\u00e1brica e personaliza\u00e7\u00e3o profissional para uma prote\u00e7\u00e3o e organiza\u00e7\u00e3o ideais do seu equipamento de ilumina\u00e7\u00e3o","breadcrumb":{"@id":"https:\/\/sxflightcase.com\/tr\/urun\/led-dolap-aydinlatmasi-2\/#breadcrumb"},"inLanguage":"pt-PT","potentialAction":[{"@type":"ReadAction","target":["https:\/\/sxflightcase.com\/tr\/urun\/led-dolap-aydinlatmasi-2\/"]}]},{"@type":"ImageObject","inLanguage":"pt-PT","@id":"https:\/\/sxflightcase.com\/tr\/urun\/led-dolap-aydinlatmasi-2\/#primaryimage","url":"https:\/\/sxflightcase.com\/wp-content\/uploads\/2024\/05\/led-cabinet-lighting30325432296.webp","contentUrl":"https:\/\/sxflightcase.com\/wp-content\/uploads\/2024\/05\/led-cabinet-lighting30325432296.webp","width":730,"height":730,"caption":"LED Cabinet Lighting"},{"@type":"BreadcrumbList","@id":"https:\/\/sxflightcase.com\/tr\/urun\/led-dolap-aydinlatmasi-2\/#breadcrumb","itemListElement":[{"@type":"ListItem","position":1,"name":"Home","item":"https:\/\/sxflightcase.com\/"},{"@type":"ListItem","position":2,"name":"\u0e2a\u0e34\u0e19\u0e04\u0e49\u0e32","item":"https:\/\/sxflightcase.com\/th\/shop\/"},{"@type":"ListItem","position":3,"name":"LED Cabinet Lighting"}]},{"@type":"WebSite","@id":"https:\/\/sxflightcase.com\/th\/#website","url":"https:\/\/sxflightcase.com\/th\/","name":"sxpowercase.com","description":"F\u00e1brica de malas de voo","publisher":{"@id":"https:\/\/sxflightcase.com\/th\/#organization"},"potentialAction":[{"@type":"SearchAction","target":{"@type":"EntryPoint","urlTemplate":"https:\/\/sxflightcase.com\/th\/?s={search_term_string}"},"query-input":{"@type":"PropertyValueSpecification","valueRequired":true,"valueName":"search_term_string"}}],"inLanguage":"pt-PT"},{"@type":"Organization","@id":"https:\/\/sxflightcase.com\/th\/#organization","name":"sxpowercase.com","url":"https:\/\/sxflightcase.com\/th\/","logo":{"@type":"ImageObject","inLanguage":"pt-PT","@id":"https:\/\/sxflightcase.com\/th\/#\/schema\/logo\/image\/","url":"https:\/\/sxflightcase.com\/wp-content\/uploads\/2024\/04\/1713919036007.jpg","contentUrl":"https:\/\/sxflightcase.com\/wp-content\/uploads\/2024\/04\/1713919036007.jpg","width":382,"height":388,"caption":"sxpowercase.com"},"image":{"@id":"https:\/\/sxflightcase.com\/th\/#\/schema\/logo\/image\/"},"sameAs":["https:\/\/www.facebook.com\/profile.php?id=61560407257971"],"numberOfEmployees":{"@type":"QuantitativeValue","minValue":"11","maxValue":"50"}}]}},"_links":{"self":[{"href":"https:\/\/sxflightcase.com\/pt\/wp-json\/wp\/v2\/product\/1713","targetHints":{"allow":["GET"]}}],"collection":[{"href":"https:\/\/sxflightcase.com\/pt\/wp-json\/wp\/v2\/product"}],"about":[{"href":"https:\/\/sxflightcase.com\/pt\/wp-json\/wp\/v2\/types\/product"}],"replies":[{"embeddable":true,"href":"https:\/\/sxflightcase.com\/pt\/wp-json\/wp\/v2\/comments?post=1713"}],"version-history":[{"count":0,"href":"https:\/\/sxflightcase.com\/pt\/wp-json\/wp\/v2\/product\/1713\/revisions"}],"wp:featuredmedia":[{"embeddable":true,"href":"https:\/\/sxflightcase.com\/pt\/wp-json\/wp\/v2\/media\/1715"}],"wp:attachment":[{"href":"https:\/\/sxflightcase.com\/pt\/wp-json\/wp\/v2\/media?parent=1713"}],"wp:term":[{"taxonomy":"product_brand","embeddable":true,"href":"https:\/\/sxflightcase.com\/pt\/wp-json\/wp\/v2\/product_brand?post=1713"},{"taxonomy":"product_cat","embeddable":true,"href":"https:\/\/sxflightcase.com\/pt\/wp-json\/wp\/v2\/product_cat?post=1713"},{"taxonomy":"product_tag","embeddable":true,"href":"https:\/\/sxflightcase.com\/pt\/wp-json\/wp\/v2\/product_tag?post=1713"}],"curies":[{"name":"wp","href":"https:\/\/api.w.org\/{rel}","templated":true}]}}