{"id":1731,"date":"2024-05-10T06:44:25","date_gmt":"2024-05-10T05:44:25","guid":{"rendered":"https:\/\/sxpowercase.com\/?post_type=product&#038;p=1731"},"modified":"2024-06-21T02:56:05","modified_gmt":"2024-06-21T01:56:05","slug":"15-inch-subwoofer-box","status":"publish","type":"product","link":"https:\/\/sxflightcase.com\/pt\/produto\/caixa-de-subwoofer-de-15-polegadas\/","title":{"rendered":"Caixa de subwoofer de 15 polegadas"},"content":{"rendered":"<p><strong>Par\u00e2metro do produto (especifica\u00e7\u00e3o)<\/strong><\/p>\n<section class=\"table-wrap\">\n<table class=\"table\" width=\"100%\" cellspacing=\"0\" cellpadding=\"0\">\n<tbody>\n<tr class=\"firstRow\">\n<td width=\"134\">Nome do produto:<\/td>\n<td width=\"503\">Caixa de subwoofer de 15 polegadas<\/td>\n<\/tr>\n<tr>\n<td width=\"134\">Material e acess\u00f3rio:<\/td>\n<td width=\"503\">Contraplacado de 9 mm + Ferragens cromadas\/zincadas + Extrus\u00e3o de alum\u00ednio<br \/>\nTampas amov\u00edveis \u00e0 frente e atr\u00e1s<\/td>\n<\/tr>\n<tr>\n<td width=\"134\">Forro de espuma:<\/td>\n<td width=\"503\">Espuma de p\u00e9rola\/espuma EVA\/espuma de ovo, etc... regular ou por pedido<\/td>\n<\/tr>\n<tr>\n<td width=\"134\">Cor:<\/td>\n<td width=\"503\">Preto (cor predefinida), vermelho, azul, laranja, amarelo, verde, etc.<\/td>\n<\/tr>\n<tr>\n<td width=\"134\">Prazo de entrega:<\/td>\n<td width=\"503\">Encomenda de amostra 3 dias, Encomenda normal 7-15 dias<\/td>\n<\/tr>\n<tr>\n<td width=\"134\">Dimens\u00e3o:<\/td>\n<td width=\"503\">Depende da dimens\u00e3o do equipamento<\/td>\n<\/tr>\n<\/tbody>\n<\/table>\n<\/section>\n<h1>Eleve o seu som com a caixa de subwoofer SX de 15 polegadas<\/h1>\n<h2>Liberte a pot\u00eancia dos graves profundos<\/h2>\n<p>Descubra a diferen\u00e7a na qualidade de som com o <strong>Caixa de subwoofer de 15 polegadas<\/strong> de <a href=\"https:\/\/sxpowercase.com\/\" target=\"_blank\" rel=\"noopener\" title=\"SX\" data-wpil-monitor-id=\"114\">SX<\/a>. Concebida para proporcionar graves potentes e profundos, esta caixa de subwoofer \u00e9 perfeita para quem deseja uma experi\u00eancia de \u00e1udio envolvente. Quer seja um entusiasta da m\u00fasica ou um profissional de \u00e1udio, a SX <strong>Caixa de subwoofer de 15 polegadas<\/strong> exceder\u00e1 as suas expectativas.<\/p>\n<h2>Design e funcionalidade superiores<\/h2>\n<h3>Ajuste perfeito para qualquer configura\u00e7\u00e3o de \u00e1udio<\/h3>\n<p>O SX <strong>Caixa de subwoofer de 15 polegadas<\/strong> possui um design elegante e compacto que se integra na perfei\u00e7\u00e3o em qualquer configura\u00e7\u00e3o de \u00e1udio. A sua constru\u00e7\u00e3o robusta garante durabilidade e desempenho duradouro, tornando-o a escolha ideal para sistemas de \u00e1udio dom\u00e9sticos e autom\u00f3veis. Actualize o seu sistema de som com facilidade e desfrute de uma qualidade de som superior.<\/p>\n<h2>Diretamente da f\u00e1brica<\/h2>\n<h3>Alta qualidade, pre\u00e7os acess\u00edveis<\/h3>\n<p>Na SX, acreditamos em fornecer produtos de alta qualidade a pre\u00e7os acess\u00edveis. Os nossos <strong>Caixas de subwoofer de 15 polegadas<\/strong> est\u00e1 dispon\u00edvel atrav\u00e9s de vendas diretas da f\u00e1brica, assegurando que obt\u00e9m o melhor valor pelo seu dinheiro. Desfrute das vantagens de um equipamento \u00e1udio de primeira qualidade sem o pre\u00e7o de primeira qualidade.<\/p>\n<h2>Personalizado de acordo com as suas necessidades<\/h2>\n<h3>Solu\u00e7\u00f5es de \u00e1udio \u00e0 medida<\/h3>\n<p>Compreendemos que cada configura\u00e7\u00e3o de \u00e1udio \u00e9 \u00fanica. \u00c9 por isso que a SX oferece op\u00e7\u00f5es de personaliza\u00e7\u00e3o para os nossos <strong>Caixas de subwoofer de 15 polegadas<\/strong>. Quer necessite de um acabamento espec\u00edfico, tamanho ou carater\u00edsticas adicionais, a nossa equipa dedica-se a criar um produto que cumpra as suas especifica\u00e7\u00f5es exactas. Melhore a sua experi\u00eancia de \u00e1udio com uma caixa de subwoofer feita s\u00f3 para si.<\/p>\n<h2>Experimente uma qualidade de som inigual\u00e1vel<\/h2>\n<h3>Graves potentes e cristalinos<\/h3>\n<p>Transforme a sua experi\u00eancia de \u00e1udio com o SX <strong>Caixa de subwoofer de 15 polegadas<\/strong>. Concebida para produzir graves potentes e cristalinos, esta caixa de subwoofer real\u00e7a o melhor da sua m\u00fasica e dos seus filmes. Sinta cada batida e nota com uma clareza e profundidade inigual\u00e1veis, tornando a sua experi\u00eancia de audi\u00e7\u00e3o verdadeiramente inesquec\u00edvel.<\/p>\n<hr \/>\n<p>Atualiza\u00e7\u00e3o para o SX <strong>Caixa de subwoofer de 15 polegadas<\/strong> e leve o seu sistema de \u00e1udio para o pr\u00f3ximo n\u00edvel. Contacte-nos hoje para saber mais sobre as nossas vendas diretas da f\u00e1brica e op\u00e7\u00f5es de personaliza\u00e7\u00e3o. Experimente a diferen\u00e7a na qualidade de som com o SX e eleve a sua experi\u00eancia de audi\u00e7\u00e3o como nunca antes.<\/p>\n<p><strong>FAQ<\/strong><\/p>\n<p>P: Qual \u00e9 o vosso prazo de pagamento?<\/p>\n<p>A: 30% adiantamento antes da produ\u00e7\u00e3o e 70% pagamento do saldo antes do envio.<\/p>\n<p>P: Que formas de pagamento podem ser aceites?<\/p>\n<p>A: T\/T, Western Union, etc. Aceitamos qualquer termo de pagamento conveniente e r\u00e1pido.<\/p>\n<p>P: Como \u00e9 que enviam a mercadoria e quanto tempo demora a chegar?<\/p>\n<p>A: Normalmente, o navio \u00e9 enviado por mar, podemos ajudar a fazer o pre\u00e7o CIF ou o pre\u00e7o ex-trabalho...<\/p>\n<p>Hot Tags: Pre\u00e7o baixo, em estoque, amostra gr\u00e1tis, cabo de alimenta\u00e7\u00e3o e sinal, fio de 4 condutores de calibre 16, caixa de suporte de microfone, gabinete de exibi\u00e7\u00e3o de led ao ar livre, montagem em rack, caixas de v\u00f4o de misturador de montagem em rack de 19 \", caixa de distribui\u00e7\u00e3o el\u00e9trica, China, fornecedores, f\u00e1brica, personalizado, atacado, <span style=\"color: #993366;\"><a style=\"color: #993366;\" href=\"https:\/\/sxflightcase.com\/pt\/product-category\/all-product\/power-distribution-boxes\/\">caixas el\u00e9ctricas<\/a>,\u00a0<a style=\"color: #993366;\" href=\"https:\/\/sxflightcase.com\/pt\/product-category\/all-product\/hoist-controllers\/\">cabos el\u00e9ctricos<\/a>,\u00a0<a style=\"color: #993366;\" href=\"https:\/\/sxflightcase.com\/pt\/product-category\/all-product\/hoist-controllers\/\">controladores de guinchos<\/a>,\u00a0<a style=\"color: #993366;\" href=\"https:\/\/sxflightcase.com\/pt\/product-category\/all-product\/flight-case\/\">casos de voo.<\/a><\/span><\/p>","protected":false},"excerpt":{"rendered":"<h2 class=\"prodetails-name\">Caixa de subwoofer de 15 polegadas<\/h2>\n<p>Oferecemos uma vasta sele\u00e7\u00e3o de caixas para altifalantes como a caixa para subwoofer de 12 polegadas para garantir que pode transportar o equipamento sem problemas para onde quer que viaje. Quer precise de guardar o seu equipamento no por\u00e3o ou esteja \u00e0 procura de meios de transporte f\u00e1ceis, as nossas malas de viagem s\u00e3o a compra perfeita.<\/p>\n<h2><strong>Introdu\u00e7\u00e3o \u00e0 produ\u00e7\u00e3o<\/strong><\/h2>\n<p>Caixa de subwoofer de 15 polegadas<\/p>\n<p>Fabricado em Hexagrip de 9,5 mm (contraplacado de b\u00e9tula ligado a resina fen\u00f3lica preta com um padr\u00e3o hexagonal preto no exterior e um acabamento preto liso no interior)<\/p>\n<p>Cantos esf\u00e9ricos resistentes<\/p>\n<p>2x Pegadores de borboletas grandes<\/p>\n<p>4x Pegas de prato resistentes com placas de apoio, 2 instaladas em cada extremidade (2 adicionais em cada um dos lados compridos, op\u00e7\u00e3o de custo)<\/p>\n<p>2x estribos de tampa grandes e dobradi\u00e7a de piano que mant\u00e9m a tampa a mais de 90 graus.<\/p>\n<p>4x rodas de borracha de 100 mm (2 com trav\u00e3o) aparafusadas \u00e0 base com refor\u00e7o de madeira de b\u00e9tula<\/p>","protected":false},"featured_media":1732,"comment_status":"open","ping_status":"closed","template":"","meta":[],"product_brand":[],"product_cat":[41],"product_tag":[],"class_list":{"0":"post-1731","1":"product","2":"type-product","3":"status-publish","4":"has-post-thumbnail","6":"product_cat-equipment-cases","8":"first","9":"instock","10":"shipping-taxable","11":"product-type-simple"},"yoast_head":"<!-- This site is optimized with the Yoast SEO Premium plugin v27.1 (Yoast SEO v27.2) - https:\/\/yoast.com\/product\/yoast-seo-premium-wordpress\/ -->\n<title>15 Inch Subwoofer Box - https:\/\/sxflightcase.com \ud83d\udc97<\/title>\n<meta name=\"description\" content=\"15 Inch Subwoofer Box: Discover factory-direct sales and professional customization for the perfect fit and performance of your subwoofer system.\" \/>\n<meta name=\"robots\" content=\"index, follow, max-snippet:-1, max-image-preview:large, max-video-preview:-1\" \/>\n<link rel=\"canonical\" href=\"https:\/\/sxflightcase.com\/pt\/produk\/kotak-subwoofer-15-inci-2\/\" \/>\n<meta property=\"og:locale\" content=\"pt_PT\" \/>\n<meta property=\"og:type\" content=\"article\" \/>\n<meta property=\"og:title\" content=\"15 Inch Subwoofer Box\" \/>\n<meta property=\"og:description\" content=\"15 Inch Subwoofer Box: Discover factory-direct sales and professional customization for the perfect fit and performance of your subwoofer system.\" \/>\n<meta property=\"og:url\" content=\"https:\/\/sxflightcase.com\/pt\/produk\/kotak-subwoofer-15-inci-2\/\" \/>\n<meta property=\"og:site_name\" content=\"https:\/\/sxflightcase.com\" \/>\n<meta property=\"article:publisher\" content=\"https:\/\/www.facebook.com\/profile.php?id=61560407257971\" \/>\n<meta property=\"article:modified_time\" content=\"2024-06-21T01:56:05+00:00\" \/>\n<meta property=\"og:image\" content=\"https:\/\/sxflightcase.com\/wp-content\/uploads\/2024\/05\/15-inch-subwoofer-box55497615320.webp\" \/>\n\t<meta property=\"og:image:width\" content=\"750\" \/>\n\t<meta property=\"og:image:height\" content=\"750\" \/>\n\t<meta property=\"og:image:type\" content=\"image\/webp\" \/>\n<meta name=\"twitter:card\" content=\"summary_large_image\" \/>\n<meta name=\"twitter:label1\" content=\"Tempo estimado de leitura\" \/>\n\t<meta name=\"twitter:data1\" content=\"3 minutos\" \/>\n<script type=\"application\/ld+json\" class=\"yoast-schema-graph\">{\"@context\":\"https:\/\/schema.org\",\"@graph\":[{\"@type\":\"WebPage\",\"@id\":\"https:\/\/sxflightcase.com\/id\/produk\/kotak-subwoofer-15-inci-2\/\",\"url\":\"https:\/\/sxflightcase.com\/id\/produk\/kotak-subwoofer-15-inci-2\/\",\"name\":\"15 Inch Subwoofer Box - https:\/\/sxflightcase.com \ud83d\udc97\",\"isPartOf\":{\"@id\":\"https:\/\/sxflightcase.com\/th\/#website\"},\"primaryImageOfPage\":{\"@id\":\"https:\/\/sxflightcase.com\/id\/produk\/kotak-subwoofer-15-inci-2\/#primaryimage\"},\"image\":{\"@id\":\"https:\/\/sxflightcase.com\/id\/produk\/kotak-subwoofer-15-inci-2\/#primaryimage\"},\"thumbnailUrl\":\"https:\/\/sxflightcase.com\/wp-content\/uploads\/2024\/05\/15-inch-subwoofer-box55497615320.webp\",\"datePublished\":\"2024-05-10T05:44:25+00:00\",\"dateModified\":\"2024-06-21T01:56:05+00:00\",\"description\":\"15 Inch Subwoofer Box: Discover factory-direct sales and professional customization for the perfect fit and performance of your subwoofer system.\",\"breadcrumb\":{\"@id\":\"https:\/\/sxflightcase.com\/id\/produk\/kotak-subwoofer-15-inci-2\/#breadcrumb\"},\"inLanguage\":\"pt-PT\",\"potentialAction\":[{\"@type\":\"ReadAction\",\"target\":[\"https:\/\/sxflightcase.com\/id\/produk\/kotak-subwoofer-15-inci-2\/\"]}]},{\"@type\":\"ImageObject\",\"inLanguage\":\"pt-PT\",\"@id\":\"https:\/\/sxflightcase.com\/id\/produk\/kotak-subwoofer-15-inci-2\/#primaryimage\",\"url\":\"https:\/\/sxflightcase.com\/wp-content\/uploads\/2024\/05\/15-inch-subwoofer-box55497615320.webp\",\"contentUrl\":\"https:\/\/sxflightcase.com\/wp-content\/uploads\/2024\/05\/15-inch-subwoofer-box55497615320.webp\",\"width\":750,\"height\":750,\"caption\":\"15 Inch Subwoofer Box\"},{\"@type\":\"BreadcrumbList\",\"@id\":\"https:\/\/sxflightcase.com\/id\/produk\/kotak-subwoofer-15-inci-2\/#breadcrumb\",\"itemListElement\":[{\"@type\":\"ListItem\",\"position\":1,\"name\":\"Home\",\"item\":\"https:\/\/sxflightcase.com\/\"},{\"@type\":\"ListItem\",\"position\":2,\"name\":\"\u0e2a\u0e34\u0e19\u0e04\u0e49\u0e32\",\"item\":\"https:\/\/sxflightcase.com\/th\/shop\/\"},{\"@type\":\"ListItem\",\"position\":3,\"name\":\"15 Inch Subwoofer Box\"}]},{\"@type\":\"WebSite\",\"@id\":\"https:\/\/sxflightcase.com\/th\/#website\",\"url\":\"https:\/\/sxflightcase.com\/th\/\",\"name\":\"sxpowercase.com\",\"description\":\"Flight Case Factory\",\"publisher\":{\"@id\":\"https:\/\/sxflightcase.com\/th\/#organization\"},\"potentialAction\":[{\"@type\":\"SearchAction\",\"target\":{\"@type\":\"EntryPoint\",\"urlTemplate\":\"https:\/\/sxflightcase.com\/th\/?s={search_term_string}\"},\"query-input\":{\"@type\":\"PropertyValueSpecification\",\"valueRequired\":true,\"valueName\":\"search_term_string\"}}],\"inLanguage\":\"pt-PT\"},{\"@type\":\"Organization\",\"@id\":\"https:\/\/sxflightcase.com\/th\/#organization\",\"name\":\"sxpowercase.com\",\"url\":\"https:\/\/sxflightcase.com\/th\/\",\"logo\":{\"@type\":\"ImageObject\",\"inLanguage\":\"pt-PT\",\"@id\":\"https:\/\/sxflightcase.com\/th\/#\/schema\/logo\/image\/\",\"url\":\"https:\/\/sxflightcase.com\/wp-content\/uploads\/2024\/04\/1713919036007.jpg\",\"contentUrl\":\"https:\/\/sxflightcase.com\/wp-content\/uploads\/2024\/04\/1713919036007.jpg\",\"width\":382,\"height\":388,\"caption\":\"sxpowercase.com\"},\"image\":{\"@id\":\"https:\/\/sxflightcase.com\/th\/#\/schema\/logo\/image\/\"},\"sameAs\":[\"https:\/\/www.facebook.com\/profile.php?id=61560407257971\"],\"numberOfEmployees\":{\"@type\":\"QuantitativeValue\",\"minValue\":\"11\",\"maxValue\":\"50\"}}]}<\/script>\n<!-- \/ Yoast SEO Premium plugin. -->","yoast_head_json":{"title":"15 Inch Subwoofer Box - https:\/\/sxflightcase.com \ud83d\udc97","description":"Caixa de subwoofer de 15 polegadas: Descubra as vendas diretas da f\u00e1brica e a personaliza\u00e7\u00e3o profissional para o ajuste perfeito e o desempenho do seu sistema de subwoofer.","robots":{"index":"index","follow":"follow","max-snippet":"max-snippet:-1","max-image-preview":"max-image-preview:large","max-video-preview":"max-video-preview:-1"},"canonical":"https:\/\/sxflightcase.com\/pt\/produk\/kotak-subwoofer-15-inci-2\/","og_locale":"pt_PT","og_type":"article","og_title":"15 Inch Subwoofer Box","og_description":"15 Inch Subwoofer Box: Discover factory-direct sales and professional customization for the perfect fit and performance of your subwoofer system.","og_url":"https:\/\/sxflightcase.com\/pt\/produk\/kotak-subwoofer-15-inci-2\/","og_site_name":"https:\/\/sxflightcase.com","article_publisher":"https:\/\/www.facebook.com\/profile.php?id=61560407257971","article_modified_time":"2024-06-21T01:56:05+00:00","og_image":[{"width":750,"height":750,"url":"https:\/\/sxflightcase.com\/wp-content\/uploads\/2024\/05\/15-inch-subwoofer-box55497615320.webp","type":"image\/webp"}],"twitter_card":"summary_large_image","twitter_misc":{"Tempo estimado de leitura":"3 minutos"},"schema":{"@context":"https:\/\/schema.org","@graph":[{"@type":"WebPage","@id":"https:\/\/sxflightcase.com\/id\/produk\/kotak-subwoofer-15-inci-2\/","url":"https:\/\/sxflightcase.com\/id\/produk\/kotak-subwoofer-15-inci-2\/","name":"15 Inch Subwoofer Box - https:\/\/sxflightcase.com \ud83d\udc97","isPartOf":{"@id":"https:\/\/sxflightcase.com\/th\/#website"},"primaryImageOfPage":{"@id":"https:\/\/sxflightcase.com\/id\/produk\/kotak-subwoofer-15-inci-2\/#primaryimage"},"image":{"@id":"https:\/\/sxflightcase.com\/id\/produk\/kotak-subwoofer-15-inci-2\/#primaryimage"},"thumbnailUrl":"https:\/\/sxflightcase.com\/wp-content\/uploads\/2024\/05\/15-inch-subwoofer-box55497615320.webp","datePublished":"2024-05-10T05:44:25+00:00","dateModified":"2024-06-21T01:56:05+00:00","description":"Caixa de subwoofer de 15 polegadas: Descubra as vendas diretas da f\u00e1brica e a personaliza\u00e7\u00e3o profissional para o ajuste perfeito e o desempenho do seu sistema de subwoofer.","breadcrumb":{"@id":"https:\/\/sxflightcase.com\/id\/produk\/kotak-subwoofer-15-inci-2\/#breadcrumb"},"inLanguage":"pt-PT","potentialAction":[{"@type":"ReadAction","target":["https:\/\/sxflightcase.com\/id\/produk\/kotak-subwoofer-15-inci-2\/"]}]},{"@type":"ImageObject","inLanguage":"pt-PT","@id":"https:\/\/sxflightcase.com\/id\/produk\/kotak-subwoofer-15-inci-2\/#primaryimage","url":"https:\/\/sxflightcase.com\/wp-content\/uploads\/2024\/05\/15-inch-subwoofer-box55497615320.webp","contentUrl":"https:\/\/sxflightcase.com\/wp-content\/uploads\/2024\/05\/15-inch-subwoofer-box55497615320.webp","width":750,"height":750,"caption":"15 Inch Subwoofer Box"},{"@type":"BreadcrumbList","@id":"https:\/\/sxflightcase.com\/id\/produk\/kotak-subwoofer-15-inci-2\/#breadcrumb","itemListElement":[{"@type":"ListItem","position":1,"name":"Home","item":"https:\/\/sxflightcase.com\/"},{"@type":"ListItem","position":2,"name":"\u0e2a\u0e34\u0e19\u0e04\u0e49\u0e32","item":"https:\/\/sxflightcase.com\/th\/shop\/"},{"@type":"ListItem","position":3,"name":"15 Inch Subwoofer Box"}]},{"@type":"WebSite","@id":"https:\/\/sxflightcase.com\/th\/#website","url":"https:\/\/sxflightcase.com\/th\/","name":"sxpowercase.com","description":"F\u00e1brica de malas de voo","publisher":{"@id":"https:\/\/sxflightcase.com\/th\/#organization"},"potentialAction":[{"@type":"SearchAction","target":{"@type":"EntryPoint","urlTemplate":"https:\/\/sxflightcase.com\/th\/?s={search_term_string}"},"query-input":{"@type":"PropertyValueSpecification","valueRequired":true,"valueName":"search_term_string"}}],"inLanguage":"pt-PT"},{"@type":"Organization","@id":"https:\/\/sxflightcase.com\/th\/#organization","name":"sxpowercase.com","url":"https:\/\/sxflightcase.com\/th\/","logo":{"@type":"ImageObject","inLanguage":"pt-PT","@id":"https:\/\/sxflightcase.com\/th\/#\/schema\/logo\/image\/","url":"https:\/\/sxflightcase.com\/wp-content\/uploads\/2024\/04\/1713919036007.jpg","contentUrl":"https:\/\/sxflightcase.com\/wp-content\/uploads\/2024\/04\/1713919036007.jpg","width":382,"height":388,"caption":"sxpowercase.com"},"image":{"@id":"https:\/\/sxflightcase.com\/th\/#\/schema\/logo\/image\/"},"sameAs":["https:\/\/www.facebook.com\/profile.php?id=61560407257971"],"numberOfEmployees":{"@type":"QuantitativeValue","minValue":"11","maxValue":"50"}}]}},"_links":{"self":[{"href":"https:\/\/sxflightcase.com\/pt\/wp-json\/wp\/v2\/product\/1731","targetHints":{"allow":["GET"]}}],"collection":[{"href":"https:\/\/sxflightcase.com\/pt\/wp-json\/wp\/v2\/product"}],"about":[{"href":"https:\/\/sxflightcase.com\/pt\/wp-json\/wp\/v2\/types\/product"}],"replies":[{"embeddable":true,"href":"https:\/\/sxflightcase.com\/pt\/wp-json\/wp\/v2\/comments?post=1731"}],"version-history":[{"count":0,"href":"https:\/\/sxflightcase.com\/pt\/wp-json\/wp\/v2\/product\/1731\/revisions"}],"wp:featuredmedia":[{"embeddable":true,"href":"https:\/\/sxflightcase.com\/pt\/wp-json\/wp\/v2\/media\/1732"}],"wp:attachment":[{"href":"https:\/\/sxflightcase.com\/pt\/wp-json\/wp\/v2\/media?parent=1731"}],"wp:term":[{"taxonomy":"product_brand","embeddable":true,"href":"https:\/\/sxflightcase.com\/pt\/wp-json\/wp\/v2\/product_brand?post=1731"},{"taxonomy":"product_cat","embeddable":true,"href":"https:\/\/sxflightcase.com\/pt\/wp-json\/wp\/v2\/product_cat?post=1731"},{"taxonomy":"product_tag","embeddable":true,"href":"https:\/\/sxflightcase.com\/pt\/wp-json\/wp\/v2\/product_tag?post=1731"}],"curies":[{"name":"wp","href":"https:\/\/api.w.org\/{rel}","templated":true}]}}